{"id":6357,"date":"2025-12-11T13:47:42","date_gmt":"2025-12-11T12:47:42","guid":{"rendered":"https:\/\/www.donadonsdd.com\/product\/clamp-htc-holders-solutions-hygieniques-pour-les-industries-pharmaceutiques-et-alimentaires\/"},"modified":"2026-03-01T02:57:11","modified_gmt":"2026-03-01T01:57:11","slug":"htc","status":"publish","type":"product","link":"https:\/\/www.donadonsdd.com\/fr\/produit\/htc\/","title":{"rendered":"Clamp HTC Holders &#8211; Solutions hygi\u00e9niques pour les industries pharmaceutiques et alimentaires"},"content":{"rendered":"<p>Les supports sanitaires ou Clamp de HTC sont sp\u00e9cialement con\u00e7us pour les applications pharmaceutiques ou alimentaires. Ils r\u00e9pondent \u00e0 des normes d&rsquo;hygi\u00e8ne \u00e9lev\u00e9es et conviennent \u00e0 des industries telles que l&rsquo;agroalimentaire, les produits laitiers, les cosm\u00e9tiques et les produits pharmaceutiques. Ils sont couramment utilis\u00e9s dans les processus C.I.P. (Clean-In-Place) et S.I.P. (Sterilize-In-Place) en raison de leur facilit\u00e9 d&rsquo;installation et de maintenance.  <\/p>\n<h2>Caract\u00e9ristiques et avantages techniques<\/h2>\n<ul>\n<li>La construction en acier inoxydable (AISI 316) garantit la r\u00e9sistance \u00e0 la corrosion et la durabilit\u00e9.<\/li>\n<li>Finition interne de haute pr\u00e9cision avec une rugosit\u00e9 (Ra) inf\u00e9rieure \u00e0 0,6 \u03bcm, minimisant la contamination par les particules.<\/li>\n<li>La conception \u00e0 faible turbulence et \u00e0 faible perte de pression optimise l&rsquo;efficacit\u00e9 du processus.<\/li>\n<li>Les porte-disques \u00e0 pince sont disponibles dans diff\u00e9rentes tailles allant de 1&Prime; \u00e0 6&Prime; et sont compos\u00e9s de pinces et de douilles pour une installation s\u00e9curis\u00e9e.<\/li>\n<\/ul>\n<p>Pour les applications exigeant des normes d&rsquo;hygi\u00e8ne encore plus strictes et \u00e9vitant les \u00ab\u00a0jambes mortes\u00a0\u00bb dans les douilles de serrage standard, nous proposons sur demande des connexions de conception compacte. Ce mod\u00e8le sp\u00e9cial pr\u00e9sente une finition de Ra&lt;0,5 \u03bcm ou mieux. Lorsque vous utilisez ces supports, le joint de collier install\u00e9 sera affleurant \u00e0 l&rsquo;int\u00e9rieur de la paroi du r\u00e9servoir, ce qui \u00e9limine toute zone stagnante et assure un \u00e9coulement fluide des fluides. Les raccords de conception compacte sont disponibles en acier inoxydable (AISI 316L) et sont propos\u00e9s dans des tailles allant de 1&Prime; \u00e0 4&Prime;.   <\/p>\n","protected":false},"excerpt":{"rendered":"<p>Les supports sanitaires ou Clamp de HTC sont sp\u00e9cialement con\u00e7us pour les applications pharmaceutiques ou alimentaires. Ils r\u00e9pondent \u00e0 des normes d&rsquo;hygi\u00e8ne \u00e9lev\u00e9es et conviennent \u00e0 des industries telles que l&rsquo;agroalimentaire, les produits laitiers, les cosm\u00e9tiques et les produits pharmaceutiques. Ils sont couramment utilis\u00e9s dans les processus C.I.P. (Clean-In-Place) et S.I.P. (Sterilize-In-Place) en raison de [&hellip;]<\/p>\n","protected":false},"featured_media":10314,"menu_order":0,"template":"","meta":{"_acf_changed":false},"categoria_prodotto":[90,79],"class_list":["post-6357","product","type-product","status-publish","has-post-thumbnail","hentry","categoria_prodotto-holders","categoria_prodotto-rupture-discs"],"acf":[],"yoast_head":"<!-- This site is optimized with the Yoast SEO plugin v27.3 - https:\/\/yoast.com\/product\/yoast-seo-wordpress\/ -->\n<title>Porte-disques de rupture Clamp Sanitaire pour Pharma et Alimentaire - HTC<\/title>\n<meta name=\"description\" content=\"Porte-disques de rupture \u00e0 pince sanitaire pour les applications pharmaceutiques, alimentaires et laiti\u00e8res. Con\u00e7us avec une finition de surface Ra \u2264 0,6 \u03bcm, compatibles CIP et SIP, fabriqu\u00e9s en acier inoxydable 316 pour un nettoyage facile et un assemblage hygi\u00e9nique, adapt\u00e9s aux disques de rupture \u00e0 action directe et inverse.\" \/>\n<meta name=\"robots\" content=\"index, follow, max-snippet:-1, max-image-preview:large, max-video-preview:-1\" \/>\n<link rel=\"canonical\" href=\"https:\/\/www.donadonsdd.com\/fr\/produit\/htc\/\" \/>\n<meta property=\"og:locale\" content=\"fr_FR\" \/>\n<meta property=\"og:type\" content=\"article\" \/>\n<meta property=\"og:title\" content=\"Porte-disques de rupture Clamp Sanitaire pour Pharma et Alimentaire - HTC\" \/>\n<meta property=\"og:description\" content=\"Porte-disques de rupture \u00e0 pince sanitaire pour les applications pharmaceutiques, alimentaires et laiti\u00e8res. Con\u00e7us avec une finition de surface Ra \u2264 0,6 \u03bcm, compatibles CIP et SIP, fabriqu\u00e9s en acier inoxydable 316 pour un nettoyage facile et un assemblage hygi\u00e9nique, adapt\u00e9s aux disques de rupture \u00e0 action directe et inverse.\" \/>\n<meta property=\"og:url\" content=\"https:\/\/www.donadonsdd.com\/fr\/produit\/htc\/\" \/>\n<meta property=\"og:site_name\" content=\"DonadonSDD Srl\" \/>\n<meta property=\"article:modified_time\" content=\"2026-03-01T01:57:11+00:00\" \/>\n<meta property=\"og:image\" content=\"https:\/\/www.donadonsdd.com\/wp-content\/uploads\/2025\/12\/img_124-remove-background.com_.png\" \/>\n\t<meta property=\"og:image:width\" content=\"700\" \/>\n\t<meta property=\"og:image:height\" content=\"466\" \/>\n\t<meta property=\"og:image:type\" content=\"image\/png\" \/>\n<meta name=\"twitter:card\" content=\"summary_large_image\" \/>\n<meta name=\"twitter:label1\" content=\"Dur\u00e9e de lecture estim\u00e9e\" \/>\n\t<meta name=\"twitter:data1\" content=\"1 minute\" \/>\n<script type=\"application\/ld+json\" class=\"yoast-schema-graph\">{\"@context\":\"https:\\\/\\\/schema.org\",\"@graph\":[{\"@type\":\"WebPage\",\"@id\":\"https:\\\/\\\/www.donadonsdd.com\\\/fr\\\/produit\\\/htc\\\/\",\"url\":\"https:\\\/\\\/www.donadonsdd.com\\\/fr\\\/produit\\\/htc\\\/\",\"name\":\"Porte-disques de rupture Clamp Sanitaire pour Pharma et Alimentaire - HTC\",\"isPartOf\":{\"@id\":\"https:\\\/\\\/www.donadonsdd.com\\\/fr\\\/#website\"},\"primaryImageOfPage\":{\"@id\":\"https:\\\/\\\/www.donadonsdd.com\\\/fr\\\/produit\\\/htc\\\/#primaryimage\"},\"image\":{\"@id\":\"https:\\\/\\\/www.donadonsdd.com\\\/fr\\\/produit\\\/htc\\\/#primaryimage\"},\"thumbnailUrl\":\"https:\\\/\\\/www.donadonsdd.com\\\/wp-content\\\/uploads\\\/2025\\\/12\\\/img_124-remove-background.com_.png\",\"datePublished\":\"2025-12-11T12:47:42+00:00\",\"dateModified\":\"2026-03-01T01:57:11+00:00\",\"description\":\"Porte-disques de rupture \u00e0 pince sanitaire pour les applications pharmaceutiques, alimentaires et laiti\u00e8res. Con\u00e7us avec une finition de surface Ra \u2264 0,6 \u03bcm, compatibles CIP et SIP, fabriqu\u00e9s en acier inoxydable 316 pour un nettoyage facile et un assemblage hygi\u00e9nique, adapt\u00e9s aux disques de rupture \u00e0 action directe et inverse.\",\"breadcrumb\":{\"@id\":\"https:\\\/\\\/www.donadonsdd.com\\\/fr\\\/produit\\\/htc\\\/#breadcrumb\"},\"inLanguage\":\"fr-FR\",\"potentialAction\":[{\"@type\":\"ReadAction\",\"target\":[\"https:\\\/\\\/www.donadonsdd.com\\\/fr\\\/produit\\\/htc\\\/\"]}]},{\"@type\":\"ImageObject\",\"inLanguage\":\"fr-FR\",\"@id\":\"https:\\\/\\\/www.donadonsdd.com\\\/fr\\\/produit\\\/htc\\\/#primaryimage\",\"url\":\"https:\\\/\\\/www.donadonsdd.com\\\/wp-content\\\/uploads\\\/2025\\\/12\\\/img_124-remove-background.com_.png\",\"contentUrl\":\"https:\\\/\\\/www.donadonsdd.com\\\/wp-content\\\/uploads\\\/2025\\\/12\\\/img_124-remove-background.com_.png\",\"width\":700,\"height\":466},{\"@type\":\"BreadcrumbList\",\"@id\":\"https:\\\/\\\/www.donadonsdd.com\\\/fr\\\/produit\\\/htc\\\/#breadcrumb\",\"itemListElement\":[{\"@type\":\"ListItem\",\"position\":1,\"name\":\"HOMEPAGE\",\"item\":\"https:\\\/\\\/www.donadonsdd.com\\\/fr\\\/\"},{\"@type\":\"ListItem\",\"position\":2,\"name\":\"Clamp HTC Holders &#8211; Solutions hygi\u00e9niques pour les industries pharmaceutiques et alimentaires\"}]},{\"@type\":\"WebSite\",\"@id\":\"https:\\\/\\\/www.donadonsdd.com\\\/fr\\\/#website\",\"url\":\"https:\\\/\\\/www.donadonsdd.com\\\/fr\\\/\",\"name\":\"DonadonSDD Srl\",\"description\":\"\",\"publisher\":{\"@id\":\"https:\\\/\\\/www.donadonsdd.com\\\/fr\\\/#organization\"},\"potentialAction\":[{\"@type\":\"SearchAction\",\"target\":{\"@type\":\"EntryPoint\",\"urlTemplate\":\"https:\\\/\\\/www.donadonsdd.com\\\/fr\\\/?s={search_term_string}\"},\"query-input\":{\"@type\":\"PropertyValueSpecification\",\"valueRequired\":true,\"valueName\":\"search_term_string\"}}],\"inLanguage\":\"fr-FR\"},{\"@type\":\"Organization\",\"@id\":\"https:\\\/\\\/www.donadonsdd.com\\\/fr\\\/#organization\",\"name\":\"DonadonSDD Srl\",\"url\":\"https:\\\/\\\/www.donadonsdd.com\\\/fr\\\/\",\"logo\":{\"@type\":\"ImageObject\",\"inLanguage\":\"fr-FR\",\"@id\":\"https:\\\/\\\/www.donadonsdd.com\\\/fr\\\/#\\\/schema\\\/logo\\\/image\\\/\",\"url\":\"https:\\\/\\\/www.donadonsdd.com\\\/wp-content\\\/uploads\\\/2025\\\/11\\\/donadonsdd-logo.png\",\"contentUrl\":\"https:\\\/\\\/www.donadonsdd.com\\\/wp-content\\\/uploads\\\/2025\\\/11\\\/donadonsdd-logo.png\",\"width\":544,\"height\":96,\"caption\":\"DonadonSDD Srl\"},\"image\":{\"@id\":\"https:\\\/\\\/www.donadonsdd.com\\\/fr\\\/#\\\/schema\\\/logo\\\/image\\\/\"}}]}<\/script>\n<!-- \/ Yoast SEO plugin. -->","yoast_head_json":{"title":"Porte-disques de rupture Clamp Sanitaire pour Pharma et Alimentaire - HTC","description":"Porte-disques de rupture \u00e0 pince sanitaire pour les applications pharmaceutiques, alimentaires et laiti\u00e8res. Con\u00e7us avec une finition de surface Ra \u2264 0,6 \u03bcm, compatibles CIP et SIP, fabriqu\u00e9s en acier inoxydable 316 pour un nettoyage facile et un assemblage hygi\u00e9nique, adapt\u00e9s aux disques de rupture \u00e0 action directe et inverse.","robots":{"index":"index","follow":"follow","max-snippet":"max-snippet:-1","max-image-preview":"max-image-preview:large","max-video-preview":"max-video-preview:-1"},"canonical":"https:\/\/www.donadonsdd.com\/fr\/produit\/htc\/","og_locale":"fr_FR","og_type":"article","og_title":"Porte-disques de rupture Clamp Sanitaire pour Pharma et Alimentaire - HTC","og_description":"Porte-disques de rupture \u00e0 pince sanitaire pour les applications pharmaceutiques, alimentaires et laiti\u00e8res. Con\u00e7us avec une finition de surface Ra \u2264 0,6 \u03bcm, compatibles CIP et SIP, fabriqu\u00e9s en acier inoxydable 316 pour un nettoyage facile et un assemblage hygi\u00e9nique, adapt\u00e9s aux disques de rupture \u00e0 action directe et inverse.","og_url":"https:\/\/www.donadonsdd.com\/fr\/produit\/htc\/","og_site_name":"DonadonSDD Srl","article_modified_time":"2026-03-01T01:57:11+00:00","og_image":[{"width":700,"height":466,"url":"https:\/\/www.donadonsdd.com\/wp-content\/uploads\/2025\/12\/img_124-remove-background.com_.png","type":"image\/png"}],"twitter_card":"summary_large_image","twitter_misc":{"Dur\u00e9e de lecture estim\u00e9e":"1 minute"},"schema":{"@context":"https:\/\/schema.org","@graph":[{"@type":"WebPage","@id":"https:\/\/www.donadonsdd.com\/fr\/produit\/htc\/","url":"https:\/\/www.donadonsdd.com\/fr\/produit\/htc\/","name":"Porte-disques de rupture Clamp Sanitaire pour Pharma et Alimentaire - HTC","isPartOf":{"@id":"https:\/\/www.donadonsdd.com\/fr\/#website"},"primaryImageOfPage":{"@id":"https:\/\/www.donadonsdd.com\/fr\/produit\/htc\/#primaryimage"},"image":{"@id":"https:\/\/www.donadonsdd.com\/fr\/produit\/htc\/#primaryimage"},"thumbnailUrl":"https:\/\/www.donadonsdd.com\/wp-content\/uploads\/2025\/12\/img_124-remove-background.com_.png","datePublished":"2025-12-11T12:47:42+00:00","dateModified":"2026-03-01T01:57:11+00:00","description":"Porte-disques de rupture \u00e0 pince sanitaire pour les applications pharmaceutiques, alimentaires et laiti\u00e8res. Con\u00e7us avec une finition de surface Ra \u2264 0,6 \u03bcm, compatibles CIP et SIP, fabriqu\u00e9s en acier inoxydable 316 pour un nettoyage facile et un assemblage hygi\u00e9nique, adapt\u00e9s aux disques de rupture \u00e0 action directe et inverse.","breadcrumb":{"@id":"https:\/\/www.donadonsdd.com\/fr\/produit\/htc\/#breadcrumb"},"inLanguage":"fr-FR","potentialAction":[{"@type":"ReadAction","target":["https:\/\/www.donadonsdd.com\/fr\/produit\/htc\/"]}]},{"@type":"ImageObject","inLanguage":"fr-FR","@id":"https:\/\/www.donadonsdd.com\/fr\/produit\/htc\/#primaryimage","url":"https:\/\/www.donadonsdd.com\/wp-content\/uploads\/2025\/12\/img_124-remove-background.com_.png","contentUrl":"https:\/\/www.donadonsdd.com\/wp-content\/uploads\/2025\/12\/img_124-remove-background.com_.png","width":700,"height":466},{"@type":"BreadcrumbList","@id":"https:\/\/www.donadonsdd.com\/fr\/produit\/htc\/#breadcrumb","itemListElement":[{"@type":"ListItem","position":1,"name":"HOMEPAGE","item":"https:\/\/www.donadonsdd.com\/fr\/"},{"@type":"ListItem","position":2,"name":"Clamp HTC Holders &#8211; Solutions hygi\u00e9niques pour les industries pharmaceutiques et alimentaires"}]},{"@type":"WebSite","@id":"https:\/\/www.donadonsdd.com\/fr\/#website","url":"https:\/\/www.donadonsdd.com\/fr\/","name":"DonadonSDD Srl","description":"","publisher":{"@id":"https:\/\/www.donadonsdd.com\/fr\/#organization"},"potentialAction":[{"@type":"SearchAction","target":{"@type":"EntryPoint","urlTemplate":"https:\/\/www.donadonsdd.com\/fr\/?s={search_term_string}"},"query-input":{"@type":"PropertyValueSpecification","valueRequired":true,"valueName":"search_term_string"}}],"inLanguage":"fr-FR"},{"@type":"Organization","@id":"https:\/\/www.donadonsdd.com\/fr\/#organization","name":"DonadonSDD Srl","url":"https:\/\/www.donadonsdd.com\/fr\/","logo":{"@type":"ImageObject","inLanguage":"fr-FR","@id":"https:\/\/www.donadonsdd.com\/fr\/#\/schema\/logo\/image\/","url":"https:\/\/www.donadonsdd.com\/wp-content\/uploads\/2025\/11\/donadonsdd-logo.png","contentUrl":"https:\/\/www.donadonsdd.com\/wp-content\/uploads\/2025\/11\/donadonsdd-logo.png","width":544,"height":96,"caption":"DonadonSDD Srl"},"image":{"@id":"https:\/\/www.donadonsdd.com\/fr\/#\/schema\/logo\/image\/"}}]}},"toolset-meta":{"toolset-woocommerce-fields":{"_download_limit":{"type":"numeric","raw":""},"_virtual":{"type":"checkbox","raw":""},"_downloadable":{"type":"checkbox","raw":""},"_download_expiry":{"type":"numeric","raw":""},"_download_type":{"type":"radio","raw":""},"_regular_price":{"type":"numeric","raw":""},"_sale_price":{"type":"numeric","raw":""},"_sale_price_dates_from":{"type":"date","raw":"","formatted":null},"_sale_price_dates_to":{"type":"date","raw":"","formatted":null},"_sku":{"type":"textfield","raw":""},"_manage_stock":{"type":"checkbox","raw":""},"_stock_status":{"type":"radio","raw":""},"_stock":{"type":"numeric","raw":""},"_backorders":{"type":"radio","raw":""},"_sold_individually":{"type":"checkbox","raw":""},"_width":{"type":"numeric","raw":""},"_weight":{"type":"numeric","raw":""},"_length":{"type":"numeric","raw":""},"_purchase_note":{"type":"textarea","raw":""}},"infografica":{"operation-ratio":{"type":"textfield","raw":""},"non-fragmenting":{"type":"textfield","raw":""},"vacumm-resistant":{"type":"textfield","raw":""},"sanitary":{"type":"textfield","raw":""},"liquid":{"type":"textfield","raw":""},"vapor-gas":{"type":"textfield","raw":""},"ferrules":{"type":"textfield","raw":""}},"dettagli-prodotto":{"immagini-prodotto":{"type":"image","raw":["https:\/\/www.donadonsdd.com\/wp-content\/uploads\/2025\/12\/img_123.jpg"],"repeatable":[{"raw":"https:\/\/www.donadonsdd.com\/wp-content\/uploads\/2025\/12\/img_123.jpg","attachment_id":8019}]},"tabella-specifiche":{"type":"wysiwyg","raw":"<p class=\"p1\">Type | HTC ;\nListe de compatibilit\u00e9 des disques | <a href=\"https:\/\/www.donadonsdd.com\/fr\/produit\/dcd-sanitary\/\">DCD<\/a>, <a href=\"https:\/\/www.donadonsdd.com\/fr\/produit\/scd-sanitary\/\">SCD<\/a>, <a href=\"https:\/\/www.donadonsdd.com\/fr\/produit\/scr-sanitary\/\">SCR<\/a>, <a href=\"https:\/\/www.donadonsdd.com\/fr\/produit\/y90-sanitary\/\">Y90<\/a>, <a href=\"https:\/\/www.donadonsdd.com\/fr\/produit\/krd-sanitary\/\">KRD<\/a>;\nDimensions | De DN25 (1 pouce) \u00e0 DN150 (6 pouces) ;<\/p>"}}},"_links":{"self":[{"href":"https:\/\/www.donadonsdd.com\/fr\/wp-json\/wp\/v2\/product\/6357","targetHints":{"allow":["GET"]}}],"collection":[{"href":"https:\/\/www.donadonsdd.com\/fr\/wp-json\/wp\/v2\/product"}],"about":[{"href":"https:\/\/www.donadonsdd.com\/fr\/wp-json\/wp\/v2\/types\/product"}],"wp:featuredmedia":[{"embeddable":true,"href":"https:\/\/www.donadonsdd.com\/fr\/wp-json\/wp\/v2\/media\/10314"}],"wp:attachment":[{"href":"https:\/\/www.donadonsdd.com\/fr\/wp-json\/wp\/v2\/media?parent=6357"}],"wp:term":[{"taxonomy":"categoria_prodotto","embeddable":true,"href":"https:\/\/www.donadonsdd.com\/fr\/wp-json\/wp\/v2\/categoria_prodotto?post=6357"}],"curies":[{"name":"wp","href":"https:\/\/api.w.org\/{rel}","templated":true}]}}