{"id":6390,"date":"2025-12-11T13:57:49","date_gmt":"2025-12-11T12:57:49","guid":{"rendered":"https:\/\/www.donadonsdd.com\/product\/disques-de-rupture-composites-dcd-protection-contre-la-pression-pour-les-industries-hygieniques\/"},"modified":"2026-03-01T02:53:30","modified_gmt":"2026-03-01T01:53:30","slug":"dcd-sanitary","status":"publish","type":"product","link":"https:\/\/www.donadonsdd.com\/fr\/produit\/dcd-sanitary\/","title":{"rendered":"Disques de rupture composites DCD &#8211; Protection contre la pression pour les industries hygi\u00e9niques"},"content":{"rendered":"<p>DonadonSDD propose des disques de rupture composites DCD de haute qualit\u00e9, con\u00e7us pour prot\u00e9ger les industries hygi\u00e9niques contre les variations soudaines de pression qui peuvent causer de graves dommages. Les disques de rupture DCD sont constitu\u00e9s de 3 composants ou plus qui forment un disque unique \u00e0 ins\u00e9rer dans les ferrures\/colles sanitaires standard. Ils sont disponibles dans une grande vari\u00e9t\u00e9 d&rsquo;ex\u00e9cutions pour couvrir la plupart des besoins de l&rsquo;industrie.  <\/p>\n<h2>Caract\u00e9ristiques et avantages techniques<\/h2>\n<p><strong>Normes de certification \u00e9lev\u00e9es :<\/strong><\/p>\n<p>Les disques DCD sont certifi\u00e9s conformes aux normes internationales les plus strictes, notamment PED 2014\/68\/UE (estampille CE), ATEX EX II 2 GD (estampille CE), PER 2016 UK Statutory (estampille UKCA), CU TR 032 (estampille EAC).<\/p>\n<h3>Technique :<\/h3>\n<p>Compos\u00e9 d&rsquo;une partie m\u00e9tallique perfor\u00e9e et fendue, d&rsquo;une membrane d&rsquo;\u00e9tanch\u00e9it\u00e9 (g\u00e9n\u00e9ralement en PTFE mais disponible dans diff\u00e9rents mat\u00e9riaux) et d&rsquo;une section de protection.<\/p>\n<h3>Applications :<\/h3>\n<p>Id\u00e9al pour les conditions statiques de gaz et de liquide, les basses pressions et les applications aseptiques.<\/p>\n<h3>Non fragment\u00e9 :<\/h3>\n<p>R\u00e9pond \u00e0 la surpression par une ouverture totale rapide sans fragmentation des couches m\u00e9talliques.<\/p>\n<h3>R\u00e9sistance au vide :<\/h3>\n<p>Un support sp\u00e9cifique pour la protection contre le vide et la contre-pression est disponible sur demande.<\/p>\n<h3>Option de disque \u00e0 double sens :<\/h3>\n<p>Prot\u00e8ge simultan\u00e9ment contre le vide et la pression (m\u00eame avec deux pressions diff\u00e9rentes).<\/p>\n<h3><span lang=\"en-US\">Applications :<\/span><\/h3>\n<p>Con\u00e7u pour les applications C.O.P. (Clean-Out-Of-Place)<\/p>\n<h3><span lang=\"en-US\">Joints certifi\u00e9s FDA :<\/span><\/h3>\n<p>Les disques de rupture composites DonadonSDD peuvent \u00eatre utilis\u00e9s avec des joints en PTFE qui r\u00e9pondent aux r\u00e9glementations internationales les plus strictes, y compris FDA et USP classe VI, et Eu 10\/2011. Ces joints facilitent l&rsquo;installation dans les raccords Clamp (sanitaires, Tri-Clamp, Tank Connection). <\/p>\n<h2>Pourquoi choisir DonadonSDD ?<\/h2>\n<ul>\n<li>DonadonSDD propose des disques de rupture de haute qualit\u00e9 qui r\u00e9pondent aux normes de s\u00e9curit\u00e9 internationales les plus strictes.<\/li>\n<li>Nos disques de rupture DCD conviennent \u00e0 une large gamme d&rsquo;applications, y compris les conditions statiques de gaz et de liquide, les basses pressions, les applications aseptiques et les applications C.O.P..<\/li>\n<li>Les disques sont con\u00e7us pour r\u00e9agir rapidement \u00e0 la surpression, \u00e9vitant ainsi d&rsquo;endommager les installations industrielles.<\/li>\n<li>Les disques de rupture composites DonadonSDD peuvent prot\u00e9ger simultan\u00e9ment contre le vide et la pression, ce qui les rend plus polyvalents que beaucoup d&rsquo;autres types de disques de rupture.<\/li>\n<li>Nous utilisons des joints en PTFE certifi\u00e9s conformes aux normes internationales les plus strictes, ce qui facilite l&rsquo;installation.<\/li>\n<\/ul>\n","protected":false},"excerpt":{"rendered":"<p>DonadonSDD propose des disques de rupture composites DCD de haute qualit\u00e9, con\u00e7us pour prot\u00e9ger les industries hygi\u00e9niques contre les variations soudaines de pression qui peuvent causer de graves dommages. Les disques de rupture DCD sont constitu\u00e9s de 3 composants ou plus qui forment un disque unique \u00e0 ins\u00e9rer dans les ferrures\/colles sanitaires standard. Ils sont [&hellip;]<\/p>\n","protected":false},"featured_media":10306,"menu_order":0,"template":"","meta":{"_acf_changed":false},"categoria_prodotto":[85,79,84],"class_list":["post-6390","product","type-product","status-publish","has-post-thumbnail","hentry","categoria_prodotto-forward-acting","categoria_prodotto-rupture-discs","categoria_prodotto-sanitary"],"acf":[],"yoast_head":"<!-- This site is optimized with the Yoast SEO plugin v27.3 - https:\/\/yoast.com\/product\/yoast-seo-wordpress\/ -->\n<title>Disque de rupture composite sanitaire - DCD<\/title>\n<meta name=\"description\" content=\"Disque de rupture composite sanitaire pour les applications aseptiques \u00e0 basse pression. Disponible en configuration simple ou double effet pour une protection contre la surpression, le vide ou une protection combin\u00e9e. Certifi\u00e9 PED et ATEX.\" \/>\n<meta name=\"robots\" content=\"index, follow, max-snippet:-1, max-image-preview:large, max-video-preview:-1\" \/>\n<link rel=\"canonical\" href=\"https:\/\/www.donadonsdd.com\/fr\/produit\/dcd-sanitary\/\" \/>\n<meta property=\"og:locale\" content=\"fr_FR\" \/>\n<meta property=\"og:type\" content=\"article\" \/>\n<meta property=\"og:title\" content=\"Disque de rupture composite sanitaire - DCD\" \/>\n<meta property=\"og:description\" content=\"Disque de rupture composite sanitaire pour les applications aseptiques \u00e0 basse pression. Disponible en configuration simple ou double effet pour une protection contre la surpression, le vide ou une protection combin\u00e9e. Certifi\u00e9 PED et ATEX.\" \/>\n<meta property=\"og:url\" content=\"https:\/\/www.donadonsdd.com\/fr\/produit\/dcd-sanitary\/\" \/>\n<meta property=\"og:site_name\" content=\"DonadonSDD Srl\" \/>\n<meta property=\"article:modified_time\" content=\"2026-03-01T01:53:30+00:00\" \/>\n<meta property=\"og:image\" content=\"https:\/\/www.donadonsdd.com\/wp-content\/uploads\/2025\/12\/donadon-55-1.png\" \/>\n\t<meta property=\"og:image:width\" content=\"1800\" \/>\n\t<meta property=\"og:image:height\" content=\"1199\" \/>\n\t<meta property=\"og:image:type\" content=\"image\/png\" \/>\n<meta name=\"twitter:card\" content=\"summary_large_image\" \/>\n<meta name=\"twitter:label1\" content=\"Dur\u00e9e de lecture estim\u00e9e\" \/>\n\t<meta name=\"twitter:data1\" content=\"2 minutes\" \/>\n<script type=\"application\/ld+json\" class=\"yoast-schema-graph\">{\"@context\":\"https:\\\/\\\/schema.org\",\"@graph\":[{\"@type\":\"WebPage\",\"@id\":\"https:\\\/\\\/www.donadonsdd.com\\\/fr\\\/produit\\\/dcd-sanitary\\\/\",\"url\":\"https:\\\/\\\/www.donadonsdd.com\\\/fr\\\/produit\\\/dcd-sanitary\\\/\",\"name\":\"Disque de rupture composite sanitaire - DCD\",\"isPartOf\":{\"@id\":\"https:\\\/\\\/www.donadonsdd.com\\\/fr\\\/#website\"},\"primaryImageOfPage\":{\"@id\":\"https:\\\/\\\/www.donadonsdd.com\\\/fr\\\/produit\\\/dcd-sanitary\\\/#primaryimage\"},\"image\":{\"@id\":\"https:\\\/\\\/www.donadonsdd.com\\\/fr\\\/produit\\\/dcd-sanitary\\\/#primaryimage\"},\"thumbnailUrl\":\"https:\\\/\\\/www.donadonsdd.com\\\/wp-content\\\/uploads\\\/2025\\\/12\\\/donadon-55-1.png\",\"datePublished\":\"2025-12-11T12:57:49+00:00\",\"dateModified\":\"2026-03-01T01:53:30+00:00\",\"description\":\"Disque de rupture composite sanitaire pour les applications aseptiques \u00e0 basse pression. Disponible en configuration simple ou double effet pour une protection contre la surpression, le vide ou une protection combin\u00e9e. Certifi\u00e9 PED et ATEX.\",\"breadcrumb\":{\"@id\":\"https:\\\/\\\/www.donadonsdd.com\\\/fr\\\/produit\\\/dcd-sanitary\\\/#breadcrumb\"},\"inLanguage\":\"fr-FR\",\"potentialAction\":[{\"@type\":\"ReadAction\",\"target\":[\"https:\\\/\\\/www.donadonsdd.com\\\/fr\\\/produit\\\/dcd-sanitary\\\/\"]}]},{\"@type\":\"ImageObject\",\"inLanguage\":\"fr-FR\",\"@id\":\"https:\\\/\\\/www.donadonsdd.com\\\/fr\\\/produit\\\/dcd-sanitary\\\/#primaryimage\",\"url\":\"https:\\\/\\\/www.donadonsdd.com\\\/wp-content\\\/uploads\\\/2025\\\/12\\\/donadon-55-1.png\",\"contentUrl\":\"https:\\\/\\\/www.donadonsdd.com\\\/wp-content\\\/uploads\\\/2025\\\/12\\\/donadon-55-1.png\",\"width\":1800,\"height\":1199},{\"@type\":\"BreadcrumbList\",\"@id\":\"https:\\\/\\\/www.donadonsdd.com\\\/fr\\\/produit\\\/dcd-sanitary\\\/#breadcrumb\",\"itemListElement\":[{\"@type\":\"ListItem\",\"position\":1,\"name\":\"HOMEPAGE\",\"item\":\"https:\\\/\\\/www.donadonsdd.com\\\/fr\\\/\"},{\"@type\":\"ListItem\",\"position\":2,\"name\":\"Disques de rupture composites DCD &#8211; Protection contre la pression pour les industries hygi\u00e9niques\"}]},{\"@type\":\"WebSite\",\"@id\":\"https:\\\/\\\/www.donadonsdd.com\\\/fr\\\/#website\",\"url\":\"https:\\\/\\\/www.donadonsdd.com\\\/fr\\\/\",\"name\":\"DonadonSDD Srl\",\"description\":\"\",\"publisher\":{\"@id\":\"https:\\\/\\\/www.donadonsdd.com\\\/fr\\\/#organization\"},\"potentialAction\":[{\"@type\":\"SearchAction\",\"target\":{\"@type\":\"EntryPoint\",\"urlTemplate\":\"https:\\\/\\\/www.donadonsdd.com\\\/fr\\\/?s={search_term_string}\"},\"query-input\":{\"@type\":\"PropertyValueSpecification\",\"valueRequired\":true,\"valueName\":\"search_term_string\"}}],\"inLanguage\":\"fr-FR\"},{\"@type\":\"Organization\",\"@id\":\"https:\\\/\\\/www.donadonsdd.com\\\/fr\\\/#organization\",\"name\":\"DonadonSDD Srl\",\"url\":\"https:\\\/\\\/www.donadonsdd.com\\\/fr\\\/\",\"logo\":{\"@type\":\"ImageObject\",\"inLanguage\":\"fr-FR\",\"@id\":\"https:\\\/\\\/www.donadonsdd.com\\\/fr\\\/#\\\/schema\\\/logo\\\/image\\\/\",\"url\":\"https:\\\/\\\/www.donadonsdd.com\\\/wp-content\\\/uploads\\\/2025\\\/11\\\/donadonsdd-logo.png\",\"contentUrl\":\"https:\\\/\\\/www.donadonsdd.com\\\/wp-content\\\/uploads\\\/2025\\\/11\\\/donadonsdd-logo.png\",\"width\":544,\"height\":96,\"caption\":\"DonadonSDD Srl\"},\"image\":{\"@id\":\"https:\\\/\\\/www.donadonsdd.com\\\/fr\\\/#\\\/schema\\\/logo\\\/image\\\/\"}}]}<\/script>\n<!-- \/ Yoast SEO plugin. -->","yoast_head_json":{"title":"Disque de rupture composite sanitaire - DCD","description":"Disque de rupture composite sanitaire pour les applications aseptiques \u00e0 basse pression. Disponible en configuration simple ou double effet pour une protection contre la surpression, le vide ou une protection combin\u00e9e. Certifi\u00e9 PED et ATEX.","robots":{"index":"index","follow":"follow","max-snippet":"max-snippet:-1","max-image-preview":"max-image-preview:large","max-video-preview":"max-video-preview:-1"},"canonical":"https:\/\/www.donadonsdd.com\/fr\/produit\/dcd-sanitary\/","og_locale":"fr_FR","og_type":"article","og_title":"Disque de rupture composite sanitaire - DCD","og_description":"Disque de rupture composite sanitaire pour les applications aseptiques \u00e0 basse pression. Disponible en configuration simple ou double effet pour une protection contre la surpression, le vide ou une protection combin\u00e9e. Certifi\u00e9 PED et ATEX.","og_url":"https:\/\/www.donadonsdd.com\/fr\/produit\/dcd-sanitary\/","og_site_name":"DonadonSDD Srl","article_modified_time":"2026-03-01T01:53:30+00:00","og_image":[{"width":1800,"height":1199,"url":"https:\/\/www.donadonsdd.com\/wp-content\/uploads\/2025\/12\/donadon-55-1.png","type":"image\/png"}],"twitter_card":"summary_large_image","twitter_misc":{"Dur\u00e9e de lecture estim\u00e9e":"2 minutes"},"schema":{"@context":"https:\/\/schema.org","@graph":[{"@type":"WebPage","@id":"https:\/\/www.donadonsdd.com\/fr\/produit\/dcd-sanitary\/","url":"https:\/\/www.donadonsdd.com\/fr\/produit\/dcd-sanitary\/","name":"Disque de rupture composite sanitaire - DCD","isPartOf":{"@id":"https:\/\/www.donadonsdd.com\/fr\/#website"},"primaryImageOfPage":{"@id":"https:\/\/www.donadonsdd.com\/fr\/produit\/dcd-sanitary\/#primaryimage"},"image":{"@id":"https:\/\/www.donadonsdd.com\/fr\/produit\/dcd-sanitary\/#primaryimage"},"thumbnailUrl":"https:\/\/www.donadonsdd.com\/wp-content\/uploads\/2025\/12\/donadon-55-1.png","datePublished":"2025-12-11T12:57:49+00:00","dateModified":"2026-03-01T01:53:30+00:00","description":"Disque de rupture composite sanitaire pour les applications aseptiques \u00e0 basse pression. Disponible en configuration simple ou double effet pour une protection contre la surpression, le vide ou une protection combin\u00e9e. Certifi\u00e9 PED et ATEX.","breadcrumb":{"@id":"https:\/\/www.donadonsdd.com\/fr\/produit\/dcd-sanitary\/#breadcrumb"},"inLanguage":"fr-FR","potentialAction":[{"@type":"ReadAction","target":["https:\/\/www.donadonsdd.com\/fr\/produit\/dcd-sanitary\/"]}]},{"@type":"ImageObject","inLanguage":"fr-FR","@id":"https:\/\/www.donadonsdd.com\/fr\/produit\/dcd-sanitary\/#primaryimage","url":"https:\/\/www.donadonsdd.com\/wp-content\/uploads\/2025\/12\/donadon-55-1.png","contentUrl":"https:\/\/www.donadonsdd.com\/wp-content\/uploads\/2025\/12\/donadon-55-1.png","width":1800,"height":1199},{"@type":"BreadcrumbList","@id":"https:\/\/www.donadonsdd.com\/fr\/produit\/dcd-sanitary\/#breadcrumb","itemListElement":[{"@type":"ListItem","position":1,"name":"HOMEPAGE","item":"https:\/\/www.donadonsdd.com\/fr\/"},{"@type":"ListItem","position":2,"name":"Disques de rupture composites DCD &#8211; Protection contre la pression pour les industries hygi\u00e9niques"}]},{"@type":"WebSite","@id":"https:\/\/www.donadonsdd.com\/fr\/#website","url":"https:\/\/www.donadonsdd.com\/fr\/","name":"DonadonSDD Srl","description":"","publisher":{"@id":"https:\/\/www.donadonsdd.com\/fr\/#organization"},"potentialAction":[{"@type":"SearchAction","target":{"@type":"EntryPoint","urlTemplate":"https:\/\/www.donadonsdd.com\/fr\/?s={search_term_string}"},"query-input":{"@type":"PropertyValueSpecification","valueRequired":true,"valueName":"search_term_string"}}],"inLanguage":"fr-FR"},{"@type":"Organization","@id":"https:\/\/www.donadonsdd.com\/fr\/#organization","name":"DonadonSDD Srl","url":"https:\/\/www.donadonsdd.com\/fr\/","logo":{"@type":"ImageObject","inLanguage":"fr-FR","@id":"https:\/\/www.donadonsdd.com\/fr\/#\/schema\/logo\/image\/","url":"https:\/\/www.donadonsdd.com\/wp-content\/uploads\/2025\/11\/donadonsdd-logo.png","contentUrl":"https:\/\/www.donadonsdd.com\/wp-content\/uploads\/2025\/11\/donadonsdd-logo.png","width":544,"height":96,"caption":"DonadonSDD Srl"},"image":{"@id":"https:\/\/www.donadonsdd.com\/fr\/#\/schema\/logo\/image\/"}}]}},"toolset-meta":{"toolset-woocommerce-fields":{"_download_limit":{"type":"numeric","raw":""},"_virtual":{"type":"checkbox","raw":""},"_downloadable":{"type":"checkbox","raw":""},"_download_expiry":{"type":"numeric","raw":""},"_download_type":{"type":"radio","raw":""},"_regular_price":{"type":"numeric","raw":""},"_sale_price":{"type":"numeric","raw":""},"_sale_price_dates_from":{"type":"date","raw":"","formatted":null},"_sale_price_dates_to":{"type":"date","raw":"","formatted":null},"_sku":{"type":"textfield","raw":""},"_manage_stock":{"type":"checkbox","raw":""},"_stock_status":{"type":"radio","raw":""},"_stock":{"type":"numeric","raw":""},"_backorders":{"type":"radio","raw":""},"_sold_individually":{"type":"checkbox","raw":""},"_width":{"type":"numeric","raw":""},"_weight":{"type":"numeric","raw":""},"_length":{"type":"numeric","raw":""},"_purchase_note":{"type":"textarea","raw":""}},"infografica":{"operation-ratio":{"type":"textfield","raw":"jusqu'\u00e0 80%"},"non-fragmenting":{"type":"textfield","raw":"oui (membrane uniquement)"},"vacumm-resistant":{"type":"textfield","raw":"Oui, le support de vide est n\u00e9cessaire"},"sanitary":{"type":"textfield","raw":"oui"},"liquid":{"type":"textfield","raw":"oui"},"vapor-gas":{"type":"textfield","raw":"oui"},"ferrules":{"type":"textfield","raw":""}},"dettagli-prodotto":{"immagini-prodotto":{"type":"image","raw":["https:\/\/www.donadonsdd.com\/wp-content\/uploads\/2025\/12\/donadon-55.png"],"repeatable":[{"raw":"https:\/\/www.donadonsdd.com\/wp-content\/uploads\/2025\/12\/donadon-55.png","attachment_id":1971}]},"tabella-specifiche":{"type":"wysiwyg","raw":"MOD\u00c8LE | DCD ;\nMAT\u00c9RIAUX | Acier inoxydable, alliage 201, alliage 400, alliage 600, alliage 625, alliage C276, titane ;\nMEMBRANE D'\u00c9TANCH\u00c9IT\u00c9 | Disponible en PTFE ou PFA ;\nDIMENSIONS | De DN15 (1\/2 pouce) \u00e0 DN200 (8 pouces) ;\nPRESSION DE RUPTURE | 0,1 - 7 bar g (en fonction de la taille et du mat\u00e9riau) ;\nTOL\u00c9RANCE | de +\/- 5 % \u00e0 +\/- 20 % ;\nTEMPERATURE DE FONCTIONNEMENT | max 260\u00b0C (membrane en PTFE ou PFA) ;\nFRAGMENTATION | Non (membrane uniquement) ;\nUTILISATION EN COMBINAISON AVEC PSV | Convient ;\nMARGE DE FONCTIONNEMENT | Peut atteindre jusqu'\u00e0 80 % selon les conditions de service.. ;\nR\u00c9SISTANCE \u00c0 LA PRESSION DU VIDE | Oui, le support du vide est n\u00e9cessaire ;\nOPTION DE DISQUE DOUBLE VOIE | Disponible, m\u00eame avec deux pressions de r\u00e9glage diff\u00e9rentes ;\nR\u00c9SISTANCE \u00c0 LA CORROSION | Tr\u00e8s bon ;\nLes rev\u00eatements | sont disponibles en PTFE et PFA ;\nHOLDER | <a href=\"https:\/\/www.donadonsdd.com\/fr\/produit\/htc\/\">HTC<\/a>; \nCAPTEUR DE RUPTURE | <a href=\"https:\/\/www.donadonsdd.com\/fr\/produits\/indicateurs-de-rupture\/electrique\/\">\u00c9lectrique<\/a>; "}}},"_links":{"self":[{"href":"https:\/\/www.donadonsdd.com\/fr\/wp-json\/wp\/v2\/product\/6390","targetHints":{"allow":["GET"]}}],"collection":[{"href":"https:\/\/www.donadonsdd.com\/fr\/wp-json\/wp\/v2\/product"}],"about":[{"href":"https:\/\/www.donadonsdd.com\/fr\/wp-json\/wp\/v2\/types\/product"}],"wp:featuredmedia":[{"embeddable":true,"href":"https:\/\/www.donadonsdd.com\/fr\/wp-json\/wp\/v2\/media\/10306"}],"wp:attachment":[{"href":"https:\/\/www.donadonsdd.com\/fr\/wp-json\/wp\/v2\/media?parent=6390"}],"wp:term":[{"taxonomy":"categoria_prodotto","embeddable":true,"href":"https:\/\/www.donadonsdd.com\/fr\/wp-json\/wp\/v2\/categoria_prodotto?post=6390"}],"curies":[{"name":"wp","href":"https:\/\/api.w.org\/{rel}","templated":true}]}}