{"id":6441,"date":"2025-12-08T01:04:34","date_gmt":"2025-12-08T00:04:34","guid":{"rendered":"https:\/\/www.donadonsdd.com\/product\/disques-de-rupture-scr-protection-haute-performance-pour-les-installations-industrielles\/"},"modified":"2026-03-01T02:10:05","modified_gmt":"2026-03-01T01:10:05","slug":"scr","status":"publish","type":"product","link":"https:\/\/www.donadonsdd.com\/fr\/produit\/scr\/","title":{"rendered":"Disques de rupture SCR &#8211; Protection haute performance pour les installations industrielles"},"content":{"rendered":"<p>Les disques de rupture \u00e0 action inverse DonadonSDD SCR sont des dispositifs de s\u00e9curit\u00e9 essentiels qui emp\u00eachent les variations soudaines de pression d&rsquo;endommager les installations industrielles. Les disques de rupture \u00e0 action inverse ont une cambrure convexe qui reste inchang\u00e9e sous la pression de fonctionnement jusqu&rsquo;\u00e0 ce que la pression inverse soit atteinte, ce qui peut garantir une longue dur\u00e9e de vie. Les disques de rupture DonadonSDD SCR utilisent une technologie sectorielle avanc\u00e9e et fournissent une performance et une fiabilit\u00e9 am\u00e9lior\u00e9es pour offrir une protection pr\u00e9cise dans les applications les plus risqu\u00e9es, faisant des disques de rupture DonadonSDD SCR le meilleur choix pour la s\u00e9curit\u00e9 de votre usine.<\/p>\n<h2>Caract\u00e9ristiques et avantages techniques<\/h2>\n<h3>Normes de certi\ufb01cation \u00e9lev\u00e9es :<\/h3>\n<p>Nos disques de rupture SCR ont obtenu les certifications les plus \u00e9lev\u00e9es, notamment ASME XIII (UD STAMP), PED 2014\/68\/UE (CE STAMP), ATEX EX II 2 GD (CE STAMP), PER 2016 UK Statutory Instruments 2016 No 1105 (UKCA STAMP), et CU TR 032 (EAC STAMP).<\/p>\n<h3>Technologie avanc\u00e9e :<\/h3>\n<p>Les disques de rupture SCR obtenus gr\u00e2ce \u00e0 notre technologie brevet\u00e9e Laser NS NanoScored sont des disques \u00e0 action inverse dont les sections calibr\u00e9es micro-scores s&rsquo;ouvrent en p\u00e9tales, r\u00e9duisant ainsi le risque de d\u00e9tachement des p\u00e9tales.<\/p>\n<h3>Des performances fiables :<\/h3>\n<p>Ils supportent des milliers de cycles sans compromettre leur fiabilit\u00e9, avec des rapports allant jusqu&rsquo;\u00e0 95 % entre la pression de fonctionnement et la pression de rupture.<\/p>\n<h3>Rupture rapide :<\/h3>\n<p>Le disque se rompt en quelques millisecondes et avec une ouverture compl\u00e8te le long des lignes de p\u00e9tales de notation sur le c\u00f4t\u00e9 aval du disque.<\/p>\n<h3>Conception polyvalente :<\/h3>\n<p>Convient pour des pressions d&rsquo;\u00e9clatement faibles ou \u00e9lev\u00e9es ; peut \u00eatre utilis\u00e9 avec des gaz et des liquides (en pr\u00e9sence d&rsquo;un volume minimum de vapeur libre), dans des conditions cycliques et pulsatoires sans r\u00e9duction des marges de s\u00e9curit\u00e9.<\/p>\n<h3>Isolation des soupapes de s\u00fbret\u00e9 \u00e0 pression \/ non fragmentation :<\/h3>\n<p>Utile pour l&rsquo;isolation des soupapes de s\u00fbret\u00e9 \u00e0 la suite de ruptures le long de la ligne de marquage sans g\u00e9n\u00e9rer de fragments.<\/p>\n<h3>R\u00e9sistant \u00e0 la corrosion :<\/h3>\n<p>Large gamme de mat\u00e9riaux et d&rsquo;options d&rsquo;\u00e9paisseur ; rev\u00eatement en PTFE disponible pour une protection accrue.<\/p>\n<h3>R\u00e9sistance \u00e0 la temp\u00e9rature :<\/h3>\n<p>Id\u00e9al pour les applications pr\u00e9sentant des \u00e9carts de temp\u00e9rature importants en raison d&rsquo;une sensibilit\u00e9 r\u00e9duite aux fluctuations de temp\u00e9rature.<\/p>\n<h3>R\u00e9sistance \u00e0 la haute pression et au vide :<\/h3>\n<p>Ne n\u00e9cessite pas de support de vide, ce qui \u00e9vite les restrictions dans la zone de d\u00e9charge ; capable de r\u00e9sister \u00e0 des contre-pressions \u00e9lev\u00e9es. Un joint torique est disponible sur les supports pour r\u00e9duire les \u00e9missions fugitives.<\/p>\n<h2>Pourquoi choisir les disques de rupture DonadonSDD SCR ?<\/h2>\n<ul>\n<li>Certifi\u00e9 conforme aux normes industrielles les plus strictes pour une s\u00e9curit\u00e9 maximale.<\/li>\n<li>Gamme de fabrication = ZERO (inclus avec ASME)<\/li>\n<li>Krg (perte de charge de la vitesse certifi\u00e9e par l&rsquo;ASME) = 0,48, l&rsquo;une des plus faibles du march\u00e9<\/li>\n<li>Peut \u00eatre utilis\u00e9 dans des configurations de porte-disques doubles.<\/li>\n<li>L&rsquo;engagement en faveur de la r\u00e9sistance \u00e0 la corrosion et \u00e0 la haute pression garantit la long\u00e9vit\u00e9 et la fiabilit\u00e9.<\/li>\n<\/ul>\n","protected":false},"excerpt":{"rendered":"<p>Les disques de rupture \u00e0 action inverse DonadonSDD SCR sont des dispositifs de s\u00e9curit\u00e9 essentiels qui emp\u00eachent les variations soudaines de pression d&rsquo;endommager les installations industrielles. Les disques de rupture \u00e0 action inverse ont une cambrure convexe qui reste inchang\u00e9e sous la pression de fonctionnement jusqu&rsquo;\u00e0 ce que la pression inverse soit atteinte, ce qui [&hellip;]<\/p>\n","protected":false},"featured_media":10042,"menu_order":0,"template":"","meta":{"_acf_changed":false},"categoria_prodotto":[99,83,86,79],"class_list":["post-6441","product","type-product","status-publish","has-post-thumbnail","hentry","categoria_prodotto-asme-approved","categoria_prodotto-ns-nanoscored","categoria_prodotto-reverse-acting","categoria_prodotto-rupture-discs"],"acf":[],"yoast_head":"<!-- This site is optimized with the Yoast SEO plugin v27.3 - https:\/\/yoast.com\/product\/yoast-seo-wordpress\/ -->\n<title>Disque de rupture \u00e0 action inverse - SCR<\/title>\n<meta name=\"description\" content=\"Disque de rupture \u00e0 action inverse pour usage industriel sur une large plage de pression. Conception non fragmentable avec une r\u00e9sistance \u00e9lev\u00e9e aux cycles et une capacit\u00e9 de vide. Conforme aux normes ASME et PED, certifi\u00e9 ATEX.\" \/>\n<meta name=\"robots\" content=\"index, follow, max-snippet:-1, max-image-preview:large, max-video-preview:-1\" \/>\n<link rel=\"canonical\" href=\"https:\/\/www.donadonsdd.com\/fr\/produit\/scr\/\" \/>\n<meta property=\"og:locale\" content=\"fr_FR\" \/>\n<meta property=\"og:type\" content=\"article\" \/>\n<meta property=\"og:title\" content=\"Disque de rupture \u00e0 action inverse - SCR\" \/>\n<meta property=\"og:description\" content=\"Disque de rupture \u00e0 action inverse pour usage industriel sur une large plage de pression. Conception non fragmentable avec une r\u00e9sistance \u00e9lev\u00e9e aux cycles et une capacit\u00e9 de vide. Conforme aux normes ASME et PED, certifi\u00e9 ATEX.\" \/>\n<meta property=\"og:url\" content=\"https:\/\/www.donadonsdd.com\/fr\/produit\/scr\/\" \/>\n<meta property=\"og:site_name\" content=\"DonadonSDD Srl\" \/>\n<meta property=\"article:modified_time\" content=\"2026-03-01T01:10:05+00:00\" \/>\n<meta property=\"og:image\" content=\"https:\/\/www.donadonsdd.com\/wp-content\/uploads\/2025\/12\/donadon-41.png\" \/>\n\t<meta property=\"og:image:width\" content=\"1800\" \/>\n\t<meta property=\"og:image:height\" content=\"1200\" \/>\n\t<meta property=\"og:image:type\" content=\"image\/png\" \/>\n<meta name=\"twitter:card\" content=\"summary_large_image\" \/>\n<meta name=\"twitter:label1\" content=\"Dur\u00e9e de lecture estim\u00e9e\" \/>\n\t<meta name=\"twitter:data1\" content=\"3 minutes\" \/>\n<script type=\"application\/ld+json\" class=\"yoast-schema-graph\">{\"@context\":\"https:\\\/\\\/schema.org\",\"@graph\":[{\"@type\":\"WebPage\",\"@id\":\"https:\\\/\\\/www.donadonsdd.com\\\/fr\\\/produit\\\/scr\\\/\",\"url\":\"https:\\\/\\\/www.donadonsdd.com\\\/fr\\\/produit\\\/scr\\\/\",\"name\":\"Disque de rupture \u00e0 action inverse - SCR\",\"isPartOf\":{\"@id\":\"https:\\\/\\\/www.donadonsdd.com\\\/fr\\\/#website\"},\"primaryImageOfPage\":{\"@id\":\"https:\\\/\\\/www.donadonsdd.com\\\/fr\\\/produit\\\/scr\\\/#primaryimage\"},\"image\":{\"@id\":\"https:\\\/\\\/www.donadonsdd.com\\\/fr\\\/produit\\\/scr\\\/#primaryimage\"},\"thumbnailUrl\":\"https:\\\/\\\/www.donadonsdd.com\\\/wp-content\\\/uploads\\\/2025\\\/12\\\/donadon-41.png\",\"datePublished\":\"2025-12-08T00:04:34+00:00\",\"dateModified\":\"2026-03-01T01:10:05+00:00\",\"description\":\"Disque de rupture \u00e0 action inverse pour usage industriel sur une large plage de pression. Conception non fragmentable avec une r\u00e9sistance \u00e9lev\u00e9e aux cycles et une capacit\u00e9 de vide. Conforme aux normes ASME et PED, certifi\u00e9 ATEX.\",\"breadcrumb\":{\"@id\":\"https:\\\/\\\/www.donadonsdd.com\\\/fr\\\/produit\\\/scr\\\/#breadcrumb\"},\"inLanguage\":\"fr-FR\",\"potentialAction\":[{\"@type\":\"ReadAction\",\"target\":[\"https:\\\/\\\/www.donadonsdd.com\\\/fr\\\/produit\\\/scr\\\/\"]}]},{\"@type\":\"ImageObject\",\"inLanguage\":\"fr-FR\",\"@id\":\"https:\\\/\\\/www.donadonsdd.com\\\/fr\\\/produit\\\/scr\\\/#primaryimage\",\"url\":\"https:\\\/\\\/www.donadonsdd.com\\\/wp-content\\\/uploads\\\/2025\\\/12\\\/donadon-41.png\",\"contentUrl\":\"https:\\\/\\\/www.donadonsdd.com\\\/wp-content\\\/uploads\\\/2025\\\/12\\\/donadon-41.png\",\"width\":1800,\"height\":1200},{\"@type\":\"BreadcrumbList\",\"@id\":\"https:\\\/\\\/www.donadonsdd.com\\\/fr\\\/produit\\\/scr\\\/#breadcrumb\",\"itemListElement\":[{\"@type\":\"ListItem\",\"position\":1,\"name\":\"HOMEPAGE\",\"item\":\"https:\\\/\\\/www.donadonsdd.com\\\/fr\\\/\"},{\"@type\":\"ListItem\",\"position\":2,\"name\":\"Disques de rupture SCR &#8211; Protection haute performance pour les installations industrielles\"}]},{\"@type\":\"WebSite\",\"@id\":\"https:\\\/\\\/www.donadonsdd.com\\\/fr\\\/#website\",\"url\":\"https:\\\/\\\/www.donadonsdd.com\\\/fr\\\/\",\"name\":\"DonadonSDD Srl\",\"description\":\"\",\"publisher\":{\"@id\":\"https:\\\/\\\/www.donadonsdd.com\\\/fr\\\/#organization\"},\"potentialAction\":[{\"@type\":\"SearchAction\",\"target\":{\"@type\":\"EntryPoint\",\"urlTemplate\":\"https:\\\/\\\/www.donadonsdd.com\\\/fr\\\/?s={search_term_string}\"},\"query-input\":{\"@type\":\"PropertyValueSpecification\",\"valueRequired\":true,\"valueName\":\"search_term_string\"}}],\"inLanguage\":\"fr-FR\"},{\"@type\":\"Organization\",\"@id\":\"https:\\\/\\\/www.donadonsdd.com\\\/fr\\\/#organization\",\"name\":\"DonadonSDD Srl\",\"url\":\"https:\\\/\\\/www.donadonsdd.com\\\/fr\\\/\",\"logo\":{\"@type\":\"ImageObject\",\"inLanguage\":\"fr-FR\",\"@id\":\"https:\\\/\\\/www.donadonsdd.com\\\/fr\\\/#\\\/schema\\\/logo\\\/image\\\/\",\"url\":\"https:\\\/\\\/www.donadonsdd.com\\\/wp-content\\\/uploads\\\/2025\\\/11\\\/donadonsdd-logo.png\",\"contentUrl\":\"https:\\\/\\\/www.donadonsdd.com\\\/wp-content\\\/uploads\\\/2025\\\/11\\\/donadonsdd-logo.png\",\"width\":544,\"height\":96,\"caption\":\"DonadonSDD Srl\"},\"image\":{\"@id\":\"https:\\\/\\\/www.donadonsdd.com\\\/fr\\\/#\\\/schema\\\/logo\\\/image\\\/\"}}]}<\/script>\n<!-- \/ Yoast SEO plugin. -->","yoast_head_json":{"title":"Disque de rupture \u00e0 action inverse - SCR","description":"Disque de rupture \u00e0 action inverse pour usage industriel sur une large plage de pression. Conception non fragmentable avec une r\u00e9sistance \u00e9lev\u00e9e aux cycles et une capacit\u00e9 de vide. Conforme aux normes ASME et PED, certifi\u00e9 ATEX.","robots":{"index":"index","follow":"follow","max-snippet":"max-snippet:-1","max-image-preview":"max-image-preview:large","max-video-preview":"max-video-preview:-1"},"canonical":"https:\/\/www.donadonsdd.com\/fr\/produit\/scr\/","og_locale":"fr_FR","og_type":"article","og_title":"Disque de rupture \u00e0 action inverse - SCR","og_description":"Disque de rupture \u00e0 action inverse pour usage industriel sur une large plage de pression. Conception non fragmentable avec une r\u00e9sistance \u00e9lev\u00e9e aux cycles et une capacit\u00e9 de vide. Conforme aux normes ASME et PED, certifi\u00e9 ATEX.","og_url":"https:\/\/www.donadonsdd.com\/fr\/produit\/scr\/","og_site_name":"DonadonSDD Srl","article_modified_time":"2026-03-01T01:10:05+00:00","og_image":[{"width":1800,"height":1200,"url":"https:\/\/www.donadonsdd.com\/wp-content\/uploads\/2025\/12\/donadon-41.png","type":"image\/png"}],"twitter_card":"summary_large_image","twitter_misc":{"Dur\u00e9e de lecture estim\u00e9e":"3 minutes"},"schema":{"@context":"https:\/\/schema.org","@graph":[{"@type":"WebPage","@id":"https:\/\/www.donadonsdd.com\/fr\/produit\/scr\/","url":"https:\/\/www.donadonsdd.com\/fr\/produit\/scr\/","name":"Disque de rupture \u00e0 action inverse - SCR","isPartOf":{"@id":"https:\/\/www.donadonsdd.com\/fr\/#website"},"primaryImageOfPage":{"@id":"https:\/\/www.donadonsdd.com\/fr\/produit\/scr\/#primaryimage"},"image":{"@id":"https:\/\/www.donadonsdd.com\/fr\/produit\/scr\/#primaryimage"},"thumbnailUrl":"https:\/\/www.donadonsdd.com\/wp-content\/uploads\/2025\/12\/donadon-41.png","datePublished":"2025-12-08T00:04:34+00:00","dateModified":"2026-03-01T01:10:05+00:00","description":"Disque de rupture \u00e0 action inverse pour usage industriel sur une large plage de pression. Conception non fragmentable avec une r\u00e9sistance \u00e9lev\u00e9e aux cycles et une capacit\u00e9 de vide. Conforme aux normes ASME et PED, certifi\u00e9 ATEX.","breadcrumb":{"@id":"https:\/\/www.donadonsdd.com\/fr\/produit\/scr\/#breadcrumb"},"inLanguage":"fr-FR","potentialAction":[{"@type":"ReadAction","target":["https:\/\/www.donadonsdd.com\/fr\/produit\/scr\/"]}]},{"@type":"ImageObject","inLanguage":"fr-FR","@id":"https:\/\/www.donadonsdd.com\/fr\/produit\/scr\/#primaryimage","url":"https:\/\/www.donadonsdd.com\/wp-content\/uploads\/2025\/12\/donadon-41.png","contentUrl":"https:\/\/www.donadonsdd.com\/wp-content\/uploads\/2025\/12\/donadon-41.png","width":1800,"height":1200},{"@type":"BreadcrumbList","@id":"https:\/\/www.donadonsdd.com\/fr\/produit\/scr\/#breadcrumb","itemListElement":[{"@type":"ListItem","position":1,"name":"HOMEPAGE","item":"https:\/\/www.donadonsdd.com\/fr\/"},{"@type":"ListItem","position":2,"name":"Disques de rupture SCR &#8211; Protection haute performance pour les installations industrielles"}]},{"@type":"WebSite","@id":"https:\/\/www.donadonsdd.com\/fr\/#website","url":"https:\/\/www.donadonsdd.com\/fr\/","name":"DonadonSDD Srl","description":"","publisher":{"@id":"https:\/\/www.donadonsdd.com\/fr\/#organization"},"potentialAction":[{"@type":"SearchAction","target":{"@type":"EntryPoint","urlTemplate":"https:\/\/www.donadonsdd.com\/fr\/?s={search_term_string}"},"query-input":{"@type":"PropertyValueSpecification","valueRequired":true,"valueName":"search_term_string"}}],"inLanguage":"fr-FR"},{"@type":"Organization","@id":"https:\/\/www.donadonsdd.com\/fr\/#organization","name":"DonadonSDD Srl","url":"https:\/\/www.donadonsdd.com\/fr\/","logo":{"@type":"ImageObject","inLanguage":"fr-FR","@id":"https:\/\/www.donadonsdd.com\/fr\/#\/schema\/logo\/image\/","url":"https:\/\/www.donadonsdd.com\/wp-content\/uploads\/2025\/11\/donadonsdd-logo.png","contentUrl":"https:\/\/www.donadonsdd.com\/wp-content\/uploads\/2025\/11\/donadonsdd-logo.png","width":544,"height":96,"caption":"DonadonSDD Srl"},"image":{"@id":"https:\/\/www.donadonsdd.com\/fr\/#\/schema\/logo\/image\/"}}]}},"toolset-meta":{"toolset-woocommerce-fields":{"_download_limit":{"type":"numeric","raw":""},"_virtual":{"type":"checkbox","raw":""},"_downloadable":{"type":"checkbox","raw":""},"_download_expiry":{"type":"numeric","raw":""},"_download_type":{"type":"radio","raw":""},"_regular_price":{"type":"numeric","raw":""},"_sale_price":{"type":"numeric","raw":""},"_sale_price_dates_from":{"type":"date","raw":"","formatted":null},"_sale_price_dates_to":{"type":"date","raw":"","formatted":null},"_sku":{"type":"textfield","raw":""},"_manage_stock":{"type":"checkbox","raw":""},"_stock_status":{"type":"radio","raw":""},"_stock":{"type":"numeric","raw":""},"_backorders":{"type":"radio","raw":""},"_sold_individually":{"type":"checkbox","raw":""},"_width":{"type":"numeric","raw":""},"_weight":{"type":"numeric","raw":""},"_length":{"type":"numeric","raw":""},"_purchase_note":{"type":"textarea","raw":""}},"infografica":{"operation-ratio":{"type":"textfield","raw":"jusqu'\u00e0 95%"},"non-fragmenting":{"type":"textfield","raw":"oui"},"vacumm-resistant":{"type":"textfield","raw":"oui"},"sanitary":{"type":"textfield","raw":"non"},"liquid":{"type":"textfield","raw":"oui, en pr\u00e9sence d'un volume minimum de vapeur libre"},"vapor-gas":{"type":"textfield","raw":"oui"},"ferrules":{"type":"textfield","raw":""}},"dettagli-prodotto":{"immagini-prodotto":{"type":"image","raw":["https:\/\/www.donadonsdd.com\/wp-content\/uploads\/2025\/12\/donadon-41_result.webp","https:\/\/www.donadonsdd.com\/wp-content\/uploads\/2025\/12\/donadon-42_result.webp","https:\/\/www.donadonsdd.com\/wp-content\/uploads\/2025\/12\/donadon-43_result.webp"],"repeatable":[{"raw":"https:\/\/www.donadonsdd.com\/wp-content\/uploads\/2025\/12\/donadon-41_result.webp","attachment_id":6442},{"raw":"https:\/\/www.donadonsdd.com\/wp-content\/uploads\/2025\/12\/donadon-42_result.webp","attachment_id":6443},{"raw":"https:\/\/www.donadonsdd.com\/wp-content\/uploads\/2025\/12\/donadon-43_result.webp","attachment_id":6444}]},"tabella-specifiche":{"type":"wysiwyg","raw":"<p class=\"p1\">MOD\u00c8LE|SCR ;\nMAT\u00c9RIAUX|Acier inoxydable, alliage 201, alliage 400, alliage 600, alliage 625, alliage C276, titane ;\nDIMENSIONS|De DN15 (\u00bd pouce) \u00e0 DN900 (36 pouces) ;\nPRESSION DE RUPTURE|0,1 - 450 bar g (selon la taille et le mat\u00e9riau) ;\nKR G|0,48 ;\nTOL\u00c9RANCE | de +\/- 5 % \u00e0 +\/- 20 % ;\nTEMPERATURE DE FONCTIONNEMENT|De - 196\u00b0C \u00e0 600\u00b0C ;\nFRAGMENTATION|Non ;\nUTILISATION EN COMBINAISON AVEC PSV|Convient ;\nMARGE DE FONCTIONNEMENT|90% - Peut atteindre jusqu'\u00e0 95% en fonction des conditions de service.. ;\nR\u00c9SISTANCE \u00c0 LA PRESSION DU VIDE|Oui, autoportant dans des conditions de vide ;\nR\u00c9SISTANCE \u00c0 LA CORROSION|Tr\u00e8s bonne ;\nDOUBLURES|Disponibles en PTFE et PFA ;\nTITULAIRE| <a href=\"https:\/\/www.donadonsdd.com\/fr\/produit\/hia-hra\/\">HRA<\/a>, <a href=\"https:\/\/www.donadonsdd.com\/fr\/produit\/hip-hrp\/\">HRP<\/a>, <a href=\"https:\/\/www.donadonsdd.com\/fr\/produit\/hif-hrf\/\">HRF<\/a>;  \nCAPTEUR DE RUPTURE| <a href=\"https:\/\/www.donadonsdd.com\/fr\/produits\/indicateurs-de-rupture\/electrique\/\">\u00c9lectrique<\/a>, <a href=\"https:\/\/www.donadonsdd.com\/fr\/produits\/indicateurs-de-rupture\/magnetique\/\">magn\u00e9tique<\/a>, <a href=\"https:\/\/www.donadonsdd.com\/fr\/produits\/indicateurs-de-rupture\/inductif\/\">inductif<\/a>;  <\/p>"}}},"_links":{"self":[{"href":"https:\/\/www.donadonsdd.com\/fr\/wp-json\/wp\/v2\/product\/6441","targetHints":{"allow":["GET"]}}],"collection":[{"href":"https:\/\/www.donadonsdd.com\/fr\/wp-json\/wp\/v2\/product"}],"about":[{"href":"https:\/\/www.donadonsdd.com\/fr\/wp-json\/wp\/v2\/types\/product"}],"wp:featuredmedia":[{"embeddable":true,"href":"https:\/\/www.donadonsdd.com\/fr\/wp-json\/wp\/v2\/media\/10042"}],"wp:attachment":[{"href":"https:\/\/www.donadonsdd.com\/fr\/wp-json\/wp\/v2\/media?parent=6441"}],"wp:term":[{"taxonomy":"categoria_prodotto","embeddable":true,"href":"https:\/\/www.donadonsdd.com\/fr\/wp-json\/wp\/v2\/categoria_prodotto?post=6441"}],"curies":[{"name":"wp","href":"https:\/\/api.w.org\/{rel}","templated":true}]}}