{"id":6461,"date":"2025-12-09T10:38:43","date_gmt":"2025-12-09T09:38:43","guid":{"rendered":"https:\/\/www.donadonsdd.com\/product\/disques-de-rupture-sanitaires-y90-protection-avancee-contre-la-pression-pour-les-industries-hygieniques\/"},"modified":"2026-03-01T02:04:05","modified_gmt":"2026-03-01T01:04:05","slug":"y90-sanitary","status":"publish","type":"product","link":"https:\/\/www.donadonsdd.com\/fr\/produit\/y90-sanitary\/","title":{"rendered":"Disques de rupture sanitaires Y90 &#8211; Protection avanc\u00e9e contre la pression pour les industries hygi\u00e9niques"},"content":{"rendered":"<p>Les disques de rupture \u00e0 action inverse Y90 de DonadonSDD sont des dispositifs de s\u00e9curit\u00e9 sp\u00e9cialement con\u00e7us pour \u00eatre r\u00e9gl\u00e9s \u00e0 une pression d&rsquo;\u00e9clatement tr\u00e8s basse, afin d&#8217;emp\u00eacher les variations soudaines de pression d&rsquo;endommager les installations industrielles.<br \/>\nLes disques de rupture \u00e0 action inverse ont une cambrure de disque convexe qui reste inchang\u00e9e sous la pression de fonctionnement jusqu&rsquo;\u00e0 ce que la pression inverse soit atteinte, ce qui peut assurer une longue dur\u00e9e de vie.<br \/>\nLes disques de rupture DonadonSDD Y90 utilisent une technologie sectorielle avanc\u00e9e et fournissent une protection fiable et pr\u00e9cise dans les applications les plus exigeantes, ce qui fait des disques de rupture DonadonSDD Y90 le meilleur choix pour la s\u00e9curit\u00e9 de votre usine.<br \/>\nLa faible plage de pression d&rsquo;\u00e9clatement rend le Y90 id\u00e9al pour offrir une limitation de pression aux \u00e9quipements pour lesquels la conformit\u00e9 \u00e0 la l\u00e9gislation sur les \u00e9quipements sous pression n&rsquo;est pas requise.<\/p>\n<h2>Caract\u00e9ristiques et avantages techniques<\/h2>\n<h3>Industries hygi\u00e9niques :<\/h3>\n<p>Con\u00e7u pour r\u00e9pondre aux normes de haute qualit\u00e9 exig\u00e9es par 3-A SSI, GMP et MOCA afin de garantir la sant\u00e9 publique gr\u00e2ce \u00e0 des \u00e9quipements d&rsquo;hygi\u00e8ne.<\/p>\n<h3>Conception de pointe :<\/h3>\n<p>Particuli\u00e8rement adapt\u00e9 aux industries pharmaceutiques, alimentaires et biotechnologiques, il repr\u00e9sente le nec plus ultra pour ces secteurs.<\/p>\n<h3>Surface lisse :<\/h3>\n<p>Finition de surface lisse (0,2&lt;Ra&lt;0,4 micron) le rend particuli\u00e8rement adapt\u00e9 aux traitements C.I.P. et S.I.P. pour maintenir des conditions aseptiques.<\/p>\n<h3>Joints certifi\u00e9s FDA :<\/h3>\n<p>Les joints en PTFE conformes aux normes FDA et USP classe VI, 3-A et Eu 10\/2011 facilitent l&rsquo;installation dans les raccords Clamp (sanitaires, Tri-Clamp, Tank Connection).<\/p>\n<h3>Normes de certification \u00e9lev\u00e9es :<\/h3>\n<p>Nos disques de rupture Y90 sont certifi\u00e9s conformes aux normes industrielles les plus strictes, notamment : PER 2016 UK Statutory Instruments 2016 No 1105 (UKCA STAMP) et CU TR 032 (EAC STAMP). La PED 2014\/68\/UE (CE STAMP) est \u00e9galement disponible &#8211; sur demande sp\u00e9cifique &#8211; pour les disques r\u00e9gl\u00e9s en dessous de 0,5 Barg. <\/p>\n<h3>Technologie avanc\u00e9e :<\/h3>\n<p>Les disques de rupture Y90 obtenus gr\u00e2ce \u00e0 notre technologie brevet\u00e9e Laser NS Nanoscored sont des disques \u00e0 action invers\u00e9e dont les sections calibr\u00e9es micro-scored s&rsquo;ouvrent sur la circonf\u00e9rence, r\u00e9duisant ainsi le risque de d\u00e9tachement des p\u00e9tales.<\/p>\n<h3>Des performances fiables :<\/h3>\n<p>Ils supportent des milliers de cycles sans compromettre leur fiabilit\u00e9, avec des rapports allant jusqu&rsquo;\u00e0 95 % entre la pression de fonctionnement et la pression de rupture.<\/p>\n<h3>Rupture rapide et non fragmentaire :<\/h3>\n<p>Le disque s&rsquo;ouvre compl\u00e8tement en quelques millisecondes le long d&rsquo;une ligne circonf\u00e9rentielle marqu\u00e9e sur la face aval du disque, \u00e9vitant ainsi la formation de fragments.<\/p>\n<h3>Conception polyvalente :<\/h3>\n<p>Convient aux gaz et aux liquides (en pr\u00e9sence d&rsquo;un volume minimum de vapeur libre), aux cycles et aux conditions pulsatoires sans r\u00e9duire les marges de s\u00e9curit\u00e9.<\/p>\n<h3>R\u00e9sistance \u00e0 la haute pression et au vide :<\/h3>\n<p>Ne n\u00e9cessite pas de support de vide, ce qui \u00e9vite les restrictions dans la zone de d\u00e9charge ; capable de r\u00e9sister \u00e0 des contre-pressions \u00e9lev\u00e9es.<\/p>\n<h2>Pourquoi choisir les disques de rupture DonadonSDD Y90 ?<\/h2>\n<ul>\n<li>Les normes de certification les plus \u00e9lev\u00e9es de l&rsquo;industrie, garantissant une s\u00e9curit\u00e9 optimale pour votre installation industrielle.<\/li>\n<li>Installation facile gr\u00e2ce aux joints PTFE certifi\u00e9s.<\/li>\n<li>Con\u00e7u pour r\u00e9pondre aux normes de qualit\u00e9 les plus strictes exig\u00e9es par 3-A SSI, GMP et MOCA afin de garantir la sant\u00e9 publique gr\u00e2ce \u00e0 des \u00e9quipements d&rsquo;hygi\u00e8ne.<\/li>\n<li>Fabriqu\u00e9 en acier inoxydable AISI 316L de haute qualit\u00e9 et conforme \u00e0 diverses r\u00e9glementations industrielles pour une utilisation s\u00fbre et efficace.<\/li>\n<li>Surface lisse du c\u00f4t\u00e9 du processus pour les traitements C.I.P. et S.I.P. afin de maintenir des conditions aseptiques.<\/li>\n<li>Convient aux industries pharmaceutiques, alimentaires et biotechnologiques.<\/li>\n<\/ul>\n","protected":false},"excerpt":{"rendered":"<p>Les disques de rupture \u00e0 action inverse Y90 de DonadonSDD sont des dispositifs de s\u00e9curit\u00e9 sp\u00e9cialement con\u00e7us pour \u00eatre r\u00e9gl\u00e9s \u00e0 une pression d&rsquo;\u00e9clatement tr\u00e8s basse, afin d&#8217;emp\u00eacher les variations soudaines de pression d&rsquo;endommager les installations industrielles. Les disques de rupture \u00e0 action inverse ont une cambrure de disque convexe qui reste inchang\u00e9e sous la [&hellip;]<\/p>\n","protected":false},"featured_media":10346,"menu_order":0,"template":"","meta":{"_acf_changed":false},"categoria_prodotto":[86,79,84],"class_list":["post-6461","product","type-product","status-publish","has-post-thumbnail","hentry","categoria_prodotto-reverse-acting","categoria_prodotto-rupture-discs","categoria_prodotto-sanitary"],"acf":[],"yoast_head":"<!-- This site is optimized with the Yoast SEO plugin v27.3 - https:\/\/yoast.com\/product\/yoast-seo-wordpress\/ -->\n<title>Disque de rupture sanitaire \u00e0 action inverse - Y90<\/title>\n<meta name=\"description\" content=\"Disque de rupture sanitaire \u00e0 action inverse pour les proc\u00e9d\u00e9s CIP et SIP \u00e0 tr\u00e8s faible pression de rupture. Conception enti\u00e8rement m\u00e9tallique, propre et non fragmentable, taux de fonctionnement jusqu&#039;\u00e0 95 %, certifi\u00e9 3-A, conforme aux normes PED et EAC.\" \/>\n<meta name=\"robots\" content=\"index, follow, max-snippet:-1, max-image-preview:large, max-video-preview:-1\" \/>\n<link rel=\"canonical\" href=\"https:\/\/www.donadonsdd.com\/fr\/produit\/y90-sanitary\/\" \/>\n<meta property=\"og:locale\" content=\"fr_FR\" \/>\n<meta property=\"og:type\" content=\"article\" \/>\n<meta property=\"og:title\" content=\"Disque de rupture sanitaire \u00e0 action inverse - Y90\" \/>\n<meta property=\"og:description\" content=\"Disque de rupture sanitaire \u00e0 action inverse pour les proc\u00e9d\u00e9s CIP et SIP \u00e0 tr\u00e8s faible pression de rupture. Conception enti\u00e8rement m\u00e9tallique, propre et non fragmentable, taux de fonctionnement jusqu&#039;\u00e0 95 %, certifi\u00e9 3-A, conforme aux normes PED et EAC.\" \/>\n<meta property=\"og:url\" content=\"https:\/\/www.donadonsdd.com\/fr\/produit\/y90-sanitary\/\" \/>\n<meta property=\"og:site_name\" content=\"DonadonSDD Srl\" \/>\n<meta property=\"article:modified_time\" content=\"2026-03-01T01:04:05+00:00\" \/>\n<meta property=\"og:image\" content=\"https:\/\/www.donadonsdd.com\/wp-content\/uploads\/2025\/12\/donadon-68.png\" \/>\n\t<meta property=\"og:image:width\" content=\"1800\" \/>\n\t<meta property=\"og:image:height\" content=\"1200\" \/>\n\t<meta property=\"og:image:type\" content=\"image\/png\" \/>\n<meta name=\"twitter:card\" content=\"summary_large_image\" \/>\n<meta name=\"twitter:label1\" content=\"Dur\u00e9e de lecture estim\u00e9e\" \/>\n\t<meta name=\"twitter:data1\" content=\"3 minutes\" \/>\n<script type=\"application\/ld+json\" class=\"yoast-schema-graph\">{\"@context\":\"https:\\\/\\\/schema.org\",\"@graph\":[{\"@type\":\"WebPage\",\"@id\":\"https:\\\/\\\/www.donadonsdd.com\\\/fr\\\/produit\\\/y90-sanitary\\\/\",\"url\":\"https:\\\/\\\/www.donadonsdd.com\\\/fr\\\/produit\\\/y90-sanitary\\\/\",\"name\":\"Disque de rupture sanitaire \u00e0 action inverse - Y90\",\"isPartOf\":{\"@id\":\"https:\\\/\\\/www.donadonsdd.com\\\/fr\\\/#website\"},\"primaryImageOfPage\":{\"@id\":\"https:\\\/\\\/www.donadonsdd.com\\\/fr\\\/produit\\\/y90-sanitary\\\/#primaryimage\"},\"image\":{\"@id\":\"https:\\\/\\\/www.donadonsdd.com\\\/fr\\\/produit\\\/y90-sanitary\\\/#primaryimage\"},\"thumbnailUrl\":\"https:\\\/\\\/www.donadonsdd.com\\\/wp-content\\\/uploads\\\/2025\\\/12\\\/donadon-68.png\",\"datePublished\":\"2025-12-09T09:38:43+00:00\",\"dateModified\":\"2026-03-01T01:04:05+00:00\",\"description\":\"Disque de rupture sanitaire \u00e0 action inverse pour les proc\u00e9d\u00e9s CIP et SIP \u00e0 tr\u00e8s faible pression de rupture. Conception enti\u00e8rement m\u00e9tallique, propre et non fragmentable, taux de fonctionnement jusqu'\u00e0 95 %, certifi\u00e9 3-A, conforme aux normes PED et EAC.\",\"breadcrumb\":{\"@id\":\"https:\\\/\\\/www.donadonsdd.com\\\/fr\\\/produit\\\/y90-sanitary\\\/#breadcrumb\"},\"inLanguage\":\"fr-FR\",\"potentialAction\":[{\"@type\":\"ReadAction\",\"target\":[\"https:\\\/\\\/www.donadonsdd.com\\\/fr\\\/produit\\\/y90-sanitary\\\/\"]}]},{\"@type\":\"ImageObject\",\"inLanguage\":\"fr-FR\",\"@id\":\"https:\\\/\\\/www.donadonsdd.com\\\/fr\\\/produit\\\/y90-sanitary\\\/#primaryimage\",\"url\":\"https:\\\/\\\/www.donadonsdd.com\\\/wp-content\\\/uploads\\\/2025\\\/12\\\/donadon-68.png\",\"contentUrl\":\"https:\\\/\\\/www.donadonsdd.com\\\/wp-content\\\/uploads\\\/2025\\\/12\\\/donadon-68.png\",\"width\":1800,\"height\":1200},{\"@type\":\"BreadcrumbList\",\"@id\":\"https:\\\/\\\/www.donadonsdd.com\\\/fr\\\/produit\\\/y90-sanitary\\\/#breadcrumb\",\"itemListElement\":[{\"@type\":\"ListItem\",\"position\":1,\"name\":\"HOMEPAGE\",\"item\":\"https:\\\/\\\/www.donadonsdd.com\\\/fr\\\/\"},{\"@type\":\"ListItem\",\"position\":2,\"name\":\"Disques de rupture sanitaires Y90 &#8211; Protection avanc\u00e9e contre la pression pour les industries hygi\u00e9niques\"}]},{\"@type\":\"WebSite\",\"@id\":\"https:\\\/\\\/www.donadonsdd.com\\\/fr\\\/#website\",\"url\":\"https:\\\/\\\/www.donadonsdd.com\\\/fr\\\/\",\"name\":\"DonadonSDD Srl\",\"description\":\"\",\"publisher\":{\"@id\":\"https:\\\/\\\/www.donadonsdd.com\\\/fr\\\/#organization\"},\"potentialAction\":[{\"@type\":\"SearchAction\",\"target\":{\"@type\":\"EntryPoint\",\"urlTemplate\":\"https:\\\/\\\/www.donadonsdd.com\\\/fr\\\/?s={search_term_string}\"},\"query-input\":{\"@type\":\"PropertyValueSpecification\",\"valueRequired\":true,\"valueName\":\"search_term_string\"}}],\"inLanguage\":\"fr-FR\"},{\"@type\":\"Organization\",\"@id\":\"https:\\\/\\\/www.donadonsdd.com\\\/fr\\\/#organization\",\"name\":\"DonadonSDD Srl\",\"url\":\"https:\\\/\\\/www.donadonsdd.com\\\/fr\\\/\",\"logo\":{\"@type\":\"ImageObject\",\"inLanguage\":\"fr-FR\",\"@id\":\"https:\\\/\\\/www.donadonsdd.com\\\/fr\\\/#\\\/schema\\\/logo\\\/image\\\/\",\"url\":\"https:\\\/\\\/www.donadonsdd.com\\\/wp-content\\\/uploads\\\/2025\\\/11\\\/donadonsdd-logo.png\",\"contentUrl\":\"https:\\\/\\\/www.donadonsdd.com\\\/wp-content\\\/uploads\\\/2025\\\/11\\\/donadonsdd-logo.png\",\"width\":544,\"height\":96,\"caption\":\"DonadonSDD Srl\"},\"image\":{\"@id\":\"https:\\\/\\\/www.donadonsdd.com\\\/fr\\\/#\\\/schema\\\/logo\\\/image\\\/\"}}]}<\/script>\n<!-- \/ Yoast SEO plugin. -->","yoast_head_json":{"title":"Disque de rupture sanitaire \u00e0 action inverse - Y90","description":"Disque de rupture sanitaire \u00e0 action inverse pour les proc\u00e9d\u00e9s CIP et SIP \u00e0 tr\u00e8s faible pression de rupture. Conception enti\u00e8rement m\u00e9tallique, propre et non fragmentable, taux de fonctionnement jusqu'\u00e0 95 %, certifi\u00e9 3-A, conforme aux normes PED et EAC.","robots":{"index":"index","follow":"follow","max-snippet":"max-snippet:-1","max-image-preview":"max-image-preview:large","max-video-preview":"max-video-preview:-1"},"canonical":"https:\/\/www.donadonsdd.com\/fr\/produit\/y90-sanitary\/","og_locale":"fr_FR","og_type":"article","og_title":"Disque de rupture sanitaire \u00e0 action inverse - Y90","og_description":"Disque de rupture sanitaire \u00e0 action inverse pour les proc\u00e9d\u00e9s CIP et SIP \u00e0 tr\u00e8s faible pression de rupture. Conception enti\u00e8rement m\u00e9tallique, propre et non fragmentable, taux de fonctionnement jusqu'\u00e0 95 %, certifi\u00e9 3-A, conforme aux normes PED et EAC.","og_url":"https:\/\/www.donadonsdd.com\/fr\/produit\/y90-sanitary\/","og_site_name":"DonadonSDD Srl","article_modified_time":"2026-03-01T01:04:05+00:00","og_image":[{"width":1800,"height":1200,"url":"https:\/\/www.donadonsdd.com\/wp-content\/uploads\/2025\/12\/donadon-68.png","type":"image\/png"}],"twitter_card":"summary_large_image","twitter_misc":{"Dur\u00e9e de lecture estim\u00e9e":"3 minutes"},"schema":{"@context":"https:\/\/schema.org","@graph":[{"@type":"WebPage","@id":"https:\/\/www.donadonsdd.com\/fr\/produit\/y90-sanitary\/","url":"https:\/\/www.donadonsdd.com\/fr\/produit\/y90-sanitary\/","name":"Disque de rupture sanitaire \u00e0 action inverse - Y90","isPartOf":{"@id":"https:\/\/www.donadonsdd.com\/fr\/#website"},"primaryImageOfPage":{"@id":"https:\/\/www.donadonsdd.com\/fr\/produit\/y90-sanitary\/#primaryimage"},"image":{"@id":"https:\/\/www.donadonsdd.com\/fr\/produit\/y90-sanitary\/#primaryimage"},"thumbnailUrl":"https:\/\/www.donadonsdd.com\/wp-content\/uploads\/2025\/12\/donadon-68.png","datePublished":"2025-12-09T09:38:43+00:00","dateModified":"2026-03-01T01:04:05+00:00","description":"Disque de rupture sanitaire \u00e0 action inverse pour les proc\u00e9d\u00e9s CIP et SIP \u00e0 tr\u00e8s faible pression de rupture. Conception enti\u00e8rement m\u00e9tallique, propre et non fragmentable, taux de fonctionnement jusqu'\u00e0 95 %, certifi\u00e9 3-A, conforme aux normes PED et EAC.","breadcrumb":{"@id":"https:\/\/www.donadonsdd.com\/fr\/produit\/y90-sanitary\/#breadcrumb"},"inLanguage":"fr-FR","potentialAction":[{"@type":"ReadAction","target":["https:\/\/www.donadonsdd.com\/fr\/produit\/y90-sanitary\/"]}]},{"@type":"ImageObject","inLanguage":"fr-FR","@id":"https:\/\/www.donadonsdd.com\/fr\/produit\/y90-sanitary\/#primaryimage","url":"https:\/\/www.donadonsdd.com\/wp-content\/uploads\/2025\/12\/donadon-68.png","contentUrl":"https:\/\/www.donadonsdd.com\/wp-content\/uploads\/2025\/12\/donadon-68.png","width":1800,"height":1200},{"@type":"BreadcrumbList","@id":"https:\/\/www.donadonsdd.com\/fr\/produit\/y90-sanitary\/#breadcrumb","itemListElement":[{"@type":"ListItem","position":1,"name":"HOMEPAGE","item":"https:\/\/www.donadonsdd.com\/fr\/"},{"@type":"ListItem","position":2,"name":"Disques de rupture sanitaires Y90 &#8211; Protection avanc\u00e9e contre la pression pour les industries hygi\u00e9niques"}]},{"@type":"WebSite","@id":"https:\/\/www.donadonsdd.com\/fr\/#website","url":"https:\/\/www.donadonsdd.com\/fr\/","name":"DonadonSDD Srl","description":"","publisher":{"@id":"https:\/\/www.donadonsdd.com\/fr\/#organization"},"potentialAction":[{"@type":"SearchAction","target":{"@type":"EntryPoint","urlTemplate":"https:\/\/www.donadonsdd.com\/fr\/?s={search_term_string}"},"query-input":{"@type":"PropertyValueSpecification","valueRequired":true,"valueName":"search_term_string"}}],"inLanguage":"fr-FR"},{"@type":"Organization","@id":"https:\/\/www.donadonsdd.com\/fr\/#organization","name":"DonadonSDD Srl","url":"https:\/\/www.donadonsdd.com\/fr\/","logo":{"@type":"ImageObject","inLanguage":"fr-FR","@id":"https:\/\/www.donadonsdd.com\/fr\/#\/schema\/logo\/image\/","url":"https:\/\/www.donadonsdd.com\/wp-content\/uploads\/2025\/11\/donadonsdd-logo.png","contentUrl":"https:\/\/www.donadonsdd.com\/wp-content\/uploads\/2025\/11\/donadonsdd-logo.png","width":544,"height":96,"caption":"DonadonSDD Srl"},"image":{"@id":"https:\/\/www.donadonsdd.com\/fr\/#\/schema\/logo\/image\/"}}]}},"toolset-meta":{"toolset-woocommerce-fields":{"_download_limit":{"type":"numeric","raw":""},"_virtual":{"type":"checkbox","raw":""},"_downloadable":{"type":"checkbox","raw":""},"_download_expiry":{"type":"numeric","raw":""},"_download_type":{"type":"radio","raw":""},"_regular_price":{"type":"numeric","raw":""},"_sale_price":{"type":"numeric","raw":""},"_sale_price_dates_from":{"type":"date","raw":"","formatted":null},"_sale_price_dates_to":{"type":"date","raw":"","formatted":null},"_sku":{"type":"textfield","raw":""},"_manage_stock":{"type":"checkbox","raw":""},"_stock_status":{"type":"radio","raw":""},"_stock":{"type":"numeric","raw":""},"_backorders":{"type":"radio","raw":""},"_sold_individually":{"type":"checkbox","raw":""},"_width":{"type":"numeric","raw":""},"_weight":{"type":"numeric","raw":""},"_length":{"type":"numeric","raw":""},"_purchase_note":{"type":"textarea","raw":""}},"infografica":{"operation-ratio":{"type":"textfield","raw":"jusqu'\u00e0 95%"},"non-fragmenting":{"type":"textfield","raw":"oui"},"vacumm-resistant":{"type":"textfield","raw":"oui"},"sanitary":{"type":"textfield","raw":"oui"},"liquid":{"type":"textfield","raw":"oui, en pr\u00e9sence d'un volume minimum de vapeur libre"},"vapor-gas":{"type":"textfield","raw":"oui"},"ferrules":{"type":"textfield","raw":""}},"dettagli-prodotto":{"immagini-prodotto":{"type":"image","raw":["https:\/\/www.donadonsdd.com\/wp-content\/uploads\/2025\/12\/donadon-68_result.webp","https:\/\/www.donadonsdd.com\/wp-content\/uploads\/2025\/12\/donadon-69_result.webp"],"repeatable":[{"raw":"https:\/\/www.donadonsdd.com\/wp-content\/uploads\/2025\/12\/donadon-68_result.webp","attachment_id":6462},{"raw":"https:\/\/www.donadonsdd.com\/wp-content\/uploads\/2025\/12\/donadon-69_result.webp","attachment_id":6463}]},"tabella-specifiche":{"type":"wysiwyg","raw":"<p class=\"p1\">MOD\u00c8LE|Y90 ;\nMAT\u00c9RIAUX|Acier inoxydable, alliage 201, alliage 400, alliage 600, alliage 625, alliage C276, titane ;\nMAT\u00c9RIAUX DES JOINTS|PTFE ;\nDIMENSIONS|De DN25 (1 pouce) \u00e0 DN150 (6 pouces) ;\nPRESSION DE RUPTURE|0,1 - 8 bar g (selon la taille et le mat\u00e9riau) ;\nTOL\u00c9RANCE | de +\/- 5 % \u00e0 +\/- 20 % ;\nTEMPERATURE DE FONCTIONNEMENT|Max 260\u00b0C (Joints en PTFE) ;\nFRAGMENTATION|Non ;\nUTILISATION EN COMBINAISON AVEC PSV|Convient ;\nMARGE DE FONCTIONNEMENT|90% - Peut atteindre jusqu'\u00e0 95% en fonction des conditions de service.. ;\nR\u00c9SISTANCE \u00c0 LA PRESSION DU VIDE|Oui, autoportant dans des conditions de vide ;\nR\u00c9SISTANCE \u00c0 LA CORROSION|Tr\u00e8s bonne ;\nDOUBLURES|Disponibles en PTFE et PFA ;\nHOLDER| <a href=\"https:\/\/www.donadonsdd.com\/fr\/produit\/htc\/\">HTC<\/a>;\nD\u00c9TECTEUR DE RUPTURE| <a href=\"https:\/\/www.donadonsdd.com\/fr\/produits\/indicateurs-de-rupture\/electrique\/\">\u00c9lectrique<\/a>;<\/p>"}}},"_links":{"self":[{"href":"https:\/\/www.donadonsdd.com\/fr\/wp-json\/wp\/v2\/product\/6461","targetHints":{"allow":["GET"]}}],"collection":[{"href":"https:\/\/www.donadonsdd.com\/fr\/wp-json\/wp\/v2\/product"}],"about":[{"href":"https:\/\/www.donadonsdd.com\/fr\/wp-json\/wp\/v2\/types\/product"}],"wp:featuredmedia":[{"embeddable":true,"href":"https:\/\/www.donadonsdd.com\/fr\/wp-json\/wp\/v2\/media\/10346"}],"wp:attachment":[{"href":"https:\/\/www.donadonsdd.com\/fr\/wp-json\/wp\/v2\/media?parent=6461"}],"wp:term":[{"taxonomy":"categoria_prodotto","embeddable":true,"href":"https:\/\/www.donadonsdd.com\/fr\/wp-json\/wp\/v2\/categoria_prodotto?post=6461"}],"curies":[{"name":"wp","href":"https:\/\/api.w.org\/{rel}","templated":true}]}}