{"id":6490,"date":"2025-12-10T00:25:58","date_gmt":"2025-12-09T23:25:58","guid":{"rendered":"https:\/\/www.donadonsdd.com\/product\/disques-de-rupture-sanitaires-scr-protection-avancee-contre-la-pression-pour-les-industries-hygieniques\/"},"modified":"2026-03-01T01:58:16","modified_gmt":"2026-03-01T00:58:16","slug":"scr-sanitary","status":"publish","type":"product","link":"https:\/\/www.donadonsdd.com\/fr\/produit\/scr-sanitary\/","title":{"rendered":"Disques de rupture sanitaires SCR &#8211; Protection avanc\u00e9e contre la pression pour les industries hygi\u00e9niques"},"content":{"rendered":"<p>Les disques de rupture SCR \u00e0 action inverse de DonadonSDD sont des dispositifs de s\u00e9curit\u00e9 essentiels qui emp\u00eachent les variations soudaines de pression d&rsquo;endommager les installations industrielles.<br \/>\nLes disques de rupture \u00e0 action inverse ont une cambrure de disque convexe qui reste inchang\u00e9e sous la pression de fonctionnement jusqu&rsquo;\u00e0 ce que la pression inverse soit atteinte, ce qui peut assurer une longue dur\u00e9e de vie.<br \/>\nLes disques de rupture SCR de DonadonSDD utilisent une technologie sectorielle avanc\u00e9e et fournissent une performance et une fiabilit\u00e9 am\u00e9lior\u00e9es pour offrir une protection pr\u00e9cise dans les applications les plus risqu\u00e9es, faisant des disques de rupture SCR de DonadonSDD le meilleur choix pour la s\u00e9curit\u00e9 de votre usine.<\/p>\n<h2>Caract\u00e9ristiques et avantages techniques<\/h2>\n<h3>Applications hygi\u00e9niques :<\/h3>\n<p>Con\u00e7u pour r\u00e9pondre aux normes de haute qualit\u00e9 exig\u00e9es par 3-A SSI, GMP et MOCA afin de garantir la sant\u00e9 publique gr\u00e2ce \u00e0 des \u00e9quipements hygi\u00e9niques.<\/p>\n<h3>Surface lisse :<\/h3>\n<p>Finition de surface lisse (0,2&lt;Ra&lt;0,4 micron) le rend particuli\u00e8rement adapt\u00e9 aux traitements C.I.P. et S.I.P. pour maintenir des conditions aseptiques.<\/p>\n<h3>Joints certifi\u00e9s FDA :<\/h3>\n<p>Joints PTFE certifi\u00e9s conformes aux normes FDA et USP classe VI, 3-A, et Eu 10\/2011 pour une installation facile dans les raccords Clamp (sanitaires, Tri-Clamp, Tank Connection).<\/p>\n<h3>Normes de certification \u00e9lev\u00e9es :<\/h3>\n<p>Nos disques SCR sont certifi\u00e9s conformes aux normes les plus strictes, notamment ASME XIII (UD STAMP), PED 2014\/68\/UE (CE STAMP), ATEX EX II 2 GD (CE STAMP), PER 2016 UK Statutory Instruments 2016 No 1105 (UKCA STAMP), CU TR 032 (EAC STAMP).<\/p>\n<h3>Technologie avanc\u00e9e :<\/h3>\n<p>Les disques de rupture SCR obtenus gr\u00e2ce \u00e0 notre technologie brevet\u00e9e Laser NS NanoScored sont des disques \u00e0 action inverse dont les sections calibr\u00e9es micro-scores s&rsquo;ouvrent en p\u00e9tales, r\u00e9duisant ainsi le risque de d\u00e9tachement des p\u00e9tales.<\/p>\n<h3>Large gamme de mat\u00e9riaux et d&rsquo;\u00e9paisseurs :<\/h3>\n<p>Rev\u00eatement PTFE ou PFA (approuv\u00e9 par la FDA) disponible pour une protection accrue.<\/p>\n<h3>Des performances fiables :<\/h3>\n<p>Ils supportent des milliers de cycles sans compromettre leur fiabilit\u00e9, avec des rapports allant jusqu&rsquo;\u00e0 95 % entre la pression de fonctionnement et la pression de rupture.<\/p>\n<h3>Rupture rapide et non fragmentaire :<\/h3>\n<p>Le disque s&rsquo;ouvre compl\u00e8tement en quelques millisecondes le long des lignes de p\u00e9tales trac\u00e9es sur la face aval du disque, emp\u00eachant ainsi la formation de fragments.<\/p>\n<h3>Conception polyvalente :<\/h3>\n<p>Convient pour des pressions d&rsquo;\u00e9clatement faibles ou \u00e9lev\u00e9es ; peut \u00eatre utilis\u00e9 avec des gaz et des liquides (en pr\u00e9sence d&rsquo;un volume minimum de vapeur libre), dans des conditions cycliques et pulsatoires sans r\u00e9duction des marges de s\u00e9curit\u00e9.<\/p>\n<h3>R\u00e9sistant \u00e0 la haute pression et au vide :<\/h3>\n<p>Ne n\u00e9cessite pas de support de vide, ce qui \u00e9vite les restrictions dans la zone de d\u00e9charge ; capable de r\u00e9sister \u00e0 des contre-pressions \u00e9lev\u00e9es.<\/p>\n<h2>Pourquoi choisir les disques de rupture DonadonSDD SCR ?<\/h2>\n<ul>\n<li>Certifi\u00e9 selon les normes les plus strictes, il garantit des performances et une fiabilit\u00e9 optimales.<\/li>\n<li>Conception de pointe : Particuli\u00e8rement adapt\u00e9 aux industries pharmaceutiques, alimentaires et biotechnologiques, il repr\u00e9sente ce qui se fait de mieux dans ces secteurs.<\/li>\n<li>Fabriqu\u00e9 \u00e0 partir de mat\u00e9riaux de haute qualit\u00e9 pour assurer la durabilit\u00e9 et l&rsquo;asepsie.<\/li>\n<li>Installation facile gr\u00e2ce aux joints PTFE certifi\u00e9s.<\/li>\n<li>Krg (perte de charge de la vitesse certifi\u00e9e par l&rsquo;ASME) = 0,48, l&rsquo;une des plus faibles du march\u00e9.<\/li>\n<\/ul>\n","protected":false},"excerpt":{"rendered":"<p>Les disques de rupture SCR \u00e0 action inverse de DonadonSDD sont des dispositifs de s\u00e9curit\u00e9 essentiels qui emp\u00eachent les variations soudaines de pression d&rsquo;endommager les installations industrielles. Les disques de rupture \u00e0 action inverse ont une cambrure de disque convexe qui reste inchang\u00e9e sous la pression de fonctionnement jusqu&rsquo;\u00e0 ce que la pression inverse soit [&hellip;]<\/p>\n","protected":false},"featured_media":6496,"menu_order":0,"template":"","meta":{"_acf_changed":false},"categoria_prodotto":[86,79,84],"class_list":["post-6490","product","type-product","status-publish","has-post-thumbnail","hentry","categoria_prodotto-reverse-acting","categoria_prodotto-rupture-discs","categoria_prodotto-sanitary"],"acf":[],"yoast_head":"<!-- This site is optimized with the Yoast SEO plugin v27.3 - https:\/\/yoast.com\/product\/yoast-seo-wordpress\/ -->\n<title>Disque de rupture sanitaire \u00e0 flambage invers\u00e9 - SCR<\/title>\n<meta name=\"description\" content=\"Disque de rupture sanitaire \u00e0 action inverse pour les processus hygi\u00e9niques. Pression d&#039;\u00e9clatement fiable et r\u00e9sistance \u00e9lev\u00e9e aux cycles, conforme aux normes ASME et PED, certifi\u00e9 3-A, fabriqu\u00e9 selon des processus contr\u00f4l\u00e9s par les BPF et utilisant des mat\u00e9riaux conformes aux exigences de la MOCA.\" \/>\n<meta name=\"robots\" content=\"index, follow, max-snippet:-1, max-image-preview:large, max-video-preview:-1\" \/>\n<link rel=\"canonical\" href=\"https:\/\/www.donadonsdd.com\/fr\/produit\/scr-sanitary\/\" \/>\n<meta property=\"og:locale\" content=\"fr_FR\" \/>\n<meta property=\"og:type\" content=\"article\" \/>\n<meta property=\"og:title\" content=\"Disque de rupture sanitaire \u00e0 flambage invers\u00e9 - SCR\" \/>\n<meta property=\"og:description\" content=\"Disque de rupture sanitaire \u00e0 action inverse pour les processus hygi\u00e9niques. Pression d&#039;\u00e9clatement fiable et r\u00e9sistance \u00e9lev\u00e9e aux cycles, conforme aux normes ASME et PED, certifi\u00e9 3-A, fabriqu\u00e9 selon des processus contr\u00f4l\u00e9s par les BPF et utilisant des mat\u00e9riaux conformes aux exigences de la MOCA.\" \/>\n<meta property=\"og:url\" content=\"https:\/\/www.donadonsdd.com\/fr\/produit\/scr-sanitary\/\" \/>\n<meta property=\"og:site_name\" content=\"DonadonSDD Srl\" \/>\n<meta property=\"article:modified_time\" content=\"2026-03-01T00:58:16+00:00\" \/>\n<meta property=\"og:image\" content=\"https:\/\/www.donadonsdd.com\/wp-content\/uploads\/2025\/12\/donadon-4-e1766346878480.png\" \/>\n\t<meta property=\"og:image:width\" content=\"1218\" \/>\n\t<meta property=\"og:image:height\" content=\"812\" \/>\n\t<meta property=\"og:image:type\" content=\"image\/png\" \/>\n<meta name=\"twitter:card\" content=\"summary_large_image\" \/>\n<meta name=\"twitter:label1\" content=\"Dur\u00e9e de lecture estim\u00e9e\" \/>\n\t<meta name=\"twitter:data1\" content=\"3 minutes\" \/>\n<script type=\"application\/ld+json\" class=\"yoast-schema-graph\">{\"@context\":\"https:\\\/\\\/schema.org\",\"@graph\":[{\"@type\":\"WebPage\",\"@id\":\"https:\\\/\\\/www.donadonsdd.com\\\/fr\\\/produit\\\/scr-sanitary\\\/\",\"url\":\"https:\\\/\\\/www.donadonsdd.com\\\/fr\\\/produit\\\/scr-sanitary\\\/\",\"name\":\"Disque de rupture sanitaire \u00e0 flambage invers\u00e9 - SCR\",\"isPartOf\":{\"@id\":\"https:\\\/\\\/www.donadonsdd.com\\\/fr\\\/#website\"},\"primaryImageOfPage\":{\"@id\":\"https:\\\/\\\/www.donadonsdd.com\\\/fr\\\/produit\\\/scr-sanitary\\\/#primaryimage\"},\"image\":{\"@id\":\"https:\\\/\\\/www.donadonsdd.com\\\/fr\\\/produit\\\/scr-sanitary\\\/#primaryimage\"},\"thumbnailUrl\":\"https:\\\/\\\/www.donadonsdd.com\\\/wp-content\\\/uploads\\\/2025\\\/12\\\/donadon-4-e1766346878480.png\",\"datePublished\":\"2025-12-09T23:25:58+00:00\",\"dateModified\":\"2026-03-01T00:58:16+00:00\",\"description\":\"Disque de rupture sanitaire \u00e0 action inverse pour les processus hygi\u00e9niques. Pression d'\u00e9clatement fiable et r\u00e9sistance \u00e9lev\u00e9e aux cycles, conforme aux normes ASME et PED, certifi\u00e9 3-A, fabriqu\u00e9 selon des processus contr\u00f4l\u00e9s par les BPF et utilisant des mat\u00e9riaux conformes aux exigences de la MOCA.\",\"breadcrumb\":{\"@id\":\"https:\\\/\\\/www.donadonsdd.com\\\/fr\\\/produit\\\/scr-sanitary\\\/#breadcrumb\"},\"inLanguage\":\"fr-FR\",\"potentialAction\":[{\"@type\":\"ReadAction\",\"target\":[\"https:\\\/\\\/www.donadonsdd.com\\\/fr\\\/produit\\\/scr-sanitary\\\/\"]}]},{\"@type\":\"ImageObject\",\"inLanguage\":\"fr-FR\",\"@id\":\"https:\\\/\\\/www.donadonsdd.com\\\/fr\\\/produit\\\/scr-sanitary\\\/#primaryimage\",\"url\":\"https:\\\/\\\/www.donadonsdd.com\\\/wp-content\\\/uploads\\\/2025\\\/12\\\/donadon-4-e1766346878480.png\",\"contentUrl\":\"https:\\\/\\\/www.donadonsdd.com\\\/wp-content\\\/uploads\\\/2025\\\/12\\\/donadon-4-e1766346878480.png\",\"width\":1218,\"height\":812},{\"@type\":\"BreadcrumbList\",\"@id\":\"https:\\\/\\\/www.donadonsdd.com\\\/fr\\\/produit\\\/scr-sanitary\\\/#breadcrumb\",\"itemListElement\":[{\"@type\":\"ListItem\",\"position\":1,\"name\":\"HOMEPAGE\",\"item\":\"https:\\\/\\\/www.donadonsdd.com\\\/fr\\\/\"},{\"@type\":\"ListItem\",\"position\":2,\"name\":\"Disques de rupture sanitaires SCR &#8211; Protection avanc\u00e9e contre la pression pour les industries hygi\u00e9niques\"}]},{\"@type\":\"WebSite\",\"@id\":\"https:\\\/\\\/www.donadonsdd.com\\\/fr\\\/#website\",\"url\":\"https:\\\/\\\/www.donadonsdd.com\\\/fr\\\/\",\"name\":\"DonadonSDD Srl\",\"description\":\"\",\"publisher\":{\"@id\":\"https:\\\/\\\/www.donadonsdd.com\\\/fr\\\/#organization\"},\"potentialAction\":[{\"@type\":\"SearchAction\",\"target\":{\"@type\":\"EntryPoint\",\"urlTemplate\":\"https:\\\/\\\/www.donadonsdd.com\\\/fr\\\/?s={search_term_string}\"},\"query-input\":{\"@type\":\"PropertyValueSpecification\",\"valueRequired\":true,\"valueName\":\"search_term_string\"}}],\"inLanguage\":\"fr-FR\"},{\"@type\":\"Organization\",\"@id\":\"https:\\\/\\\/www.donadonsdd.com\\\/fr\\\/#organization\",\"name\":\"DonadonSDD Srl\",\"url\":\"https:\\\/\\\/www.donadonsdd.com\\\/fr\\\/\",\"logo\":{\"@type\":\"ImageObject\",\"inLanguage\":\"fr-FR\",\"@id\":\"https:\\\/\\\/www.donadonsdd.com\\\/fr\\\/#\\\/schema\\\/logo\\\/image\\\/\",\"url\":\"https:\\\/\\\/www.donadonsdd.com\\\/wp-content\\\/uploads\\\/2025\\\/11\\\/donadonsdd-logo.png\",\"contentUrl\":\"https:\\\/\\\/www.donadonsdd.com\\\/wp-content\\\/uploads\\\/2025\\\/11\\\/donadonsdd-logo.png\",\"width\":544,\"height\":96,\"caption\":\"DonadonSDD Srl\"},\"image\":{\"@id\":\"https:\\\/\\\/www.donadonsdd.com\\\/fr\\\/#\\\/schema\\\/logo\\\/image\\\/\"}}]}<\/script>\n<!-- \/ Yoast SEO plugin. -->","yoast_head_json":{"title":"Disque de rupture sanitaire \u00e0 flambage invers\u00e9 - SCR","description":"Disque de rupture sanitaire \u00e0 action inverse pour les processus hygi\u00e9niques. Pression d'\u00e9clatement fiable et r\u00e9sistance \u00e9lev\u00e9e aux cycles, conforme aux normes ASME et PED, certifi\u00e9 3-A, fabriqu\u00e9 selon des processus contr\u00f4l\u00e9s par les BPF et utilisant des mat\u00e9riaux conformes aux exigences de la MOCA.","robots":{"index":"index","follow":"follow","max-snippet":"max-snippet:-1","max-image-preview":"max-image-preview:large","max-video-preview":"max-video-preview:-1"},"canonical":"https:\/\/www.donadonsdd.com\/fr\/produit\/scr-sanitary\/","og_locale":"fr_FR","og_type":"article","og_title":"Disque de rupture sanitaire \u00e0 flambage invers\u00e9 - SCR","og_description":"Disque de rupture sanitaire \u00e0 action inverse pour les processus hygi\u00e9niques. Pression d'\u00e9clatement fiable et r\u00e9sistance \u00e9lev\u00e9e aux cycles, conforme aux normes ASME et PED, certifi\u00e9 3-A, fabriqu\u00e9 selon des processus contr\u00f4l\u00e9s par les BPF et utilisant des mat\u00e9riaux conformes aux exigences de la MOCA.","og_url":"https:\/\/www.donadonsdd.com\/fr\/produit\/scr-sanitary\/","og_site_name":"DonadonSDD Srl","article_modified_time":"2026-03-01T00:58:16+00:00","og_image":[{"width":1218,"height":812,"url":"https:\/\/www.donadonsdd.com\/wp-content\/uploads\/2025\/12\/donadon-4-e1766346878480.png","type":"image\/png"}],"twitter_card":"summary_large_image","twitter_misc":{"Dur\u00e9e de lecture estim\u00e9e":"3 minutes"},"schema":{"@context":"https:\/\/schema.org","@graph":[{"@type":"WebPage","@id":"https:\/\/www.donadonsdd.com\/fr\/produit\/scr-sanitary\/","url":"https:\/\/www.donadonsdd.com\/fr\/produit\/scr-sanitary\/","name":"Disque de rupture sanitaire \u00e0 flambage invers\u00e9 - SCR","isPartOf":{"@id":"https:\/\/www.donadonsdd.com\/fr\/#website"},"primaryImageOfPage":{"@id":"https:\/\/www.donadonsdd.com\/fr\/produit\/scr-sanitary\/#primaryimage"},"image":{"@id":"https:\/\/www.donadonsdd.com\/fr\/produit\/scr-sanitary\/#primaryimage"},"thumbnailUrl":"https:\/\/www.donadonsdd.com\/wp-content\/uploads\/2025\/12\/donadon-4-e1766346878480.png","datePublished":"2025-12-09T23:25:58+00:00","dateModified":"2026-03-01T00:58:16+00:00","description":"Disque de rupture sanitaire \u00e0 action inverse pour les processus hygi\u00e9niques. Pression d'\u00e9clatement fiable et r\u00e9sistance \u00e9lev\u00e9e aux cycles, conforme aux normes ASME et PED, certifi\u00e9 3-A, fabriqu\u00e9 selon des processus contr\u00f4l\u00e9s par les BPF et utilisant des mat\u00e9riaux conformes aux exigences de la MOCA.","breadcrumb":{"@id":"https:\/\/www.donadonsdd.com\/fr\/produit\/scr-sanitary\/#breadcrumb"},"inLanguage":"fr-FR","potentialAction":[{"@type":"ReadAction","target":["https:\/\/www.donadonsdd.com\/fr\/produit\/scr-sanitary\/"]}]},{"@type":"ImageObject","inLanguage":"fr-FR","@id":"https:\/\/www.donadonsdd.com\/fr\/produit\/scr-sanitary\/#primaryimage","url":"https:\/\/www.donadonsdd.com\/wp-content\/uploads\/2025\/12\/donadon-4-e1766346878480.png","contentUrl":"https:\/\/www.donadonsdd.com\/wp-content\/uploads\/2025\/12\/donadon-4-e1766346878480.png","width":1218,"height":812},{"@type":"BreadcrumbList","@id":"https:\/\/www.donadonsdd.com\/fr\/produit\/scr-sanitary\/#breadcrumb","itemListElement":[{"@type":"ListItem","position":1,"name":"HOMEPAGE","item":"https:\/\/www.donadonsdd.com\/fr\/"},{"@type":"ListItem","position":2,"name":"Disques de rupture sanitaires SCR &#8211; Protection avanc\u00e9e contre la pression pour les industries hygi\u00e9niques"}]},{"@type":"WebSite","@id":"https:\/\/www.donadonsdd.com\/fr\/#website","url":"https:\/\/www.donadonsdd.com\/fr\/","name":"DonadonSDD Srl","description":"","publisher":{"@id":"https:\/\/www.donadonsdd.com\/fr\/#organization"},"potentialAction":[{"@type":"SearchAction","target":{"@type":"EntryPoint","urlTemplate":"https:\/\/www.donadonsdd.com\/fr\/?s={search_term_string}"},"query-input":{"@type":"PropertyValueSpecification","valueRequired":true,"valueName":"search_term_string"}}],"inLanguage":"fr-FR"},{"@type":"Organization","@id":"https:\/\/www.donadonsdd.com\/fr\/#organization","name":"DonadonSDD Srl","url":"https:\/\/www.donadonsdd.com\/fr\/","logo":{"@type":"ImageObject","inLanguage":"fr-FR","@id":"https:\/\/www.donadonsdd.com\/fr\/#\/schema\/logo\/image\/","url":"https:\/\/www.donadonsdd.com\/wp-content\/uploads\/2025\/11\/donadonsdd-logo.png","contentUrl":"https:\/\/www.donadonsdd.com\/wp-content\/uploads\/2025\/11\/donadonsdd-logo.png","width":544,"height":96,"caption":"DonadonSDD Srl"},"image":{"@id":"https:\/\/www.donadonsdd.com\/fr\/#\/schema\/logo\/image\/"}}]}},"toolset-meta":{"toolset-woocommerce-fields":{"_download_limit":{"type":"numeric","raw":""},"_virtual":{"type":"checkbox","raw":""},"_downloadable":{"type":"checkbox","raw":""},"_download_expiry":{"type":"numeric","raw":""},"_download_type":{"type":"radio","raw":""},"_regular_price":{"type":"numeric","raw":""},"_sale_price":{"type":"numeric","raw":""},"_sale_price_dates_from":{"type":"date","raw":"","formatted":null},"_sale_price_dates_to":{"type":"date","raw":"","formatted":null},"_sku":{"type":"textfield","raw":""},"_manage_stock":{"type":"checkbox","raw":""},"_stock_status":{"type":"radio","raw":""},"_stock":{"type":"numeric","raw":""},"_backorders":{"type":"radio","raw":""},"_sold_individually":{"type":"checkbox","raw":""},"_width":{"type":"numeric","raw":""},"_weight":{"type":"numeric","raw":""},"_length":{"type":"numeric","raw":""},"_purchase_note":{"type":"textarea","raw":""}},"infografica":{"operation-ratio":{"type":"textfield","raw":"jusqu'\u00e0 95%"},"non-fragmenting":{"type":"textfield","raw":"oui"},"vacumm-resistant":{"type":"textfield","raw":"oui"},"sanitary":{"type":"textfield","raw":"oui"},"liquid":{"type":"textfield","raw":"oui, en pr\u00e9sence d'un volume minimum de vapeur libre"},"vapor-gas":{"type":"textfield","raw":"oui"},"ferrules":{"type":"textfield","raw":""}},"dettagli-prodotto":{"immagini-prodotto":{"type":"image","raw":["https:\/\/www.donadonsdd.com\/wp-content\/uploads\/2025\/12\/donadon-4_result.webp","https:\/\/www.donadonsdd.com\/wp-content\/uploads\/2025\/12\/donadon-6_result-1.webp"],"repeatable":[{"raw":"https:\/\/www.donadonsdd.com\/wp-content\/uploads\/2025\/12\/donadon-4_result.webp","attachment_id":6497},{"raw":"https:\/\/www.donadonsdd.com\/wp-content\/uploads\/2025\/12\/donadon-6_result-1.webp","attachment_id":6498}]},"tabella-specifiche":{"type":"wysiwyg","raw":"<p class=\"p1\">MOD\u00c8LE|SCR ;\nMAT\u00c9RIAUX|Acier inoxydable, alliage 201, alliage 400, alliage 600, alliage 625, alliage C276, titane ;\nMAT\u00c9RIAUX DES JOINTS|PTFE ;\nDIMENSIONS|De DN25 (1 pouce) \u00e0 DN150 (6 pouces) ;\nPRESSION DE RUPTURE|0,4 - 8 bar g (selon la taille et le mat\u00e9riau) ;\nKR G|0,48 ;\nTOL\u00c9RANCE | de +\/- 5 % \u00e0 +\/- 20 % ;\nTEMPERATURE DE FONCTIONNEMENT|Max 260\u00b0C (Joints en PTFE) ;\nFRAGMENTATION|Non ;\nUTILISATION EN COMBINAISON AVEC PSV|Convient ;\nMARGE DE FONCTIONNEMENT|90% - Peut atteindre jusqu'\u00e0 95% en fonction des conditions de service.. ;\nR\u00c9SISTANCE \u00c0 LA PRESSION DU VIDE|Oui, autoportant dans des conditions de vide ;\nRESISTANCE A LA CORROSION|Tr\u00e8s bon ;\nDOUBLURES|Disponibles en PTFE et PFA ;\nHOLDER| <a href=\"https:\/\/www.donadonsdd.com\/fr\/produit\/htc\/\">HTC<\/a>;\nD\u00c9TECTEUR DE RUPTURE| <a href=\"https:\/\/www.donadonsdd.com\/fr\/produits\/indicateurs-de-rupture\/electrique\/\">\u00c9lectrique<\/a>;<\/p>"}}},"_links":{"self":[{"href":"https:\/\/www.donadonsdd.com\/fr\/wp-json\/wp\/v2\/product\/6490","targetHints":{"allow":["GET"]}}],"collection":[{"href":"https:\/\/www.donadonsdd.com\/fr\/wp-json\/wp\/v2\/product"}],"about":[{"href":"https:\/\/www.donadonsdd.com\/fr\/wp-json\/wp\/v2\/types\/product"}],"wp:featuredmedia":[{"embeddable":true,"href":"https:\/\/www.donadonsdd.com\/fr\/wp-json\/wp\/v2\/media\/6496"}],"wp:attachment":[{"href":"https:\/\/www.donadonsdd.com\/fr\/wp-json\/wp\/v2\/media?parent=6490"}],"wp:term":[{"taxonomy":"categoria_prodotto","embeddable":true,"href":"https:\/\/www.donadonsdd.com\/fr\/wp-json\/wp\/v2\/categoria_prodotto?post=6490"}],"curies":[{"name":"wp","href":"https:\/\/api.w.org\/{rel}","templated":true}]}}