{"id":6499,"date":"2025-12-09T11:46:02","date_gmt":"2025-12-09T10:46:02","guid":{"rendered":"https:\/\/www.donadonsdd.com\/product\/disques-de-rupture-tcd-dispositifs-de-securite-fiables-pour-les-camions-citernes\/"},"modified":"2026-03-01T02:00:23","modified_gmt":"2026-03-01T01:00:23","slug":"tcd","status":"publish","type":"product","link":"https:\/\/www.donadonsdd.com\/fr\/produit\/tcd\/","title":{"rendered":"Disques de rupture TCD &#8211; Dispositifs de s\u00e9curit\u00e9 fiables pour les camions-citernes"},"content":{"rendered":"<p>Les disques de rupture \u00e0 action inverse KRD de DonadonSDD sont des dispositifs de s\u00e9curit\u00e9 critiques qui prot\u00e8gent votre installation industrielle en emp\u00eachant les mont\u00e9es en pression soudaines.<br \/>\nLes disques de rupture \u00e0 action inverse ont une cambrure convexe qui reste inchang\u00e9e sous la pression de fonctionnement jusqu&rsquo;\u00e0 ce que la pression inverse soit atteinte, ce qui peut garantir une longue dur\u00e9e de vie.<br \/>\nLes disques de rupture DonadonSDD KRD incorporent une technologie sectorielle de pointe et fournissent une protection fiable et pr\u00e9cise dans les applications les plus exigeantes, faisant des disques de rupture DonadonSDD KRD le meilleur choix pour la s\u00e9curit\u00e9 de votre usine.<br \/>\nSa conception sp\u00e9cifique rend le KRD id\u00e9al pour o\ufb00er une protection contre la pression \u00e0 l&rsquo;\u00e9quipement o\u00f9 un \ufb02uide plein est pr\u00e9sent.<\/p>\n<h2>Caract\u00e9ristiques et avantages techniques<\/h2>\n<h3>Normes de certi\ufb01cation \u00e9lev\u00e9es :<\/h3>\n<p>Nos disques de rupture TCD sont certifi\u00e9s conformes aux normes internationales les plus strictes, notamment PED 2014\/68\/UE (CE STAMP), ATEX EX II 2 GD (CE STAMP), PER 2016 UK Statutory Instruments 2016 No 1105 (UKCA STAMP), et CU TR 032 (EAC STAMP).<\/p>\n<h3>Technique :<\/h3>\n<p>Compos\u00e9 d&rsquo;une partie m\u00e9tallique perfor\u00e9e et fendue, d&rsquo;une membrane d&rsquo;\u00e9tanch\u00e9it\u00e9 (g\u00e9n\u00e9ralement en PTFE ou PFA), d&rsquo;une section de protection et d&rsquo;une bague d&rsquo;\u00e9talonnage.<\/p>\n<h3>Applications :<\/h3>\n<p>Con\u00e7u pour \u00eatre mont\u00e9 sur des camions-citernes ou des wagons-citernes contenant des liquides et des gaz dans des conditions statiques, cycliques et pulsatoires.<\/p>\n<h3>Non fragment\u00e9 :<\/h3>\n<p>R\u00e9pond \u00e0 une pression excessive avec une ouverture totale en quelques millisecondes sans fragmentation des couches m\u00e9talliques.<\/p>\n<h2>Pourquoi choisir les disques de rupture DonadonSDD TCD ?<\/h2>\n<ul>\n<li>  Les disques de rupture DonadonSDD TCD sont sp\u00e9cifiquement con\u00e7us pour \u00eatre mont\u00e9s sur des camions-citernes contenant des liquides et des gaz dans des conditions statiques, cycliques et pulsatoires, ce qui les rend tr\u00e8s polyvalents.<\/li>\n<li>Les disques r\u00e9agissent rapidement \u00e0 une pression excessive, \u00e9vitant ainsi d&rsquo;endommager votre camion-citerne.<\/li>\n<li>R\u00e9sistance au vide : des supports suppl\u00e9mentaires peuvent \u00eatre fournis pour la protection contre le vide ou la contre-pression.<\/li>\n<\/ul>\n","protected":false},"excerpt":{"rendered":"<p>Les disques de rupture \u00e0 action inverse KRD de DonadonSDD sont des dispositifs de s\u00e9curit\u00e9 critiques qui prot\u00e8gent votre installation industrielle en emp\u00eachant les mont\u00e9es en pression soudaines. Les disques de rupture \u00e0 action inverse ont une cambrure convexe qui reste inchang\u00e9e sous la pression de fonctionnement jusqu&rsquo;\u00e0 ce que la pression inverse soit atteinte, [&hellip;]<\/p>\n","protected":false},"featured_media":10342,"menu_order":0,"template":"","meta":{"_acf_changed":false},"categoria_prodotto":[85,79],"class_list":["post-6499","product","type-product","status-publish","has-post-thumbnail","hentry","categoria_prodotto-forward-acting","categoria_prodotto-rupture-discs"],"acf":[],"yoast_head":"<!-- This site is optimized with the Yoast SEO plugin v27.3 - https:\/\/yoast.com\/product\/yoast-seo-wordpress\/ -->\n<title>Disque de rupture composite pour wagons et camions-citernes - TCD<\/title>\n<meta name=\"description\" content=\"Disque de rupture composite pour les applications de transport routier et ferroviaire. Adapt\u00e9 aux wagons-citernes, wagons et camions-citernes, con\u00e7u pour un usage cyclique en service gaz et liquide.\" \/>\n<meta name=\"robots\" content=\"index, follow, max-snippet:-1, max-image-preview:large, max-video-preview:-1\" \/>\n<link rel=\"canonical\" href=\"https:\/\/www.donadonsdd.com\/fr\/produit\/tcd\/\" \/>\n<meta property=\"og:locale\" content=\"fr_FR\" \/>\n<meta property=\"og:type\" content=\"article\" \/>\n<meta property=\"og:title\" content=\"Disque de rupture composite pour wagons et camions-citernes - TCD\" \/>\n<meta property=\"og:description\" content=\"Disque de rupture composite pour les applications de transport routier et ferroviaire. Adapt\u00e9 aux wagons-citernes, wagons et camions-citernes, con\u00e7u pour un usage cyclique en service gaz et liquide.\" \/>\n<meta property=\"og:url\" content=\"https:\/\/www.donadonsdd.com\/fr\/produit\/tcd\/\" \/>\n<meta property=\"og:site_name\" content=\"DonadonSDD Srl\" \/>\n<meta property=\"article:modified_time\" content=\"2026-03-01T01:00:23+00:00\" \/>\n<meta property=\"og:image\" content=\"https:\/\/www.donadonsdd.com\/wp-content\/uploads\/2025\/12\/donadon-74.png\" \/>\n\t<meta property=\"og:image:width\" content=\"1800\" \/>\n\t<meta property=\"og:image:height\" content=\"1201\" \/>\n\t<meta property=\"og:image:type\" content=\"image\/png\" \/>\n<meta name=\"twitter:card\" content=\"summary_large_image\" \/>\n<meta name=\"twitter:label1\" content=\"Dur\u00e9e de lecture estim\u00e9e\" \/>\n\t<meta name=\"twitter:data1\" content=\"2 minutes\" \/>\n<script type=\"application\/ld+json\" class=\"yoast-schema-graph\">{\"@context\":\"https:\\\/\\\/schema.org\",\"@graph\":[{\"@type\":\"WebPage\",\"@id\":\"https:\\\/\\\/www.donadonsdd.com\\\/fr\\\/produit\\\/tcd\\\/\",\"url\":\"https:\\\/\\\/www.donadonsdd.com\\\/fr\\\/produit\\\/tcd\\\/\",\"name\":\"Disque de rupture composite pour wagons et camions-citernes - TCD\",\"isPartOf\":{\"@id\":\"https:\\\/\\\/www.donadonsdd.com\\\/fr\\\/#website\"},\"primaryImageOfPage\":{\"@id\":\"https:\\\/\\\/www.donadonsdd.com\\\/fr\\\/produit\\\/tcd\\\/#primaryimage\"},\"image\":{\"@id\":\"https:\\\/\\\/www.donadonsdd.com\\\/fr\\\/produit\\\/tcd\\\/#primaryimage\"},\"thumbnailUrl\":\"https:\\\/\\\/www.donadonsdd.com\\\/wp-content\\\/uploads\\\/2025\\\/12\\\/donadon-74.png\",\"datePublished\":\"2025-12-09T10:46:02+00:00\",\"dateModified\":\"2026-03-01T01:00:23+00:00\",\"description\":\"Disque de rupture composite pour les applications de transport routier et ferroviaire. Adapt\u00e9 aux wagons-citernes, wagons et camions-citernes, con\u00e7u pour un usage cyclique en service gaz et liquide.\",\"breadcrumb\":{\"@id\":\"https:\\\/\\\/www.donadonsdd.com\\\/fr\\\/produit\\\/tcd\\\/#breadcrumb\"},\"inLanguage\":\"fr-FR\",\"potentialAction\":[{\"@type\":\"ReadAction\",\"target\":[\"https:\\\/\\\/www.donadonsdd.com\\\/fr\\\/produit\\\/tcd\\\/\"]}]},{\"@type\":\"ImageObject\",\"inLanguage\":\"fr-FR\",\"@id\":\"https:\\\/\\\/www.donadonsdd.com\\\/fr\\\/produit\\\/tcd\\\/#primaryimage\",\"url\":\"https:\\\/\\\/www.donadonsdd.com\\\/wp-content\\\/uploads\\\/2025\\\/12\\\/donadon-74.png\",\"contentUrl\":\"https:\\\/\\\/www.donadonsdd.com\\\/wp-content\\\/uploads\\\/2025\\\/12\\\/donadon-74.png\",\"width\":1800,\"height\":1201},{\"@type\":\"BreadcrumbList\",\"@id\":\"https:\\\/\\\/www.donadonsdd.com\\\/fr\\\/produit\\\/tcd\\\/#breadcrumb\",\"itemListElement\":[{\"@type\":\"ListItem\",\"position\":1,\"name\":\"HOMEPAGE\",\"item\":\"https:\\\/\\\/www.donadonsdd.com\\\/fr\\\/\"},{\"@type\":\"ListItem\",\"position\":2,\"name\":\"Disques de rupture TCD &#8211; Dispositifs de s\u00e9curit\u00e9 fiables pour les camions-citernes\"}]},{\"@type\":\"WebSite\",\"@id\":\"https:\\\/\\\/www.donadonsdd.com\\\/fr\\\/#website\",\"url\":\"https:\\\/\\\/www.donadonsdd.com\\\/fr\\\/\",\"name\":\"DonadonSDD Srl\",\"description\":\"\",\"publisher\":{\"@id\":\"https:\\\/\\\/www.donadonsdd.com\\\/fr\\\/#organization\"},\"potentialAction\":[{\"@type\":\"SearchAction\",\"target\":{\"@type\":\"EntryPoint\",\"urlTemplate\":\"https:\\\/\\\/www.donadonsdd.com\\\/fr\\\/?s={search_term_string}\"},\"query-input\":{\"@type\":\"PropertyValueSpecification\",\"valueRequired\":true,\"valueName\":\"search_term_string\"}}],\"inLanguage\":\"fr-FR\"},{\"@type\":\"Organization\",\"@id\":\"https:\\\/\\\/www.donadonsdd.com\\\/fr\\\/#organization\",\"name\":\"DonadonSDD Srl\",\"url\":\"https:\\\/\\\/www.donadonsdd.com\\\/fr\\\/\",\"logo\":{\"@type\":\"ImageObject\",\"inLanguage\":\"fr-FR\",\"@id\":\"https:\\\/\\\/www.donadonsdd.com\\\/fr\\\/#\\\/schema\\\/logo\\\/image\\\/\",\"url\":\"https:\\\/\\\/www.donadonsdd.com\\\/wp-content\\\/uploads\\\/2025\\\/11\\\/donadonsdd-logo.png\",\"contentUrl\":\"https:\\\/\\\/www.donadonsdd.com\\\/wp-content\\\/uploads\\\/2025\\\/11\\\/donadonsdd-logo.png\",\"width\":544,\"height\":96,\"caption\":\"DonadonSDD Srl\"},\"image\":{\"@id\":\"https:\\\/\\\/www.donadonsdd.com\\\/fr\\\/#\\\/schema\\\/logo\\\/image\\\/\"}}]}<\/script>\n<!-- \/ Yoast SEO plugin. -->","yoast_head_json":{"title":"Disque de rupture composite pour wagons et camions-citernes - TCD","description":"Disque de rupture composite pour les applications de transport routier et ferroviaire. Adapt\u00e9 aux wagons-citernes, wagons et camions-citernes, con\u00e7u pour un usage cyclique en service gaz et liquide.","robots":{"index":"index","follow":"follow","max-snippet":"max-snippet:-1","max-image-preview":"max-image-preview:large","max-video-preview":"max-video-preview:-1"},"canonical":"https:\/\/www.donadonsdd.com\/fr\/produit\/tcd\/","og_locale":"fr_FR","og_type":"article","og_title":"Disque de rupture composite pour wagons et camions-citernes - TCD","og_description":"Disque de rupture composite pour les applications de transport routier et ferroviaire. Adapt\u00e9 aux wagons-citernes, wagons et camions-citernes, con\u00e7u pour un usage cyclique en service gaz et liquide.","og_url":"https:\/\/www.donadonsdd.com\/fr\/produit\/tcd\/","og_site_name":"DonadonSDD Srl","article_modified_time":"2026-03-01T01:00:23+00:00","og_image":[{"width":1800,"height":1201,"url":"https:\/\/www.donadonsdd.com\/wp-content\/uploads\/2025\/12\/donadon-74.png","type":"image\/png"}],"twitter_card":"summary_large_image","twitter_misc":{"Dur\u00e9e de lecture estim\u00e9e":"2 minutes"},"schema":{"@context":"https:\/\/schema.org","@graph":[{"@type":"WebPage","@id":"https:\/\/www.donadonsdd.com\/fr\/produit\/tcd\/","url":"https:\/\/www.donadonsdd.com\/fr\/produit\/tcd\/","name":"Disque de rupture composite pour wagons et camions-citernes - TCD","isPartOf":{"@id":"https:\/\/www.donadonsdd.com\/fr\/#website"},"primaryImageOfPage":{"@id":"https:\/\/www.donadonsdd.com\/fr\/produit\/tcd\/#primaryimage"},"image":{"@id":"https:\/\/www.donadonsdd.com\/fr\/produit\/tcd\/#primaryimage"},"thumbnailUrl":"https:\/\/www.donadonsdd.com\/wp-content\/uploads\/2025\/12\/donadon-74.png","datePublished":"2025-12-09T10:46:02+00:00","dateModified":"2026-03-01T01:00:23+00:00","description":"Disque de rupture composite pour les applications de transport routier et ferroviaire. Adapt\u00e9 aux wagons-citernes, wagons et camions-citernes, con\u00e7u pour un usage cyclique en service gaz et liquide.","breadcrumb":{"@id":"https:\/\/www.donadonsdd.com\/fr\/produit\/tcd\/#breadcrumb"},"inLanguage":"fr-FR","potentialAction":[{"@type":"ReadAction","target":["https:\/\/www.donadonsdd.com\/fr\/produit\/tcd\/"]}]},{"@type":"ImageObject","inLanguage":"fr-FR","@id":"https:\/\/www.donadonsdd.com\/fr\/produit\/tcd\/#primaryimage","url":"https:\/\/www.donadonsdd.com\/wp-content\/uploads\/2025\/12\/donadon-74.png","contentUrl":"https:\/\/www.donadonsdd.com\/wp-content\/uploads\/2025\/12\/donadon-74.png","width":1800,"height":1201},{"@type":"BreadcrumbList","@id":"https:\/\/www.donadonsdd.com\/fr\/produit\/tcd\/#breadcrumb","itemListElement":[{"@type":"ListItem","position":1,"name":"HOMEPAGE","item":"https:\/\/www.donadonsdd.com\/fr\/"},{"@type":"ListItem","position":2,"name":"Disques de rupture TCD &#8211; Dispositifs de s\u00e9curit\u00e9 fiables pour les camions-citernes"}]},{"@type":"WebSite","@id":"https:\/\/www.donadonsdd.com\/fr\/#website","url":"https:\/\/www.donadonsdd.com\/fr\/","name":"DonadonSDD Srl","description":"","publisher":{"@id":"https:\/\/www.donadonsdd.com\/fr\/#organization"},"potentialAction":[{"@type":"SearchAction","target":{"@type":"EntryPoint","urlTemplate":"https:\/\/www.donadonsdd.com\/fr\/?s={search_term_string}"},"query-input":{"@type":"PropertyValueSpecification","valueRequired":true,"valueName":"search_term_string"}}],"inLanguage":"fr-FR"},{"@type":"Organization","@id":"https:\/\/www.donadonsdd.com\/fr\/#organization","name":"DonadonSDD Srl","url":"https:\/\/www.donadonsdd.com\/fr\/","logo":{"@type":"ImageObject","inLanguage":"fr-FR","@id":"https:\/\/www.donadonsdd.com\/fr\/#\/schema\/logo\/image\/","url":"https:\/\/www.donadonsdd.com\/wp-content\/uploads\/2025\/11\/donadonsdd-logo.png","contentUrl":"https:\/\/www.donadonsdd.com\/wp-content\/uploads\/2025\/11\/donadonsdd-logo.png","width":544,"height":96,"caption":"DonadonSDD Srl"},"image":{"@id":"https:\/\/www.donadonsdd.com\/fr\/#\/schema\/logo\/image\/"}}]}},"toolset-meta":{"toolset-woocommerce-fields":{"_download_limit":{"type":"numeric","raw":""},"_virtual":{"type":"checkbox","raw":""},"_downloadable":{"type":"checkbox","raw":""},"_download_expiry":{"type":"numeric","raw":""},"_download_type":{"type":"radio","raw":""},"_regular_price":{"type":"numeric","raw":""},"_sale_price":{"type":"numeric","raw":""},"_sale_price_dates_from":{"type":"date","raw":"","formatted":null},"_sale_price_dates_to":{"type":"date","raw":"","formatted":null},"_sku":{"type":"textfield","raw":""},"_manage_stock":{"type":"checkbox","raw":""},"_stock_status":{"type":"radio","raw":""},"_stock":{"type":"numeric","raw":""},"_backorders":{"type":"radio","raw":""},"_sold_individually":{"type":"checkbox","raw":""},"_width":{"type":"numeric","raw":""},"_weight":{"type":"numeric","raw":""},"_length":{"type":"numeric","raw":""},"_purchase_note":{"type":"textarea","raw":""}},"infografica":{"operation-ratio":{"type":"textfield","raw":"jusqu'\u00e0 80%"},"non-fragmenting":{"type":"textfield","raw":"oui (membrane uniquement)"},"vacumm-resistant":{"type":"textfield","raw":"Oui, le support de vide est n\u00e9cessaire"},"sanitary":{"type":"textfield","raw":"non"},"liquid":{"type":"textfield","raw":"oui"},"vapor-gas":{"type":"textfield","raw":"oui"},"ferrules":{"type":"textfield","raw":""}},"dettagli-prodotto":{"immagini-prodotto":{"type":"image","raw":["https:\/\/www.donadonsdd.com\/wp-content\/uploads\/2025\/12\/donadon-74_result.webp","https:\/\/www.donadonsdd.com\/wp-content\/uploads\/2025\/12\/donadon-75_result.webp"],"repeatable":[{"raw":"https:\/\/www.donadonsdd.com\/wp-content\/uploads\/2025\/12\/donadon-74_result.webp","attachment_id":6500},{"raw":"https:\/\/www.donadonsdd.com\/wp-content\/uploads\/2025\/12\/donadon-75_result.webp","attachment_id":6502}]},"tabella-specifiche":{"type":"wysiwyg","raw":"<p class=\"p1\">MODEL|TCD ;\nMAT\u00c9RIAUX|Acier inoxydable ;\nMEMBRANE D'\u00c9TANCH\u00c9IT\u00c9|Disponible en PTFE ou PFA ;\nDIMENSIONS|De DN50 (2 pouces) \u00e0 DN80 (3 pouces) ;\nPRESSION DE RUPTURE|0,45 - 8 bar g (selon la taille et le mat\u00e9riau) ;\nTOL\u00c9RANCE | de +\/- 5 % \u00e0 +\/- 10 % ;\nTEMPERATURE DE FONCTIONNEMENT|max 260\u00b0C (membrane en PTFE ou PFA) ;\nFRAGMENTATION|Non (membrane uniquement) ;\nMARGE DE FONCTIONNEMENT|Pouvant atteindre jusqu'\u00e0 80 % selon les conditions de service.. ;\nRESISTANCE A LA PRESSION D'ASPIRATION|Oui, Support d'aspiration n\u00e9cessaire ;\nR\u00c9SISTANCE \u00c0 LA CORROSION|Tr\u00e8s bonne ;\nDOUBLURES|Disponibles en PTFE et PFA ;\nINSTALLATION|Directement entre les brides ;\nCAPTEUR DE RUPTURE|<a href=\"https:\/\/www.donadonsdd.com\/fr\/produits\/indicateurs-de-rupture\/electrique\/\">\u00c9lectricit\u00e9<\/a>, <a href=\"https:\/\/www.donadonsdd.com\/fr\/produits\/indicateurs-de-rupture\/magnetique\/\">Magn\u00e9tique<\/a>, <a href=\"https:\/\/www.donadonsdd.com\/fr\/produits\/indicateurs-de-rupture\/inductif\/\">Inductif<\/a>,  <a href=\"https:\/\/www.donadonsdd.com\/fr\/produits\/indicateurs-de-rupture\/fibre-optique\/\">Optique<\/a>;<\/p>"}}},"_links":{"self":[{"href":"https:\/\/www.donadonsdd.com\/fr\/wp-json\/wp\/v2\/product\/6499","targetHints":{"allow":["GET"]}}],"collection":[{"href":"https:\/\/www.donadonsdd.com\/fr\/wp-json\/wp\/v2\/product"}],"about":[{"href":"https:\/\/www.donadonsdd.com\/fr\/wp-json\/wp\/v2\/types\/product"}],"wp:featuredmedia":[{"embeddable":true,"href":"https:\/\/www.donadonsdd.com\/fr\/wp-json\/wp\/v2\/media\/10342"}],"wp:attachment":[{"href":"https:\/\/www.donadonsdd.com\/fr\/wp-json\/wp\/v2\/media?parent=6499"}],"wp:term":[{"taxonomy":"categoria_prodotto","embeddable":true,"href":"https:\/\/www.donadonsdd.com\/fr\/wp-json\/wp\/v2\/categoria_prodotto?post=6499"}],"curies":[{"name":"wp","href":"https:\/\/api.w.org\/{rel}","templated":true}]}}