{"id":6519,"date":"2025-12-10T01:13:43","date_gmt":"2025-12-10T00:13:43","guid":{"rendered":"https:\/\/www.donadonsdd.com\/product\/disques-de-rupture-scd-protection-de-precision-contre-la-pression-pour-les-installations-industrielles\/"},"modified":"2026-04-03T15:38:40","modified_gmt":"2026-04-03T13:38:40","slug":"scd","status":"publish","type":"product","link":"https:\/\/www.donadonsdd.com\/fr\/produit\/scd\/","title":{"rendered":"Disques de rupture SCD &#8211; Protection de pr\u00e9cision contre la pression pour les installations industrielles"},"content":{"rendered":"<p>Les disques de rupture \u00e0 action directe SCD de DonadonSDD sont des dispositifs de s\u00e9curit\u00e9 vitaux qui emp\u00eachent les variations soudaines de pression d&rsquo;endommager les installations industrielles. Les disques de rupture Forward acting ont une cambrure concave qui reste inchang\u00e9e sous la pression de fonctionnement jusqu&rsquo;\u00e0 ce que la pression de consigne soit atteinte, ce qui peut garantir une longue dur\u00e9e de vie. Les disques de rupture SCD de DonadonSDD fournissent une protection fiable et pr\u00e9cise dans les applications les plus diverses et les plus exigeantes, faisant des disques de rupture SCD de DonadonSDD le meilleur choix pour la s\u00e9curit\u00e9 de votre usine. Les disques de rupture SCD Forward acting sont l&rsquo;un des disques les plus polyvalents : utilisables pour tout type de flux de fluide, id\u00e9aux pour les processus de polym\u00e9risation, capables d&rsquo;atteindre une large gamme de pressions.<\/p>\n<h2>Caract\u00e9ristiques et avantages techniques<\/h2>\n<h3>Normes de certi\ufb01cation \u00e9lev\u00e9es :<\/h3>\n<p>Nos disques de rupture SCD ont obtenu les certifications les plus \u00e9lev\u00e9es, notamment ASME XIII (UD STAMP), PED 2014\/68\/UE (CE STAMP), ATEX EX II 2 GD (CE STAMP), PER 2016 UK Statutory Instruments 2016 No 1105 (UKCA STAMP), et CU TR 032 (EAC STAMP).<\/p>\n<h3>Technologie avanc\u00e9e :<\/h3>\n<p>Les disques de rupture SCD obtenus \u00e0 l&rsquo;aide de notre technologie brevet\u00e9e Laser NS NanoScored sont des disques charg\u00e9s en compression et agissant vers l&rsquo;avant, avec des sections calibr\u00e9es micro-scores s&rsquo;ouvrant en p\u00e9tales, r\u00e9duisant ainsi le risque de d\u00e9tachement des p\u00e9tales.<\/p>\n<h3>Des performances fiables :<\/h3>\n<p>Ils supportent des milliers de cycles sans compromettre leur fiabilit\u00e9, avec des rapports allant jusqu&rsquo;\u00e0 85 % entre la pression de fonctionnement et la pression de rupture.<\/p>\n<h3>Rupture rapide :<\/h3>\n<p>Les disques r\u00e9agissent \u00e0 une pression excessive en quelques millisecondes en s&rsquo;ouvrant compl\u00e8tement le long des lignes de p\u00e9tales marqu\u00e9es sur le c\u00f4t\u00e9 aval du disque.<\/p>\n<h3>Pression d&rsquo;\u00e9clatement \u00e9lev\u00e9e :<\/h3>\n<p>Particuli\u00e8rement adapt\u00e9 \u00e0 une pression d&rsquo;\u00e9clatement \u00e9lev\u00e9e ; peut \u00eatre utilis\u00e9 avec des gaz et des liquides, dans divers processus industriels, dans des conditions cycliques et pulsatoires sans r\u00e9duction des marges de s\u00e9curit\u00e9.<\/p>\n<h3>Isolation des soupapes de s\u00fbret\u00e9 \u00e0 pression \/ non fragmentation :<\/h3>\n<p>Particuli\u00e8rement adapt\u00e9 \u00e0 la protection des soupapes de s\u00fbret\u00e9 en cas de rupture le long de la ligne de perforation sans g\u00e9n\u00e9rer de fragments.<\/p>\n<h3>R\u00e9sistant \u00e0 la corrosion :<\/h3>\n<p>Large gamme de mat\u00e9riaux et d&rsquo;options d&rsquo;\u00e9paisseur ; rev\u00eatement en PTFE disponible pour une protection accrue.<\/p>\n<h3>R\u00e9sistance au vide \u00e9lev\u00e9 :<\/h3>\n<p>Dans de nombreux cas, ils peuvent \u00eatre soumis \u00e0 des conditions de vide absolu sans n\u00e9cessiter de supports, ce qui \u00e9vite les restrictions dans la zone de d\u00e9charge. Joint torique disponible pour r\u00e9duire les \u00e9missions fugitives.<\/p>\n<h2>Pourquoi choisir les disques de rupture DonadonSDD SCD ?<\/h2>\n<ul>\n<li>Certifi\u00e9 selon les normes industrielles les plus strictes pour une s\u00e9curit\u00e9 maximale.<\/li>\n<li>Gamme de fabrication = ZERO (inclus avec ASME)<\/li>\n<li>Krgl (perte de charge de la vitesse certifi\u00e9e par l&rsquo;ASME) = 1,33<\/li>\n<li>Peut \u00eatre utilis\u00e9 dans des configurations \u00e0 double support.<\/li>\n<li>Une technologie avanc\u00e9e et une conception de pr\u00e9cision garantissent une protection fiable contre la pression pour les applications industrielles.<\/li>\n<li>Les capacit\u00e9s de rupture rapide et de d\u00e9charge de pression garantissent une s\u00e9curit\u00e9 maximale pour les applications industrielles.<\/li>\n<li>La conception r\u00e9sistante \u00e0 la corrosion et les options de rev\u00eatement en PTFE garantissent la long\u00e9vit\u00e9 et la fiabilit\u00e9.<\/li>\n<\/ul>\n","protected":false},"excerpt":{"rendered":"<p>Les disques de rupture \u00e0 action directe SCD de DonadonSDD sont des dispositifs de s\u00e9curit\u00e9 vitaux qui emp\u00eachent les variations soudaines de pression d&rsquo;endommager les installations industrielles. Les disques de rupture Forward acting ont une cambrure concave qui reste inchang\u00e9e sous la pression de fonctionnement jusqu&rsquo;\u00e0 ce que la pression de consigne soit atteinte, ce [&hellip;]<\/p>\n","protected":false},"featured_media":6523,"menu_order":0,"template":"","meta":{"_acf_changed":false},"categoria_prodotto":[99,85,83,79],"class_list":["post-6519","product","type-product","status-publish","has-post-thumbnail","hentry","categoria_prodotto-asme-approved","categoria_prodotto-forward-acting","categoria_prodotto-ns-nanoscored","categoria_prodotto-rupture-discs"],"acf":[],"yoast_head":"<!-- This site is optimized with the Yoast SEO plugin v27.3 - https:\/\/yoast.com\/product\/yoast-seo-wordpress\/ -->\n<title>Disque de rupture \u00e0 action directe - SCD<\/title>\n<meta name=\"description\" content=\"Disque de rupture Forward acting pour une protection industrielle \u00e0 des pressions de rupture plus \u00e9lev\u00e9es. Conception robuste et non fragmentable, r\u00e9sistant au vide, adapt\u00e9 aux conditions de process exigeantes, ratio de fonctionnement jusqu&#039;\u00e0 85%, conforme aux normes ASME et PED, certifi\u00e9 ATEX.\" \/>\n<meta name=\"robots\" content=\"index, follow, max-snippet:-1, max-image-preview:large, max-video-preview:-1\" \/>\n<link rel=\"canonical\" href=\"https:\/\/www.donadonsdd.com\/fr\/produit\/scd\/\" \/>\n<meta property=\"og:locale\" content=\"fr_FR\" \/>\n<meta property=\"og:type\" content=\"article\" \/>\n<meta property=\"og:title\" content=\"Disque de rupture \u00e0 action directe - SCD\" \/>\n<meta property=\"og:description\" content=\"Disque de rupture Forward acting pour une protection industrielle \u00e0 des pressions de rupture plus \u00e9lev\u00e9es. Conception robuste et non fragmentable, r\u00e9sistant au vide, adapt\u00e9 aux conditions de process exigeantes, ratio de fonctionnement jusqu&#039;\u00e0 85%, conforme aux normes ASME et PED, certifi\u00e9 ATEX.\" \/>\n<meta property=\"og:url\" content=\"https:\/\/www.donadonsdd.com\/fr\/produit\/scd\/\" \/>\n<meta property=\"og:site_name\" content=\"DonadonSDD Srl\" \/>\n<meta property=\"article:modified_time\" content=\"2026-04-03T13:38:40+00:00\" \/>\n<meta property=\"og:image\" content=\"https:\/\/www.donadonsdd.com\/wp-content\/uploads\/2025\/12\/donadon-39-e1766347196550.png\" \/>\n\t<meta property=\"og:image:width\" content=\"1084\" \/>\n\t<meta property=\"og:image:height\" content=\"722\" \/>\n\t<meta property=\"og:image:type\" content=\"image\/png\" \/>\n<meta name=\"twitter:card\" content=\"summary_large_image\" \/>\n<meta name=\"twitter:label1\" content=\"Dur\u00e9e de lecture estim\u00e9e\" \/>\n\t<meta name=\"twitter:data1\" content=\"4 minutes\" \/>\n<script type=\"application\/ld+json\" class=\"yoast-schema-graph\">{\"@context\":\"https:\\\/\\\/schema.org\",\"@graph\":[{\"@type\":\"WebPage\",\"@id\":\"https:\\\/\\\/www.donadonsdd.com\\\/fr\\\/produit\\\/scd\\\/\",\"url\":\"https:\\\/\\\/www.donadonsdd.com\\\/fr\\\/produit\\\/scd\\\/\",\"name\":\"Disque de rupture \u00e0 action directe - SCD\",\"isPartOf\":{\"@id\":\"https:\\\/\\\/www.donadonsdd.com\\\/fr\\\/#website\"},\"primaryImageOfPage\":{\"@id\":\"https:\\\/\\\/www.donadonsdd.com\\\/fr\\\/produit\\\/scd\\\/#primaryimage\"},\"image\":{\"@id\":\"https:\\\/\\\/www.donadonsdd.com\\\/fr\\\/produit\\\/scd\\\/#primaryimage\"},\"thumbnailUrl\":\"https:\\\/\\\/www.donadonsdd.com\\\/wp-content\\\/uploads\\\/2025\\\/12\\\/donadon-39-e1766347196550.png\",\"datePublished\":\"2025-12-10T00:13:43+00:00\",\"dateModified\":\"2026-04-03T13:38:40+00:00\",\"description\":\"Disque de rupture Forward acting pour une protection industrielle \u00e0 des pressions de rupture plus \u00e9lev\u00e9es. Conception robuste et non fragmentable, r\u00e9sistant au vide, adapt\u00e9 aux conditions de process exigeantes, ratio de fonctionnement jusqu'\u00e0 85%, conforme aux normes ASME et PED, certifi\u00e9 ATEX.\",\"breadcrumb\":{\"@id\":\"https:\\\/\\\/www.donadonsdd.com\\\/fr\\\/produit\\\/scd\\\/#breadcrumb\"},\"inLanguage\":\"fr-FR\",\"potentialAction\":[{\"@type\":\"ReadAction\",\"target\":[\"https:\\\/\\\/www.donadonsdd.com\\\/fr\\\/produit\\\/scd\\\/\"]}]},{\"@type\":\"ImageObject\",\"inLanguage\":\"fr-FR\",\"@id\":\"https:\\\/\\\/www.donadonsdd.com\\\/fr\\\/produit\\\/scd\\\/#primaryimage\",\"url\":\"https:\\\/\\\/www.donadonsdd.com\\\/wp-content\\\/uploads\\\/2025\\\/12\\\/donadon-39-e1766347196550.png\",\"contentUrl\":\"https:\\\/\\\/www.donadonsdd.com\\\/wp-content\\\/uploads\\\/2025\\\/12\\\/donadon-39-e1766347196550.png\",\"width\":1084,\"height\":722},{\"@type\":\"BreadcrumbList\",\"@id\":\"https:\\\/\\\/www.donadonsdd.com\\\/fr\\\/produit\\\/scd\\\/#breadcrumb\",\"itemListElement\":[{\"@type\":\"ListItem\",\"position\":1,\"name\":\"HOMEPAGE\",\"item\":\"https:\\\/\\\/www.donadonsdd.com\\\/fr\\\/\"},{\"@type\":\"ListItem\",\"position\":2,\"name\":\"Disques de rupture SCD &#8211; Protection de pr\u00e9cision contre la pression pour les installations industrielles\"}]},{\"@type\":\"WebSite\",\"@id\":\"https:\\\/\\\/www.donadonsdd.com\\\/fr\\\/#website\",\"url\":\"https:\\\/\\\/www.donadonsdd.com\\\/fr\\\/\",\"name\":\"DonadonSDD Srl\",\"description\":\"\",\"publisher\":{\"@id\":\"https:\\\/\\\/www.donadonsdd.com\\\/fr\\\/#organization\"},\"potentialAction\":[{\"@type\":\"SearchAction\",\"target\":{\"@type\":\"EntryPoint\",\"urlTemplate\":\"https:\\\/\\\/www.donadonsdd.com\\\/fr\\\/?s={search_term_string}\"},\"query-input\":{\"@type\":\"PropertyValueSpecification\",\"valueRequired\":true,\"valueName\":\"search_term_string\"}}],\"inLanguage\":\"fr-FR\"},{\"@type\":\"Organization\",\"@id\":\"https:\\\/\\\/www.donadonsdd.com\\\/fr\\\/#organization\",\"name\":\"DonadonSDD Srl\",\"url\":\"https:\\\/\\\/www.donadonsdd.com\\\/fr\\\/\",\"logo\":{\"@type\":\"ImageObject\",\"inLanguage\":\"fr-FR\",\"@id\":\"https:\\\/\\\/www.donadonsdd.com\\\/fr\\\/#\\\/schema\\\/logo\\\/image\\\/\",\"url\":\"https:\\\/\\\/www.donadonsdd.com\\\/wp-content\\\/uploads\\\/2025\\\/11\\\/donadonsdd-logo.png\",\"contentUrl\":\"https:\\\/\\\/www.donadonsdd.com\\\/wp-content\\\/uploads\\\/2025\\\/11\\\/donadonsdd-logo.png\",\"width\":544,\"height\":96,\"caption\":\"DonadonSDD Srl\"},\"image\":{\"@id\":\"https:\\\/\\\/www.donadonsdd.com\\\/fr\\\/#\\\/schema\\\/logo\\\/image\\\/\"}}]}<\/script>\n<!-- \/ Yoast SEO plugin. -->","yoast_head_json":{"title":"Disque de rupture \u00e0 action directe - SCD","description":"Disque de rupture Forward acting pour une protection industrielle \u00e0 des pressions de rupture plus \u00e9lev\u00e9es. Conception robuste et non fragmentable, r\u00e9sistant au vide, adapt\u00e9 aux conditions de process exigeantes, ratio de fonctionnement jusqu'\u00e0 85%, conforme aux normes ASME et PED, certifi\u00e9 ATEX.","robots":{"index":"index","follow":"follow","max-snippet":"max-snippet:-1","max-image-preview":"max-image-preview:large","max-video-preview":"max-video-preview:-1"},"canonical":"https:\/\/www.donadonsdd.com\/fr\/produit\/scd\/","og_locale":"fr_FR","og_type":"article","og_title":"Disque de rupture \u00e0 action directe - SCD","og_description":"Disque de rupture Forward acting pour une protection industrielle \u00e0 des pressions de rupture plus \u00e9lev\u00e9es. Conception robuste et non fragmentable, r\u00e9sistant au vide, adapt\u00e9 aux conditions de process exigeantes, ratio de fonctionnement jusqu'\u00e0 85%, conforme aux normes ASME et PED, certifi\u00e9 ATEX.","og_url":"https:\/\/www.donadonsdd.com\/fr\/produit\/scd\/","og_site_name":"DonadonSDD Srl","article_modified_time":"2026-04-03T13:38:40+00:00","og_image":[{"width":1084,"height":722,"url":"https:\/\/www.donadonsdd.com\/wp-content\/uploads\/2025\/12\/donadon-39-e1766347196550.png","type":"image\/png"}],"twitter_card":"summary_large_image","twitter_misc":{"Dur\u00e9e de lecture estim\u00e9e":"4 minutes"},"schema":{"@context":"https:\/\/schema.org","@graph":[{"@type":"WebPage","@id":"https:\/\/www.donadonsdd.com\/fr\/produit\/scd\/","url":"https:\/\/www.donadonsdd.com\/fr\/produit\/scd\/","name":"Disque de rupture \u00e0 action directe - SCD","isPartOf":{"@id":"https:\/\/www.donadonsdd.com\/fr\/#website"},"primaryImageOfPage":{"@id":"https:\/\/www.donadonsdd.com\/fr\/produit\/scd\/#primaryimage"},"image":{"@id":"https:\/\/www.donadonsdd.com\/fr\/produit\/scd\/#primaryimage"},"thumbnailUrl":"https:\/\/www.donadonsdd.com\/wp-content\/uploads\/2025\/12\/donadon-39-e1766347196550.png","datePublished":"2025-12-10T00:13:43+00:00","dateModified":"2026-04-03T13:38:40+00:00","description":"Disque de rupture Forward acting pour une protection industrielle \u00e0 des pressions de rupture plus \u00e9lev\u00e9es. Conception robuste et non fragmentable, r\u00e9sistant au vide, adapt\u00e9 aux conditions de process exigeantes, ratio de fonctionnement jusqu'\u00e0 85%, conforme aux normes ASME et PED, certifi\u00e9 ATEX.","breadcrumb":{"@id":"https:\/\/www.donadonsdd.com\/fr\/produit\/scd\/#breadcrumb"},"inLanguage":"fr-FR","potentialAction":[{"@type":"ReadAction","target":["https:\/\/www.donadonsdd.com\/fr\/produit\/scd\/"]}]},{"@type":"ImageObject","inLanguage":"fr-FR","@id":"https:\/\/www.donadonsdd.com\/fr\/produit\/scd\/#primaryimage","url":"https:\/\/www.donadonsdd.com\/wp-content\/uploads\/2025\/12\/donadon-39-e1766347196550.png","contentUrl":"https:\/\/www.donadonsdd.com\/wp-content\/uploads\/2025\/12\/donadon-39-e1766347196550.png","width":1084,"height":722},{"@type":"BreadcrumbList","@id":"https:\/\/www.donadonsdd.com\/fr\/produit\/scd\/#breadcrumb","itemListElement":[{"@type":"ListItem","position":1,"name":"HOMEPAGE","item":"https:\/\/www.donadonsdd.com\/fr\/"},{"@type":"ListItem","position":2,"name":"Disques de rupture SCD &#8211; Protection de pr\u00e9cision contre la pression pour les installations industrielles"}]},{"@type":"WebSite","@id":"https:\/\/www.donadonsdd.com\/fr\/#website","url":"https:\/\/www.donadonsdd.com\/fr\/","name":"DonadonSDD Srl","description":"","publisher":{"@id":"https:\/\/www.donadonsdd.com\/fr\/#organization"},"potentialAction":[{"@type":"SearchAction","target":{"@type":"EntryPoint","urlTemplate":"https:\/\/www.donadonsdd.com\/fr\/?s={search_term_string}"},"query-input":{"@type":"PropertyValueSpecification","valueRequired":true,"valueName":"search_term_string"}}],"inLanguage":"fr-FR"},{"@type":"Organization","@id":"https:\/\/www.donadonsdd.com\/fr\/#organization","name":"DonadonSDD Srl","url":"https:\/\/www.donadonsdd.com\/fr\/","logo":{"@type":"ImageObject","inLanguage":"fr-FR","@id":"https:\/\/www.donadonsdd.com\/fr\/#\/schema\/logo\/image\/","url":"https:\/\/www.donadonsdd.com\/wp-content\/uploads\/2025\/11\/donadonsdd-logo.png","contentUrl":"https:\/\/www.donadonsdd.com\/wp-content\/uploads\/2025\/11\/donadonsdd-logo.png","width":544,"height":96,"caption":"DonadonSDD Srl"},"image":{"@id":"https:\/\/www.donadonsdd.com\/fr\/#\/schema\/logo\/image\/"}}]}},"toolset-meta":{"toolset-woocommerce-fields":{"_download_limit":{"type":"numeric","raw":""},"_virtual":{"type":"checkbox","raw":""},"_downloadable":{"type":"checkbox","raw":""},"_download_expiry":{"type":"numeric","raw":""},"_download_type":{"type":"radio","raw":""},"_regular_price":{"type":"numeric","raw":""},"_sale_price":{"type":"numeric","raw":""},"_sale_price_dates_from":{"type":"date","raw":"","formatted":null},"_sale_price_dates_to":{"type":"date","raw":"","formatted":null},"_sku":{"type":"textfield","raw":""},"_manage_stock":{"type":"checkbox","raw":""},"_stock_status":{"type":"radio","raw":""},"_stock":{"type":"numeric","raw":""},"_backorders":{"type":"radio","raw":""},"_sold_individually":{"type":"checkbox","raw":""},"_width":{"type":"numeric","raw":""},"_weight":{"type":"numeric","raw":""},"_length":{"type":"numeric","raw":""},"_purchase_note":{"type":"textarea","raw":""}},"infografica":{"operation-ratio":{"type":"textfield","raw":"jusqu'\u00e0 85%"},"non-fragmenting":{"type":"textfield","raw":"oui"},"vacumm-resistant":{"type":"textfield","raw":"oui"},"sanitary":{"type":"textfield","raw":"non"},"liquid":{"type":"textfield","raw":"oui"},"vapor-gas":{"type":"textfield","raw":"oui"},"ferrules":{"type":"textfield","raw":""}},"dettagli-prodotto":{"immagini-prodotto":{"type":"image","raw":["https:\/\/www.donadonsdd.com\/wp-content\/uploads\/2025\/12\/donadon-40_result.webp","https:\/\/www.donadonsdd.com\/wp-content\/uploads\/2025\/12\/donadon-39_result.webp"],"repeatable":[{"raw":"https:\/\/www.donadonsdd.com\/wp-content\/uploads\/2025\/12\/donadon-40_result.webp","attachment_id":6522},{"raw":"https:\/\/www.donadonsdd.com\/wp-content\/uploads\/2025\/12\/donadon-39_result.webp","attachment_id":6521}]},"tabella-specifiche":{"type":"wysiwyg","raw":"MODEL|SCD ;\r\nMAT\u00c9RIAUX|Acier inoxydable, alliage 201, alliage 400, alliage 600, alliage 625, alliage C276, titane ;\r\nDIMENSIONS|De DN15 (\u00bd pouce) \u00e0 DN900 (36 pouces) ;\r\nPRESSION DE RUPTURE|1 - 600 bar g (selon la taille et le mat\u00e9riau) ;\r\nKR GL|1.33 ;\r\nTOL\u00c9RANCE | de +\/- 5 % \u00e0 +\/- 20 % ;\r\nTEMPERATURE DE FONCTIONNEMENT|De - 196\u00b0C \u00e0 600\u00b0C ;\r\nFRAGMENTATION|Non ;\r\nUTILISATION EN COMBINAISON AVEC PSV|Convient ;\r\nMARGE DE FONCTIONNEMENT|Pouvant atteindre jusqu'\u00e0 85% selon les conditions de service ;\r\nR\u00c9SISTANCE \u00c0 LA PRESSION DU VIDE|Oui, autoportant dans des conditions de vide ;\r\nRESISTANCE A LA CORROSION|Tr\u00e8s bon ;\r\nDOUBLURES|Disponibles en PTFE et PFA ;\r\nTITULAIRE| <a href=\"https:\/\/www.donadonsdd.com\/fr\/produit\/hia-hra\/\">HRA<\/a>, <a href=\"https:\/\/www.donadonsdd.com\/fr\/produit\/hip-hrp\/\">HRP<\/a>, <a href=\"https:\/\/www.donadonsdd.com\/fr\/produit\/hif-hrf\/\">HRF<\/a>;\r\nCAPTEUR DE RUPTURE| <a href=\"https:\/\/www.donadonsdd.com\/fr\/produits\/indicateurs-de-rupture\/electrique\/\">\u00c9lectrique<\/a>, <a href=\"https:\/\/www.donadonsdd.com\/fr\/produits\/indicateurs-de-rupture\/magnetique\/\">magn\u00e9tique<\/a>, <a href=\"https:\/\/www.donadonsdd.com\/fr\/produits\/indicateurs-de-rupture\/inductif\/\">inductif<\/a>;"}}},"_links":{"self":[{"href":"https:\/\/www.donadonsdd.com\/fr\/wp-json\/wp\/v2\/product\/6519","targetHints":{"allow":["GET"]}}],"collection":[{"href":"https:\/\/www.donadonsdd.com\/fr\/wp-json\/wp\/v2\/product"}],"about":[{"href":"https:\/\/www.donadonsdd.com\/fr\/wp-json\/wp\/v2\/types\/product"}],"wp:featuredmedia":[{"embeddable":true,"href":"https:\/\/www.donadonsdd.com\/fr\/wp-json\/wp\/v2\/media\/6523"}],"wp:attachment":[{"href":"https:\/\/www.donadonsdd.com\/fr\/wp-json\/wp\/v2\/media?parent=6519"}],"wp:term":[{"taxonomy":"categoria_prodotto","embeddable":true,"href":"https:\/\/www.donadonsdd.com\/fr\/wp-json\/wp\/v2\/categoria_prodotto?post=6519"}],"curies":[{"name":"wp","href":"https:\/\/api.w.org\/{rel}","templated":true}]}}