{"id":6554,"date":"2025-12-10T14:32:32","date_gmt":"2025-12-10T13:32:32","guid":{"rendered":"https:\/\/www.donadonsdd.com\/product\/disques-de-rupture-sanitaires-scd-protection-avancee-contre-la-pression-pour-les-industries-hygieniques\/"},"modified":"2026-03-01T01:35:35","modified_gmt":"2026-03-01T00:35:35","slug":"scd-sanitary","status":"publish","type":"product","link":"https:\/\/www.donadonsdd.com\/fr\/produit\/scd-sanitary\/","title":{"rendered":"Disques de rupture sanitaires SCD &#8211; Protection avanc\u00e9e contre la pression pour les industries hygi\u00e9niques"},"content":{"rendered":"<p>Les disques de rupture \u00e0 action directe SCD de DonadonSDD sont des dispositifs de s\u00e9curit\u00e9 vitaux qui emp\u00eachent les variations soudaines de pression d&rsquo;endommager les installations industrielles. Les disques de rupture Forward acting ont une cambrure concave qui reste inchang\u00e9e sous la pression de fonctionnement jusqu&rsquo;\u00e0 ce que la pression de consigne soit atteinte, ce qui peut garantir une longue dur\u00e9e de vie. Les disques de rupture SCD de DonadonSDD fournissent une protection fiable et pr\u00e9cise dans les applications les plus diverses et les plus exigeantes, faisant des disques de rupture SCD de DonadonSDD le meilleur choix pour la s\u00e9curit\u00e9 de votre usine. Les disques de rupture SCD Forward acting sont l&rsquo;un des disques les plus polyvalents : utilisables pour tout type de flux de fluide, id\u00e9aux pour les processus de polym\u00e9risation, capables d&rsquo;atteindre une large gamme de pressions.   <\/p>\n<h2>Caract\u00e9ristiques et avantages techniques<\/h2>\n<h3>Applications hygi\u00e9niques :<\/h3>\n<p>Con\u00e7u pour r\u00e9pondre aux normes de haute qualit\u00e9 exig\u00e9es par 3-A SSI, GMP et MOCA afin de garantir la sant\u00e9 publique gr\u00e2ce \u00e0 des \u00e9quipements hygi\u00e9niques.<\/p>\n<h3>Surface lisse :<\/h3>\n<p>Finition de surface lisse (0,2&lt;Ra&lt;0,4 micron) du c\u00f4t\u00e9 du processus le rend particuli\u00e8rement adapt\u00e9 aux traitements C.I.P. et S.I.P. pour maintenir des conditions aseptiques.<\/p>\n<h3>Joints certifi\u00e9s FDA :<\/h3>\n<p>Les joints en PTFE, certifi\u00e9s conformes aux r\u00e9glementations FDA et USP classe VI, 3-A, et Eu 10\/2011, facilitent l&rsquo;installation dans les raccords Clamp (sanitaires, Tri-Clamp, Tank Connection).<\/p>\n<h3>Normes de certification \u00e9lev\u00e9es :<\/h3>\n<p>Nos disques de rupture SCD ont obtenu les certifications les plus \u00e9lev\u00e9es, notamment PED 2014\/68\/UE (CE STAMP), ATEX EX II 2 GD (CE STAMP), PER 2016 UK Statutory Instruments 2016 No 1105 (UKCA STAMP), et CU TR 032 (EAC STAMP).<\/p>\n<h3>Technologie avanc\u00e9e :<\/h3>\n<p>Les disques de rupture SCD obtenus \u00e0 l&rsquo;aide de notre technologie brevet\u00e9e Nanoscored sont des disques charg\u00e9s en compression avec une section calibr\u00e9e micro-scores s&rsquo;ouvrant en p\u00e9tales, comportant 6 scores radiaux.<\/p>\n<h3>Des performances fiables :<\/h3>\n<p>Ils supportent des milliers de cycles sans compromettre leur fiabilit\u00e9, avec des rapports allant jusqu&rsquo;\u00e0 85 % entre la pression de fonctionnement et la pression de rupture.<\/p>\n<h3>Rupture rapide et non fragmentaire :<\/h3>\n<p>Le disque SCD r\u00e9agit aux surpressions en quelques millisecondes seulement avec une ouverture compl\u00e8te le long des lignes de p\u00e9tales marqu\u00e9es sur le c\u00f4t\u00e9 aval du disque sans fragmentation.<\/p>\n<h3>R\u00e9sistant \u00e0 la haute pression et au vide :<\/h3>\n<p>Dans de nombreux cas, il peut \u00eatre soumis \u00e0 des conditions de vide absolu sans n\u00e9cessiter de supports, ce qui \u00e9vite les restrictions dans la zone de d\u00e9charge.<\/p>\n<h2>Pourquoi choisir les disques de rupture DonadonSDD SCD ?<\/h2>\n<ul>\n<li>Conception de pointe : Particuli\u00e8rement adapt\u00e9 aux industries pharmaceutiques, alimentaires et biotechnologiques.<\/li>\n<li>La construction en acier inoxydable, la surface lisse et les joints certifi\u00e9s FDA garantissent des niveaux \u00e9lev\u00e9s d&rsquo;hygi\u00e8ne et des conditions aseptiques.<\/li>\n<li>Les capacit\u00e9s de rupture rapide \u00e9vitent la fragmentation et garantissent une s\u00e9curit\u00e9 maximale pour les applications industrielles.<\/li>\n<li>Large gamme de mat\u00e9riaux et d&rsquo;options d&rsquo;\u00e9paisseur ; rev\u00eatement PTFE ou PFA (approuv\u00e9 par la FDA) disponible pour une protection accrue.<\/li>\n<li>Peut \u00eatre soumis \u00e0 des conditions de vide sans n\u00e9cessiter de supports.<\/li>\n<\/ul>\n","protected":false},"excerpt":{"rendered":"<p>Les disques de rupture \u00e0 action directe SCD de DonadonSDD sont des dispositifs de s\u00e9curit\u00e9 vitaux qui emp\u00eachent les variations soudaines de pression d&rsquo;endommager les installations industrielles. Les disques de rupture Forward acting ont une cambrure concave qui reste inchang\u00e9e sous la pression de fonctionnement jusqu&rsquo;\u00e0 ce que la pression de consigne soit atteinte, ce [&hellip;]<\/p>\n","protected":false},"featured_media":10334,"menu_order":0,"template":"","meta":{"_acf_changed":false},"categoria_prodotto":[79,84],"class_list":["post-6554","product","type-product","status-publish","has-post-thumbnail","hentry","categoria_prodotto-rupture-discs","categoria_prodotto-sanitary"],"acf":[],"yoast_head":"<!-- This site is optimized with the Yoast SEO plugin v27.3 - https:\/\/yoast.com\/product\/yoast-seo-wordpress\/ -->\n<title>Disque de rupture sanitaire \u00e0 action directe - SCD<\/title>\n<meta name=\"description\" content=\"Disque de rupture hygi\u00e9nique \u00e0 action directe pour les applications pharmaceutiques, alimentaires et biotechnologiques. Conception non fragmentable, r\u00e9sistant au vide, adapt\u00e9 aux processus propres et aseptiques, conforme aux normes ASME et PED, certifi\u00e9 ATEX et 3-A.\" \/>\n<meta name=\"robots\" content=\"index, follow, max-snippet:-1, max-image-preview:large, max-video-preview:-1\" \/>\n<link rel=\"canonical\" href=\"https:\/\/www.donadonsdd.com\/fr\/produit\/scd-sanitary\/\" \/>\n<meta property=\"og:locale\" content=\"fr_FR\" \/>\n<meta property=\"og:type\" content=\"article\" \/>\n<meta property=\"og:title\" content=\"Disque de rupture sanitaire \u00e0 action directe - SCD\" \/>\n<meta property=\"og:description\" content=\"Disque de rupture hygi\u00e9nique \u00e0 action directe pour les applications pharmaceutiques, alimentaires et biotechnologiques. Conception non fragmentable, r\u00e9sistant au vide, adapt\u00e9 aux processus propres et aseptiques, conforme aux normes ASME et PED, certifi\u00e9 ATEX et 3-A.\" \/>\n<meta property=\"og:url\" content=\"https:\/\/www.donadonsdd.com\/fr\/produit\/scd-sanitary\/\" \/>\n<meta property=\"og:site_name\" content=\"DonadonSDD Srl\" \/>\n<meta property=\"article:modified_time\" content=\"2026-03-01T00:35:35+00:00\" \/>\n<meta property=\"og:image\" content=\"https:\/\/www.donadonsdd.com\/wp-content\/uploads\/2025\/12\/donadon-sdd-scd-sanitary-rupture-discs.png\" \/>\n\t<meta property=\"og:image:width\" content=\"1800\" \/>\n\t<meta property=\"og:image:height\" content=\"1200\" \/>\n\t<meta property=\"og:image:type\" content=\"image\/png\" \/>\n<meta name=\"twitter:card\" content=\"summary_large_image\" \/>\n<meta name=\"twitter:label1\" content=\"Dur\u00e9e de lecture estim\u00e9e\" \/>\n\t<meta name=\"twitter:data1\" content=\"3 minutes\" \/>\n<script type=\"application\/ld+json\" class=\"yoast-schema-graph\">{\"@context\":\"https:\\\/\\\/schema.org\",\"@graph\":[{\"@type\":\"WebPage\",\"@id\":\"https:\\\/\\\/www.donadonsdd.com\\\/fr\\\/produit\\\/scd-sanitary\\\/\",\"url\":\"https:\\\/\\\/www.donadonsdd.com\\\/fr\\\/produit\\\/scd-sanitary\\\/\",\"name\":\"Disque de rupture sanitaire \u00e0 action directe - SCD\",\"isPartOf\":{\"@id\":\"https:\\\/\\\/www.donadonsdd.com\\\/fr\\\/#website\"},\"primaryImageOfPage\":{\"@id\":\"https:\\\/\\\/www.donadonsdd.com\\\/fr\\\/produit\\\/scd-sanitary\\\/#primaryimage\"},\"image\":{\"@id\":\"https:\\\/\\\/www.donadonsdd.com\\\/fr\\\/produit\\\/scd-sanitary\\\/#primaryimage\"},\"thumbnailUrl\":\"https:\\\/\\\/www.donadonsdd.com\\\/wp-content\\\/uploads\\\/2025\\\/12\\\/donadon-sdd-scd-sanitary-rupture-discs.png\",\"datePublished\":\"2025-12-10T13:32:32+00:00\",\"dateModified\":\"2026-03-01T00:35:35+00:00\",\"description\":\"Disque de rupture hygi\u00e9nique \u00e0 action directe pour les applications pharmaceutiques, alimentaires et biotechnologiques. Conception non fragmentable, r\u00e9sistant au vide, adapt\u00e9 aux processus propres et aseptiques, conforme aux normes ASME et PED, certifi\u00e9 ATEX et 3-A.\",\"breadcrumb\":{\"@id\":\"https:\\\/\\\/www.donadonsdd.com\\\/fr\\\/produit\\\/scd-sanitary\\\/#breadcrumb\"},\"inLanguage\":\"fr-FR\",\"potentialAction\":[{\"@type\":\"ReadAction\",\"target\":[\"https:\\\/\\\/www.donadonsdd.com\\\/fr\\\/produit\\\/scd-sanitary\\\/\"]}]},{\"@type\":\"ImageObject\",\"inLanguage\":\"fr-FR\",\"@id\":\"https:\\\/\\\/www.donadonsdd.com\\\/fr\\\/produit\\\/scd-sanitary\\\/#primaryimage\",\"url\":\"https:\\\/\\\/www.donadonsdd.com\\\/wp-content\\\/uploads\\\/2025\\\/12\\\/donadon-sdd-scd-sanitary-rupture-discs.png\",\"contentUrl\":\"https:\\\/\\\/www.donadonsdd.com\\\/wp-content\\\/uploads\\\/2025\\\/12\\\/donadon-sdd-scd-sanitary-rupture-discs.png\",\"width\":1800,\"height\":1200,\"caption\":\"donadon sdd scd sanitary rupture discs\"},{\"@type\":\"BreadcrumbList\",\"@id\":\"https:\\\/\\\/www.donadonsdd.com\\\/fr\\\/produit\\\/scd-sanitary\\\/#breadcrumb\",\"itemListElement\":[{\"@type\":\"ListItem\",\"position\":1,\"name\":\"HOMEPAGE\",\"item\":\"https:\\\/\\\/www.donadonsdd.com\\\/fr\\\/\"},{\"@type\":\"ListItem\",\"position\":2,\"name\":\"Disques de rupture sanitaires SCD &#8211; Protection avanc\u00e9e contre la pression pour les industries hygi\u00e9niques\"}]},{\"@type\":\"WebSite\",\"@id\":\"https:\\\/\\\/www.donadonsdd.com\\\/fr\\\/#website\",\"url\":\"https:\\\/\\\/www.donadonsdd.com\\\/fr\\\/\",\"name\":\"DonadonSDD Srl\",\"description\":\"\",\"publisher\":{\"@id\":\"https:\\\/\\\/www.donadonsdd.com\\\/fr\\\/#organization\"},\"potentialAction\":[{\"@type\":\"SearchAction\",\"target\":{\"@type\":\"EntryPoint\",\"urlTemplate\":\"https:\\\/\\\/www.donadonsdd.com\\\/fr\\\/?s={search_term_string}\"},\"query-input\":{\"@type\":\"PropertyValueSpecification\",\"valueRequired\":true,\"valueName\":\"search_term_string\"}}],\"inLanguage\":\"fr-FR\"},{\"@type\":\"Organization\",\"@id\":\"https:\\\/\\\/www.donadonsdd.com\\\/fr\\\/#organization\",\"name\":\"DonadonSDD Srl\",\"url\":\"https:\\\/\\\/www.donadonsdd.com\\\/fr\\\/\",\"logo\":{\"@type\":\"ImageObject\",\"inLanguage\":\"fr-FR\",\"@id\":\"https:\\\/\\\/www.donadonsdd.com\\\/fr\\\/#\\\/schema\\\/logo\\\/image\\\/\",\"url\":\"https:\\\/\\\/www.donadonsdd.com\\\/wp-content\\\/uploads\\\/2025\\\/11\\\/donadonsdd-logo.png\",\"contentUrl\":\"https:\\\/\\\/www.donadonsdd.com\\\/wp-content\\\/uploads\\\/2025\\\/11\\\/donadonsdd-logo.png\",\"width\":544,\"height\":96,\"caption\":\"DonadonSDD Srl\"},\"image\":{\"@id\":\"https:\\\/\\\/www.donadonsdd.com\\\/fr\\\/#\\\/schema\\\/logo\\\/image\\\/\"}}]}<\/script>\n<!-- \/ Yoast SEO plugin. -->","yoast_head_json":{"title":"Disque de rupture sanitaire \u00e0 action directe - SCD","description":"Disque de rupture hygi\u00e9nique \u00e0 action directe pour les applications pharmaceutiques, alimentaires et biotechnologiques. Conception non fragmentable, r\u00e9sistant au vide, adapt\u00e9 aux processus propres et aseptiques, conforme aux normes ASME et PED, certifi\u00e9 ATEX et 3-A.","robots":{"index":"index","follow":"follow","max-snippet":"max-snippet:-1","max-image-preview":"max-image-preview:large","max-video-preview":"max-video-preview:-1"},"canonical":"https:\/\/www.donadonsdd.com\/fr\/produit\/scd-sanitary\/","og_locale":"fr_FR","og_type":"article","og_title":"Disque de rupture sanitaire \u00e0 action directe - SCD","og_description":"Disque de rupture hygi\u00e9nique \u00e0 action directe pour les applications pharmaceutiques, alimentaires et biotechnologiques. Conception non fragmentable, r\u00e9sistant au vide, adapt\u00e9 aux processus propres et aseptiques, conforme aux normes ASME et PED, certifi\u00e9 ATEX et 3-A.","og_url":"https:\/\/www.donadonsdd.com\/fr\/produit\/scd-sanitary\/","og_site_name":"DonadonSDD Srl","article_modified_time":"2026-03-01T00:35:35+00:00","og_image":[{"width":1800,"height":1200,"url":"https:\/\/www.donadonsdd.com\/wp-content\/uploads\/2025\/12\/donadon-sdd-scd-sanitary-rupture-discs.png","type":"image\/png"}],"twitter_card":"summary_large_image","twitter_misc":{"Dur\u00e9e de lecture estim\u00e9e":"3 minutes"},"schema":{"@context":"https:\/\/schema.org","@graph":[{"@type":"WebPage","@id":"https:\/\/www.donadonsdd.com\/fr\/produit\/scd-sanitary\/","url":"https:\/\/www.donadonsdd.com\/fr\/produit\/scd-sanitary\/","name":"Disque de rupture sanitaire \u00e0 action directe - SCD","isPartOf":{"@id":"https:\/\/www.donadonsdd.com\/fr\/#website"},"primaryImageOfPage":{"@id":"https:\/\/www.donadonsdd.com\/fr\/produit\/scd-sanitary\/#primaryimage"},"image":{"@id":"https:\/\/www.donadonsdd.com\/fr\/produit\/scd-sanitary\/#primaryimage"},"thumbnailUrl":"https:\/\/www.donadonsdd.com\/wp-content\/uploads\/2025\/12\/donadon-sdd-scd-sanitary-rupture-discs.png","datePublished":"2025-12-10T13:32:32+00:00","dateModified":"2026-03-01T00:35:35+00:00","description":"Disque de rupture hygi\u00e9nique \u00e0 action directe pour les applications pharmaceutiques, alimentaires et biotechnologiques. Conception non fragmentable, r\u00e9sistant au vide, adapt\u00e9 aux processus propres et aseptiques, conforme aux normes ASME et PED, certifi\u00e9 ATEX et 3-A.","breadcrumb":{"@id":"https:\/\/www.donadonsdd.com\/fr\/produit\/scd-sanitary\/#breadcrumb"},"inLanguage":"fr-FR","potentialAction":[{"@type":"ReadAction","target":["https:\/\/www.donadonsdd.com\/fr\/produit\/scd-sanitary\/"]}]},{"@type":"ImageObject","inLanguage":"fr-FR","@id":"https:\/\/www.donadonsdd.com\/fr\/produit\/scd-sanitary\/#primaryimage","url":"https:\/\/www.donadonsdd.com\/wp-content\/uploads\/2025\/12\/donadon-sdd-scd-sanitary-rupture-discs.png","contentUrl":"https:\/\/www.donadonsdd.com\/wp-content\/uploads\/2025\/12\/donadon-sdd-scd-sanitary-rupture-discs.png","width":1800,"height":1200,"caption":"donadon sdd scd sanitary rupture discs"},{"@type":"BreadcrumbList","@id":"https:\/\/www.donadonsdd.com\/fr\/produit\/scd-sanitary\/#breadcrumb","itemListElement":[{"@type":"ListItem","position":1,"name":"HOMEPAGE","item":"https:\/\/www.donadonsdd.com\/fr\/"},{"@type":"ListItem","position":2,"name":"Disques de rupture sanitaires SCD &#8211; Protection avanc\u00e9e contre la pression pour les industries hygi\u00e9niques"}]},{"@type":"WebSite","@id":"https:\/\/www.donadonsdd.com\/fr\/#website","url":"https:\/\/www.donadonsdd.com\/fr\/","name":"DonadonSDD Srl","description":"","publisher":{"@id":"https:\/\/www.donadonsdd.com\/fr\/#organization"},"potentialAction":[{"@type":"SearchAction","target":{"@type":"EntryPoint","urlTemplate":"https:\/\/www.donadonsdd.com\/fr\/?s={search_term_string}"},"query-input":{"@type":"PropertyValueSpecification","valueRequired":true,"valueName":"search_term_string"}}],"inLanguage":"fr-FR"},{"@type":"Organization","@id":"https:\/\/www.donadonsdd.com\/fr\/#organization","name":"DonadonSDD Srl","url":"https:\/\/www.donadonsdd.com\/fr\/","logo":{"@type":"ImageObject","inLanguage":"fr-FR","@id":"https:\/\/www.donadonsdd.com\/fr\/#\/schema\/logo\/image\/","url":"https:\/\/www.donadonsdd.com\/wp-content\/uploads\/2025\/11\/donadonsdd-logo.png","contentUrl":"https:\/\/www.donadonsdd.com\/wp-content\/uploads\/2025\/11\/donadonsdd-logo.png","width":544,"height":96,"caption":"DonadonSDD Srl"},"image":{"@id":"https:\/\/www.donadonsdd.com\/fr\/#\/schema\/logo\/image\/"}}]}},"toolset-meta":{"toolset-woocommerce-fields":{"_download_limit":{"type":"numeric","raw":""},"_virtual":{"type":"checkbox","raw":""},"_downloadable":{"type":"checkbox","raw":""},"_download_expiry":{"type":"numeric","raw":""},"_download_type":{"type":"radio","raw":""},"_regular_price":{"type":"numeric","raw":""},"_sale_price":{"type":"numeric","raw":""},"_sale_price_dates_from":{"type":"date","raw":"","formatted":null},"_sale_price_dates_to":{"type":"date","raw":"","formatted":null},"_sku":{"type":"textfield","raw":""},"_manage_stock":{"type":"checkbox","raw":""},"_stock_status":{"type":"radio","raw":""},"_stock":{"type":"numeric","raw":""},"_backorders":{"type":"radio","raw":""},"_sold_individually":{"type":"checkbox","raw":""},"_width":{"type":"numeric","raw":""},"_weight":{"type":"numeric","raw":""},"_length":{"type":"numeric","raw":""},"_purchase_note":{"type":"textarea","raw":""}},"infografica":{"operation-ratio":{"type":"textfield","raw":"jusqu'\u00e0 85%"},"non-fragmenting":{"type":"textfield","raw":"oui"},"vacumm-resistant":{"type":"textfield","raw":"oui"},"sanitary":{"type":"textfield","raw":"oui"},"liquid":{"type":"textfield","raw":"oui"},"vapor-gas":{"type":"textfield","raw":"oui"},"ferrules":{"type":"textfield","raw":""}},"dettagli-prodotto":{"immagini-prodotto":{"type":"image","raw":["https:\/\/www.donadonsdd.com\/wp-content\/uploads\/2025\/12\/donadon-8_result.webp","https:\/\/www.donadonsdd.com\/wp-content\/uploads\/2025\/12\/donadon-9_result.webp"],"repeatable":[{"raw":"https:\/\/www.donadonsdd.com\/wp-content\/uploads\/2025\/12\/donadon-8_result.webp","attachment_id":6558},{"raw":"https:\/\/www.donadonsdd.com\/wp-content\/uploads\/2025\/12\/donadon-9_result.webp","attachment_id":6559}]},"tabella-specifiche":{"type":"wysiwyg","raw":"<p class=\"p1\">MODEL|SCD ;\nMAT\u00c9RIAUX|Acier inoxydable, alliage 201, alliage 400, alliage 600, alliage 625, alliage C276, titane ;\nMAT\u00c9RIAUX DES JOINTS|PTFE ;\nDIMENSIONS|De DN25 (1 pouce) \u00e0 DN150 (6 pouces) ;\nPRESSION DE RUPTURE|1 - 10 bar g (selon la taille et le mat\u00e9riau) ;\nKR GL|1.33 ;\nTOL\u00c9RANCE | de +\/- 5 % \u00e0 +\/- 20 % ;\nTEMPERATURE DE FONCTIONNEMENT|Max 260\u00b0C (Joints en PTFE) ;\nFRAGMENTATION|Non ;\nUTILISATION EN COMBINAISON AVEC PSV|Convient ;\nMARGE DE FONCTIONNEMENT|Pouvant atteindre jusqu'\u00e0 85% selon les conditions de service ;\nR\u00c9SISTANCE \u00c0 LA PRESSION DU VIDE|Oui, autoportant dans des conditions de vide ;\nRESISTANCE A LA CORROSION|Tr\u00e8s bon ;\nDOUBLURES|Disponibles en PTFE et PFA ;\nHOLDER| <a href=\"https:\/\/www.donadonsdd.com\/fr\/produit\/htc\/\">HTC<\/a>;\nD\u00c9TECTEUR DE RUPTURE| <a href=\"https:\/\/www.donadonsdd.com\/fr\/produits\/indicateurs-de-rupture\/electrique\/\">\u00c9lectrique<\/a>;<\/p>"}}},"_links":{"self":[{"href":"https:\/\/www.donadonsdd.com\/fr\/wp-json\/wp\/v2\/product\/6554","targetHints":{"allow":["GET"]}}],"collection":[{"href":"https:\/\/www.donadonsdd.com\/fr\/wp-json\/wp\/v2\/product"}],"about":[{"href":"https:\/\/www.donadonsdd.com\/fr\/wp-json\/wp\/v2\/types\/product"}],"wp:featuredmedia":[{"embeddable":true,"href":"https:\/\/www.donadonsdd.com\/fr\/wp-json\/wp\/v2\/media\/10334"}],"wp:attachment":[{"href":"https:\/\/www.donadonsdd.com\/fr\/wp-json\/wp\/v2\/media?parent=6554"}],"wp:term":[{"taxonomy":"categoria_prodotto","embeddable":true,"href":"https:\/\/www.donadonsdd.com\/fr\/wp-json\/wp\/v2\/categoria_prodotto?post=6554"}],"curies":[{"name":"wp","href":"https:\/\/api.w.org\/{rel}","templated":true}]}}