{"id":6573,"date":"2025-12-10T14:46:01","date_gmt":"2025-12-10T13:46:01","guid":{"rendered":"https:\/\/www.donadonsdd.com\/product\/disques-de-rupture-scd-pour-application-sf6\/"},"modified":"2026-02-28T00:22:12","modified_gmt":"2026-02-27T23:22:12","slug":"scd-sf6-application","status":"publish","type":"product","link":"https:\/\/www.donadonsdd.com\/fr\/produit\/scd-sf6-application\/","title":{"rendered":"Disques de rupture SCD pour application SF6"},"content":{"rendered":"<p>Les disques de rupture \u00e0 action directe SCD de DonadonSDD sont des dispositifs de s\u00e9curit\u00e9 vitaux qui emp\u00eachent les variations soudaines de pression d&rsquo;endommager les installations industrielles. Les disques de rupture Forward acting ont une cambrure concave qui reste inchang\u00e9e sous la pression de fonctionnement jusqu&rsquo;\u00e0 ce que la pression de consigne soit atteinte, ce qui peut garantir une longue dur\u00e9e de vie. Les disques de rupture SCD de DonadonSDD fournissent une protection fiable et pr\u00e9cise dans les applications les plus diverses et les plus exigeantes, ce qui fait des disques de rupture SCD de DonadonSDD le meilleur choix pour la s\u00e9curit\u00e9 de votre usine. Nos disques de rupture SCD peuvent \u00eatre sp\u00e9cifiquement con\u00e7us pour prot\u00e9ger les syst\u00e8mes isol\u00e9s au gaz contre les coups de b\u00e9lier et contenir du gaz SF6.   <\/p>\n<h2>Caract\u00e9ristiques et avantages techniques<\/h2>\n<h3>Technologie avanc\u00e9e :<\/h3>\n<p>Les disques de rupture SCD obtenus \u00e0 l&rsquo;aide de notre technologie brevet\u00e9e Laser NS NanoScored sont des disques charg\u00e9s en compression et agissant vers l&rsquo;avant, avec des sections calibr\u00e9es micro-scores s&rsquo;ouvrant en p\u00e9tales, r\u00e9duisant ainsi le risque de d\u00e9tachement des p\u00e9tales.<\/p>\n<h3>Des performances fiables :<\/h3>\n<p>Ils supportent des milliers de cycles sans compromettre leur fiabilit\u00e9, avec des rapports allant jusqu&rsquo;\u00e0 85 % entre la pression de fonctionnement et la pression de rupture.<\/p>\n<h3>Rupture rapide :<\/h3>\n<p>Les disques r\u00e9agissent \u00e0 une pression excessive en quelques millisecondes en s&rsquo;ouvrant compl\u00e8tement le long des lignes de p\u00e9tales marqu\u00e9es sur le c\u00f4t\u00e9 aval du disque.<\/p>\n<h3>Pression d&rsquo;\u00e9clatement \u00e9lev\u00e9e :<\/h3>\n<p>Particuli\u00e8rement adapt\u00e9 \u00e0 une pression d&rsquo;\u00e9clatement \u00e9lev\u00e9e ; peut \u00eatre utilis\u00e9 dans des conditions cycliques et pulsatoires sans r\u00e9duction des marges de s\u00e9curit\u00e9.<\/p>\n<h2>Pourquoi choisir les disques de rupture DonadonSDD SCD ?<\/h2>\n<ul>\n<li>Les disques de rupture SCD de DonadonSDD sont certifi\u00e9s conformes aux normes de s\u00e9curit\u00e9 les plus strictes, offrant une protection fiable \u00e0 votre installation industrielle.<\/li>\n<li>Nos disques SF6 sont con\u00e7us pour \u00eatre install\u00e9s directement dans l&rsquo;\u00e9quipement \u00e0 l&rsquo;int\u00e9rieur de brides sp\u00e9cifiques au client.<\/li>\n<li>R\u00e9sistance au vide : Ne n\u00e9cessite pas de support de vide, ce qui \u00e9vite les restrictions dans la zone de d\u00e9charge. \u00c9tanch\u00e9it\u00e9 sup\u00e9rieure lorsqu&rsquo;il est associ\u00e9 \u00e0 un joint torique. <\/li>\n<\/ul>\n","protected":false},"excerpt":{"rendered":"<p>Les disques de rupture \u00e0 action directe SCD de DonadonSDD sont des dispositifs de s\u00e9curit\u00e9 vitaux qui emp\u00eachent les variations soudaines de pression d&rsquo;endommager les installations industrielles. Les disques de rupture Forward acting ont une cambrure concave qui reste inchang\u00e9e sous la pression de fonctionnement jusqu&rsquo;\u00e0 ce que la pression de consigne soit atteinte, ce [&hellip;]<\/p>\n","protected":false},"featured_media":6576,"menu_order":0,"template":"","meta":{"_acf_changed":false},"categoria_prodotto":[79,91],"class_list":["post-6573","product","type-product","status-publish","has-post-thumbnail","hentry","categoria_prodotto-rupture-discs","categoria_prodotto-special-executions"],"acf":[],"yoast_head":"<!-- This site is optimized with the Yoast SEO plugin v27.3 - https:\/\/yoast.com\/product\/yoast-seo-wordpress\/ -->\n<title>Disque de rupture \u00e0 action directe pour SF6 GIS - SCD<\/title>\n<meta name=\"description\" content=\"Disque de rupture Forward acting pour les syst\u00e8mes isol\u00e9s au gaz SF6 (GIS). Con\u00e7u pour des pressions d&#039;\u00e9clatement \u00e9lev\u00e9es et des conditions de cyclage, avec une conception non fragment\u00e9e et une installation entre brides ou compatible avec les bo\u00eetiers.\" \/>\n<meta name=\"robots\" content=\"index, follow, max-snippet:-1, max-image-preview:large, max-video-preview:-1\" \/>\n<link rel=\"canonical\" href=\"https:\/\/www.donadonsdd.com\/fr\/produit\/scd-sf6-application\/\" \/>\n<meta property=\"og:locale\" content=\"fr_FR\" \/>\n<meta property=\"og:type\" content=\"article\" \/>\n<meta property=\"og:title\" content=\"Disque de rupture \u00e0 action directe pour SF6 GIS - SCD\" \/>\n<meta property=\"og:description\" content=\"Disque de rupture Forward acting pour les syst\u00e8mes isol\u00e9s au gaz SF6 (GIS). Con\u00e7u pour des pressions d&#039;\u00e9clatement \u00e9lev\u00e9es et des conditions de cyclage, avec une conception non fragment\u00e9e et une installation entre brides ou compatible avec les bo\u00eetiers.\" \/>\n<meta property=\"og:url\" content=\"https:\/\/www.donadonsdd.com\/fr\/produit\/scd-sf6-application\/\" \/>\n<meta property=\"og:site_name\" content=\"DonadonSDD Srl\" \/>\n<meta property=\"article:modified_time\" content=\"2026-02-27T23:22:12+00:00\" \/>\n<meta property=\"og:image\" content=\"https:\/\/www.donadonsdd.com\/wp-content\/uploads\/2025\/12\/donadon-sdd-scd-rupture-discs-special-executions-e1766346832238.png\" \/>\n\t<meta property=\"og:image:width\" content=\"1218\" \/>\n\t<meta property=\"og:image:height\" content=\"812\" \/>\n\t<meta property=\"og:image:type\" content=\"image\/png\" \/>\n<meta name=\"twitter:card\" content=\"summary_large_image\" \/>\n<meta name=\"twitter:label1\" content=\"Dur\u00e9e de lecture estim\u00e9e\" \/>\n\t<meta name=\"twitter:data1\" content=\"2 minutes\" \/>\n<script type=\"application\/ld+json\" class=\"yoast-schema-graph\">{\"@context\":\"https:\\\/\\\/schema.org\",\"@graph\":[{\"@type\":\"WebPage\",\"@id\":\"https:\\\/\\\/www.donadonsdd.com\\\/fr\\\/produit\\\/scd-sf6-application\\\/\",\"url\":\"https:\\\/\\\/www.donadonsdd.com\\\/fr\\\/produit\\\/scd-sf6-application\\\/\",\"name\":\"Disque de rupture \u00e0 action directe pour SF6 GIS - SCD\",\"isPartOf\":{\"@id\":\"https:\\\/\\\/www.donadonsdd.com\\\/fr\\\/#website\"},\"primaryImageOfPage\":{\"@id\":\"https:\\\/\\\/www.donadonsdd.com\\\/fr\\\/produit\\\/scd-sf6-application\\\/#primaryimage\"},\"image\":{\"@id\":\"https:\\\/\\\/www.donadonsdd.com\\\/fr\\\/produit\\\/scd-sf6-application\\\/#primaryimage\"},\"thumbnailUrl\":\"https:\\\/\\\/www.donadonsdd.com\\\/wp-content\\\/uploads\\\/2025\\\/12\\\/donadon-sdd-scd-rupture-discs-special-executions-e1766346832238.png\",\"datePublished\":\"2025-12-10T13:46:01+00:00\",\"dateModified\":\"2026-02-27T23:22:12+00:00\",\"description\":\"Disque de rupture Forward acting pour les syst\u00e8mes isol\u00e9s au gaz SF6 (GIS). Con\u00e7u pour des pressions d'\u00e9clatement \u00e9lev\u00e9es et des conditions de cyclage, avec une conception non fragment\u00e9e et une installation entre brides ou compatible avec les bo\u00eetiers.\",\"breadcrumb\":{\"@id\":\"https:\\\/\\\/www.donadonsdd.com\\\/fr\\\/produit\\\/scd-sf6-application\\\/#breadcrumb\"},\"inLanguage\":\"fr-FR\",\"potentialAction\":[{\"@type\":\"ReadAction\",\"target\":[\"https:\\\/\\\/www.donadonsdd.com\\\/fr\\\/produit\\\/scd-sf6-application\\\/\"]}]},{\"@type\":\"ImageObject\",\"inLanguage\":\"fr-FR\",\"@id\":\"https:\\\/\\\/www.donadonsdd.com\\\/fr\\\/produit\\\/scd-sf6-application\\\/#primaryimage\",\"url\":\"https:\\\/\\\/www.donadonsdd.com\\\/wp-content\\\/uploads\\\/2025\\\/12\\\/donadon-sdd-scd-rupture-discs-special-executions-e1766346832238.png\",\"contentUrl\":\"https:\\\/\\\/www.donadonsdd.com\\\/wp-content\\\/uploads\\\/2025\\\/12\\\/donadon-sdd-scd-rupture-discs-special-executions-e1766346832238.png\",\"width\":1218,\"height\":812,\"caption\":\"donadon sdd scd disques de rupture ex\u00e9cutions sp\u00e9ciales\"},{\"@type\":\"BreadcrumbList\",\"@id\":\"https:\\\/\\\/www.donadonsdd.com\\\/fr\\\/produit\\\/scd-sf6-application\\\/#breadcrumb\",\"itemListElement\":[{\"@type\":\"ListItem\",\"position\":1,\"name\":\"HOMEPAGE\",\"item\":\"https:\\\/\\\/www.donadonsdd.com\\\/fr\\\/\"},{\"@type\":\"ListItem\",\"position\":2,\"name\":\"Disques de rupture SCD pour application SF6\"}]},{\"@type\":\"WebSite\",\"@id\":\"https:\\\/\\\/www.donadonsdd.com\\\/fr\\\/#website\",\"url\":\"https:\\\/\\\/www.donadonsdd.com\\\/fr\\\/\",\"name\":\"DonadonSDD Srl\",\"description\":\"\",\"publisher\":{\"@id\":\"https:\\\/\\\/www.donadonsdd.com\\\/fr\\\/#organization\"},\"potentialAction\":[{\"@type\":\"SearchAction\",\"target\":{\"@type\":\"EntryPoint\",\"urlTemplate\":\"https:\\\/\\\/www.donadonsdd.com\\\/fr\\\/?s={search_term_string}\"},\"query-input\":{\"@type\":\"PropertyValueSpecification\",\"valueRequired\":true,\"valueName\":\"search_term_string\"}}],\"inLanguage\":\"fr-FR\"},{\"@type\":\"Organization\",\"@id\":\"https:\\\/\\\/www.donadonsdd.com\\\/fr\\\/#organization\",\"name\":\"DonadonSDD Srl\",\"url\":\"https:\\\/\\\/www.donadonsdd.com\\\/fr\\\/\",\"logo\":{\"@type\":\"ImageObject\",\"inLanguage\":\"fr-FR\",\"@id\":\"https:\\\/\\\/www.donadonsdd.com\\\/fr\\\/#\\\/schema\\\/logo\\\/image\\\/\",\"url\":\"https:\\\/\\\/www.donadonsdd.com\\\/wp-content\\\/uploads\\\/2025\\\/11\\\/donadonsdd-logo.png\",\"contentUrl\":\"https:\\\/\\\/www.donadonsdd.com\\\/wp-content\\\/uploads\\\/2025\\\/11\\\/donadonsdd-logo.png\",\"width\":544,\"height\":96,\"caption\":\"DonadonSDD Srl\"},\"image\":{\"@id\":\"https:\\\/\\\/www.donadonsdd.com\\\/fr\\\/#\\\/schema\\\/logo\\\/image\\\/\"}}]}<\/script>\n<!-- \/ Yoast SEO plugin. -->","yoast_head_json":{"title":"Disque de rupture \u00e0 action directe pour SF6 GIS - SCD","description":"Disque de rupture Forward acting pour les syst\u00e8mes isol\u00e9s au gaz SF6 (GIS). Con\u00e7u pour des pressions d'\u00e9clatement \u00e9lev\u00e9es et des conditions de cyclage, avec une conception non fragment\u00e9e et une installation entre brides ou compatible avec les bo\u00eetiers.","robots":{"index":"index","follow":"follow","max-snippet":"max-snippet:-1","max-image-preview":"max-image-preview:large","max-video-preview":"max-video-preview:-1"},"canonical":"https:\/\/www.donadonsdd.com\/fr\/produit\/scd-sf6-application\/","og_locale":"fr_FR","og_type":"article","og_title":"Disque de rupture \u00e0 action directe pour SF6 GIS - SCD","og_description":"Disque de rupture Forward acting pour les syst\u00e8mes isol\u00e9s au gaz SF6 (GIS). Con\u00e7u pour des pressions d'\u00e9clatement \u00e9lev\u00e9es et des conditions de cyclage, avec une conception non fragment\u00e9e et une installation entre brides ou compatible avec les bo\u00eetiers.","og_url":"https:\/\/www.donadonsdd.com\/fr\/produit\/scd-sf6-application\/","og_site_name":"DonadonSDD Srl","article_modified_time":"2026-02-27T23:22:12+00:00","og_image":[{"width":1218,"height":812,"url":"https:\/\/www.donadonsdd.com\/wp-content\/uploads\/2025\/12\/donadon-sdd-scd-rupture-discs-special-executions-e1766346832238.png","type":"image\/png"}],"twitter_card":"summary_large_image","twitter_misc":{"Dur\u00e9e de lecture estim\u00e9e":"2 minutes"},"schema":{"@context":"https:\/\/schema.org","@graph":[{"@type":"WebPage","@id":"https:\/\/www.donadonsdd.com\/fr\/produit\/scd-sf6-application\/","url":"https:\/\/www.donadonsdd.com\/fr\/produit\/scd-sf6-application\/","name":"Disque de rupture \u00e0 action directe pour SF6 GIS - SCD","isPartOf":{"@id":"https:\/\/www.donadonsdd.com\/fr\/#website"},"primaryImageOfPage":{"@id":"https:\/\/www.donadonsdd.com\/fr\/produit\/scd-sf6-application\/#primaryimage"},"image":{"@id":"https:\/\/www.donadonsdd.com\/fr\/produit\/scd-sf6-application\/#primaryimage"},"thumbnailUrl":"https:\/\/www.donadonsdd.com\/wp-content\/uploads\/2025\/12\/donadon-sdd-scd-rupture-discs-special-executions-e1766346832238.png","datePublished":"2025-12-10T13:46:01+00:00","dateModified":"2026-02-27T23:22:12+00:00","description":"Disque de rupture Forward acting pour les syst\u00e8mes isol\u00e9s au gaz SF6 (GIS). Con\u00e7u pour des pressions d'\u00e9clatement \u00e9lev\u00e9es et des conditions de cyclage, avec une conception non fragment\u00e9e et une installation entre brides ou compatible avec les bo\u00eetiers.","breadcrumb":{"@id":"https:\/\/www.donadonsdd.com\/fr\/produit\/scd-sf6-application\/#breadcrumb"},"inLanguage":"fr-FR","potentialAction":[{"@type":"ReadAction","target":["https:\/\/www.donadonsdd.com\/fr\/produit\/scd-sf6-application\/"]}]},{"@type":"ImageObject","inLanguage":"fr-FR","@id":"https:\/\/www.donadonsdd.com\/fr\/produit\/scd-sf6-application\/#primaryimage","url":"https:\/\/www.donadonsdd.com\/wp-content\/uploads\/2025\/12\/donadon-sdd-scd-rupture-discs-special-executions-e1766346832238.png","contentUrl":"https:\/\/www.donadonsdd.com\/wp-content\/uploads\/2025\/12\/donadon-sdd-scd-rupture-discs-special-executions-e1766346832238.png","width":1218,"height":812,"caption":"donadon sdd scd disques de rupture ex\u00e9cutions sp\u00e9ciales"},{"@type":"BreadcrumbList","@id":"https:\/\/www.donadonsdd.com\/fr\/produit\/scd-sf6-application\/#breadcrumb","itemListElement":[{"@type":"ListItem","position":1,"name":"HOMEPAGE","item":"https:\/\/www.donadonsdd.com\/fr\/"},{"@type":"ListItem","position":2,"name":"Disques de rupture SCD pour application SF6"}]},{"@type":"WebSite","@id":"https:\/\/www.donadonsdd.com\/fr\/#website","url":"https:\/\/www.donadonsdd.com\/fr\/","name":"DonadonSDD Srl","description":"","publisher":{"@id":"https:\/\/www.donadonsdd.com\/fr\/#organization"},"potentialAction":[{"@type":"SearchAction","target":{"@type":"EntryPoint","urlTemplate":"https:\/\/www.donadonsdd.com\/fr\/?s={search_term_string}"},"query-input":{"@type":"PropertyValueSpecification","valueRequired":true,"valueName":"search_term_string"}}],"inLanguage":"fr-FR"},{"@type":"Organization","@id":"https:\/\/www.donadonsdd.com\/fr\/#organization","name":"DonadonSDD Srl","url":"https:\/\/www.donadonsdd.com\/fr\/","logo":{"@type":"ImageObject","inLanguage":"fr-FR","@id":"https:\/\/www.donadonsdd.com\/fr\/#\/schema\/logo\/image\/","url":"https:\/\/www.donadonsdd.com\/wp-content\/uploads\/2025\/11\/donadonsdd-logo.png","contentUrl":"https:\/\/www.donadonsdd.com\/wp-content\/uploads\/2025\/11\/donadonsdd-logo.png","width":544,"height":96,"caption":"DonadonSDD Srl"},"image":{"@id":"https:\/\/www.donadonsdd.com\/fr\/#\/schema\/logo\/image\/"}}]}},"toolset-meta":{"toolset-woocommerce-fields":{"_download_limit":{"type":"numeric","raw":""},"_virtual":{"type":"checkbox","raw":""},"_downloadable":{"type":"checkbox","raw":""},"_download_expiry":{"type":"numeric","raw":""},"_download_type":{"type":"radio","raw":""},"_regular_price":{"type":"numeric","raw":""},"_sale_price":{"type":"numeric","raw":""},"_sale_price_dates_from":{"type":"date","raw":"","formatted":null},"_sale_price_dates_to":{"type":"date","raw":"","formatted":null},"_sku":{"type":"textfield","raw":""},"_manage_stock":{"type":"checkbox","raw":""},"_stock_status":{"type":"radio","raw":""},"_stock":{"type":"numeric","raw":""},"_backorders":{"type":"radio","raw":""},"_sold_individually":{"type":"checkbox","raw":""},"_width":{"type":"numeric","raw":""},"_weight":{"type":"numeric","raw":""},"_length":{"type":"numeric","raw":""},"_purchase_note":{"type":"textarea","raw":""}},"infografica":{"operation-ratio":{"type":"textfield","raw":"jusqu'\u00e0 85%"},"non-fragmenting":{"type":"textfield","raw":"oui"},"vacumm-resistant":{"type":"textfield","raw":"oui"},"sanitary":{"type":"textfield","raw":"non"},"liquid":{"type":"textfield","raw":"non"},"vapor-gas":{"type":"textfield","raw":"oui"},"ferrules":{"type":"textfield","raw":""}},"dettagli-prodotto":{"immagini-prodotto":{"type":"image","raw":["https:\/\/www.donadonsdd.com\/wp-content\/uploads\/2025\/12\/donadon-28_result.webp"],"repeatable":[{"raw":"https:\/\/www.donadonsdd.com\/wp-content\/uploads\/2025\/12\/donadon-28_result.webp","attachment_id":8014}]},"tabella-specifiche":{"type":"wysiwyg","raw":""}}},"_links":{"self":[{"href":"https:\/\/www.donadonsdd.com\/fr\/wp-json\/wp\/v2\/product\/6573","targetHints":{"allow":["GET"]}}],"collection":[{"href":"https:\/\/www.donadonsdd.com\/fr\/wp-json\/wp\/v2\/product"}],"about":[{"href":"https:\/\/www.donadonsdd.com\/fr\/wp-json\/wp\/v2\/types\/product"}],"wp:featuredmedia":[{"embeddable":true,"href":"https:\/\/www.donadonsdd.com\/fr\/wp-json\/wp\/v2\/media\/6576"}],"wp:attachment":[{"href":"https:\/\/www.donadonsdd.com\/fr\/wp-json\/wp\/v2\/media?parent=6573"}],"wp:term":[{"taxonomy":"categoria_prodotto","embeddable":true,"href":"https:\/\/www.donadonsdd.com\/fr\/wp-json\/wp\/v2\/categoria_prodotto?post=6573"}],"curies":[{"name":"wp","href":"https:\/\/api.w.org\/{rel}","templated":true}]}}