{"id":5971,"date":"2026-02-20T23:22:34","date_gmt":"2026-02-20T22:22:34","guid":{"rendered":"https:\/\/www.donadonsdd.com\/product\/pannello-circolare-di-ventilazione-antideflagrante-per-applicazioni-con-polveri-e-gas-psc\/"},"modified":"2026-02-28T00:22:53","modified_gmt":"2026-02-27T23:22:53","slug":"psc","status":"publish","type":"product","link":"https:\/\/www.donadonsdd.com\/it\/prodotto\/psc\/","title":{"rendered":"Pannello circolare di ventilazione antideflagrante per applicazioni con polveri e gas &#8211; PSC"},"content":{"rendered":"<p class=\"p1\">I pannelli di ventilazione circolari DonadonSDD PS\/C sono pannelli di tensione compositi composti da tre parti:<\/p>\n<ul>\n<li class=\"p1\">una parte metallica calibrata<\/li>\n<li class=\"p1\">una membrana di tenuta (solitamente in PTFE)<\/li>\n<li class=\"p1\">una sezione di protezione metallica<\/li>\n<\/ul>\n<p class=\"p1\">Sono disponibili anche supporti per il vuoto.<\/p>\n<p class=\"p1\">I pannelli di sfiato antideflagranti sono adatti all&#8217;uso con gas e\/o polveri in condizioni statiche, pulsanti e cicliche. Di solito hanno pressioni di sfiato molto basse (standard 0,1 bar g). I pannelli vengono montati principalmente su collettori di polvere, essiccatori, trogoli, silos, separatori, miscelatori, booster, depuratori d&#8217;aria, setacci e filtri.  <\/p>\n<p class=\"p1\">Possono essere montati tra telai saldati o profili non lavorati in acciaio al carbonio o inossidabile. Non sono necessari telai lavorati o contenitori costosi. <\/p>\n<p class=\"p1\">I pannelli possono essere forniti in esecuzione ATEX (PS\/EX) e certificati EX II GD e EX II D. Possono quindi essere installati in luoghi con presenza di atmosfere esplosive (zone classificate come categoria 0, 20, 1, 21, 2 e 20 secondo la direttiva europea ATEX 2014\/34\/UE). <\/p>\n","protected":false},"excerpt":{"rendered":"<p>I pannelli di ventilazione circolari DonadonSDD PS\/C sono pannelli di tensione compositi composti da tre parti: una parte metallica calibrata una membrana di tenuta (solitamente in PTFE) una sezione di protezione metallica Sono disponibili anche supporti per il vuoto. I pannelli di sfiato antideflagranti sono adatti all&#8217;uso con gas e\/o polveri in condizioni statiche, pulsanti [&hellip;]<\/p>\n","protected":false},"featured_media":10264,"menu_order":0,"template":"","meta":{"_acf_changed":false},"categoria_prodotto":[80],"class_list":["post-5971","product","type-product","status-publish","has-post-thumbnail","hentry","categoria_prodotto-explosion-venting-panels"],"acf":[],"yoast_head":"<!-- This site is optimized with the Yoast SEO plugin v27.3 - https:\/\/yoast.com\/product\/yoast-seo-wordpress\/ -->\n<title>Pannello circolare di ventilazione antideflagrante per applicazioni con polveri e gas - PSC<\/title>\n<meta name=\"description\" content=\"Pannello di sfiato antideflagrante in materiale composito per applicazioni con polveri e gas. La bassa pressione di apertura e il design non frammentante consentono uno sfiato antideflagrante affidabile, certificato ATEX, adatto a silos, filtri e attrezzature per il trattamento delle polveri.\" \/>\n<meta name=\"robots\" content=\"index, follow, max-snippet:-1, max-image-preview:large, max-video-preview:-1\" \/>\n<link rel=\"canonical\" href=\"https:\/\/www.donadonsdd.com\/it\/prodotto\/psc\/\" \/>\n<meta property=\"og:locale\" content=\"it_IT\" \/>\n<meta property=\"og:type\" content=\"article\" \/>\n<meta property=\"og:title\" content=\"Pannello circolare di ventilazione antideflagrante per applicazioni con polveri e gas - PSC\" \/>\n<meta property=\"og:description\" content=\"Pannello di sfiato antideflagrante in materiale composito per applicazioni con polveri e gas. La bassa pressione di apertura e il design non frammentante consentono uno sfiato antideflagrante affidabile, certificato ATEX, adatto a silos, filtri e attrezzature per il trattamento delle polveri.\" \/>\n<meta property=\"og:url\" content=\"https:\/\/www.donadonsdd.com\/it\/prodotto\/psc\/\" \/>\n<meta property=\"og:site_name\" content=\"DonadonSDD Srl\" \/>\n<meta property=\"article:modified_time\" content=\"2026-02-27T23:22:53+00:00\" \/>\n<meta property=\"og:image\" content=\"https:\/\/www.donadonsdd.com\/wp-content\/uploads\/2026\/02\/circle20venting20panel-remove-background.com_.png\" \/>\n\t<meta property=\"og:image:width\" content=\"700\" \/>\n\t<meta property=\"og:image:height\" content=\"466\" \/>\n\t<meta property=\"og:image:type\" content=\"image\/png\" \/>\n<meta name=\"twitter:card\" content=\"summary_large_image\" \/>\n<meta name=\"twitter:label1\" content=\"Tempo di lettura stimato\" \/>\n\t<meta name=\"twitter:data1\" content=\"1 minuto\" \/>\n<script type=\"application\/ld+json\" class=\"yoast-schema-graph\">{\"@context\":\"https:\\\/\\\/schema.org\",\"@graph\":[{\"@type\":\"WebPage\",\"@id\":\"https:\\\/\\\/www.donadonsdd.com\\\/it\\\/prodotto\\\/psc\\\/\",\"url\":\"https:\\\/\\\/www.donadonsdd.com\\\/it\\\/prodotto\\\/psc\\\/\",\"name\":\"Pannello circolare di ventilazione antideflagrante per applicazioni con polveri e gas - PSC\",\"isPartOf\":{\"@id\":\"https:\\\/\\\/www.donadonsdd.com\\\/it\\\/#website\"},\"primaryImageOfPage\":{\"@id\":\"https:\\\/\\\/www.donadonsdd.com\\\/it\\\/prodotto\\\/psc\\\/#primaryimage\"},\"image\":{\"@id\":\"https:\\\/\\\/www.donadonsdd.com\\\/it\\\/prodotto\\\/psc\\\/#primaryimage\"},\"thumbnailUrl\":\"https:\\\/\\\/www.donadonsdd.com\\\/wp-content\\\/uploads\\\/2026\\\/02\\\/circle20venting20panel-remove-background.com_.png\",\"datePublished\":\"2026-02-20T22:22:34+00:00\",\"dateModified\":\"2026-02-27T23:22:53+00:00\",\"description\":\"Pannello di sfiato antideflagrante in materiale composito per applicazioni con polveri e gas. La bassa pressione di apertura e il design non frammentante consentono uno sfiato antideflagrante affidabile, certificato ATEX, adatto a silos, filtri e attrezzature per il trattamento delle polveri.\",\"breadcrumb\":{\"@id\":\"https:\\\/\\\/www.donadonsdd.com\\\/it\\\/prodotto\\\/psc\\\/#breadcrumb\"},\"inLanguage\":\"it-IT\",\"potentialAction\":[{\"@type\":\"ReadAction\",\"target\":[\"https:\\\/\\\/www.donadonsdd.com\\\/it\\\/prodotto\\\/psc\\\/\"]}]},{\"@type\":\"ImageObject\",\"inLanguage\":\"it-IT\",\"@id\":\"https:\\\/\\\/www.donadonsdd.com\\\/it\\\/prodotto\\\/psc\\\/#primaryimage\",\"url\":\"https:\\\/\\\/www.donadonsdd.com\\\/wp-content\\\/uploads\\\/2026\\\/02\\\/circle20venting20panel-remove-background.com_.png\",\"contentUrl\":\"https:\\\/\\\/www.donadonsdd.com\\\/wp-content\\\/uploads\\\/2026\\\/02\\\/circle20venting20panel-remove-background.com_.png\",\"width\":700,\"height\":466},{\"@type\":\"BreadcrumbList\",\"@id\":\"https:\\\/\\\/www.donadonsdd.com\\\/it\\\/prodotto\\\/psc\\\/#breadcrumb\",\"itemListElement\":[{\"@type\":\"ListItem\",\"position\":1,\"name\":\"HOMEPAGE\",\"item\":\"https:\\\/\\\/www.donadonsdd.com\\\/it\\\/\"},{\"@type\":\"ListItem\",\"position\":2,\"name\":\"Pannello circolare di ventilazione antideflagrante per applicazioni con polveri e gas &#8211; PSC\"}]},{\"@type\":\"WebSite\",\"@id\":\"https:\\\/\\\/www.donadonsdd.com\\\/it\\\/#website\",\"url\":\"https:\\\/\\\/www.donadonsdd.com\\\/it\\\/\",\"name\":\"DonadonSDD Srl\",\"description\":\"\",\"publisher\":{\"@id\":\"https:\\\/\\\/www.donadonsdd.com\\\/it\\\/#organization\"},\"potentialAction\":[{\"@type\":\"SearchAction\",\"target\":{\"@type\":\"EntryPoint\",\"urlTemplate\":\"https:\\\/\\\/www.donadonsdd.com\\\/it\\\/?s={search_term_string}\"},\"query-input\":{\"@type\":\"PropertyValueSpecification\",\"valueRequired\":true,\"valueName\":\"search_term_string\"}}],\"inLanguage\":\"it-IT\"},{\"@type\":\"Organization\",\"@id\":\"https:\\\/\\\/www.donadonsdd.com\\\/it\\\/#organization\",\"name\":\"DonadonSDD Srl\",\"url\":\"https:\\\/\\\/www.donadonsdd.com\\\/it\\\/\",\"logo\":{\"@type\":\"ImageObject\",\"inLanguage\":\"it-IT\",\"@id\":\"https:\\\/\\\/www.donadonsdd.com\\\/it\\\/#\\\/schema\\\/logo\\\/image\\\/\",\"url\":\"https:\\\/\\\/www.donadonsdd.com\\\/wp-content\\\/uploads\\\/2025\\\/11\\\/donadonsdd-logo.png\",\"contentUrl\":\"https:\\\/\\\/www.donadonsdd.com\\\/wp-content\\\/uploads\\\/2025\\\/11\\\/donadonsdd-logo.png\",\"width\":544,\"height\":96,\"caption\":\"DonadonSDD Srl\"},\"image\":{\"@id\":\"https:\\\/\\\/www.donadonsdd.com\\\/it\\\/#\\\/schema\\\/logo\\\/image\\\/\"}}]}<\/script>\n<!-- \/ Yoast SEO plugin. -->","yoast_head_json":{"title":"Pannello circolare di ventilazione antideflagrante per applicazioni con polveri e gas - PSC","description":"Pannello di sfiato antideflagrante in materiale composito per applicazioni con polveri e gas. La bassa pressione di apertura e il design non frammentante consentono uno sfiato antideflagrante affidabile, certificato ATEX, adatto a silos, filtri e attrezzature per il trattamento delle polveri.","robots":{"index":"index","follow":"follow","max-snippet":"max-snippet:-1","max-image-preview":"max-image-preview:large","max-video-preview":"max-video-preview:-1"},"canonical":"https:\/\/www.donadonsdd.com\/it\/prodotto\/psc\/","og_locale":"it_IT","og_type":"article","og_title":"Pannello circolare di ventilazione antideflagrante per applicazioni con polveri e gas - PSC","og_description":"Pannello di sfiato antideflagrante in materiale composito per applicazioni con polveri e gas. La bassa pressione di apertura e il design non frammentante consentono uno sfiato antideflagrante affidabile, certificato ATEX, adatto a silos, filtri e attrezzature per il trattamento delle polveri.","og_url":"https:\/\/www.donadonsdd.com\/it\/prodotto\/psc\/","og_site_name":"DonadonSDD Srl","article_modified_time":"2026-02-27T23:22:53+00:00","og_image":[{"width":700,"height":466,"url":"https:\/\/www.donadonsdd.com\/wp-content\/uploads\/2026\/02\/circle20venting20panel-remove-background.com_.png","type":"image\/png"}],"twitter_card":"summary_large_image","twitter_misc":{"Tempo di lettura stimato":"1 minuto"},"schema":{"@context":"https:\/\/schema.org","@graph":[{"@type":"WebPage","@id":"https:\/\/www.donadonsdd.com\/it\/prodotto\/psc\/","url":"https:\/\/www.donadonsdd.com\/it\/prodotto\/psc\/","name":"Pannello circolare di ventilazione antideflagrante per applicazioni con polveri e gas - PSC","isPartOf":{"@id":"https:\/\/www.donadonsdd.com\/it\/#website"},"primaryImageOfPage":{"@id":"https:\/\/www.donadonsdd.com\/it\/prodotto\/psc\/#primaryimage"},"image":{"@id":"https:\/\/www.donadonsdd.com\/it\/prodotto\/psc\/#primaryimage"},"thumbnailUrl":"https:\/\/www.donadonsdd.com\/wp-content\/uploads\/2026\/02\/circle20venting20panel-remove-background.com_.png","datePublished":"2026-02-20T22:22:34+00:00","dateModified":"2026-02-27T23:22:53+00:00","description":"Pannello di sfiato antideflagrante in materiale composito per applicazioni con polveri e gas. La bassa pressione di apertura e il design non frammentante consentono uno sfiato antideflagrante affidabile, certificato ATEX, adatto a silos, filtri e attrezzature per il trattamento delle polveri.","breadcrumb":{"@id":"https:\/\/www.donadonsdd.com\/it\/prodotto\/psc\/#breadcrumb"},"inLanguage":"it-IT","potentialAction":[{"@type":"ReadAction","target":["https:\/\/www.donadonsdd.com\/it\/prodotto\/psc\/"]}]},{"@type":"ImageObject","inLanguage":"it-IT","@id":"https:\/\/www.donadonsdd.com\/it\/prodotto\/psc\/#primaryimage","url":"https:\/\/www.donadonsdd.com\/wp-content\/uploads\/2026\/02\/circle20venting20panel-remove-background.com_.png","contentUrl":"https:\/\/www.donadonsdd.com\/wp-content\/uploads\/2026\/02\/circle20venting20panel-remove-background.com_.png","width":700,"height":466},{"@type":"BreadcrumbList","@id":"https:\/\/www.donadonsdd.com\/it\/prodotto\/psc\/#breadcrumb","itemListElement":[{"@type":"ListItem","position":1,"name":"HOMEPAGE","item":"https:\/\/www.donadonsdd.com\/it\/"},{"@type":"ListItem","position":2,"name":"Pannello circolare di ventilazione antideflagrante per applicazioni con polveri e gas &#8211; PSC"}]},{"@type":"WebSite","@id":"https:\/\/www.donadonsdd.com\/it\/#website","url":"https:\/\/www.donadonsdd.com\/it\/","name":"DonadonSDD Srl","description":"","publisher":{"@id":"https:\/\/www.donadonsdd.com\/it\/#organization"},"potentialAction":[{"@type":"SearchAction","target":{"@type":"EntryPoint","urlTemplate":"https:\/\/www.donadonsdd.com\/it\/?s={search_term_string}"},"query-input":{"@type":"PropertyValueSpecification","valueRequired":true,"valueName":"search_term_string"}}],"inLanguage":"it-IT"},{"@type":"Organization","@id":"https:\/\/www.donadonsdd.com\/it\/#organization","name":"DonadonSDD Srl","url":"https:\/\/www.donadonsdd.com\/it\/","logo":{"@type":"ImageObject","inLanguage":"it-IT","@id":"https:\/\/www.donadonsdd.com\/it\/#\/schema\/logo\/image\/","url":"https:\/\/www.donadonsdd.com\/wp-content\/uploads\/2025\/11\/donadonsdd-logo.png","contentUrl":"https:\/\/www.donadonsdd.com\/wp-content\/uploads\/2025\/11\/donadonsdd-logo.png","width":544,"height":96,"caption":"DonadonSDD Srl"},"image":{"@id":"https:\/\/www.donadonsdd.com\/it\/#\/schema\/logo\/image\/"}}]}},"toolset-meta":{"toolset-woocommerce-fields":{"_download_limit":{"type":"numeric","raw":""},"_virtual":{"type":"checkbox","raw":""},"_downloadable":{"type":"checkbox","raw":""},"_download_expiry":{"type":"numeric","raw":""},"_download_type":{"type":"radio","raw":""},"_regular_price":{"type":"numeric","raw":""},"_sale_price":{"type":"numeric","raw":""},"_sale_price_dates_from":{"type":"date","raw":"","formatted":null},"_sale_price_dates_to":{"type":"date","raw":"","formatted":null},"_sku":{"type":"textfield","raw":""},"_manage_stock":{"type":"checkbox","raw":""},"_stock_status":{"type":"radio","raw":""},"_stock":{"type":"numeric","raw":""},"_backorders":{"type":"radio","raw":""},"_sold_individually":{"type":"checkbox","raw":""},"_width":{"type":"numeric","raw":""},"_weight":{"type":"numeric","raw":""},"_length":{"type":"numeric","raw":""},"_purchase_note":{"type":"textarea","raw":""}},"infografica":{"operation-ratio":{"type":"textfield","raw":"50% - 70%"},"non-fragmenting":{"type":"textfield","raw":"s\u00ec (solo membrana)"},"vacumm-resistant":{"type":"textfield","raw":"S\u00ec, il supporto per il vuoto \u00e8 disponibile"},"sanitary":{"type":"textfield","raw":"no"},"liquid":{"type":"textfield","raw":""},"vapor-gas":{"type":"textfield","raw":""},"ferrules":{"type":"textfield","raw":""}},"dettagli-prodotto":{"immagini-prodotto":{"type":"image","raw":[""],"repeatable":[{"raw":""}]},"tabella-specifiche":{"type":"wysiwyg","raw":"<p class=\"p1\">MODELLO | PSC;\nMATERIALI | Acciaio inox;\nMEMBRANA DI GUARNIZIONE | PTFE;\nDIMENSIONI | Min DN 250 - Max DN 900;\nPRESSIONE DI ROTTURA | 0.1 bar g;\nTOLLERANZA | da +\/- 10% a +\/- 20%;\nTEMPERATURA DI FUNZIONAMENTO | Fino a 260\u00b0C;\nMARGINE DI FUNZIONAMENTO | 50%-70%;\nSUPPORTO AL VUOTO | Disponibile;\nFRAGMENTAZIONE | No (solo membrana);\nRESISTENZA ALLA CORROSIONE | Buona - pu\u00f2 essere protetta con una membrana in PTFE;\nINDICATORI DI ROTTURA | <a href=\"https:\/\/www.donadonsdd.com\/it\/prodotti\/sensori-di-rottura\/elettrici\/\">Elettrici<\/a>, <a href=\"https:\/\/www.donadonsdd.com\/it\/prodotti\/sensori-di-rottura\/induttivi\/\">Induttivi<\/a>;\nGUARNIZIONI | S\u00ec;<\/p>"}}},"_links":{"self":[{"href":"https:\/\/www.donadonsdd.com\/it\/wp-json\/wp\/v2\/product\/5971","targetHints":{"allow":["GET"]}}],"collection":[{"href":"https:\/\/www.donadonsdd.com\/it\/wp-json\/wp\/v2\/product"}],"about":[{"href":"https:\/\/www.donadonsdd.com\/it\/wp-json\/wp\/v2\/types\/product"}],"wp:featuredmedia":[{"embeddable":true,"href":"https:\/\/www.donadonsdd.com\/it\/wp-json\/wp\/v2\/media\/10264"}],"wp:attachment":[{"href":"https:\/\/www.donadonsdd.com\/it\/wp-json\/wp\/v2\/media?parent=5971"}],"wp:term":[{"taxonomy":"categoria_prodotto","embeddable":true,"href":"https:\/\/www.donadonsdd.com\/it\/wp-json\/wp\/v2\/categoria_prodotto?post=5971"}],"curies":[{"name":"wp","href":"https:\/\/api.w.org\/{rel}","templated":true}]}}