{"id":6026,"date":"2025-12-11T16:49:34","date_gmt":"2025-12-11T15:49:34","guid":{"rendered":"https:\/\/www.donadonsdd.com\/product\/indicatori-di-rottura-sanitaria-irc\/"},"modified":"2026-02-28T00:21:26","modified_gmt":"2026-02-27T23:21:26","slug":"irc","status":"publish","type":"product","link":"https:\/\/www.donadonsdd.com\/it\/prodotto\/irc\/","title":{"rendered":"Indicatori di rottura sanitaria IRC"},"content":{"rendered":"<p>L&#8217;indicatore di rottura DonadonSDD di tipo IRC \u00e8 uno strumento semplice ed efficace per il rilevamento della frattura del disco.<\/p>\n<p>Il rilevatore viene installato sul lato di scarico, a valle del raccordo distanziatore. I cavi del segnalatore di allarme sono collegati al sistema di sicurezza dell&#8217;impianto tramite una barriera di sicurezza intrinseca in conformit\u00e0 alle caratteristiche elettriche del sensore (tensione massima 24V CC e corrente massima 50mA) e alla classificazione della zona. <\/p>\n<p>Gli indicatori di rottura IRC consistono essenzialmente in una pista di rame incapsulata tra due strati isolanti di Kapton (circuito stampato flessibile), collegata elettricamente a un cavo che consente il collegamento remoto a un indicatore di continuit\u00e0 elettrica. Il circuito \u00e8 incapsulato tra due strati di PTFE e il dispositivo di sicurezza \u00e8 fornito completo di guarnizioni in PTFE compatibili con l&#8217;installazione tra le connessioni igieniche. <\/p>\n<p>In caso di rottura del disco, il circuito di rame dell&#8217;indicatore IRC si apre e il flusso di corrente si interrompe di conseguenza, consentendo all&#8217;apparecchiatura collegata di segnalare l&#8217;effettiva apertura del disco di rottura.<\/p>\n<p>Il sensore IRC \u00e8 classificato come &#8220;materiale elettrico di base&#8221; ed \u00e8 certificato secondo la Direttiva Europea 94\/9\/CE (ATEX). L&#8217;installazione della zona dipende dal tipo di barriera:<\/p>\n<ul>\n<li>Barriera Ex ia &#8211;&gt; zone 0; 20; 1; 21; 2; 22<\/li>\n<li>Barriera Ex ib &#8211;&gt; zona 1; 21; 2; 22<\/li>\n<\/ul>\n<p>L&#8217;installazione deve essere conforme alla norma EN 60079-14.<\/p>\n","protected":false},"excerpt":{"rendered":"<p>L&#8217;indicatore di rottura DonadonSDD di tipo IRC \u00e8 uno strumento semplice ed efficace per il rilevamento della frattura del disco. Il rilevatore viene installato sul lato di scarico, a valle del raccordo distanziatore. I cavi del segnalatore di allarme sono collegati al sistema di sicurezza dell&#8217;impianto tramite una barriera di sicurezza intrinseca in conformit\u00e0 alle [&hellip;]<\/p>\n","protected":false},"featured_media":6028,"menu_order":0,"template":"","meta":{"_acf_changed":false},"categoria_prodotto":[94,81],"class_list":["post-6026","product","type-product","status-publish","has-post-thumbnail","hentry","categoria_prodotto-electric","categoria_prodotto-rupture-indicators"],"acf":[],"yoast_head":"<!-- This site is optimized with the Yoast SEO plugin v27.3 - https:\/\/yoast.com\/product\/yoast-seo-wordpress\/ -->\n<title>Indicatore elettrico sanitario a disco di rottura - IRC<\/title>\n<meta name=\"description\" content=\"Indicatore elettrico sanitario a disco di rottura per il rilevamento della rottura in applicazioni igieniche. Installato tra connessioni tri-clamp, a sicurezza intrinseca, certificato ATEX.\" \/>\n<meta name=\"robots\" content=\"index, follow, max-snippet:-1, max-image-preview:large, max-video-preview:-1\" \/>\n<link rel=\"canonical\" href=\"https:\/\/www.donadonsdd.com\/it\/prodotto\/irc\/\" \/>\n<meta property=\"og:locale\" content=\"it_IT\" \/>\n<meta property=\"og:type\" content=\"article\" \/>\n<meta property=\"og:title\" content=\"Indicatore elettrico sanitario a disco di rottura - IRC\" \/>\n<meta property=\"og:description\" content=\"Indicatore elettrico sanitario a disco di rottura per il rilevamento della rottura in applicazioni igieniche. Installato tra connessioni tri-clamp, a sicurezza intrinseca, certificato ATEX.\" \/>\n<meta property=\"og:url\" content=\"https:\/\/www.donadonsdd.com\/it\/prodotto\/irc\/\" \/>\n<meta property=\"og:site_name\" content=\"DonadonSDD Srl\" \/>\n<meta property=\"article:modified_time\" content=\"2026-02-27T23:21:26+00:00\" \/>\n<meta property=\"og:image\" content=\"https:\/\/www.donadonsdd.com\/wp-content\/uploads\/2025\/12\/donadon-sdd-irc-sanitary-rupture-indicators.png\" \/>\n\t<meta property=\"og:image:width\" content=\"1800\" \/>\n\t<meta property=\"og:image:height\" content=\"1200\" \/>\n\t<meta property=\"og:image:type\" content=\"image\/png\" \/>\n<meta name=\"twitter:card\" content=\"summary_large_image\" \/>\n<meta name=\"twitter:label1\" content=\"Tempo di lettura stimato\" \/>\n\t<meta name=\"twitter:data1\" content=\"1 minuto\" \/>\n<script type=\"application\/ld+json\" class=\"yoast-schema-graph\">{\"@context\":\"https:\\\/\\\/schema.org\",\"@graph\":[{\"@type\":\"WebPage\",\"@id\":\"https:\\\/\\\/www.donadonsdd.com\\\/it\\\/prodotto\\\/irc\\\/\",\"url\":\"https:\\\/\\\/www.donadonsdd.com\\\/it\\\/prodotto\\\/irc\\\/\",\"name\":\"Indicatore elettrico sanitario a disco di rottura - IRC\",\"isPartOf\":{\"@id\":\"https:\\\/\\\/www.donadonsdd.com\\\/it\\\/#website\"},\"primaryImageOfPage\":{\"@id\":\"https:\\\/\\\/www.donadonsdd.com\\\/it\\\/prodotto\\\/irc\\\/#primaryimage\"},\"image\":{\"@id\":\"https:\\\/\\\/www.donadonsdd.com\\\/it\\\/prodotto\\\/irc\\\/#primaryimage\"},\"thumbnailUrl\":\"https:\\\/\\\/www.donadonsdd.com\\\/wp-content\\\/uploads\\\/2025\\\/12\\\/donadon-sdd-irc-sanitary-rupture-indicators.png\",\"datePublished\":\"2025-12-11T15:49:34+00:00\",\"dateModified\":\"2026-02-27T23:21:26+00:00\",\"description\":\"Indicatore elettrico sanitario a disco di rottura per il rilevamento della rottura in applicazioni igieniche. Installato tra connessioni tri-clamp, a sicurezza intrinseca, certificato ATEX.\",\"breadcrumb\":{\"@id\":\"https:\\\/\\\/www.donadonsdd.com\\\/it\\\/prodotto\\\/irc\\\/#breadcrumb\"},\"inLanguage\":\"it-IT\",\"potentialAction\":[{\"@type\":\"ReadAction\",\"target\":[\"https:\\\/\\\/www.donadonsdd.com\\\/it\\\/prodotto\\\/irc\\\/\"]}]},{\"@type\":\"ImageObject\",\"inLanguage\":\"it-IT\",\"@id\":\"https:\\\/\\\/www.donadonsdd.com\\\/it\\\/prodotto\\\/irc\\\/#primaryimage\",\"url\":\"https:\\\/\\\/www.donadonsdd.com\\\/wp-content\\\/uploads\\\/2025\\\/12\\\/donadon-sdd-irc-sanitary-rupture-indicators.png\",\"contentUrl\":\"https:\\\/\\\/www.donadonsdd.com\\\/wp-content\\\/uploads\\\/2025\\\/12\\\/donadon-sdd-irc-sanitary-rupture-indicators.png\",\"width\":1800,\"height\":1200,\"caption\":\"indicatori di rottura sanitari donadon sdd irc\"},{\"@type\":\"BreadcrumbList\",\"@id\":\"https:\\\/\\\/www.donadonsdd.com\\\/it\\\/prodotto\\\/irc\\\/#breadcrumb\",\"itemListElement\":[{\"@type\":\"ListItem\",\"position\":1,\"name\":\"HOMEPAGE\",\"item\":\"https:\\\/\\\/www.donadonsdd.com\\\/it\\\/\"},{\"@type\":\"ListItem\",\"position\":2,\"name\":\"Indicatori di rottura sanitaria IRC\"}]},{\"@type\":\"WebSite\",\"@id\":\"https:\\\/\\\/www.donadonsdd.com\\\/it\\\/#website\",\"url\":\"https:\\\/\\\/www.donadonsdd.com\\\/it\\\/\",\"name\":\"DonadonSDD Srl\",\"description\":\"\",\"publisher\":{\"@id\":\"https:\\\/\\\/www.donadonsdd.com\\\/it\\\/#organization\"},\"potentialAction\":[{\"@type\":\"SearchAction\",\"target\":{\"@type\":\"EntryPoint\",\"urlTemplate\":\"https:\\\/\\\/www.donadonsdd.com\\\/it\\\/?s={search_term_string}\"},\"query-input\":{\"@type\":\"PropertyValueSpecification\",\"valueRequired\":true,\"valueName\":\"search_term_string\"}}],\"inLanguage\":\"it-IT\"},{\"@type\":\"Organization\",\"@id\":\"https:\\\/\\\/www.donadonsdd.com\\\/it\\\/#organization\",\"name\":\"DonadonSDD Srl\",\"url\":\"https:\\\/\\\/www.donadonsdd.com\\\/it\\\/\",\"logo\":{\"@type\":\"ImageObject\",\"inLanguage\":\"it-IT\",\"@id\":\"https:\\\/\\\/www.donadonsdd.com\\\/it\\\/#\\\/schema\\\/logo\\\/image\\\/\",\"url\":\"https:\\\/\\\/www.donadonsdd.com\\\/wp-content\\\/uploads\\\/2025\\\/11\\\/donadonsdd-logo.png\",\"contentUrl\":\"https:\\\/\\\/www.donadonsdd.com\\\/wp-content\\\/uploads\\\/2025\\\/11\\\/donadonsdd-logo.png\",\"width\":544,\"height\":96,\"caption\":\"DonadonSDD Srl\"},\"image\":{\"@id\":\"https:\\\/\\\/www.donadonsdd.com\\\/it\\\/#\\\/schema\\\/logo\\\/image\\\/\"}}]}<\/script>\n<!-- \/ Yoast SEO plugin. -->","yoast_head_json":{"title":"Indicatore elettrico sanitario a disco di rottura - IRC","description":"Indicatore elettrico sanitario a disco di rottura per il rilevamento della rottura in applicazioni igieniche. Installato tra connessioni tri-clamp, a sicurezza intrinseca, certificato ATEX.","robots":{"index":"index","follow":"follow","max-snippet":"max-snippet:-1","max-image-preview":"max-image-preview:large","max-video-preview":"max-video-preview:-1"},"canonical":"https:\/\/www.donadonsdd.com\/it\/prodotto\/irc\/","og_locale":"it_IT","og_type":"article","og_title":"Indicatore elettrico sanitario a disco di rottura - IRC","og_description":"Indicatore elettrico sanitario a disco di rottura per il rilevamento della rottura in applicazioni igieniche. Installato tra connessioni tri-clamp, a sicurezza intrinseca, certificato ATEX.","og_url":"https:\/\/www.donadonsdd.com\/it\/prodotto\/irc\/","og_site_name":"DonadonSDD Srl","article_modified_time":"2026-02-27T23:21:26+00:00","og_image":[{"width":1800,"height":1200,"url":"https:\/\/www.donadonsdd.com\/wp-content\/uploads\/2025\/12\/donadon-sdd-irc-sanitary-rupture-indicators.png","type":"image\/png"}],"twitter_card":"summary_large_image","twitter_misc":{"Tempo di lettura stimato":"1 minuto"},"schema":{"@context":"https:\/\/schema.org","@graph":[{"@type":"WebPage","@id":"https:\/\/www.donadonsdd.com\/it\/prodotto\/irc\/","url":"https:\/\/www.donadonsdd.com\/it\/prodotto\/irc\/","name":"Indicatore elettrico sanitario a disco di rottura - IRC","isPartOf":{"@id":"https:\/\/www.donadonsdd.com\/it\/#website"},"primaryImageOfPage":{"@id":"https:\/\/www.donadonsdd.com\/it\/prodotto\/irc\/#primaryimage"},"image":{"@id":"https:\/\/www.donadonsdd.com\/it\/prodotto\/irc\/#primaryimage"},"thumbnailUrl":"https:\/\/www.donadonsdd.com\/wp-content\/uploads\/2025\/12\/donadon-sdd-irc-sanitary-rupture-indicators.png","datePublished":"2025-12-11T15:49:34+00:00","dateModified":"2026-02-27T23:21:26+00:00","description":"Indicatore elettrico sanitario a disco di rottura per il rilevamento della rottura in applicazioni igieniche. Installato tra connessioni tri-clamp, a sicurezza intrinseca, certificato ATEX.","breadcrumb":{"@id":"https:\/\/www.donadonsdd.com\/it\/prodotto\/irc\/#breadcrumb"},"inLanguage":"it-IT","potentialAction":[{"@type":"ReadAction","target":["https:\/\/www.donadonsdd.com\/it\/prodotto\/irc\/"]}]},{"@type":"ImageObject","inLanguage":"it-IT","@id":"https:\/\/www.donadonsdd.com\/it\/prodotto\/irc\/#primaryimage","url":"https:\/\/www.donadonsdd.com\/wp-content\/uploads\/2025\/12\/donadon-sdd-irc-sanitary-rupture-indicators.png","contentUrl":"https:\/\/www.donadonsdd.com\/wp-content\/uploads\/2025\/12\/donadon-sdd-irc-sanitary-rupture-indicators.png","width":1800,"height":1200,"caption":"indicatori di rottura sanitari donadon sdd irc"},{"@type":"BreadcrumbList","@id":"https:\/\/www.donadonsdd.com\/it\/prodotto\/irc\/#breadcrumb","itemListElement":[{"@type":"ListItem","position":1,"name":"HOMEPAGE","item":"https:\/\/www.donadonsdd.com\/it\/"},{"@type":"ListItem","position":2,"name":"Indicatori di rottura sanitaria IRC"}]},{"@type":"WebSite","@id":"https:\/\/www.donadonsdd.com\/it\/#website","url":"https:\/\/www.donadonsdd.com\/it\/","name":"DonadonSDD Srl","description":"","publisher":{"@id":"https:\/\/www.donadonsdd.com\/it\/#organization"},"potentialAction":[{"@type":"SearchAction","target":{"@type":"EntryPoint","urlTemplate":"https:\/\/www.donadonsdd.com\/it\/?s={search_term_string}"},"query-input":{"@type":"PropertyValueSpecification","valueRequired":true,"valueName":"search_term_string"}}],"inLanguage":"it-IT"},{"@type":"Organization","@id":"https:\/\/www.donadonsdd.com\/it\/#organization","name":"DonadonSDD Srl","url":"https:\/\/www.donadonsdd.com\/it\/","logo":{"@type":"ImageObject","inLanguage":"it-IT","@id":"https:\/\/www.donadonsdd.com\/it\/#\/schema\/logo\/image\/","url":"https:\/\/www.donadonsdd.com\/wp-content\/uploads\/2025\/11\/donadonsdd-logo.png","contentUrl":"https:\/\/www.donadonsdd.com\/wp-content\/uploads\/2025\/11\/donadonsdd-logo.png","width":544,"height":96,"caption":"DonadonSDD Srl"},"image":{"@id":"https:\/\/www.donadonsdd.com\/it\/#\/schema\/logo\/image\/"}}]}},"toolset-meta":{"toolset-woocommerce-fields":{"_download_limit":{"type":"numeric","raw":""},"_virtual":{"type":"checkbox","raw":""},"_downloadable":{"type":"checkbox","raw":""},"_download_expiry":{"type":"numeric","raw":""},"_download_type":{"type":"radio","raw":""},"_regular_price":{"type":"numeric","raw":""},"_sale_price":{"type":"numeric","raw":""},"_sale_price_dates_from":{"type":"date","raw":"","formatted":null},"_sale_price_dates_to":{"type":"date","raw":"","formatted":null},"_sku":{"type":"textfield","raw":""},"_manage_stock":{"type":"checkbox","raw":""},"_stock_status":{"type":"radio","raw":""},"_stock":{"type":"numeric","raw":""},"_backorders":{"type":"radio","raw":""},"_sold_individually":{"type":"checkbox","raw":""},"_width":{"type":"numeric","raw":""},"_weight":{"type":"numeric","raw":""},"_length":{"type":"numeric","raw":""},"_purchase_note":{"type":"textarea","raw":""}},"infografica":{"operation-ratio":{"type":"textfield","raw":""},"non-fragmenting":{"type":"textfield","raw":""},"vacumm-resistant":{"type":"textfield","raw":""},"sanitary":{"type":"textfield","raw":""},"liquid":{"type":"textfield","raw":""},"vapor-gas":{"type":"textfield","raw":""},"ferrules":{"type":"textfield","raw":""}},"dettagli-prodotto":{"immagini-prodotto":{"type":"image","raw":["https:\/\/www.donadonsdd.com\/wp-content\/uploads\/2025\/12\/donadon-11_result.webp"],"repeatable":[{"raw":"https:\/\/www.donadonsdd.com\/wp-content\/uploads\/2025\/12\/donadon-11_result.webp","attachment_id":8057}]},"tabella-specifiche":{"type":"wysiwyg","raw":"MODELLO | IRC;\nTEMPERATURA DI FUNZIONAMENTO | Da -20\u00b0C a +260\u00b0C (a seconda della guarnizione utilizzata);\nMEMBRANA INCAPSULANTE | Polimide (Kapton\u00ae);\nCIRCUITO STAMPATO | Rame;\nTENSIONE DI ALIMENTAZIONE MASSIMA | 24 V DC;\nCORRENTE DI ALIMENTAZIONE MASSIMA | 50 mA;\nCAVO | Standard, 2 m;\nDISCO SANITARIO | <a href=\"https:\/\/www.donadonsdd.com\/it\/prodotto\/dcd-composite\/\">DCD<\/a>, <a href=\"https:\/\/www.donadonsdd.com\/it\/prodotto\/scd\/\">SCD<\/a>, <a href=\"https:\/\/www.donadonsdd.com\/it\/prodotto\/scr\/\">SCR<\/a>, <a href=\"https:\/\/www.donadonsdd.com\/it\/prodotto\/y90\/\">Y90<\/a>, <a href=\"https:\/\/www.donadonsdd.com\/it\/prodotto\/krd\/\">KRD<\/a>;"}}},"_links":{"self":[{"href":"https:\/\/www.donadonsdd.com\/it\/wp-json\/wp\/v2\/product\/6026","targetHints":{"allow":["GET"]}}],"collection":[{"href":"https:\/\/www.donadonsdd.com\/it\/wp-json\/wp\/v2\/product"}],"about":[{"href":"https:\/\/www.donadonsdd.com\/it\/wp-json\/wp\/v2\/types\/product"}],"wp:featuredmedia":[{"embeddable":true,"href":"https:\/\/www.donadonsdd.com\/it\/wp-json\/wp\/v2\/media\/6028"}],"wp:attachment":[{"href":"https:\/\/www.donadonsdd.com\/it\/wp-json\/wp\/v2\/media?parent=6026"}],"wp:term":[{"taxonomy":"categoria_prodotto","embeddable":true,"href":"https:\/\/www.donadonsdd.com\/it\/wp-json\/wp\/v2\/categoria_prodotto?post=6026"}],"curies":[{"name":"wp","href":"https:\/\/api.w.org\/{rel}","templated":true}]}}