{"id":6031,"date":"2025-12-11T16:47:39","date_gmt":"2025-12-11T15:47:39","guid":{"rendered":"https:\/\/www.donadonsdd.com\/product\/indicatori-di-rottura-ira-rilevamento-di-precisione-degli-scoppi-per-una-maggiore-sicurezza\/"},"modified":"2026-02-28T00:21:23","modified_gmt":"2026-02-27T23:21:23","slug":"ira","status":"publish","type":"product","link":"https:\/\/www.donadonsdd.com\/it\/prodotto\/ira\/","title":{"rendered":"Indicatori di rottura IRA &#8211; Rilevamento di precisione degli scoppi per una maggiore sicurezza"},"content":{"rendered":"<p>I sensori di rottura DonadonSDD IRA sono strumenti semplici ed efficienti per registrare lo scoppio di un disco di rottura.<\/p>\n<p>Il rilevatore IRA pu\u00f2 essere installato direttamente sopra il disco di rottura o all&#8217;interno del supporto del disco.<\/p>\n<p>I cavi dell&#8217;indicatore di allarme sono collegati al sistema di sicurezza dell&#8217;impianto con una barriera a sicurezza intrinseca conforme alle caratteristiche elettriche del sensore (tensione massima di 24 V CC e corrente massima di 50 mA) e alla classificazione dell&#8217;area pericolosa.<\/p>\n<p>Il rilevatore \u00e8 composto da un sensore elettrico semplicemente montato su un bersaglio costituito da: un anello in acciaio inox<br \/>\nQuando il disco scoppia, il circuito in rame del sistema di allarme IRA si apre e di conseguenza il flusso di corrente viene interrotto, permettendo all&#8217;apparecchiatura collegata di segnalare l&#8217;apertura del disco.<\/p>\n<p>Il sensore IRA \u00e8 pienamente conforme alla Direttiva Europea 2014\/34\/EU (ATEX) e al CU TR 012 (EAC), dimostrando il suo impegno nel mantenere i pi\u00f9 alti standard di affidabilit\u00e0 e sicurezza. Questa conformit\u00e0 garantisce che il sensore sia adatto all&#8217;applicazione in ambienti pericolosi, affermando la sua capacit\u00e0 di operare in modo efficace e sicuro in condizioni difficili. <\/p>\n<p>Il sensore IRA \u00e8 classificato come &#8220;materiale elettrico di base&#8221; ed \u00e8 certificato secondo la Direttiva Europea 94\/9\/CE (ATEX). L&#8217;installazione della zona dipende dal tipo di barriera:<\/p>\n<ul>\n<li>Barriera Ex ia &#8211;&gt; zone 0; 20; 1; 21; 2; 22<\/li>\n<li>Barriera Ex ib &#8211;&gt; zona 1; 21; 2; 22<\/li>\n<\/ul>\n<p>L&#8217;installazione deve essere conforme alla norma EN 60079-14.<\/p>\n","protected":false},"excerpt":{"rendered":"<p>I sensori di rottura DonadonSDD IRA sono strumenti semplici ed efficienti per registrare lo scoppio di un disco di rottura. Il rilevatore IRA pu\u00f2 essere installato direttamente sopra il disco di rottura o all&#8217;interno del supporto del disco. I cavi dell&#8217;indicatore di allarme sono collegati al sistema di sicurezza dell&#8217;impianto con una barriera a sicurezza [&hellip;]<\/p>\n","protected":false},"featured_media":10010,"menu_order":0,"template":"","meta":{"_acf_changed":false},"categoria_prodotto":[94,81],"class_list":["post-6031","product","type-product","status-publish","has-post-thumbnail","hentry","categoria_prodotto-electric","categoria_prodotto-rupture-indicators"],"acf":[],"yoast_head":"<!-- This site is optimized with the Yoast SEO plugin v27.3 - https:\/\/yoast.com\/product\/yoast-seo-wordpress\/ -->\n<title>Indicatore elettrico di scoppio per dischi di rottura - IRA<\/title>\n<meta name=\"description\" content=\"Indicatore elettrico di rottura del disco per il rilevamento della rottura di base. Installato direttamente sul disco o all&#039;interno del supporto, fornisce una segnalazione locale, \u00e8 a sicurezza intrinseca e certificato ATEX.\" \/>\n<meta name=\"robots\" content=\"index, follow, max-snippet:-1, max-image-preview:large, max-video-preview:-1\" \/>\n<link rel=\"canonical\" href=\"https:\/\/www.donadonsdd.com\/it\/prodotto\/ira\/\" \/>\n<meta property=\"og:locale\" content=\"it_IT\" \/>\n<meta property=\"og:type\" content=\"article\" \/>\n<meta property=\"og:title\" content=\"Indicatore elettrico di scoppio per dischi di rottura - IRA\" \/>\n<meta property=\"og:description\" content=\"Indicatore elettrico di rottura del disco per il rilevamento della rottura di base. Installato direttamente sul disco o all&#039;interno del supporto, fornisce una segnalazione locale, \u00e8 a sicurezza intrinseca e certificato ATEX.\" \/>\n<meta property=\"og:url\" content=\"https:\/\/www.donadonsdd.com\/it\/prodotto\/ira\/\" \/>\n<meta property=\"og:site_name\" content=\"DonadonSDD Srl\" \/>\n<meta property=\"article:modified_time\" content=\"2026-02-27T23:21:23+00:00\" \/>\n<meta property=\"og:image\" content=\"https:\/\/www.donadonsdd.com\/wp-content\/uploads\/2025\/12\/donadon-19.png\" \/>\n\t<meta property=\"og:image:width\" content=\"1800\" \/>\n\t<meta property=\"og:image:height\" content=\"1201\" \/>\n\t<meta property=\"og:image:type\" content=\"image\/png\" \/>\n<meta name=\"twitter:card\" content=\"summary_large_image\" \/>\n<meta name=\"twitter:label1\" content=\"Tempo di lettura stimato\" \/>\n\t<meta name=\"twitter:data1\" content=\"1 minuto\" \/>\n<script type=\"application\/ld+json\" class=\"yoast-schema-graph\">{\"@context\":\"https:\\\/\\\/schema.org\",\"@graph\":[{\"@type\":\"WebPage\",\"@id\":\"https:\\\/\\\/www.donadonsdd.com\\\/it\\\/prodotto\\\/ira\\\/\",\"url\":\"https:\\\/\\\/www.donadonsdd.com\\\/it\\\/prodotto\\\/ira\\\/\",\"name\":\"Indicatore elettrico di scoppio per dischi di rottura - IRA\",\"isPartOf\":{\"@id\":\"https:\\\/\\\/www.donadonsdd.com\\\/it\\\/#website\"},\"primaryImageOfPage\":{\"@id\":\"https:\\\/\\\/www.donadonsdd.com\\\/it\\\/prodotto\\\/ira\\\/#primaryimage\"},\"image\":{\"@id\":\"https:\\\/\\\/www.donadonsdd.com\\\/it\\\/prodotto\\\/ira\\\/#primaryimage\"},\"thumbnailUrl\":\"https:\\\/\\\/www.donadonsdd.com\\\/wp-content\\\/uploads\\\/2025\\\/12\\\/donadon-19.png\",\"datePublished\":\"2025-12-11T15:47:39+00:00\",\"dateModified\":\"2026-02-27T23:21:23+00:00\",\"description\":\"Indicatore elettrico di rottura del disco per il rilevamento della rottura di base. Installato direttamente sul disco o all'interno del supporto, fornisce una segnalazione locale, \u00e8 a sicurezza intrinseca e certificato ATEX.\",\"breadcrumb\":{\"@id\":\"https:\\\/\\\/www.donadonsdd.com\\\/it\\\/prodotto\\\/ira\\\/#breadcrumb\"},\"inLanguage\":\"it-IT\",\"potentialAction\":[{\"@type\":\"ReadAction\",\"target\":[\"https:\\\/\\\/www.donadonsdd.com\\\/it\\\/prodotto\\\/ira\\\/\"]}]},{\"@type\":\"ImageObject\",\"inLanguage\":\"it-IT\",\"@id\":\"https:\\\/\\\/www.donadonsdd.com\\\/it\\\/prodotto\\\/ira\\\/#primaryimage\",\"url\":\"https:\\\/\\\/www.donadonsdd.com\\\/wp-content\\\/uploads\\\/2025\\\/12\\\/donadon-19.png\",\"contentUrl\":\"https:\\\/\\\/www.donadonsdd.com\\\/wp-content\\\/uploads\\\/2025\\\/12\\\/donadon-19.png\",\"width\":1800,\"height\":1201},{\"@type\":\"BreadcrumbList\",\"@id\":\"https:\\\/\\\/www.donadonsdd.com\\\/it\\\/prodotto\\\/ira\\\/#breadcrumb\",\"itemListElement\":[{\"@type\":\"ListItem\",\"position\":1,\"name\":\"HOMEPAGE\",\"item\":\"https:\\\/\\\/www.donadonsdd.com\\\/it\\\/\"},{\"@type\":\"ListItem\",\"position\":2,\"name\":\"Indicatori di rottura IRA &#8211; Rilevamento di precisione degli scoppi per una maggiore sicurezza\"}]},{\"@type\":\"WebSite\",\"@id\":\"https:\\\/\\\/www.donadonsdd.com\\\/it\\\/#website\",\"url\":\"https:\\\/\\\/www.donadonsdd.com\\\/it\\\/\",\"name\":\"DonadonSDD Srl\",\"description\":\"\",\"publisher\":{\"@id\":\"https:\\\/\\\/www.donadonsdd.com\\\/it\\\/#organization\"},\"potentialAction\":[{\"@type\":\"SearchAction\",\"target\":{\"@type\":\"EntryPoint\",\"urlTemplate\":\"https:\\\/\\\/www.donadonsdd.com\\\/it\\\/?s={search_term_string}\"},\"query-input\":{\"@type\":\"PropertyValueSpecification\",\"valueRequired\":true,\"valueName\":\"search_term_string\"}}],\"inLanguage\":\"it-IT\"},{\"@type\":\"Organization\",\"@id\":\"https:\\\/\\\/www.donadonsdd.com\\\/it\\\/#organization\",\"name\":\"DonadonSDD Srl\",\"url\":\"https:\\\/\\\/www.donadonsdd.com\\\/it\\\/\",\"logo\":{\"@type\":\"ImageObject\",\"inLanguage\":\"it-IT\",\"@id\":\"https:\\\/\\\/www.donadonsdd.com\\\/it\\\/#\\\/schema\\\/logo\\\/image\\\/\",\"url\":\"https:\\\/\\\/www.donadonsdd.com\\\/wp-content\\\/uploads\\\/2025\\\/11\\\/donadonsdd-logo.png\",\"contentUrl\":\"https:\\\/\\\/www.donadonsdd.com\\\/wp-content\\\/uploads\\\/2025\\\/11\\\/donadonsdd-logo.png\",\"width\":544,\"height\":96,\"caption\":\"DonadonSDD Srl\"},\"image\":{\"@id\":\"https:\\\/\\\/www.donadonsdd.com\\\/it\\\/#\\\/schema\\\/logo\\\/image\\\/\"}}]}<\/script>\n<!-- \/ Yoast SEO plugin. -->","yoast_head_json":{"title":"Indicatore elettrico di scoppio per dischi di rottura - IRA","description":"Indicatore elettrico di rottura del disco per il rilevamento della rottura di base. Installato direttamente sul disco o all'interno del supporto, fornisce una segnalazione locale, \u00e8 a sicurezza intrinseca e certificato ATEX.","robots":{"index":"index","follow":"follow","max-snippet":"max-snippet:-1","max-image-preview":"max-image-preview:large","max-video-preview":"max-video-preview:-1"},"canonical":"https:\/\/www.donadonsdd.com\/it\/prodotto\/ira\/","og_locale":"it_IT","og_type":"article","og_title":"Indicatore elettrico di scoppio per dischi di rottura - IRA","og_description":"Indicatore elettrico di rottura del disco per il rilevamento della rottura di base. Installato direttamente sul disco o all'interno del supporto, fornisce una segnalazione locale, \u00e8 a sicurezza intrinseca e certificato ATEX.","og_url":"https:\/\/www.donadonsdd.com\/it\/prodotto\/ira\/","og_site_name":"DonadonSDD Srl","article_modified_time":"2026-02-27T23:21:23+00:00","og_image":[{"width":1800,"height":1201,"url":"https:\/\/www.donadonsdd.com\/wp-content\/uploads\/2025\/12\/donadon-19.png","type":"image\/png"}],"twitter_card":"summary_large_image","twitter_misc":{"Tempo di lettura stimato":"1 minuto"},"schema":{"@context":"https:\/\/schema.org","@graph":[{"@type":"WebPage","@id":"https:\/\/www.donadonsdd.com\/it\/prodotto\/ira\/","url":"https:\/\/www.donadonsdd.com\/it\/prodotto\/ira\/","name":"Indicatore elettrico di scoppio per dischi di rottura - IRA","isPartOf":{"@id":"https:\/\/www.donadonsdd.com\/it\/#website"},"primaryImageOfPage":{"@id":"https:\/\/www.donadonsdd.com\/it\/prodotto\/ira\/#primaryimage"},"image":{"@id":"https:\/\/www.donadonsdd.com\/it\/prodotto\/ira\/#primaryimage"},"thumbnailUrl":"https:\/\/www.donadonsdd.com\/wp-content\/uploads\/2025\/12\/donadon-19.png","datePublished":"2025-12-11T15:47:39+00:00","dateModified":"2026-02-27T23:21:23+00:00","description":"Indicatore elettrico di rottura del disco per il rilevamento della rottura di base. Installato direttamente sul disco o all'interno del supporto, fornisce una segnalazione locale, \u00e8 a sicurezza intrinseca e certificato ATEX.","breadcrumb":{"@id":"https:\/\/www.donadonsdd.com\/it\/prodotto\/ira\/#breadcrumb"},"inLanguage":"it-IT","potentialAction":[{"@type":"ReadAction","target":["https:\/\/www.donadonsdd.com\/it\/prodotto\/ira\/"]}]},{"@type":"ImageObject","inLanguage":"it-IT","@id":"https:\/\/www.donadonsdd.com\/it\/prodotto\/ira\/#primaryimage","url":"https:\/\/www.donadonsdd.com\/wp-content\/uploads\/2025\/12\/donadon-19.png","contentUrl":"https:\/\/www.donadonsdd.com\/wp-content\/uploads\/2025\/12\/donadon-19.png","width":1800,"height":1201},{"@type":"BreadcrumbList","@id":"https:\/\/www.donadonsdd.com\/it\/prodotto\/ira\/#breadcrumb","itemListElement":[{"@type":"ListItem","position":1,"name":"HOMEPAGE","item":"https:\/\/www.donadonsdd.com\/it\/"},{"@type":"ListItem","position":2,"name":"Indicatori di rottura IRA &#8211; Rilevamento di precisione degli scoppi per una maggiore sicurezza"}]},{"@type":"WebSite","@id":"https:\/\/www.donadonsdd.com\/it\/#website","url":"https:\/\/www.donadonsdd.com\/it\/","name":"DonadonSDD Srl","description":"","publisher":{"@id":"https:\/\/www.donadonsdd.com\/it\/#organization"},"potentialAction":[{"@type":"SearchAction","target":{"@type":"EntryPoint","urlTemplate":"https:\/\/www.donadonsdd.com\/it\/?s={search_term_string}"},"query-input":{"@type":"PropertyValueSpecification","valueRequired":true,"valueName":"search_term_string"}}],"inLanguage":"it-IT"},{"@type":"Organization","@id":"https:\/\/www.donadonsdd.com\/it\/#organization","name":"DonadonSDD Srl","url":"https:\/\/www.donadonsdd.com\/it\/","logo":{"@type":"ImageObject","inLanguage":"it-IT","@id":"https:\/\/www.donadonsdd.com\/it\/#\/schema\/logo\/image\/","url":"https:\/\/www.donadonsdd.com\/wp-content\/uploads\/2025\/11\/donadonsdd-logo.png","contentUrl":"https:\/\/www.donadonsdd.com\/wp-content\/uploads\/2025\/11\/donadonsdd-logo.png","width":544,"height":96,"caption":"DonadonSDD Srl"},"image":{"@id":"https:\/\/www.donadonsdd.com\/it\/#\/schema\/logo\/image\/"}}]}},"toolset-meta":{"toolset-woocommerce-fields":{"_download_limit":{"type":"numeric","raw":""},"_virtual":{"type":"checkbox","raw":""},"_downloadable":{"type":"checkbox","raw":""},"_download_expiry":{"type":"numeric","raw":""},"_download_type":{"type":"radio","raw":""},"_regular_price":{"type":"numeric","raw":""},"_sale_price":{"type":"numeric","raw":""},"_sale_price_dates_from":{"type":"date","raw":"","formatted":null},"_sale_price_dates_to":{"type":"date","raw":"","formatted":null},"_sku":{"type":"textfield","raw":""},"_manage_stock":{"type":"checkbox","raw":""},"_stock_status":{"type":"radio","raw":""},"_stock":{"type":"numeric","raw":""},"_backorders":{"type":"radio","raw":""},"_sold_individually":{"type":"checkbox","raw":""},"_width":{"type":"numeric","raw":""},"_weight":{"type":"numeric","raw":""},"_length":{"type":"numeric","raw":""},"_purchase_note":{"type":"textarea","raw":""}},"infografica":{"operation-ratio":{"type":"textfield","raw":""},"non-fragmenting":{"type":"textfield","raw":""},"vacumm-resistant":{"type":"textfield","raw":""},"sanitary":{"type":"textfield","raw":""},"liquid":{"type":"textfield","raw":""},"vapor-gas":{"type":"textfield","raw":""},"ferrules":{"type":"textfield","raw":""}},"dettagli-prodotto":{"immagini-prodotto":{"type":"image","raw":["https:\/\/www.donadonsdd.com\/wp-content\/uploads\/2025\/12\/donadon-21_result.webp"],"repeatable":[{"raw":"https:\/\/www.donadonsdd.com\/wp-content\/uploads\/2025\/12\/donadon-21_result.webp","attachment_id":8047}]},"tabella-specifiche":{"type":"wysiwyg","raw":"MODELLO | IRA;\nTEMPERATURA DI FUNZIONAMENTO | Da -20\u00b0C a +300\u00b0C;\nMEMBRANA INCAPSULANTE | Polimide (Kapton\u00ae);\nCIRCUITO STAMPATO | Rame;\nTENSIONE DI ALIMENTAZIONE MASSIMA | 24 V DC;\nCORRENTE DI ALIMENTAZIONE MASSIMA | 50 mA;\nCAVO | Standard, 2 m;\nCOMPATIBILIT\u00c0 CON DISCHI DI ROTTURA | <a href=\"https:\/\/www.donadonsdd.com\/it\/prodotto\/dcd-composite\/\">DCD<\/a>, <a href=\"https:\/\/www.donadonsdd.com\/it\/prodotto\/dif\/\">DIF<\/a>, <a href=\"https:\/\/www.donadonsdd.com\/it\/prodotto\/scd\/\">SCD<\/a>, <a href=\"https:\/\/www.donadonsdd.com\/it\/prodotto\/scr\/\">SCR<\/a>, <a href=\"https:\/\/www.donadonsdd.com\/it\/prodotto\/y90\/\">Y90<\/a>, <a href=\"https:\/\/www.donadonsdd.com\/it\/prodotto\/krd\/\">KRD<\/a>;"}}},"_links":{"self":[{"href":"https:\/\/www.donadonsdd.com\/it\/wp-json\/wp\/v2\/product\/6031","targetHints":{"allow":["GET"]}}],"collection":[{"href":"https:\/\/www.donadonsdd.com\/it\/wp-json\/wp\/v2\/product"}],"about":[{"href":"https:\/\/www.donadonsdd.com\/it\/wp-json\/wp\/v2\/types\/product"}],"wp:featuredmedia":[{"embeddable":true,"href":"https:\/\/www.donadonsdd.com\/it\/wp-json\/wp\/v2\/media\/10010"}],"wp:attachment":[{"href":"https:\/\/www.donadonsdd.com\/it\/wp-json\/wp\/v2\/media?parent=6031"}],"wp:term":[{"taxonomy":"categoria_prodotto","embeddable":true,"href":"https:\/\/www.donadonsdd.com\/it\/wp-json\/wp\/v2\/categoria_prodotto?post=6031"}],"curies":[{"name":"wp","href":"https:\/\/api.w.org\/{rel}","templated":true}]}}