{"id":6205,"date":"2025-12-10T15:01:20","date_gmt":"2025-12-10T14:01:20","guid":{"rendered":"https:\/\/www.donadonsdd.com\/product\/dischi-di-rottura-scr-per-la-sicurezza-del-sistema-di-condensazione-a-vapore\/"},"modified":"2026-03-01T01:26:26","modified_gmt":"2026-03-01T00:26:26","slug":"scr-steam-condenser-system-safety","status":"publish","type":"product","link":"https:\/\/www.donadonsdd.com\/it\/prodotto\/scr-steam-condenser-system-safety\/","title":{"rendered":"Dischi di rottura SCR per la sicurezza del sistema di condensazione a vapore"},"content":{"rendered":"<p>I dischi di rottura ad azione inversa DonadonSDD SCR sono dispositivi di sicurezza essenziali che impediscono alle improvvise variazioni di pressione di danneggiare gli impianti industriali. I dischi di rottura ad azione inversa hanno una bombatura del disco che rimane inalterata sotto la pressione di esercizio fino a quando non viene raggiunta la pressione inversa e questo pu\u00f2 garantire una lunga durata. I dischi di rottura DonadonSDD SCR utilizzano una tecnologia settoriale avanzata e garantiscono prestazioni e affidabilit\u00e0 migliorate per offrire una protezione precisa nelle applicazioni pi\u00f9 rischiose, rendendo i dischi di rottura DonadonSDD SCR la scelta migliore per la sicurezza del tuo impianto. I nostri Dischi di Rottura SCR sono progettati specificamente per proteggere i sistemi di condensazione del vapore dalla sovrapressione. I dischi presentano un design interamente in metallo con sezioni micro-incise al laser che garantiscono un&#8217;elevata affidabilit\u00e0, una tolleranza rigorosa e una migliore efficienza del sistema di aspirazione. Non \u00e8 pi\u00f9 necessario utilizzare una membrana di tenuta in PTFE, notoriamente permeabile.  <\/p>\n<h2>Caratteristiche chiave e vantaggi tecnici<\/h2>\n<h3><span lang=\"en-US\">Standard di certificazione elevati:<\/span><\/h3>\n<p><span lang=\"en-US\">I nostri dischi di rottura SCR sono certificati secondo i pi\u00f9 alti standard di sicurezza, tra cui PED 2014\/68\/UE (CE STAMP), ATEX EX II 2 GD (CE STAMP), PER 2016 UK Statutory Instruments 2016 No 1105 (UKCA STAMP) e CU TR 032 (EAC STAMP).<\/span><\/p>\n<h3><span lang=\"en-US\">Tecnologia avanzata:<\/span><\/h3>\n<p><span lang=\"en-US\">I dischi di rottura SCR ottenuti con la nostra tecnologia brevettata Laser NS NanoScored sono dischi ad azione inversa con sezioni calibrate micro-segnate che si aprono a petali, riducendo il rischio di distacco dei petali.<\/span><\/p>\n<h3><span lang=\"en-US\">Design versatile:<\/span><\/h3>\n<p><span lang=\"en-US\">Progettato per una facile installazione nel giunto flangiato del cliente (o con anelli distanziatori aggiuntivi per adattarsi allo spazio esistente tra le flange e facilitare l&#8217;installazione) e ha una lunga durata in caso di pressioni cicliche e pulsanti.<\/span><\/p>\n<h3><span lang=\"en-US\">Prestazioni affidabili:<\/span><\/h3>\n<p><span lang=\"en-US\">Resiste a migliaia di cicli senza compromettere la propria affidabilit\u00e0, con rapporti fino al 95% tra la pressione di esercizio e quella di rottura. La tolleranza rigorosa sul punto di scoppio garantisce una protezione affidabile.<\/span><\/p>\n<h3><span lang=\"en-US\">Rottura rapida:<\/span><\/h3>\n<p><span lang=\"en-US\">Il disco si rompe in pochi millisecondi e con un&#8217;apertura completa lungo le linee dei petali segnanti sul lato a valle del disco.<\/span><\/p>\n<h3><span lang=\"en-US\">Non frammentazione:<\/span><\/h3>\n<p><span lang=\"en-US\">I dischi di rottura DonadonSDD SCR si rompono lungo la linea segnata senza generare frammenti.<\/span><\/p>\n<h3><span lang=\"en-US\">Resistenza alla temperatura:<\/span><\/h3>\n<p><span lang=\"en-US\">ideale per le applicazioni con notevoli variazioni di temperatura, grazie alla ridotta sensibilit\u00e0 alle fluttuazioni termiche.<\/span><\/p>\n<h3><span lang=\"en-US\">Resistenza al vuoto:<\/span><\/h3>\n<p><span lang=\"en-US\">Resistente al vuoto totale, offre un&#8217;area di sfiato completa senza la necessit\u00e0 di un supporto per il vuoto.<\/span><\/p>\n<h2>Perch\u00e9 scegliere i dischi di rottura DonadonSDD SCR?<\/h2>\n<ul>\n<li>I dischi di rottura DonadonSDD SCR sono certificati secondo i pi\u00f9 alti standard di sicurezza e offrono una protezione affidabile per i sistemi di condensazione del vapore.<\/li>\n<li>La nostra tecnologia brevettata NS NanoScored ci permette di microincidere qualsiasi materiale industriale per ottenere il miglior disco di rottura possibile.<\/li>\n<li>Il nostro design interamente in metallo con sezioni laser micro-incise garantisce un&#8217;elevata affidabilit\u00e0 e una tolleranza rigorosa, migliorando al contempo l&#8217;efficienza del sistema di aspirazione.<\/li>\n<li>I nostri dischi di rottura SCR sono resistenti al vuoto assoluto e possono essere installati senza bisogno di supporti, rendendoli versatili e convenienti per una variet\u00e0 di applicazioni.<\/li>\n<\/ul>\n","protected":false},"excerpt":{"rendered":"<p>I dischi di rottura ad azione inversa DonadonSDD SCR sono dispositivi di sicurezza essenziali che impediscono alle improvvise variazioni di pressione di danneggiare gli impianti industriali. I dischi di rottura ad azione inversa hanno una bombatura del disco che rimane inalterata sotto la pressione di esercizio fino a quando non viene raggiunta la pressione inversa [&hellip;]<\/p>\n","protected":false},"featured_media":10327,"menu_order":0,"template":"","meta":{"_acf_changed":false},"categoria_prodotto":[79,91],"class_list":["post-6205","product","type-product","status-publish","has-post-thumbnail","hentry","categoria_prodotto-rupture-discs","categoria_prodotto-special-executions"],"acf":[],"yoast_head":"<!-- This site is optimized with the Yoast SEO plugin v27.3 - https:\/\/yoast.com\/product\/yoast-seo-wordpress\/ -->\n<title>Disco di rottura ad azione inversa del condensatore di vapore - SCR<\/title>\n<meta name=\"description\" content=\"Disco di rottura ad azione inversa per la protezione del condensatore di vapore. Design interamente in metallo per impieghi ad alta temperatura, installazione tra le flange, resistente al vuoto, rapporto di funzionamento fino al 95%.\" \/>\n<meta name=\"robots\" content=\"index, follow, max-snippet:-1, max-image-preview:large, max-video-preview:-1\" \/>\n<link rel=\"canonical\" href=\"https:\/\/www.donadonsdd.com\/it\/prodotto\/scr-steam-condenser-system-safety\/\" \/>\n<meta property=\"og:locale\" content=\"it_IT\" \/>\n<meta property=\"og:type\" content=\"article\" \/>\n<meta property=\"og:title\" content=\"Disco di rottura ad azione inversa del condensatore di vapore - SCR\" \/>\n<meta property=\"og:description\" content=\"Disco di rottura ad azione inversa per la protezione del condensatore di vapore. Design interamente in metallo per impieghi ad alta temperatura, installazione tra le flange, resistente al vuoto, rapporto di funzionamento fino al 95%.\" \/>\n<meta property=\"og:url\" content=\"https:\/\/www.donadonsdd.com\/it\/prodotto\/scr-steam-condenser-system-safety\/\" \/>\n<meta property=\"og:site_name\" content=\"DonadonSDD Srl\" \/>\n<meta property=\"article:modified_time\" content=\"2026-03-01T00:26:26+00:00\" \/>\n<meta property=\"og:image\" content=\"https:\/\/www.donadonsdd.com\/wp-content\/uploads\/2025\/12\/scr-steam.png\" \/>\n\t<meta property=\"og:image:width\" content=\"1582\" \/>\n\t<meta property=\"og:image:height\" content=\"1118\" \/>\n\t<meta property=\"og:image:type\" content=\"image\/png\" \/>\n<meta name=\"twitter:card\" content=\"summary_large_image\" \/>\n<meta name=\"twitter:label1\" content=\"Tempo di lettura stimato\" \/>\n\t<meta name=\"twitter:data1\" content=\"3 minuto\" \/>\n<script type=\"application\/ld+json\" class=\"yoast-schema-graph\">{\"@context\":\"https:\\\/\\\/schema.org\",\"@graph\":[{\"@type\":\"WebPage\",\"@id\":\"https:\\\/\\\/www.donadonsdd.com\\\/it\\\/prodotto\\\/scr-steam-condenser-system-safety\\\/\",\"url\":\"https:\\\/\\\/www.donadonsdd.com\\\/it\\\/prodotto\\\/scr-steam-condenser-system-safety\\\/\",\"name\":\"Disco di rottura ad azione inversa del condensatore di vapore - SCR\",\"isPartOf\":{\"@id\":\"https:\\\/\\\/www.donadonsdd.com\\\/it\\\/#website\"},\"primaryImageOfPage\":{\"@id\":\"https:\\\/\\\/www.donadonsdd.com\\\/it\\\/prodotto\\\/scr-steam-condenser-system-safety\\\/#primaryimage\"},\"image\":{\"@id\":\"https:\\\/\\\/www.donadonsdd.com\\\/it\\\/prodotto\\\/scr-steam-condenser-system-safety\\\/#primaryimage\"},\"thumbnailUrl\":\"https:\\\/\\\/www.donadonsdd.com\\\/wp-content\\\/uploads\\\/2025\\\/12\\\/scr-steam.png\",\"datePublished\":\"2025-12-10T14:01:20+00:00\",\"dateModified\":\"2026-03-01T00:26:26+00:00\",\"description\":\"Disco di rottura ad azione inversa per la protezione del condensatore di vapore. Design interamente in metallo per impieghi ad alta temperatura, installazione tra le flange, resistente al vuoto, rapporto di funzionamento fino al 95%.\",\"breadcrumb\":{\"@id\":\"https:\\\/\\\/www.donadonsdd.com\\\/it\\\/prodotto\\\/scr-steam-condenser-system-safety\\\/#breadcrumb\"},\"inLanguage\":\"it-IT\",\"potentialAction\":[{\"@type\":\"ReadAction\",\"target\":[\"https:\\\/\\\/www.donadonsdd.com\\\/it\\\/prodotto\\\/scr-steam-condenser-system-safety\\\/\"]}]},{\"@type\":\"ImageObject\",\"inLanguage\":\"it-IT\",\"@id\":\"https:\\\/\\\/www.donadonsdd.com\\\/it\\\/prodotto\\\/scr-steam-condenser-system-safety\\\/#primaryimage\",\"url\":\"https:\\\/\\\/www.donadonsdd.com\\\/wp-content\\\/uploads\\\/2025\\\/12\\\/scr-steam.png\",\"contentUrl\":\"https:\\\/\\\/www.donadonsdd.com\\\/wp-content\\\/uploads\\\/2025\\\/12\\\/scr-steam.png\",\"width\":1582,\"height\":1118},{\"@type\":\"BreadcrumbList\",\"@id\":\"https:\\\/\\\/www.donadonsdd.com\\\/it\\\/prodotto\\\/scr-steam-condenser-system-safety\\\/#breadcrumb\",\"itemListElement\":[{\"@type\":\"ListItem\",\"position\":1,\"name\":\"HOMEPAGE\",\"item\":\"https:\\\/\\\/www.donadonsdd.com\\\/it\\\/\"},{\"@type\":\"ListItem\",\"position\":2,\"name\":\"Dischi di rottura SCR per la sicurezza del sistema di condensazione a vapore\"}]},{\"@type\":\"WebSite\",\"@id\":\"https:\\\/\\\/www.donadonsdd.com\\\/it\\\/#website\",\"url\":\"https:\\\/\\\/www.donadonsdd.com\\\/it\\\/\",\"name\":\"DonadonSDD Srl\",\"description\":\"\",\"publisher\":{\"@id\":\"https:\\\/\\\/www.donadonsdd.com\\\/it\\\/#organization\"},\"potentialAction\":[{\"@type\":\"SearchAction\",\"target\":{\"@type\":\"EntryPoint\",\"urlTemplate\":\"https:\\\/\\\/www.donadonsdd.com\\\/it\\\/?s={search_term_string}\"},\"query-input\":{\"@type\":\"PropertyValueSpecification\",\"valueRequired\":true,\"valueName\":\"search_term_string\"}}],\"inLanguage\":\"it-IT\"},{\"@type\":\"Organization\",\"@id\":\"https:\\\/\\\/www.donadonsdd.com\\\/it\\\/#organization\",\"name\":\"DonadonSDD Srl\",\"url\":\"https:\\\/\\\/www.donadonsdd.com\\\/it\\\/\",\"logo\":{\"@type\":\"ImageObject\",\"inLanguage\":\"it-IT\",\"@id\":\"https:\\\/\\\/www.donadonsdd.com\\\/it\\\/#\\\/schema\\\/logo\\\/image\\\/\",\"url\":\"https:\\\/\\\/www.donadonsdd.com\\\/wp-content\\\/uploads\\\/2025\\\/11\\\/donadonsdd-logo.png\",\"contentUrl\":\"https:\\\/\\\/www.donadonsdd.com\\\/wp-content\\\/uploads\\\/2025\\\/11\\\/donadonsdd-logo.png\",\"width\":544,\"height\":96,\"caption\":\"DonadonSDD Srl\"},\"image\":{\"@id\":\"https:\\\/\\\/www.donadonsdd.com\\\/it\\\/#\\\/schema\\\/logo\\\/image\\\/\"}}]}<\/script>\n<!-- \/ Yoast SEO plugin. -->","yoast_head_json":{"title":"Disco di rottura ad azione inversa del condensatore di vapore - SCR","description":"Disco di rottura ad azione inversa per la protezione del condensatore di vapore. Design interamente in metallo per impieghi ad alta temperatura, installazione tra le flange, resistente al vuoto, rapporto di funzionamento fino al 95%.","robots":{"index":"index","follow":"follow","max-snippet":"max-snippet:-1","max-image-preview":"max-image-preview:large","max-video-preview":"max-video-preview:-1"},"canonical":"https:\/\/www.donadonsdd.com\/it\/prodotto\/scr-steam-condenser-system-safety\/","og_locale":"it_IT","og_type":"article","og_title":"Disco di rottura ad azione inversa del condensatore di vapore - SCR","og_description":"Disco di rottura ad azione inversa per la protezione del condensatore di vapore. Design interamente in metallo per impieghi ad alta temperatura, installazione tra le flange, resistente al vuoto, rapporto di funzionamento fino al 95%.","og_url":"https:\/\/www.donadonsdd.com\/it\/prodotto\/scr-steam-condenser-system-safety\/","og_site_name":"DonadonSDD Srl","article_modified_time":"2026-03-01T00:26:26+00:00","og_image":[{"width":1582,"height":1118,"url":"https:\/\/www.donadonsdd.com\/wp-content\/uploads\/2025\/12\/scr-steam.png","type":"image\/png"}],"twitter_card":"summary_large_image","twitter_misc":{"Tempo di lettura stimato":"3 minuto"},"schema":{"@context":"https:\/\/schema.org","@graph":[{"@type":"WebPage","@id":"https:\/\/www.donadonsdd.com\/it\/prodotto\/scr-steam-condenser-system-safety\/","url":"https:\/\/www.donadonsdd.com\/it\/prodotto\/scr-steam-condenser-system-safety\/","name":"Disco di rottura ad azione inversa del condensatore di vapore - SCR","isPartOf":{"@id":"https:\/\/www.donadonsdd.com\/it\/#website"},"primaryImageOfPage":{"@id":"https:\/\/www.donadonsdd.com\/it\/prodotto\/scr-steam-condenser-system-safety\/#primaryimage"},"image":{"@id":"https:\/\/www.donadonsdd.com\/it\/prodotto\/scr-steam-condenser-system-safety\/#primaryimage"},"thumbnailUrl":"https:\/\/www.donadonsdd.com\/wp-content\/uploads\/2025\/12\/scr-steam.png","datePublished":"2025-12-10T14:01:20+00:00","dateModified":"2026-03-01T00:26:26+00:00","description":"Disco di rottura ad azione inversa per la protezione del condensatore di vapore. Design interamente in metallo per impieghi ad alta temperatura, installazione tra le flange, resistente al vuoto, rapporto di funzionamento fino al 95%.","breadcrumb":{"@id":"https:\/\/www.donadonsdd.com\/it\/prodotto\/scr-steam-condenser-system-safety\/#breadcrumb"},"inLanguage":"it-IT","potentialAction":[{"@type":"ReadAction","target":["https:\/\/www.donadonsdd.com\/it\/prodotto\/scr-steam-condenser-system-safety\/"]}]},{"@type":"ImageObject","inLanguage":"it-IT","@id":"https:\/\/www.donadonsdd.com\/it\/prodotto\/scr-steam-condenser-system-safety\/#primaryimage","url":"https:\/\/www.donadonsdd.com\/wp-content\/uploads\/2025\/12\/scr-steam.png","contentUrl":"https:\/\/www.donadonsdd.com\/wp-content\/uploads\/2025\/12\/scr-steam.png","width":1582,"height":1118},{"@type":"BreadcrumbList","@id":"https:\/\/www.donadonsdd.com\/it\/prodotto\/scr-steam-condenser-system-safety\/#breadcrumb","itemListElement":[{"@type":"ListItem","position":1,"name":"HOMEPAGE","item":"https:\/\/www.donadonsdd.com\/it\/"},{"@type":"ListItem","position":2,"name":"Dischi di rottura SCR per la sicurezza del sistema di condensazione a vapore"}]},{"@type":"WebSite","@id":"https:\/\/www.donadonsdd.com\/it\/#website","url":"https:\/\/www.donadonsdd.com\/it\/","name":"DonadonSDD Srl","description":"","publisher":{"@id":"https:\/\/www.donadonsdd.com\/it\/#organization"},"potentialAction":[{"@type":"SearchAction","target":{"@type":"EntryPoint","urlTemplate":"https:\/\/www.donadonsdd.com\/it\/?s={search_term_string}"},"query-input":{"@type":"PropertyValueSpecification","valueRequired":true,"valueName":"search_term_string"}}],"inLanguage":"it-IT"},{"@type":"Organization","@id":"https:\/\/www.donadonsdd.com\/it\/#organization","name":"DonadonSDD Srl","url":"https:\/\/www.donadonsdd.com\/it\/","logo":{"@type":"ImageObject","inLanguage":"it-IT","@id":"https:\/\/www.donadonsdd.com\/it\/#\/schema\/logo\/image\/","url":"https:\/\/www.donadonsdd.com\/wp-content\/uploads\/2025\/11\/donadonsdd-logo.png","contentUrl":"https:\/\/www.donadonsdd.com\/wp-content\/uploads\/2025\/11\/donadonsdd-logo.png","width":544,"height":96,"caption":"DonadonSDD Srl"},"image":{"@id":"https:\/\/www.donadonsdd.com\/it\/#\/schema\/logo\/image\/"}}]}},"toolset-meta":{"toolset-woocommerce-fields":{"_download_limit":{"type":"numeric","raw":""},"_virtual":{"type":"checkbox","raw":""},"_downloadable":{"type":"checkbox","raw":""},"_download_expiry":{"type":"numeric","raw":""},"_download_type":{"type":"radio","raw":""},"_regular_price":{"type":"numeric","raw":""},"_sale_price":{"type":"numeric","raw":""},"_sale_price_dates_from":{"type":"date","raw":"","formatted":null},"_sale_price_dates_to":{"type":"date","raw":"","formatted":null},"_sku":{"type":"textfield","raw":""},"_manage_stock":{"type":"checkbox","raw":""},"_stock_status":{"type":"radio","raw":""},"_stock":{"type":"numeric","raw":""},"_backorders":{"type":"radio","raw":""},"_sold_individually":{"type":"checkbox","raw":""},"_width":{"type":"numeric","raw":""},"_weight":{"type":"numeric","raw":""},"_length":{"type":"numeric","raw":""},"_purchase_note":{"type":"textarea","raw":""}},"infografica":{"operation-ratio":{"type":"textfield","raw":"fino al 95%"},"non-fragmenting":{"type":"textfield","raw":"S\u00ec"},"vacumm-resistant":{"type":"textfield","raw":"S\u00ec"},"sanitary":{"type":"textfield","raw":"no"},"liquid":{"type":"textfield","raw":""},"vapor-gas":{"type":"textfield","raw":"S\u00ec"},"ferrules":{"type":"textfield","raw":""}},"dettagli-prodotto":{"immagini-prodotto":{"type":"image","raw":[""],"repeatable":[{"raw":""}]},"tabella-specifiche":{"type":"wysiwyg","raw":"<p class=\"p1\">MODELLO|SCR;\nMATERIALI|Acciaio inossidabile, Lega 201, Lega 400, Lega 600, Lega 625, Lega C276;\nDIMENSIONI|Da DN300 (12 pollici) a DN900 (36 pollici);\nPRESSIONE DI ROTTURA|0,5 - 1,5 bar g (a seconda delle dimensioni e del materiale);\nTOLLERANZA|da +\/- 5% a +\/- 10%;\nTEMPERATURA DI FUNZIONAMENTO|fino a 600\u00b0C;\nFRAGMENTAZIONE|nessuna;\nMARGINE DI FUNZIONAMENTO|90% - Pu\u00f2 raggiungere il 95% a seconda delle condizioni di servizio;\nRESISTENZA ALLA PRESSIONE DEL VUOTO|S\u00ec, autoportante in condizioni di vuoto;\nRESISTENZA ALLA CORROSIONE|Molto buona;\nINSTALLAZIONE|Progettato per essere installato direttamente tra le flange;\nSENSORE DI ROTTURA|<a href=\"https:\/\/www.donadonsdd.com\/it\/prodotti\/sensori-di-rottura\/elettrici\/\">Elettrico<\/a>;<\/p>"}}},"_links":{"self":[{"href":"https:\/\/www.donadonsdd.com\/it\/wp-json\/wp\/v2\/product\/6205","targetHints":{"allow":["GET"]}}],"collection":[{"href":"https:\/\/www.donadonsdd.com\/it\/wp-json\/wp\/v2\/product"}],"about":[{"href":"https:\/\/www.donadonsdd.com\/it\/wp-json\/wp\/v2\/types\/product"}],"wp:featuredmedia":[{"embeddable":true,"href":"https:\/\/www.donadonsdd.com\/it\/wp-json\/wp\/v2\/media\/10327"}],"wp:attachment":[{"href":"https:\/\/www.donadonsdd.com\/it\/wp-json\/wp\/v2\/media?parent=6205"}],"wp:term":[{"taxonomy":"categoria_prodotto","embeddable":true,"href":"https:\/\/www.donadonsdd.com\/it\/wp-json\/wp\/v2\/categoria_prodotto?post=6205"}],"curies":[{"name":"wp","href":"https:\/\/api.w.org\/{rel}","templated":true}]}}