{"id":6245,"date":"2025-12-10T15:10:11","date_gmt":"2025-12-10T14:10:11","guid":{"rendered":"https:\/\/www.donadonsdd.com\/product\/dischi-di-rottura-lpd-una-soluzione-semplice-per-la-protezione-dalle-basse-pressioni\/"},"modified":"2026-03-02T00:33:04","modified_gmt":"2026-03-01T23:33:04","slug":"lpd","status":"publish","type":"product","link":"https:\/\/www.donadonsdd.com\/it\/prodotto\/lpd\/","title":{"rendered":"Dischi di rottura LPD &#8211; Una soluzione semplice per la protezione dalle basse pressioni"},"content":{"rendered":"<p>DonadonSDD offre dischi di rottura LPD progettati per proteggere gli impianti industriali da variazioni di pressione molto basse che possono causare gravi danni. I dischi di rottura LPD sono costituiti da 3 o pi\u00f9 componenti che formano un disco unico che pu\u00f2 essere installato o direttamente tra le flange o in supporti (a seconda dell&#8217;applicazione specifica); sono dotati di lame a coltello che frenano lo strato di PTFE al contatto. <\/p>\n<h2>Caratteristiche chiave e vantaggi tecnici<\/h2>\n<h3><span lang=\"en-US\">Standard di certificazione elevati:<\/span><\/h3>\n<p><span lang=\"en-US\">I nostri dischi di rottura LPD sono certificati per soddisfare gli standard internazionali pi\u00f9 elevati, tra cui <\/span><span lang=\"en-GB\">ATEX EX II 2 GD (MARCHIO CE), <\/span><span lang=\"en-US\">PER 2016 UK Statutory Instruments 2016 No 1105 (UKCA STAMP) e CU TR 032 (EAC STAMP).<\/span><\/p>\n<h3><span lang=\"en-US\">Tecnica:<\/span><\/h3>\n<p><span lang=\"en-US\">Composto da una parte metallica perforata e scanalata, una membrana di tenuta (solitamente in PTFE), una sezione di protezione e un anello di calibrazione con lame per migliorare la rottura della membrana.<\/span><\/p>\n<h3><span lang=\"en-US\">Applicazioni:<\/span><\/h3>\n<p><span lang=\"en-US\">Progettato per le applicazioni che richiedono una protezione a bassissima pressione (positiva o negativa). Ideale per proteggere dall&#8217;implosione o dalla rottura serbatoi di lavorazione e stoccaggio, recipienti atmosferici e silos con basse pressioni di progetto. <\/span><\/p>\n<h3><span lang=\"en-US\">Caratteristiche:<\/span><\/h3>\n<p><span lang=\"en-US\">Pu\u00f2 essere personalizzato per soddisfare un&#8217;ampia gamma di specifiche e applicazioni non standard.<\/span><\/p>\n<h3><span lang=\"en-US\">Resistenza al vuoto:<\/span><\/h3>\n<p><span lang=\"en-US\">Su richiesta sono disponibili supporti specifici per la protezione dal vuoto e dalla contropressione.  <\/span><\/p>\n<h3><span lang=\"en-US\">Opzione disco a doppia via:<\/span><\/h3>\n<p><span lang=\"en-US\">Protegge dal vuoto e dalla pressione contemporaneamente (anche con due diverse pressioni impostate).<\/span><\/p>\n<h2>Perch\u00e9 scegliere i dischi di rottura DonadonSDD LPD?<\/h2>\n<ul>\n<li>I nostri dischi di rottura LPD sono certificati per soddisfare i pi\u00f9 elevati standard di sicurezza internazionali, garantendo una protezione affidabile per il tuo impianto industriale.<\/li>\n<li>I dischi sono ideali per proteggere serbatoi di lavorazione e stoccaggio, recipienti atmosferici e silos con basse pressioni di progetto, impedendo l&#8217;implosione o la rottura.<\/li>\n<li>I dischi possono essere personalizzati per soddisfare un&#8217;ampia gamma di specifiche e applicazioni non standard.<\/li>\n<\/ul>\n","protected":false},"excerpt":{"rendered":"<p>DonadonSDD offre dischi di rottura LPD progettati per proteggere gli impianti industriali da variazioni di pressione molto basse che possono causare gravi danni. I dischi di rottura LPD sono costituiti da 3 o pi\u00f9 componenti che formano un disco unico che pu\u00f2 essere installato o direttamente tra le flange o in supporti (a seconda dell&#8217;applicazione [&hellip;]<\/p>\n","protected":false},"featured_media":6253,"menu_order":0,"template":"","meta":{"_acf_changed":false},"categoria_prodotto":[87,85,79,98],"class_list":["post-6245","product","type-product","status-publish","has-post-thumbnail","hentry","categoria_prodotto-double-way","categoria_prodotto-forward-acting","categoria_prodotto-rupture-discs","categoria_prodotto-ultra-low-pressure"],"acf":[],"yoast_head":"<!-- This site is optimized with the Yoast SEO plugin v27.3 - https:\/\/yoast.com\/product\/yoast-seo-wordpress\/ -->\n<title>Disco di rottura composito a bassissima pressione per biogas - LPD<\/title>\n<meta name=\"description\" content=\"Disco di rottura composito a bassissima pressione per impianti di biogas. Configurabile per la protezione da sovrapressione, vuoto o combinata, con design non frammentante, installazione diretta della flangia e supporto opzionale per il vuoto.\" \/>\n<meta name=\"robots\" content=\"index, follow, max-snippet:-1, max-image-preview:large, max-video-preview:-1\" \/>\n<link rel=\"canonical\" href=\"https:\/\/www.donadonsdd.com\/it\/prodotto\/lpd\/\" \/>\n<meta property=\"og:locale\" content=\"it_IT\" \/>\n<meta property=\"og:type\" content=\"article\" \/>\n<meta property=\"og:title\" content=\"Disco di rottura composito a bassissima pressione per biogas - LPD\" \/>\n<meta property=\"og:description\" content=\"Disco di rottura composito a bassissima pressione per impianti di biogas. Configurabile per la protezione da sovrapressione, vuoto o combinata, con design non frammentante, installazione diretta della flangia e supporto opzionale per il vuoto.\" \/>\n<meta property=\"og:url\" content=\"https:\/\/www.donadonsdd.com\/it\/prodotto\/lpd\/\" \/>\n<meta property=\"og:site_name\" content=\"DonadonSDD Srl\" \/>\n<meta property=\"article:modified_time\" content=\"2026-03-01T23:33:04+00:00\" \/>\n<meta property=\"og:image\" content=\"https:\/\/www.donadonsdd.com\/wp-content\/uploads\/2025\/12\/donadon-sdd-lpd-rupture-discs-low-pressure.png\" \/>\n\t<meta property=\"og:image:width\" content=\"1800\" \/>\n\t<meta property=\"og:image:height\" content=\"1200\" \/>\n\t<meta property=\"og:image:type\" content=\"image\/png\" \/>\n<meta name=\"twitter:card\" content=\"summary_large_image\" \/>\n<meta name=\"twitter:label1\" content=\"Tempo di lettura stimato\" \/>\n\t<meta name=\"twitter:data1\" content=\"2 minuto\" \/>\n<script type=\"application\/ld+json\" class=\"yoast-schema-graph\">{\"@context\":\"https:\\\/\\\/schema.org\",\"@graph\":[{\"@type\":\"WebPage\",\"@id\":\"https:\\\/\\\/www.donadonsdd.com\\\/it\\\/prodotto\\\/lpd\\\/\",\"url\":\"https:\\\/\\\/www.donadonsdd.com\\\/it\\\/prodotto\\\/lpd\\\/\",\"name\":\"Disco di rottura composito a bassissima pressione per biogas - LPD\",\"isPartOf\":{\"@id\":\"https:\\\/\\\/www.donadonsdd.com\\\/it\\\/#website\"},\"primaryImageOfPage\":{\"@id\":\"https:\\\/\\\/www.donadonsdd.com\\\/it\\\/prodotto\\\/lpd\\\/#primaryimage\"},\"image\":{\"@id\":\"https:\\\/\\\/www.donadonsdd.com\\\/it\\\/prodotto\\\/lpd\\\/#primaryimage\"},\"thumbnailUrl\":\"https:\\\/\\\/www.donadonsdd.com\\\/wp-content\\\/uploads\\\/2025\\\/12\\\/donadon-sdd-lpd-rupture-discs-low-pressure.png\",\"datePublished\":\"2025-12-10T14:10:11+00:00\",\"dateModified\":\"2026-03-01T23:33:04+00:00\",\"description\":\"Disco di rottura composito a bassissima pressione per impianti di biogas. Configurabile per la protezione da sovrapressione, vuoto o combinata, con design non frammentante, installazione diretta della flangia e supporto opzionale per il vuoto.\",\"breadcrumb\":{\"@id\":\"https:\\\/\\\/www.donadonsdd.com\\\/it\\\/prodotto\\\/lpd\\\/#breadcrumb\"},\"inLanguage\":\"it-IT\",\"potentialAction\":[{\"@type\":\"ReadAction\",\"target\":[\"https:\\\/\\\/www.donadonsdd.com\\\/it\\\/prodotto\\\/lpd\\\/\"]}]},{\"@type\":\"ImageObject\",\"inLanguage\":\"it-IT\",\"@id\":\"https:\\\/\\\/www.donadonsdd.com\\\/it\\\/prodotto\\\/lpd\\\/#primaryimage\",\"url\":\"https:\\\/\\\/www.donadonsdd.com\\\/wp-content\\\/uploads\\\/2025\\\/12\\\/donadon-sdd-lpd-rupture-discs-low-pressure.png\",\"contentUrl\":\"https:\\\/\\\/www.donadonsdd.com\\\/wp-content\\\/uploads\\\/2025\\\/12\\\/donadon-sdd-lpd-rupture-discs-low-pressure.png\",\"width\":1800,\"height\":1200,\"caption\":\"dischi di rottura donadon sdd lpd a bassa pressione\"},{\"@type\":\"BreadcrumbList\",\"@id\":\"https:\\\/\\\/www.donadonsdd.com\\\/it\\\/prodotto\\\/lpd\\\/#breadcrumb\",\"itemListElement\":[{\"@type\":\"ListItem\",\"position\":1,\"name\":\"HOMEPAGE\",\"item\":\"https:\\\/\\\/www.donadonsdd.com\\\/it\\\/\"},{\"@type\":\"ListItem\",\"position\":2,\"name\":\"Dischi di rottura LPD &#8211; Una soluzione semplice per la protezione dalle basse pressioni\"}]},{\"@type\":\"WebSite\",\"@id\":\"https:\\\/\\\/www.donadonsdd.com\\\/it\\\/#website\",\"url\":\"https:\\\/\\\/www.donadonsdd.com\\\/it\\\/\",\"name\":\"DonadonSDD Srl\",\"description\":\"\",\"publisher\":{\"@id\":\"https:\\\/\\\/www.donadonsdd.com\\\/it\\\/#organization\"},\"potentialAction\":[{\"@type\":\"SearchAction\",\"target\":{\"@type\":\"EntryPoint\",\"urlTemplate\":\"https:\\\/\\\/www.donadonsdd.com\\\/it\\\/?s={search_term_string}\"},\"query-input\":{\"@type\":\"PropertyValueSpecification\",\"valueRequired\":true,\"valueName\":\"search_term_string\"}}],\"inLanguage\":\"it-IT\"},{\"@type\":\"Organization\",\"@id\":\"https:\\\/\\\/www.donadonsdd.com\\\/it\\\/#organization\",\"name\":\"DonadonSDD Srl\",\"url\":\"https:\\\/\\\/www.donadonsdd.com\\\/it\\\/\",\"logo\":{\"@type\":\"ImageObject\",\"inLanguage\":\"it-IT\",\"@id\":\"https:\\\/\\\/www.donadonsdd.com\\\/it\\\/#\\\/schema\\\/logo\\\/image\\\/\",\"url\":\"https:\\\/\\\/www.donadonsdd.com\\\/wp-content\\\/uploads\\\/2025\\\/11\\\/donadonsdd-logo.png\",\"contentUrl\":\"https:\\\/\\\/www.donadonsdd.com\\\/wp-content\\\/uploads\\\/2025\\\/11\\\/donadonsdd-logo.png\",\"width\":544,\"height\":96,\"caption\":\"DonadonSDD Srl\"},\"image\":{\"@id\":\"https:\\\/\\\/www.donadonsdd.com\\\/it\\\/#\\\/schema\\\/logo\\\/image\\\/\"}}]}<\/script>\n<!-- \/ Yoast SEO plugin. -->","yoast_head_json":{"title":"Disco di rottura composito a bassissima pressione per biogas - LPD","description":"Disco di rottura composito a bassissima pressione per impianti di biogas. Configurabile per la protezione da sovrapressione, vuoto o combinata, con design non frammentante, installazione diretta della flangia e supporto opzionale per il vuoto.","robots":{"index":"index","follow":"follow","max-snippet":"max-snippet:-1","max-image-preview":"max-image-preview:large","max-video-preview":"max-video-preview:-1"},"canonical":"https:\/\/www.donadonsdd.com\/it\/prodotto\/lpd\/","og_locale":"it_IT","og_type":"article","og_title":"Disco di rottura composito a bassissima pressione per biogas - LPD","og_description":"Disco di rottura composito a bassissima pressione per impianti di biogas. Configurabile per la protezione da sovrapressione, vuoto o combinata, con design non frammentante, installazione diretta della flangia e supporto opzionale per il vuoto.","og_url":"https:\/\/www.donadonsdd.com\/it\/prodotto\/lpd\/","og_site_name":"DonadonSDD Srl","article_modified_time":"2026-03-01T23:33:04+00:00","og_image":[{"width":1800,"height":1200,"url":"https:\/\/www.donadonsdd.com\/wp-content\/uploads\/2025\/12\/donadon-sdd-lpd-rupture-discs-low-pressure.png","type":"image\/png"}],"twitter_card":"summary_large_image","twitter_misc":{"Tempo di lettura stimato":"2 minuto"},"schema":{"@context":"https:\/\/schema.org","@graph":[{"@type":"WebPage","@id":"https:\/\/www.donadonsdd.com\/it\/prodotto\/lpd\/","url":"https:\/\/www.donadonsdd.com\/it\/prodotto\/lpd\/","name":"Disco di rottura composito a bassissima pressione per biogas - LPD","isPartOf":{"@id":"https:\/\/www.donadonsdd.com\/it\/#website"},"primaryImageOfPage":{"@id":"https:\/\/www.donadonsdd.com\/it\/prodotto\/lpd\/#primaryimage"},"image":{"@id":"https:\/\/www.donadonsdd.com\/it\/prodotto\/lpd\/#primaryimage"},"thumbnailUrl":"https:\/\/www.donadonsdd.com\/wp-content\/uploads\/2025\/12\/donadon-sdd-lpd-rupture-discs-low-pressure.png","datePublished":"2025-12-10T14:10:11+00:00","dateModified":"2026-03-01T23:33:04+00:00","description":"Disco di rottura composito a bassissima pressione per impianti di biogas. Configurabile per la protezione da sovrapressione, vuoto o combinata, con design non frammentante, installazione diretta della flangia e supporto opzionale per il vuoto.","breadcrumb":{"@id":"https:\/\/www.donadonsdd.com\/it\/prodotto\/lpd\/#breadcrumb"},"inLanguage":"it-IT","potentialAction":[{"@type":"ReadAction","target":["https:\/\/www.donadonsdd.com\/it\/prodotto\/lpd\/"]}]},{"@type":"ImageObject","inLanguage":"it-IT","@id":"https:\/\/www.donadonsdd.com\/it\/prodotto\/lpd\/#primaryimage","url":"https:\/\/www.donadonsdd.com\/wp-content\/uploads\/2025\/12\/donadon-sdd-lpd-rupture-discs-low-pressure.png","contentUrl":"https:\/\/www.donadonsdd.com\/wp-content\/uploads\/2025\/12\/donadon-sdd-lpd-rupture-discs-low-pressure.png","width":1800,"height":1200,"caption":"dischi di rottura donadon sdd lpd a bassa pressione"},{"@type":"BreadcrumbList","@id":"https:\/\/www.donadonsdd.com\/it\/prodotto\/lpd\/#breadcrumb","itemListElement":[{"@type":"ListItem","position":1,"name":"HOMEPAGE","item":"https:\/\/www.donadonsdd.com\/it\/"},{"@type":"ListItem","position":2,"name":"Dischi di rottura LPD &#8211; Una soluzione semplice per la protezione dalle basse pressioni"}]},{"@type":"WebSite","@id":"https:\/\/www.donadonsdd.com\/it\/#website","url":"https:\/\/www.donadonsdd.com\/it\/","name":"DonadonSDD Srl","description":"","publisher":{"@id":"https:\/\/www.donadonsdd.com\/it\/#organization"},"potentialAction":[{"@type":"SearchAction","target":{"@type":"EntryPoint","urlTemplate":"https:\/\/www.donadonsdd.com\/it\/?s={search_term_string}"},"query-input":{"@type":"PropertyValueSpecification","valueRequired":true,"valueName":"search_term_string"}}],"inLanguage":"it-IT"},{"@type":"Organization","@id":"https:\/\/www.donadonsdd.com\/it\/#organization","name":"DonadonSDD Srl","url":"https:\/\/www.donadonsdd.com\/it\/","logo":{"@type":"ImageObject","inLanguage":"it-IT","@id":"https:\/\/www.donadonsdd.com\/it\/#\/schema\/logo\/image\/","url":"https:\/\/www.donadonsdd.com\/wp-content\/uploads\/2025\/11\/donadonsdd-logo.png","contentUrl":"https:\/\/www.donadonsdd.com\/wp-content\/uploads\/2025\/11\/donadonsdd-logo.png","width":544,"height":96,"caption":"DonadonSDD Srl"},"image":{"@id":"https:\/\/www.donadonsdd.com\/it\/#\/schema\/logo\/image\/"}}]}},"toolset-meta":{"toolset-woocommerce-fields":{"_download_limit":{"type":"numeric","raw":""},"_virtual":{"type":"checkbox","raw":""},"_downloadable":{"type":"checkbox","raw":""},"_download_expiry":{"type":"numeric","raw":""},"_download_type":{"type":"radio","raw":""},"_regular_price":{"type":"numeric","raw":""},"_sale_price":{"type":"numeric","raw":""},"_sale_price_dates_from":{"type":"date","raw":"","formatted":null},"_sale_price_dates_to":{"type":"date","raw":"","formatted":null},"_sku":{"type":"textfield","raw":""},"_manage_stock":{"type":"checkbox","raw":""},"_stock_status":{"type":"radio","raw":""},"_stock":{"type":"numeric","raw":""},"_backorders":{"type":"radio","raw":""},"_sold_individually":{"type":"checkbox","raw":""},"_width":{"type":"numeric","raw":""},"_weight":{"type":"numeric","raw":""},"_length":{"type":"numeric","raw":""},"_purchase_note":{"type":"textarea","raw":""}},"infografica":{"operation-ratio":{"type":"textfield","raw":"fino al 60%"},"non-fragmenting":{"type":"textfield","raw":"s\u00ec (solo membrana)"},"vacumm-resistant":{"type":"textfield","raw":"S\u00ec, \u00e8 necessario un supporto per il vuoto"},"sanitary":{"type":"textfield","raw":"no"},"liquid":{"type":"textfield","raw":"S\u00ec"},"vapor-gas":{"type":"textfield","raw":"S\u00ec"},"ferrules":{"type":"textfield","raw":""}},"dettagli-prodotto":{"immagini-prodotto":{"type":"image","raw":["https:\/\/www.donadonsdd.com\/wp-content\/uploads\/2025\/12\/donadon-16_result.webp","https:\/\/www.donadonsdd.com\/wp-content\/uploads\/2025\/12\/donadon-17_result.webp","https:\/\/www.donadonsdd.com\/wp-content\/uploads\/2025\/12\/donadon-18_result.webp"],"repeatable":[{"raw":"https:\/\/www.donadonsdd.com\/wp-content\/uploads\/2025\/12\/donadon-16_result.webp","attachment_id":6247},{"raw":"https:\/\/www.donadonsdd.com\/wp-content\/uploads\/2025\/12\/donadon-17_result.webp","attachment_id":1404},{"raw":"https:\/\/www.donadonsdd.com\/wp-content\/uploads\/2025\/12\/donadon-18_result.webp","attachment_id":6252}]},"tabella-specifiche":{"type":"wysiwyg","raw":"<p class=\"p1\">MATERIALI|Acciaio inossidabile, Lega 201, Lega 400, Lega 600, Lega 625, Lega C276, Titanio;\nMEMBRANA DI GUARNIZIONE | disponibile in PTFE o PFA;\nDIMENSIONI|Da DN50 (2 pollici) a DN300 (12 pollici);\nPRESSIONE DI ROTTURA|0,005 - 0,5 bar g (a seconda delle dimensioni e del materiale);\nTOLLERANZA|da +\/- 20% a +\/- 40%;\nTEMPERATURA DI FUNZIONAMENTO|max 260\u00b0C (membrana in PTFE o PFA);\nFRAGMENTAZIONE|No (solo membrana);\nUSO IN COMBINAZIONE CON PSV|Adatto;\nMARGINE DI FUNZIONAMENTO|Pu\u00f2 arrivare fino al 60% a seconda delle condizioni di servizio;\nRESISTENZA ALLA PRESSIONE DEL VUOTO|S\u00ec, \u00e8 necessario un supporto per il vuoto;\nOPZIONE DISCO A DOPPIA VIA|Disponibile anche con due diverse pressioni impostate;\nRESISTENZA ALLA CORROSIONE|Molto buona;\nLININGS|Disponibili in PTFE e PFA;\nINSTALLAZIONE|Direttamente tra le flange o adatto ai supporti <a href=\"https:\/\/www.donadonsdd.com\/it\/prodotto\/hia-hra\/\">HIA<\/a>, <a href=\"https:\/\/www.donadonsdd.com\/it\/prodotto\/hip-hrp\/\">HIP<\/a>, <a href=\"https:\/\/www.donadonsdd.com\/it\/prodotto\/hif-hrf\/\">HIF<\/a>;   \nSENSORE DI ROTTURA| <a href=\"https:\/\/www.donadonsdd.com\/it\/prodotti\/sensori-di-rottura\/induttivi\/\">Induttivo<\/a>, <a href=\"https:\/\/www.donadonsdd.com\/it\/prodotti\/sensori-di-rottura\/fibra-ottica\/\">ottico<\/a>; <\/p>"}}},"_links":{"self":[{"href":"https:\/\/www.donadonsdd.com\/it\/wp-json\/wp\/v2\/product\/6245","targetHints":{"allow":["GET"]}}],"collection":[{"href":"https:\/\/www.donadonsdd.com\/it\/wp-json\/wp\/v2\/product"}],"about":[{"href":"https:\/\/www.donadonsdd.com\/it\/wp-json\/wp\/v2\/types\/product"}],"wp:featuredmedia":[{"embeddable":true,"href":"https:\/\/www.donadonsdd.com\/it\/wp-json\/wp\/v2\/media\/6253"}],"wp:attachment":[{"href":"https:\/\/www.donadonsdd.com\/it\/wp-json\/wp\/v2\/media?parent=6245"}],"wp:term":[{"taxonomy":"categoria_prodotto","embeddable":true,"href":"https:\/\/www.donadonsdd.com\/it\/wp-json\/wp\/v2\/categoria_prodotto?post=6245"}],"curies":[{"name":"wp","href":"https:\/\/api.w.org\/{rel}","templated":true}]}}