{"id":6305,"date":"2025-12-10T16:09:24","date_gmt":"2025-12-10T15:09:24","guid":{"rendered":"https:\/\/www.donadonsdd.com\/product\/supporti-hia-hra-assicurano-la-massima-affidabilita-dei-dischi-di-rottura\/"},"modified":"2026-04-23T14:48:59","modified_gmt":"2026-04-23T12:48:59","slug":"hia-hra","status":"publish","type":"product","link":"https:\/\/www.donadonsdd.com\/it\/prodotto\/hia-hra\/","title":{"rendered":"Portadischi HIA\/HRA &#8211; Assicurano la massima affidabilit\u00e0 dei dischi di rottura"},"content":{"rendered":"<p>I portadischi HIA\/HRA sono progettati specificamente per garantire la massima affidabilit\u00e0, ottimizzare il flusso (grazie all&#8217;apertura ottimale dei dischi di rottura), assicurare il corretto orientamento nel sistema di tubature, fornire una tenuta ermetica e prevenire la frammentazione del disco di rottura DonadonSDD.<br \/>\nIn genere, un portadisco per disco di rottura \u00e8 un&#8217;unit\u00e0 in due pezzi composta da una flangia di base (ingresso) e da una flangia di tenuta (uscita). La faccia del portadisco \u00e8 lavorata per contenere il disco di rottura e forma una tenuta stagna metallo-metallo.<br \/>\nQuesto evita che il disco di rottura venga danneggiato e consente scenari di ispezione illimitati (rimozione temporanea del disco di rottura per l&#8217;ispezione visiva).<\/p>\n<p>Questi portadischi sono montati tra le flange e offrono diverse caratteristiche per garantire prestazioni ottimali.<\/p>\n<h2>Caratteristiche chiave e vantaggi tecnici<\/h2>\n<ul>\n<li>Diametro interno dimensionato per consentire l&#8217;apertura completa del disco e la trasmissione totale sull&#8217;area di scarico minima.<\/li>\n<li>Diametro esterno tangente ai bulloni per facilitare il centraggio tra le flange.<\/li>\n<li>Il design a doppia scanalatura evita l&#8217;installazione errata dei dischi di rottura.<\/li>\n<li>I portadischi HRA proteggono la cupola dei dischi ad azione inversa, come i modelli SCR, Y90 e KRD.<\/li>\n<li>Sono incluse due clip laterali di montaggio in acciaio inox per facilitare la movimentazione.<\/li>\n<li>Le frecce di flusso sul portadisco e sulle etichette del disco di rottura confermano la corretta direzione del flusso.<\/li>\n<li>La finitura superficiale ridotta tra 125 e 250 micropollici (da 3,2 a 6,3 micrometri) \u00e8 disponibile su richiesta.<\/li>\n<li>La finitura della faccia a maschio e femmina (secondo la norma DIN EN 1092-1) \u00e8 disponibile su richiesta.<\/li>\n<li>Le connessioni NPT (1\/4&#8243; o \u00bd&#8221;) sono disponibili su richiesta.<\/li>\n<\/ul>\n<h2>Perch\u00e9 scegliere DonadonSDD?<\/h2>\n<ul>\n<li>I nostri portadischi sono personalizzabili e possono essere prodotti in conformit\u00e0 a una gamma completa di standard internazionali sulle flange, tra cui, ma non solo, EN 1092-1 (standard europeo), ASME (American Society of Mechanical Engineers), ANSI (American National Standards Institute), BS (British Standards), AS (Australian Standards), SABS (South African Bureau of Standards) e JIS (Japanese Industrial Standards). Questo garantisce che i nostri prodotti soddisfino le diverse e specifiche esigenze dei nostri clienti.<\/li>\n<li>I portadischi possono essere adattati in modo da contenere l&#8217;intero petalo\/i all&#8217;apertura del disco, garantendo prestazioni ottimali (raccomandato quando viene installato direttamente sotto le valvole di sicurezza).<\/li>\n<li>Sono disponibili opzioni di O-ring per migliorare le prestazioni di tenuta per le applicazioni ad alta integrit\u00e0, come quelle che coinvolgono l&#8217;idrogeno o il settore nucleare.<\/li>\n<li>Sono disponibili in un&#8217;ampia gamma di dimensioni, configurazioni e materiali standard (acciaio al carbonio, acciaio inox 316L e 304, lega 201, lega 400, lega 625, lega C276 e altri ancora).<\/li>\n<li>Sono disponibili trattamenti speciali come il rivestimento in PFA, che offre un&#8217;eccellente resistenza chimica e propriet\u00e0 antiaderenti.<\/li>\n<\/ul>\n","protected":false},"excerpt":{"rendered":"<p>I portadischi HIA\/HRA sono progettati specificamente per garantire la massima affidabilit\u00e0, ottimizzare il flusso (grazie all&#8217;apertura ottimale dei dischi di rottura), assicurare il corretto orientamento nel sistema di tubature, fornire una tenuta ermetica e prevenire la frammentazione del disco di rottura DonadonSDD. In genere, un portadisco per disco di rottura \u00e8 un&#8217;unit\u00e0 in due pezzi [&hellip;]<\/p>\n","protected":false},"featured_media":10319,"menu_order":0,"template":"","meta":{"_acf_changed":false},"categoria_prodotto":[90,79],"class_list":["post-6305","product","type-product","status-publish","has-post-thumbnail","hentry","categoria_prodotto-holders","categoria_prodotto-rupture-discs"],"acf":[],"yoast_head":"<!-- This site is optimized with the Yoast SEO plugin v27.3 - https:\/\/yoast.com\/product\/yoast-seo-wordpress\/ -->\n<title>Portadischi per dischi di rottura per dischi forward e reverse- HIA \/ HRA<\/title>\n<meta name=\"description\" content=\"Portadischi per dischi di rottura in due pezzi installati tra le flange. Progettati per i dischi di rottura forward e reverse, assicurano un posizionamento corretto, prestazioni di apertura complete e una tenuta affidabile senza compromettere la funzionalit\u00e0 del disco.\" \/>\n<meta name=\"robots\" content=\"index, follow, max-snippet:-1, max-image-preview:large, max-video-preview:-1\" \/>\n<link rel=\"canonical\" href=\"https:\/\/www.donadonsdd.com\/it\/prodotto\/hia-hra\/\" \/>\n<meta property=\"og:locale\" content=\"it_IT\" \/>\n<meta property=\"og:type\" content=\"article\" \/>\n<meta property=\"og:title\" content=\"Portadischi per dischi di rottura per dischi forward e reverse- HIA \/ HRA\" \/>\n<meta property=\"og:description\" content=\"Portadischi per dischi di rottura in due pezzi installati tra le flange. Progettati per i dischi di rottura forward e reverse, assicurano un posizionamento corretto, prestazioni di apertura complete e una tenuta affidabile senza compromettere la funzionalit\u00e0 del disco.\" \/>\n<meta property=\"og:url\" content=\"https:\/\/www.donadonsdd.com\/it\/prodotto\/hia-hra\/\" \/>\n<meta property=\"og:site_name\" content=\"DonadonSDD Srl\" \/>\n<meta property=\"article:modified_time\" content=\"2026-04-23T12:48:59+00:00\" \/>\n<meta property=\"og:image\" content=\"https:\/\/www.donadonsdd.com\/wp-content\/uploads\/2025\/12\/donadon-128.png\" \/>\n\t<meta property=\"og:image:width\" content=\"1800\" \/>\n\t<meta property=\"og:image:height\" content=\"1200\" \/>\n\t<meta property=\"og:image:type\" content=\"image\/png\" \/>\n<meta name=\"twitter:card\" content=\"summary_large_image\" \/>\n<meta name=\"twitter:label1\" content=\"Tempo di lettura stimato\" \/>\n\t<meta name=\"twitter:data1\" content=\"3 minuto\" \/>\n<script type=\"application\/ld+json\" class=\"yoast-schema-graph\">{\"@context\":\"https:\\\/\\\/schema.org\",\"@graph\":[{\"@type\":\"WebPage\",\"@id\":\"https:\\\/\\\/www.donadonsdd.com\\\/it\\\/prodotto\\\/hia-hra\\\/\",\"url\":\"https:\\\/\\\/www.donadonsdd.com\\\/it\\\/prodotto\\\/hia-hra\\\/\",\"name\":\"Portadischi per dischi di rottura per dischi forward e reverse- HIA \\\/ HRA\",\"isPartOf\":{\"@id\":\"https:\\\/\\\/www.donadonsdd.com\\\/it\\\/#website\"},\"primaryImageOfPage\":{\"@id\":\"https:\\\/\\\/www.donadonsdd.com\\\/it\\\/prodotto\\\/hia-hra\\\/#primaryimage\"},\"image\":{\"@id\":\"https:\\\/\\\/www.donadonsdd.com\\\/it\\\/prodotto\\\/hia-hra\\\/#primaryimage\"},\"thumbnailUrl\":\"https:\\\/\\\/www.donadonsdd.com\\\/wp-content\\\/uploads\\\/2025\\\/12\\\/donadon-128.png\",\"datePublished\":\"2025-12-10T15:09:24+00:00\",\"dateModified\":\"2026-04-23T12:48:59+00:00\",\"description\":\"Portadischi per dischi di rottura in due pezzi installati tra le flange. Progettati per i dischi di rottura forward e reverse, assicurano un posizionamento corretto, prestazioni di apertura complete e una tenuta affidabile senza compromettere la funzionalit\u00e0 del disco.\",\"breadcrumb\":{\"@id\":\"https:\\\/\\\/www.donadonsdd.com\\\/it\\\/prodotto\\\/hia-hra\\\/#breadcrumb\"},\"inLanguage\":\"it-IT\",\"potentialAction\":[{\"@type\":\"ReadAction\",\"target\":[\"https:\\\/\\\/www.donadonsdd.com\\\/it\\\/prodotto\\\/hia-hra\\\/\"]}]},{\"@type\":\"ImageObject\",\"inLanguage\":\"it-IT\",\"@id\":\"https:\\\/\\\/www.donadonsdd.com\\\/it\\\/prodotto\\\/hia-hra\\\/#primaryimage\",\"url\":\"https:\\\/\\\/www.donadonsdd.com\\\/wp-content\\\/uploads\\\/2025\\\/12\\\/donadon-128.png\",\"contentUrl\":\"https:\\\/\\\/www.donadonsdd.com\\\/wp-content\\\/uploads\\\/2025\\\/12\\\/donadon-128.png\",\"width\":1800,\"height\":1200},{\"@type\":\"BreadcrumbList\",\"@id\":\"https:\\\/\\\/www.donadonsdd.com\\\/it\\\/prodotto\\\/hia-hra\\\/#breadcrumb\",\"itemListElement\":[{\"@type\":\"ListItem\",\"position\":1,\"name\":\"HOMEPAGE\",\"item\":\"https:\\\/\\\/www.donadonsdd.com\\\/it\\\/\"},{\"@type\":\"ListItem\",\"position\":2,\"name\":\"Portadischi HIA\\\/HRA &#8211; Assicurano la massima affidabilit\u00e0 dei dischi di rottura\"}]},{\"@type\":\"WebSite\",\"@id\":\"https:\\\/\\\/www.donadonsdd.com\\\/it\\\/#website\",\"url\":\"https:\\\/\\\/www.donadonsdd.com\\\/it\\\/\",\"name\":\"DonadonSDD Srl\",\"description\":\"\",\"publisher\":{\"@id\":\"https:\\\/\\\/www.donadonsdd.com\\\/it\\\/#organization\"},\"potentialAction\":[{\"@type\":\"SearchAction\",\"target\":{\"@type\":\"EntryPoint\",\"urlTemplate\":\"https:\\\/\\\/www.donadonsdd.com\\\/it\\\/?s={search_term_string}\"},\"query-input\":{\"@type\":\"PropertyValueSpecification\",\"valueRequired\":true,\"valueName\":\"search_term_string\"}}],\"inLanguage\":\"it-IT\"},{\"@type\":\"Organization\",\"@id\":\"https:\\\/\\\/www.donadonsdd.com\\\/it\\\/#organization\",\"name\":\"DonadonSDD Srl\",\"url\":\"https:\\\/\\\/www.donadonsdd.com\\\/it\\\/\",\"logo\":{\"@type\":\"ImageObject\",\"inLanguage\":\"it-IT\",\"@id\":\"https:\\\/\\\/www.donadonsdd.com\\\/it\\\/#\\\/schema\\\/logo\\\/image\\\/\",\"url\":\"https:\\\/\\\/www.donadonsdd.com\\\/wp-content\\\/uploads\\\/2025\\\/11\\\/donadonsdd-logo.png\",\"contentUrl\":\"https:\\\/\\\/www.donadonsdd.com\\\/wp-content\\\/uploads\\\/2025\\\/11\\\/donadonsdd-logo.png\",\"width\":544,\"height\":96,\"caption\":\"DonadonSDD Srl\"},\"image\":{\"@id\":\"https:\\\/\\\/www.donadonsdd.com\\\/it\\\/#\\\/schema\\\/logo\\\/image\\\/\"}}]}<\/script>\n<!-- \/ Yoast SEO plugin. -->","yoast_head_json":{"title":"Portadischi per dischi di rottura per dischi forward e reverse- HIA \/ HRA","description":"Portadischi per dischi di rottura in due pezzi installati tra le flange. Progettati per i dischi di rottura forward e reverse, assicurano un posizionamento corretto, prestazioni di apertura complete e una tenuta affidabile senza compromettere la funzionalit\u00e0 del disco.","robots":{"index":"index","follow":"follow","max-snippet":"max-snippet:-1","max-image-preview":"max-image-preview:large","max-video-preview":"max-video-preview:-1"},"canonical":"https:\/\/www.donadonsdd.com\/it\/prodotto\/hia-hra\/","og_locale":"it_IT","og_type":"article","og_title":"Portadischi per dischi di rottura per dischi forward e reverse- HIA \/ HRA","og_description":"Portadischi per dischi di rottura in due pezzi installati tra le flange. Progettati per i dischi di rottura forward e reverse, assicurano un posizionamento corretto, prestazioni di apertura complete e una tenuta affidabile senza compromettere la funzionalit\u00e0 del disco.","og_url":"https:\/\/www.donadonsdd.com\/it\/prodotto\/hia-hra\/","og_site_name":"DonadonSDD Srl","article_modified_time":"2026-04-23T12:48:59+00:00","og_image":[{"width":1800,"height":1200,"url":"https:\/\/www.donadonsdd.com\/wp-content\/uploads\/2025\/12\/donadon-128.png","type":"image\/png"}],"twitter_card":"summary_large_image","twitter_misc":{"Tempo di lettura stimato":"3 minuto"},"schema":{"@context":"https:\/\/schema.org","@graph":[{"@type":"WebPage","@id":"https:\/\/www.donadonsdd.com\/it\/prodotto\/hia-hra\/","url":"https:\/\/www.donadonsdd.com\/it\/prodotto\/hia-hra\/","name":"Portadischi per dischi di rottura per dischi forward e reverse- HIA \/ HRA","isPartOf":{"@id":"https:\/\/www.donadonsdd.com\/it\/#website"},"primaryImageOfPage":{"@id":"https:\/\/www.donadonsdd.com\/it\/prodotto\/hia-hra\/#primaryimage"},"image":{"@id":"https:\/\/www.donadonsdd.com\/it\/prodotto\/hia-hra\/#primaryimage"},"thumbnailUrl":"https:\/\/www.donadonsdd.com\/wp-content\/uploads\/2025\/12\/donadon-128.png","datePublished":"2025-12-10T15:09:24+00:00","dateModified":"2026-04-23T12:48:59+00:00","description":"Portadischi per dischi di rottura in due pezzi installati tra le flange. Progettati per i dischi di rottura forward e reverse, assicurano un posizionamento corretto, prestazioni di apertura complete e una tenuta affidabile senza compromettere la funzionalit\u00e0 del disco.","breadcrumb":{"@id":"https:\/\/www.donadonsdd.com\/it\/prodotto\/hia-hra\/#breadcrumb"},"inLanguage":"it-IT","potentialAction":[{"@type":"ReadAction","target":["https:\/\/www.donadonsdd.com\/it\/prodotto\/hia-hra\/"]}]},{"@type":"ImageObject","inLanguage":"it-IT","@id":"https:\/\/www.donadonsdd.com\/it\/prodotto\/hia-hra\/#primaryimage","url":"https:\/\/www.donadonsdd.com\/wp-content\/uploads\/2025\/12\/donadon-128.png","contentUrl":"https:\/\/www.donadonsdd.com\/wp-content\/uploads\/2025\/12\/donadon-128.png","width":1800,"height":1200},{"@type":"BreadcrumbList","@id":"https:\/\/www.donadonsdd.com\/it\/prodotto\/hia-hra\/#breadcrumb","itemListElement":[{"@type":"ListItem","position":1,"name":"HOMEPAGE","item":"https:\/\/www.donadonsdd.com\/it\/"},{"@type":"ListItem","position":2,"name":"Portadischi HIA\/HRA &#8211; Assicurano la massima affidabilit\u00e0 dei dischi di rottura"}]},{"@type":"WebSite","@id":"https:\/\/www.donadonsdd.com\/it\/#website","url":"https:\/\/www.donadonsdd.com\/it\/","name":"DonadonSDD Srl","description":"","publisher":{"@id":"https:\/\/www.donadonsdd.com\/it\/#organization"},"potentialAction":[{"@type":"SearchAction","target":{"@type":"EntryPoint","urlTemplate":"https:\/\/www.donadonsdd.com\/it\/?s={search_term_string}"},"query-input":{"@type":"PropertyValueSpecification","valueRequired":true,"valueName":"search_term_string"}}],"inLanguage":"it-IT"},{"@type":"Organization","@id":"https:\/\/www.donadonsdd.com\/it\/#organization","name":"DonadonSDD Srl","url":"https:\/\/www.donadonsdd.com\/it\/","logo":{"@type":"ImageObject","inLanguage":"it-IT","@id":"https:\/\/www.donadonsdd.com\/it\/#\/schema\/logo\/image\/","url":"https:\/\/www.donadonsdd.com\/wp-content\/uploads\/2025\/11\/donadonsdd-logo.png","contentUrl":"https:\/\/www.donadonsdd.com\/wp-content\/uploads\/2025\/11\/donadonsdd-logo.png","width":544,"height":96,"caption":"DonadonSDD Srl"},"image":{"@id":"https:\/\/www.donadonsdd.com\/it\/#\/schema\/logo\/image\/"}}]}},"toolset-meta":{"toolset-woocommerce-fields":{"_download_limit":{"type":"numeric","raw":""},"_virtual":{"type":"checkbox","raw":""},"_downloadable":{"type":"checkbox","raw":""},"_download_expiry":{"type":"numeric","raw":""},"_download_type":{"type":"radio","raw":""},"_regular_price":{"type":"numeric","raw":""},"_sale_price":{"type":"numeric","raw":""},"_sale_price_dates_from":{"type":"date","raw":"","formatted":null},"_sale_price_dates_to":{"type":"date","raw":"","formatted":null},"_sku":{"type":"textfield","raw":""},"_manage_stock":{"type":"checkbox","raw":""},"_stock_status":{"type":"radio","raw":""},"_stock":{"type":"numeric","raw":""},"_backorders":{"type":"radio","raw":""},"_sold_individually":{"type":"checkbox","raw":""},"_width":{"type":"numeric","raw":""},"_weight":{"type":"numeric","raw":""},"_length":{"type":"numeric","raw":""},"_purchase_note":{"type":"textarea","raw":""}},"infografica":{"operation-ratio":{"type":"textfield","raw":""},"non-fragmenting":{"type":"textfield","raw":""},"vacumm-resistant":{"type":"textfield","raw":""},"sanitary":{"type":"textfield","raw":""},"liquid":{"type":"textfield","raw":""},"vapor-gas":{"type":"textfield","raw":""},"ferrules":{"type":"textfield","raw":""}},"dettagli-prodotto":{"immagini-prodotto":{"type":"image","raw":["https:\/\/www.donadonsdd.com\/wp-content\/uploads\/2025\/12\/donadon-126_result.webp","https:\/\/www.donadonsdd.com\/wp-content\/uploads\/2025\/12\/donadon-127_result.webp","https:\/\/www.donadonsdd.com\/wp-content\/uploads\/2025\/12\/donadon-128_result.webp","https:\/\/www.donadonsdd.com\/wp-content\/uploads\/2025\/12\/donadon-129_result.webp","https:\/\/www.donadonsdd.com\/wp-content\/uploads\/2025\/12\/donadon-130_result.webp","https:\/\/www.donadonsdd.com\/wp-content\/uploads\/2025\/12\/donadon-131_result.webp"],"repeatable":[{"raw":"https:\/\/www.donadonsdd.com\/wp-content\/uploads\/2025\/12\/donadon-126_result.webp","attachment_id":6308},{"raw":"https:\/\/www.donadonsdd.com\/wp-content\/uploads\/2025\/12\/donadon-127_result.webp","attachment_id":6310},{"raw":"https:\/\/www.donadonsdd.com\/wp-content\/uploads\/2025\/12\/donadon-128_result.webp","attachment_id":6312},{"raw":"https:\/\/www.donadonsdd.com\/wp-content\/uploads\/2025\/12\/donadon-129_result.webp","attachment_id":6314},{"raw":"https:\/\/www.donadonsdd.com\/wp-content\/uploads\/2025\/12\/donadon-130_result.webp","attachment_id":6315},{"raw":"https:\/\/www.donadonsdd.com\/wp-content\/uploads\/2025\/12\/donadon-131_result.webp","attachment_id":10498}]},"tabella-specifiche":{"type":"wysiwyg","raw":"<p class=\"p1\">Tipo | HIA | HRA;\r\nLista di compatibilit\u00e0 dei dischi | <a href=\"https:\/\/www.donadonsdd.com\/it\/prodotto\/dcd-composite\/\">DCD<\/a>, <a href=\"https:\/\/www.donadonsdd.com\/it\/prodotto\/lpd\/\">LPD<\/a>, <a href=\"https:\/\/www.donadonsdd.com\/it\/prodotto\/scd\/\">SCD<\/a>, <a href=\"https:\/\/www.donadonsdd.com\/it\/prodotto\/gr\/\">GR<\/a> | <a href=\"https:\/\/www.donadonsdd.com\/it\/prodotto\/scr\/\">SCR<\/a>, <a href=\"https:\/\/www.donadonsdd.com\/it\/prodotto\/y90\/\">Y90<\/a>, <a href=\"https:\/\/www.donadonsdd.com\/it\/prodotto\/krd\/\">KRD<\/a>;\r\nDimensioni | Da DN15 (\u00bd pollice) a DN1000 (40 pollici);\r\nAccessori | Nippli, connettori a T, valvola di eccesso di flusso, manometro;<\/p>"}}},"_links":{"self":[{"href":"https:\/\/www.donadonsdd.com\/it\/wp-json\/wp\/v2\/product\/6305","targetHints":{"allow":["GET"]}}],"collection":[{"href":"https:\/\/www.donadonsdd.com\/it\/wp-json\/wp\/v2\/product"}],"about":[{"href":"https:\/\/www.donadonsdd.com\/it\/wp-json\/wp\/v2\/types\/product"}],"wp:featuredmedia":[{"embeddable":true,"href":"https:\/\/www.donadonsdd.com\/it\/wp-json\/wp\/v2\/media\/10319"}],"wp:attachment":[{"href":"https:\/\/www.donadonsdd.com\/it\/wp-json\/wp\/v2\/media?parent=6305"}],"wp:term":[{"taxonomy":"categoria_prodotto","embeddable":true,"href":"https:\/\/www.donadonsdd.com\/it\/wp-json\/wp\/v2\/categoria_prodotto?post=6305"}],"curies":[{"name":"wp","href":"https:\/\/api.w.org\/{rel}","templated":true}]}}