{"id":6378,"date":"2025-12-11T13:57:49","date_gmt":"2025-12-11T12:57:49","guid":{"rendered":"https:\/\/www.donadonsdd.com\/product\/dischi-di-rottura-compositi-dcd-protezione-dalla-pressione-per-le-industrie-igieniche\/"},"modified":"2026-04-24T14:22:59","modified_gmt":"2026-04-24T12:22:59","slug":"dcd-sanitary","status":"publish","type":"product","link":"https:\/\/www.donadonsdd.com\/it\/prodotto\/dcd-sanitary\/","title":{"rendered":"Dischi di rottura compositi DCD &#8211; Protezione dalla pressione per le industrie igieniche"},"content":{"rendered":"<p>DonadonSDD offre dischi di rottura compositi DCD di alta qualit\u00e0, progettati per salvaguardare le industrie igieniche da improvvise variazioni di pressione che possono causare gravi danni. I dischi di rottura DCD sono costituiti da 3 o pi\u00f9 componenti che formano un disco unico da inserire in ghiere\/morsetti sanitari standard. Sono disponibili in un&#8217;ampia gamma di esecuzioni per soddisfare la maggior parte delle esigenze del settore.<\/p>\n<h2>Caratteristiche chiave e vantaggi tecnici<\/h2>\n<p><strong>Standard di certificazione elevati:<\/strong><\/p>\n<p>I dischi DCD sono certificati per soddisfare i pi\u00f9 alti standard internazionali, tra cui PED 2014\/68\/UE (CE STAMP), ATEX EX II 2 GD (CE STAMP), PER 2016 UK Statutory (UKCA STAMP), CU TR 032 (EAC STAMP).<\/p>\n<h3>Tecnica:<\/h3>\n<p>Si compone di una parte metallica forata e scanalata, di una membrana di tenuta (solitamente in PTFE ma disponibile in vari materiali) e di una sezione di protezione.<\/p>\n<h3>Applicazioni:<\/h3>\n<p>Ideale per condizioni statiche di gas e liquidi, bassa pressione e applicazioni asettiche.<\/p>\n<h3>Non frammentazione:<\/h3>\n<p>Risponde alla sovrappressione con una rapida apertura totale senza frammentazione degli strati metallici.<\/p>\n<h3>Resistenza al vuoto:<\/h3>\n<p>Su richiesta sono disponibili supporti specifici per la protezione dal vuoto e dalla contropressione.<\/p>\n<h3>Opzione disco a doppia via:<\/h3>\n<p>Protegge dal vuoto e dalla pressione contemporaneamente (anche con due diverse pressioni impostate).<\/p>\n<h3><span lang=\"en-US\">Applicazioni:<\/span><\/h3>\n<p>Progettato per le applicazioni C.O.P. (Clean-Out-Of-Place)<\/p>\n<h3><span lang=\"en-US\">Guarnizioni certificate FDA:<\/span><\/h3>\n<p>I dischi di rottura compositi DonadonSDD possono essere utilizzati con guarnizioni in PTFE che soddisfano le pi\u00f9 severe normative internazionali, tra cui FDA e USP classe VI, e Eu 10\/2011. Queste guarnizioni facilitano l&#8217;installazione nei raccordi a morsetto (sanitari, Tri-Clamp, Tank Connection).<\/p>\n<h2>Perch\u00e9 scegliere DonadonSDD?<\/h2>\n<ul>\n<li>DonadonSDD offre dischi di rottura di alta qualit\u00e0 che soddisfano i pi\u00f9 severi standard di sicurezza internazionali.<\/li>\n<li>I nostri dischi di rottura DCD sono adatti a un&#8217;ampia gamma di applicazioni, tra cui condizioni statiche di gas e liquidi, bassa pressione, applicazioni asettiche e C.O.P.<\/li>\n<li>I dischi sono progettati per rispondere rapidamente alla sovrappressione, evitando danni agli impianti industriali.<\/li>\n<li>I dischi di rottura compositi DonadonSDD possono proteggere contemporaneamente dal vuoto e dalla pressione, rendendoli pi\u00f9 versatili rispetto a molti altri tipi di dischi di rottura.<\/li>\n<li>Utilizziamo guarnizioni in PTFE certificate per soddisfare le pi\u00f9 alte normative internazionali, facilitando l&#8217;installazione.<\/li>\n<\/ul>\n","protected":false},"excerpt":{"rendered":"<p>DonadonSDD offre dischi di rottura compositi DCD di alta qualit\u00e0, progettati per salvaguardare le industrie igieniche da improvvise variazioni di pressione che possono causare gravi danni. I dischi di rottura DCD sono costituiti da 3 o pi\u00f9 componenti che formano un disco unico da inserire in ghiere\/morsetti sanitari standard. Sono disponibili in un&#8217;ampia gamma di [&hellip;]<\/p>\n","protected":false},"featured_media":10307,"menu_order":0,"template":"","meta":{"_acf_changed":false},"categoria_prodotto":[85,79,84],"class_list":["post-6378","product","type-product","status-publish","has-post-thumbnail","hentry","categoria_prodotto-forward-acting","categoria_prodotto-rupture-discs","categoria_prodotto-sanitary"],"acf":[],"yoast_head":"<!-- This site is optimized with the Yoast SEO plugin v27.3 - https:\/\/yoast.com\/product\/yoast-seo-wordpress\/ -->\n<title>Disco di rottura composito sanitario - DCD<\/title>\n<meta name=\"description\" content=\"Disco di rottura sanitario composito per applicazioni asettiche a bassa pressione. Disponibile in configurazione standard o Double Way, assicura protezione contro sovrapressione, vuoto o condizioni combinate.\" \/>\n<meta name=\"robots\" content=\"index, follow, max-snippet:-1, max-image-preview:large, max-video-preview:-1\" \/>\n<link rel=\"canonical\" href=\"https:\/\/www.donadonsdd.com\/it\/prodotto\/dcd-sanitary\/\" \/>\n<meta property=\"og:locale\" content=\"it_IT\" \/>\n<meta property=\"og:type\" content=\"article\" \/>\n<meta property=\"og:title\" content=\"Disco di rottura composito sanitario - DCD\" \/>\n<meta property=\"og:description\" content=\"Disco di rottura sanitario composito per applicazioni asettiche a bassa pressione. Disponibile in configurazione standard o Double Way, assicura protezione contro sovrapressione, vuoto o condizioni combinate.\" \/>\n<meta property=\"og:url\" content=\"https:\/\/www.donadonsdd.com\/it\/prodotto\/dcd-sanitary\/\" \/>\n<meta property=\"og:site_name\" content=\"DonadonSDD Srl\" \/>\n<meta property=\"article:modified_time\" content=\"2026-04-24T12:22:59+00:00\" \/>\n<meta property=\"og:image\" content=\"https:\/\/www.donadonsdd.com\/wp-content\/uploads\/2025\/12\/donadon-55-1.png\" \/>\n\t<meta property=\"og:image:width\" content=\"1800\" \/>\n\t<meta property=\"og:image:height\" content=\"1199\" \/>\n\t<meta property=\"og:image:type\" content=\"image\/png\" \/>\n<meta name=\"twitter:card\" content=\"summary_large_image\" \/>\n<meta name=\"twitter:label1\" content=\"Tempo di lettura stimato\" \/>\n\t<meta name=\"twitter:data1\" content=\"3 minuto\" \/>\n<script type=\"application\/ld+json\" class=\"yoast-schema-graph\">{\"@context\":\"https:\\\/\\\/schema.org\",\"@graph\":[{\"@type\":\"WebPage\",\"@id\":\"https:\\\/\\\/www.donadonsdd.com\\\/it\\\/prodotto\\\/dcd-sanitary\\\/\",\"url\":\"https:\\\/\\\/www.donadonsdd.com\\\/it\\\/prodotto\\\/dcd-sanitary\\\/\",\"name\":\"Disco di rottura composito sanitario - DCD\",\"isPartOf\":{\"@id\":\"https:\\\/\\\/www.donadonsdd.com\\\/it\\\/#website\"},\"primaryImageOfPage\":{\"@id\":\"https:\\\/\\\/www.donadonsdd.com\\\/it\\\/prodotto\\\/dcd-sanitary\\\/#primaryimage\"},\"image\":{\"@id\":\"https:\\\/\\\/www.donadonsdd.com\\\/it\\\/prodotto\\\/dcd-sanitary\\\/#primaryimage\"},\"thumbnailUrl\":\"https:\\\/\\\/www.donadonsdd.com\\\/wp-content\\\/uploads\\\/2025\\\/12\\\/donadon-55-1.png\",\"datePublished\":\"2025-12-11T12:57:49+00:00\",\"dateModified\":\"2026-04-24T12:22:59+00:00\",\"description\":\"Disco di rottura sanitario composito per applicazioni asettiche a bassa pressione. Disponibile in configurazione standard o Double Way, assicura protezione contro sovrapressione, vuoto o condizioni combinate.\",\"breadcrumb\":{\"@id\":\"https:\\\/\\\/www.donadonsdd.com\\\/it\\\/prodotto\\\/dcd-sanitary\\\/#breadcrumb\"},\"inLanguage\":\"it-IT\",\"potentialAction\":[{\"@type\":\"ReadAction\",\"target\":[\"https:\\\/\\\/www.donadonsdd.com\\\/it\\\/prodotto\\\/dcd-sanitary\\\/\"]}]},{\"@type\":\"ImageObject\",\"inLanguage\":\"it-IT\",\"@id\":\"https:\\\/\\\/www.donadonsdd.com\\\/it\\\/prodotto\\\/dcd-sanitary\\\/#primaryimage\",\"url\":\"https:\\\/\\\/www.donadonsdd.com\\\/wp-content\\\/uploads\\\/2025\\\/12\\\/donadon-55-1.png\",\"contentUrl\":\"https:\\\/\\\/www.donadonsdd.com\\\/wp-content\\\/uploads\\\/2025\\\/12\\\/donadon-55-1.png\",\"width\":1800,\"height\":1199},{\"@type\":\"BreadcrumbList\",\"@id\":\"https:\\\/\\\/www.donadonsdd.com\\\/it\\\/prodotto\\\/dcd-sanitary\\\/#breadcrumb\",\"itemListElement\":[{\"@type\":\"ListItem\",\"position\":1,\"name\":\"HOMEPAGE\",\"item\":\"https:\\\/\\\/www.donadonsdd.com\\\/it\\\/\"},{\"@type\":\"ListItem\",\"position\":2,\"name\":\"Dischi di rottura compositi DCD &#8211; Protezione dalla pressione per le industrie igieniche\"}]},{\"@type\":\"WebSite\",\"@id\":\"https:\\\/\\\/www.donadonsdd.com\\\/it\\\/#website\",\"url\":\"https:\\\/\\\/www.donadonsdd.com\\\/it\\\/\",\"name\":\"DonadonSDD Srl\",\"description\":\"\",\"publisher\":{\"@id\":\"https:\\\/\\\/www.donadonsdd.com\\\/it\\\/#organization\"},\"potentialAction\":[{\"@type\":\"SearchAction\",\"target\":{\"@type\":\"EntryPoint\",\"urlTemplate\":\"https:\\\/\\\/www.donadonsdd.com\\\/it\\\/?s={search_term_string}\"},\"query-input\":{\"@type\":\"PropertyValueSpecification\",\"valueRequired\":true,\"valueName\":\"search_term_string\"}}],\"inLanguage\":\"it-IT\"},{\"@type\":\"Organization\",\"@id\":\"https:\\\/\\\/www.donadonsdd.com\\\/it\\\/#organization\",\"name\":\"DonadonSDD Srl\",\"url\":\"https:\\\/\\\/www.donadonsdd.com\\\/it\\\/\",\"logo\":{\"@type\":\"ImageObject\",\"inLanguage\":\"it-IT\",\"@id\":\"https:\\\/\\\/www.donadonsdd.com\\\/it\\\/#\\\/schema\\\/logo\\\/image\\\/\",\"url\":\"https:\\\/\\\/www.donadonsdd.com\\\/wp-content\\\/uploads\\\/2025\\\/11\\\/donadonsdd-logo.png\",\"contentUrl\":\"https:\\\/\\\/www.donadonsdd.com\\\/wp-content\\\/uploads\\\/2025\\\/11\\\/donadonsdd-logo.png\",\"width\":544,\"height\":96,\"caption\":\"DonadonSDD Srl\"},\"image\":{\"@id\":\"https:\\\/\\\/www.donadonsdd.com\\\/it\\\/#\\\/schema\\\/logo\\\/image\\\/\"}}]}<\/script>\n<!-- \/ Yoast SEO plugin. -->","yoast_head_json":{"title":"Disco di rottura composito sanitario - DCD","description":"Disco di rottura sanitario composito per applicazioni asettiche a bassa pressione. Disponibile in configurazione standard o Double Way, assicura protezione contro sovrapressione, vuoto o condizioni combinate.","robots":{"index":"index","follow":"follow","max-snippet":"max-snippet:-1","max-image-preview":"max-image-preview:large","max-video-preview":"max-video-preview:-1"},"canonical":"https:\/\/www.donadonsdd.com\/it\/prodotto\/dcd-sanitary\/","og_locale":"it_IT","og_type":"article","og_title":"Disco di rottura composito sanitario - DCD","og_description":"Disco di rottura sanitario composito per applicazioni asettiche a bassa pressione. Disponibile in configurazione standard o Double Way, assicura protezione contro sovrapressione, vuoto o condizioni combinate.","og_url":"https:\/\/www.donadonsdd.com\/it\/prodotto\/dcd-sanitary\/","og_site_name":"DonadonSDD Srl","article_modified_time":"2026-04-24T12:22:59+00:00","og_image":[{"width":1800,"height":1199,"url":"https:\/\/www.donadonsdd.com\/wp-content\/uploads\/2025\/12\/donadon-55-1.png","type":"image\/png"}],"twitter_card":"summary_large_image","twitter_misc":{"Tempo di lettura stimato":"3 minuto"},"schema":{"@context":"https:\/\/schema.org","@graph":[{"@type":"WebPage","@id":"https:\/\/www.donadonsdd.com\/it\/prodotto\/dcd-sanitary\/","url":"https:\/\/www.donadonsdd.com\/it\/prodotto\/dcd-sanitary\/","name":"Disco di rottura composito sanitario - DCD","isPartOf":{"@id":"https:\/\/www.donadonsdd.com\/it\/#website"},"primaryImageOfPage":{"@id":"https:\/\/www.donadonsdd.com\/it\/prodotto\/dcd-sanitary\/#primaryimage"},"image":{"@id":"https:\/\/www.donadonsdd.com\/it\/prodotto\/dcd-sanitary\/#primaryimage"},"thumbnailUrl":"https:\/\/www.donadonsdd.com\/wp-content\/uploads\/2025\/12\/donadon-55-1.png","datePublished":"2025-12-11T12:57:49+00:00","dateModified":"2026-04-24T12:22:59+00:00","description":"Disco di rottura sanitario composito per applicazioni asettiche a bassa pressione. Disponibile in configurazione standard o Double Way, assicura protezione contro sovrapressione, vuoto o condizioni combinate.","breadcrumb":{"@id":"https:\/\/www.donadonsdd.com\/it\/prodotto\/dcd-sanitary\/#breadcrumb"},"inLanguage":"it-IT","potentialAction":[{"@type":"ReadAction","target":["https:\/\/www.donadonsdd.com\/it\/prodotto\/dcd-sanitary\/"]}]},{"@type":"ImageObject","inLanguage":"it-IT","@id":"https:\/\/www.donadonsdd.com\/it\/prodotto\/dcd-sanitary\/#primaryimage","url":"https:\/\/www.donadonsdd.com\/wp-content\/uploads\/2025\/12\/donadon-55-1.png","contentUrl":"https:\/\/www.donadonsdd.com\/wp-content\/uploads\/2025\/12\/donadon-55-1.png","width":1800,"height":1199},{"@type":"BreadcrumbList","@id":"https:\/\/www.donadonsdd.com\/it\/prodotto\/dcd-sanitary\/#breadcrumb","itemListElement":[{"@type":"ListItem","position":1,"name":"HOMEPAGE","item":"https:\/\/www.donadonsdd.com\/it\/"},{"@type":"ListItem","position":2,"name":"Dischi di rottura compositi DCD &#8211; Protezione dalla pressione per le industrie igieniche"}]},{"@type":"WebSite","@id":"https:\/\/www.donadonsdd.com\/it\/#website","url":"https:\/\/www.donadonsdd.com\/it\/","name":"DonadonSDD Srl","description":"","publisher":{"@id":"https:\/\/www.donadonsdd.com\/it\/#organization"},"potentialAction":[{"@type":"SearchAction","target":{"@type":"EntryPoint","urlTemplate":"https:\/\/www.donadonsdd.com\/it\/?s={search_term_string}"},"query-input":{"@type":"PropertyValueSpecification","valueRequired":true,"valueName":"search_term_string"}}],"inLanguage":"it-IT"},{"@type":"Organization","@id":"https:\/\/www.donadonsdd.com\/it\/#organization","name":"DonadonSDD Srl","url":"https:\/\/www.donadonsdd.com\/it\/","logo":{"@type":"ImageObject","inLanguage":"it-IT","@id":"https:\/\/www.donadonsdd.com\/it\/#\/schema\/logo\/image\/","url":"https:\/\/www.donadonsdd.com\/wp-content\/uploads\/2025\/11\/donadonsdd-logo.png","contentUrl":"https:\/\/www.donadonsdd.com\/wp-content\/uploads\/2025\/11\/donadonsdd-logo.png","width":544,"height":96,"caption":"DonadonSDD Srl"},"image":{"@id":"https:\/\/www.donadonsdd.com\/it\/#\/schema\/logo\/image\/"}}]}},"toolset-meta":{"toolset-woocommerce-fields":{"_download_limit":{"type":"numeric","raw":""},"_virtual":{"type":"checkbox","raw":""},"_downloadable":{"type":"checkbox","raw":""},"_download_expiry":{"type":"numeric","raw":""},"_download_type":{"type":"radio","raw":""},"_regular_price":{"type":"numeric","raw":""},"_sale_price":{"type":"numeric","raw":""},"_sale_price_dates_from":{"type":"date","raw":"","formatted":null},"_sale_price_dates_to":{"type":"date","raw":"","formatted":null},"_sku":{"type":"textfield","raw":""},"_manage_stock":{"type":"checkbox","raw":""},"_stock_status":{"type":"radio","raw":""},"_stock":{"type":"numeric","raw":""},"_backorders":{"type":"radio","raw":""},"_sold_individually":{"type":"checkbox","raw":""},"_width":{"type":"numeric","raw":""},"_weight":{"type":"numeric","raw":""},"_length":{"type":"numeric","raw":""},"_purchase_note":{"type":"textarea","raw":""}},"infografica":{"operation-ratio":{"type":"textfield","raw":"fino all'80%"},"non-fragmenting":{"type":"textfield","raw":"s\u00ec (solo membrana)"},"vacumm-resistant":{"type":"textfield","raw":"S\u00ec, \u00e8 necessario un supporto per il vuoto"},"sanitary":{"type":"textfield","raw":"S\u00ec"},"liquid":{"type":"textfield","raw":"S\u00ec"},"vapor-gas":{"type":"textfield","raw":"S\u00ec"},"ferrules":{"type":"textfield","raw":""}},"dettagli-prodotto":{"immagini-prodotto":{"type":"image","raw":["https:\/\/www.donadonsdd.com\/wp-content\/uploads\/2025\/12\/donadon-55.png"],"repeatable":[{"raw":"https:\/\/www.donadonsdd.com\/wp-content\/uploads\/2025\/12\/donadon-55.png","attachment_id":10388}]},"tabella-specifiche":{"type":"wysiwyg","raw":"MODELLO | DCD;\r\nMATERIALI | Acciaio inossidabile, Lega 201, Lega 400, Lega 600, Lega 625, Lega C276, Titanio;\r\nMEMBRANA DI GUARNIZIONE | Disponibile in PTFE o PFA;\r\nDIMENSIONI | Da DN15 (1\/2 pollice) a DN200 (8 pollici);\r\nPRESSIONE DI ROTTURA | 0,1 - 7 bar g (a seconda delle dimensioni e del materiale);\r\nTOLLERANZA | da +\/- 5% a +\/- 20%;\r\nTEMPERATURA DI FUNZIONAMENTO | max 260\u00b0C (membrana in PTFE o PFA);\r\nFRAGMENTAZIONE | No (solo membrana);\r\nUSO IN COMBINAZIONE CON PSV | Adatto;\r\nMARGINE DI FUNZIONAMENTO | Pu\u00f2 raggiungere l'80% in base alle condizioni di servizio;\r\nRESISTENZA ALLA PRESSIONE DEL VUOTO | S\u00ec, \u00e8 necessario un supporto per il vuoto;\r\nOPZIONE DISCO A DOPPIA VIA | Disponibile, anche con due diverse pressioni impostate;\r\nRESISTENZA ALLA CORROSIONE | Molto bene;\r\nGUARNIZIONI | Disponibili in PTFE e PFA;\r\nPORTADISCO | <a href=\"https:\/\/www.donadonsdd.com\/it\/prodotto\/htc\/\">HTC<\/a>;\r\nSENSORE DI ROTTURA | <a href=\"https:\/\/www.donadonsdd.com\/it\/prodotti\/sensori-di-rottura\/elettrici\/\">Elettrico<\/a>;"}}},"_links":{"self":[{"href":"https:\/\/www.donadonsdd.com\/it\/wp-json\/wp\/v2\/product\/6378","targetHints":{"allow":["GET"]}}],"collection":[{"href":"https:\/\/www.donadonsdd.com\/it\/wp-json\/wp\/v2\/product"}],"about":[{"href":"https:\/\/www.donadonsdd.com\/it\/wp-json\/wp\/v2\/types\/product"}],"wp:featuredmedia":[{"embeddable":true,"href":"https:\/\/www.donadonsdd.com\/it\/wp-json\/wp\/v2\/media\/10307"}],"wp:attachment":[{"href":"https:\/\/www.donadonsdd.com\/it\/wp-json\/wp\/v2\/media?parent=6378"}],"wp:term":[{"taxonomy":"categoria_prodotto","embeddable":true,"href":"https:\/\/www.donadonsdd.com\/it\/wp-json\/wp\/v2\/categoria_prodotto?post=6378"}],"curies":[{"name":"wp","href":"https:\/\/api.w.org\/{rel}","templated":true}]}}