{"id":6383,"date":"2025-12-11T13:51:20","date_gmt":"2025-12-11T12:51:20","guid":{"rendered":"https:\/\/www.donadonsdd.com\/product\/dischi-di-rottura-dcd-dispositivi-di-sicurezza-di-alta-qualita-per-impianti-industriali\/"},"modified":"2026-03-01T02:54:54","modified_gmt":"2026-03-01T01:54:54","slug":"dcd-composite","status":"publish","type":"product","link":"https:\/\/www.donadonsdd.com\/it\/prodotto\/dcd-composite\/","title":{"rendered":"Dischi di rottura DCD &#8211; Dispositivi di sicurezza di alta qualit\u00e0 per impianti industriali"},"content":{"rendered":"<p>DonadonSDD offre dischi di rottura DCD progettati per proteggere gli impianti industriali da improvvise variazioni di pressione che possono causare gravi danni. I dischi di rottura DCD sono costituiti da 3 o pi\u00f9 componenti che formano un disco unico da inserire in un supporto specifico. Sono disponibili in un&#8217;ampia variet\u00e0 di esecuzioni per soddisfare la maggior parte delle esigenze del settore.  <\/p>\n<h2>Caratteristiche chiave e vantaggi tecnici<\/h2>\n<p><strong>Standard di certificazione elevati:<\/strong><\/p>\n<p>I nostri dischi di rottura DCD sono certificati per soddisfare i pi\u00f9 alti standard internazionali, tra cui PED 2014\/68\/UE (CE STAMP), ATEX EX II 2 GD (CE STAMP), PER 2016 UK Statutory (UKCA STAMP), CU TR 032 (EAC STAMP).<\/p>\n<h3>Tecnica:<\/h3>\n<p>Composto da una parte metallica perforata e scanalata, una membrana di tenuta (solitamente in PTFE o PFA, ma disponibile in vari materiali metallici o non metallici) e una sezione di protezione.<\/p>\n<h3>Applicazioni:<\/h3>\n<p>Ideale per l&#8217;utilizzo con gas e liquidi in condizioni statiche e a bassa pressione.<\/p>\n<h3>Non frammentazione:<\/h3>\n<p>Risponde a una pressione eccessiva con un&#8217;apertura totale in pochi millisecondi, senza frammentazione degli strati metallici (adatto per la protezione delle valvole).<\/p>\n<h3>Resistenza al vuoto:<\/h3>\n<p>Su richiesta sono disponibili supporti specifici per la protezione dal vuoto e dalla contropressione.<\/p>\n<h3>Opzione disco a doppia via:<\/h3>\n<p>Protegge dal vuoto e dalla pressione contemporaneamente (anche con due diverse pressioni impostate)<\/p>\n<h2>Perch\u00e9 scegliere DonadonSDD?<\/h2>\n<ul>\n<li>I nostri dischi di rottura DCD sono certificati per soddisfare i pi\u00f9 alti standard di sicurezza internazionali, garantendo una protezione affidabile per il tuo impianto industriale.<\/li>\n<li>I dischi di rottura DonadonSDD DCD sono ideali per l&#8217;utilizzo con gas e liquidi in condizioni statiche e a bassa pressione, il che li rende estremamente versatili.<\/li>\n<li>I dischi rispondono rapidamente alla pressione eccessiva, evitando di danneggiare la tua pianta.<\/li>\n<\/ul>\n","protected":false},"excerpt":{"rendered":"<p>DonadonSDD offre dischi di rottura DCD progettati per proteggere gli impianti industriali da improvvise variazioni di pressione che possono causare gravi danni. I dischi di rottura DCD sono costituiti da 3 o pi\u00f9 componenti che formano un disco unico da inserire in un supporto specifico. Sono disponibili in un&#8217;ampia variet\u00e0 di esecuzioni per soddisfare la [&hellip;]<\/p>\n","protected":false},"featured_media":10311,"menu_order":0,"template":"","meta":{"_acf_changed":false},"categoria_prodotto":[85,79],"class_list":["post-6383","product","type-product","status-publish","has-post-thumbnail","hentry","categoria_prodotto-forward-acting","categoria_prodotto-rupture-discs"],"acf":[],"yoast_head":"<!-- This site is optimized with the Yoast SEO plugin v27.3 - https:\/\/yoast.com\/product\/yoast-seo-wordpress\/ -->\n<title>Disco di rottura composito - DCD<\/title>\n<meta name=\"description\" content=\"Disco di rottura in materiale composito per il servizio di gas e liquidi a bassa pressione. Disponibile in configurazioni a singolo o doppio effetto per protezione da sovrapressione, vuoto o combinata, supporto opzionale per il vuoto, rapporto di funzionamento fino all&#039;80%, certificato PED e ATEX.\" \/>\n<meta name=\"robots\" content=\"index, follow, max-snippet:-1, max-image-preview:large, max-video-preview:-1\" \/>\n<link rel=\"canonical\" href=\"https:\/\/www.donadonsdd.com\/it\/prodotto\/dcd-composite\/\" \/>\n<meta property=\"og:locale\" content=\"it_IT\" \/>\n<meta property=\"og:type\" content=\"article\" \/>\n<meta property=\"og:title\" content=\"Disco di rottura composito - DCD\" \/>\n<meta property=\"og:description\" content=\"Disco di rottura in materiale composito per il servizio di gas e liquidi a bassa pressione. Disponibile in configurazioni a singolo o doppio effetto per protezione da sovrapressione, vuoto o combinata, supporto opzionale per il vuoto, rapporto di funzionamento fino all&#039;80%, certificato PED e ATEX.\" \/>\n<meta property=\"og:url\" content=\"https:\/\/www.donadonsdd.com\/it\/prodotto\/dcd-composite\/\" \/>\n<meta property=\"og:site_name\" content=\"DonadonSDD Srl\" \/>\n<meta property=\"article:modified_time\" content=\"2026-03-01T01:54:54+00:00\" \/>\n<meta property=\"og:image\" content=\"https:\/\/www.donadonsdd.com\/wp-content\/uploads\/2025\/12\/donadon-50.png\" \/>\n\t<meta property=\"og:image:width\" content=\"1800\" \/>\n\t<meta property=\"og:image:height\" content=\"1200\" \/>\n\t<meta property=\"og:image:type\" content=\"image\/png\" \/>\n<meta name=\"twitter:card\" content=\"summary_large_image\" \/>\n<meta name=\"twitter:label1\" content=\"Tempo di lettura stimato\" \/>\n\t<meta name=\"twitter:data1\" content=\"1 minuto\" \/>\n<script type=\"application\/ld+json\" class=\"yoast-schema-graph\">{\"@context\":\"https:\\\/\\\/schema.org\",\"@graph\":[{\"@type\":\"WebPage\",\"@id\":\"https:\\\/\\\/www.donadonsdd.com\\\/it\\\/prodotto\\\/dcd-composite\\\/\",\"url\":\"https:\\\/\\\/www.donadonsdd.com\\\/it\\\/prodotto\\\/dcd-composite\\\/\",\"name\":\"Disco di rottura composito - DCD\",\"isPartOf\":{\"@id\":\"https:\\\/\\\/www.donadonsdd.com\\\/it\\\/#website\"},\"primaryImageOfPage\":{\"@id\":\"https:\\\/\\\/www.donadonsdd.com\\\/it\\\/prodotto\\\/dcd-composite\\\/#primaryimage\"},\"image\":{\"@id\":\"https:\\\/\\\/www.donadonsdd.com\\\/it\\\/prodotto\\\/dcd-composite\\\/#primaryimage\"},\"thumbnailUrl\":\"https:\\\/\\\/www.donadonsdd.com\\\/wp-content\\\/uploads\\\/2025\\\/12\\\/donadon-50.png\",\"datePublished\":\"2025-12-11T12:51:20+00:00\",\"dateModified\":\"2026-03-01T01:54:54+00:00\",\"description\":\"Disco di rottura in materiale composito per il servizio di gas e liquidi a bassa pressione. Disponibile in configurazioni a singolo o doppio effetto per protezione da sovrapressione, vuoto o combinata, supporto opzionale per il vuoto, rapporto di funzionamento fino all'80%, certificato PED e ATEX.\",\"breadcrumb\":{\"@id\":\"https:\\\/\\\/www.donadonsdd.com\\\/it\\\/prodotto\\\/dcd-composite\\\/#breadcrumb\"},\"inLanguage\":\"it-IT\",\"potentialAction\":[{\"@type\":\"ReadAction\",\"target\":[\"https:\\\/\\\/www.donadonsdd.com\\\/it\\\/prodotto\\\/dcd-composite\\\/\"]}]},{\"@type\":\"ImageObject\",\"inLanguage\":\"it-IT\",\"@id\":\"https:\\\/\\\/www.donadonsdd.com\\\/it\\\/prodotto\\\/dcd-composite\\\/#primaryimage\",\"url\":\"https:\\\/\\\/www.donadonsdd.com\\\/wp-content\\\/uploads\\\/2025\\\/12\\\/donadon-50.png\",\"contentUrl\":\"https:\\\/\\\/www.donadonsdd.com\\\/wp-content\\\/uploads\\\/2025\\\/12\\\/donadon-50.png\",\"width\":1800,\"height\":1200},{\"@type\":\"BreadcrumbList\",\"@id\":\"https:\\\/\\\/www.donadonsdd.com\\\/it\\\/prodotto\\\/dcd-composite\\\/#breadcrumb\",\"itemListElement\":[{\"@type\":\"ListItem\",\"position\":1,\"name\":\"HOMEPAGE\",\"item\":\"https:\\\/\\\/www.donadonsdd.com\\\/it\\\/\"},{\"@type\":\"ListItem\",\"position\":2,\"name\":\"Dischi di rottura DCD &#8211; Dispositivi di sicurezza di alta qualit\u00e0 per impianti industriali\"}]},{\"@type\":\"WebSite\",\"@id\":\"https:\\\/\\\/www.donadonsdd.com\\\/it\\\/#website\",\"url\":\"https:\\\/\\\/www.donadonsdd.com\\\/it\\\/\",\"name\":\"DonadonSDD Srl\",\"description\":\"\",\"publisher\":{\"@id\":\"https:\\\/\\\/www.donadonsdd.com\\\/it\\\/#organization\"},\"potentialAction\":[{\"@type\":\"SearchAction\",\"target\":{\"@type\":\"EntryPoint\",\"urlTemplate\":\"https:\\\/\\\/www.donadonsdd.com\\\/it\\\/?s={search_term_string}\"},\"query-input\":{\"@type\":\"PropertyValueSpecification\",\"valueRequired\":true,\"valueName\":\"search_term_string\"}}],\"inLanguage\":\"it-IT\"},{\"@type\":\"Organization\",\"@id\":\"https:\\\/\\\/www.donadonsdd.com\\\/it\\\/#organization\",\"name\":\"DonadonSDD Srl\",\"url\":\"https:\\\/\\\/www.donadonsdd.com\\\/it\\\/\",\"logo\":{\"@type\":\"ImageObject\",\"inLanguage\":\"it-IT\",\"@id\":\"https:\\\/\\\/www.donadonsdd.com\\\/it\\\/#\\\/schema\\\/logo\\\/image\\\/\",\"url\":\"https:\\\/\\\/www.donadonsdd.com\\\/wp-content\\\/uploads\\\/2025\\\/11\\\/donadonsdd-logo.png\",\"contentUrl\":\"https:\\\/\\\/www.donadonsdd.com\\\/wp-content\\\/uploads\\\/2025\\\/11\\\/donadonsdd-logo.png\",\"width\":544,\"height\":96,\"caption\":\"DonadonSDD Srl\"},\"image\":{\"@id\":\"https:\\\/\\\/www.donadonsdd.com\\\/it\\\/#\\\/schema\\\/logo\\\/image\\\/\"}}]}<\/script>\n<!-- \/ Yoast SEO plugin. -->","yoast_head_json":{"title":"Disco di rottura composito - DCD","description":"Disco di rottura in materiale composito per il servizio di gas e liquidi a bassa pressione. Disponibile in configurazioni a singolo o doppio effetto per protezione da sovrapressione, vuoto o combinata, supporto opzionale per il vuoto, rapporto di funzionamento fino all'80%, certificato PED e ATEX.","robots":{"index":"index","follow":"follow","max-snippet":"max-snippet:-1","max-image-preview":"max-image-preview:large","max-video-preview":"max-video-preview:-1"},"canonical":"https:\/\/www.donadonsdd.com\/it\/prodotto\/dcd-composite\/","og_locale":"it_IT","og_type":"article","og_title":"Disco di rottura composito - DCD","og_description":"Disco di rottura in materiale composito per il servizio di gas e liquidi a bassa pressione. Disponibile in configurazioni a singolo o doppio effetto per protezione da sovrapressione, vuoto o combinata, supporto opzionale per il vuoto, rapporto di funzionamento fino all'80%, certificato PED e ATEX.","og_url":"https:\/\/www.donadonsdd.com\/it\/prodotto\/dcd-composite\/","og_site_name":"DonadonSDD Srl","article_modified_time":"2026-03-01T01:54:54+00:00","og_image":[{"width":1800,"height":1200,"url":"https:\/\/www.donadonsdd.com\/wp-content\/uploads\/2025\/12\/donadon-50.png","type":"image\/png"}],"twitter_card":"summary_large_image","twitter_misc":{"Tempo di lettura stimato":"1 minuto"},"schema":{"@context":"https:\/\/schema.org","@graph":[{"@type":"WebPage","@id":"https:\/\/www.donadonsdd.com\/it\/prodotto\/dcd-composite\/","url":"https:\/\/www.donadonsdd.com\/it\/prodotto\/dcd-composite\/","name":"Disco di rottura composito - DCD","isPartOf":{"@id":"https:\/\/www.donadonsdd.com\/it\/#website"},"primaryImageOfPage":{"@id":"https:\/\/www.donadonsdd.com\/it\/prodotto\/dcd-composite\/#primaryimage"},"image":{"@id":"https:\/\/www.donadonsdd.com\/it\/prodotto\/dcd-composite\/#primaryimage"},"thumbnailUrl":"https:\/\/www.donadonsdd.com\/wp-content\/uploads\/2025\/12\/donadon-50.png","datePublished":"2025-12-11T12:51:20+00:00","dateModified":"2026-03-01T01:54:54+00:00","description":"Disco di rottura in materiale composito per il servizio di gas e liquidi a bassa pressione. Disponibile in configurazioni a singolo o doppio effetto per protezione da sovrapressione, vuoto o combinata, supporto opzionale per il vuoto, rapporto di funzionamento fino all'80%, certificato PED e ATEX.","breadcrumb":{"@id":"https:\/\/www.donadonsdd.com\/it\/prodotto\/dcd-composite\/#breadcrumb"},"inLanguage":"it-IT","potentialAction":[{"@type":"ReadAction","target":["https:\/\/www.donadonsdd.com\/it\/prodotto\/dcd-composite\/"]}]},{"@type":"ImageObject","inLanguage":"it-IT","@id":"https:\/\/www.donadonsdd.com\/it\/prodotto\/dcd-composite\/#primaryimage","url":"https:\/\/www.donadonsdd.com\/wp-content\/uploads\/2025\/12\/donadon-50.png","contentUrl":"https:\/\/www.donadonsdd.com\/wp-content\/uploads\/2025\/12\/donadon-50.png","width":1800,"height":1200},{"@type":"BreadcrumbList","@id":"https:\/\/www.donadonsdd.com\/it\/prodotto\/dcd-composite\/#breadcrumb","itemListElement":[{"@type":"ListItem","position":1,"name":"HOMEPAGE","item":"https:\/\/www.donadonsdd.com\/it\/"},{"@type":"ListItem","position":2,"name":"Dischi di rottura DCD &#8211; Dispositivi di sicurezza di alta qualit\u00e0 per impianti industriali"}]},{"@type":"WebSite","@id":"https:\/\/www.donadonsdd.com\/it\/#website","url":"https:\/\/www.donadonsdd.com\/it\/","name":"DonadonSDD Srl","description":"","publisher":{"@id":"https:\/\/www.donadonsdd.com\/it\/#organization"},"potentialAction":[{"@type":"SearchAction","target":{"@type":"EntryPoint","urlTemplate":"https:\/\/www.donadonsdd.com\/it\/?s={search_term_string}"},"query-input":{"@type":"PropertyValueSpecification","valueRequired":true,"valueName":"search_term_string"}}],"inLanguage":"it-IT"},{"@type":"Organization","@id":"https:\/\/www.donadonsdd.com\/it\/#organization","name":"DonadonSDD Srl","url":"https:\/\/www.donadonsdd.com\/it\/","logo":{"@type":"ImageObject","inLanguage":"it-IT","@id":"https:\/\/www.donadonsdd.com\/it\/#\/schema\/logo\/image\/","url":"https:\/\/www.donadonsdd.com\/wp-content\/uploads\/2025\/11\/donadonsdd-logo.png","contentUrl":"https:\/\/www.donadonsdd.com\/wp-content\/uploads\/2025\/11\/donadonsdd-logo.png","width":544,"height":96,"caption":"DonadonSDD Srl"},"image":{"@id":"https:\/\/www.donadonsdd.com\/it\/#\/schema\/logo\/image\/"}}]}},"toolset-meta":{"toolset-woocommerce-fields":{"_download_limit":{"type":"numeric","raw":""},"_virtual":{"type":"checkbox","raw":""},"_downloadable":{"type":"checkbox","raw":""},"_download_expiry":{"type":"numeric","raw":""},"_download_type":{"type":"radio","raw":""},"_regular_price":{"type":"numeric","raw":""},"_sale_price":{"type":"numeric","raw":""},"_sale_price_dates_from":{"type":"date","raw":"","formatted":null},"_sale_price_dates_to":{"type":"date","raw":"","formatted":null},"_sku":{"type":"textfield","raw":""},"_manage_stock":{"type":"checkbox","raw":""},"_stock_status":{"type":"radio","raw":""},"_stock":{"type":"numeric","raw":""},"_backorders":{"type":"radio","raw":""},"_sold_individually":{"type":"checkbox","raw":""},"_width":{"type":"numeric","raw":""},"_weight":{"type":"numeric","raw":""},"_length":{"type":"numeric","raw":""},"_purchase_note":{"type":"textarea","raw":""}},"infografica":{"operation-ratio":{"type":"textfield","raw":"fino all'80%"},"non-fragmenting":{"type":"textfield","raw":"s\u00ec (solo membrana)"},"vacumm-resistant":{"type":"textfield","raw":"S\u00ec, \u00e8 necessario un supporto per il vuoto"},"sanitary":{"type":"textfield","raw":"no"},"liquid":{"type":"textfield","raw":"S\u00ec"},"vapor-gas":{"type":"textfield","raw":"S\u00ec"},"ferrules":{"type":"textfield","raw":""}},"dettagli-prodotto":{"immagini-prodotto":{"type":"image","raw":["https:\/\/www.donadonsdd.com\/wp-content\/uploads\/2025\/12\/donadon-50_result.webp","https:\/\/www.donadonsdd.com\/wp-content\/uploads\/2025\/12\/donadon-51_result.webp"],"repeatable":[{"raw":"https:\/\/www.donadonsdd.com\/wp-content\/uploads\/2025\/12\/donadon-50_result.webp","attachment_id":6387},{"raw":"https:\/\/www.donadonsdd.com\/wp-content\/uploads\/2025\/12\/donadon-51_result.webp","attachment_id":6388}]},"tabella-specifiche":{"type":"wysiwyg","raw":"<p class=\"p1\">MODELLO | DCD;\nMATERIALI | Acciaio inossidabile, Lega 201, Lega 400, Lega 600, Lega 625, Lega C276, Titanio;\nMEMBRANA DI GUARNIZIONE | Disponibile in PTFE o PFA;\nDIMENSIONI | Da DN25 (1 pollice) a DN1000 (40 pollici);\nPRESSIONE DI ROTTURA | 0,01 - 100 bar g (a seconda delle dimensioni e del materiale);\nTOLLERANZA | da +\/- 5% a +\/- 40%;\nTEMPERATURA DI FUNZIONAMENTO | max 260\u00b0C (membrana in PTFE o PFA);\nFRAGMENTAZIONE | No (solo membrana);\nUSO IN COMBINAZIONE CON PSV | Adatto;\nMARGINE DI FUNZIONAMENTO | Pu\u00f2 raggiungere l'80% in base alle condizioni di servizio;\nRESISTENZA ALLA PRESSIONE DEL VUOTO | S\u00ec, \u00e8 necessario un supporto per il vuoto;\nOPZIONE DISCO A DOPPIA VIA | Disponibile, anche con due diverse pressioni impostate;\nRESISTENZA ALLA CORROSIONE | Molto bene;\nGUARNIZIONI | Disponibili in PTFE e PFA;\nHOLDER | <a href=\"https:\/\/www.donadonsdd.com\/it\/prodotto\/hia-hra\/\">HIA<\/a>, <a href=\"https:\/\/www.donadonsdd.com\/it\/prodotto\/hip-hrp\/\">HIP<\/a>, <a href=\"https:\/\/www.donadonsdd.com\/it\/prodotto\/hif-hrf\/\">HIF<\/a>;   \nSENSORE DI ROTTURA | <a href=\"https:\/\/www.donadonsdd.com\/it\/prodotti\/sensori-di-rottura\/elettrici\/\">Elettrico<\/a>, <a href=\"https:\/\/www.donadonsdd.com\/it\/prodotti\/sensori-di-rottura\/magnetici\/\">magnetico<\/a>, <a href=\"https:\/\/www.donadonsdd.com\/it\/prodotti\/sensori-di-rottura\/induttivi\/\">induttivo<\/a>, <a href=\"https:\/\/www.donadonsdd.com\/it\/prodotti\/sensori-di-rottura\/fibra-ottica\/\">ottico<\/a>;    <\/p>"}}},"_links":{"self":[{"href":"https:\/\/www.donadonsdd.com\/it\/wp-json\/wp\/v2\/product\/6383","targetHints":{"allow":["GET"]}}],"collection":[{"href":"https:\/\/www.donadonsdd.com\/it\/wp-json\/wp\/v2\/product"}],"about":[{"href":"https:\/\/www.donadonsdd.com\/it\/wp-json\/wp\/v2\/types\/product"}],"wp:featuredmedia":[{"embeddable":true,"href":"https:\/\/www.donadonsdd.com\/it\/wp-json\/wp\/v2\/media\/10311"}],"wp:attachment":[{"href":"https:\/\/www.donadonsdd.com\/it\/wp-json\/wp\/v2\/media?parent=6383"}],"wp:term":[{"taxonomy":"categoria_prodotto","embeddable":true,"href":"https:\/\/www.donadonsdd.com\/it\/wp-json\/wp\/v2\/categoria_prodotto?post=6383"}],"curies":[{"name":"wp","href":"https:\/\/api.w.org\/{rel}","templated":true}]}}