{"id":6408,"date":"2025-11-23T00:42:04","date_gmt":"2025-11-22T23:42:04","guid":{"rendered":"https:\/\/www.donadonsdd.com\/product\/dischi-di-rottura-krd-protezione-affidabile-per-gli-impianti-industriali\/"},"modified":"2026-03-01T02:16:48","modified_gmt":"2026-03-01T01:16:48","slug":"krd","status":"publish","type":"product","link":"https:\/\/www.donadonsdd.com\/it\/prodotto\/krd\/","title":{"rendered":"Dischi di rottura KRD &#8211; Protezione affidabile per gli impianti industriali"},"content":{"rendered":"<p>I dischi di rottura ad azione inversa KRD di DonadonSDD sono dispositivi di sicurezza fondamentali che proteggono il tuo impianto industriale prevenendo improvvisi aumenti di pressione.<br \/>\nI dischi di rottura ad azione inversa hanno una bombatura del disco che rimane inalterata sotto la pressione di esercizio fino a quando non viene raggiunta la pressione inversa e questo pu\u00f2 garantire una lunga durata.<br \/>\nI dischi di rottura DonadonSDD KRD incorporano una tecnologia di settore all&#8217;avanguardia e forniscono una protezione affidabile e precisa nelle applicazioni pi\u00f9 impegnative, rendendo i dischi di rottura DonadonSDD KRD la scelta migliore per la sicurezza del tuo impianto.<br \/>\nIl suo design specifico rende il KRD ideale per o\ufb00rire protezione dalla pressione alle apparecchiature in cui \u00e8 presente un liquido pieno.<\/p>\n<h2>Caratteristiche chiave e vantaggi tecnici<\/h2>\n<h3>Standard di certificazione elevati:<\/h3>\n<p>I nostri dischi KRD hanno ottenuto le pi\u00f9 alte certificazioni, tra cui ASME XIII (UD STAMP), PED 2014\/68\/UE (CE STAMP), PER 2016 UK Statutory Instruments 2016 No 1105 (UKCA STAMP), CU TR 032 (EAC STAMP).<\/p>\n<h3>Tecnologia avanzata:<\/h3>\n<p>I dischi di rottura KRD ottenuti con la nostra tecnologia brevettata Laser NS Nanoscored sono dischi ad azione inversa con sezioni calibrate micro-incise che si aprono lungo la circonferenza, riducendo il rischio di distacco dei petali.<\/p>\n<h3>Prestazioni affidabili:<\/h3>\n<p>Resiste a migliaia di cicli senza compromettere la propria affidabilit\u00e0, con rapporti fino al 95% tra la pressione di esercizio e quella di rottura.<\/p>\n<h3>Rottura rapida:<\/h3>\n<p>Il disco si rompe in pochi millisecondi e con un&#8217;apertura completa lungo una linea circonferenziale segnata sul lato a valle del disco.<\/p>\n<h3>Design versatile:<\/h3>\n<p>Adatto alla presenza di liquidi al 100%, a condizioni cicliche e pulsanti senza ridurre i margini di sicurezza.<\/p>\n<h3>Valvole di sicurezza a pressione isolanti\/non frammentanti:<\/h3>\n<p>Ideale per l&#8217;isolamento di PSV a causa di rotture lungo la linea segnata senza generare frammenti.<\/p>\n<h3>Resistente alla corrosione:<\/h3>\n<p>Ampia gamma di materiali e spessori disponibili; rivestimento in PTFE per una maggiore protezione.<\/p>\n<h3>Resistenza alle alte temperature:<\/h3>\n<p>ideale per le applicazioni con variazioni di temperatura significative, grazie alla ridotta sensibilit\u00e0 alle \ufb02uttuazioni di temperatura<\/p>\n<h3>Resistenza all&#8217;alta pressione\/vuoto:<\/h3>\n<p>Non richiede un supporto per il vuoto, evitando restrizioni nell&#8217;area di scarico; \u00e8 in grado di resistere a elevate contropressioni. Disponibile con guarnizione O-Ring per ridurre le emissioni fuggitive. <\/p>\n<h3>Caratteristiche:<\/h3>\n<ul>\n<li>Intervallo di produzione = ZERO (incluso con ASME)<\/li>\n<li>Tolleranza di scoppio\/prestazioni = +\/- 5%<\/li>\n<li>Krl (perdita di carico della velocit\u00e0 secondo ASME-Certi\ufb01) = 0,48, uno dei pi\u00f9 bassi del mercato<\/li>\n<li>Pu\u00f2 essere utilizzato in con\ufb01gurazioni a doppio disco<\/li>\n<\/ul>\n<h2>Perch\u00e9 scegliere i dischi di rottura DonadonSDD KRD?<\/h2>\n<ul>\n<li><span lang=\"en-US\">Certificato secondo i pi\u00f9 alti standard industriali per la massima sicurezza.<\/span><\/li>\n<li><span lang=\"en-US\">Intervallo di produzione = ZERO (incluso con ASME)<\/span><\/li>\n<li><span lang=\"en-US\">Krl (perdita di carico della velocit\u00e0 certificata ASME) = 0,48, uno dei pi\u00f9 bassi del mercato<\/span><\/li>\n<li><span lang=\"en-US\">Pu\u00f2 essere utilizzato in configurazioni con supporto a doppio disco.  <\/span><\/li>\n<li><span lang=\"en-US\">L&#8217;impegno per la resistenza alla corrosione e alle alte pressioni garantisce longevit\u00e0 e affidabilit\u00e0.<\/span><\/li>\n<\/ul>\n","protected":false},"excerpt":{"rendered":"<p>I dischi di rottura ad azione inversa KRD di DonadonSDD sono dispositivi di sicurezza fondamentali che proteggono il tuo impianto industriale prevenendo improvvisi aumenti di pressione. I dischi di rottura ad azione inversa hanno una bombatura del disco che rimane inalterata sotto la pressione di esercizio fino a quando non viene raggiunta la pressione inversa [&hellip;]<\/p>\n","protected":false},"featured_media":10355,"menu_order":0,"template":"","meta":{"_acf_changed":false},"categoria_prodotto":[99,83,86,79],"class_list":["post-6408","product","type-product","status-publish","has-post-thumbnail","hentry","categoria_prodotto-asme-approved","categoria_prodotto-ns-nanoscored","categoria_prodotto-reverse-acting","categoria_prodotto-rupture-discs"],"acf":[],"yoast_head":"<!-- This site is optimized with the Yoast SEO plugin v27.3 - https:\/\/yoast.com\/product\/yoast-seo-wordpress\/ -->\n<title>Disco di rottura ad azione inversa - KRD<\/title>\n<meta name=\"description\" content=\"Disco di rottura ad azione inversa per processi industriali e servizi con liquidi. Design non frammentabile con elevata resistenza ai cicli in un ampio intervallo di pressione, rapporto di funzionamento fino al 95%, conforme alle norme ASME e PED, certificato ATEX.\" \/>\n<meta name=\"robots\" content=\"index, follow, max-snippet:-1, max-image-preview:large, max-video-preview:-1\" \/>\n<link rel=\"canonical\" href=\"https:\/\/www.donadonsdd.com\/it\/prodotto\/krd\/\" \/>\n<meta property=\"og:locale\" content=\"it_IT\" \/>\n<meta property=\"og:type\" content=\"article\" \/>\n<meta property=\"og:title\" content=\"Disco di rottura ad azione inversa - KRD\" \/>\n<meta property=\"og:description\" content=\"Disco di rottura ad azione inversa per processi industriali e servizi con liquidi. Design non frammentabile con elevata resistenza ai cicli in un ampio intervallo di pressione, rapporto di funzionamento fino al 95%, conforme alle norme ASME e PED, certificato ATEX.\" \/>\n<meta property=\"og:url\" content=\"https:\/\/www.donadonsdd.com\/it\/prodotto\/krd\/\" \/>\n<meta property=\"og:site_name\" content=\"DonadonSDD Srl\" \/>\n<meta property=\"article:modified_time\" content=\"2026-03-01T01:16:48+00:00\" \/>\n<meta property=\"og:image\" content=\"https:\/\/www.donadonsdd.com\/wp-content\/uploads\/2025\/11\/donadon-76.png\" \/>\n\t<meta property=\"og:image:width\" content=\"1800\" \/>\n\t<meta property=\"og:image:height\" content=\"1200\" \/>\n\t<meta property=\"og:image:type\" content=\"image\/png\" \/>\n<meta name=\"twitter:card\" content=\"summary_large_image\" \/>\n<meta name=\"twitter:label1\" content=\"Tempo di lettura stimato\" \/>\n\t<meta name=\"twitter:data1\" content=\"2 minuto\" \/>\n<script type=\"application\/ld+json\" class=\"yoast-schema-graph\">{\"@context\":\"https:\\\/\\\/schema.org\",\"@graph\":[{\"@type\":\"WebPage\",\"@id\":\"https:\\\/\\\/www.donadonsdd.com\\\/it\\\/prodotto\\\/krd\\\/\",\"url\":\"https:\\\/\\\/www.donadonsdd.com\\\/it\\\/prodotto\\\/krd\\\/\",\"name\":\"Disco di rottura ad azione inversa - KRD\",\"isPartOf\":{\"@id\":\"https:\\\/\\\/www.donadonsdd.com\\\/it\\\/#website\"},\"primaryImageOfPage\":{\"@id\":\"https:\\\/\\\/www.donadonsdd.com\\\/it\\\/prodotto\\\/krd\\\/#primaryimage\"},\"image\":{\"@id\":\"https:\\\/\\\/www.donadonsdd.com\\\/it\\\/prodotto\\\/krd\\\/#primaryimage\"},\"thumbnailUrl\":\"https:\\\/\\\/www.donadonsdd.com\\\/wp-content\\\/uploads\\\/2025\\\/11\\\/donadon-76.png\",\"datePublished\":\"2025-11-22T23:42:04+00:00\",\"dateModified\":\"2026-03-01T01:16:48+00:00\",\"description\":\"Disco di rottura ad azione inversa per processi industriali e servizi con liquidi. Design non frammentabile con elevata resistenza ai cicli in un ampio intervallo di pressione, rapporto di funzionamento fino al 95%, conforme alle norme ASME e PED, certificato ATEX.\",\"breadcrumb\":{\"@id\":\"https:\\\/\\\/www.donadonsdd.com\\\/it\\\/prodotto\\\/krd\\\/#breadcrumb\"},\"inLanguage\":\"it-IT\",\"potentialAction\":[{\"@type\":\"ReadAction\",\"target\":[\"https:\\\/\\\/www.donadonsdd.com\\\/it\\\/prodotto\\\/krd\\\/\"]}]},{\"@type\":\"ImageObject\",\"inLanguage\":\"it-IT\",\"@id\":\"https:\\\/\\\/www.donadonsdd.com\\\/it\\\/prodotto\\\/krd\\\/#primaryimage\",\"url\":\"https:\\\/\\\/www.donadonsdd.com\\\/wp-content\\\/uploads\\\/2025\\\/11\\\/donadon-76.png\",\"contentUrl\":\"https:\\\/\\\/www.donadonsdd.com\\\/wp-content\\\/uploads\\\/2025\\\/11\\\/donadon-76.png\",\"width\":1800,\"height\":1200},{\"@type\":\"BreadcrumbList\",\"@id\":\"https:\\\/\\\/www.donadonsdd.com\\\/it\\\/prodotto\\\/krd\\\/#breadcrumb\",\"itemListElement\":[{\"@type\":\"ListItem\",\"position\":1,\"name\":\"HOMEPAGE\",\"item\":\"https:\\\/\\\/www.donadonsdd.com\\\/it\\\/\"},{\"@type\":\"ListItem\",\"position\":2,\"name\":\"Dischi di rottura KRD &#8211; Protezione affidabile per gli impianti industriali\"}]},{\"@type\":\"WebSite\",\"@id\":\"https:\\\/\\\/www.donadonsdd.com\\\/it\\\/#website\",\"url\":\"https:\\\/\\\/www.donadonsdd.com\\\/it\\\/\",\"name\":\"DonadonSDD Srl\",\"description\":\"\",\"publisher\":{\"@id\":\"https:\\\/\\\/www.donadonsdd.com\\\/it\\\/#organization\"},\"potentialAction\":[{\"@type\":\"SearchAction\",\"target\":{\"@type\":\"EntryPoint\",\"urlTemplate\":\"https:\\\/\\\/www.donadonsdd.com\\\/it\\\/?s={search_term_string}\"},\"query-input\":{\"@type\":\"PropertyValueSpecification\",\"valueRequired\":true,\"valueName\":\"search_term_string\"}}],\"inLanguage\":\"it-IT\"},{\"@type\":\"Organization\",\"@id\":\"https:\\\/\\\/www.donadonsdd.com\\\/it\\\/#organization\",\"name\":\"DonadonSDD Srl\",\"url\":\"https:\\\/\\\/www.donadonsdd.com\\\/it\\\/\",\"logo\":{\"@type\":\"ImageObject\",\"inLanguage\":\"it-IT\",\"@id\":\"https:\\\/\\\/www.donadonsdd.com\\\/it\\\/#\\\/schema\\\/logo\\\/image\\\/\",\"url\":\"https:\\\/\\\/www.donadonsdd.com\\\/wp-content\\\/uploads\\\/2025\\\/11\\\/donadonsdd-logo.png\",\"contentUrl\":\"https:\\\/\\\/www.donadonsdd.com\\\/wp-content\\\/uploads\\\/2025\\\/11\\\/donadonsdd-logo.png\",\"width\":544,\"height\":96,\"caption\":\"DonadonSDD Srl\"},\"image\":{\"@id\":\"https:\\\/\\\/www.donadonsdd.com\\\/it\\\/#\\\/schema\\\/logo\\\/image\\\/\"}}]}<\/script>\n<!-- \/ Yoast SEO plugin. -->","yoast_head_json":{"title":"Disco di rottura ad azione inversa - KRD","description":"Disco di rottura ad azione inversa per processi industriali e servizi con liquidi. Design non frammentabile con elevata resistenza ai cicli in un ampio intervallo di pressione, rapporto di funzionamento fino al 95%, conforme alle norme ASME e PED, certificato ATEX.","robots":{"index":"index","follow":"follow","max-snippet":"max-snippet:-1","max-image-preview":"max-image-preview:large","max-video-preview":"max-video-preview:-1"},"canonical":"https:\/\/www.donadonsdd.com\/it\/prodotto\/krd\/","og_locale":"it_IT","og_type":"article","og_title":"Disco di rottura ad azione inversa - KRD","og_description":"Disco di rottura ad azione inversa per processi industriali e servizi con liquidi. Design non frammentabile con elevata resistenza ai cicli in un ampio intervallo di pressione, rapporto di funzionamento fino al 95%, conforme alle norme ASME e PED, certificato ATEX.","og_url":"https:\/\/www.donadonsdd.com\/it\/prodotto\/krd\/","og_site_name":"DonadonSDD Srl","article_modified_time":"2026-03-01T01:16:48+00:00","og_image":[{"width":1800,"height":1200,"url":"https:\/\/www.donadonsdd.com\/wp-content\/uploads\/2025\/11\/donadon-76.png","type":"image\/png"}],"twitter_card":"summary_large_image","twitter_misc":{"Tempo di lettura stimato":"2 minuto"},"schema":{"@context":"https:\/\/schema.org","@graph":[{"@type":"WebPage","@id":"https:\/\/www.donadonsdd.com\/it\/prodotto\/krd\/","url":"https:\/\/www.donadonsdd.com\/it\/prodotto\/krd\/","name":"Disco di rottura ad azione inversa - KRD","isPartOf":{"@id":"https:\/\/www.donadonsdd.com\/it\/#website"},"primaryImageOfPage":{"@id":"https:\/\/www.donadonsdd.com\/it\/prodotto\/krd\/#primaryimage"},"image":{"@id":"https:\/\/www.donadonsdd.com\/it\/prodotto\/krd\/#primaryimage"},"thumbnailUrl":"https:\/\/www.donadonsdd.com\/wp-content\/uploads\/2025\/11\/donadon-76.png","datePublished":"2025-11-22T23:42:04+00:00","dateModified":"2026-03-01T01:16:48+00:00","description":"Disco di rottura ad azione inversa per processi industriali e servizi con liquidi. Design non frammentabile con elevata resistenza ai cicli in un ampio intervallo di pressione, rapporto di funzionamento fino al 95%, conforme alle norme ASME e PED, certificato ATEX.","breadcrumb":{"@id":"https:\/\/www.donadonsdd.com\/it\/prodotto\/krd\/#breadcrumb"},"inLanguage":"it-IT","potentialAction":[{"@type":"ReadAction","target":["https:\/\/www.donadonsdd.com\/it\/prodotto\/krd\/"]}]},{"@type":"ImageObject","inLanguage":"it-IT","@id":"https:\/\/www.donadonsdd.com\/it\/prodotto\/krd\/#primaryimage","url":"https:\/\/www.donadonsdd.com\/wp-content\/uploads\/2025\/11\/donadon-76.png","contentUrl":"https:\/\/www.donadonsdd.com\/wp-content\/uploads\/2025\/11\/donadon-76.png","width":1800,"height":1200},{"@type":"BreadcrumbList","@id":"https:\/\/www.donadonsdd.com\/it\/prodotto\/krd\/#breadcrumb","itemListElement":[{"@type":"ListItem","position":1,"name":"HOMEPAGE","item":"https:\/\/www.donadonsdd.com\/it\/"},{"@type":"ListItem","position":2,"name":"Dischi di rottura KRD &#8211; Protezione affidabile per gli impianti industriali"}]},{"@type":"WebSite","@id":"https:\/\/www.donadonsdd.com\/it\/#website","url":"https:\/\/www.donadonsdd.com\/it\/","name":"DonadonSDD Srl","description":"","publisher":{"@id":"https:\/\/www.donadonsdd.com\/it\/#organization"},"potentialAction":[{"@type":"SearchAction","target":{"@type":"EntryPoint","urlTemplate":"https:\/\/www.donadonsdd.com\/it\/?s={search_term_string}"},"query-input":{"@type":"PropertyValueSpecification","valueRequired":true,"valueName":"search_term_string"}}],"inLanguage":"it-IT"},{"@type":"Organization","@id":"https:\/\/www.donadonsdd.com\/it\/#organization","name":"DonadonSDD Srl","url":"https:\/\/www.donadonsdd.com\/it\/","logo":{"@type":"ImageObject","inLanguage":"it-IT","@id":"https:\/\/www.donadonsdd.com\/it\/#\/schema\/logo\/image\/","url":"https:\/\/www.donadonsdd.com\/wp-content\/uploads\/2025\/11\/donadonsdd-logo.png","contentUrl":"https:\/\/www.donadonsdd.com\/wp-content\/uploads\/2025\/11\/donadonsdd-logo.png","width":544,"height":96,"caption":"DonadonSDD Srl"},"image":{"@id":"https:\/\/www.donadonsdd.com\/it\/#\/schema\/logo\/image\/"}}]}},"toolset-meta":{"toolset-woocommerce-fields":{"_download_limit":{"type":"numeric","raw":""},"_virtual":{"type":"checkbox","raw":""},"_downloadable":{"type":"checkbox","raw":""},"_download_expiry":{"type":"numeric","raw":""},"_download_type":{"type":"radio","raw":""},"_regular_price":{"type":"numeric","raw":""},"_sale_price":{"type":"numeric","raw":""},"_sale_price_dates_from":{"type":"date","raw":"","formatted":null},"_sale_price_dates_to":{"type":"date","raw":"","formatted":null},"_sku":{"type":"textfield","raw":""},"_manage_stock":{"type":"checkbox","raw":""},"_stock_status":{"type":"radio","raw":""},"_stock":{"type":"numeric","raw":""},"_backorders":{"type":"radio","raw":""},"_sold_individually":{"type":"checkbox","raw":""},"_width":{"type":"numeric","raw":""},"_weight":{"type":"numeric","raw":""},"_length":{"type":"numeric","raw":""},"_purchase_note":{"type":"textarea","raw":""}},"infografica":{"operation-ratio":{"type":"textfield","raw":"fino al 95%"},"non-fragmenting":{"type":"textfield","raw":"S\u00ec"},"vacumm-resistant":{"type":"textfield","raw":"S\u00ec"},"sanitary":{"type":"textfield","raw":"no"},"liquid":{"type":"textfield","raw":"S\u00ec"},"vapor-gas":{"type":"textfield","raw":"S\u00ec"},"ferrules":{"type":"textfield","raw":""}},"dettagli-prodotto":{"immagini-prodotto":{"type":"image","raw":["https:\/\/www.donadonsdd.com\/wp-content\/uploads\/2025\/11\/donadon-76_result.webp","https:\/\/www.donadonsdd.com\/wp-content\/uploads\/2025\/11\/donadon-77_result.webp"],"repeatable":[{"raw":"https:\/\/www.donadonsdd.com\/wp-content\/uploads\/2025\/11\/donadon-76_result.webp","attachment_id":885},{"raw":"https:\/\/www.donadonsdd.com\/wp-content\/uploads\/2025\/11\/donadon-77_result.webp","attachment_id":6410}]},"tabella-specifiche":{"type":"wysiwyg","raw":"<p class=\"p1\">MODELLO|KRD;\nMATERIALI|Acciaio inossidabile, Lega 201, Lega 400, Lega 600, Lega 625, Lega C276, Titanio;\nDIMENSIONI|DN 1\/2\"(15) - DN 36\"(900);\nPRESSIONE DI ROTTURA|0,1 - 137 bar g (a seconda delle dimensioni e del materiale);\nKR L|0,48;\nTOLLERANZA|da +\/- 5% a +\/- 20%;\nTEMPERATURA DI FUNZIONAMENTO|Da - 196\u00b0C fino a 600\u00b0C;\nFRAGMENTAZIONE|No;\nUSO IN COMBINAZIONE CON PSV|Adatto;\nMARGINE DI FUNZIONAMENTO|90% - Pu\u00f2 raggiungere il 95% in base alle condizioni di servizio;\nRESISTENZA ALLA PRESSIONE DEL VUOTO|S\u00ec, autoportante in condizioni di vuoto;\nRESISTENZA ALLA CORROSIONE|Molto buona;\nLININGS|Disponibili in PTFE e PFA;\nHOLDER| <a href=\"https:\/\/www.donadonsdd.com\/it\/prodotto\/hia-hra\/\">HRA<\/a>, <a href=\"https:\/\/www.donadonsdd.com\/it\/prodotto\/hip-hrp\/\">HRP<\/a>, <a href=\"https:\/\/www.donadonsdd.com\/it\/prodotto\/hif-hrf\/\">HRF<\/a>;  \nSENSORE DI ROTTURA| <a href=\"https:\/\/www.donadonsdd.com\/it\/prodotti\/sensori-di-rottura\/elettrici\/\">Elettrico<\/a>, <a href=\"https:\/\/www.donadonsdd.com\/it\/prodotti\/sensori-di-rottura\/magnetici\/\">magnetico<\/a>, <a href=\"https:\/\/www.donadonsdd.com\/it\/prodotti\/sensori-di-rottura\/induttivi\/\">induttivo<\/a>;  <\/p>"}}},"_links":{"self":[{"href":"https:\/\/www.donadonsdd.com\/it\/wp-json\/wp\/v2\/product\/6408","targetHints":{"allow":["GET"]}}],"collection":[{"href":"https:\/\/www.donadonsdd.com\/it\/wp-json\/wp\/v2\/product"}],"about":[{"href":"https:\/\/www.donadonsdd.com\/it\/wp-json\/wp\/v2\/types\/product"}],"wp:featuredmedia":[{"embeddable":true,"href":"https:\/\/www.donadonsdd.com\/it\/wp-json\/wp\/v2\/media\/10355"}],"wp:attachment":[{"href":"https:\/\/www.donadonsdd.com\/it\/wp-json\/wp\/v2\/media?parent=6408"}],"wp:term":[{"taxonomy":"categoria_prodotto","embeddable":true,"href":"https:\/\/www.donadonsdd.com\/it\/wp-json\/wp\/v2\/categoria_prodotto?post=6408"}],"curies":[{"name":"wp","href":"https:\/\/api.w.org\/{rel}","templated":true}]}}