{"id":6465,"date":"2025-12-08T01:15:20","date_gmt":"2025-12-08T00:15:20","guid":{"rendered":"https:\/\/www.donadonsdd.com\/product\/dischi-di-rottura-y90-protezione-affidabile-dalla-pressione-per-gli-impianti-industriali\/"},"modified":"2026-03-01T02:06:59","modified_gmt":"2026-03-01T01:06:59","slug":"y90","status":"publish","type":"product","link":"https:\/\/www.donadonsdd.com\/it\/prodotto\/y90\/","title":{"rendered":"Dischi di rottura Y90 &#8211; Protezione affidabile dalla pressione per gli impianti industriali"},"content":{"rendered":"<p>I dischi di rottura DonadonSDD Y90 ad azione inversa sono dispositivi di sicurezza progettati specificamente per essere impostati a pressioni di scoppio molto basse, per evitare che improvvise variazioni di pressione danneggino gli impianti industriali.<br \/>\nI dischi di rottura ad azione inversa hanno una bombatura del disco che rimane inalterata sotto la pressione di esercizio fino a quando non viene raggiunta la pressione inversa e questo pu\u00f2 garantire una lunga durata.<br \/>\nI dischi di rottura DonadonSDD Y90 utilizzano una tecnologia di settore avanzata e forniscono una protezione affidabile e precisa nelle applicazioni pi\u00f9 impegnative, rendendo i dischi di rottura DonadonSDD Y90 la scelta migliore per la sicurezza del tuo impianto.<\/p>\n<h2>Caratteristiche chiave e vantaggi tecnici<\/h2>\n<h3>Standard di certificazione elevati:<\/h3>\n<p>I nostri dischi di rottura Y90 hanno ottenuto le pi\u00f9 alte certificazioni, tra cui PED 2014\/68\/UE (CE STAMP), ATEX EX II 2 GD (CE STAMP), PER 2016 UK Statutory Instruments 2016 No 1105 (UKCA STAMP) e CU TR 032 (EAC STAMP).<\/p>\n<h3>Tecnologia avanzata:<\/h3>\n<p>I dischi di rottura Y90 ottenuti con la nostra tecnologia brevettata Laser NS NanoScored sono dischi ad azione inversa con apertura di sezione calibrata microscalata lungo la circonferenza, riducendo il rischio di distacco dei petali.<\/p>\n<h3>Prestazioni affidabili:<\/h3>\n<p>Resiste a migliaia di cicli senza compromettere la propria affidabilit\u00e0, con rapporti fino al 95% tra la pressione di esercizio e quella di rottura.<\/p>\n<h3>Rottura rapida:<\/h3>\n<p>Anche se sono impostati a una pressione molto bassa, i dischi si rompono in pochi millisecondi e con un&#8217;apertura completa lungo una linea circonferenziale segnata sul lato a valle del disco.<\/p>\n<h3>Design versatile:<\/h3>\n<p>Adatto all&#8217;uso con gas e liquidi (con la presenza di un volume minimo di vapore libero), a condizioni cicliche e pulsanti senza ridurre i margini di sicurezza.<\/p>\n<h3>Valvole di sicurezza a pressione isolanti\/non frammentanti:<\/h3>\n<p>Utile per l&#8217;isolamento delle valvole di sicurezza a pressione a causa di rotture lungo la linea segnata, senza generare frammenti.<\/p>\n<h3>Ampia gamma di materiali e spessori disponibili:<\/h3>\n<p>Rivestimento in PTFE o PFA (approvato dalla FDA) disponibile per una maggiore protezione.<\/p>\n<h3>Resistenza alla temperatura:<\/h3>\n<p>Ideale per le applicazioni con notevoli variazioni di temperatura grazie alla ridotta sensibilit\u00e0 alle fluttuazioni termiche.<\/p>\n<h3>Resistenza all&#8217;alta pressione\/vuoto:<\/h3>\n<p>Non richiede un supporto per il vuoto, evitando restrizioni nell&#8217;area di scarico; \u00e8 in grado di resistere a elevate contropressioni. La guarnizione O-Ring \u00e8 disponibile sui supporti per ridurre le emissioni di gas di scarico.<\/p>\n<h2>Perch\u00e9 scegliere i dischi di rottura DonadonSDD Y90?<\/h2>\n<ul>\n<li>  Certificato secondo i pi\u00f9 alti standard industriali per la massima sicurezza.<\/li>\n<li>La bassa pressione di scoppio rende l&#8217;Y90 ideale per limitare la pressione delle apparecchiature in cui non \u00e8 richiesta la conformit\u00e0 alla legislazione sulle apparecchiature a pressione.<\/li>\n<li>La tecnologia avanzata e le prestazioni affidabili garantiscono una protezione della pressione precisa e affidabile.<\/li>\n<li>Il design versatile li rende adatti a un&#8217;ampia gamma di applicazioni e condizioni.<\/li>\n<\/ul>\n","protected":false},"excerpt":{"rendered":"<p>I dischi di rottura DonadonSDD Y90 ad azione inversa sono dispositivi di sicurezza progettati specificamente per essere impostati a pressioni di scoppio molto basse, per evitare che improvvise variazioni di pressione danneggino gli impianti industriali. I dischi di rottura ad azione inversa hanno una bombatura del disco che rimane inalterata sotto la pressione di esercizio [&hellip;]<\/p>\n","protected":false},"featured_media":10351,"menu_order":0,"template":"","meta":{"_acf_changed":false},"categoria_prodotto":[83,86,79],"class_list":["post-6465","product","type-product","status-publish","has-post-thumbnail","hentry","categoria_prodotto-ns-nanoscored","categoria_prodotto-reverse-acting","categoria_prodotto-rupture-discs"],"acf":[],"yoast_head":"<!-- This site is optimized with the Yoast SEO plugin v27.3 - https:\/\/yoast.com\/product\/yoast-seo-wordpress\/ -->\n<title>Disco di rottura a inversione - Y90<\/title>\n<meta name=\"description\" content=\"Disco di rottura ad azione inversa per impieghi industriali e cicli di pressione. Alta precisione di scoppio e lunga durata, progettato per pressioni di scoppio molto basse, rapporto di funzionamento fino al 95%, certificato PED e ATEX.\" \/>\n<meta name=\"robots\" content=\"index, follow, max-snippet:-1, max-image-preview:large, max-video-preview:-1\" \/>\n<link rel=\"canonical\" href=\"https:\/\/www.donadonsdd.com\/it\/prodotto\/y90\/\" \/>\n<meta property=\"og:locale\" content=\"it_IT\" \/>\n<meta property=\"og:type\" content=\"article\" \/>\n<meta property=\"og:title\" content=\"Disco di rottura a inversione - Y90\" \/>\n<meta property=\"og:description\" content=\"Disco di rottura ad azione inversa per impieghi industriali e cicli di pressione. Alta precisione di scoppio e lunga durata, progettato per pressioni di scoppio molto basse, rapporto di funzionamento fino al 95%, certificato PED e ATEX.\" \/>\n<meta property=\"og:url\" content=\"https:\/\/www.donadonsdd.com\/it\/prodotto\/y90\/\" \/>\n<meta property=\"og:site_name\" content=\"DonadonSDD Srl\" \/>\n<meta property=\"article:modified_time\" content=\"2026-03-01T01:06:59+00:00\" \/>\n<meta property=\"og:image\" content=\"https:\/\/www.donadonsdd.com\/wp-content\/uploads\/2025\/12\/donadon-67.png\" \/>\n\t<meta property=\"og:image:width\" content=\"1800\" \/>\n\t<meta property=\"og:image:height\" content=\"1200\" \/>\n\t<meta property=\"og:image:type\" content=\"image\/png\" \/>\n<meta name=\"twitter:card\" content=\"summary_large_image\" \/>\n<meta name=\"twitter:label1\" content=\"Tempo di lettura stimato\" \/>\n\t<meta name=\"twitter:data1\" content=\"2 minuto\" \/>\n<script type=\"application\/ld+json\" class=\"yoast-schema-graph\">{\"@context\":\"https:\\\/\\\/schema.org\",\"@graph\":[{\"@type\":\"WebPage\",\"@id\":\"https:\\\/\\\/www.donadonsdd.com\\\/it\\\/prodotto\\\/y90\\\/\",\"url\":\"https:\\\/\\\/www.donadonsdd.com\\\/it\\\/prodotto\\\/y90\\\/\",\"name\":\"Disco di rottura a inversione - Y90\",\"isPartOf\":{\"@id\":\"https:\\\/\\\/www.donadonsdd.com\\\/it\\\/#website\"},\"primaryImageOfPage\":{\"@id\":\"https:\\\/\\\/www.donadonsdd.com\\\/it\\\/prodotto\\\/y90\\\/#primaryimage\"},\"image\":{\"@id\":\"https:\\\/\\\/www.donadonsdd.com\\\/it\\\/prodotto\\\/y90\\\/#primaryimage\"},\"thumbnailUrl\":\"https:\\\/\\\/www.donadonsdd.com\\\/wp-content\\\/uploads\\\/2025\\\/12\\\/donadon-67.png\",\"datePublished\":\"2025-12-08T00:15:20+00:00\",\"dateModified\":\"2026-03-01T01:06:59+00:00\",\"description\":\"Disco di rottura ad azione inversa per impieghi industriali e cicli di pressione. Alta precisione di scoppio e lunga durata, progettato per pressioni di scoppio molto basse, rapporto di funzionamento fino al 95%, certificato PED e ATEX.\",\"breadcrumb\":{\"@id\":\"https:\\\/\\\/www.donadonsdd.com\\\/it\\\/prodotto\\\/y90\\\/#breadcrumb\"},\"inLanguage\":\"it-IT\",\"potentialAction\":[{\"@type\":\"ReadAction\",\"target\":[\"https:\\\/\\\/www.donadonsdd.com\\\/it\\\/prodotto\\\/y90\\\/\"]}]},{\"@type\":\"ImageObject\",\"inLanguage\":\"it-IT\",\"@id\":\"https:\\\/\\\/www.donadonsdd.com\\\/it\\\/prodotto\\\/y90\\\/#primaryimage\",\"url\":\"https:\\\/\\\/www.donadonsdd.com\\\/wp-content\\\/uploads\\\/2025\\\/12\\\/donadon-67.png\",\"contentUrl\":\"https:\\\/\\\/www.donadonsdd.com\\\/wp-content\\\/uploads\\\/2025\\\/12\\\/donadon-67.png\",\"width\":1800,\"height\":1200},{\"@type\":\"BreadcrumbList\",\"@id\":\"https:\\\/\\\/www.donadonsdd.com\\\/it\\\/prodotto\\\/y90\\\/#breadcrumb\",\"itemListElement\":[{\"@type\":\"ListItem\",\"position\":1,\"name\":\"HOMEPAGE\",\"item\":\"https:\\\/\\\/www.donadonsdd.com\\\/it\\\/\"},{\"@type\":\"ListItem\",\"position\":2,\"name\":\"Dischi di rottura Y90 &#8211; Protezione affidabile dalla pressione per gli impianti industriali\"}]},{\"@type\":\"WebSite\",\"@id\":\"https:\\\/\\\/www.donadonsdd.com\\\/it\\\/#website\",\"url\":\"https:\\\/\\\/www.donadonsdd.com\\\/it\\\/\",\"name\":\"DonadonSDD Srl\",\"description\":\"\",\"publisher\":{\"@id\":\"https:\\\/\\\/www.donadonsdd.com\\\/it\\\/#organization\"},\"potentialAction\":[{\"@type\":\"SearchAction\",\"target\":{\"@type\":\"EntryPoint\",\"urlTemplate\":\"https:\\\/\\\/www.donadonsdd.com\\\/it\\\/?s={search_term_string}\"},\"query-input\":{\"@type\":\"PropertyValueSpecification\",\"valueRequired\":true,\"valueName\":\"search_term_string\"}}],\"inLanguage\":\"it-IT\"},{\"@type\":\"Organization\",\"@id\":\"https:\\\/\\\/www.donadonsdd.com\\\/it\\\/#organization\",\"name\":\"DonadonSDD Srl\",\"url\":\"https:\\\/\\\/www.donadonsdd.com\\\/it\\\/\",\"logo\":{\"@type\":\"ImageObject\",\"inLanguage\":\"it-IT\",\"@id\":\"https:\\\/\\\/www.donadonsdd.com\\\/it\\\/#\\\/schema\\\/logo\\\/image\\\/\",\"url\":\"https:\\\/\\\/www.donadonsdd.com\\\/wp-content\\\/uploads\\\/2025\\\/11\\\/donadonsdd-logo.png\",\"contentUrl\":\"https:\\\/\\\/www.donadonsdd.com\\\/wp-content\\\/uploads\\\/2025\\\/11\\\/donadonsdd-logo.png\",\"width\":544,\"height\":96,\"caption\":\"DonadonSDD Srl\"},\"image\":{\"@id\":\"https:\\\/\\\/www.donadonsdd.com\\\/it\\\/#\\\/schema\\\/logo\\\/image\\\/\"}}]}<\/script>\n<!-- \/ Yoast SEO plugin. -->","yoast_head_json":{"title":"Disco di rottura a inversione - Y90","description":"Disco di rottura ad azione inversa per impieghi industriali e cicli di pressione. Alta precisione di scoppio e lunga durata, progettato per pressioni di scoppio molto basse, rapporto di funzionamento fino al 95%, certificato PED e ATEX.","robots":{"index":"index","follow":"follow","max-snippet":"max-snippet:-1","max-image-preview":"max-image-preview:large","max-video-preview":"max-video-preview:-1"},"canonical":"https:\/\/www.donadonsdd.com\/it\/prodotto\/y90\/","og_locale":"it_IT","og_type":"article","og_title":"Disco di rottura a inversione - Y90","og_description":"Disco di rottura ad azione inversa per impieghi industriali e cicli di pressione. Alta precisione di scoppio e lunga durata, progettato per pressioni di scoppio molto basse, rapporto di funzionamento fino al 95%, certificato PED e ATEX.","og_url":"https:\/\/www.donadonsdd.com\/it\/prodotto\/y90\/","og_site_name":"DonadonSDD Srl","article_modified_time":"2026-03-01T01:06:59+00:00","og_image":[{"width":1800,"height":1200,"url":"https:\/\/www.donadonsdd.com\/wp-content\/uploads\/2025\/12\/donadon-67.png","type":"image\/png"}],"twitter_card":"summary_large_image","twitter_misc":{"Tempo di lettura stimato":"2 minuto"},"schema":{"@context":"https:\/\/schema.org","@graph":[{"@type":"WebPage","@id":"https:\/\/www.donadonsdd.com\/it\/prodotto\/y90\/","url":"https:\/\/www.donadonsdd.com\/it\/prodotto\/y90\/","name":"Disco di rottura a inversione - Y90","isPartOf":{"@id":"https:\/\/www.donadonsdd.com\/it\/#website"},"primaryImageOfPage":{"@id":"https:\/\/www.donadonsdd.com\/it\/prodotto\/y90\/#primaryimage"},"image":{"@id":"https:\/\/www.donadonsdd.com\/it\/prodotto\/y90\/#primaryimage"},"thumbnailUrl":"https:\/\/www.donadonsdd.com\/wp-content\/uploads\/2025\/12\/donadon-67.png","datePublished":"2025-12-08T00:15:20+00:00","dateModified":"2026-03-01T01:06:59+00:00","description":"Disco di rottura ad azione inversa per impieghi industriali e cicli di pressione. Alta precisione di scoppio e lunga durata, progettato per pressioni di scoppio molto basse, rapporto di funzionamento fino al 95%, certificato PED e ATEX.","breadcrumb":{"@id":"https:\/\/www.donadonsdd.com\/it\/prodotto\/y90\/#breadcrumb"},"inLanguage":"it-IT","potentialAction":[{"@type":"ReadAction","target":["https:\/\/www.donadonsdd.com\/it\/prodotto\/y90\/"]}]},{"@type":"ImageObject","inLanguage":"it-IT","@id":"https:\/\/www.donadonsdd.com\/it\/prodotto\/y90\/#primaryimage","url":"https:\/\/www.donadonsdd.com\/wp-content\/uploads\/2025\/12\/donadon-67.png","contentUrl":"https:\/\/www.donadonsdd.com\/wp-content\/uploads\/2025\/12\/donadon-67.png","width":1800,"height":1200},{"@type":"BreadcrumbList","@id":"https:\/\/www.donadonsdd.com\/it\/prodotto\/y90\/#breadcrumb","itemListElement":[{"@type":"ListItem","position":1,"name":"HOMEPAGE","item":"https:\/\/www.donadonsdd.com\/it\/"},{"@type":"ListItem","position":2,"name":"Dischi di rottura Y90 &#8211; Protezione affidabile dalla pressione per gli impianti industriali"}]},{"@type":"WebSite","@id":"https:\/\/www.donadonsdd.com\/it\/#website","url":"https:\/\/www.donadonsdd.com\/it\/","name":"DonadonSDD Srl","description":"","publisher":{"@id":"https:\/\/www.donadonsdd.com\/it\/#organization"},"potentialAction":[{"@type":"SearchAction","target":{"@type":"EntryPoint","urlTemplate":"https:\/\/www.donadonsdd.com\/it\/?s={search_term_string}"},"query-input":{"@type":"PropertyValueSpecification","valueRequired":true,"valueName":"search_term_string"}}],"inLanguage":"it-IT"},{"@type":"Organization","@id":"https:\/\/www.donadonsdd.com\/it\/#organization","name":"DonadonSDD Srl","url":"https:\/\/www.donadonsdd.com\/it\/","logo":{"@type":"ImageObject","inLanguage":"it-IT","@id":"https:\/\/www.donadonsdd.com\/it\/#\/schema\/logo\/image\/","url":"https:\/\/www.donadonsdd.com\/wp-content\/uploads\/2025\/11\/donadonsdd-logo.png","contentUrl":"https:\/\/www.donadonsdd.com\/wp-content\/uploads\/2025\/11\/donadonsdd-logo.png","width":544,"height":96,"caption":"DonadonSDD Srl"},"image":{"@id":"https:\/\/www.donadonsdd.com\/it\/#\/schema\/logo\/image\/"}}]}},"toolset-meta":{"toolset-woocommerce-fields":{"_download_limit":{"type":"numeric","raw":""},"_virtual":{"type":"checkbox","raw":""},"_downloadable":{"type":"checkbox","raw":""},"_download_expiry":{"type":"numeric","raw":""},"_download_type":{"type":"radio","raw":""},"_regular_price":{"type":"numeric","raw":""},"_sale_price":{"type":"numeric","raw":""},"_sale_price_dates_from":{"type":"date","raw":"","formatted":null},"_sale_price_dates_to":{"type":"date","raw":"","formatted":null},"_sku":{"type":"textfield","raw":""},"_manage_stock":{"type":"checkbox","raw":""},"_stock_status":{"type":"radio","raw":""},"_stock":{"type":"numeric","raw":""},"_backorders":{"type":"radio","raw":""},"_sold_individually":{"type":"checkbox","raw":""},"_width":{"type":"numeric","raw":""},"_weight":{"type":"numeric","raw":""},"_length":{"type":"numeric","raw":""},"_purchase_note":{"type":"textarea","raw":""}},"infografica":{"operation-ratio":{"type":"textfield","raw":"fino al 95%"},"non-fragmenting":{"type":"textfield","raw":"S\u00ec"},"vacumm-resistant":{"type":"textfield","raw":"S\u00ec"},"sanitary":{"type":"textfield","raw":"no"},"liquid":{"type":"textfield","raw":"s\u00ec, con la presenza di un volume minimo di vapore libero"},"vapor-gas":{"type":"textfield","raw":"S\u00ec"},"ferrules":{"type":"textfield","raw":""}},"dettagli-prodotto":{"immagini-prodotto":{"type":"image","raw":["https:\/\/www.donadonsdd.com\/wp-content\/uploads\/2025\/12\/donadon-67_result.webp","https:\/\/www.donadonsdd.com\/wp-content\/uploads\/2025\/12\/donadon-66_result.webp"],"repeatable":[{"raw":"https:\/\/www.donadonsdd.com\/wp-content\/uploads\/2025\/12\/donadon-67_result.webp","attachment_id":6467},{"raw":"https:\/\/www.donadonsdd.com\/wp-content\/uploads\/2025\/12\/donadon-66_result.webp","attachment_id":6466}]},"tabella-specifiche":{"type":"wysiwyg","raw":"<p class=\"p1\">MODELLO|Y90;\nMATERIALI|Acciaio inossidabile, Lega 201, Lega 400, Lega 600, Lega 625, Lega C276, Titanio;\nDIMENSIONI|Dal DN15 (\u00bd pollice) al DN900 (36 pollici);\nPRESSIONE DI ROTTURA|0,1 - 80 bar g (a seconda delle dimensioni e del materiale);\nTOLLERANZA|da +\/- 5% a +\/- 20%;\nTEMPERATURA DI FUNZIONAMENTO|Da - 196\u00b0C fino a 600\u00b0C;\nFRAGMENTAZIONE|No;\nUSO IN COMBINAZIONE CON PSV|Adatto;\nMARGINE DI FUNZIONAMENTO|90% - Pu\u00f2 raggiungere il 95% in base alle condizioni di servizio;\nRESISTENZA ALLA PRESSIONE DEL VUOTO|S\u00ec, autoportante in condizioni di vuoto;\nRESISTENZA ALLA CORROSIONE|Molto buona;\nLININGS|Disponibili in PTFE e PFA;\nHOLDER| <a href=\"https:\/\/www.donadonsdd.com\/it\/prodotto\/hia-hra\/\">HRA<\/a>, <a href=\"https:\/\/www.donadonsdd.com\/it\/prodotto\/hip-hrp\/\">HRP<\/a>, <a href=\"https:\/\/www.donadonsdd.com\/it\/prodotto\/hif-hrf\/\">HRF<\/a>;  \nSENSORE DI ROTTURA| <a href=\"https:\/\/www.donadonsdd.com\/it\/prodotti\/sensori-di-rottura\/elettrici\/\">Elettrico<\/a>, <a href=\"https:\/\/www.donadonsdd.com\/it\/prodotti\/sensori-di-rottura\/magnetici\/\">magnetico<\/a>, <a href=\"https:\/\/www.donadonsdd.com\/it\/prodotti\/sensori-di-rottura\/induttivi\/\">induttivo<\/a>;  <\/p>"}}},"_links":{"self":[{"href":"https:\/\/www.donadonsdd.com\/it\/wp-json\/wp\/v2\/product\/6465","targetHints":{"allow":["GET"]}}],"collection":[{"href":"https:\/\/www.donadonsdd.com\/it\/wp-json\/wp\/v2\/product"}],"about":[{"href":"https:\/\/www.donadonsdd.com\/it\/wp-json\/wp\/v2\/types\/product"}],"wp:featuredmedia":[{"embeddable":true,"href":"https:\/\/www.donadonsdd.com\/it\/wp-json\/wp\/v2\/media\/10351"}],"wp:attachment":[{"href":"https:\/\/www.donadonsdd.com\/it\/wp-json\/wp\/v2\/media?parent=6465"}],"wp:term":[{"taxonomy":"categoria_prodotto","embeddable":true,"href":"https:\/\/www.donadonsdd.com\/it\/wp-json\/wp\/v2\/categoria_prodotto?post=6465"}],"curies":[{"name":"wp","href":"https:\/\/api.w.org\/{rel}","templated":true}]}}