{"id":6480,"date":"2025-12-10T00:25:58","date_gmt":"2025-12-09T23:25:58","guid":{"rendered":"https:\/\/www.donadonsdd.com\/product\/dischi-di-rottura-sanitari-scr-protezione-avanzata-dalla-pressione-per-le-industrie-igieniche\/"},"modified":"2026-04-24T14:48:34","modified_gmt":"2026-04-24T12:48:34","slug":"scr-sanitary","status":"publish","type":"product","link":"https:\/\/www.donadonsdd.com\/it\/prodotto\/scr-sanitary\/","title":{"rendered":"Dischi di rottura sanitari SCR &#8211; Protezione avanzata dalla pressione per le industrie igieniche"},"content":{"rendered":"<p>I dischi di rottura SCR ad azione inversa di DonadonSDD sono dispositivi di sicurezza essenziali che impediscono alle improvvise variazioni di pressione di danneggiare gli impianti industriali.<br \/>\nI dischi di rottura ad azione inversa hanno una bombatura del disco che rimane inalterata sotto la pressione di esercizio fino a quando non viene raggiunta la pressione inversa e questo pu\u00f2 garantire una lunga durata.<br \/>\nI dischi di rottura SCR di DonadonSDD utilizzano una tecnologia settoriale avanzata e forniscono prestazioni e affidabilit\u00e0 migliorate per offrire una protezione precisa nelle applicazioni pi\u00f9 rischiose, rendendo i dischi di rottura SCR di DonadonSDD la scelta migliore per la sicurezza del tuo impianto.<\/p>\n<h2>Caratteristiche chiave e vantaggi tecnici<\/h2>\n<h3>Applicazioni igieniche:<\/h3>\n<p>Progettato per soddisfare gli standard di alta qualit\u00e0 richiesti da 3-A SSI, GMP e MOCA per garantire la salute pubblica attraverso attrezzature igieniche.<\/p>\n<h3>Superficie liscia:<\/h3>\n<p>Finitura superficiale liscia (0,2&lt;Ra&lt;0,4 micron) lo rende particolarmente adatto ai trattamenti C.I.P. e S.I.P. per mantenere le condizioni di asetticit\u00e0.<\/p>\n<h3>Guarnizioni certificate FDA:<\/h3>\n<p>Guarnizioni in PTFE certificate in conformit\u00e0 alle normative FDA e USP classe VI, 3-A e Eu 10\/2011 per una facile installazione nei raccordi Clamp (sanitari, Tri-Clamp, Tank Connection).<\/p>\n<h3>Standard di certificazione elevati:<\/h3>\n<p>I nostri dischi SCR sono certificati secondo gli standard pi\u00f9 elevati, tra cui ASME XIII (UD STAMP), PED 2014\/68\/UE (CE STAMP), ATEX EX II 2 GD (CE STAMP), PER 2016 UK Statutory Instruments 2016 No 1105 (UKCA STAMP), CU TR 032 (EAC STAMP).<\/p>\n<h3>Tecnologia avanzata:<\/h3>\n<p>I dischi di rottura SCR ottenuti con la nostra tecnologia brevettata Laser NS NanoScored sono dischi ad azione inversa con sezioni calibrate micro-segnate che si aprono a petali, riducendo il rischio di distacco dei petali.<\/p>\n<h3>Ampia gamma di materiali e spessori disponibili:<\/h3>\n<p>Rivestimento in PTFE o PFA (approvato dalla FDA) disponibile per una maggiore protezione.<\/p>\n<h3>Prestazioni affidabili:<\/h3>\n<p>Resiste a migliaia di cicli senza compromettere la propria affidabilit\u00e0, con rapporti fino al 95% tra la pressione di esercizio e quella di rottura.<\/p>\n<h3>Rottura rapida non frammentaria:<\/h3>\n<p>Il disco si apre completamente in pochi millisecondi lungo le linee dei petali segnate sul lato a valle del disco, impedendo cos\u00ec la formazione di frammenti.<\/p>\n<h3>Design versatile:<\/h3>\n<p>\u00c8 adatto sia per alte che per basse pressioni di scoppio; pu\u00f2 essere utilizzato con gas e liquidi (con la presenza di un volume minimo di vapore libero), in condizioni cicliche e pulsanti senza ridurre i margini di sicurezza.<\/p>\n<h3>Resistente all&#8217;alta pressione e al vuoto:<\/h3>\n<p>Non richiede un supporto per il vuoto, evitando restrizioni nell&#8217;area di scarico; \u00e8 in grado di resistere a elevate contropressioni.<\/p>\n<h2>Perch\u00e9 scegliere i dischi di rottura DonadonSDD SCR?<\/h2>\n<ul>\n<li>Certificata secondo gli standard pi\u00f9 elevati, garantisce prestazioni e affidabilit\u00e0 al top.<\/li>\n<li>Design all&#8217;avanguardia: Particolarmente adatto all&#8217;industria farmaceutica, alimentare e delle biotecnologie, rappresenta l&#8217;avanguardia per questi settori.<\/li>\n<li>Realizzato con materiali di alta qualit\u00e0 per garantire durata e condizioni asettiche.<\/li>\n<li>Installazione semplice grazie alle guarnizioni in PTFE certificate.<\/li>\n<li>Krg (perdita di carico della velocit\u00e0 certificata ASME) = 0,48, una delle pi\u00f9 basse del mercato.<\/li>\n<\/ul>\n","protected":false},"excerpt":{"rendered":"<p>I dischi di rottura SCR ad azione inversa di DonadonSDD sono dispositivi di sicurezza essenziali che impediscono alle improvvise variazioni di pressione di danneggiare gli impianti industriali. I dischi di rottura ad azione inversa hanno una bombatura del disco che rimane inalterata sotto la pressione di esercizio fino a quando non viene raggiunta la pressione [&hellip;]<\/p>\n","protected":false},"featured_media":6486,"menu_order":0,"template":"","meta":{"_acf_changed":false},"categoria_prodotto":[86,79,84],"class_list":["post-6480","product","type-product","status-publish","has-post-thumbnail","hentry","categoria_prodotto-reverse-acting","categoria_prodotto-rupture-discs","categoria_prodotto-sanitary"],"acf":[],"yoast_head":"<!-- This site is optimized with the Yoast SEO plugin v27.3 - https:\/\/yoast.com\/product\/yoast-seo-wordpress\/ -->\n<title>Disco di rottura sanitario ad azione inversa - SCR<\/title>\n<meta name=\"description\" content=\"Disco di rottura sanitario ad azione inversa per processi igienici. Pressione di scoppio affidabile ed elevata resistenza ai cicli, conforme alle norme ASME e PED, certificato 3-A, prodotto con processi controllati GMP e con materiali conformi ai requisiti MOCA.\" \/>\n<meta name=\"robots\" content=\"index, follow, max-snippet:-1, max-image-preview:large, max-video-preview:-1\" \/>\n<link rel=\"canonical\" href=\"https:\/\/www.donadonsdd.com\/it\/prodotto\/scr-sanitary\/\" \/>\n<meta property=\"og:locale\" content=\"it_IT\" \/>\n<meta property=\"og:type\" content=\"article\" \/>\n<meta property=\"og:title\" content=\"Disco di rottura sanitario ad azione inversa - SCR\" \/>\n<meta property=\"og:description\" content=\"Disco di rottura sanitario ad azione inversa per processi igienici. Pressione di scoppio affidabile ed elevata resistenza ai cicli, conforme alle norme ASME e PED, certificato 3-A, prodotto con processi controllati GMP e con materiali conformi ai requisiti MOCA.\" \/>\n<meta property=\"og:url\" content=\"https:\/\/www.donadonsdd.com\/it\/prodotto\/scr-sanitary\/\" \/>\n<meta property=\"og:site_name\" content=\"DonadonSDD Srl\" \/>\n<meta property=\"article:modified_time\" content=\"2026-04-24T12:48:34+00:00\" \/>\n<meta property=\"og:image\" content=\"https:\/\/www.donadonsdd.com\/wp-content\/uploads\/2025\/12\/donadon-4-e1766346878480.png\" \/>\n\t<meta property=\"og:image:width\" content=\"1218\" \/>\n\t<meta property=\"og:image:height\" content=\"812\" \/>\n\t<meta property=\"og:image:type\" content=\"image\/png\" \/>\n<meta name=\"twitter:card\" content=\"summary_large_image\" \/>\n<meta name=\"twitter:label1\" content=\"Tempo di lettura stimato\" \/>\n\t<meta name=\"twitter:data1\" content=\"3 minuto\" \/>\n<script type=\"application\/ld+json\" class=\"yoast-schema-graph\">{\"@context\":\"https:\\\/\\\/schema.org\",\"@graph\":[{\"@type\":\"WebPage\",\"@id\":\"https:\\\/\\\/www.donadonsdd.com\\\/it\\\/prodotto\\\/scr-sanitary\\\/\",\"url\":\"https:\\\/\\\/www.donadonsdd.com\\\/it\\\/prodotto\\\/scr-sanitary\\\/\",\"name\":\"Disco di rottura sanitario ad azione inversa - SCR\",\"isPartOf\":{\"@id\":\"https:\\\/\\\/www.donadonsdd.com\\\/it\\\/#website\"},\"primaryImageOfPage\":{\"@id\":\"https:\\\/\\\/www.donadonsdd.com\\\/it\\\/prodotto\\\/scr-sanitary\\\/#primaryimage\"},\"image\":{\"@id\":\"https:\\\/\\\/www.donadonsdd.com\\\/it\\\/prodotto\\\/scr-sanitary\\\/#primaryimage\"},\"thumbnailUrl\":\"https:\\\/\\\/www.donadonsdd.com\\\/wp-content\\\/uploads\\\/2025\\\/12\\\/donadon-4-e1766346878480.png\",\"datePublished\":\"2025-12-09T23:25:58+00:00\",\"dateModified\":\"2026-04-24T12:48:34+00:00\",\"description\":\"Disco di rottura sanitario ad azione inversa per processi igienici. Pressione di scoppio affidabile ed elevata resistenza ai cicli, conforme alle norme ASME e PED, certificato 3-A, prodotto con processi controllati GMP e con materiali conformi ai requisiti MOCA.\",\"breadcrumb\":{\"@id\":\"https:\\\/\\\/www.donadonsdd.com\\\/it\\\/prodotto\\\/scr-sanitary\\\/#breadcrumb\"},\"inLanguage\":\"it-IT\",\"potentialAction\":[{\"@type\":\"ReadAction\",\"target\":[\"https:\\\/\\\/www.donadonsdd.com\\\/it\\\/prodotto\\\/scr-sanitary\\\/\"]}]},{\"@type\":\"ImageObject\",\"inLanguage\":\"it-IT\",\"@id\":\"https:\\\/\\\/www.donadonsdd.com\\\/it\\\/prodotto\\\/scr-sanitary\\\/#primaryimage\",\"url\":\"https:\\\/\\\/www.donadonsdd.com\\\/wp-content\\\/uploads\\\/2025\\\/12\\\/donadon-4-e1766346878480.png\",\"contentUrl\":\"https:\\\/\\\/www.donadonsdd.com\\\/wp-content\\\/uploads\\\/2025\\\/12\\\/donadon-4-e1766346878480.png\",\"width\":1218,\"height\":812},{\"@type\":\"BreadcrumbList\",\"@id\":\"https:\\\/\\\/www.donadonsdd.com\\\/it\\\/prodotto\\\/scr-sanitary\\\/#breadcrumb\",\"itemListElement\":[{\"@type\":\"ListItem\",\"position\":1,\"name\":\"HOMEPAGE\",\"item\":\"https:\\\/\\\/www.donadonsdd.com\\\/it\\\/\"},{\"@type\":\"ListItem\",\"position\":2,\"name\":\"Dischi di rottura sanitari SCR &#8211; Protezione avanzata dalla pressione per le industrie igieniche\"}]},{\"@type\":\"WebSite\",\"@id\":\"https:\\\/\\\/www.donadonsdd.com\\\/it\\\/#website\",\"url\":\"https:\\\/\\\/www.donadonsdd.com\\\/it\\\/\",\"name\":\"DonadonSDD Srl\",\"description\":\"\",\"publisher\":{\"@id\":\"https:\\\/\\\/www.donadonsdd.com\\\/it\\\/#organization\"},\"potentialAction\":[{\"@type\":\"SearchAction\",\"target\":{\"@type\":\"EntryPoint\",\"urlTemplate\":\"https:\\\/\\\/www.donadonsdd.com\\\/it\\\/?s={search_term_string}\"},\"query-input\":{\"@type\":\"PropertyValueSpecification\",\"valueRequired\":true,\"valueName\":\"search_term_string\"}}],\"inLanguage\":\"it-IT\"},{\"@type\":\"Organization\",\"@id\":\"https:\\\/\\\/www.donadonsdd.com\\\/it\\\/#organization\",\"name\":\"DonadonSDD Srl\",\"url\":\"https:\\\/\\\/www.donadonsdd.com\\\/it\\\/\",\"logo\":{\"@type\":\"ImageObject\",\"inLanguage\":\"it-IT\",\"@id\":\"https:\\\/\\\/www.donadonsdd.com\\\/it\\\/#\\\/schema\\\/logo\\\/image\\\/\",\"url\":\"https:\\\/\\\/www.donadonsdd.com\\\/wp-content\\\/uploads\\\/2025\\\/11\\\/donadonsdd-logo.png\",\"contentUrl\":\"https:\\\/\\\/www.donadonsdd.com\\\/wp-content\\\/uploads\\\/2025\\\/11\\\/donadonsdd-logo.png\",\"width\":544,\"height\":96,\"caption\":\"DonadonSDD Srl\"},\"image\":{\"@id\":\"https:\\\/\\\/www.donadonsdd.com\\\/it\\\/#\\\/schema\\\/logo\\\/image\\\/\"}}]}<\/script>\n<!-- \/ Yoast SEO plugin. -->","yoast_head_json":{"title":"Disco di rottura sanitario ad azione inversa - SCR","description":"Disco di rottura sanitario ad azione inversa per processi igienici. Pressione di scoppio affidabile ed elevata resistenza ai cicli, conforme alle norme ASME e PED, certificato 3-A, prodotto con processi controllati GMP e con materiali conformi ai requisiti MOCA.","robots":{"index":"index","follow":"follow","max-snippet":"max-snippet:-1","max-image-preview":"max-image-preview:large","max-video-preview":"max-video-preview:-1"},"canonical":"https:\/\/www.donadonsdd.com\/it\/prodotto\/scr-sanitary\/","og_locale":"it_IT","og_type":"article","og_title":"Disco di rottura sanitario ad azione inversa - SCR","og_description":"Disco di rottura sanitario ad azione inversa per processi igienici. Pressione di scoppio affidabile ed elevata resistenza ai cicli, conforme alle norme ASME e PED, certificato 3-A, prodotto con processi controllati GMP e con materiali conformi ai requisiti MOCA.","og_url":"https:\/\/www.donadonsdd.com\/it\/prodotto\/scr-sanitary\/","og_site_name":"DonadonSDD Srl","article_modified_time":"2026-04-24T12:48:34+00:00","og_image":[{"width":1218,"height":812,"url":"https:\/\/www.donadonsdd.com\/wp-content\/uploads\/2025\/12\/donadon-4-e1766346878480.png","type":"image\/png"}],"twitter_card":"summary_large_image","twitter_misc":{"Tempo di lettura stimato":"3 minuto"},"schema":{"@context":"https:\/\/schema.org","@graph":[{"@type":"WebPage","@id":"https:\/\/www.donadonsdd.com\/it\/prodotto\/scr-sanitary\/","url":"https:\/\/www.donadonsdd.com\/it\/prodotto\/scr-sanitary\/","name":"Disco di rottura sanitario ad azione inversa - SCR","isPartOf":{"@id":"https:\/\/www.donadonsdd.com\/it\/#website"},"primaryImageOfPage":{"@id":"https:\/\/www.donadonsdd.com\/it\/prodotto\/scr-sanitary\/#primaryimage"},"image":{"@id":"https:\/\/www.donadonsdd.com\/it\/prodotto\/scr-sanitary\/#primaryimage"},"thumbnailUrl":"https:\/\/www.donadonsdd.com\/wp-content\/uploads\/2025\/12\/donadon-4-e1766346878480.png","datePublished":"2025-12-09T23:25:58+00:00","dateModified":"2026-04-24T12:48:34+00:00","description":"Disco di rottura sanitario ad azione inversa per processi igienici. Pressione di scoppio affidabile ed elevata resistenza ai cicli, conforme alle norme ASME e PED, certificato 3-A, prodotto con processi controllati GMP e con materiali conformi ai requisiti MOCA.","breadcrumb":{"@id":"https:\/\/www.donadonsdd.com\/it\/prodotto\/scr-sanitary\/#breadcrumb"},"inLanguage":"it-IT","potentialAction":[{"@type":"ReadAction","target":["https:\/\/www.donadonsdd.com\/it\/prodotto\/scr-sanitary\/"]}]},{"@type":"ImageObject","inLanguage":"it-IT","@id":"https:\/\/www.donadonsdd.com\/it\/prodotto\/scr-sanitary\/#primaryimage","url":"https:\/\/www.donadonsdd.com\/wp-content\/uploads\/2025\/12\/donadon-4-e1766346878480.png","contentUrl":"https:\/\/www.donadonsdd.com\/wp-content\/uploads\/2025\/12\/donadon-4-e1766346878480.png","width":1218,"height":812},{"@type":"BreadcrumbList","@id":"https:\/\/www.donadonsdd.com\/it\/prodotto\/scr-sanitary\/#breadcrumb","itemListElement":[{"@type":"ListItem","position":1,"name":"HOMEPAGE","item":"https:\/\/www.donadonsdd.com\/it\/"},{"@type":"ListItem","position":2,"name":"Dischi di rottura sanitari SCR &#8211; Protezione avanzata dalla pressione per le industrie igieniche"}]},{"@type":"WebSite","@id":"https:\/\/www.donadonsdd.com\/it\/#website","url":"https:\/\/www.donadonsdd.com\/it\/","name":"DonadonSDD Srl","description":"","publisher":{"@id":"https:\/\/www.donadonsdd.com\/it\/#organization"},"potentialAction":[{"@type":"SearchAction","target":{"@type":"EntryPoint","urlTemplate":"https:\/\/www.donadonsdd.com\/it\/?s={search_term_string}"},"query-input":{"@type":"PropertyValueSpecification","valueRequired":true,"valueName":"search_term_string"}}],"inLanguage":"it-IT"},{"@type":"Organization","@id":"https:\/\/www.donadonsdd.com\/it\/#organization","name":"DonadonSDD Srl","url":"https:\/\/www.donadonsdd.com\/it\/","logo":{"@type":"ImageObject","inLanguage":"it-IT","@id":"https:\/\/www.donadonsdd.com\/it\/#\/schema\/logo\/image\/","url":"https:\/\/www.donadonsdd.com\/wp-content\/uploads\/2025\/11\/donadonsdd-logo.png","contentUrl":"https:\/\/www.donadonsdd.com\/wp-content\/uploads\/2025\/11\/donadonsdd-logo.png","width":544,"height":96,"caption":"DonadonSDD Srl"},"image":{"@id":"https:\/\/www.donadonsdd.com\/it\/#\/schema\/logo\/image\/"}}]}},"toolset-meta":{"toolset-woocommerce-fields":{"_download_limit":{"type":"numeric","raw":""},"_virtual":{"type":"checkbox","raw":""},"_downloadable":{"type":"checkbox","raw":""},"_download_expiry":{"type":"numeric","raw":""},"_download_type":{"type":"radio","raw":""},"_regular_price":{"type":"numeric","raw":""},"_sale_price":{"type":"numeric","raw":""},"_sale_price_dates_from":{"type":"date","raw":"","formatted":null},"_sale_price_dates_to":{"type":"date","raw":"","formatted":null},"_sku":{"type":"textfield","raw":""},"_manage_stock":{"type":"checkbox","raw":""},"_stock_status":{"type":"radio","raw":""},"_stock":{"type":"numeric","raw":""},"_backorders":{"type":"radio","raw":""},"_sold_individually":{"type":"checkbox","raw":""},"_width":{"type":"numeric","raw":""},"_weight":{"type":"numeric","raw":""},"_length":{"type":"numeric","raw":""},"_purchase_note":{"type":"textarea","raw":""}},"infografica":{"operation-ratio":{"type":"textfield","raw":"fino al 95%"},"non-fragmenting":{"type":"textfield","raw":"S\u00ec"},"vacumm-resistant":{"type":"textfield","raw":"S\u00ec"},"sanitary":{"type":"textfield","raw":"S\u00ec"},"liquid":{"type":"textfield","raw":"s\u00ec, con la presenza di un volume minimo di vapore libero"},"vapor-gas":{"type":"textfield","raw":"S\u00ec"},"ferrules":{"type":"textfield","raw":""}},"dettagli-prodotto":{"immagini-prodotto":{"type":"image","raw":["https:\/\/www.donadonsdd.com\/wp-content\/uploads\/2025\/12\/donadon-4_result.webp","https:\/\/www.donadonsdd.com\/wp-content\/uploads\/2025\/12\/donadon-6_result-1.webp"],"repeatable":[{"raw":"https:\/\/www.donadonsdd.com\/wp-content\/uploads\/2025\/12\/donadon-4_result.webp","attachment_id":6487},{"raw":"https:\/\/www.donadonsdd.com\/wp-content\/uploads\/2025\/12\/donadon-6_result-1.webp","attachment_id":6488}]},"tabella-specifiche":{"type":"wysiwyg","raw":"<p class=\"p1\">MODELLO|SCR;\r\nMATERIALI|Acciaio inossidabile, Lega 201, Lega 400, Lega 600, Lega 625, Lega C276, Titanio;\r\nMATERIALI DELLE GUARNIZIONI|PTFE;\r\nDIMENSIONI|Dal DN25 (1 pollice) al DN150 (6 pollici);\r\nPRESSIONE DI ROTTURA|0,4 - 8 bar g (a seconda delle dimensioni e del materiale);\r\nKR G|0,48;\r\nTOLLERANZA|da +\/- 5% a +\/- 20%;\r\nTEMPERATURA DI FUNZIONAMENTO|Max 260\u00b0C (Guarnizioni in PTFE);\r\nFRAGMENTAZIONE|No;\r\nUSO IN COMBINAZIONE CON PSV|Adatto;\r\nMARGINE DI FUNZIONAMENTO|90% - Pu\u00f2 raggiungere il 95% in base alle condizioni di servizio;\r\nRESISTENZA ALLA PRESSIONE DEL VUOTO|S\u00ec, autoportante in condizioni di vuoto;\r\nRESISTENZA ALLA CORROSIONE|Molto buona;\r\nLININGS|Disponibili in PTFE e PFA;\r\nPORTADISCO| <a href=\"https:\/\/www.donadonsdd.com\/it\/prodotto\/htc\/\">HTC<\/a>;\r\nSENSORE DI ROTTURA| <a href=\"https:\/\/www.donadonsdd.com\/it\/prodotti\/sensori-di-rottura\/elettrici\/\">Elettrico<\/a>;<\/p>"}}},"_links":{"self":[{"href":"https:\/\/www.donadonsdd.com\/it\/wp-json\/wp\/v2\/product\/6480","targetHints":{"allow":["GET"]}}],"collection":[{"href":"https:\/\/www.donadonsdd.com\/it\/wp-json\/wp\/v2\/product"}],"about":[{"href":"https:\/\/www.donadonsdd.com\/it\/wp-json\/wp\/v2\/types\/product"}],"wp:featuredmedia":[{"embeddable":true,"href":"https:\/\/www.donadonsdd.com\/it\/wp-json\/wp\/v2\/media\/6486"}],"wp:attachment":[{"href":"https:\/\/www.donadonsdd.com\/it\/wp-json\/wp\/v2\/media?parent=6480"}],"wp:term":[{"taxonomy":"categoria_prodotto","embeddable":true,"href":"https:\/\/www.donadonsdd.com\/it\/wp-json\/wp\/v2\/categoria_prodotto?post=6480"}],"curies":[{"name":"wp","href":"https:\/\/api.w.org\/{rel}","templated":true}]}}