{"id":6489,"date":"2025-12-09T11:46:02","date_gmt":"2025-12-09T10:46:02","guid":{"rendered":"https:\/\/www.donadonsdd.com\/product\/dischi-di-rottura-tcd-dispositivi-di-sicurezza-affidabili-per-le-autocisterne\/"},"modified":"2026-03-01T02:01:09","modified_gmt":"2026-03-01T01:01:09","slug":"tcd","status":"publish","type":"product","link":"https:\/\/www.donadonsdd.com\/it\/prodotto\/tcd\/","title":{"rendered":"Dischi di rottura TCD &#8211; Dispositivi di sicurezza affidabili per le autocisterne"},"content":{"rendered":"<p>I dischi di rottura ad azione inversa KRD di DonadonSDD sono dispositivi di sicurezza fondamentali che proteggono il tuo impianto industriale prevenendo improvvisi aumenti di pressione.<br \/>\nI dischi di rottura ad azione inversa hanno una bombatura del disco che rimane inalterata sotto la pressione di esercizio fino a quando non viene raggiunta la pressione inversa e questo pu\u00f2 garantire una lunga durata.<br \/>\nI dischi di rottura DonadonSDD KRD incorporano una tecnologia di settore all&#8217;avanguardia e forniscono una protezione affidabile e precisa nelle applicazioni pi\u00f9 impegnative, rendendo i dischi di rottura DonadonSDD KRD la scelta migliore per la sicurezza del tuo impianto.<br \/>\nIl suo design specifico rende il KRD ideale per o\ufb00rire protezione dalla pressione alle apparecchiature in cui \u00e8 presente un liquido pieno.<\/p>\n<h2>Caratteristiche chiave e vantaggi tecnici<\/h2>\n<h3>Standard di certificazione elevati:<\/h3>\n<p>I nostri dischi di rottura TCD sono certificati per soddisfare i pi\u00f9 alti standard internazionali, tra cui PED 2014\/68\/UE (CE STAMP), ATEX EX II 2 GD (CE STAMP), PER 2016 UK Statutory Instruments 2016 No 1105 (UKCA STAMP) e CU TR 032 (EAC STAMP).<\/p>\n<h3>Tecnica:<\/h3>\n<p>Composto da una parte metallica perforata e scanalata, una membrana di tenuta (solitamente in PTFE o PFA), una sezione di protezione e un anello di calibrazione.<\/p>\n<h3>Applicazioni:<\/h3>\n<p>Progettato per essere montato su autocisterne stradali o ferroviarie contenenti liquidi e gas in condizioni statiche, cicliche e pulsanti.<\/p>\n<h3>Non frammentazione:<\/h3>\n<p>Risponde a una pressione eccessiva con un&#8217;apertura totale in pochi millisecondi senza frammentazione degli strati metallici.<\/p>\n<h2>Perch\u00e9 scegliere i dischi di rottura TCD DonadonSDD?<\/h2>\n<ul>\n<li>  I dischi di rottura DonadonSDD TCD sono progettati specificamente per essere montati su autocisterne contenenti liquidi e gas in condizioni statiche, cicliche e pulsanti, il che li rende estremamente versatili.<\/li>\n<li>I dischi rispondono rapidamente alla pressione eccessiva, evitando di danneggiare l&#8217;autocisterna.<\/li>\n<li>Resistenza al vuoto: \u00e8 possibile fornire supporti aggiuntivi per la protezione dal vuoto o dalla contropressione.<\/li>\n<\/ul>\n","protected":false},"excerpt":{"rendered":"<p>I dischi di rottura ad azione inversa KRD di DonadonSDD sono dispositivi di sicurezza fondamentali che proteggono il tuo impianto industriale prevenendo improvvisi aumenti di pressione. I dischi di rottura ad azione inversa hanno una bombatura del disco che rimane inalterata sotto la pressione di esercizio fino a quando non viene raggiunta la pressione inversa [&hellip;]<\/p>\n","protected":false},"featured_media":10343,"menu_order":0,"template":"","meta":{"_acf_changed":false},"categoria_prodotto":[85,79],"class_list":["post-6489","product","type-product","status-publish","has-post-thumbnail","hentry","categoria_prodotto-forward-acting","categoria_prodotto-rupture-discs"],"acf":[],"yoast_head":"<!-- This site is optimized with the Yoast SEO plugin v27.3 - https:\/\/yoast.com\/product\/yoast-seo-wordpress\/ -->\n<title>Disco di rottura in materiale composito per carri e autocisterne - TCD<\/title>\n<meta name=\"description\" content=\"Disco di rottura in materiale composito per applicazioni di trasporto su strada e su rotaia. Adatto a vagoni cisterna, vagoni ferroviari e autocisterne, progettato per il servizio ciclico di gas e liquidi.\" \/>\n<meta name=\"robots\" content=\"index, follow, max-snippet:-1, max-image-preview:large, max-video-preview:-1\" \/>\n<link rel=\"canonical\" href=\"https:\/\/www.donadonsdd.com\/it\/prodotto\/tcd\/\" \/>\n<meta property=\"og:locale\" content=\"it_IT\" \/>\n<meta property=\"og:type\" content=\"article\" \/>\n<meta property=\"og:title\" content=\"Disco di rottura in materiale composito per carri e autocisterne - TCD\" \/>\n<meta property=\"og:description\" content=\"Disco di rottura in materiale composito per applicazioni di trasporto su strada e su rotaia. Adatto a vagoni cisterna, vagoni ferroviari e autocisterne, progettato per il servizio ciclico di gas e liquidi.\" \/>\n<meta property=\"og:url\" content=\"https:\/\/www.donadonsdd.com\/it\/prodotto\/tcd\/\" \/>\n<meta property=\"og:site_name\" content=\"DonadonSDD Srl\" \/>\n<meta property=\"article:modified_time\" content=\"2026-03-01T01:01:09+00:00\" \/>\n<meta property=\"og:image\" content=\"https:\/\/www.donadonsdd.com\/wp-content\/uploads\/2025\/12\/donadon-74.png\" \/>\n\t<meta property=\"og:image:width\" content=\"1800\" \/>\n\t<meta property=\"og:image:height\" content=\"1201\" \/>\n\t<meta property=\"og:image:type\" content=\"image\/png\" \/>\n<meta name=\"twitter:card\" content=\"summary_large_image\" \/>\n<meta name=\"twitter:label1\" content=\"Tempo di lettura stimato\" \/>\n\t<meta name=\"twitter:data1\" content=\"2 minuto\" \/>\n<script type=\"application\/ld+json\" class=\"yoast-schema-graph\">{\"@context\":\"https:\\\/\\\/schema.org\",\"@graph\":[{\"@type\":\"WebPage\",\"@id\":\"https:\\\/\\\/www.donadonsdd.com\\\/it\\\/prodotto\\\/tcd\\\/\",\"url\":\"https:\\\/\\\/www.donadonsdd.com\\\/it\\\/prodotto\\\/tcd\\\/\",\"name\":\"Disco di rottura in materiale composito per carri e autocisterne - TCD\",\"isPartOf\":{\"@id\":\"https:\\\/\\\/www.donadonsdd.com\\\/it\\\/#website\"},\"primaryImageOfPage\":{\"@id\":\"https:\\\/\\\/www.donadonsdd.com\\\/it\\\/prodotto\\\/tcd\\\/#primaryimage\"},\"image\":{\"@id\":\"https:\\\/\\\/www.donadonsdd.com\\\/it\\\/prodotto\\\/tcd\\\/#primaryimage\"},\"thumbnailUrl\":\"https:\\\/\\\/www.donadonsdd.com\\\/wp-content\\\/uploads\\\/2025\\\/12\\\/donadon-74.png\",\"datePublished\":\"2025-12-09T10:46:02+00:00\",\"dateModified\":\"2026-03-01T01:01:09+00:00\",\"description\":\"Disco di rottura in materiale composito per applicazioni di trasporto su strada e su rotaia. Adatto a vagoni cisterna, vagoni ferroviari e autocisterne, progettato per il servizio ciclico di gas e liquidi.\",\"breadcrumb\":{\"@id\":\"https:\\\/\\\/www.donadonsdd.com\\\/it\\\/prodotto\\\/tcd\\\/#breadcrumb\"},\"inLanguage\":\"it-IT\",\"potentialAction\":[{\"@type\":\"ReadAction\",\"target\":[\"https:\\\/\\\/www.donadonsdd.com\\\/it\\\/prodotto\\\/tcd\\\/\"]}]},{\"@type\":\"ImageObject\",\"inLanguage\":\"it-IT\",\"@id\":\"https:\\\/\\\/www.donadonsdd.com\\\/it\\\/prodotto\\\/tcd\\\/#primaryimage\",\"url\":\"https:\\\/\\\/www.donadonsdd.com\\\/wp-content\\\/uploads\\\/2025\\\/12\\\/donadon-74.png\",\"contentUrl\":\"https:\\\/\\\/www.donadonsdd.com\\\/wp-content\\\/uploads\\\/2025\\\/12\\\/donadon-74.png\",\"width\":1800,\"height\":1201},{\"@type\":\"BreadcrumbList\",\"@id\":\"https:\\\/\\\/www.donadonsdd.com\\\/it\\\/prodotto\\\/tcd\\\/#breadcrumb\",\"itemListElement\":[{\"@type\":\"ListItem\",\"position\":1,\"name\":\"HOMEPAGE\",\"item\":\"https:\\\/\\\/www.donadonsdd.com\\\/it\\\/\"},{\"@type\":\"ListItem\",\"position\":2,\"name\":\"Dischi di rottura TCD &#8211; Dispositivi di sicurezza affidabili per le autocisterne\"}]},{\"@type\":\"WebSite\",\"@id\":\"https:\\\/\\\/www.donadonsdd.com\\\/it\\\/#website\",\"url\":\"https:\\\/\\\/www.donadonsdd.com\\\/it\\\/\",\"name\":\"DonadonSDD Srl\",\"description\":\"\",\"publisher\":{\"@id\":\"https:\\\/\\\/www.donadonsdd.com\\\/it\\\/#organization\"},\"potentialAction\":[{\"@type\":\"SearchAction\",\"target\":{\"@type\":\"EntryPoint\",\"urlTemplate\":\"https:\\\/\\\/www.donadonsdd.com\\\/it\\\/?s={search_term_string}\"},\"query-input\":{\"@type\":\"PropertyValueSpecification\",\"valueRequired\":true,\"valueName\":\"search_term_string\"}}],\"inLanguage\":\"it-IT\"},{\"@type\":\"Organization\",\"@id\":\"https:\\\/\\\/www.donadonsdd.com\\\/it\\\/#organization\",\"name\":\"DonadonSDD Srl\",\"url\":\"https:\\\/\\\/www.donadonsdd.com\\\/it\\\/\",\"logo\":{\"@type\":\"ImageObject\",\"inLanguage\":\"it-IT\",\"@id\":\"https:\\\/\\\/www.donadonsdd.com\\\/it\\\/#\\\/schema\\\/logo\\\/image\\\/\",\"url\":\"https:\\\/\\\/www.donadonsdd.com\\\/wp-content\\\/uploads\\\/2025\\\/11\\\/donadonsdd-logo.png\",\"contentUrl\":\"https:\\\/\\\/www.donadonsdd.com\\\/wp-content\\\/uploads\\\/2025\\\/11\\\/donadonsdd-logo.png\",\"width\":544,\"height\":96,\"caption\":\"DonadonSDD Srl\"},\"image\":{\"@id\":\"https:\\\/\\\/www.donadonsdd.com\\\/it\\\/#\\\/schema\\\/logo\\\/image\\\/\"}}]}<\/script>\n<!-- \/ Yoast SEO plugin. -->","yoast_head_json":{"title":"Disco di rottura in materiale composito per carri e autocisterne - TCD","description":"Disco di rottura in materiale composito per applicazioni di trasporto su strada e su rotaia. Adatto a vagoni cisterna, vagoni ferroviari e autocisterne, progettato per il servizio ciclico di gas e liquidi.","robots":{"index":"index","follow":"follow","max-snippet":"max-snippet:-1","max-image-preview":"max-image-preview:large","max-video-preview":"max-video-preview:-1"},"canonical":"https:\/\/www.donadonsdd.com\/it\/prodotto\/tcd\/","og_locale":"it_IT","og_type":"article","og_title":"Disco di rottura in materiale composito per carri e autocisterne - TCD","og_description":"Disco di rottura in materiale composito per applicazioni di trasporto su strada e su rotaia. Adatto a vagoni cisterna, vagoni ferroviari e autocisterne, progettato per il servizio ciclico di gas e liquidi.","og_url":"https:\/\/www.donadonsdd.com\/it\/prodotto\/tcd\/","og_site_name":"DonadonSDD Srl","article_modified_time":"2026-03-01T01:01:09+00:00","og_image":[{"width":1800,"height":1201,"url":"https:\/\/www.donadonsdd.com\/wp-content\/uploads\/2025\/12\/donadon-74.png","type":"image\/png"}],"twitter_card":"summary_large_image","twitter_misc":{"Tempo di lettura stimato":"2 minuto"},"schema":{"@context":"https:\/\/schema.org","@graph":[{"@type":"WebPage","@id":"https:\/\/www.donadonsdd.com\/it\/prodotto\/tcd\/","url":"https:\/\/www.donadonsdd.com\/it\/prodotto\/tcd\/","name":"Disco di rottura in materiale composito per carri e autocisterne - TCD","isPartOf":{"@id":"https:\/\/www.donadonsdd.com\/it\/#website"},"primaryImageOfPage":{"@id":"https:\/\/www.donadonsdd.com\/it\/prodotto\/tcd\/#primaryimage"},"image":{"@id":"https:\/\/www.donadonsdd.com\/it\/prodotto\/tcd\/#primaryimage"},"thumbnailUrl":"https:\/\/www.donadonsdd.com\/wp-content\/uploads\/2025\/12\/donadon-74.png","datePublished":"2025-12-09T10:46:02+00:00","dateModified":"2026-03-01T01:01:09+00:00","description":"Disco di rottura in materiale composito per applicazioni di trasporto su strada e su rotaia. Adatto a vagoni cisterna, vagoni ferroviari e autocisterne, progettato per il servizio ciclico di gas e liquidi.","breadcrumb":{"@id":"https:\/\/www.donadonsdd.com\/it\/prodotto\/tcd\/#breadcrumb"},"inLanguage":"it-IT","potentialAction":[{"@type":"ReadAction","target":["https:\/\/www.donadonsdd.com\/it\/prodotto\/tcd\/"]}]},{"@type":"ImageObject","inLanguage":"it-IT","@id":"https:\/\/www.donadonsdd.com\/it\/prodotto\/tcd\/#primaryimage","url":"https:\/\/www.donadonsdd.com\/wp-content\/uploads\/2025\/12\/donadon-74.png","contentUrl":"https:\/\/www.donadonsdd.com\/wp-content\/uploads\/2025\/12\/donadon-74.png","width":1800,"height":1201},{"@type":"BreadcrumbList","@id":"https:\/\/www.donadonsdd.com\/it\/prodotto\/tcd\/#breadcrumb","itemListElement":[{"@type":"ListItem","position":1,"name":"HOMEPAGE","item":"https:\/\/www.donadonsdd.com\/it\/"},{"@type":"ListItem","position":2,"name":"Dischi di rottura TCD &#8211; Dispositivi di sicurezza affidabili per le autocisterne"}]},{"@type":"WebSite","@id":"https:\/\/www.donadonsdd.com\/it\/#website","url":"https:\/\/www.donadonsdd.com\/it\/","name":"DonadonSDD Srl","description":"","publisher":{"@id":"https:\/\/www.donadonsdd.com\/it\/#organization"},"potentialAction":[{"@type":"SearchAction","target":{"@type":"EntryPoint","urlTemplate":"https:\/\/www.donadonsdd.com\/it\/?s={search_term_string}"},"query-input":{"@type":"PropertyValueSpecification","valueRequired":true,"valueName":"search_term_string"}}],"inLanguage":"it-IT"},{"@type":"Organization","@id":"https:\/\/www.donadonsdd.com\/it\/#organization","name":"DonadonSDD Srl","url":"https:\/\/www.donadonsdd.com\/it\/","logo":{"@type":"ImageObject","inLanguage":"it-IT","@id":"https:\/\/www.donadonsdd.com\/it\/#\/schema\/logo\/image\/","url":"https:\/\/www.donadonsdd.com\/wp-content\/uploads\/2025\/11\/donadonsdd-logo.png","contentUrl":"https:\/\/www.donadonsdd.com\/wp-content\/uploads\/2025\/11\/donadonsdd-logo.png","width":544,"height":96,"caption":"DonadonSDD Srl"},"image":{"@id":"https:\/\/www.donadonsdd.com\/it\/#\/schema\/logo\/image\/"}}]}},"toolset-meta":{"toolset-woocommerce-fields":{"_download_limit":{"type":"numeric","raw":""},"_virtual":{"type":"checkbox","raw":""},"_downloadable":{"type":"checkbox","raw":""},"_download_expiry":{"type":"numeric","raw":""},"_download_type":{"type":"radio","raw":""},"_regular_price":{"type":"numeric","raw":""},"_sale_price":{"type":"numeric","raw":""},"_sale_price_dates_from":{"type":"date","raw":"","formatted":null},"_sale_price_dates_to":{"type":"date","raw":"","formatted":null},"_sku":{"type":"textfield","raw":""},"_manage_stock":{"type":"checkbox","raw":""},"_stock_status":{"type":"radio","raw":""},"_stock":{"type":"numeric","raw":""},"_backorders":{"type":"radio","raw":""},"_sold_individually":{"type":"checkbox","raw":""},"_width":{"type":"numeric","raw":""},"_weight":{"type":"numeric","raw":""},"_length":{"type":"numeric","raw":""},"_purchase_note":{"type":"textarea","raw":""}},"infografica":{"operation-ratio":{"type":"textfield","raw":"fino all'80%"},"non-fragmenting":{"type":"textfield","raw":"s\u00ec (solo membrana)"},"vacumm-resistant":{"type":"textfield","raw":"S\u00ec, \u00e8 necessario un supporto per il vuoto"},"sanitary":{"type":"textfield","raw":"no"},"liquid":{"type":"textfield","raw":"S\u00ec"},"vapor-gas":{"type":"textfield","raw":"S\u00ec"},"ferrules":{"type":"textfield","raw":""}},"dettagli-prodotto":{"immagini-prodotto":{"type":"image","raw":["https:\/\/www.donadonsdd.com\/wp-content\/uploads\/2025\/12\/donadon-74_result.webp","https:\/\/www.donadonsdd.com\/wp-content\/uploads\/2025\/12\/donadon-75_result.webp"],"repeatable":[{"raw":"https:\/\/www.donadonsdd.com\/wp-content\/uploads\/2025\/12\/donadon-74_result.webp","attachment_id":6491},{"raw":"https:\/\/www.donadonsdd.com\/wp-content\/uploads\/2025\/12\/donadon-75_result.webp","attachment_id":6492}]},"tabella-specifiche":{"type":"wysiwyg","raw":"<p class=\"p1\">MODELLO|TCD;\nMATERIALI|Acciaio inossidabile;\nMEMBRANA DI GUARNIZIONE| disponibile in PTFE o PFA;\nDIMENSIONI|Dal DN50 (2 pollici) al DN80 (3 pollici);\nPRESSIONE DI ROTTURA|0,45 - 8 bar g (a seconda delle dimensioni e del materiale);\nTOLLERANZA|da +\/- 5% a +\/- 10%;\nTEMPERATURA DI FUNZIONAMENTO|max 260\u00b0C (membrana in PTFE o PFA);\nFRAGMENTAZIONE|No (solo membrana);\nMARGINE DI FUNZIONAMENTO|Pu\u00f2 arrivare fino all'80% a seconda delle condizioni di servizio;\nRESISTENZA ALLA PRESSIONE DEL VUOTO|S\u00ec, \u00e8 necessario un supporto per il vuoto;\nRESISTENZA ALLA CORROSIONE|Molto buona;\nLININGS|Disponibili in PTFE e PFA;\nINSTALLAZIONE|Direttamente tra le flange;\nSENSORE DI ROTTURA|<a href=\"https:\/\/www.donadonsdd.com\/it\/prodotti\/sensori-di-rottura\/elettrici\/\">Elettrico<\/a>, <a href=\"https:\/\/www.donadonsdd.com\/it\/prodotti\/sensori-di-rottura\/magnetici\/\">Magnetico<\/a>, <a href=\"https:\/\/www.donadonsdd.com\/it\/prodotti\/sensori-di-rottura\/induttivi\/\">Induttivo<\/a>,  <a href=\"https:\/\/www.donadonsdd.com\/it\/prodotti\/sensori-di-rottura\/fibra-ottica\/\">Ottica<\/a>;<\/p>"}}},"_links":{"self":[{"href":"https:\/\/www.donadonsdd.com\/it\/wp-json\/wp\/v2\/product\/6489","targetHints":{"allow":["GET"]}}],"collection":[{"href":"https:\/\/www.donadonsdd.com\/it\/wp-json\/wp\/v2\/product"}],"about":[{"href":"https:\/\/www.donadonsdd.com\/it\/wp-json\/wp\/v2\/types\/product"}],"wp:featuredmedia":[{"embeddable":true,"href":"https:\/\/www.donadonsdd.com\/it\/wp-json\/wp\/v2\/media\/10343"}],"wp:attachment":[{"href":"https:\/\/www.donadonsdd.com\/it\/wp-json\/wp\/v2\/media?parent=6489"}],"wp:term":[{"taxonomy":"categoria_prodotto","embeddable":true,"href":"https:\/\/www.donadonsdd.com\/it\/wp-json\/wp\/v2\/categoria_prodotto?post=6489"}],"curies":[{"name":"wp","href":"https:\/\/api.w.org\/{rel}","templated":true}]}}