{"id":6549,"date":"2025-12-10T14:32:32","date_gmt":"2025-12-10T13:32:32","guid":{"rendered":"https:\/\/www.donadonsdd.com\/product\/dischi-di-rottura-sanitari-scd-protezione-avanzata-dalla-pressione-per-le-industrie-igieniche\/"},"modified":"2026-04-24T14:27:07","modified_gmt":"2026-04-24T12:27:07","slug":"scd-sanitary","status":"publish","type":"product","link":"https:\/\/www.donadonsdd.com\/it\/prodotto\/scd-sanitary\/","title":{"rendered":"Dischi di rottura sanitari SCD &#8211; Protezione avanzata dalla pressione per le industrie igieniche"},"content":{"rendered":"<p>I dischi di rottura SCD di DonadonSDD sono dispositivi di sicurezza fondamentali per evitare che improvvise variazioni di pressione danneggino gli impianti industriali. I dischi di rottura Forward acting hanno una bombatura concava che rimane inalterata sotto la pressione di esercizio fino al raggiungimento della pressione impostata, garantendo una lunga durata. I dischi di rottura SCD di DonadonSDD offrono una protezione affidabile e precisa nelle applicazioni pi\u00f9 varie e impegnative, rendendo i dischi di rottura SCD di DonadonSDD la scelta migliore per la sicurezza del tuo impianto. I dischi di rottura SCD Forward acting sono tra i dischi pi\u00f9 versatili: utilizzabili per ogni tipo di flusso di fluido, ideali per i processi di polimerizzazione, in grado di raggiungere un&#8217;ampia gamma di pressioni.<\/p>\n<h2>Caratteristiche chiave e vantaggi tecnici<\/h2>\n<h3>Applicazioni igieniche:<\/h3>\n<p>Progettato per soddisfare gli standard di alta qualit\u00e0 richiesti da 3-A SSI, GMP e MOCA per garantire la salute pubblica attraverso attrezzature igieniche.<\/p>\n<h3>Superficie liscia:<\/h3>\n<p>Finitura superficiale liscia (0,2&lt;Ra&lt;0,4 micron) sul lato del processo lo rende particolarmente adatto ai trattamenti C.I.P. e S.I.P. per mantenere le condizioni di asetticit\u00e0.<\/p>\n<h3>Guarnizioni certificate FDA:<\/h3>\n<p>Le guarnizioni in PTFE, certificate in conformit\u00e0 alle normative FDA e USP classe VI, 3-A e Eu 10\/2011, facilitano l&#8217;installazione nei raccordi Clamp (sanitari, Tri-Clamp, Tank Connection).<\/p>\n<h3>Standard di certificazione elevati:<\/h3>\n<p>I nostri dischi di rottura SCD hanno ottenuto le pi\u00f9 alte certificazioni, tra cui PED 2014\/68\/UE (CE STAMP), ATEX EX II 2 GD (CE STAMP), PER 2016 UK Statutory Instruments 2016 No 1105 (UKCA STAMP) e CU TR 032 (EAC STAMP).<\/p>\n<h3>Tecnologia avanzata:<\/h3>\n<p>I dischi di rottura SCD ottenuti con la nostra tecnologia brevettata Nanoscored sono dischi caricati a compressione con una sezione calibrata micro-incisa che si apre a petali, con 6 incisioni radiali.<\/p>\n<h3>Prestazioni affidabili:<\/h3>\n<p>Resiste a migliaia di cicli senza compromettere la propria affidabilit\u00e0, con rapporti fino all&#8217;85% tra pressione di esercizio e di rottura.<\/p>\n<h3>Rottura rapida non frammentaria:<\/h3>\n<p>Il disco SCD reagisce alle sovrapressioni in pochi millisecondi con un&#8217;apertura completa lungo le linee dei petali segnate sul lato a valle del disco senza frammentazione.<\/p>\n<h3>Resistente all&#8217;alta pressione e al vuoto:<\/h3>\n<p>In molti casi, pu\u00f2 essere sottoposto a condizioni di vuoto assoluto senza bisogno di supporti, evitando restrizioni nell&#8217;area di scarico.<\/p>\n<h2>Perch\u00e9 scegliere i dischi di rottura DonadonSDD SCD?<\/h2>\n<ul>\n<li>Design all&#8217;avanguardia: Particolarmente adatto all&#8217;industria farmaceutica, alimentare e delle biotecnologie.<\/li>\n<li>La struttura in acciaio inossidabile, la superficie liscia e le guarnizioni certificate FDA garantiscono elevati livelli di igiene e condizioni asettiche.<\/li>\n<li>La capacit\u00e0 di rottura rapida impedisce la frammentazione e garantisce la massima sicurezza per le applicazioni industriali.<\/li>\n<li>Ampia gamma di materiali e spessori disponibili; rivestimento in PTFE o PFA (approvato dalla FDA) per una maggiore protezione.<\/li>\n<li>Pu\u00f2 essere sottoposto a condizioni di vuoto senza bisogno di supporti.<\/li>\n<\/ul>\n","protected":false},"excerpt":{"rendered":"<p>I dischi di rottura SCD di DonadonSDD sono dispositivi di sicurezza fondamentali per evitare che improvvise variazioni di pressione danneggino gli impianti industriali. I dischi di rottura Forward acting hanno una bombatura concava che rimane inalterata sotto la pressione di esercizio fino al raggiungimento della pressione impostata, garantendo una lunga durata. I dischi di rottura [&hellip;]<\/p>\n","protected":false},"featured_media":10335,"menu_order":0,"template":"","meta":{"_acf_changed":false},"categoria_prodotto":[79,84],"class_list":["post-6549","product","type-product","status-publish","has-post-thumbnail","hentry","categoria_prodotto-rupture-discs","categoria_prodotto-sanitary"],"acf":[],"yoast_head":"<!-- This site is optimized with the Yoast SEO plugin v27.3 - https:\/\/yoast.com\/product\/yoast-seo-wordpress\/ -->\n<title>Disco di rottura sanitario ad azione diretta - SCD<\/title>\n<meta name=\"description\" content=\"Disco di rottura igienico ad azione diretta per applicazioni farmaceutiche, alimentari e biotecnologiche. Design non frammentabile, resistente al vuoto, adatto a processi puliti e asettici, conforme alle norme ASME e PED, certificato ATEX e 3-A.\" \/>\n<meta name=\"robots\" content=\"index, follow, max-snippet:-1, max-image-preview:large, max-video-preview:-1\" \/>\n<link rel=\"canonical\" href=\"https:\/\/www.donadonsdd.com\/it\/prodotto\/scd-sanitary\/\" \/>\n<meta property=\"og:locale\" content=\"it_IT\" \/>\n<meta property=\"og:type\" content=\"article\" \/>\n<meta property=\"og:title\" content=\"Disco di rottura sanitario ad azione diretta - SCD\" \/>\n<meta property=\"og:description\" content=\"Disco di rottura igienico ad azione diretta per applicazioni farmaceutiche, alimentari e biotecnologiche. Design non frammentabile, resistente al vuoto, adatto a processi puliti e asettici, conforme alle norme ASME e PED, certificato ATEX e 3-A.\" \/>\n<meta property=\"og:url\" content=\"https:\/\/www.donadonsdd.com\/it\/prodotto\/scd-sanitary\/\" \/>\n<meta property=\"og:site_name\" content=\"DonadonSDD Srl\" \/>\n<meta property=\"article:modified_time\" content=\"2026-04-24T12:27:07+00:00\" \/>\n<meta property=\"og:image\" content=\"https:\/\/www.donadonsdd.com\/wp-content\/uploads\/2025\/12\/donadon-sdd-scd-sanitary-rupture-discs.png\" \/>\n\t<meta property=\"og:image:width\" content=\"1800\" \/>\n\t<meta property=\"og:image:height\" content=\"1200\" \/>\n\t<meta property=\"og:image:type\" content=\"image\/png\" \/>\n<meta name=\"twitter:card\" content=\"summary_large_image\" \/>\n<meta name=\"twitter:label1\" content=\"Tempo di lettura stimato\" \/>\n\t<meta name=\"twitter:data1\" content=\"3 minuto\" \/>\n<script type=\"application\/ld+json\" class=\"yoast-schema-graph\">{\"@context\":\"https:\\\/\\\/schema.org\",\"@graph\":[{\"@type\":\"WebPage\",\"@id\":\"https:\\\/\\\/www.donadonsdd.com\\\/it\\\/prodotto\\\/scd-sanitary\\\/\",\"url\":\"https:\\\/\\\/www.donadonsdd.com\\\/it\\\/prodotto\\\/scd-sanitary\\\/\",\"name\":\"Disco di rottura sanitario ad azione diretta - SCD\",\"isPartOf\":{\"@id\":\"https:\\\/\\\/www.donadonsdd.com\\\/it\\\/#website\"},\"primaryImageOfPage\":{\"@id\":\"https:\\\/\\\/www.donadonsdd.com\\\/it\\\/prodotto\\\/scd-sanitary\\\/#primaryimage\"},\"image\":{\"@id\":\"https:\\\/\\\/www.donadonsdd.com\\\/it\\\/prodotto\\\/scd-sanitary\\\/#primaryimage\"},\"thumbnailUrl\":\"https:\\\/\\\/www.donadonsdd.com\\\/wp-content\\\/uploads\\\/2025\\\/12\\\/donadon-sdd-scd-sanitary-rupture-discs.png\",\"datePublished\":\"2025-12-10T13:32:32+00:00\",\"dateModified\":\"2026-04-24T12:27:07+00:00\",\"description\":\"Disco di rottura igienico ad azione diretta per applicazioni farmaceutiche, alimentari e biotecnologiche. Design non frammentabile, resistente al vuoto, adatto a processi puliti e asettici, conforme alle norme ASME e PED, certificato ATEX e 3-A.\",\"breadcrumb\":{\"@id\":\"https:\\\/\\\/www.donadonsdd.com\\\/it\\\/prodotto\\\/scd-sanitary\\\/#breadcrumb\"},\"inLanguage\":\"it-IT\",\"potentialAction\":[{\"@type\":\"ReadAction\",\"target\":[\"https:\\\/\\\/www.donadonsdd.com\\\/it\\\/prodotto\\\/scd-sanitary\\\/\"]}]},{\"@type\":\"ImageObject\",\"inLanguage\":\"it-IT\",\"@id\":\"https:\\\/\\\/www.donadonsdd.com\\\/it\\\/prodotto\\\/scd-sanitary\\\/#primaryimage\",\"url\":\"https:\\\/\\\/www.donadonsdd.com\\\/wp-content\\\/uploads\\\/2025\\\/12\\\/donadon-sdd-scd-sanitary-rupture-discs.png\",\"contentUrl\":\"https:\\\/\\\/www.donadonsdd.com\\\/wp-content\\\/uploads\\\/2025\\\/12\\\/donadon-sdd-scd-sanitary-rupture-discs.png\",\"width\":1800,\"height\":1200,\"caption\":\"donadon sdd scd sanitary rupture discs\"},{\"@type\":\"BreadcrumbList\",\"@id\":\"https:\\\/\\\/www.donadonsdd.com\\\/it\\\/prodotto\\\/scd-sanitary\\\/#breadcrumb\",\"itemListElement\":[{\"@type\":\"ListItem\",\"position\":1,\"name\":\"HOMEPAGE\",\"item\":\"https:\\\/\\\/www.donadonsdd.com\\\/it\\\/\"},{\"@type\":\"ListItem\",\"position\":2,\"name\":\"Dischi di rottura sanitari SCD &#8211; Protezione avanzata dalla pressione per le industrie igieniche\"}]},{\"@type\":\"WebSite\",\"@id\":\"https:\\\/\\\/www.donadonsdd.com\\\/it\\\/#website\",\"url\":\"https:\\\/\\\/www.donadonsdd.com\\\/it\\\/\",\"name\":\"DonadonSDD Srl\",\"description\":\"\",\"publisher\":{\"@id\":\"https:\\\/\\\/www.donadonsdd.com\\\/it\\\/#organization\"},\"potentialAction\":[{\"@type\":\"SearchAction\",\"target\":{\"@type\":\"EntryPoint\",\"urlTemplate\":\"https:\\\/\\\/www.donadonsdd.com\\\/it\\\/?s={search_term_string}\"},\"query-input\":{\"@type\":\"PropertyValueSpecification\",\"valueRequired\":true,\"valueName\":\"search_term_string\"}}],\"inLanguage\":\"it-IT\"},{\"@type\":\"Organization\",\"@id\":\"https:\\\/\\\/www.donadonsdd.com\\\/it\\\/#organization\",\"name\":\"DonadonSDD Srl\",\"url\":\"https:\\\/\\\/www.donadonsdd.com\\\/it\\\/\",\"logo\":{\"@type\":\"ImageObject\",\"inLanguage\":\"it-IT\",\"@id\":\"https:\\\/\\\/www.donadonsdd.com\\\/it\\\/#\\\/schema\\\/logo\\\/image\\\/\",\"url\":\"https:\\\/\\\/www.donadonsdd.com\\\/wp-content\\\/uploads\\\/2025\\\/11\\\/donadonsdd-logo.png\",\"contentUrl\":\"https:\\\/\\\/www.donadonsdd.com\\\/wp-content\\\/uploads\\\/2025\\\/11\\\/donadonsdd-logo.png\",\"width\":544,\"height\":96,\"caption\":\"DonadonSDD Srl\"},\"image\":{\"@id\":\"https:\\\/\\\/www.donadonsdd.com\\\/it\\\/#\\\/schema\\\/logo\\\/image\\\/\"}}]}<\/script>\n<!-- \/ Yoast SEO plugin. -->","yoast_head_json":{"title":"Disco di rottura sanitario ad azione diretta - SCD","description":"Disco di rottura igienico ad azione diretta per applicazioni farmaceutiche, alimentari e biotecnologiche. Design non frammentabile, resistente al vuoto, adatto a processi puliti e asettici, conforme alle norme ASME e PED, certificato ATEX e 3-A.","robots":{"index":"index","follow":"follow","max-snippet":"max-snippet:-1","max-image-preview":"max-image-preview:large","max-video-preview":"max-video-preview:-1"},"canonical":"https:\/\/www.donadonsdd.com\/it\/prodotto\/scd-sanitary\/","og_locale":"it_IT","og_type":"article","og_title":"Disco di rottura sanitario ad azione diretta - SCD","og_description":"Disco di rottura igienico ad azione diretta per applicazioni farmaceutiche, alimentari e biotecnologiche. Design non frammentabile, resistente al vuoto, adatto a processi puliti e asettici, conforme alle norme ASME e PED, certificato ATEX e 3-A.","og_url":"https:\/\/www.donadonsdd.com\/it\/prodotto\/scd-sanitary\/","og_site_name":"DonadonSDD Srl","article_modified_time":"2026-04-24T12:27:07+00:00","og_image":[{"width":1800,"height":1200,"url":"https:\/\/www.donadonsdd.com\/wp-content\/uploads\/2025\/12\/donadon-sdd-scd-sanitary-rupture-discs.png","type":"image\/png"}],"twitter_card":"summary_large_image","twitter_misc":{"Tempo di lettura stimato":"3 minuto"},"schema":{"@context":"https:\/\/schema.org","@graph":[{"@type":"WebPage","@id":"https:\/\/www.donadonsdd.com\/it\/prodotto\/scd-sanitary\/","url":"https:\/\/www.donadonsdd.com\/it\/prodotto\/scd-sanitary\/","name":"Disco di rottura sanitario ad azione diretta - SCD","isPartOf":{"@id":"https:\/\/www.donadonsdd.com\/it\/#website"},"primaryImageOfPage":{"@id":"https:\/\/www.donadonsdd.com\/it\/prodotto\/scd-sanitary\/#primaryimage"},"image":{"@id":"https:\/\/www.donadonsdd.com\/it\/prodotto\/scd-sanitary\/#primaryimage"},"thumbnailUrl":"https:\/\/www.donadonsdd.com\/wp-content\/uploads\/2025\/12\/donadon-sdd-scd-sanitary-rupture-discs.png","datePublished":"2025-12-10T13:32:32+00:00","dateModified":"2026-04-24T12:27:07+00:00","description":"Disco di rottura igienico ad azione diretta per applicazioni farmaceutiche, alimentari e biotecnologiche. Design non frammentabile, resistente al vuoto, adatto a processi puliti e asettici, conforme alle norme ASME e PED, certificato ATEX e 3-A.","breadcrumb":{"@id":"https:\/\/www.donadonsdd.com\/it\/prodotto\/scd-sanitary\/#breadcrumb"},"inLanguage":"it-IT","potentialAction":[{"@type":"ReadAction","target":["https:\/\/www.donadonsdd.com\/it\/prodotto\/scd-sanitary\/"]}]},{"@type":"ImageObject","inLanguage":"it-IT","@id":"https:\/\/www.donadonsdd.com\/it\/prodotto\/scd-sanitary\/#primaryimage","url":"https:\/\/www.donadonsdd.com\/wp-content\/uploads\/2025\/12\/donadon-sdd-scd-sanitary-rupture-discs.png","contentUrl":"https:\/\/www.donadonsdd.com\/wp-content\/uploads\/2025\/12\/donadon-sdd-scd-sanitary-rupture-discs.png","width":1800,"height":1200,"caption":"donadon sdd scd sanitary rupture discs"},{"@type":"BreadcrumbList","@id":"https:\/\/www.donadonsdd.com\/it\/prodotto\/scd-sanitary\/#breadcrumb","itemListElement":[{"@type":"ListItem","position":1,"name":"HOMEPAGE","item":"https:\/\/www.donadonsdd.com\/it\/"},{"@type":"ListItem","position":2,"name":"Dischi di rottura sanitari SCD &#8211; Protezione avanzata dalla pressione per le industrie igieniche"}]},{"@type":"WebSite","@id":"https:\/\/www.donadonsdd.com\/it\/#website","url":"https:\/\/www.donadonsdd.com\/it\/","name":"DonadonSDD Srl","description":"","publisher":{"@id":"https:\/\/www.donadonsdd.com\/it\/#organization"},"potentialAction":[{"@type":"SearchAction","target":{"@type":"EntryPoint","urlTemplate":"https:\/\/www.donadonsdd.com\/it\/?s={search_term_string}"},"query-input":{"@type":"PropertyValueSpecification","valueRequired":true,"valueName":"search_term_string"}}],"inLanguage":"it-IT"},{"@type":"Organization","@id":"https:\/\/www.donadonsdd.com\/it\/#organization","name":"DonadonSDD Srl","url":"https:\/\/www.donadonsdd.com\/it\/","logo":{"@type":"ImageObject","inLanguage":"it-IT","@id":"https:\/\/www.donadonsdd.com\/it\/#\/schema\/logo\/image\/","url":"https:\/\/www.donadonsdd.com\/wp-content\/uploads\/2025\/11\/donadonsdd-logo.png","contentUrl":"https:\/\/www.donadonsdd.com\/wp-content\/uploads\/2025\/11\/donadonsdd-logo.png","width":544,"height":96,"caption":"DonadonSDD Srl"},"image":{"@id":"https:\/\/www.donadonsdd.com\/it\/#\/schema\/logo\/image\/"}}]}},"toolset-meta":{"toolset-woocommerce-fields":{"_download_limit":{"type":"numeric","raw":""},"_virtual":{"type":"checkbox","raw":""},"_downloadable":{"type":"checkbox","raw":""},"_download_expiry":{"type":"numeric","raw":""},"_download_type":{"type":"radio","raw":""},"_regular_price":{"type":"numeric","raw":""},"_sale_price":{"type":"numeric","raw":""},"_sale_price_dates_from":{"type":"date","raw":"","formatted":null},"_sale_price_dates_to":{"type":"date","raw":"","formatted":null},"_sku":{"type":"textfield","raw":""},"_manage_stock":{"type":"checkbox","raw":""},"_stock_status":{"type":"radio","raw":""},"_stock":{"type":"numeric","raw":""},"_backorders":{"type":"radio","raw":""},"_sold_individually":{"type":"checkbox","raw":""},"_width":{"type":"numeric","raw":""},"_weight":{"type":"numeric","raw":""},"_length":{"type":"numeric","raw":""},"_purchase_note":{"type":"textarea","raw":""}},"infografica":{"operation-ratio":{"type":"textfield","raw":"fino all'85%"},"non-fragmenting":{"type":"textfield","raw":"S\u00ec"},"vacumm-resistant":{"type":"textfield","raw":"S\u00ec"},"sanitary":{"type":"textfield","raw":"S\u00ec"},"liquid":{"type":"textfield","raw":"S\u00ec"},"vapor-gas":{"type":"textfield","raw":"S\u00ec"},"ferrules":{"type":"textfield","raw":""}},"dettagli-prodotto":{"immagini-prodotto":{"type":"image","raw":["https:\/\/www.donadonsdd.com\/wp-content\/uploads\/2025\/12\/donadon-8_result.webp","https:\/\/www.donadonsdd.com\/wp-content\/uploads\/2025\/12\/donadon-9_result.webp"],"repeatable":[{"raw":"https:\/\/www.donadonsdd.com\/wp-content\/uploads\/2025\/12\/donadon-8_result.webp","attachment_id":6550},{"raw":"https:\/\/www.donadonsdd.com\/wp-content\/uploads\/2025\/12\/donadon-9_result.webp","attachment_id":6551}]},"tabella-specifiche":{"type":"wysiwyg","raw":"<p class=\"p1\">MODELLO|SCD;\r\nMATERIALI|Acciaio inossidabile, Lega 201, Lega 400, Lega 600, Lega 625, Lega C276, Titanio;\r\nMATERIALI DELLE GUARNIZIONI|PTFE;\r\nDIMENSIONI|Dal DN25 (1 pollice) al DN150 (6 pollici);\r\nPRESSIONE DI ROTTURA|1 - 10 bar g (a seconda delle dimensioni e del materiale);\r\nKR GL|1.33;\r\nTOLLERANZA|da +\/- 5% a +\/- 20%;\r\nTEMPERATURA DI FUNZIONAMENTO|Max 260\u00b0C (Guarnizioni in PTFE);\r\nFRAGMENTAZIONE|No;\r\nUSO IN COMBINAZIONE CON PSV|Adatto;\r\nMARGINE DI FUNZIONAMENTO|Pu\u00f2 raggiungere l'85% a seconda delle condizioni di servizio;\r\nRESISTENZA ALLA PRESSIONE DEL VUOTO|S\u00ec, autoportante in condizioni di vuoto;\r\nRESISTENZA ALLA CORROSIONE|Molto buona;\r\nLININGS|Disponibili in PTFE e PFA;\r\nPORTADISCO| <a href=\"https:\/\/www.donadonsdd.com\/it\/prodotto\/htc\/\">HTC<\/a>;\r\nSENSORE DI ROTTURA| <a href=\"https:\/\/www.donadonsdd.com\/it\/prodotti\/sensori-di-rottura\/elettrici\/\">Elettrico<\/a>;<\/p>"}}},"_links":{"self":[{"href":"https:\/\/www.donadonsdd.com\/it\/wp-json\/wp\/v2\/product\/6549","targetHints":{"allow":["GET"]}}],"collection":[{"href":"https:\/\/www.donadonsdd.com\/it\/wp-json\/wp\/v2\/product"}],"about":[{"href":"https:\/\/www.donadonsdd.com\/it\/wp-json\/wp\/v2\/types\/product"}],"wp:featuredmedia":[{"embeddable":true,"href":"https:\/\/www.donadonsdd.com\/it\/wp-json\/wp\/v2\/media\/10335"}],"wp:attachment":[{"href":"https:\/\/www.donadonsdd.com\/it\/wp-json\/wp\/v2\/media?parent=6549"}],"wp:term":[{"taxonomy":"categoria_prodotto","embeddable":true,"href":"https:\/\/www.donadonsdd.com\/it\/wp-json\/wp\/v2\/categoria_prodotto?post=6549"}],"curies":[{"name":"wp","href":"https:\/\/api.w.org\/{rel}","templated":true}]}}