{"id":5949,"date":"2026-02-20T22:17:32","date_gmt":"2026-02-20T21:17:32","guid":{"rendered":"https:\/\/www.donadonsdd.com\/product\/indicador-de-rutura-ir2a-indicador-de-disco-de-rutura-eletrico-sanitario-para-discos-de-aperto\/"},"modified":"2026-04-14T17:18:02","modified_gmt":"2026-04-14T15:18:02","slug":"ir2a-sanitary","status":"publish","type":"product","link":"https:\/\/www.donadonsdd.com\/pt-pt\/produto\/ir2a-sanitary\/","title":{"rendered":"Indicador de rutura IR2A &#8211; Indicador de disco de rutura el\u00e9trico sanit\u00e1rio para discos de aperto"},"content":{"rendered":"<p class=\"p1\">O DonadonSDD IR2A &#8211; Indicador de rutura de grampo \u00e9 um dispositivo fi\u00e1vel e compacto concebido para a dete\u00e7\u00e3o de eventos de rutura em discos de rutura sanit\u00e1rios instalados com liga\u00e7\u00f5es de grampo.<br \/>\nO indicador \u00e9 montado diretamente no disco de rutura, assegurando uma dete\u00e7\u00e3o imediata e precisa da ativa\u00e7\u00e3o do disco em aplica\u00e7\u00f5es de processos higi\u00e9nicos.<\/p>\n<p class=\"p1\">O IR2A &#8211; Clamp foi especificamente desenvolvido para as ind\u00fastrias farmac\u00eautica, alimentar, biotecnol\u00f3gica e outras ind\u00fastrias sanit\u00e1rias, onde o design limpo, a fiabilidade e a conformidade com os requisitos de \u00e1reas perigosas s\u00e3o essenciais.<\/p>\n<p class=\"p3\">O indicador IR2A &#8211; Clamp incorpora um elemento ativo constitu\u00eddo por uma pista de cobre flex\u00edvel, encapsulada de forma segura entre duas camadas isolantes de poliimida (Kapton\u00ae).<br \/>\nO elemento ativo \u00e9 integrado mecanicamente no conjunto do disco de rutura montado na pin\u00e7a atrav\u00e9s de um anel atuador met\u00e1lico, normalmente fabricado em a\u00e7o inoxid\u00e1vel AISI 316L.<\/p>\n<p class=\"p3\">O sinal de alarme \u00e9 transmitido atrav\u00e9s de um cabo de interface, dispon\u00edvel em configura\u00e7\u00e3o standard com ponteiras duplas ou, em alternativa, equipado com um conetor.<\/p>\n<p class=\"p3\">A liga\u00e7\u00e3o ao sistema de controlo ou de seguran\u00e7a da instala\u00e7\u00e3o deve ser efectuada atrav\u00e9s de uma barreira de seguran\u00e7a intr\u00ednseca, de acordo com os par\u00e2metros el\u00e9ctricos do sensor:<\/p>\n<ul class=\"ul1\">\n<li class=\"li3\">Tens\u00e3o m\u00e1xima: 24 V DC<\/li>\n<li class=\"li3\">Corrente m\u00e1xima: 50 mA<\/li>\n<\/ul>\n<p class=\"p3\">A sele\u00e7\u00e3o da barreira determina a classifica\u00e7\u00e3o da \u00e1rea perigosa permitida.<\/p>\n<p class=\"p3\">O IR2A &#8211; Indicador de rutura de bra\u00e7adeira foi concebido para ser utilizado em ambientes perigosos e est\u00e1 totalmente em conformidade com:<\/p>\n<ul class=\"ul1\">\n<li class=\"li3\">Diretiva 2014\/34\/UE (ATEX)<\/li>\n<li class=\"li3\">CU TR 012 (EAC)<\/li>\n<li class=\"li3\">Sistema de certifica\u00e7\u00e3o IECEx<\/li>\n<\/ul>\n<p class=\"p3\">Zonas de instala\u00e7\u00e3o permitidas<\/p>\n<ul class=\"ul1\">\n<li class=\"li3\">Com barreira Ex ia: Zonas 0, 20, 1, 21, 2, 22<\/li>\n<li class=\"li3\">Com barreira Ex ib: Zonas 1, 21, 2, 22<\/li>\n<\/ul>\n<p class=\"p3\">A instala\u00e7\u00e3o deve ser efectuada de acordo com a norma EN 60079-14 e as normas el\u00e9ctricas nacionais aplic\u00e1veis.<\/p>\n","protected":false},"excerpt":{"rendered":"<p>O DonadonSDD IR2A &#8211; Indicador de rutura de grampo \u00e9 um dispositivo fi\u00e1vel e compacto concebido para a dete\u00e7\u00e3o de eventos de rutura em discos de rutura sanit\u00e1rios instalados com liga\u00e7\u00f5es de grampo. O indicador \u00e9 montado diretamente no disco de rutura, assegurando uma dete\u00e7\u00e3o imediata e precisa da ativa\u00e7\u00e3o do disco em aplica\u00e7\u00f5es de [&hellip;]<\/p>\n","protected":false},"featured_media":10269,"menu_order":0,"template":"","meta":{"_acf_changed":false},"categoria_prodotto":[94,81],"class_list":["post-5949","product","type-product","status-publish","has-post-thumbnail","hentry","categoria_prodotto-electric","categoria_prodotto-rupture-indicators"],"acf":[],"yoast_head":"<!-- This site is optimized with the Yoast SEO plugin v27.3 - https:\/\/yoast.com\/product\/yoast-seo-wordpress\/ -->\n<title>Indicador el\u00e9trico sanit\u00e1rio de discos de rutura para discos de aperto - IR2A<\/title>\n<meta name=\"description\" content=\"IR2A Clamp \u2013 indicador de ruptura el\u00e9trico DonadonSDD para discos de ruptura sanit\u00e1rios com liga\u00e7\u00e3o clamp. Certificado ATEX, IECEx e EAC. Para as ind\u00fastrias farmac\u00eautica, alimentar e biotecnol\u00f3gica.\" \/>\n<meta name=\"robots\" content=\"index, follow, max-snippet:-1, max-image-preview:large, max-video-preview:-1\" \/>\n<link rel=\"canonical\" href=\"https:\/\/www.donadonsdd.com\/pt-pt\/produto\/ir2a-sanitary\/\" \/>\n<meta property=\"og:locale\" content=\"pt_PT\" \/>\n<meta property=\"og:type\" content=\"article\" \/>\n<meta property=\"og:title\" content=\"Indicador el\u00e9trico sanit\u00e1rio de discos de rutura para discos de aperto - IR2A\" \/>\n<meta property=\"og:description\" content=\"IR2A Clamp \u2013 indicador de ruptura el\u00e9trico DonadonSDD para discos de ruptura sanit\u00e1rios com liga\u00e7\u00e3o clamp. Certificado ATEX, IECEx e EAC. Para as ind\u00fastrias farmac\u00eautica, alimentar e biotecnol\u00f3gica.\" \/>\n<meta property=\"og:url\" content=\"https:\/\/www.donadonsdd.com\/pt-pt\/produto\/ir2a-sanitary\/\" \/>\n<meta property=\"og:site_name\" content=\"DonadonSDD Srl\" \/>\n<meta property=\"article:modified_time\" content=\"2026-04-14T15:18:02+00:00\" \/>\n<meta property=\"og:image\" content=\"https:\/\/www.donadonsdd.com\/wp-content\/uploads\/2026\/02\/PXL_20260226_130000100.MP-remove-background.com_.png\" \/>\n\t<meta property=\"og:image:width\" content=\"1800\" \/>\n\t<meta property=\"og:image:height\" content=\"1013\" \/>\n\t<meta property=\"og:image:type\" content=\"image\/png\" \/>\n<meta name=\"twitter:card\" content=\"summary_large_image\" \/>\n<meta name=\"twitter:label1\" content=\"Tempo estimado de leitura\" \/>\n\t<meta name=\"twitter:data1\" content=\"3 minutos\" \/>\n<script type=\"application\/ld+json\" class=\"yoast-schema-graph\">{\"@context\":\"https:\\\/\\\/schema.org\",\"@graph\":[{\"@type\":\"WebPage\",\"@id\":\"https:\\\/\\\/www.donadonsdd.com\\\/pt-pt\\\/produto\\\/ir2a-sanitary\\\/\",\"url\":\"https:\\\/\\\/www.donadonsdd.com\\\/pt-pt\\\/produto\\\/ir2a-sanitary\\\/\",\"name\":\"Indicador el\u00e9trico sanit\u00e1rio de discos de rutura para discos de aperto - IR2A\",\"isPartOf\":{\"@id\":\"https:\\\/\\\/www.donadonsdd.com\\\/pt-pt\\\/#website\"},\"primaryImageOfPage\":{\"@id\":\"https:\\\/\\\/www.donadonsdd.com\\\/pt-pt\\\/produto\\\/ir2a-sanitary\\\/#primaryimage\"},\"image\":{\"@id\":\"https:\\\/\\\/www.donadonsdd.com\\\/pt-pt\\\/produto\\\/ir2a-sanitary\\\/#primaryimage\"},\"thumbnailUrl\":\"https:\\\/\\\/www.donadonsdd.com\\\/wp-content\\\/uploads\\\/2026\\\/02\\\/PXL_20260226_130000100.MP-remove-background.com_.png\",\"datePublished\":\"2026-02-20T21:17:32+00:00\",\"dateModified\":\"2026-04-14T15:18:02+00:00\",\"description\":\"IR2A Clamp \u2013 indicador de ruptura el\u00e9trico DonadonSDD para discos de ruptura sanit\u00e1rios com liga\u00e7\u00e3o clamp. Certificado ATEX, IECEx e EAC. Para as ind\u00fastrias farmac\u00eautica, alimentar e biotecnol\u00f3gica.\",\"breadcrumb\":{\"@id\":\"https:\\\/\\\/www.donadonsdd.com\\\/pt-pt\\\/produto\\\/ir2a-sanitary\\\/#breadcrumb\"},\"inLanguage\":\"pt-PT\",\"potentialAction\":[{\"@type\":\"ReadAction\",\"target\":[\"https:\\\/\\\/www.donadonsdd.com\\\/pt-pt\\\/produto\\\/ir2a-sanitary\\\/\"]}]},{\"@type\":\"ImageObject\",\"inLanguage\":\"pt-PT\",\"@id\":\"https:\\\/\\\/www.donadonsdd.com\\\/pt-pt\\\/produto\\\/ir2a-sanitary\\\/#primaryimage\",\"url\":\"https:\\\/\\\/www.donadonsdd.com\\\/wp-content\\\/uploads\\\/2026\\\/02\\\/PXL_20260226_130000100.MP-remove-background.com_.png\",\"contentUrl\":\"https:\\\/\\\/www.donadonsdd.com\\\/wp-content\\\/uploads\\\/2026\\\/02\\\/PXL_20260226_130000100.MP-remove-background.com_.png\",\"width\":1800,\"height\":1013},{\"@type\":\"BreadcrumbList\",\"@id\":\"https:\\\/\\\/www.donadonsdd.com\\\/pt-pt\\\/produto\\\/ir2a-sanitary\\\/#breadcrumb\",\"itemListElement\":[{\"@type\":\"ListItem\",\"position\":1,\"name\":\"HOMEPAGE\",\"item\":\"https:\\\/\\\/www.donadonsdd.com\\\/pt-pt\\\/\"},{\"@type\":\"ListItem\",\"position\":2,\"name\":\"Indicador de rutura IR2A &#8211; Indicador de disco de rutura el\u00e9trico sanit\u00e1rio para discos de aperto\"}]},{\"@type\":\"WebSite\",\"@id\":\"https:\\\/\\\/www.donadonsdd.com\\\/pt-pt\\\/#website\",\"url\":\"https:\\\/\\\/www.donadonsdd.com\\\/pt-pt\\\/\",\"name\":\"DonadonSDD Srl\",\"description\":\"\",\"publisher\":{\"@id\":\"https:\\\/\\\/www.donadonsdd.com\\\/pt-pt\\\/#organization\"},\"potentialAction\":[{\"@type\":\"SearchAction\",\"target\":{\"@type\":\"EntryPoint\",\"urlTemplate\":\"https:\\\/\\\/www.donadonsdd.com\\\/pt-pt\\\/?s={search_term_string}\"},\"query-input\":{\"@type\":\"PropertyValueSpecification\",\"valueRequired\":true,\"valueName\":\"search_term_string\"}}],\"inLanguage\":\"pt-PT\"},{\"@type\":\"Organization\",\"@id\":\"https:\\\/\\\/www.donadonsdd.com\\\/pt-pt\\\/#organization\",\"name\":\"DonadonSDD Srl\",\"url\":\"https:\\\/\\\/www.donadonsdd.com\\\/pt-pt\\\/\",\"logo\":{\"@type\":\"ImageObject\",\"inLanguage\":\"pt-PT\",\"@id\":\"https:\\\/\\\/www.donadonsdd.com\\\/pt-pt\\\/#\\\/schema\\\/logo\\\/image\\\/\",\"url\":\"https:\\\/\\\/www.donadonsdd.com\\\/wp-content\\\/uploads\\\/2025\\\/11\\\/donadonsdd-logo.png\",\"contentUrl\":\"https:\\\/\\\/www.donadonsdd.com\\\/wp-content\\\/uploads\\\/2025\\\/11\\\/donadonsdd-logo.png\",\"width\":544,\"height\":96,\"caption\":\"DonadonSDD Srl\"},\"image\":{\"@id\":\"https:\\\/\\\/www.donadonsdd.com\\\/pt-pt\\\/#\\\/schema\\\/logo\\\/image\\\/\"}}]}<\/script>\n<!-- \/ Yoast SEO plugin. -->","yoast_head_json":{"title":"Indicador el\u00e9trico sanit\u00e1rio de discos de rutura para discos de aperto - IR2A","description":"IR2A Clamp \u2013 indicador de ruptura el\u00e9trico DonadonSDD para discos de ruptura sanit\u00e1rios com liga\u00e7\u00e3o clamp. Certificado ATEX, IECEx e EAC. Para as ind\u00fastrias farmac\u00eautica, alimentar e biotecnol\u00f3gica.","robots":{"index":"index","follow":"follow","max-snippet":"max-snippet:-1","max-image-preview":"max-image-preview:large","max-video-preview":"max-video-preview:-1"},"canonical":"https:\/\/www.donadonsdd.com\/pt-pt\/produto\/ir2a-sanitary\/","og_locale":"pt_PT","og_type":"article","og_title":"Indicador el\u00e9trico sanit\u00e1rio de discos de rutura para discos de aperto - IR2A","og_description":"IR2A Clamp \u2013 indicador de ruptura el\u00e9trico DonadonSDD para discos de ruptura sanit\u00e1rios com liga\u00e7\u00e3o clamp. Certificado ATEX, IECEx e EAC. Para as ind\u00fastrias farmac\u00eautica, alimentar e biotecnol\u00f3gica.","og_url":"https:\/\/www.donadonsdd.com\/pt-pt\/produto\/ir2a-sanitary\/","og_site_name":"DonadonSDD Srl","article_modified_time":"2026-04-14T15:18:02+00:00","og_image":[{"width":1800,"height":1013,"url":"https:\/\/www.donadonsdd.com\/wp-content\/uploads\/2026\/02\/PXL_20260226_130000100.MP-remove-background.com_.png","type":"image\/png"}],"twitter_card":"summary_large_image","twitter_misc":{"Tempo estimado de leitura":"3 minutos"},"schema":{"@context":"https:\/\/schema.org","@graph":[{"@type":"WebPage","@id":"https:\/\/www.donadonsdd.com\/pt-pt\/produto\/ir2a-sanitary\/","url":"https:\/\/www.donadonsdd.com\/pt-pt\/produto\/ir2a-sanitary\/","name":"Indicador el\u00e9trico sanit\u00e1rio de discos de rutura para discos de aperto - IR2A","isPartOf":{"@id":"https:\/\/www.donadonsdd.com\/pt-pt\/#website"},"primaryImageOfPage":{"@id":"https:\/\/www.donadonsdd.com\/pt-pt\/produto\/ir2a-sanitary\/#primaryimage"},"image":{"@id":"https:\/\/www.donadonsdd.com\/pt-pt\/produto\/ir2a-sanitary\/#primaryimage"},"thumbnailUrl":"https:\/\/www.donadonsdd.com\/wp-content\/uploads\/2026\/02\/PXL_20260226_130000100.MP-remove-background.com_.png","datePublished":"2026-02-20T21:17:32+00:00","dateModified":"2026-04-14T15:18:02+00:00","description":"IR2A Clamp \u2013 indicador de ruptura el\u00e9trico DonadonSDD para discos de ruptura sanit\u00e1rios com liga\u00e7\u00e3o clamp. Certificado ATEX, IECEx e EAC. Para as ind\u00fastrias farmac\u00eautica, alimentar e biotecnol\u00f3gica.","breadcrumb":{"@id":"https:\/\/www.donadonsdd.com\/pt-pt\/produto\/ir2a-sanitary\/#breadcrumb"},"inLanguage":"pt-PT","potentialAction":[{"@type":"ReadAction","target":["https:\/\/www.donadonsdd.com\/pt-pt\/produto\/ir2a-sanitary\/"]}]},{"@type":"ImageObject","inLanguage":"pt-PT","@id":"https:\/\/www.donadonsdd.com\/pt-pt\/produto\/ir2a-sanitary\/#primaryimage","url":"https:\/\/www.donadonsdd.com\/wp-content\/uploads\/2026\/02\/PXL_20260226_130000100.MP-remove-background.com_.png","contentUrl":"https:\/\/www.donadonsdd.com\/wp-content\/uploads\/2026\/02\/PXL_20260226_130000100.MP-remove-background.com_.png","width":1800,"height":1013},{"@type":"BreadcrumbList","@id":"https:\/\/www.donadonsdd.com\/pt-pt\/produto\/ir2a-sanitary\/#breadcrumb","itemListElement":[{"@type":"ListItem","position":1,"name":"HOMEPAGE","item":"https:\/\/www.donadonsdd.com\/pt-pt\/"},{"@type":"ListItem","position":2,"name":"Indicador de rutura IR2A &#8211; Indicador de disco de rutura el\u00e9trico sanit\u00e1rio para discos de aperto"}]},{"@type":"WebSite","@id":"https:\/\/www.donadonsdd.com\/pt-pt\/#website","url":"https:\/\/www.donadonsdd.com\/pt-pt\/","name":"DonadonSDD Srl","description":"","publisher":{"@id":"https:\/\/www.donadonsdd.com\/pt-pt\/#organization"},"potentialAction":[{"@type":"SearchAction","target":{"@type":"EntryPoint","urlTemplate":"https:\/\/www.donadonsdd.com\/pt-pt\/?s={search_term_string}"},"query-input":{"@type":"PropertyValueSpecification","valueRequired":true,"valueName":"search_term_string"}}],"inLanguage":"pt-PT"},{"@type":"Organization","@id":"https:\/\/www.donadonsdd.com\/pt-pt\/#organization","name":"DonadonSDD Srl","url":"https:\/\/www.donadonsdd.com\/pt-pt\/","logo":{"@type":"ImageObject","inLanguage":"pt-PT","@id":"https:\/\/www.donadonsdd.com\/pt-pt\/#\/schema\/logo\/image\/","url":"https:\/\/www.donadonsdd.com\/wp-content\/uploads\/2025\/11\/donadonsdd-logo.png","contentUrl":"https:\/\/www.donadonsdd.com\/wp-content\/uploads\/2025\/11\/donadonsdd-logo.png","width":544,"height":96,"caption":"DonadonSDD Srl"},"image":{"@id":"https:\/\/www.donadonsdd.com\/pt-pt\/#\/schema\/logo\/image\/"}}]}},"toolset-meta":{"toolset-woocommerce-fields":{"_download_limit":{"type":"numeric","raw":""},"_virtual":{"type":"checkbox","raw":""},"_downloadable":{"type":"checkbox","raw":""},"_download_expiry":{"type":"numeric","raw":""},"_download_type":{"type":"radio","raw":""},"_regular_price":{"type":"numeric","raw":""},"_sale_price":{"type":"numeric","raw":""},"_sale_price_dates_from":{"type":"date","raw":"","formatted":null},"_sale_price_dates_to":{"type":"date","raw":"","formatted":null},"_sku":{"type":"textfield","raw":""},"_manage_stock":{"type":"checkbox","raw":""},"_stock_status":{"type":"radio","raw":""},"_stock":{"type":"numeric","raw":""},"_backorders":{"type":"radio","raw":""},"_sold_individually":{"type":"checkbox","raw":""},"_width":{"type":"numeric","raw":""},"_weight":{"type":"numeric","raw":""},"_length":{"type":"numeric","raw":""},"_purchase_note":{"type":"textarea","raw":""}},"infografica":{"operation-ratio":{"type":"textfield","raw":""},"non-fragmenting":{"type":"textfield","raw":""},"vacumm-resistant":{"type":"textfield","raw":""},"sanitary":{"type":"textfield","raw":""},"liquid":{"type":"textfield","raw":""},"vapor-gas":{"type":"textfield","raw":""},"ferrules":{"type":"textfield","raw":""}},"dettagli-prodotto":{"immagini-prodotto":{"type":"image","raw":["https:\/\/www.donadonsdd.com\/wp-content\/uploads\/2026\/02\/PXL_20260226_130000100.MP_.jpg"],"repeatable":[{"raw":"https:\/\/www.donadonsdd.com\/wp-content\/uploads\/2026\/02\/PXL_20260226_130000100.MP_.jpg","attachment_id":10410}]},"tabella-specifiche":{"type":"wysiwyg","raw":"===TABLE===\r\nMODELO | IR2A CLAMP;\r\nTEMPERATURA DE FUNCIONAMENTO | Parte ativa: de -196 \u00b0C a 260 \u00b0C \u00a7 Cabo de interface: de -40 \u00b0C a +70 \u00b0C;\r\nENCAPSULAMENTO DE MEMBRANA | Poliimida (Kapton\u00ae);\r\nPLACA DE CIRCUITO IMPRESSO | Cobre;\r\nCABO | Padr\u00e3o, 2 m - dispon\u00edvel com duas ponteiras ou com conetor \u00a7 Comprimento m\u00e1ximo 15 m;\r\nPAR\u00c2METROS EL\u00c9TRICOS DA FONTE DE ALIMENTA\u00c7\u00c3O (MAX) | Tens\u00e3o: 24 V CC \u00a7 Corrente: 50 mA \u00a7 Pot\u00eancia: 0.3 W \u00a7 Capacidade: 780 pF \u00a7 Indut\u00e2ncia: 10,2 \u00b5H;\r\nFLUIDO DO PROCESSO | G\u00e1s, l\u00edquido, p\u00f3;\r\nGRAU DE IP | 67;\r\nCOMPATIBILIDADE COM DISPOSITIVOS DE RUPTURA | <a href=\"https:\/\/www.donadonsdd.com\/pt-pt\/produto\/dcd-sanitary\/\">Sanit\u00e1rio DCD<\/a>, <a href=\"https:\/\/www.donadonsdd.com\/pt-pt\/produto\/scd-sanitary\/\">Sanit\u00e1rio SCD<\/a>, <a href=\"https:\/\/www.donadonsdd.com\/pt-pt\/produto\/scr-sanitary\/\">Sanit\u00e1rio SCR<\/a>, <a href=\"https:\/\/www.donadonsdd.com\/pt-pt\/produto\/y90-sanitary\/\">Sanit\u00e1rio Y90<\/a>, <a href=\"https:\/\/www.donadonsdd.com\/pt-pt\/produto\/krd-sanitary\/\">Sanit\u00e1rio KRD<\/a>;\r\n\r\n===TEXT===\r\n<h3>Press\u00e3o m\u00ednima de funcionamento em fun\u00e7\u00e3o do di\u00e2metro:<\/h3>\r\n===TABLE===\r\nDN (MM) | 25 | 40 | 50 | 65 | 80 | 100 | 150 | 200;\r\nNPS (POLEGADAS) | 1 | 1 1\/2 | 2 | 2 1\/2 | 3 | 4 | 6 | 8 ;\r\nPRESS\u00c3O M\u00cdNIMA (BAR G) | 0,8 | 0,5 | 0,45 | 0,4 | 0,12 | 0,1 | 0,07 | 0,05;"}}},"_links":{"self":[{"href":"https:\/\/www.donadonsdd.com\/pt-pt\/wp-json\/wp\/v2\/product\/5949","targetHints":{"allow":["GET"]}}],"collection":[{"href":"https:\/\/www.donadonsdd.com\/pt-pt\/wp-json\/wp\/v2\/product"}],"about":[{"href":"https:\/\/www.donadonsdd.com\/pt-pt\/wp-json\/wp\/v2\/types\/product"}],"wp:featuredmedia":[{"embeddable":true,"href":"https:\/\/www.donadonsdd.com\/pt-pt\/wp-json\/wp\/v2\/media\/10269"}],"wp:attachment":[{"href":"https:\/\/www.donadonsdd.com\/pt-pt\/wp-json\/wp\/v2\/media?parent=5949"}],"wp:term":[{"taxonomy":"categoria_prodotto","embeddable":true,"href":"https:\/\/www.donadonsdd.com\/pt-pt\/wp-json\/wp\/v2\/categoria_prodotto?post=5949"}],"curies":[{"name":"wp","href":"https:\/\/api.w.org\/{rel}","templated":true}]}}