{"id":5953,"date":"2025-12-11T17:14:15","date_gmt":"2025-12-11T16:14:15","guid":{"rendered":"https:\/\/www.donadonsdd.com\/product\/indicadores-de-rutura-ofi-04-e-ofi-07\/"},"modified":"2026-02-27T23:54:21","modified_gmt":"2026-02-27T22:54:21","slug":"ofi","status":"publish","type":"product","link":"https:\/\/www.donadonsdd.com\/pt-pt\/produto\/ofi\/","title":{"rendered":"Indicadores de rutura OFI 04 e OFI 07"},"content":{"rendered":"<p>Os indicadores \u00f3pticos de rutura Donadon OFI 04 e OFI 07 s\u00e3o instrumentos muito simples e fi\u00e1veis para detetar o rebentamento dos discos.<\/p>\n<p>Os terminais das fibras \u00f3pticas s\u00e3o instalados no suporte do disco numa posi\u00e7\u00e3o adequada e s\u00e3o ligados a um amplificador.<\/p>\n<p>A transmiss\u00e3o de luz entre as duas fibras \u00f3pticas \u00e9 interrompida pelo rebentamento do disco e \u00e9 enviado um sinal ao sistema de seguran\u00e7a da central.<\/p>\n<p>Se o amplificador estiver numa zona classificada ATEX 1, 21, 2, 22, tem de ser instalado dentro de uma caixa certificada Ex d.<\/p>\n<p>N\u00e3o existem partes el\u00e9ctricas ou m\u00f3veis em contacto com o equipamento a controlar, pelo que os indicadores OFI n\u00e3o constituem uma fonte de igni\u00e7\u00e3o.<\/p>\n<p>Os indicadores OFI 04 e OFI 07 n\u00e3o s\u00e3o danificados pela abertura do disco e, por conseguinte, n\u00e3o necessitam de ser substitu\u00eddos. Recomenda-se a limpeza das l\u00e2minas de prote\u00e7\u00e3o. <\/p>\n<p>OFI 04 e OFI 07 indicam a abertura do disco para qualquer manuten\u00e7\u00e3o ou substitui\u00e7\u00e3o.<\/p>\n<p>A instala\u00e7\u00e3o da zona depende do tipo de barreira:<\/p>\n<ul>\n<li>Barreira Ex ia &#8211;&gt; zona 0; 20; 1; 21; 2; 22<\/li>\n<li>Ex ib barrier &#8211;&gt; zona 1; 21; 2; 22<\/li>\n<\/ul>\n","protected":false},"excerpt":{"rendered":"<p>Os indicadores \u00f3pticos de rutura Donadon OFI 04 e OFI 07 s\u00e3o instrumentos muito simples e fi\u00e1veis para detetar o rebentamento dos discos. Os terminais das fibras \u00f3pticas s\u00e3o instalados no suporte do disco numa posi\u00e7\u00e3o adequada e s\u00e3o ligados a um amplificador. A transmiss\u00e3o de luz entre as duas fibras \u00f3pticas \u00e9 interrompida pelo [&hellip;]<\/p>\n","protected":false},"featured_media":5955,"menu_order":0,"template":"","meta":{"_acf_changed":false},"categoria_prodotto":[97,81],"class_list":["post-5953","product","type-product","status-publish","has-post-thumbnail","hentry","categoria_prodotto-optic-fibre","categoria_prodotto-rupture-indicators"],"acf":[],"yoast_head":"<!-- This site is optimized with the Yoast SEO plugin v27.3 - https:\/\/yoast.com\/product\/yoast-seo-wordpress\/ -->\n<title>Indicador de disco de rutura de fibra \u00f3tica para \u00e1reas perigosas - OFI<\/title>\n<meta name=\"description\" content=\"Indicador de disco de rutura de fibra \u00f3tica para dete\u00e7\u00e3o de rutura sem energia el\u00e9ctrica no ponto de dete\u00e7\u00e3o. Adequado para \u00e1reas perigosas.\" \/>\n<meta name=\"robots\" content=\"index, follow, max-snippet:-1, max-image-preview:large, max-video-preview:-1\" \/>\n<link rel=\"canonical\" href=\"https:\/\/www.donadonsdd.com\/pt-pt\/produto\/ofi\/\" \/>\n<meta property=\"og:locale\" content=\"pt_PT\" \/>\n<meta property=\"og:type\" content=\"article\" \/>\n<meta property=\"og:title\" content=\"Indicador de disco de rutura de fibra \u00f3tica para \u00e1reas perigosas - OFI\" \/>\n<meta property=\"og:description\" content=\"Indicador de disco de rutura de fibra \u00f3tica para dete\u00e7\u00e3o de rutura sem energia el\u00e9ctrica no ponto de dete\u00e7\u00e3o. Adequado para \u00e1reas perigosas.\" \/>\n<meta property=\"og:url\" content=\"https:\/\/www.donadonsdd.com\/pt-pt\/produto\/ofi\/\" \/>\n<meta property=\"og:site_name\" content=\"DonadonSDD Srl\" \/>\n<meta property=\"article:modified_time\" content=\"2026-02-27T22:54:21+00:00\" \/>\n<meta property=\"og:image\" content=\"https:\/\/www.donadonsdd.com\/wp-content\/uploads\/2025\/12\/OPTICAL-remove-background.com_.png\" \/>\n\t<meta property=\"og:image:width\" content=\"700\" \/>\n\t<meta property=\"og:image:height\" content=\"466\" \/>\n\t<meta property=\"og:image:type\" content=\"image\/png\" \/>\n<meta name=\"twitter:card\" content=\"summary_large_image\" \/>\n<meta name=\"twitter:label1\" content=\"Tempo estimado de leitura\" \/>\n\t<meta name=\"twitter:data1\" content=\"1 minuto\" \/>\n<script type=\"application\/ld+json\" class=\"yoast-schema-graph\">{\"@context\":\"https:\\\/\\\/schema.org\",\"@graph\":[{\"@type\":\"WebPage\",\"@id\":\"https:\\\/\\\/www.donadonsdd.com\\\/pt-pt\\\/produto\\\/ofi\\\/\",\"url\":\"https:\\\/\\\/www.donadonsdd.com\\\/pt-pt\\\/produto\\\/ofi\\\/\",\"name\":\"Indicador de disco de rutura de fibra \u00f3tica para \u00e1reas perigosas - OFI\",\"isPartOf\":{\"@id\":\"https:\\\/\\\/www.donadonsdd.com\\\/pt-pt\\\/#website\"},\"primaryImageOfPage\":{\"@id\":\"https:\\\/\\\/www.donadonsdd.com\\\/pt-pt\\\/produto\\\/ofi\\\/#primaryimage\"},\"image\":{\"@id\":\"https:\\\/\\\/www.donadonsdd.com\\\/pt-pt\\\/produto\\\/ofi\\\/#primaryimage\"},\"thumbnailUrl\":\"https:\\\/\\\/www.donadonsdd.com\\\/wp-content\\\/uploads\\\/2025\\\/12\\\/OPTICAL-remove-background.com_.png\",\"datePublished\":\"2025-12-11T16:14:15+00:00\",\"dateModified\":\"2026-02-27T22:54:21+00:00\",\"description\":\"Indicador de disco de rutura de fibra \u00f3tica para dete\u00e7\u00e3o de rutura sem energia el\u00e9ctrica no ponto de dete\u00e7\u00e3o. Adequado para \u00e1reas perigosas.\",\"breadcrumb\":{\"@id\":\"https:\\\/\\\/www.donadonsdd.com\\\/pt-pt\\\/produto\\\/ofi\\\/#breadcrumb\"},\"inLanguage\":\"pt-PT\",\"potentialAction\":[{\"@type\":\"ReadAction\",\"target\":[\"https:\\\/\\\/www.donadonsdd.com\\\/pt-pt\\\/produto\\\/ofi\\\/\"]}]},{\"@type\":\"ImageObject\",\"inLanguage\":\"pt-PT\",\"@id\":\"https:\\\/\\\/www.donadonsdd.com\\\/pt-pt\\\/produto\\\/ofi\\\/#primaryimage\",\"url\":\"https:\\\/\\\/www.donadonsdd.com\\\/wp-content\\\/uploads\\\/2025\\\/12\\\/OPTICAL-remove-background.com_.png\",\"contentUrl\":\"https:\\\/\\\/www.donadonsdd.com\\\/wp-content\\\/uploads\\\/2025\\\/12\\\/OPTICAL-remove-background.com_.png\",\"width\":700,\"height\":466},{\"@type\":\"BreadcrumbList\",\"@id\":\"https:\\\/\\\/www.donadonsdd.com\\\/pt-pt\\\/produto\\\/ofi\\\/#breadcrumb\",\"itemListElement\":[{\"@type\":\"ListItem\",\"position\":1,\"name\":\"HOMEPAGE\",\"item\":\"https:\\\/\\\/www.donadonsdd.com\\\/pt-pt\\\/\"},{\"@type\":\"ListItem\",\"position\":2,\"name\":\"Indicadores de rutura OFI 04 e OFI 07\"}]},{\"@type\":\"WebSite\",\"@id\":\"https:\\\/\\\/www.donadonsdd.com\\\/pt-pt\\\/#website\",\"url\":\"https:\\\/\\\/www.donadonsdd.com\\\/pt-pt\\\/\",\"name\":\"DonadonSDD Srl\",\"description\":\"\",\"publisher\":{\"@id\":\"https:\\\/\\\/www.donadonsdd.com\\\/pt-pt\\\/#organization\"},\"potentialAction\":[{\"@type\":\"SearchAction\",\"target\":{\"@type\":\"EntryPoint\",\"urlTemplate\":\"https:\\\/\\\/www.donadonsdd.com\\\/pt-pt\\\/?s={search_term_string}\"},\"query-input\":{\"@type\":\"PropertyValueSpecification\",\"valueRequired\":true,\"valueName\":\"search_term_string\"}}],\"inLanguage\":\"pt-PT\"},{\"@type\":\"Organization\",\"@id\":\"https:\\\/\\\/www.donadonsdd.com\\\/pt-pt\\\/#organization\",\"name\":\"DonadonSDD Srl\",\"url\":\"https:\\\/\\\/www.donadonsdd.com\\\/pt-pt\\\/\",\"logo\":{\"@type\":\"ImageObject\",\"inLanguage\":\"pt-PT\",\"@id\":\"https:\\\/\\\/www.donadonsdd.com\\\/pt-pt\\\/#\\\/schema\\\/logo\\\/image\\\/\",\"url\":\"https:\\\/\\\/www.donadonsdd.com\\\/wp-content\\\/uploads\\\/2025\\\/11\\\/donadonsdd-logo.png\",\"contentUrl\":\"https:\\\/\\\/www.donadonsdd.com\\\/wp-content\\\/uploads\\\/2025\\\/11\\\/donadonsdd-logo.png\",\"width\":544,\"height\":96,\"caption\":\"DonadonSDD Srl\"},\"image\":{\"@id\":\"https:\\\/\\\/www.donadonsdd.com\\\/pt-pt\\\/#\\\/schema\\\/logo\\\/image\\\/\"}}]}<\/script>\n<!-- \/ Yoast SEO plugin. -->","yoast_head_json":{"title":"Indicador de disco de rutura de fibra \u00f3tica para \u00e1reas perigosas - OFI","description":"Indicador de disco de rutura de fibra \u00f3tica para dete\u00e7\u00e3o de rutura sem energia el\u00e9ctrica no ponto de dete\u00e7\u00e3o. Adequado para \u00e1reas perigosas.","robots":{"index":"index","follow":"follow","max-snippet":"max-snippet:-1","max-image-preview":"max-image-preview:large","max-video-preview":"max-video-preview:-1"},"canonical":"https:\/\/www.donadonsdd.com\/pt-pt\/produto\/ofi\/","og_locale":"pt_PT","og_type":"article","og_title":"Indicador de disco de rutura de fibra \u00f3tica para \u00e1reas perigosas - OFI","og_description":"Indicador de disco de rutura de fibra \u00f3tica para dete\u00e7\u00e3o de rutura sem energia el\u00e9ctrica no ponto de dete\u00e7\u00e3o. Adequado para \u00e1reas perigosas.","og_url":"https:\/\/www.donadonsdd.com\/pt-pt\/produto\/ofi\/","og_site_name":"DonadonSDD Srl","article_modified_time":"2026-02-27T22:54:21+00:00","og_image":[{"width":700,"height":466,"url":"https:\/\/www.donadonsdd.com\/wp-content\/uploads\/2025\/12\/OPTICAL-remove-background.com_.png","type":"image\/png"}],"twitter_card":"summary_large_image","twitter_misc":{"Tempo estimado de leitura":"1 minuto"},"schema":{"@context":"https:\/\/schema.org","@graph":[{"@type":"WebPage","@id":"https:\/\/www.donadonsdd.com\/pt-pt\/produto\/ofi\/","url":"https:\/\/www.donadonsdd.com\/pt-pt\/produto\/ofi\/","name":"Indicador de disco de rutura de fibra \u00f3tica para \u00e1reas perigosas - OFI","isPartOf":{"@id":"https:\/\/www.donadonsdd.com\/pt-pt\/#website"},"primaryImageOfPage":{"@id":"https:\/\/www.donadonsdd.com\/pt-pt\/produto\/ofi\/#primaryimage"},"image":{"@id":"https:\/\/www.donadonsdd.com\/pt-pt\/produto\/ofi\/#primaryimage"},"thumbnailUrl":"https:\/\/www.donadonsdd.com\/wp-content\/uploads\/2025\/12\/OPTICAL-remove-background.com_.png","datePublished":"2025-12-11T16:14:15+00:00","dateModified":"2026-02-27T22:54:21+00:00","description":"Indicador de disco de rutura de fibra \u00f3tica para dete\u00e7\u00e3o de rutura sem energia el\u00e9ctrica no ponto de dete\u00e7\u00e3o. Adequado para \u00e1reas perigosas.","breadcrumb":{"@id":"https:\/\/www.donadonsdd.com\/pt-pt\/produto\/ofi\/#breadcrumb"},"inLanguage":"pt-PT","potentialAction":[{"@type":"ReadAction","target":["https:\/\/www.donadonsdd.com\/pt-pt\/produto\/ofi\/"]}]},{"@type":"ImageObject","inLanguage":"pt-PT","@id":"https:\/\/www.donadonsdd.com\/pt-pt\/produto\/ofi\/#primaryimage","url":"https:\/\/www.donadonsdd.com\/wp-content\/uploads\/2025\/12\/OPTICAL-remove-background.com_.png","contentUrl":"https:\/\/www.donadonsdd.com\/wp-content\/uploads\/2025\/12\/OPTICAL-remove-background.com_.png","width":700,"height":466},{"@type":"BreadcrumbList","@id":"https:\/\/www.donadonsdd.com\/pt-pt\/produto\/ofi\/#breadcrumb","itemListElement":[{"@type":"ListItem","position":1,"name":"HOMEPAGE","item":"https:\/\/www.donadonsdd.com\/pt-pt\/"},{"@type":"ListItem","position":2,"name":"Indicadores de rutura OFI 04 e OFI 07"}]},{"@type":"WebSite","@id":"https:\/\/www.donadonsdd.com\/pt-pt\/#website","url":"https:\/\/www.donadonsdd.com\/pt-pt\/","name":"DonadonSDD Srl","description":"","publisher":{"@id":"https:\/\/www.donadonsdd.com\/pt-pt\/#organization"},"potentialAction":[{"@type":"SearchAction","target":{"@type":"EntryPoint","urlTemplate":"https:\/\/www.donadonsdd.com\/pt-pt\/?s={search_term_string}"},"query-input":{"@type":"PropertyValueSpecification","valueRequired":true,"valueName":"search_term_string"}}],"inLanguage":"pt-PT"},{"@type":"Organization","@id":"https:\/\/www.donadonsdd.com\/pt-pt\/#organization","name":"DonadonSDD Srl","url":"https:\/\/www.donadonsdd.com\/pt-pt\/","logo":{"@type":"ImageObject","inLanguage":"pt-PT","@id":"https:\/\/www.donadonsdd.com\/pt-pt\/#\/schema\/logo\/image\/","url":"https:\/\/www.donadonsdd.com\/wp-content\/uploads\/2025\/11\/donadonsdd-logo.png","contentUrl":"https:\/\/www.donadonsdd.com\/wp-content\/uploads\/2025\/11\/donadonsdd-logo.png","width":544,"height":96,"caption":"DonadonSDD Srl"},"image":{"@id":"https:\/\/www.donadonsdd.com\/pt-pt\/#\/schema\/logo\/image\/"}}]}},"toolset-meta":{"toolset-woocommerce-fields":{"_download_limit":{"type":"numeric","raw":""},"_virtual":{"type":"checkbox","raw":""},"_downloadable":{"type":"checkbox","raw":""},"_download_expiry":{"type":"numeric","raw":""},"_download_type":{"type":"radio","raw":""},"_regular_price":{"type":"numeric","raw":""},"_sale_price":{"type":"numeric","raw":""},"_sale_price_dates_from":{"type":"date","raw":"","formatted":null},"_sale_price_dates_to":{"type":"date","raw":"","formatted":null},"_sku":{"type":"textfield","raw":""},"_manage_stock":{"type":"checkbox","raw":""},"_stock_status":{"type":"radio","raw":""},"_stock":{"type":"numeric","raw":""},"_backorders":{"type":"radio","raw":""},"_sold_individually":{"type":"checkbox","raw":""},"_width":{"type":"numeric","raw":""},"_weight":{"type":"numeric","raw":""},"_length":{"type":"numeric","raw":""},"_purchase_note":{"type":"textarea","raw":""}},"infografica":{"operation-ratio":{"type":"textfield","raw":""},"non-fragmenting":{"type":"textfield","raw":""},"vacumm-resistant":{"type":"textfield","raw":""},"sanitary":{"type":"textfield","raw":""},"liquid":{"type":"textfield","raw":""},"vapor-gas":{"type":"textfield","raw":""},"ferrules":{"type":"textfield","raw":""}},"dettagli-prodotto":{"immagini-prodotto":{"type":"image","raw":[""],"repeatable":[{"raw":""}]},"tabella-specifiche":{"type":"wysiwyg","raw":"===TEXT===\n<h3>Propriedades t\u00e9cnicas das fibras \u00f3pticas<\/h3>\n===TABLE===\nMODELO | OFI 04 | OFI 07;\nFibra \u00f3tica | Pl\u00e1stico | Vidro com prote\u00e7\u00e3o de a\u00e7o;\nTEMPERATURA DE FUNCIONAMENTO | De -55 a +70\u00b0C\/+105\u00b0C | De -40\u00b0C a +250\u00b0C;\nRAIO DE CURVATURA M\u00cdNIMO | R25 | R23;\n\n===TEXT===\n<h3>Propriedades t\u00e9cnicas do amplificador<\/h3>\n===TABLE===\nMODELO | OFI 04 | OFI 07;\nALIMENTA\u00c7\u00c3O DO AMPLIFICADOR | 12-24 VDC;\nCONSUMO DO AMPLIFICADOR | 45 mA m\u00e1x;\nTEMPERATURA DE FUNCIONAMENTO | De -10\u00b0C a +60\u00b0C;\nTEMPO DE FEEDBACK | 1 msec;\nGRAU DE PROTEC\u00c7\u00c3O | IP64 ;\nMATERIAL DO AMPLIFICADOR | ABS;\nDISCO DE RUPTURA | <a href=\"https:\/\/www.donadonsdd.com\/pt-pt\/produto\/dcd-composite\/\">DCD<\/a>, <a href=\"https:\/\/www.donadonsdd.com\/pt-pt\/produto\/dif\/\">DIF<\/a>, <a href=\"https:\/\/www.donadonsdd.com\/pt-pt\/produto\/lpd\/\">LPD<\/a>, <a href=\"https:\/\/www.donadonsdd.com\/pt-pt\/produto\/scd\/\">SCD<\/a>, <a href=\"https:\/\/www.donadonsdd.com\/pt-pt\/produto\/scr\/\">SCR<\/a>, <a href=\"https:\/\/www.donadonsdd.com\/pt-pt\/produto\/y90\/\">Y90<\/a>, <a href=\"https:\/\/www.donadonsdd.com\/pt-pt\/produto\/krd\/\">KRD<\/a>;       "}}},"_links":{"self":[{"href":"https:\/\/www.donadonsdd.com\/pt-pt\/wp-json\/wp\/v2\/product\/5953","targetHints":{"allow":["GET"]}}],"collection":[{"href":"https:\/\/www.donadonsdd.com\/pt-pt\/wp-json\/wp\/v2\/product"}],"about":[{"href":"https:\/\/www.donadonsdd.com\/pt-pt\/wp-json\/wp\/v2\/types\/product"}],"wp:featuredmedia":[{"embeddable":true,"href":"https:\/\/www.donadonsdd.com\/pt-pt\/wp-json\/wp\/v2\/media\/5955"}],"wp:attachment":[{"href":"https:\/\/www.donadonsdd.com\/pt-pt\/wp-json\/wp\/v2\/media?parent=5953"}],"wp:term":[{"taxonomy":"categoria_prodotto","embeddable":true,"href":"https:\/\/www.donadonsdd.com\/pt-pt\/wp-json\/wp\/v2\/categoria_prodotto?post=5953"}],"curies":[{"name":"wp","href":"https:\/\/api.w.org\/{rel}","templated":true}]}}