{"id":5965,"date":"2026-02-20T23:22:34","date_gmt":"2026-02-20T22:22:34","guid":{"rendered":"https:\/\/www.donadonsdd.com\/product\/painel-circular-de-ventilacao-de-explosao-para-aplicacoes-de-poeira-e-gas-psc\/"},"modified":"2026-02-28T00:22:52","modified_gmt":"2026-02-27T23:22:52","slug":"psc","status":"publish","type":"product","link":"https:\/\/www.donadonsdd.com\/pt-pt\/produto\/psc\/","title":{"rendered":"Painel circular de ventila\u00e7\u00e3o de explos\u00e3o para aplica\u00e7\u00f5es de poeira e g\u00e1s &#8211; PSC"},"content":{"rendered":"<p class=\"p1\">Os pain\u00e9is de ventila\u00e7\u00e3o circulares DonadonSDD PS\/C s\u00e3o pain\u00e9is tensores compostos compostos por tr\u00eas partes:<\/p>\n<ul>\n<li class=\"p1\">uma pe\u00e7a met\u00e1lica calibrada<\/li>\n<li class=\"p1\">uma membrana de veda\u00e7\u00e3o (geralmente em PTFE)<\/li>\n<li class=\"p1\">uma sec\u00e7\u00e3o de prote\u00e7\u00e3o met\u00e1lica<\/li>\n<\/ul>\n<p class=\"p1\">Tamb\u00e9m est\u00e3o dispon\u00edveis suportes de v\u00e1cuo.<\/p>\n<p class=\"p1\">Os pain\u00e9is de ventila\u00e7\u00e3o para explos\u00e3o s\u00e3o adequados para utiliza\u00e7\u00e3o com g\u00e1s e\/ou poeiras em condi\u00e7\u00f5es est\u00e1ticas, pulsantes e c\u00edclicas. Normalmente, t\u00eam press\u00f5es de ventila\u00e7\u00e3o muito baixas (padr\u00e3o 0,1 bar g). Os pain\u00e9is s\u00e3o principalmente instalados em colectores de poeiras, secadores, calhas, silos, separadores, misturadores, boosters, purificadores de ar, crivos e filtros.  <\/p>\n<p class=\"p1\">Podem ser montados entre arma\u00e7\u00f5es soldadas ou perfis n\u00e3o maquinados em a\u00e7o carbono ou a\u00e7o inoxid\u00e1vel. N\u00e3o s\u00e3o necess\u00e1rios quadros maquinados ou contentores dispendiosos. <\/p>\n<p class=\"p1\">Os pain\u00e9is podem ser fornecidos em execu\u00e7\u00e3o ATEX (PS\/EX) e certificados EX II GD e EX II D. Podem, portanto, ser instalados em locais com presen\u00e7a de atmosferas explosivas (zonas classificadas como categoria 0, 20, 1, 21, 2 e 20 de acordo com a Diretiva Europeia ATEX 2014\/34\/UE). <\/p>\n","protected":false},"excerpt":{"rendered":"<p>Os pain\u00e9is de ventila\u00e7\u00e3o circulares DonadonSDD PS\/C s\u00e3o pain\u00e9is tensores compostos compostos por tr\u00eas partes: uma pe\u00e7a met\u00e1lica calibrada uma membrana de veda\u00e7\u00e3o (geralmente em PTFE) uma sec\u00e7\u00e3o de prote\u00e7\u00e3o met\u00e1lica Tamb\u00e9m est\u00e3o dispon\u00edveis suportes de v\u00e1cuo. Os pain\u00e9is de ventila\u00e7\u00e3o para explos\u00e3o s\u00e3o adequados para utiliza\u00e7\u00e3o com g\u00e1s e\/ou poeiras em condi\u00e7\u00f5es est\u00e1ticas, pulsantes [&hellip;]<\/p>\n","protected":false},"featured_media":10265,"menu_order":0,"template":"","meta":{"_acf_changed":false},"categoria_prodotto":[80],"class_list":["post-5965","product","type-product","status-publish","has-post-thumbnail","hentry","categoria_prodotto-explosion-venting-panels"],"acf":[],"yoast_head":"<!-- This site is optimized with the Yoast SEO plugin v27.3 - https:\/\/yoast.com\/product\/yoast-seo-wordpress\/ -->\n<title>Painel circular de ventila\u00e7\u00e3o de explos\u00e3o para aplica\u00e7\u00f5es de poeira e g\u00e1s - PSC<\/title>\n<meta name=\"description\" content=\"Painel composto de ventila\u00e7\u00e3o de explos\u00e3o para aplica\u00e7\u00f5es de p\u00f3 e g\u00e1s. A baixa press\u00e3o de abertura e a conce\u00e7\u00e3o n\u00e3o fragmentada permitem uma ventila\u00e7\u00e3o fi\u00e1vel contra explos\u00f5es, com certifica\u00e7\u00e3o ATEX, adequada para silos, filtros e equipamento de manuseamento de poeiras.\" \/>\n<meta name=\"robots\" content=\"index, follow, max-snippet:-1, max-image-preview:large, max-video-preview:-1\" \/>\n<link rel=\"canonical\" href=\"https:\/\/www.donadonsdd.com\/pt-pt\/produto\/psc\/\" \/>\n<meta property=\"og:locale\" content=\"pt_PT\" \/>\n<meta property=\"og:type\" content=\"article\" \/>\n<meta property=\"og:title\" content=\"Painel circular de ventila\u00e7\u00e3o de explos\u00e3o para aplica\u00e7\u00f5es de poeira e g\u00e1s - PSC\" \/>\n<meta property=\"og:description\" content=\"Painel composto de ventila\u00e7\u00e3o de explos\u00e3o para aplica\u00e7\u00f5es de p\u00f3 e g\u00e1s. A baixa press\u00e3o de abertura e a conce\u00e7\u00e3o n\u00e3o fragmentada permitem uma ventila\u00e7\u00e3o fi\u00e1vel contra explos\u00f5es, com certifica\u00e7\u00e3o ATEX, adequada para silos, filtros e equipamento de manuseamento de poeiras.\" \/>\n<meta property=\"og:url\" content=\"https:\/\/www.donadonsdd.com\/pt-pt\/produto\/psc\/\" \/>\n<meta property=\"og:site_name\" content=\"DonadonSDD Srl\" \/>\n<meta property=\"article:modified_time\" content=\"2026-02-27T23:22:52+00:00\" \/>\n<meta property=\"og:image\" content=\"https:\/\/www.donadonsdd.com\/wp-content\/uploads\/2026\/02\/circle20venting20panel-remove-background.com_.png\" \/>\n\t<meta property=\"og:image:width\" content=\"700\" \/>\n\t<meta property=\"og:image:height\" content=\"466\" \/>\n\t<meta property=\"og:image:type\" content=\"image\/png\" \/>\n<meta name=\"twitter:card\" content=\"summary_large_image\" \/>\n<meta name=\"twitter:label1\" content=\"Tempo estimado de leitura\" \/>\n\t<meta name=\"twitter:data1\" content=\"1 minuto\" \/>\n<script type=\"application\/ld+json\" class=\"yoast-schema-graph\">{\"@context\":\"https:\\\/\\\/schema.org\",\"@graph\":[{\"@type\":\"WebPage\",\"@id\":\"https:\\\/\\\/www.donadonsdd.com\\\/pt-pt\\\/produto\\\/psc\\\/\",\"url\":\"https:\\\/\\\/www.donadonsdd.com\\\/pt-pt\\\/produto\\\/psc\\\/\",\"name\":\"Painel circular de ventila\u00e7\u00e3o de explos\u00e3o para aplica\u00e7\u00f5es de poeira e g\u00e1s - PSC\",\"isPartOf\":{\"@id\":\"https:\\\/\\\/www.donadonsdd.com\\\/pt-pt\\\/#website\"},\"primaryImageOfPage\":{\"@id\":\"https:\\\/\\\/www.donadonsdd.com\\\/pt-pt\\\/produto\\\/psc\\\/#primaryimage\"},\"image\":{\"@id\":\"https:\\\/\\\/www.donadonsdd.com\\\/pt-pt\\\/produto\\\/psc\\\/#primaryimage\"},\"thumbnailUrl\":\"https:\\\/\\\/www.donadonsdd.com\\\/wp-content\\\/uploads\\\/2026\\\/02\\\/circle20venting20panel-remove-background.com_.png\",\"datePublished\":\"2026-02-20T22:22:34+00:00\",\"dateModified\":\"2026-02-27T23:22:52+00:00\",\"description\":\"Painel composto de ventila\u00e7\u00e3o de explos\u00e3o para aplica\u00e7\u00f5es de p\u00f3 e g\u00e1s. A baixa press\u00e3o de abertura e a conce\u00e7\u00e3o n\u00e3o fragmentada permitem uma ventila\u00e7\u00e3o fi\u00e1vel contra explos\u00f5es, com certifica\u00e7\u00e3o ATEX, adequada para silos, filtros e equipamento de manuseamento de poeiras.\",\"breadcrumb\":{\"@id\":\"https:\\\/\\\/www.donadonsdd.com\\\/pt-pt\\\/produto\\\/psc\\\/#breadcrumb\"},\"inLanguage\":\"pt-PT\",\"potentialAction\":[{\"@type\":\"ReadAction\",\"target\":[\"https:\\\/\\\/www.donadonsdd.com\\\/pt-pt\\\/produto\\\/psc\\\/\"]}]},{\"@type\":\"ImageObject\",\"inLanguage\":\"pt-PT\",\"@id\":\"https:\\\/\\\/www.donadonsdd.com\\\/pt-pt\\\/produto\\\/psc\\\/#primaryimage\",\"url\":\"https:\\\/\\\/www.donadonsdd.com\\\/wp-content\\\/uploads\\\/2026\\\/02\\\/circle20venting20panel-remove-background.com_.png\",\"contentUrl\":\"https:\\\/\\\/www.donadonsdd.com\\\/wp-content\\\/uploads\\\/2026\\\/02\\\/circle20venting20panel-remove-background.com_.png\",\"width\":700,\"height\":466},{\"@type\":\"BreadcrumbList\",\"@id\":\"https:\\\/\\\/www.donadonsdd.com\\\/pt-pt\\\/produto\\\/psc\\\/#breadcrumb\",\"itemListElement\":[{\"@type\":\"ListItem\",\"position\":1,\"name\":\"HOMEPAGE\",\"item\":\"https:\\\/\\\/www.donadonsdd.com\\\/pt-pt\\\/\"},{\"@type\":\"ListItem\",\"position\":2,\"name\":\"Painel circular de ventila\u00e7\u00e3o de explos\u00e3o para aplica\u00e7\u00f5es de poeira e g\u00e1s &#8211; PSC\"}]},{\"@type\":\"WebSite\",\"@id\":\"https:\\\/\\\/www.donadonsdd.com\\\/pt-pt\\\/#website\",\"url\":\"https:\\\/\\\/www.donadonsdd.com\\\/pt-pt\\\/\",\"name\":\"DonadonSDD Srl\",\"description\":\"\",\"publisher\":{\"@id\":\"https:\\\/\\\/www.donadonsdd.com\\\/pt-pt\\\/#organization\"},\"potentialAction\":[{\"@type\":\"SearchAction\",\"target\":{\"@type\":\"EntryPoint\",\"urlTemplate\":\"https:\\\/\\\/www.donadonsdd.com\\\/pt-pt\\\/?s={search_term_string}\"},\"query-input\":{\"@type\":\"PropertyValueSpecification\",\"valueRequired\":true,\"valueName\":\"search_term_string\"}}],\"inLanguage\":\"pt-PT\"},{\"@type\":\"Organization\",\"@id\":\"https:\\\/\\\/www.donadonsdd.com\\\/pt-pt\\\/#organization\",\"name\":\"DonadonSDD Srl\",\"url\":\"https:\\\/\\\/www.donadonsdd.com\\\/pt-pt\\\/\",\"logo\":{\"@type\":\"ImageObject\",\"inLanguage\":\"pt-PT\",\"@id\":\"https:\\\/\\\/www.donadonsdd.com\\\/pt-pt\\\/#\\\/schema\\\/logo\\\/image\\\/\",\"url\":\"https:\\\/\\\/www.donadonsdd.com\\\/wp-content\\\/uploads\\\/2025\\\/11\\\/donadonsdd-logo.png\",\"contentUrl\":\"https:\\\/\\\/www.donadonsdd.com\\\/wp-content\\\/uploads\\\/2025\\\/11\\\/donadonsdd-logo.png\",\"width\":544,\"height\":96,\"caption\":\"DonadonSDD Srl\"},\"image\":{\"@id\":\"https:\\\/\\\/www.donadonsdd.com\\\/pt-pt\\\/#\\\/schema\\\/logo\\\/image\\\/\"}}]}<\/script>\n<!-- \/ Yoast SEO plugin. -->","yoast_head_json":{"title":"Painel circular de ventila\u00e7\u00e3o de explos\u00e3o para aplica\u00e7\u00f5es de poeira e g\u00e1s - PSC","description":"Painel composto de ventila\u00e7\u00e3o de explos\u00e3o para aplica\u00e7\u00f5es de p\u00f3 e g\u00e1s. A baixa press\u00e3o de abertura e a conce\u00e7\u00e3o n\u00e3o fragmentada permitem uma ventila\u00e7\u00e3o fi\u00e1vel contra explos\u00f5es, com certifica\u00e7\u00e3o ATEX, adequada para silos, filtros e equipamento de manuseamento de poeiras.","robots":{"index":"index","follow":"follow","max-snippet":"max-snippet:-1","max-image-preview":"max-image-preview:large","max-video-preview":"max-video-preview:-1"},"canonical":"https:\/\/www.donadonsdd.com\/pt-pt\/produto\/psc\/","og_locale":"pt_PT","og_type":"article","og_title":"Painel circular de ventila\u00e7\u00e3o de explos\u00e3o para aplica\u00e7\u00f5es de poeira e g\u00e1s - PSC","og_description":"Painel composto de ventila\u00e7\u00e3o de explos\u00e3o para aplica\u00e7\u00f5es de p\u00f3 e g\u00e1s. A baixa press\u00e3o de abertura e a conce\u00e7\u00e3o n\u00e3o fragmentada permitem uma ventila\u00e7\u00e3o fi\u00e1vel contra explos\u00f5es, com certifica\u00e7\u00e3o ATEX, adequada para silos, filtros e equipamento de manuseamento de poeiras.","og_url":"https:\/\/www.donadonsdd.com\/pt-pt\/produto\/psc\/","og_site_name":"DonadonSDD Srl","article_modified_time":"2026-02-27T23:22:52+00:00","og_image":[{"width":700,"height":466,"url":"https:\/\/www.donadonsdd.com\/wp-content\/uploads\/2026\/02\/circle20venting20panel-remove-background.com_.png","type":"image\/png"}],"twitter_card":"summary_large_image","twitter_misc":{"Tempo estimado de leitura":"1 minuto"},"schema":{"@context":"https:\/\/schema.org","@graph":[{"@type":"WebPage","@id":"https:\/\/www.donadonsdd.com\/pt-pt\/produto\/psc\/","url":"https:\/\/www.donadonsdd.com\/pt-pt\/produto\/psc\/","name":"Painel circular de ventila\u00e7\u00e3o de explos\u00e3o para aplica\u00e7\u00f5es de poeira e g\u00e1s - PSC","isPartOf":{"@id":"https:\/\/www.donadonsdd.com\/pt-pt\/#website"},"primaryImageOfPage":{"@id":"https:\/\/www.donadonsdd.com\/pt-pt\/produto\/psc\/#primaryimage"},"image":{"@id":"https:\/\/www.donadonsdd.com\/pt-pt\/produto\/psc\/#primaryimage"},"thumbnailUrl":"https:\/\/www.donadonsdd.com\/wp-content\/uploads\/2026\/02\/circle20venting20panel-remove-background.com_.png","datePublished":"2026-02-20T22:22:34+00:00","dateModified":"2026-02-27T23:22:52+00:00","description":"Painel composto de ventila\u00e7\u00e3o de explos\u00e3o para aplica\u00e7\u00f5es de p\u00f3 e g\u00e1s. A baixa press\u00e3o de abertura e a conce\u00e7\u00e3o n\u00e3o fragmentada permitem uma ventila\u00e7\u00e3o fi\u00e1vel contra explos\u00f5es, com certifica\u00e7\u00e3o ATEX, adequada para silos, filtros e equipamento de manuseamento de poeiras.","breadcrumb":{"@id":"https:\/\/www.donadonsdd.com\/pt-pt\/produto\/psc\/#breadcrumb"},"inLanguage":"pt-PT","potentialAction":[{"@type":"ReadAction","target":["https:\/\/www.donadonsdd.com\/pt-pt\/produto\/psc\/"]}]},{"@type":"ImageObject","inLanguage":"pt-PT","@id":"https:\/\/www.donadonsdd.com\/pt-pt\/produto\/psc\/#primaryimage","url":"https:\/\/www.donadonsdd.com\/wp-content\/uploads\/2026\/02\/circle20venting20panel-remove-background.com_.png","contentUrl":"https:\/\/www.donadonsdd.com\/wp-content\/uploads\/2026\/02\/circle20venting20panel-remove-background.com_.png","width":700,"height":466},{"@type":"BreadcrumbList","@id":"https:\/\/www.donadonsdd.com\/pt-pt\/produto\/psc\/#breadcrumb","itemListElement":[{"@type":"ListItem","position":1,"name":"HOMEPAGE","item":"https:\/\/www.donadonsdd.com\/pt-pt\/"},{"@type":"ListItem","position":2,"name":"Painel circular de ventila\u00e7\u00e3o de explos\u00e3o para aplica\u00e7\u00f5es de poeira e g\u00e1s &#8211; PSC"}]},{"@type":"WebSite","@id":"https:\/\/www.donadonsdd.com\/pt-pt\/#website","url":"https:\/\/www.donadonsdd.com\/pt-pt\/","name":"DonadonSDD Srl","description":"","publisher":{"@id":"https:\/\/www.donadonsdd.com\/pt-pt\/#organization"},"potentialAction":[{"@type":"SearchAction","target":{"@type":"EntryPoint","urlTemplate":"https:\/\/www.donadonsdd.com\/pt-pt\/?s={search_term_string}"},"query-input":{"@type":"PropertyValueSpecification","valueRequired":true,"valueName":"search_term_string"}}],"inLanguage":"pt-PT"},{"@type":"Organization","@id":"https:\/\/www.donadonsdd.com\/pt-pt\/#organization","name":"DonadonSDD Srl","url":"https:\/\/www.donadonsdd.com\/pt-pt\/","logo":{"@type":"ImageObject","inLanguage":"pt-PT","@id":"https:\/\/www.donadonsdd.com\/pt-pt\/#\/schema\/logo\/image\/","url":"https:\/\/www.donadonsdd.com\/wp-content\/uploads\/2025\/11\/donadonsdd-logo.png","contentUrl":"https:\/\/www.donadonsdd.com\/wp-content\/uploads\/2025\/11\/donadonsdd-logo.png","width":544,"height":96,"caption":"DonadonSDD Srl"},"image":{"@id":"https:\/\/www.donadonsdd.com\/pt-pt\/#\/schema\/logo\/image\/"}}]}},"toolset-meta":{"toolset-woocommerce-fields":{"_download_limit":{"type":"numeric","raw":""},"_virtual":{"type":"checkbox","raw":""},"_downloadable":{"type":"checkbox","raw":""},"_download_expiry":{"type":"numeric","raw":""},"_download_type":{"type":"radio","raw":""},"_regular_price":{"type":"numeric","raw":""},"_sale_price":{"type":"numeric","raw":""},"_sale_price_dates_from":{"type":"date","raw":"","formatted":null},"_sale_price_dates_to":{"type":"date","raw":"","formatted":null},"_sku":{"type":"textfield","raw":""},"_manage_stock":{"type":"checkbox","raw":""},"_stock_status":{"type":"radio","raw":""},"_stock":{"type":"numeric","raw":""},"_backorders":{"type":"radio","raw":""},"_sold_individually":{"type":"checkbox","raw":""},"_width":{"type":"numeric","raw":""},"_weight":{"type":"numeric","raw":""},"_length":{"type":"numeric","raw":""},"_purchase_note":{"type":"textarea","raw":""}},"infografica":{"operation-ratio":{"type":"textfield","raw":"50% - 70%"},"non-fragmenting":{"type":"textfield","raw":"sim (apenas membrana)"},"vacumm-resistant":{"type":"textfield","raw":"sim, suporte de v\u00e1cuo dispon\u00edvel"},"sanitary":{"type":"textfield","raw":"n\u00e3o"},"liquid":{"type":"textfield","raw":""},"vapor-gas":{"type":"textfield","raw":""},"ferrules":{"type":"textfield","raw":""}},"dettagli-prodotto":{"immagini-prodotto":{"type":"image","raw":[""],"repeatable":[{"raw":""}]},"tabella-specifiche":{"type":"wysiwyg","raw":"<p class=\"p1\">MODELO | PSC;\nMATERIAIS | A\u00e7o inoxid\u00e1vel;\nMEMBRANA DE VEDA\u00c7\u00c3O | PTFE;\nDIMENS\u00d5ES | Min DN 250 - Max DN 900;\nPRESS\u00c3O DE RUPTURA | 0.1 bar g;\nTOLER\u00c2NCIA | de +\/- 10 % a +\/- 20%;\nTEMPERATURA DE FUNCIONAMENTO | At\u00e9 260\u00b0C;\nMARGEM DE FUNCIONAMENTO | 50%-70%;\nSUPORTE DE V\u00c1CUO | Dispon\u00edvel;\nFRAGMENTA\u00c7\u00c3O | N\u00e3o (apenas membrana);\nRESIST\u00caNCIA \u00c0 CORROS\u00c3O | Boa - pode ser protegida com uma membrana de PTFE;\nINDICADORES DE RUPTURA | <a href=\"https:\/\/www.donadonsdd.com\/pt-pt\/produtos\/sensores-de-ruptura\/eletrico\/\">El\u00e9ctricos<\/a>, <a href=\"https:\/\/www.donadonsdd.com\/pt-pt\/produtos\/sensores-de-ruptura\/indutivo\/\">indutivos<\/a>;\nREVESTIMENTOS | Sim;<\/p>"}}},"_links":{"self":[{"href":"https:\/\/www.donadonsdd.com\/pt-pt\/wp-json\/wp\/v2\/product\/5965","targetHints":{"allow":["GET"]}}],"collection":[{"href":"https:\/\/www.donadonsdd.com\/pt-pt\/wp-json\/wp\/v2\/product"}],"about":[{"href":"https:\/\/www.donadonsdd.com\/pt-pt\/wp-json\/wp\/v2\/types\/product"}],"wp:featuredmedia":[{"embeddable":true,"href":"https:\/\/www.donadonsdd.com\/pt-pt\/wp-json\/wp\/v2\/media\/10265"}],"wp:attachment":[{"href":"https:\/\/www.donadonsdd.com\/pt-pt\/wp-json\/wp\/v2\/media?parent=5965"}],"wp:term":[{"taxonomy":"categoria_prodotto","embeddable":true,"href":"https:\/\/www.donadonsdd.com\/pt-pt\/wp-json\/wp\/v2\/categoria_prodotto?post=5965"}],"curies":[{"name":"wp","href":"https:\/\/api.w.org\/{rel}","templated":true}]}}