{"id":6004,"date":"2025-12-11T17:06:57","date_gmt":"2025-12-11T16:06:57","guid":{"rendered":"https:\/\/www.donadonsdd.com\/product\/indicadores-de-rutura-nam-05\/"},"modified":"2026-03-01T02:27:05","modified_gmt":"2026-03-01T01:27:05","slug":"nam05","status":"publish","type":"product","link":"https:\/\/www.donadonsdd.com\/pt-pt\/produto\/nam05\/","title":{"rendered":"Indicadores de rutura NAM 05"},"content":{"rendered":"<p>Os sistemas de alarme de rutura indutivos NAM 05 s\u00e3o recomendados para instala\u00e7\u00e3o em discos de rutura e pain\u00e9is de ventila\u00e7\u00e3o de explos\u00e3o.<\/p>\n<p>O indicador NAM 05 \u00e9 composto por:<\/p>\n<ul>\n<li>um sensor de proximidade indutivo instalado a jusante do disco ou do painel<\/li>\n<li>um alvo fornecido com o disco ou o painel<\/li>\n<\/ul>\n<p>Quando o disco abre, o alvo \u00e9 deslocado e o sensor envia um sinal para o sistema de seguran\u00e7a da instala\u00e7\u00e3o. Os discos ou pain\u00e9is s\u00e3o fornecidos com um novo alvo. <\/p>\n<p>O NAM 05 \u00e9 um dispositivo de seguran\u00e7a intr\u00ednseca certificado:<\/p>\n<ul>\n<li>ATEX II 1G Ex ia IIC T6<\/li>\n<li>ATEX II 1D Ex iaD 20 T 108\u00b0C<\/li>\n<\/ul>\n<p>Por conseguinte, pode ser utilizado em locais onde existam atmosferas potencialmente explosivas (zonas classificadas 0, 20, 1, 21, 2, 22 de acordo com a Diretiva Europeia 94\/9\/CE (ATEX)).<br \/>\nA instala\u00e7\u00e3o da zona tamb\u00e9m depende do tipo de barreira:<\/p>\n<ul>\n<li>Zona de barreira Ex ia 0; 20; 1; 21; 2; 22<\/li>\n<li>Ex ib zona de barreira 1; 21; 2; 22<\/li>\n<\/ul>\n<p>O NAM 05 \u00e9 normalmente fornecido com um cabo bipolar de 2m que deve ser ligado ao sistema de seguran\u00e7a da instala\u00e7\u00e3o atrav\u00e9s de uma barreira de seguran\u00e7a intr\u00ednseca.<\/p>\n<p>A instala\u00e7\u00e3o deve ser efectuada de acordo com a norma EN 60079-14.<\/p>\n","protected":false},"excerpt":{"rendered":"<p>Os sistemas de alarme de rutura indutivos NAM 05 s\u00e3o recomendados para instala\u00e7\u00e3o em discos de rutura e pain\u00e9is de ventila\u00e7\u00e3o de explos\u00e3o. O indicador NAM 05 \u00e9 composto por: um sensor de proximidade indutivo instalado a jusante do disco ou do painel um alvo fornecido com o disco ou o painel Quando o disco [&hellip;]<\/p>\n","protected":false},"featured_media":6007,"menu_order":0,"template":"","meta":{"_acf_changed":false},"categoria_prodotto":[96,81],"class_list":["post-6004","product","type-product","status-publish","has-post-thumbnail","hentry","categoria_prodotto-inductive","categoria_prodotto-rupture-indicators"],"acf":[],"yoast_head":"<!-- This site is optimized with the Yoast SEO plugin v27.3 - https:\/\/yoast.com\/product\/yoast-seo-wordpress\/ -->\n<title>Indicador indutivo de disco de rutura NAMUR - NAM05<\/title>\n<meta name=\"description\" content=\"Indicador indutivo de disco de rutura com sa\u00edda NAMUR para uma dete\u00e7\u00e3o fi\u00e1vel de rutura. Dete\u00e7\u00e3o sem contacto, concebida para integra\u00e7\u00e3o direta com sistemas DCS e PLC em instala\u00e7\u00f5es de processos industriais.\" \/>\n<meta name=\"robots\" content=\"index, follow, max-snippet:-1, max-image-preview:large, max-video-preview:-1\" \/>\n<link rel=\"canonical\" href=\"https:\/\/www.donadonsdd.com\/pt-pt\/produto\/nam05\/\" \/>\n<meta property=\"og:locale\" content=\"pt_PT\" \/>\n<meta property=\"og:type\" content=\"article\" \/>\n<meta property=\"og:title\" content=\"Indicador indutivo de disco de rutura NAMUR - NAM05\" \/>\n<meta property=\"og:description\" content=\"Indicador indutivo de disco de rutura com sa\u00edda NAMUR para uma dete\u00e7\u00e3o fi\u00e1vel de rutura. Dete\u00e7\u00e3o sem contacto, concebida para integra\u00e7\u00e3o direta com sistemas DCS e PLC em instala\u00e7\u00f5es de processos industriais.\" \/>\n<meta property=\"og:url\" content=\"https:\/\/www.donadonsdd.com\/pt-pt\/produto\/nam05\/\" \/>\n<meta property=\"og:site_name\" content=\"DonadonSDD Srl\" \/>\n<meta property=\"article:modified_time\" content=\"2026-03-01T01:27:05+00:00\" \/>\n<meta property=\"og:image\" content=\"https:\/\/www.donadonsdd.com\/wp-content\/uploads\/2025\/12\/donadon-61.png\" \/>\n\t<meta property=\"og:image:width\" content=\"1800\" \/>\n\t<meta property=\"og:image:height\" content=\"1200\" \/>\n\t<meta property=\"og:image:type\" content=\"image\/png\" \/>\n<meta name=\"twitter:card\" content=\"summary_large_image\" \/>\n<meta name=\"twitter:label1\" content=\"Tempo estimado de leitura\" \/>\n\t<meta name=\"twitter:data1\" content=\"1 minuto\" \/>\n<script type=\"application\/ld+json\" class=\"yoast-schema-graph\">{\"@context\":\"https:\\\/\\\/schema.org\",\"@graph\":[{\"@type\":\"WebPage\",\"@id\":\"https:\\\/\\\/www.donadonsdd.com\\\/pt-pt\\\/produto\\\/nam05\\\/\",\"url\":\"https:\\\/\\\/www.donadonsdd.com\\\/pt-pt\\\/produto\\\/nam05\\\/\",\"name\":\"Indicador indutivo de disco de rutura NAMUR - NAM05\",\"isPartOf\":{\"@id\":\"https:\\\/\\\/www.donadonsdd.com\\\/pt-pt\\\/#website\"},\"primaryImageOfPage\":{\"@id\":\"https:\\\/\\\/www.donadonsdd.com\\\/pt-pt\\\/produto\\\/nam05\\\/#primaryimage\"},\"image\":{\"@id\":\"https:\\\/\\\/www.donadonsdd.com\\\/pt-pt\\\/produto\\\/nam05\\\/#primaryimage\"},\"thumbnailUrl\":\"https:\\\/\\\/www.donadonsdd.com\\\/wp-content\\\/uploads\\\/2025\\\/12\\\/donadon-61.png\",\"datePublished\":\"2025-12-11T16:06:57+00:00\",\"dateModified\":\"2026-03-01T01:27:05+00:00\",\"description\":\"Indicador indutivo de disco de rutura com sa\u00edda NAMUR para uma dete\u00e7\u00e3o fi\u00e1vel de rutura. Dete\u00e7\u00e3o sem contacto, concebida para integra\u00e7\u00e3o direta com sistemas DCS e PLC em instala\u00e7\u00f5es de processos industriais.\",\"breadcrumb\":{\"@id\":\"https:\\\/\\\/www.donadonsdd.com\\\/pt-pt\\\/produto\\\/nam05\\\/#breadcrumb\"},\"inLanguage\":\"pt-PT\",\"potentialAction\":[{\"@type\":\"ReadAction\",\"target\":[\"https:\\\/\\\/www.donadonsdd.com\\\/pt-pt\\\/produto\\\/nam05\\\/\"]}]},{\"@type\":\"ImageObject\",\"inLanguage\":\"pt-PT\",\"@id\":\"https:\\\/\\\/www.donadonsdd.com\\\/pt-pt\\\/produto\\\/nam05\\\/#primaryimage\",\"url\":\"https:\\\/\\\/www.donadonsdd.com\\\/wp-content\\\/uploads\\\/2025\\\/12\\\/donadon-61.png\",\"contentUrl\":\"https:\\\/\\\/www.donadonsdd.com\\\/wp-content\\\/uploads\\\/2025\\\/12\\\/donadon-61.png\",\"width\":1800,\"height\":1200},{\"@type\":\"BreadcrumbList\",\"@id\":\"https:\\\/\\\/www.donadonsdd.com\\\/pt-pt\\\/produto\\\/nam05\\\/#breadcrumb\",\"itemListElement\":[{\"@type\":\"ListItem\",\"position\":1,\"name\":\"HOMEPAGE\",\"item\":\"https:\\\/\\\/www.donadonsdd.com\\\/pt-pt\\\/\"},{\"@type\":\"ListItem\",\"position\":2,\"name\":\"Indicadores de rutura NAM 05\"}]},{\"@type\":\"WebSite\",\"@id\":\"https:\\\/\\\/www.donadonsdd.com\\\/pt-pt\\\/#website\",\"url\":\"https:\\\/\\\/www.donadonsdd.com\\\/pt-pt\\\/\",\"name\":\"DonadonSDD Srl\",\"description\":\"\",\"publisher\":{\"@id\":\"https:\\\/\\\/www.donadonsdd.com\\\/pt-pt\\\/#organization\"},\"potentialAction\":[{\"@type\":\"SearchAction\",\"target\":{\"@type\":\"EntryPoint\",\"urlTemplate\":\"https:\\\/\\\/www.donadonsdd.com\\\/pt-pt\\\/?s={search_term_string}\"},\"query-input\":{\"@type\":\"PropertyValueSpecification\",\"valueRequired\":true,\"valueName\":\"search_term_string\"}}],\"inLanguage\":\"pt-PT\"},{\"@type\":\"Organization\",\"@id\":\"https:\\\/\\\/www.donadonsdd.com\\\/pt-pt\\\/#organization\",\"name\":\"DonadonSDD Srl\",\"url\":\"https:\\\/\\\/www.donadonsdd.com\\\/pt-pt\\\/\",\"logo\":{\"@type\":\"ImageObject\",\"inLanguage\":\"pt-PT\",\"@id\":\"https:\\\/\\\/www.donadonsdd.com\\\/pt-pt\\\/#\\\/schema\\\/logo\\\/image\\\/\",\"url\":\"https:\\\/\\\/www.donadonsdd.com\\\/wp-content\\\/uploads\\\/2025\\\/11\\\/donadonsdd-logo.png\",\"contentUrl\":\"https:\\\/\\\/www.donadonsdd.com\\\/wp-content\\\/uploads\\\/2025\\\/11\\\/donadonsdd-logo.png\",\"width\":544,\"height\":96,\"caption\":\"DonadonSDD Srl\"},\"image\":{\"@id\":\"https:\\\/\\\/www.donadonsdd.com\\\/pt-pt\\\/#\\\/schema\\\/logo\\\/image\\\/\"}}]}<\/script>\n<!-- \/ Yoast SEO plugin. -->","yoast_head_json":{"title":"Indicador indutivo de disco de rutura NAMUR - NAM05","description":"Indicador indutivo de disco de rutura com sa\u00edda NAMUR para uma dete\u00e7\u00e3o fi\u00e1vel de rutura. Dete\u00e7\u00e3o sem contacto, concebida para integra\u00e7\u00e3o direta com sistemas DCS e PLC em instala\u00e7\u00f5es de processos industriais.","robots":{"index":"index","follow":"follow","max-snippet":"max-snippet:-1","max-image-preview":"max-image-preview:large","max-video-preview":"max-video-preview:-1"},"canonical":"https:\/\/www.donadonsdd.com\/pt-pt\/produto\/nam05\/","og_locale":"pt_PT","og_type":"article","og_title":"Indicador indutivo de disco de rutura NAMUR - NAM05","og_description":"Indicador indutivo de disco de rutura com sa\u00edda NAMUR para uma dete\u00e7\u00e3o fi\u00e1vel de rutura. Dete\u00e7\u00e3o sem contacto, concebida para integra\u00e7\u00e3o direta com sistemas DCS e PLC em instala\u00e7\u00f5es de processos industriais.","og_url":"https:\/\/www.donadonsdd.com\/pt-pt\/produto\/nam05\/","og_site_name":"DonadonSDD Srl","article_modified_time":"2026-03-01T01:27:05+00:00","og_image":[{"width":1800,"height":1200,"url":"https:\/\/www.donadonsdd.com\/wp-content\/uploads\/2025\/12\/donadon-61.png","type":"image\/png"}],"twitter_card":"summary_large_image","twitter_misc":{"Tempo estimado de leitura":"1 minuto"},"schema":{"@context":"https:\/\/schema.org","@graph":[{"@type":"WebPage","@id":"https:\/\/www.donadonsdd.com\/pt-pt\/produto\/nam05\/","url":"https:\/\/www.donadonsdd.com\/pt-pt\/produto\/nam05\/","name":"Indicador indutivo de disco de rutura NAMUR - NAM05","isPartOf":{"@id":"https:\/\/www.donadonsdd.com\/pt-pt\/#website"},"primaryImageOfPage":{"@id":"https:\/\/www.donadonsdd.com\/pt-pt\/produto\/nam05\/#primaryimage"},"image":{"@id":"https:\/\/www.donadonsdd.com\/pt-pt\/produto\/nam05\/#primaryimage"},"thumbnailUrl":"https:\/\/www.donadonsdd.com\/wp-content\/uploads\/2025\/12\/donadon-61.png","datePublished":"2025-12-11T16:06:57+00:00","dateModified":"2026-03-01T01:27:05+00:00","description":"Indicador indutivo de disco de rutura com sa\u00edda NAMUR para uma dete\u00e7\u00e3o fi\u00e1vel de rutura. Dete\u00e7\u00e3o sem contacto, concebida para integra\u00e7\u00e3o direta com sistemas DCS e PLC em instala\u00e7\u00f5es de processos industriais.","breadcrumb":{"@id":"https:\/\/www.donadonsdd.com\/pt-pt\/produto\/nam05\/#breadcrumb"},"inLanguage":"pt-PT","potentialAction":[{"@type":"ReadAction","target":["https:\/\/www.donadonsdd.com\/pt-pt\/produto\/nam05\/"]}]},{"@type":"ImageObject","inLanguage":"pt-PT","@id":"https:\/\/www.donadonsdd.com\/pt-pt\/produto\/nam05\/#primaryimage","url":"https:\/\/www.donadonsdd.com\/wp-content\/uploads\/2025\/12\/donadon-61.png","contentUrl":"https:\/\/www.donadonsdd.com\/wp-content\/uploads\/2025\/12\/donadon-61.png","width":1800,"height":1200},{"@type":"BreadcrumbList","@id":"https:\/\/www.donadonsdd.com\/pt-pt\/produto\/nam05\/#breadcrumb","itemListElement":[{"@type":"ListItem","position":1,"name":"HOMEPAGE","item":"https:\/\/www.donadonsdd.com\/pt-pt\/"},{"@type":"ListItem","position":2,"name":"Indicadores de rutura NAM 05"}]},{"@type":"WebSite","@id":"https:\/\/www.donadonsdd.com\/pt-pt\/#website","url":"https:\/\/www.donadonsdd.com\/pt-pt\/","name":"DonadonSDD Srl","description":"","publisher":{"@id":"https:\/\/www.donadonsdd.com\/pt-pt\/#organization"},"potentialAction":[{"@type":"SearchAction","target":{"@type":"EntryPoint","urlTemplate":"https:\/\/www.donadonsdd.com\/pt-pt\/?s={search_term_string}"},"query-input":{"@type":"PropertyValueSpecification","valueRequired":true,"valueName":"search_term_string"}}],"inLanguage":"pt-PT"},{"@type":"Organization","@id":"https:\/\/www.donadonsdd.com\/pt-pt\/#organization","name":"DonadonSDD Srl","url":"https:\/\/www.donadonsdd.com\/pt-pt\/","logo":{"@type":"ImageObject","inLanguage":"pt-PT","@id":"https:\/\/www.donadonsdd.com\/pt-pt\/#\/schema\/logo\/image\/","url":"https:\/\/www.donadonsdd.com\/wp-content\/uploads\/2025\/11\/donadonsdd-logo.png","contentUrl":"https:\/\/www.donadonsdd.com\/wp-content\/uploads\/2025\/11\/donadonsdd-logo.png","width":544,"height":96,"caption":"DonadonSDD Srl"},"image":{"@id":"https:\/\/www.donadonsdd.com\/pt-pt\/#\/schema\/logo\/image\/"}}]}},"toolset-meta":{"toolset-woocommerce-fields":{"_download_limit":{"type":"numeric","raw":""},"_virtual":{"type":"checkbox","raw":""},"_downloadable":{"type":"checkbox","raw":""},"_download_expiry":{"type":"numeric","raw":""},"_download_type":{"type":"radio","raw":""},"_regular_price":{"type":"numeric","raw":""},"_sale_price":{"type":"numeric","raw":""},"_sale_price_dates_from":{"type":"date","raw":"","formatted":null},"_sale_price_dates_to":{"type":"date","raw":"","formatted":null},"_sku":{"type":"textfield","raw":""},"_manage_stock":{"type":"checkbox","raw":""},"_stock_status":{"type":"radio","raw":""},"_stock":{"type":"numeric","raw":""},"_backorders":{"type":"radio","raw":""},"_sold_individually":{"type":"checkbox","raw":""},"_width":{"type":"numeric","raw":""},"_weight":{"type":"numeric","raw":""},"_length":{"type":"numeric","raw":""},"_purchase_note":{"type":"textarea","raw":""}},"infografica":{"operation-ratio":{"type":"textfield","raw":""},"non-fragmenting":{"type":"textfield","raw":""},"vacumm-resistant":{"type":"textfield","raw":""},"sanitary":{"type":"textfield","raw":""},"liquid":{"type":"textfield","raw":""},"vapor-gas":{"type":"textfield","raw":""},"ferrules":{"type":"textfield","raw":""}},"dettagli-prodotto":{"immagini-prodotto":{"type":"image","raw":[""],"repeatable":[{"raw":""}]},"tabella-specifiche":{"type":"wysiwyg","raw":"MODELO | NAM 05;TEMPERATURA DE ARMAZENAMENTO | De -40\u00b0C a +100\u00b0C;TENS\u00c3O DE ALIMENTA\u00c7\u00c3O NOMINAL | 8,2 V;CABO | 2 m em PVC;GRAU DE PROTEC\u00c7\u00c3O | IP 66\/67;DISCO DE RUPTURA | <a href=\"https:\/\/www.donadonsdd.com\/pt-pt\/produto\/dcd-composite\/\">DCD<\/a>, <a href=\"https:\/\/www.donadonsdd.com\/pt-pt\/produto\/dif\/\">DIF<\/a>, <a href=\"https:\/\/www.donadonsdd.com\/pt-pt\/produto\/lpd\/\">LPD<\/a>, <a href=\"https:\/\/www.donadonsdd.com\/pt-pt\/produto\/scd\/\">SCD<\/a>, <a href=\"https:\/\/www.donadonsdd.com\/pt-pt\/produto\/scr\/\">SCR<\/a>, <a href=\"https:\/\/www.donadonsdd.com\/pt-pt\/produto\/y90\/\">Y90<\/a>, <a href=\"https:\/\/www.donadonsdd.com\/pt-pt\/produto\/krd\/\">KRD<\/a>;PAIN\u00c9IS DE VENTILA\u00c7\u00c3O DE EXPLOS\u00c3O | <a href=\"https:\/\/www.donadonsdd.com\/pt-pt\/produto\/psc\/\">PS\/C<\/a>, <a href=\"https:\/\/www.donadonsdd.com\/pt-pt\/produto\/psr\/\">PS\/R<\/a>;"}}},"_links":{"self":[{"href":"https:\/\/www.donadonsdd.com\/pt-pt\/wp-json\/wp\/v2\/product\/6004","targetHints":{"allow":["GET"]}}],"collection":[{"href":"https:\/\/www.donadonsdd.com\/pt-pt\/wp-json\/wp\/v2\/product"}],"about":[{"href":"https:\/\/www.donadonsdd.com\/pt-pt\/wp-json\/wp\/v2\/types\/product"}],"wp:featuredmedia":[{"embeddable":true,"href":"https:\/\/www.donadonsdd.com\/pt-pt\/wp-json\/wp\/v2\/media\/6007"}],"wp:attachment":[{"href":"https:\/\/www.donadonsdd.com\/pt-pt\/wp-json\/wp\/v2\/media?parent=6004"}],"wp:term":[{"taxonomy":"categoria_prodotto","embeddable":true,"href":"https:\/\/www.donadonsdd.com\/pt-pt\/wp-json\/wp\/v2\/categoria_prodotto?post=6004"}],"curies":[{"name":"wp","href":"https:\/\/api.w.org\/{rel}","templated":true}]}}