{"id":6009,"date":"2025-12-11T17:04:45","date_gmt":"2025-12-11T16:04:45","guid":{"rendered":"https:\/\/www.donadonsdd.com\/product\/indicadores-de-rutura-nam-03-ht\/"},"modified":"2026-02-28T00:22:49","modified_gmt":"2026-02-27T23:22:49","slug":"nam03ht","status":"publish","type":"product","link":"https:\/\/www.donadonsdd.com\/pt-pt\/produto\/nam03ht\/","title":{"rendered":"Indicadores de rutura NAM 03\/HT"},"content":{"rendered":"<p>Os indicadores de rutura magn\u00e9ticos NAM 03\/HT da Donadon s\u00e3o recomendados para utiliza\u00e7\u00e3o com os nossos discos de rutura.<\/p>\n<p>O indicador NAM 03\/HT \u00e9 composto por:<\/p>\n<ul>\n<li>um sensor magn\u00e9tico de proximidade instalado no alojamento roscado correspondente a jusante do suporte do disco de rutura para detetar a abertura<\/li>\n<li>um alvo com um \u00edman permanente fornecido com o disco<\/li>\n<\/ul>\n<p>Quando o disco abre, o \u00edman \u00e9 deslocado e o sensor \u00e9 ativado. Os discos de substitui\u00e7\u00e3o s\u00e3o fornecidos com um novo alvo. <\/p>\n<p>O NAM 03\/HT \u00e9 um dispositivo de seguran\u00e7a intr\u00ednseca certificado<\/p>\n<ul>\n<li>ATEX II 2GD Ex mb II T4\/T6<br \/>\nEx tD A21 IP67 T135\u00b0C\/T85\u00b0C<\/li>\n<li>ATEX II 1GD Ex ia IIB T3\/T6<br \/>\nEx iaD 20 T200\u00b0C\/T85\u00b0C<\/li>\n<\/ul>\n<p>Pode, portanto, ser utilizado em locais onde existam continuamente atmosferas potencialmente explosivas (zonas classificadas 0, 20 e 1, 21 e 2, 22 de acordo com a Diretiva Europeia 94\/9\/CE (ATEX)).<br \/>\nO NAM 03\/HT \u00e9 normalmente fornecido com 2 metros de cabo bipolar. Os cabos do sistema de alarme devem ser ligados ao sistema de seguran\u00e7a da instala\u00e7\u00e3o atrav\u00e9s de uma barreira de seguran\u00e7a adequada. <\/p>\n<ul>\n<li>Barreira Ex ia &#8211;&gt; zona 0; 20; 1; 21; 2; 22<\/li>\n<li>Ex ib barrier &#8211;&gt; zona 1; 21; 2; 22<\/li>\n<\/ul>\n","protected":false},"excerpt":{"rendered":"<p>Os indicadores de rutura magn\u00e9ticos NAM 03\/HT da Donadon s\u00e3o recomendados para utiliza\u00e7\u00e3o com os nossos discos de rutura. O indicador NAM 03\/HT \u00e9 composto por: um sensor magn\u00e9tico de proximidade instalado no alojamento roscado correspondente a jusante do suporte do disco de rutura para detetar a abertura um alvo com um \u00edman permanente fornecido [&hellip;]<\/p>\n","protected":false},"featured_media":6011,"menu_order":0,"template":"","meta":{"_acf_changed":false},"categoria_prodotto":[95,81],"class_list":["post-6009","product","type-product","status-publish","has-post-thumbnail","hentry","categoria_prodotto-magnetic","categoria_prodotto-rupture-indicators"],"acf":[],"yoast_head":"<!-- This site is optimized with the Yoast SEO plugin v27.3 - https:\/\/yoast.com\/product\/yoast-seo-wordpress\/ -->\n<title>Indicador magn\u00e9tico n\u00e3o intrusivo de disco de rutura - NAM03HT<\/title>\n<meta name=\"description\" content=\"Indicador magn\u00e9tico de disco de rutura com dete\u00e7\u00e3o n\u00e3o intrusiva. Instalado no interior do suporte e isolado dos meios do processo, fornece uma indica\u00e7\u00e3o fi\u00e1vel em aplica\u00e7\u00f5es industriais agressivas e perigosas.\" \/>\n<meta name=\"robots\" content=\"index, follow, max-snippet:-1, max-image-preview:large, max-video-preview:-1\" \/>\n<link rel=\"canonical\" href=\"https:\/\/www.donadonsdd.com\/pt-pt\/produto\/nam03ht\/\" \/>\n<meta property=\"og:locale\" content=\"pt_PT\" \/>\n<meta property=\"og:type\" content=\"article\" \/>\n<meta property=\"og:title\" content=\"Indicador magn\u00e9tico n\u00e3o intrusivo de disco de rutura - NAM03HT\" \/>\n<meta property=\"og:description\" content=\"Indicador magn\u00e9tico de disco de rutura com dete\u00e7\u00e3o n\u00e3o intrusiva. Instalado no interior do suporte e isolado dos meios do processo, fornece uma indica\u00e7\u00e3o fi\u00e1vel em aplica\u00e7\u00f5es industriais agressivas e perigosas.\" \/>\n<meta property=\"og:url\" content=\"https:\/\/www.donadonsdd.com\/pt-pt\/produto\/nam03ht\/\" \/>\n<meta property=\"og:site_name\" content=\"DonadonSDD Srl\" \/>\n<meta property=\"article:modified_time\" content=\"2026-02-27T23:22:49+00:00\" \/>\n<meta property=\"og:image\" content=\"https:\/\/www.donadonsdd.com\/wp-content\/uploads\/2025\/12\/donadon-63.png\" \/>\n\t<meta property=\"og:image:width\" content=\"1800\" \/>\n\t<meta property=\"og:image:height\" content=\"1200\" \/>\n\t<meta property=\"og:image:type\" content=\"image\/png\" \/>\n<meta name=\"twitter:card\" content=\"summary_large_image\" \/>\n<meta name=\"twitter:label1\" content=\"Tempo estimado de leitura\" \/>\n\t<meta name=\"twitter:data1\" content=\"1 minuto\" \/>\n<script type=\"application\/ld+json\" class=\"yoast-schema-graph\">{\"@context\":\"https:\\\/\\\/schema.org\",\"@graph\":[{\"@type\":\"WebPage\",\"@id\":\"https:\\\/\\\/www.donadonsdd.com\\\/pt-pt\\\/produto\\\/nam03ht\\\/\",\"url\":\"https:\\\/\\\/www.donadonsdd.com\\\/pt-pt\\\/produto\\\/nam03ht\\\/\",\"name\":\"Indicador magn\u00e9tico n\u00e3o intrusivo de disco de rutura - NAM03HT\",\"isPartOf\":{\"@id\":\"https:\\\/\\\/www.donadonsdd.com\\\/pt-pt\\\/#website\"},\"primaryImageOfPage\":{\"@id\":\"https:\\\/\\\/www.donadonsdd.com\\\/pt-pt\\\/produto\\\/nam03ht\\\/#primaryimage\"},\"image\":{\"@id\":\"https:\\\/\\\/www.donadonsdd.com\\\/pt-pt\\\/produto\\\/nam03ht\\\/#primaryimage\"},\"thumbnailUrl\":\"https:\\\/\\\/www.donadonsdd.com\\\/wp-content\\\/uploads\\\/2025\\\/12\\\/donadon-63.png\",\"datePublished\":\"2025-12-11T16:04:45+00:00\",\"dateModified\":\"2026-02-27T23:22:49+00:00\",\"description\":\"Indicador magn\u00e9tico de disco de rutura com dete\u00e7\u00e3o n\u00e3o intrusiva. Instalado no interior do suporte e isolado dos meios do processo, fornece uma indica\u00e7\u00e3o fi\u00e1vel em aplica\u00e7\u00f5es industriais agressivas e perigosas.\",\"breadcrumb\":{\"@id\":\"https:\\\/\\\/www.donadonsdd.com\\\/pt-pt\\\/produto\\\/nam03ht\\\/#breadcrumb\"},\"inLanguage\":\"pt-PT\",\"potentialAction\":[{\"@type\":\"ReadAction\",\"target\":[\"https:\\\/\\\/www.donadonsdd.com\\\/pt-pt\\\/produto\\\/nam03ht\\\/\"]}]},{\"@type\":\"ImageObject\",\"inLanguage\":\"pt-PT\",\"@id\":\"https:\\\/\\\/www.donadonsdd.com\\\/pt-pt\\\/produto\\\/nam03ht\\\/#primaryimage\",\"url\":\"https:\\\/\\\/www.donadonsdd.com\\\/wp-content\\\/uploads\\\/2025\\\/12\\\/donadon-63.png\",\"contentUrl\":\"https:\\\/\\\/www.donadonsdd.com\\\/wp-content\\\/uploads\\\/2025\\\/12\\\/donadon-63.png\",\"width\":1800,\"height\":1200},{\"@type\":\"BreadcrumbList\",\"@id\":\"https:\\\/\\\/www.donadonsdd.com\\\/pt-pt\\\/produto\\\/nam03ht\\\/#breadcrumb\",\"itemListElement\":[{\"@type\":\"ListItem\",\"position\":1,\"name\":\"HOMEPAGE\",\"item\":\"https:\\\/\\\/www.donadonsdd.com\\\/pt-pt\\\/\"},{\"@type\":\"ListItem\",\"position\":2,\"name\":\"Indicadores de rutura NAM 03\\\/HT\"}]},{\"@type\":\"WebSite\",\"@id\":\"https:\\\/\\\/www.donadonsdd.com\\\/pt-pt\\\/#website\",\"url\":\"https:\\\/\\\/www.donadonsdd.com\\\/pt-pt\\\/\",\"name\":\"DonadonSDD Srl\",\"description\":\"\",\"publisher\":{\"@id\":\"https:\\\/\\\/www.donadonsdd.com\\\/pt-pt\\\/#organization\"},\"potentialAction\":[{\"@type\":\"SearchAction\",\"target\":{\"@type\":\"EntryPoint\",\"urlTemplate\":\"https:\\\/\\\/www.donadonsdd.com\\\/pt-pt\\\/?s={search_term_string}\"},\"query-input\":{\"@type\":\"PropertyValueSpecification\",\"valueRequired\":true,\"valueName\":\"search_term_string\"}}],\"inLanguage\":\"pt-PT\"},{\"@type\":\"Organization\",\"@id\":\"https:\\\/\\\/www.donadonsdd.com\\\/pt-pt\\\/#organization\",\"name\":\"DonadonSDD Srl\",\"url\":\"https:\\\/\\\/www.donadonsdd.com\\\/pt-pt\\\/\",\"logo\":{\"@type\":\"ImageObject\",\"inLanguage\":\"pt-PT\",\"@id\":\"https:\\\/\\\/www.donadonsdd.com\\\/pt-pt\\\/#\\\/schema\\\/logo\\\/image\\\/\",\"url\":\"https:\\\/\\\/www.donadonsdd.com\\\/wp-content\\\/uploads\\\/2025\\\/11\\\/donadonsdd-logo.png\",\"contentUrl\":\"https:\\\/\\\/www.donadonsdd.com\\\/wp-content\\\/uploads\\\/2025\\\/11\\\/donadonsdd-logo.png\",\"width\":544,\"height\":96,\"caption\":\"DonadonSDD Srl\"},\"image\":{\"@id\":\"https:\\\/\\\/www.donadonsdd.com\\\/pt-pt\\\/#\\\/schema\\\/logo\\\/image\\\/\"}}]}<\/script>\n<!-- \/ Yoast SEO plugin. -->","yoast_head_json":{"title":"Indicador magn\u00e9tico n\u00e3o intrusivo de disco de rutura - NAM03HT","description":"Indicador magn\u00e9tico de disco de rutura com dete\u00e7\u00e3o n\u00e3o intrusiva. Instalado no interior do suporte e isolado dos meios do processo, fornece uma indica\u00e7\u00e3o fi\u00e1vel em aplica\u00e7\u00f5es industriais agressivas e perigosas.","robots":{"index":"index","follow":"follow","max-snippet":"max-snippet:-1","max-image-preview":"max-image-preview:large","max-video-preview":"max-video-preview:-1"},"canonical":"https:\/\/www.donadonsdd.com\/pt-pt\/produto\/nam03ht\/","og_locale":"pt_PT","og_type":"article","og_title":"Indicador magn\u00e9tico n\u00e3o intrusivo de disco de rutura - NAM03HT","og_description":"Indicador magn\u00e9tico de disco de rutura com dete\u00e7\u00e3o n\u00e3o intrusiva. Instalado no interior do suporte e isolado dos meios do processo, fornece uma indica\u00e7\u00e3o fi\u00e1vel em aplica\u00e7\u00f5es industriais agressivas e perigosas.","og_url":"https:\/\/www.donadonsdd.com\/pt-pt\/produto\/nam03ht\/","og_site_name":"DonadonSDD Srl","article_modified_time":"2026-02-27T23:22:49+00:00","og_image":[{"width":1800,"height":1200,"url":"https:\/\/www.donadonsdd.com\/wp-content\/uploads\/2025\/12\/donadon-63.png","type":"image\/png"}],"twitter_card":"summary_large_image","twitter_misc":{"Tempo estimado de leitura":"1 minuto"},"schema":{"@context":"https:\/\/schema.org","@graph":[{"@type":"WebPage","@id":"https:\/\/www.donadonsdd.com\/pt-pt\/produto\/nam03ht\/","url":"https:\/\/www.donadonsdd.com\/pt-pt\/produto\/nam03ht\/","name":"Indicador magn\u00e9tico n\u00e3o intrusivo de disco de rutura - NAM03HT","isPartOf":{"@id":"https:\/\/www.donadonsdd.com\/pt-pt\/#website"},"primaryImageOfPage":{"@id":"https:\/\/www.donadonsdd.com\/pt-pt\/produto\/nam03ht\/#primaryimage"},"image":{"@id":"https:\/\/www.donadonsdd.com\/pt-pt\/produto\/nam03ht\/#primaryimage"},"thumbnailUrl":"https:\/\/www.donadonsdd.com\/wp-content\/uploads\/2025\/12\/donadon-63.png","datePublished":"2025-12-11T16:04:45+00:00","dateModified":"2026-02-27T23:22:49+00:00","description":"Indicador magn\u00e9tico de disco de rutura com dete\u00e7\u00e3o n\u00e3o intrusiva. Instalado no interior do suporte e isolado dos meios do processo, fornece uma indica\u00e7\u00e3o fi\u00e1vel em aplica\u00e7\u00f5es industriais agressivas e perigosas.","breadcrumb":{"@id":"https:\/\/www.donadonsdd.com\/pt-pt\/produto\/nam03ht\/#breadcrumb"},"inLanguage":"pt-PT","potentialAction":[{"@type":"ReadAction","target":["https:\/\/www.donadonsdd.com\/pt-pt\/produto\/nam03ht\/"]}]},{"@type":"ImageObject","inLanguage":"pt-PT","@id":"https:\/\/www.donadonsdd.com\/pt-pt\/produto\/nam03ht\/#primaryimage","url":"https:\/\/www.donadonsdd.com\/wp-content\/uploads\/2025\/12\/donadon-63.png","contentUrl":"https:\/\/www.donadonsdd.com\/wp-content\/uploads\/2025\/12\/donadon-63.png","width":1800,"height":1200},{"@type":"BreadcrumbList","@id":"https:\/\/www.donadonsdd.com\/pt-pt\/produto\/nam03ht\/#breadcrumb","itemListElement":[{"@type":"ListItem","position":1,"name":"HOMEPAGE","item":"https:\/\/www.donadonsdd.com\/pt-pt\/"},{"@type":"ListItem","position":2,"name":"Indicadores de rutura NAM 03\/HT"}]},{"@type":"WebSite","@id":"https:\/\/www.donadonsdd.com\/pt-pt\/#website","url":"https:\/\/www.donadonsdd.com\/pt-pt\/","name":"DonadonSDD Srl","description":"","publisher":{"@id":"https:\/\/www.donadonsdd.com\/pt-pt\/#organization"},"potentialAction":[{"@type":"SearchAction","target":{"@type":"EntryPoint","urlTemplate":"https:\/\/www.donadonsdd.com\/pt-pt\/?s={search_term_string}"},"query-input":{"@type":"PropertyValueSpecification","valueRequired":true,"valueName":"search_term_string"}}],"inLanguage":"pt-PT"},{"@type":"Organization","@id":"https:\/\/www.donadonsdd.com\/pt-pt\/#organization","name":"DonadonSDD Srl","url":"https:\/\/www.donadonsdd.com\/pt-pt\/","logo":{"@type":"ImageObject","inLanguage":"pt-PT","@id":"https:\/\/www.donadonsdd.com\/pt-pt\/#\/schema\/logo\/image\/","url":"https:\/\/www.donadonsdd.com\/wp-content\/uploads\/2025\/11\/donadonsdd-logo.png","contentUrl":"https:\/\/www.donadonsdd.com\/wp-content\/uploads\/2025\/11\/donadonsdd-logo.png","width":544,"height":96,"caption":"DonadonSDD Srl"},"image":{"@id":"https:\/\/www.donadonsdd.com\/pt-pt\/#\/schema\/logo\/image\/"}}]}},"toolset-meta":{"toolset-woocommerce-fields":{"_download_limit":{"type":"numeric","raw":""},"_virtual":{"type":"checkbox","raw":""},"_downloadable":{"type":"checkbox","raw":""},"_download_expiry":{"type":"numeric","raw":""},"_download_type":{"type":"radio","raw":""},"_regular_price":{"type":"numeric","raw":""},"_sale_price":{"type":"numeric","raw":""},"_sale_price_dates_from":{"type":"date","raw":"","formatted":null},"_sale_price_dates_to":{"type":"date","raw":"","formatted":null},"_sku":{"type":"textfield","raw":""},"_manage_stock":{"type":"checkbox","raw":""},"_stock_status":{"type":"radio","raw":""},"_stock":{"type":"numeric","raw":""},"_backorders":{"type":"radio","raw":""},"_sold_individually":{"type":"checkbox","raw":""},"_width":{"type":"numeric","raw":""},"_weight":{"type":"numeric","raw":""},"_length":{"type":"numeric","raw":""},"_purchase_note":{"type":"textarea","raw":""}},"infografica":{"operation-ratio":{"type":"textfield","raw":""},"non-fragmenting":{"type":"textfield","raw":""},"vacumm-resistant":{"type":"textfield","raw":""},"sanitary":{"type":"textfield","raw":""},"liquid":{"type":"textfield","raw":""},"vapor-gas":{"type":"textfield","raw":""},"ferrules":{"type":"textfield","raw":""}},"dettagli-prodotto":{"immagini-prodotto":{"type":"image","raw":[""],"repeatable":[{"raw":""}]},"tabella-specifiche":{"type":"wysiwyg","raw":"MODELO | NAM 03\/HT;\nTEMPERATURA DE ARMAZENAMENTO | De -40\u00b0C a +200\u00b0C de acordo com a certifica\u00e7\u00e3o ATEX;\nMATERIAL EM CONTACTO COM O FLUIDO DO PROCESSO | O mesmo que o disco e o suporte do disco;\nTENS\u00c3O M\u00c1XIMA DE COMUTA\u00c7\u00c3O | 60 VDC;\nCORRENTE M\u00c1XIMA DE COMUTA\u00c7\u00c3O | 0,4 A;\nCABO | 2 x 0.2 mm2, \u00f8 3,4 mm, 200\u00b0C, Classe C2;\nGRAU DE PROTEC\u00c7\u00c3O | IP 67;\nDISCO DE RUPTURA | <a href=\"https:\/\/www.donadonsdd.com\/pt-pt\/produto\/dcd-composite\/\">DCD<\/a>, <a href=\"https:\/\/www.donadonsdd.com\/pt-pt\/produto\/dif\/\">DIF<\/a>, <a href=\"https:\/\/www.donadonsdd.com\/pt-pt\/produto\/lpd\/\">LPD<\/a>, <a href=\"https:\/\/www.donadonsdd.com\/pt-pt\/produto\/scd\/\">SCD<\/a>, <a href=\"https:\/\/www.donadonsdd.com\/pt-pt\/produto\/scr\/\">SCR<\/a>, <a href=\"https:\/\/www.donadonsdd.com\/pt-pt\/produto\/y90\/\">Y90<\/a>, <a href=\"https:\/\/www.donadonsdd.com\/pt-pt\/produto\/krd\/\">KRD<\/a>;"}}},"_links":{"self":[{"href":"https:\/\/www.donadonsdd.com\/pt-pt\/wp-json\/wp\/v2\/product\/6009","targetHints":{"allow":["GET"]}}],"collection":[{"href":"https:\/\/www.donadonsdd.com\/pt-pt\/wp-json\/wp\/v2\/product"}],"about":[{"href":"https:\/\/www.donadonsdd.com\/pt-pt\/wp-json\/wp\/v2\/types\/product"}],"wp:featuredmedia":[{"embeddable":true,"href":"https:\/\/www.donadonsdd.com\/pt-pt\/wp-json\/wp\/v2\/media\/6011"}],"wp:attachment":[{"href":"https:\/\/www.donadonsdd.com\/pt-pt\/wp-json\/wp\/v2\/media?parent=6009"}],"wp:term":[{"taxonomy":"categoria_prodotto","embeddable":true,"href":"https:\/\/www.donadonsdd.com\/pt-pt\/wp-json\/wp\/v2\/categoria_prodotto?post=6009"}],"curies":[{"name":"wp","href":"https:\/\/api.w.org\/{rel}","templated":true}]}}