{"id":6022,"date":"2025-12-11T16:49:34","date_gmt":"2025-12-11T15:49:34","guid":{"rendered":"https:\/\/www.donadonsdd.com\/product\/indicadores-de-rutura-sanitaria-irc\/"},"modified":"2026-02-28T00:21:25","modified_gmt":"2026-02-27T23:21:25","slug":"irc","status":"publish","type":"product","link":"https:\/\/www.donadonsdd.com\/pt-pt\/produto\/irc\/","title":{"rendered":"Indicadores de rutura sanit\u00e1ria IRC"},"content":{"rendered":"<p>O indicador de rutura tipo DonadonSDD IRC \u00e9 um instrumento simples e eficaz para a dete\u00e7\u00e3o da fratura do disco de rutura.<\/p>\n<p>O detetor \u00e9 instalado no lado da descarga, a jusante do espa\u00e7ador. Os cabos indicadores de alarme s\u00e3o ligados ao sistema de seguran\u00e7a da instala\u00e7\u00e3o por meio de uma barreira de seguran\u00e7a intr\u00ednseca, em conformidade com as carater\u00edsticas el\u00e9ctricas do sensor (tens\u00e3o m\u00e1xima de 24V CC e corrente m\u00e1xima de 50mA) e a classifica\u00e7\u00e3o da zona. <\/p>\n<p>Os indicadores de rutura IRC s\u00e3o essencialmente constitu\u00eddos por uma pista de cobre encapsulada entre duas camadas isolantes de Kapton (placa de circuito impresso flex\u00edvel), ligada eletricamente a um cabo que permite a liga\u00e7\u00e3o \u00e0 dist\u00e2ncia a um indicador de continuidade el\u00e9ctrica. O circuito \u00e9 encapsulado entre duas camadas de PTFE e o dispositivo de seguran\u00e7a \u00e9 fornecido completo com juntas de PTFE compat\u00edveis para instala\u00e7\u00e3o entre liga\u00e7\u00f5es higi\u00e9nicas. <\/p>\n<p>Em caso de rutura do disco, o circuito de cobre do indicador IRC \u00e9 aberto e, consequentemente, o fluxo de corrente \u00e9 interrompido, permitindo que o equipamento ligado assinale a abertura efectiva do disco de rutura.<\/p>\n<p>O sensor IRC est\u00e1 classificado como &#8220;material el\u00e9trico b\u00e1sico&#8221; e est\u00e1 certificado de acordo com a Diretiva Europeia 94\/9\/CE (ATEX). A instala\u00e7\u00e3o da zona depende do tipo de barreira:<\/p>\n<ul>\n<li>Barreira Ex ia &#8211;&gt; zona 0; 20; 1; 21; 2; 22<\/li>\n<li>Ex ib barrier &#8211;&gt; zona 1; 21; 2; 22<\/li>\n<\/ul>\n<p>A instala\u00e7\u00e3o deve ser efectuada de acordo com a norma EN 60079-14.<\/p>\n","protected":false},"excerpt":{"rendered":"<p>O indicador de rutura tipo DonadonSDD IRC \u00e9 um instrumento simples e eficaz para a dete\u00e7\u00e3o da fratura do disco de rutura. O detetor \u00e9 instalado no lado da descarga, a jusante do espa\u00e7ador. Os cabos indicadores de alarme s\u00e3o ligados ao sistema de seguran\u00e7a da instala\u00e7\u00e3o por meio de uma barreira de seguran\u00e7a intr\u00ednseca, [&hellip;]<\/p>\n","protected":false},"featured_media":6024,"menu_order":0,"template":"","meta":{"_acf_changed":false},"categoria_prodotto":[94,81],"class_list":["post-6022","product","type-product","status-publish","has-post-thumbnail","hentry","categoria_prodotto-electric","categoria_prodotto-rupture-indicators"],"acf":[],"yoast_head":"<!-- This site is optimized with the Yoast SEO plugin v27.3 - https:\/\/yoast.com\/product\/yoast-seo-wordpress\/ -->\n<title>Indicador de disco de rutura el\u00e9trico sanit\u00e1rio - IRC<\/title>\n<meta name=\"description\" content=\"Indicador el\u00e9trico sanit\u00e1rio de disco de rutura para dete\u00e7\u00e3o de rutura em aplica\u00e7\u00f5es higi\u00e9nicas. Instalado entre liga\u00e7\u00f5es tri-clamp, intrinsecamente seguro, certificado ATEX.\" \/>\n<meta name=\"robots\" content=\"index, follow, max-snippet:-1, max-image-preview:large, max-video-preview:-1\" \/>\n<link rel=\"canonical\" href=\"https:\/\/www.donadonsdd.com\/pt-pt\/produto\/irc\/\" \/>\n<meta property=\"og:locale\" content=\"pt_PT\" \/>\n<meta property=\"og:type\" content=\"article\" \/>\n<meta property=\"og:title\" content=\"Indicador de disco de rutura el\u00e9trico sanit\u00e1rio - IRC\" \/>\n<meta property=\"og:description\" content=\"Indicador el\u00e9trico sanit\u00e1rio de disco de rutura para dete\u00e7\u00e3o de rutura em aplica\u00e7\u00f5es higi\u00e9nicas. Instalado entre liga\u00e7\u00f5es tri-clamp, intrinsecamente seguro, certificado ATEX.\" \/>\n<meta property=\"og:url\" content=\"https:\/\/www.donadonsdd.com\/pt-pt\/produto\/irc\/\" \/>\n<meta property=\"og:site_name\" content=\"DonadonSDD Srl\" \/>\n<meta property=\"article:modified_time\" content=\"2026-02-27T23:21:25+00:00\" \/>\n<meta property=\"og:image\" content=\"https:\/\/www.donadonsdd.com\/wp-content\/uploads\/2025\/12\/donadon-sdd-irc-sanitary-rupture-indicators.png\" \/>\n\t<meta property=\"og:image:width\" content=\"1800\" \/>\n\t<meta property=\"og:image:height\" content=\"1200\" \/>\n\t<meta property=\"og:image:type\" content=\"image\/png\" \/>\n<meta name=\"twitter:card\" content=\"summary_large_image\" \/>\n<meta name=\"twitter:label1\" content=\"Tempo estimado de leitura\" \/>\n\t<meta name=\"twitter:data1\" content=\"1 minuto\" \/>\n<script type=\"application\/ld+json\" class=\"yoast-schema-graph\">{\"@context\":\"https:\\\/\\\/schema.org\",\"@graph\":[{\"@type\":\"WebPage\",\"@id\":\"https:\\\/\\\/www.donadonsdd.com\\\/pt-pt\\\/produto\\\/irc\\\/\",\"url\":\"https:\\\/\\\/www.donadonsdd.com\\\/pt-pt\\\/produto\\\/irc\\\/\",\"name\":\"Indicador de disco de rutura el\u00e9trico sanit\u00e1rio - IRC\",\"isPartOf\":{\"@id\":\"https:\\\/\\\/www.donadonsdd.com\\\/pt-pt\\\/#website\"},\"primaryImageOfPage\":{\"@id\":\"https:\\\/\\\/www.donadonsdd.com\\\/pt-pt\\\/produto\\\/irc\\\/#primaryimage\"},\"image\":{\"@id\":\"https:\\\/\\\/www.donadonsdd.com\\\/pt-pt\\\/produto\\\/irc\\\/#primaryimage\"},\"thumbnailUrl\":\"https:\\\/\\\/www.donadonsdd.com\\\/wp-content\\\/uploads\\\/2025\\\/12\\\/donadon-sdd-irc-sanitary-rupture-indicators.png\",\"datePublished\":\"2025-12-11T15:49:34+00:00\",\"dateModified\":\"2026-02-27T23:21:25+00:00\",\"description\":\"Indicador el\u00e9trico sanit\u00e1rio de disco de rutura para dete\u00e7\u00e3o de rutura em aplica\u00e7\u00f5es higi\u00e9nicas. Instalado entre liga\u00e7\u00f5es tri-clamp, intrinsecamente seguro, certificado ATEX.\",\"breadcrumb\":{\"@id\":\"https:\\\/\\\/www.donadonsdd.com\\\/pt-pt\\\/produto\\\/irc\\\/#breadcrumb\"},\"inLanguage\":\"pt-PT\",\"potentialAction\":[{\"@type\":\"ReadAction\",\"target\":[\"https:\\\/\\\/www.donadonsdd.com\\\/pt-pt\\\/produto\\\/irc\\\/\"]}]},{\"@type\":\"ImageObject\",\"inLanguage\":\"pt-PT\",\"@id\":\"https:\\\/\\\/www.donadonsdd.com\\\/pt-pt\\\/produto\\\/irc\\\/#primaryimage\",\"url\":\"https:\\\/\\\/www.donadonsdd.com\\\/wp-content\\\/uploads\\\/2025\\\/12\\\/donadon-sdd-irc-sanitary-rupture-indicators.png\",\"contentUrl\":\"https:\\\/\\\/www.donadonsdd.com\\\/wp-content\\\/uploads\\\/2025\\\/12\\\/donadon-sdd-irc-sanitary-rupture-indicators.png\",\"width\":1800,\"height\":1200,\"caption\":\"indicadores de rutura sanit\u00e1ria donadon sdd irc\"},{\"@type\":\"BreadcrumbList\",\"@id\":\"https:\\\/\\\/www.donadonsdd.com\\\/pt-pt\\\/produto\\\/irc\\\/#breadcrumb\",\"itemListElement\":[{\"@type\":\"ListItem\",\"position\":1,\"name\":\"HOMEPAGE\",\"item\":\"https:\\\/\\\/www.donadonsdd.com\\\/pt-pt\\\/\"},{\"@type\":\"ListItem\",\"position\":2,\"name\":\"Indicadores de rutura sanit\u00e1ria IRC\"}]},{\"@type\":\"WebSite\",\"@id\":\"https:\\\/\\\/www.donadonsdd.com\\\/pt-pt\\\/#website\",\"url\":\"https:\\\/\\\/www.donadonsdd.com\\\/pt-pt\\\/\",\"name\":\"DonadonSDD Srl\",\"description\":\"\",\"publisher\":{\"@id\":\"https:\\\/\\\/www.donadonsdd.com\\\/pt-pt\\\/#organization\"},\"potentialAction\":[{\"@type\":\"SearchAction\",\"target\":{\"@type\":\"EntryPoint\",\"urlTemplate\":\"https:\\\/\\\/www.donadonsdd.com\\\/pt-pt\\\/?s={search_term_string}\"},\"query-input\":{\"@type\":\"PropertyValueSpecification\",\"valueRequired\":true,\"valueName\":\"search_term_string\"}}],\"inLanguage\":\"pt-PT\"},{\"@type\":\"Organization\",\"@id\":\"https:\\\/\\\/www.donadonsdd.com\\\/pt-pt\\\/#organization\",\"name\":\"DonadonSDD Srl\",\"url\":\"https:\\\/\\\/www.donadonsdd.com\\\/pt-pt\\\/\",\"logo\":{\"@type\":\"ImageObject\",\"inLanguage\":\"pt-PT\",\"@id\":\"https:\\\/\\\/www.donadonsdd.com\\\/pt-pt\\\/#\\\/schema\\\/logo\\\/image\\\/\",\"url\":\"https:\\\/\\\/www.donadonsdd.com\\\/wp-content\\\/uploads\\\/2025\\\/11\\\/donadonsdd-logo.png\",\"contentUrl\":\"https:\\\/\\\/www.donadonsdd.com\\\/wp-content\\\/uploads\\\/2025\\\/11\\\/donadonsdd-logo.png\",\"width\":544,\"height\":96,\"caption\":\"DonadonSDD Srl\"},\"image\":{\"@id\":\"https:\\\/\\\/www.donadonsdd.com\\\/pt-pt\\\/#\\\/schema\\\/logo\\\/image\\\/\"}}]}<\/script>\n<!-- \/ Yoast SEO plugin. -->","yoast_head_json":{"title":"Indicador de disco de rutura el\u00e9trico sanit\u00e1rio - IRC","description":"Indicador el\u00e9trico sanit\u00e1rio de disco de rutura para dete\u00e7\u00e3o de rutura em aplica\u00e7\u00f5es higi\u00e9nicas. Instalado entre liga\u00e7\u00f5es tri-clamp, intrinsecamente seguro, certificado ATEX.","robots":{"index":"index","follow":"follow","max-snippet":"max-snippet:-1","max-image-preview":"max-image-preview:large","max-video-preview":"max-video-preview:-1"},"canonical":"https:\/\/www.donadonsdd.com\/pt-pt\/produto\/irc\/","og_locale":"pt_PT","og_type":"article","og_title":"Indicador de disco de rutura el\u00e9trico sanit\u00e1rio - IRC","og_description":"Indicador el\u00e9trico sanit\u00e1rio de disco de rutura para dete\u00e7\u00e3o de rutura em aplica\u00e7\u00f5es higi\u00e9nicas. Instalado entre liga\u00e7\u00f5es tri-clamp, intrinsecamente seguro, certificado ATEX.","og_url":"https:\/\/www.donadonsdd.com\/pt-pt\/produto\/irc\/","og_site_name":"DonadonSDD Srl","article_modified_time":"2026-02-27T23:21:25+00:00","og_image":[{"width":1800,"height":1200,"url":"https:\/\/www.donadonsdd.com\/wp-content\/uploads\/2025\/12\/donadon-sdd-irc-sanitary-rupture-indicators.png","type":"image\/png"}],"twitter_card":"summary_large_image","twitter_misc":{"Tempo estimado de leitura":"1 minuto"},"schema":{"@context":"https:\/\/schema.org","@graph":[{"@type":"WebPage","@id":"https:\/\/www.donadonsdd.com\/pt-pt\/produto\/irc\/","url":"https:\/\/www.donadonsdd.com\/pt-pt\/produto\/irc\/","name":"Indicador de disco de rutura el\u00e9trico sanit\u00e1rio - IRC","isPartOf":{"@id":"https:\/\/www.donadonsdd.com\/pt-pt\/#website"},"primaryImageOfPage":{"@id":"https:\/\/www.donadonsdd.com\/pt-pt\/produto\/irc\/#primaryimage"},"image":{"@id":"https:\/\/www.donadonsdd.com\/pt-pt\/produto\/irc\/#primaryimage"},"thumbnailUrl":"https:\/\/www.donadonsdd.com\/wp-content\/uploads\/2025\/12\/donadon-sdd-irc-sanitary-rupture-indicators.png","datePublished":"2025-12-11T15:49:34+00:00","dateModified":"2026-02-27T23:21:25+00:00","description":"Indicador el\u00e9trico sanit\u00e1rio de disco de rutura para dete\u00e7\u00e3o de rutura em aplica\u00e7\u00f5es higi\u00e9nicas. Instalado entre liga\u00e7\u00f5es tri-clamp, intrinsecamente seguro, certificado ATEX.","breadcrumb":{"@id":"https:\/\/www.donadonsdd.com\/pt-pt\/produto\/irc\/#breadcrumb"},"inLanguage":"pt-PT","potentialAction":[{"@type":"ReadAction","target":["https:\/\/www.donadonsdd.com\/pt-pt\/produto\/irc\/"]}]},{"@type":"ImageObject","inLanguage":"pt-PT","@id":"https:\/\/www.donadonsdd.com\/pt-pt\/produto\/irc\/#primaryimage","url":"https:\/\/www.donadonsdd.com\/wp-content\/uploads\/2025\/12\/donadon-sdd-irc-sanitary-rupture-indicators.png","contentUrl":"https:\/\/www.donadonsdd.com\/wp-content\/uploads\/2025\/12\/donadon-sdd-irc-sanitary-rupture-indicators.png","width":1800,"height":1200,"caption":"indicadores de rutura sanit\u00e1ria donadon sdd irc"},{"@type":"BreadcrumbList","@id":"https:\/\/www.donadonsdd.com\/pt-pt\/produto\/irc\/#breadcrumb","itemListElement":[{"@type":"ListItem","position":1,"name":"HOMEPAGE","item":"https:\/\/www.donadonsdd.com\/pt-pt\/"},{"@type":"ListItem","position":2,"name":"Indicadores de rutura sanit\u00e1ria IRC"}]},{"@type":"WebSite","@id":"https:\/\/www.donadonsdd.com\/pt-pt\/#website","url":"https:\/\/www.donadonsdd.com\/pt-pt\/","name":"DonadonSDD Srl","description":"","publisher":{"@id":"https:\/\/www.donadonsdd.com\/pt-pt\/#organization"},"potentialAction":[{"@type":"SearchAction","target":{"@type":"EntryPoint","urlTemplate":"https:\/\/www.donadonsdd.com\/pt-pt\/?s={search_term_string}"},"query-input":{"@type":"PropertyValueSpecification","valueRequired":true,"valueName":"search_term_string"}}],"inLanguage":"pt-PT"},{"@type":"Organization","@id":"https:\/\/www.donadonsdd.com\/pt-pt\/#organization","name":"DonadonSDD Srl","url":"https:\/\/www.donadonsdd.com\/pt-pt\/","logo":{"@type":"ImageObject","inLanguage":"pt-PT","@id":"https:\/\/www.donadonsdd.com\/pt-pt\/#\/schema\/logo\/image\/","url":"https:\/\/www.donadonsdd.com\/wp-content\/uploads\/2025\/11\/donadonsdd-logo.png","contentUrl":"https:\/\/www.donadonsdd.com\/wp-content\/uploads\/2025\/11\/donadonsdd-logo.png","width":544,"height":96,"caption":"DonadonSDD Srl"},"image":{"@id":"https:\/\/www.donadonsdd.com\/pt-pt\/#\/schema\/logo\/image\/"}}]}},"toolset-meta":{"toolset-woocommerce-fields":{"_download_limit":{"type":"numeric","raw":""},"_virtual":{"type":"checkbox","raw":""},"_downloadable":{"type":"checkbox","raw":""},"_download_expiry":{"type":"numeric","raw":""},"_download_type":{"type":"radio","raw":""},"_regular_price":{"type":"numeric","raw":""},"_sale_price":{"type":"numeric","raw":""},"_sale_price_dates_from":{"type":"date","raw":"","formatted":null},"_sale_price_dates_to":{"type":"date","raw":"","formatted":null},"_sku":{"type":"textfield","raw":""},"_manage_stock":{"type":"checkbox","raw":""},"_stock_status":{"type":"radio","raw":""},"_stock":{"type":"numeric","raw":""},"_backorders":{"type":"radio","raw":""},"_sold_individually":{"type":"checkbox","raw":""},"_width":{"type":"numeric","raw":""},"_weight":{"type":"numeric","raw":""},"_length":{"type":"numeric","raw":""},"_purchase_note":{"type":"textarea","raw":""}},"infografica":{"operation-ratio":{"type":"textfield","raw":""},"non-fragmenting":{"type":"textfield","raw":""},"vacumm-resistant":{"type":"textfield","raw":""},"sanitary":{"type":"textfield","raw":""},"liquid":{"type":"textfield","raw":""},"vapor-gas":{"type":"textfield","raw":""},"ferrules":{"type":"textfield","raw":""}},"dettagli-prodotto":{"immagini-prodotto":{"type":"image","raw":["https:\/\/www.donadonsdd.com\/wp-content\/uploads\/2025\/12\/donadon-11_result.webp"],"repeatable":[{"raw":"https:\/\/www.donadonsdd.com\/wp-content\/uploads\/2025\/12\/donadon-11_result.webp","attachment_id":8053}]},"tabella-specifiche":{"type":"wysiwyg","raw":"MODELO | IRC;\nTEMPERATURA DE FUNCIONAMENTO | De -20\u00b0C a +260\u00b0C (dependendo da junta utilizada);\nMEMBRANA DE ENCAPSULAMENTO | Poliimida (Kapton\u00ae);\nCIRCUITO IMPRESSO | Cobre;\nTENS\u00c3O M\u00c1XIMA DE ALIMENTA\u00c7\u00c3O | 24 V DC;\nCORRENTE M\u00c1XIMA DE ALIMENTA\u00c7\u00c3O | 50 mA;\nCABO | Standard, 2 m;\nDISCO SANIT\u00c1RIO | <a href=\"https:\/\/www.donadonsdd.com\/pt-pt\/produto\/dcd-composite\/\">DCD<\/a>, <a href=\"https:\/\/www.donadonsdd.com\/pt-pt\/produto\/scd\/\">SCD<\/a>, <a href=\"https:\/\/www.donadonsdd.com\/pt-pt\/produto\/scr\/\">SCR<\/a>, <a href=\"https:\/\/www.donadonsdd.com\/pt-pt\/produto\/y90\/\">Y90<\/a>, <a href=\"https:\/\/www.donadonsdd.com\/pt-pt\/produto\/krd\/\">KRD<\/a>;"}}},"_links":{"self":[{"href":"https:\/\/www.donadonsdd.com\/pt-pt\/wp-json\/wp\/v2\/product\/6022","targetHints":{"allow":["GET"]}}],"collection":[{"href":"https:\/\/www.donadonsdd.com\/pt-pt\/wp-json\/wp\/v2\/product"}],"about":[{"href":"https:\/\/www.donadonsdd.com\/pt-pt\/wp-json\/wp\/v2\/types\/product"}],"wp:featuredmedia":[{"embeddable":true,"href":"https:\/\/www.donadonsdd.com\/pt-pt\/wp-json\/wp\/v2\/media\/6024"}],"wp:attachment":[{"href":"https:\/\/www.donadonsdd.com\/pt-pt\/wp-json\/wp\/v2\/media?parent=6022"}],"wp:term":[{"taxonomy":"categoria_prodotto","embeddable":true,"href":"https:\/\/www.donadonsdd.com\/pt-pt\/wp-json\/wp\/v2\/categoria_prodotto?post=6022"}],"curies":[{"name":"wp","href":"https:\/\/api.w.org\/{rel}","templated":true}]}}