{"id":6038,"date":"2025-12-11T16:52:07","date_gmt":"2025-12-11T15:52:07","guid":{"rendered":"https:\/\/www.donadonsdd.com\/product\/indicadores-de-rutura-ire-detecao-de-precisao-para-maior-seguranca\/"},"modified":"2026-03-01T02:32:59","modified_gmt":"2026-03-01T01:32:59","slug":"ire","status":"publish","type":"product","link":"https:\/\/www.donadonsdd.com\/pt-pt\/produto\/ire\/","title":{"rendered":"Indicadores de rutura IRE &#8211; Dete\u00e7\u00e3o de precis\u00e3o para maior seguran\u00e7a"},"content":{"rendered":"<p>Os sensores de rutura DonadonSDD IRE s\u00e3o instrumentos simples e eficazes para registar o rebentamento de um disco de rutura.<\/p>\n<p>O detetor \u00e9 instalado entre o reservat\u00f3rio do lado da descarga e a flange a jusante do dispositivo de seguran\u00e7a, substituindo o selo tradicional. Os cabos do indicador de alarme s\u00e3o ligados ao sistema de seguran\u00e7a da instala\u00e7\u00e3o atrav\u00e9s de uma barreira intrinsecamente segura, em conformidade com as carater\u00edsticas el\u00e9ctricas do sensor (tens\u00e3o m\u00e1xima 24V DC e corrente m\u00e1xima 50 mA) e com a classifica\u00e7\u00e3o da zona perigosa. <\/p>\n<p>O detetor \u00e9 composto por um sensor el\u00e9trico montado simplesmente sobre um alvo constitu\u00eddo por..:<\/p>\n<ul>\n<li>um anel de a\u00e7o inoxid\u00e1vel<\/li>\n<li>uma membrana perfurada de PTFE<\/li>\n<li>juntas de veda\u00e7\u00e3o: fibra de aramida standard dispon\u00edvel tamb\u00e9m em grafite, PTFE<\/li>\n<\/ul>\n<p>Quando o disco rebenta, o circuito de cobre do sistema de alarme IRE abre-se e, como resultado, o fluxo de corrente \u00e9 cortado, permitindo que o equipamento ligado sinalize que o disco se abriu.<\/p>\n<p>O sensor IRE est\u00e1 em total conformidade com a Diretiva Europeia 2014\/34\/UE (ATEX) e CU TR 012 (EAC), demonstrando a sua dedica\u00e7\u00e3o em manter os mais elevados padr\u00f5es de fiabilidade e seguran\u00e7a. Esta conformidade garante que o sensor \u00e9 adequado para aplica\u00e7\u00e3o em ambientes perigosos, afirmando a sua capacidade de funcionar de forma eficaz e segura em condi\u00e7\u00f5es dif\u00edceis. <\/p>\n<p>O sensor IRE \u00e9 classificado como &#8220;material el\u00e9trico b\u00e1sico&#8221; e est\u00e1 certificado de acordo com a Diretiva Europeia 94\/9\/CE (ATEX). A instala\u00e7\u00e3o da zona depende do tipo de barreira:<\/p>\n<ul>\n<li>Barreira Ex ia &#8211;&gt; zona 0; 20; 1; 21; 2; 22<\/li>\n<li>Ex ib barrier &#8211;&gt; zona 1; 21; 2; 22<\/li>\n<\/ul>\n<p>A instala\u00e7\u00e3o deve ser efectuada de acordo com a norma EN 60079-14.<\/p>\n","protected":false},"excerpt":{"rendered":"<p>Os sensores de rutura DonadonSDD IRE s\u00e3o instrumentos simples e eficazes para registar o rebentamento de um disco de rutura. O detetor \u00e9 instalado entre o reservat\u00f3rio do lado da descarga e a flange a jusante do dispositivo de seguran\u00e7a, substituindo o selo tradicional. Os cabos do indicador de alarme s\u00e3o ligados ao sistema de [&hellip;]<\/p>\n","protected":false},"featured_media":6039,"menu_order":0,"template":"","meta":{"_acf_changed":false},"categoria_prodotto":[94,81],"class_list":["post-6038","product","type-product","status-publish","has-post-thumbnail","hentry","categoria_prodotto-electric","categoria_prodotto-rupture-indicators"],"acf":[],"yoast_head":"<!-- This site is optimized with the Yoast SEO plugin v27.3 - https:\/\/yoast.com\/product\/yoast-seo-wordpress\/ -->\n<title>Indicador el\u00e9trico de discos de rutura para discos de rutura - IRE<\/title>\n<meta name=\"description\" content=\"Indicador el\u00e9trico de disco de rutura para dete\u00e7\u00e3o de ativa\u00e7\u00e3o do disco de rutura. Instalado entre o disco de rutura ou suporte e a flange, concebido para uma sinaliza\u00e7\u00e3o fi\u00e1vel, intrinsecamente seguro, certificado pela ATEX.\" \/>\n<meta name=\"robots\" content=\"index, follow, max-snippet:-1, max-image-preview:large, max-video-preview:-1\" \/>\n<link rel=\"canonical\" href=\"https:\/\/www.donadonsdd.com\/pt-pt\/produto\/ire\/\" \/>\n<meta property=\"og:locale\" content=\"pt_PT\" \/>\n<meta property=\"og:type\" content=\"article\" \/>\n<meta property=\"og:title\" content=\"Indicador el\u00e9trico de discos de rutura para discos de rutura - IRE\" \/>\n<meta property=\"og:description\" content=\"Indicador el\u00e9trico de disco de rutura para dete\u00e7\u00e3o de ativa\u00e7\u00e3o do disco de rutura. Instalado entre o disco de rutura ou suporte e a flange, concebido para uma sinaliza\u00e7\u00e3o fi\u00e1vel, intrinsecamente seguro, certificado pela ATEX.\" \/>\n<meta property=\"og:url\" content=\"https:\/\/www.donadonsdd.com\/pt-pt\/produto\/ire\/\" \/>\n<meta property=\"og:site_name\" content=\"DonadonSDD Srl\" \/>\n<meta property=\"article:modified_time\" content=\"2026-03-01T01:32:59+00:00\" \/>\n<meta property=\"og:image\" content=\"https:\/\/www.donadonsdd.com\/wp-content\/uploads\/2025\/12\/donadon-31-e1766346995115.png\" \/>\n\t<meta property=\"og:image:width\" content=\"1139\" \/>\n\t<meta property=\"og:image:height\" content=\"759\" \/>\n\t<meta property=\"og:image:type\" content=\"image\/png\" \/>\n<meta name=\"twitter:card\" content=\"summary_large_image\" \/>\n<meta name=\"twitter:label1\" content=\"Tempo estimado de leitura\" \/>\n\t<meta name=\"twitter:data1\" content=\"1 minuto\" \/>\n<script type=\"application\/ld+json\" class=\"yoast-schema-graph\">{\"@context\":\"https:\\\/\\\/schema.org\",\"@graph\":[{\"@type\":\"WebPage\",\"@id\":\"https:\\\/\\\/www.donadonsdd.com\\\/pt-pt\\\/produto\\\/ire\\\/\",\"url\":\"https:\\\/\\\/www.donadonsdd.com\\\/pt-pt\\\/produto\\\/ire\\\/\",\"name\":\"Indicador el\u00e9trico de discos de rutura para discos de rutura - IRE\",\"isPartOf\":{\"@id\":\"https:\\\/\\\/www.donadonsdd.com\\\/pt-pt\\\/#website\"},\"primaryImageOfPage\":{\"@id\":\"https:\\\/\\\/www.donadonsdd.com\\\/pt-pt\\\/produto\\\/ire\\\/#primaryimage\"},\"image\":{\"@id\":\"https:\\\/\\\/www.donadonsdd.com\\\/pt-pt\\\/produto\\\/ire\\\/#primaryimage\"},\"thumbnailUrl\":\"https:\\\/\\\/www.donadonsdd.com\\\/wp-content\\\/uploads\\\/2025\\\/12\\\/donadon-31-e1766346995115.png\",\"datePublished\":\"2025-12-11T15:52:07+00:00\",\"dateModified\":\"2026-03-01T01:32:59+00:00\",\"description\":\"Indicador el\u00e9trico de disco de rutura para dete\u00e7\u00e3o de ativa\u00e7\u00e3o do disco de rutura. Instalado entre o disco de rutura ou suporte e a flange, concebido para uma sinaliza\u00e7\u00e3o fi\u00e1vel, intrinsecamente seguro, certificado pela ATEX.\",\"breadcrumb\":{\"@id\":\"https:\\\/\\\/www.donadonsdd.com\\\/pt-pt\\\/produto\\\/ire\\\/#breadcrumb\"},\"inLanguage\":\"pt-PT\",\"potentialAction\":[{\"@type\":\"ReadAction\",\"target\":[\"https:\\\/\\\/www.donadonsdd.com\\\/pt-pt\\\/produto\\\/ire\\\/\"]}]},{\"@type\":\"ImageObject\",\"inLanguage\":\"pt-PT\",\"@id\":\"https:\\\/\\\/www.donadonsdd.com\\\/pt-pt\\\/produto\\\/ire\\\/#primaryimage\",\"url\":\"https:\\\/\\\/www.donadonsdd.com\\\/wp-content\\\/uploads\\\/2025\\\/12\\\/donadon-31-e1766346995115.png\",\"contentUrl\":\"https:\\\/\\\/www.donadonsdd.com\\\/wp-content\\\/uploads\\\/2025\\\/12\\\/donadon-31-e1766346995115.png\",\"width\":1139,\"height\":759},{\"@type\":\"BreadcrumbList\",\"@id\":\"https:\\\/\\\/www.donadonsdd.com\\\/pt-pt\\\/produto\\\/ire\\\/#breadcrumb\",\"itemListElement\":[{\"@type\":\"ListItem\",\"position\":1,\"name\":\"HOMEPAGE\",\"item\":\"https:\\\/\\\/www.donadonsdd.com\\\/pt-pt\\\/\"},{\"@type\":\"ListItem\",\"position\":2,\"name\":\"Indicadores de rutura IRE &#8211; Dete\u00e7\u00e3o de precis\u00e3o para maior seguran\u00e7a\"}]},{\"@type\":\"WebSite\",\"@id\":\"https:\\\/\\\/www.donadonsdd.com\\\/pt-pt\\\/#website\",\"url\":\"https:\\\/\\\/www.donadonsdd.com\\\/pt-pt\\\/\",\"name\":\"DonadonSDD Srl\",\"description\":\"\",\"publisher\":{\"@id\":\"https:\\\/\\\/www.donadonsdd.com\\\/pt-pt\\\/#organization\"},\"potentialAction\":[{\"@type\":\"SearchAction\",\"target\":{\"@type\":\"EntryPoint\",\"urlTemplate\":\"https:\\\/\\\/www.donadonsdd.com\\\/pt-pt\\\/?s={search_term_string}\"},\"query-input\":{\"@type\":\"PropertyValueSpecification\",\"valueRequired\":true,\"valueName\":\"search_term_string\"}}],\"inLanguage\":\"pt-PT\"},{\"@type\":\"Organization\",\"@id\":\"https:\\\/\\\/www.donadonsdd.com\\\/pt-pt\\\/#organization\",\"name\":\"DonadonSDD Srl\",\"url\":\"https:\\\/\\\/www.donadonsdd.com\\\/pt-pt\\\/\",\"logo\":{\"@type\":\"ImageObject\",\"inLanguage\":\"pt-PT\",\"@id\":\"https:\\\/\\\/www.donadonsdd.com\\\/pt-pt\\\/#\\\/schema\\\/logo\\\/image\\\/\",\"url\":\"https:\\\/\\\/www.donadonsdd.com\\\/wp-content\\\/uploads\\\/2025\\\/11\\\/donadonsdd-logo.png\",\"contentUrl\":\"https:\\\/\\\/www.donadonsdd.com\\\/wp-content\\\/uploads\\\/2025\\\/11\\\/donadonsdd-logo.png\",\"width\":544,\"height\":96,\"caption\":\"DonadonSDD Srl\"},\"image\":{\"@id\":\"https:\\\/\\\/www.donadonsdd.com\\\/pt-pt\\\/#\\\/schema\\\/logo\\\/image\\\/\"}}]}<\/script>\n<!-- \/ Yoast SEO plugin. -->","yoast_head_json":{"title":"Indicador el\u00e9trico de discos de rutura para discos de rutura - IRE","description":"Indicador el\u00e9trico de disco de rutura para dete\u00e7\u00e3o de ativa\u00e7\u00e3o do disco de rutura. Instalado entre o disco de rutura ou suporte e a flange, concebido para uma sinaliza\u00e7\u00e3o fi\u00e1vel, intrinsecamente seguro, certificado pela ATEX.","robots":{"index":"index","follow":"follow","max-snippet":"max-snippet:-1","max-image-preview":"max-image-preview:large","max-video-preview":"max-video-preview:-1"},"canonical":"https:\/\/www.donadonsdd.com\/pt-pt\/produto\/ire\/","og_locale":"pt_PT","og_type":"article","og_title":"Indicador el\u00e9trico de discos de rutura para discos de rutura - IRE","og_description":"Indicador el\u00e9trico de disco de rutura para dete\u00e7\u00e3o de ativa\u00e7\u00e3o do disco de rutura. Instalado entre o disco de rutura ou suporte e a flange, concebido para uma sinaliza\u00e7\u00e3o fi\u00e1vel, intrinsecamente seguro, certificado pela ATEX.","og_url":"https:\/\/www.donadonsdd.com\/pt-pt\/produto\/ire\/","og_site_name":"DonadonSDD Srl","article_modified_time":"2026-03-01T01:32:59+00:00","og_image":[{"width":1139,"height":759,"url":"https:\/\/www.donadonsdd.com\/wp-content\/uploads\/2025\/12\/donadon-31-e1766346995115.png","type":"image\/png"}],"twitter_card":"summary_large_image","twitter_misc":{"Tempo estimado de leitura":"1 minuto"},"schema":{"@context":"https:\/\/schema.org","@graph":[{"@type":"WebPage","@id":"https:\/\/www.donadonsdd.com\/pt-pt\/produto\/ire\/","url":"https:\/\/www.donadonsdd.com\/pt-pt\/produto\/ire\/","name":"Indicador el\u00e9trico de discos de rutura para discos de rutura - IRE","isPartOf":{"@id":"https:\/\/www.donadonsdd.com\/pt-pt\/#website"},"primaryImageOfPage":{"@id":"https:\/\/www.donadonsdd.com\/pt-pt\/produto\/ire\/#primaryimage"},"image":{"@id":"https:\/\/www.donadonsdd.com\/pt-pt\/produto\/ire\/#primaryimage"},"thumbnailUrl":"https:\/\/www.donadonsdd.com\/wp-content\/uploads\/2025\/12\/donadon-31-e1766346995115.png","datePublished":"2025-12-11T15:52:07+00:00","dateModified":"2026-03-01T01:32:59+00:00","description":"Indicador el\u00e9trico de disco de rutura para dete\u00e7\u00e3o de ativa\u00e7\u00e3o do disco de rutura. Instalado entre o disco de rutura ou suporte e a flange, concebido para uma sinaliza\u00e7\u00e3o fi\u00e1vel, intrinsecamente seguro, certificado pela ATEX.","breadcrumb":{"@id":"https:\/\/www.donadonsdd.com\/pt-pt\/produto\/ire\/#breadcrumb"},"inLanguage":"pt-PT","potentialAction":[{"@type":"ReadAction","target":["https:\/\/www.donadonsdd.com\/pt-pt\/produto\/ire\/"]}]},{"@type":"ImageObject","inLanguage":"pt-PT","@id":"https:\/\/www.donadonsdd.com\/pt-pt\/produto\/ire\/#primaryimage","url":"https:\/\/www.donadonsdd.com\/wp-content\/uploads\/2025\/12\/donadon-31-e1766346995115.png","contentUrl":"https:\/\/www.donadonsdd.com\/wp-content\/uploads\/2025\/12\/donadon-31-e1766346995115.png","width":1139,"height":759},{"@type":"BreadcrumbList","@id":"https:\/\/www.donadonsdd.com\/pt-pt\/produto\/ire\/#breadcrumb","itemListElement":[{"@type":"ListItem","position":1,"name":"HOMEPAGE","item":"https:\/\/www.donadonsdd.com\/pt-pt\/"},{"@type":"ListItem","position":2,"name":"Indicadores de rutura IRE &#8211; Dete\u00e7\u00e3o de precis\u00e3o para maior seguran\u00e7a"}]},{"@type":"WebSite","@id":"https:\/\/www.donadonsdd.com\/pt-pt\/#website","url":"https:\/\/www.donadonsdd.com\/pt-pt\/","name":"DonadonSDD Srl","description":"","publisher":{"@id":"https:\/\/www.donadonsdd.com\/pt-pt\/#organization"},"potentialAction":[{"@type":"SearchAction","target":{"@type":"EntryPoint","urlTemplate":"https:\/\/www.donadonsdd.com\/pt-pt\/?s={search_term_string}"},"query-input":{"@type":"PropertyValueSpecification","valueRequired":true,"valueName":"search_term_string"}}],"inLanguage":"pt-PT"},{"@type":"Organization","@id":"https:\/\/www.donadonsdd.com\/pt-pt\/#organization","name":"DonadonSDD Srl","url":"https:\/\/www.donadonsdd.com\/pt-pt\/","logo":{"@type":"ImageObject","inLanguage":"pt-PT","@id":"https:\/\/www.donadonsdd.com\/pt-pt\/#\/schema\/logo\/image\/","url":"https:\/\/www.donadonsdd.com\/wp-content\/uploads\/2025\/11\/donadonsdd-logo.png","contentUrl":"https:\/\/www.donadonsdd.com\/wp-content\/uploads\/2025\/11\/donadonsdd-logo.png","width":544,"height":96,"caption":"DonadonSDD Srl"},"image":{"@id":"https:\/\/www.donadonsdd.com\/pt-pt\/#\/schema\/logo\/image\/"}}]}},"toolset-meta":{"toolset-woocommerce-fields":{"_download_limit":{"type":"numeric","raw":""},"_virtual":{"type":"checkbox","raw":""},"_downloadable":{"type":"checkbox","raw":""},"_download_expiry":{"type":"numeric","raw":""},"_download_type":{"type":"radio","raw":""},"_regular_price":{"type":"numeric","raw":""},"_sale_price":{"type":"numeric","raw":""},"_sale_price_dates_from":{"type":"date","raw":"","formatted":null},"_sale_price_dates_to":{"type":"date","raw":"","formatted":null},"_sku":{"type":"textfield","raw":""},"_manage_stock":{"type":"checkbox","raw":""},"_stock_status":{"type":"radio","raw":""},"_stock":{"type":"numeric","raw":""},"_backorders":{"type":"radio","raw":""},"_sold_individually":{"type":"checkbox","raw":""},"_width":{"type":"numeric","raw":""},"_weight":{"type":"numeric","raw":""},"_length":{"type":"numeric","raw":""},"_purchase_note":{"type":"textarea","raw":""}},"infografica":{"operation-ratio":{"type":"textfield","raw":""},"non-fragmenting":{"type":"textfield","raw":""},"vacumm-resistant":{"type":"textfield","raw":""},"sanitary":{"type":"textfield","raw":""},"liquid":{"type":"textfield","raw":""},"vapor-gas":{"type":"textfield","raw":""},"ferrules":{"type":"textfield","raw":""}},"dettagli-prodotto":{"immagini-prodotto":{"type":"image","raw":["https:\/\/www.donadonsdd.com\/wp-content\/uploads\/2025\/12\/donadon-31_result.webp","https:\/\/www.donadonsdd.com\/wp-content\/uploads\/2025\/12\/donadon-32_result-1.webp","https:\/\/www.donadonsdd.com\/wp-content\/uploads\/2025\/12\/donadon-33_result.webp"],"repeatable":[{"raw":"https:\/\/www.donadonsdd.com\/wp-content\/uploads\/2025\/12\/donadon-31_result.webp","attachment_id":8050},{"raw":"https:\/\/www.donadonsdd.com\/wp-content\/uploads\/2025\/12\/donadon-32_result-1.webp","attachment_id":8051},{"raw":"https:\/\/www.donadonsdd.com\/wp-content\/uploads\/2025\/12\/donadon-33_result.webp","attachment_id":8052}]},"tabella-specifiche":{"type":"wysiwyg","raw":"MODELO | IRE;\nTEMPERATURA DE FUNCIONAMENTO | De -20\u00b0C a +265\u00b0C (consoante o vedante utilizado);\nMEMBRANA DE ENCAPSULAMENTO | Poliimida (Kapton\u00ae);\nCIRCUITO IMPRESSO | Cobre;\nTENS\u00c3O DE ALIMENTA\u00c7\u00c3O M\u00c1XIMA | 24 V DC;\nCORRENTE DE ALIMENTA\u00c7\u00c3O M\u00c1XIMA | 50 mA;\nCABO | Standard, 2 m;\nCOMPATIBILIDADE COM DISCOS DE SUPORTE \/ RUPTURA | <a href=\"https:\/\/www.donadonsdd.com\/pt-pt\/produto\/hia-hra\/\">HIA<\/a>, <a href=\"https:\/\/www.donadonsdd.com\/pt-pt\/produto\/hia-hra\/\">HRA<\/a>, <a href=\"https:\/\/www.donadonsdd.com\/pt-pt\/produto\/hip-hrp\/\">HIP<\/a>, <a href=\"https:\/\/www.donadonsdd.com\/pt-pt\/produto\/hip-hrp\/\">HRP<\/a> \u00a7 <a href=\"https:\/\/www.donadonsdd.com\/pt-pt\/produto\/dcd-composite\/\">DCD<\/a>, <a href=\"https:\/\/www.donadonsdd.com\/pt-pt\/produto\/dif\/\">DIF<\/a>, <a href=\"https:\/\/www.donadonsdd.com\/pt-pt\/produto\/scd\/\">SCD<\/a>, <a href=\"https:\/\/www.donadonsdd.com\/pt-pt\/produto\/scr\/\">SCR<\/a>, <a href=\"https:\/\/www.donadonsdd.com\/pt-pt\/produto\/y90\/\">Y90<\/a>, <a href=\"https:\/\/www.donadonsdd.com\/pt-pt\/produto\/krd\/\">KRD<\/a>, <a href=\"https:\/\/www.donadonsdd.com\/pt-pt\/produto\/gm\/\">GM<\/a>, <a href=\"https:\/\/www.donadonsdd.com\/pt-pt\/produto\/ga\/\">GA<\/a>, <a href=\"https:\/\/www.donadonsdd.com\/pt-pt\/produto\/gr\/\">GR<\/a>;             "}}},"_links":{"self":[{"href":"https:\/\/www.donadonsdd.com\/pt-pt\/wp-json\/wp\/v2\/product\/6038","targetHints":{"allow":["GET"]}}],"collection":[{"href":"https:\/\/www.donadonsdd.com\/pt-pt\/wp-json\/wp\/v2\/product"}],"about":[{"href":"https:\/\/www.donadonsdd.com\/pt-pt\/wp-json\/wp\/v2\/types\/product"}],"wp:featuredmedia":[{"embeddable":true,"href":"https:\/\/www.donadonsdd.com\/pt-pt\/wp-json\/wp\/v2\/media\/6039"}],"wp:attachment":[{"href":"https:\/\/www.donadonsdd.com\/pt-pt\/wp-json\/wp\/v2\/media?parent=6038"}],"wp:term":[{"taxonomy":"categoria_prodotto","embeddable":true,"href":"https:\/\/www.donadonsdd.com\/pt-pt\/wp-json\/wp\/v2\/categoria_prodotto?post=6038"}],"curies":[{"name":"wp","href":"https:\/\/api.w.org\/{rel}","templated":true}]}}