{"id":6050,"date":"2025-12-11T16:54:38","date_gmt":"2025-12-11T15:54:38","guid":{"rendered":"https:\/\/www.donadonsdd.com\/product\/indicadores-de-rutura-irp-detecao-de-precisao-para-paineis-de-ventilacao\/"},"modified":"2026-02-28T00:22:50","modified_gmt":"2026-02-27T23:22:50","slug":"irp","status":"publish","type":"product","link":"https:\/\/www.donadonsdd.com\/pt-pt\/produto\/irp\/","title":{"rendered":"Indicadores de rutura IRP &#8211; Dete\u00e7\u00e3o de precis\u00e3o para pain\u00e9is de ventila\u00e7\u00e3o"},"content":{"rendered":"<p>Os indicadores de rutura Donadon IRP s\u00e3o instrumentos simples e eficazes para detetar a rutura de um painel de ventila\u00e7\u00e3o de explos\u00e3o.<\/p>\n<p>O detetor \u00e9 instalado durante o fabrico do painel e tem um cabo de 2 metros.<\/p>\n<p>O cabo do indicador de alarme tem de ser ligado ao sistema de seguran\u00e7a da instala\u00e7\u00e3o com uma barreira intrinsecamente segura que esteja em conformidade com as carater\u00edsticas el\u00e9ctricas do sensor (tens\u00e3o m\u00e1xima de 24 V CC e intensidade m\u00e1xima de 50 mA) e com a classifica\u00e7\u00e3o da \u00e1rea perigosa.<\/p>\n<p>Quando o painel rebenta, o circuito el\u00e9trico do indicador IRP \u00e9 interrompido, permitindo que o equipamento ligado assinale a abertura do dispositivo de seguran\u00e7a.<\/p>\n<p>O sensor IRP est\u00e1 classificado como &#8220;material el\u00e9trico b\u00e1sico&#8221; e est\u00e1 certificado de acordo com a Diretiva Europeia 94\/9\/CE (ATEX). A instala\u00e7\u00e3o da zona depende do tipo de barreira:<\/p>\n<ul>\n<li>Barreira Ex ia &#8211;&gt; zona 0; 20; 1; 21; 2; 22<\/li>\n<li>Ex ib barrier &#8211;&gt; zona 1; 21; 2; 22<\/li>\n<\/ul>\n<p>A instala\u00e7\u00e3o deve ser efectuada de acordo com a norma EN 60079-14.<\/p>\n","protected":false},"excerpt":{"rendered":"<p>Os indicadores de rutura Donadon IRP s\u00e3o instrumentos simples e eficazes para detetar a rutura de um painel de ventila\u00e7\u00e3o de explos\u00e3o. O detetor \u00e9 instalado durante o fabrico do painel e tem um cabo de 2 metros. O cabo do indicador de alarme tem de ser ligado ao sistema de seguran\u00e7a da instala\u00e7\u00e3o com [&hellip;]<\/p>\n","protected":false},"featured_media":10273,"menu_order":0,"template":"","meta":{"_acf_changed":false},"categoria_prodotto":[94,81],"class_list":["post-6050","product","type-product","status-publish","has-post-thumbnail","hentry","categoria_prodotto-electric","categoria_prodotto-rupture-indicators"],"acf":[],"yoast_head":"<!-- This site is optimized with the Yoast SEO plugin v27.3 - https:\/\/yoast.com\/product\/yoast-seo-wordpress\/ -->\n<title>Indicador de rutura el\u00e9ctrica para pain\u00e9is de ventila\u00e7\u00e3o de explos\u00e3o - IRP<\/title>\n<meta name=\"description\" content=\"Indicador el\u00e9trico de rutura para a dete\u00e7\u00e3o de abertura de pain\u00e9is de ventila\u00e7\u00e3o com explos\u00e3o. Integrado durante o fabrico do painel, intrinsecamente seguro, certificado ATEX, adequado para pain\u00e9is PSC e PSR.\" \/>\n<meta name=\"robots\" content=\"index, follow, max-snippet:-1, max-image-preview:large, max-video-preview:-1\" \/>\n<link rel=\"canonical\" href=\"https:\/\/www.donadonsdd.com\/pt-pt\/produto\/irp\/\" \/>\n<meta property=\"og:locale\" content=\"pt_PT\" \/>\n<meta property=\"og:type\" content=\"article\" \/>\n<meta property=\"og:title\" content=\"Indicador de rutura el\u00e9ctrica para pain\u00e9is de ventila\u00e7\u00e3o de explos\u00e3o - IRP\" \/>\n<meta property=\"og:description\" content=\"Indicador el\u00e9trico de rutura para a dete\u00e7\u00e3o de abertura de pain\u00e9is de ventila\u00e7\u00e3o com explos\u00e3o. Integrado durante o fabrico do painel, intrinsecamente seguro, certificado ATEX, adequado para pain\u00e9is PSC e PSR.\" \/>\n<meta property=\"og:url\" content=\"https:\/\/www.donadonsdd.com\/pt-pt\/produto\/irp\/\" \/>\n<meta property=\"og:site_name\" content=\"DonadonSDD Srl\" \/>\n<meta property=\"article:modified_time\" content=\"2026-02-27T23:22:50+00:00\" \/>\n<meta property=\"og:image\" content=\"https:\/\/www.donadonsdd.com\/wp-content\/uploads\/2025\/12\/img_136-remove-background.com_.png\" \/>\n\t<meta property=\"og:image:width\" content=\"700\" \/>\n\t<meta property=\"og:image:height\" content=\"466\" \/>\n\t<meta property=\"og:image:type\" content=\"image\/png\" \/>\n<meta name=\"twitter:card\" content=\"summary_large_image\" \/>\n<meta name=\"twitter:label1\" content=\"Tempo estimado de leitura\" \/>\n\t<meta name=\"twitter:data1\" content=\"1 minuto\" \/>\n<script type=\"application\/ld+json\" class=\"yoast-schema-graph\">{\"@context\":\"https:\\\/\\\/schema.org\",\"@graph\":[{\"@type\":\"WebPage\",\"@id\":\"https:\\\/\\\/www.donadonsdd.com\\\/pt-pt\\\/produto\\\/irp\\\/\",\"url\":\"https:\\\/\\\/www.donadonsdd.com\\\/pt-pt\\\/produto\\\/irp\\\/\",\"name\":\"Indicador de rutura el\u00e9ctrica para pain\u00e9is de ventila\u00e7\u00e3o de explos\u00e3o - IRP\",\"isPartOf\":{\"@id\":\"https:\\\/\\\/www.donadonsdd.com\\\/pt-pt\\\/#website\"},\"primaryImageOfPage\":{\"@id\":\"https:\\\/\\\/www.donadonsdd.com\\\/pt-pt\\\/produto\\\/irp\\\/#primaryimage\"},\"image\":{\"@id\":\"https:\\\/\\\/www.donadonsdd.com\\\/pt-pt\\\/produto\\\/irp\\\/#primaryimage\"},\"thumbnailUrl\":\"https:\\\/\\\/www.donadonsdd.com\\\/wp-content\\\/uploads\\\/2025\\\/12\\\/img_136-remove-background.com_.png\",\"datePublished\":\"2025-12-11T15:54:38+00:00\",\"dateModified\":\"2026-02-27T23:22:50+00:00\",\"description\":\"Indicador el\u00e9trico de rutura para a dete\u00e7\u00e3o de abertura de pain\u00e9is de ventila\u00e7\u00e3o com explos\u00e3o. Integrado durante o fabrico do painel, intrinsecamente seguro, certificado ATEX, adequado para pain\u00e9is PSC e PSR.\",\"breadcrumb\":{\"@id\":\"https:\\\/\\\/www.donadonsdd.com\\\/pt-pt\\\/produto\\\/irp\\\/#breadcrumb\"},\"inLanguage\":\"pt-PT\",\"potentialAction\":[{\"@type\":\"ReadAction\",\"target\":[\"https:\\\/\\\/www.donadonsdd.com\\\/pt-pt\\\/produto\\\/irp\\\/\"]}]},{\"@type\":\"ImageObject\",\"inLanguage\":\"pt-PT\",\"@id\":\"https:\\\/\\\/www.donadonsdd.com\\\/pt-pt\\\/produto\\\/irp\\\/#primaryimage\",\"url\":\"https:\\\/\\\/www.donadonsdd.com\\\/wp-content\\\/uploads\\\/2025\\\/12\\\/img_136-remove-background.com_.png\",\"contentUrl\":\"https:\\\/\\\/www.donadonsdd.com\\\/wp-content\\\/uploads\\\/2025\\\/12\\\/img_136-remove-background.com_.png\",\"width\":700,\"height\":466},{\"@type\":\"BreadcrumbList\",\"@id\":\"https:\\\/\\\/www.donadonsdd.com\\\/pt-pt\\\/produto\\\/irp\\\/#breadcrumb\",\"itemListElement\":[{\"@type\":\"ListItem\",\"position\":1,\"name\":\"HOMEPAGE\",\"item\":\"https:\\\/\\\/www.donadonsdd.com\\\/pt-pt\\\/\"},{\"@type\":\"ListItem\",\"position\":2,\"name\":\"Indicadores de rutura IRP &#8211; Dete\u00e7\u00e3o de precis\u00e3o para pain\u00e9is de ventila\u00e7\u00e3o\"}]},{\"@type\":\"WebSite\",\"@id\":\"https:\\\/\\\/www.donadonsdd.com\\\/pt-pt\\\/#website\",\"url\":\"https:\\\/\\\/www.donadonsdd.com\\\/pt-pt\\\/\",\"name\":\"DonadonSDD Srl\",\"description\":\"\",\"publisher\":{\"@id\":\"https:\\\/\\\/www.donadonsdd.com\\\/pt-pt\\\/#organization\"},\"potentialAction\":[{\"@type\":\"SearchAction\",\"target\":{\"@type\":\"EntryPoint\",\"urlTemplate\":\"https:\\\/\\\/www.donadonsdd.com\\\/pt-pt\\\/?s={search_term_string}\"},\"query-input\":{\"@type\":\"PropertyValueSpecification\",\"valueRequired\":true,\"valueName\":\"search_term_string\"}}],\"inLanguage\":\"pt-PT\"},{\"@type\":\"Organization\",\"@id\":\"https:\\\/\\\/www.donadonsdd.com\\\/pt-pt\\\/#organization\",\"name\":\"DonadonSDD Srl\",\"url\":\"https:\\\/\\\/www.donadonsdd.com\\\/pt-pt\\\/\",\"logo\":{\"@type\":\"ImageObject\",\"inLanguage\":\"pt-PT\",\"@id\":\"https:\\\/\\\/www.donadonsdd.com\\\/pt-pt\\\/#\\\/schema\\\/logo\\\/image\\\/\",\"url\":\"https:\\\/\\\/www.donadonsdd.com\\\/wp-content\\\/uploads\\\/2025\\\/11\\\/donadonsdd-logo.png\",\"contentUrl\":\"https:\\\/\\\/www.donadonsdd.com\\\/wp-content\\\/uploads\\\/2025\\\/11\\\/donadonsdd-logo.png\",\"width\":544,\"height\":96,\"caption\":\"DonadonSDD Srl\"},\"image\":{\"@id\":\"https:\\\/\\\/www.donadonsdd.com\\\/pt-pt\\\/#\\\/schema\\\/logo\\\/image\\\/\"}}]}<\/script>\n<!-- \/ Yoast SEO plugin. -->","yoast_head_json":{"title":"Indicador de rutura el\u00e9ctrica para pain\u00e9is de ventila\u00e7\u00e3o de explos\u00e3o - IRP","description":"Indicador el\u00e9trico de rutura para a dete\u00e7\u00e3o de abertura de pain\u00e9is de ventila\u00e7\u00e3o com explos\u00e3o. Integrado durante o fabrico do painel, intrinsecamente seguro, certificado ATEX, adequado para pain\u00e9is PSC e PSR.","robots":{"index":"index","follow":"follow","max-snippet":"max-snippet:-1","max-image-preview":"max-image-preview:large","max-video-preview":"max-video-preview:-1"},"canonical":"https:\/\/www.donadonsdd.com\/pt-pt\/produto\/irp\/","og_locale":"pt_PT","og_type":"article","og_title":"Indicador de rutura el\u00e9ctrica para pain\u00e9is de ventila\u00e7\u00e3o de explos\u00e3o - IRP","og_description":"Indicador el\u00e9trico de rutura para a dete\u00e7\u00e3o de abertura de pain\u00e9is de ventila\u00e7\u00e3o com explos\u00e3o. Integrado durante o fabrico do painel, intrinsecamente seguro, certificado ATEX, adequado para pain\u00e9is PSC e PSR.","og_url":"https:\/\/www.donadonsdd.com\/pt-pt\/produto\/irp\/","og_site_name":"DonadonSDD Srl","article_modified_time":"2026-02-27T23:22:50+00:00","og_image":[{"width":700,"height":466,"url":"https:\/\/www.donadonsdd.com\/wp-content\/uploads\/2025\/12\/img_136-remove-background.com_.png","type":"image\/png"}],"twitter_card":"summary_large_image","twitter_misc":{"Tempo estimado de leitura":"1 minuto"},"schema":{"@context":"https:\/\/schema.org","@graph":[{"@type":"WebPage","@id":"https:\/\/www.donadonsdd.com\/pt-pt\/produto\/irp\/","url":"https:\/\/www.donadonsdd.com\/pt-pt\/produto\/irp\/","name":"Indicador de rutura el\u00e9ctrica para pain\u00e9is de ventila\u00e7\u00e3o de explos\u00e3o - IRP","isPartOf":{"@id":"https:\/\/www.donadonsdd.com\/pt-pt\/#website"},"primaryImageOfPage":{"@id":"https:\/\/www.donadonsdd.com\/pt-pt\/produto\/irp\/#primaryimage"},"image":{"@id":"https:\/\/www.donadonsdd.com\/pt-pt\/produto\/irp\/#primaryimage"},"thumbnailUrl":"https:\/\/www.donadonsdd.com\/wp-content\/uploads\/2025\/12\/img_136-remove-background.com_.png","datePublished":"2025-12-11T15:54:38+00:00","dateModified":"2026-02-27T23:22:50+00:00","description":"Indicador el\u00e9trico de rutura para a dete\u00e7\u00e3o de abertura de pain\u00e9is de ventila\u00e7\u00e3o com explos\u00e3o. Integrado durante o fabrico do painel, intrinsecamente seguro, certificado ATEX, adequado para pain\u00e9is PSC e PSR.","breadcrumb":{"@id":"https:\/\/www.donadonsdd.com\/pt-pt\/produto\/irp\/#breadcrumb"},"inLanguage":"pt-PT","potentialAction":[{"@type":"ReadAction","target":["https:\/\/www.donadonsdd.com\/pt-pt\/produto\/irp\/"]}]},{"@type":"ImageObject","inLanguage":"pt-PT","@id":"https:\/\/www.donadonsdd.com\/pt-pt\/produto\/irp\/#primaryimage","url":"https:\/\/www.donadonsdd.com\/wp-content\/uploads\/2025\/12\/img_136-remove-background.com_.png","contentUrl":"https:\/\/www.donadonsdd.com\/wp-content\/uploads\/2025\/12\/img_136-remove-background.com_.png","width":700,"height":466},{"@type":"BreadcrumbList","@id":"https:\/\/www.donadonsdd.com\/pt-pt\/produto\/irp\/#breadcrumb","itemListElement":[{"@type":"ListItem","position":1,"name":"HOMEPAGE","item":"https:\/\/www.donadonsdd.com\/pt-pt\/"},{"@type":"ListItem","position":2,"name":"Indicadores de rutura IRP &#8211; Dete\u00e7\u00e3o de precis\u00e3o para pain\u00e9is de ventila\u00e7\u00e3o"}]},{"@type":"WebSite","@id":"https:\/\/www.donadonsdd.com\/pt-pt\/#website","url":"https:\/\/www.donadonsdd.com\/pt-pt\/","name":"DonadonSDD Srl","description":"","publisher":{"@id":"https:\/\/www.donadonsdd.com\/pt-pt\/#organization"},"potentialAction":[{"@type":"SearchAction","target":{"@type":"EntryPoint","urlTemplate":"https:\/\/www.donadonsdd.com\/pt-pt\/?s={search_term_string}"},"query-input":{"@type":"PropertyValueSpecification","valueRequired":true,"valueName":"search_term_string"}}],"inLanguage":"pt-PT"},{"@type":"Organization","@id":"https:\/\/www.donadonsdd.com\/pt-pt\/#organization","name":"DonadonSDD Srl","url":"https:\/\/www.donadonsdd.com\/pt-pt\/","logo":{"@type":"ImageObject","inLanguage":"pt-PT","@id":"https:\/\/www.donadonsdd.com\/pt-pt\/#\/schema\/logo\/image\/","url":"https:\/\/www.donadonsdd.com\/wp-content\/uploads\/2025\/11\/donadonsdd-logo.png","contentUrl":"https:\/\/www.donadonsdd.com\/wp-content\/uploads\/2025\/11\/donadonsdd-logo.png","width":544,"height":96,"caption":"DonadonSDD Srl"},"image":{"@id":"https:\/\/www.donadonsdd.com\/pt-pt\/#\/schema\/logo\/image\/"}}]}},"toolset-meta":{"toolset-woocommerce-fields":{"_download_limit":{"type":"numeric","raw":""},"_virtual":{"type":"checkbox","raw":""},"_downloadable":{"type":"checkbox","raw":""},"_download_expiry":{"type":"numeric","raw":""},"_download_type":{"type":"radio","raw":""},"_regular_price":{"type":"numeric","raw":""},"_sale_price":{"type":"numeric","raw":""},"_sale_price_dates_from":{"type":"date","raw":"","formatted":null},"_sale_price_dates_to":{"type":"date","raw":"","formatted":null},"_sku":{"type":"textfield","raw":""},"_manage_stock":{"type":"checkbox","raw":""},"_stock_status":{"type":"radio","raw":""},"_stock":{"type":"numeric","raw":""},"_backorders":{"type":"radio","raw":""},"_sold_individually":{"type":"checkbox","raw":""},"_width":{"type":"numeric","raw":""},"_weight":{"type":"numeric","raw":""},"_length":{"type":"numeric","raw":""},"_purchase_note":{"type":"textarea","raw":""}},"infografica":{"operation-ratio":{"type":"textfield","raw":""},"non-fragmenting":{"type":"textfield","raw":""},"vacumm-resistant":{"type":"textfield","raw":""},"sanitary":{"type":"textfield","raw":""},"liquid":{"type":"textfield","raw":""},"vapor-gas":{"type":"textfield","raw":""},"ferrules":{"type":"textfield","raw":""}},"dettagli-prodotto":{"immagini-prodotto":{"type":"image","raw":["https:\/\/www.donadonsdd.com\/wp-content\/uploads\/2025\/12\/img_136-remove-background.com_.png"],"repeatable":[{"raw":"https:\/\/www.donadonsdd.com\/wp-content\/uploads\/2025\/12\/img_136-remove-background.com_.png","attachment_id":10273}]},"tabella-specifiche":{"type":"wysiwyg","raw":"MODELO | IRP;\nTEMPERATURA DE FUNCIONAMENTO | De -20\u00b0C a +300\u00b0C;\nMEMBRANA DE ENCAPSULAMENTO | Poliimida (Kapton\u00ae);\nCIRCUITO IMPRESSO | Cobre;\nTENS\u00c3O M\u00c1XIMA DE ALIMENTA\u00c7\u00c3O | 24 V DC;\nCORRENTE M\u00c1XIMA DE ALIMENTA\u00c7\u00c3O | 50 mA;\nCABO | Standard, 2 m;\nPAIN\u00c9IS DE VENTILA\u00c7\u00c3O DE EXPLOS\u00c3O | <a href=\"https:\/\/www.donadonsdd.com\/pt-pt\/produto\/psc\/\">PSC<\/a>, <a href=\"https:\/\/www.donadonsdd.com\/pt-pt\/produto\/psr\/\">PSR<\/a>;"}}},"_links":{"self":[{"href":"https:\/\/www.donadonsdd.com\/pt-pt\/wp-json\/wp\/v2\/product\/6050","targetHints":{"allow":["GET"]}}],"collection":[{"href":"https:\/\/www.donadonsdd.com\/pt-pt\/wp-json\/wp\/v2\/product"}],"about":[{"href":"https:\/\/www.donadonsdd.com\/pt-pt\/wp-json\/wp\/v2\/types\/product"}],"wp:featuredmedia":[{"embeddable":true,"href":"https:\/\/www.donadonsdd.com\/pt-pt\/wp-json\/wp\/v2\/media\/10273"}],"wp:attachment":[{"href":"https:\/\/www.donadonsdd.com\/pt-pt\/wp-json\/wp\/v2\/media?parent=6050"}],"wp:term":[{"taxonomy":"categoria_prodotto","embeddable":true,"href":"https:\/\/www.donadonsdd.com\/pt-pt\/wp-json\/wp\/v2\/categoria_prodotto?post=6050"}],"curies":[{"name":"wp","href":"https:\/\/api.w.org\/{rel}","templated":true}]}}