{"id":6055,"date":"2025-12-11T14:13:27","date_gmt":"2025-12-11T13:13:27","guid":{"rendered":"https:\/\/www.donadonsdd.com\/product\/discos-de-rutura-sanitarios-krd-protecao-avancada-contra-pressao-para-industrias-higienicas\/"},"modified":"2026-02-28T00:35:33","modified_gmt":"2026-02-27T23:35:33","slug":"krd-sanitary","status":"publish","type":"product","link":"https:\/\/www.donadonsdd.com\/pt-pt\/produto\/krd-sanitary\/","title":{"rendered":"Discos de rutura sanit\u00e1rios KRD &#8211; Prote\u00e7\u00e3o avan\u00e7ada contra press\u00e3o para ind\u00fastrias higi\u00e9nicas"},"content":{"rendered":"<p>Os Discos de rutura de a\u00e7\u00e3o inversa KRD da DonadonSDD s\u00e3o dispositivos de seguran\u00e7a cr\u00edticos que protegem a sua instala\u00e7\u00e3o industrial, impedindo o aumento s\u00fabito de press\u00e3o. Os discos de rutura de a\u00e7\u00e3o inversa t\u00eam uma curvatura convexa que se mant\u00e9m inalterada sob press\u00e3o de funcionamento at\u00e9 ser atingida a press\u00e3o inversa, o que pode garantir uma longa vida \u00fatil. Os Discos de rutura DonadonSDD KRD utilizam uma tecnologia setorial avan\u00e7ada e oferecem uma prote\u00e7\u00e3o direcionada e precisa nas aplica\u00e7\u00f5es mais exigentes, tornando os Discos de rutura DonadonSDD KRD uma \u00f3ptima escolha de seguran\u00e7a para instala\u00e7\u00f5es que lidam com condi\u00e7\u00f5es extremas. O seu design espec\u00edfico faz com que o KRD seja ideal para oferecer prote\u00e7\u00e3o contra a press\u00e3o a equipamentos onde esteja presente um fluido totalmente l\u00edquido. <\/p>\n<h2>Principais carater\u00edsticas e vantagens t\u00e9cnicas<\/h2>\n<h3>Design de \u00faltima gera\u00e7\u00e3o:<\/h3>\n<p>Particularmente adequado para as ind\u00fastrias farmac\u00eautica, alimentar e biotecnol\u00f3gica e representa o avan\u00e7ado para estes sectores.<\/p>\n<h3>Juntas certificadas pela FDA:<\/h3>\n<p>As juntas de PTFE, certificadas em conformidade com as normas FDA e USP classe VI, 3-A, e Eu 10\/2011, facilitam a instala\u00e7\u00e3o em acess\u00f3rios Clamp (sanit\u00e1rios, Tri-Clamp, Tank Connection).<\/p>\n<h3>Aplica\u00e7\u00f5es higi\u00e9nicas:<\/h3>\n<p>Concebida para cumprir as normas de alta qualidade exigidas pela 3-A SSI, GMP e MOCA para garantir a sa\u00fade p\u00fablica atrav\u00e9s de equipamento higi\u00e9nico.<\/p>\n<h3>Elevados padr\u00f5es de certifica\u00e7\u00e3o:<\/h3>\n<p>Os nossos discos de rutura KRD obtiveram as mais altas certifica\u00e7\u00f5es, incluindo ASME XIII (UD STAMP), PED 2014\/68\/UE (CE STAMP), ATEX EX II 2 GD (CE STAMP), PER 2016 UK Statutory Instruments 2016 No 1105 (UKCA STAMP) e CU TR 032 (EAC STAMP)<\/p>\n<h3>Tecnologia avan\u00e7ada:<\/h3>\n<p>Os discos de rutura KRD obtidos com a nossa tecnologia patenteada Laser NS NanoScored s\u00e3o discos de a\u00e7\u00e3o inversa com sec\u00e7\u00f5es calibradas micro-scored que se abrem \u00e0 volta da circunfer\u00eancia, reduzindo o risco de descolamento das p\u00e9talas.<\/p>\n<h3>Desempenho fi\u00e1vel:<\/h3>\n<p>Resiste a milhares de ciclos sem comprometer a sua fiabilidade, com rela\u00e7\u00f5es at\u00e9 95% entre a press\u00e3o de funcionamento e a press\u00e3o de rutura.<\/p>\n<h3>Rutura R\u00e1pida N\u00e3o Fragmentada:<\/h3>\n<p>O disco abre-se completamente em alguns milissegundos ao longo de uma linha circunferencial marcada no lado a jusante do disco, evitando assim a forma\u00e7\u00e3o de fragmenta\u00e7\u00e3o.<\/p>\n<h3>Design vers\u00e1til:<\/h3>\n<p>Adequado para a presen\u00e7a de 100% de l\u00edquido, ciclos e condi\u00e7\u00f5es de pulsa\u00e7\u00e3o sem reduzir as margens de seguran\u00e7a.<\/p>\n<h3>Resistente \u00e0 corros\u00e3o:<\/h3>\n<p>Vasta gama de materiais e op\u00e7\u00f5es de espessura; revestimento em PTFE ou PFA (aprovado pela FDA) dispon\u00edvel para prote\u00e7\u00e3o adicional.<\/p>\n<h3>Resist\u00eancia a alta press\u00e3o\/v\u00e1cuo:<\/h3>\n<p>N\u00e3o necessita de suporte de v\u00e1cuo, evitando restri\u00e7\u00f5es na \u00e1rea de descarga; capaz de resistir a altas contrapress\u00f5es.<\/p>\n<h2>Porqu\u00ea escolher a DonadonSDD?<\/h2>\n<ul>\n<li>A tecnologia avan\u00e7ada e o design avan\u00e7ado garantem uma prote\u00e7\u00e3o de press\u00e3o precisa e fi\u00e1vel para as ind\u00fastrias higi\u00e9nicas.<\/li>\n<li>A constru\u00e7\u00e3o em a\u00e7o inoxid\u00e1vel, a superf\u00edcie lisa e as juntas certificadas pela FDA garantem elevados n\u00edveis de higiene e condi\u00e7\u00f5es ass\u00e9pticas.<\/li>\n<li>Superf\u00edcie lisa: O acabamento de superf\u00edcie liso (0,2&lt;Ra&lt;0,4 m\u00edcron) torna-o particularmente adequado para tratamentos C.I.P. e S.I.P. para manter as condi\u00e7\u00f5es ass\u00e9pticas. Teste de rugosidade dispon\u00edvel para valores ainda mais baixos. <\/li>\n<li>Pode ser utilizado com aplica\u00e7\u00f5es totalmente l\u00edquidas e resiste tanto ao v\u00e1cuo como \u00e0 press\u00e3o operacional elevada.<\/li>\n<\/ul>\n","protected":false},"excerpt":{"rendered":"<p>Os Discos de rutura de a\u00e7\u00e3o inversa KRD da DonadonSDD s\u00e3o dispositivos de seguran\u00e7a cr\u00edticos que protegem a sua instala\u00e7\u00e3o industrial, impedindo o aumento s\u00fabito de press\u00e3o. Os discos de rutura de a\u00e7\u00e3o inversa t\u00eam uma curvatura convexa que se mant\u00e9m inalterada sob press\u00e3o de funcionamento at\u00e9 ser atingida a press\u00e3o inversa, o que pode [&hellip;]<\/p>\n","protected":false},"featured_media":10293,"menu_order":0,"template":"","meta":{"_acf_changed":false},"categoria_prodotto":[86,79,84],"class_list":["post-6055","product","type-product","status-publish","has-post-thumbnail","hentry","categoria_prodotto-reverse-acting","categoria_prodotto-rupture-discs","categoria_prodotto-sanitary"],"acf":[],"yoast_head":"<!-- This site is optimized with the Yoast SEO plugin v27.3 - https:\/\/yoast.com\/product\/yoast-seo-wordpress\/ -->\n<title>Disco de rutura de encurvadura inversa sanit\u00e1rio - KRD<\/title>\n<meta name=\"description\" content=\"Disco de rutura sanit\u00e1rio de a\u00e7\u00e3o inversa para aplica\u00e7\u00f5es farmac\u00eauticas, alimentares e biotecnol\u00f3gicas. Elevada resist\u00eancia a ciclos e design previs\u00edvel sem fragmenta\u00e7\u00e3o, r\u00e1cio de funcionamento at\u00e9 95%, em conformidade com ASME e PED, certificado 3-A.\" \/>\n<meta name=\"robots\" content=\"index, follow, max-snippet:-1, max-image-preview:large, max-video-preview:-1\" \/>\n<link rel=\"canonical\" href=\"https:\/\/www.donadonsdd.com\/pt-pt\/produto\/krd-sanitary\/\" \/>\n<meta property=\"og:locale\" content=\"pt_PT\" \/>\n<meta property=\"og:type\" content=\"article\" \/>\n<meta property=\"og:title\" content=\"Disco de rutura de encurvadura inversa sanit\u00e1rio - KRD\" \/>\n<meta property=\"og:description\" content=\"Disco de rutura sanit\u00e1rio de a\u00e7\u00e3o inversa para aplica\u00e7\u00f5es farmac\u00eauticas, alimentares e biotecnol\u00f3gicas. Elevada resist\u00eancia a ciclos e design previs\u00edvel sem fragmenta\u00e7\u00e3o, r\u00e1cio de funcionamento at\u00e9 95%, em conformidade com ASME e PED, certificado 3-A.\" \/>\n<meta property=\"og:url\" content=\"https:\/\/www.donadonsdd.com\/pt-pt\/produto\/krd-sanitary\/\" \/>\n<meta property=\"og:site_name\" content=\"DonadonSDD Srl\" \/>\n<meta property=\"article:modified_time\" content=\"2026-02-27T23:35:33+00:00\" \/>\n<meta property=\"og:image\" content=\"https:\/\/www.donadonsdd.com\/wp-content\/uploads\/2025\/12\/donadon-78.png\" \/>\n\t<meta property=\"og:image:width\" content=\"1800\" \/>\n\t<meta property=\"og:image:height\" content=\"1200\" \/>\n\t<meta property=\"og:image:type\" content=\"image\/png\" \/>\n<meta name=\"twitter:card\" content=\"summary_large_image\" \/>\n<meta name=\"twitter:label1\" content=\"Tempo estimado de leitura\" \/>\n\t<meta name=\"twitter:data1\" content=\"3 minutos\" \/>\n<script type=\"application\/ld+json\" class=\"yoast-schema-graph\">{\"@context\":\"https:\\\/\\\/schema.org\",\"@graph\":[{\"@type\":\"WebPage\",\"@id\":\"https:\\\/\\\/www.donadonsdd.com\\\/pt-pt\\\/produto\\\/krd-sanitary\\\/\",\"url\":\"https:\\\/\\\/www.donadonsdd.com\\\/pt-pt\\\/produto\\\/krd-sanitary\\\/\",\"name\":\"Disco de rutura de encurvadura inversa sanit\u00e1rio - KRD\",\"isPartOf\":{\"@id\":\"https:\\\/\\\/www.donadonsdd.com\\\/pt-pt\\\/#website\"},\"primaryImageOfPage\":{\"@id\":\"https:\\\/\\\/www.donadonsdd.com\\\/pt-pt\\\/produto\\\/krd-sanitary\\\/#primaryimage\"},\"image\":{\"@id\":\"https:\\\/\\\/www.donadonsdd.com\\\/pt-pt\\\/produto\\\/krd-sanitary\\\/#primaryimage\"},\"thumbnailUrl\":\"https:\\\/\\\/www.donadonsdd.com\\\/wp-content\\\/uploads\\\/2025\\\/12\\\/donadon-78.png\",\"datePublished\":\"2025-12-11T13:13:27+00:00\",\"dateModified\":\"2026-02-27T23:35:33+00:00\",\"description\":\"Disco de rutura sanit\u00e1rio de a\u00e7\u00e3o inversa para aplica\u00e7\u00f5es farmac\u00eauticas, alimentares e biotecnol\u00f3gicas. Elevada resist\u00eancia a ciclos e design previs\u00edvel sem fragmenta\u00e7\u00e3o, r\u00e1cio de funcionamento at\u00e9 95%, em conformidade com ASME e PED, certificado 3-A.\",\"breadcrumb\":{\"@id\":\"https:\\\/\\\/www.donadonsdd.com\\\/pt-pt\\\/produto\\\/krd-sanitary\\\/#breadcrumb\"},\"inLanguage\":\"pt-PT\",\"potentialAction\":[{\"@type\":\"ReadAction\",\"target\":[\"https:\\\/\\\/www.donadonsdd.com\\\/pt-pt\\\/produto\\\/krd-sanitary\\\/\"]}]},{\"@type\":\"ImageObject\",\"inLanguage\":\"pt-PT\",\"@id\":\"https:\\\/\\\/www.donadonsdd.com\\\/pt-pt\\\/produto\\\/krd-sanitary\\\/#primaryimage\",\"url\":\"https:\\\/\\\/www.donadonsdd.com\\\/wp-content\\\/uploads\\\/2025\\\/12\\\/donadon-78.png\",\"contentUrl\":\"https:\\\/\\\/www.donadonsdd.com\\\/wp-content\\\/uploads\\\/2025\\\/12\\\/donadon-78.png\",\"width\":1800,\"height\":1200},{\"@type\":\"BreadcrumbList\",\"@id\":\"https:\\\/\\\/www.donadonsdd.com\\\/pt-pt\\\/produto\\\/krd-sanitary\\\/#breadcrumb\",\"itemListElement\":[{\"@type\":\"ListItem\",\"position\":1,\"name\":\"HOMEPAGE\",\"item\":\"https:\\\/\\\/www.donadonsdd.com\\\/pt-pt\\\/\"},{\"@type\":\"ListItem\",\"position\":2,\"name\":\"Discos de rutura sanit\u00e1rios KRD &#8211; Prote\u00e7\u00e3o avan\u00e7ada contra press\u00e3o para ind\u00fastrias higi\u00e9nicas\"}]},{\"@type\":\"WebSite\",\"@id\":\"https:\\\/\\\/www.donadonsdd.com\\\/pt-pt\\\/#website\",\"url\":\"https:\\\/\\\/www.donadonsdd.com\\\/pt-pt\\\/\",\"name\":\"DonadonSDD Srl\",\"description\":\"\",\"publisher\":{\"@id\":\"https:\\\/\\\/www.donadonsdd.com\\\/pt-pt\\\/#organization\"},\"potentialAction\":[{\"@type\":\"SearchAction\",\"target\":{\"@type\":\"EntryPoint\",\"urlTemplate\":\"https:\\\/\\\/www.donadonsdd.com\\\/pt-pt\\\/?s={search_term_string}\"},\"query-input\":{\"@type\":\"PropertyValueSpecification\",\"valueRequired\":true,\"valueName\":\"search_term_string\"}}],\"inLanguage\":\"pt-PT\"},{\"@type\":\"Organization\",\"@id\":\"https:\\\/\\\/www.donadonsdd.com\\\/pt-pt\\\/#organization\",\"name\":\"DonadonSDD Srl\",\"url\":\"https:\\\/\\\/www.donadonsdd.com\\\/pt-pt\\\/\",\"logo\":{\"@type\":\"ImageObject\",\"inLanguage\":\"pt-PT\",\"@id\":\"https:\\\/\\\/www.donadonsdd.com\\\/pt-pt\\\/#\\\/schema\\\/logo\\\/image\\\/\",\"url\":\"https:\\\/\\\/www.donadonsdd.com\\\/wp-content\\\/uploads\\\/2025\\\/11\\\/donadonsdd-logo.png\",\"contentUrl\":\"https:\\\/\\\/www.donadonsdd.com\\\/wp-content\\\/uploads\\\/2025\\\/11\\\/donadonsdd-logo.png\",\"width\":544,\"height\":96,\"caption\":\"DonadonSDD Srl\"},\"image\":{\"@id\":\"https:\\\/\\\/www.donadonsdd.com\\\/pt-pt\\\/#\\\/schema\\\/logo\\\/image\\\/\"}}]}<\/script>\n<!-- \/ Yoast SEO plugin. -->","yoast_head_json":{"title":"Disco de rutura de encurvadura inversa sanit\u00e1rio - KRD","description":"Disco de rutura sanit\u00e1rio de a\u00e7\u00e3o inversa para aplica\u00e7\u00f5es farmac\u00eauticas, alimentares e biotecnol\u00f3gicas. Elevada resist\u00eancia a ciclos e design previs\u00edvel sem fragmenta\u00e7\u00e3o, r\u00e1cio de funcionamento at\u00e9 95%, em conformidade com ASME e PED, certificado 3-A.","robots":{"index":"index","follow":"follow","max-snippet":"max-snippet:-1","max-image-preview":"max-image-preview:large","max-video-preview":"max-video-preview:-1"},"canonical":"https:\/\/www.donadonsdd.com\/pt-pt\/produto\/krd-sanitary\/","og_locale":"pt_PT","og_type":"article","og_title":"Disco de rutura de encurvadura inversa sanit\u00e1rio - KRD","og_description":"Disco de rutura sanit\u00e1rio de a\u00e7\u00e3o inversa para aplica\u00e7\u00f5es farmac\u00eauticas, alimentares e biotecnol\u00f3gicas. Elevada resist\u00eancia a ciclos e design previs\u00edvel sem fragmenta\u00e7\u00e3o, r\u00e1cio de funcionamento at\u00e9 95%, em conformidade com ASME e PED, certificado 3-A.","og_url":"https:\/\/www.donadonsdd.com\/pt-pt\/produto\/krd-sanitary\/","og_site_name":"DonadonSDD Srl","article_modified_time":"2026-02-27T23:35:33+00:00","og_image":[{"width":1800,"height":1200,"url":"https:\/\/www.donadonsdd.com\/wp-content\/uploads\/2025\/12\/donadon-78.png","type":"image\/png"}],"twitter_card":"summary_large_image","twitter_misc":{"Tempo estimado de leitura":"3 minutos"},"schema":{"@context":"https:\/\/schema.org","@graph":[{"@type":"WebPage","@id":"https:\/\/www.donadonsdd.com\/pt-pt\/produto\/krd-sanitary\/","url":"https:\/\/www.donadonsdd.com\/pt-pt\/produto\/krd-sanitary\/","name":"Disco de rutura de encurvadura inversa sanit\u00e1rio - KRD","isPartOf":{"@id":"https:\/\/www.donadonsdd.com\/pt-pt\/#website"},"primaryImageOfPage":{"@id":"https:\/\/www.donadonsdd.com\/pt-pt\/produto\/krd-sanitary\/#primaryimage"},"image":{"@id":"https:\/\/www.donadonsdd.com\/pt-pt\/produto\/krd-sanitary\/#primaryimage"},"thumbnailUrl":"https:\/\/www.donadonsdd.com\/wp-content\/uploads\/2025\/12\/donadon-78.png","datePublished":"2025-12-11T13:13:27+00:00","dateModified":"2026-02-27T23:35:33+00:00","description":"Disco de rutura sanit\u00e1rio de a\u00e7\u00e3o inversa para aplica\u00e7\u00f5es farmac\u00eauticas, alimentares e biotecnol\u00f3gicas. Elevada resist\u00eancia a ciclos e design previs\u00edvel sem fragmenta\u00e7\u00e3o, r\u00e1cio de funcionamento at\u00e9 95%, em conformidade com ASME e PED, certificado 3-A.","breadcrumb":{"@id":"https:\/\/www.donadonsdd.com\/pt-pt\/produto\/krd-sanitary\/#breadcrumb"},"inLanguage":"pt-PT","potentialAction":[{"@type":"ReadAction","target":["https:\/\/www.donadonsdd.com\/pt-pt\/produto\/krd-sanitary\/"]}]},{"@type":"ImageObject","inLanguage":"pt-PT","@id":"https:\/\/www.donadonsdd.com\/pt-pt\/produto\/krd-sanitary\/#primaryimage","url":"https:\/\/www.donadonsdd.com\/wp-content\/uploads\/2025\/12\/donadon-78.png","contentUrl":"https:\/\/www.donadonsdd.com\/wp-content\/uploads\/2025\/12\/donadon-78.png","width":1800,"height":1200},{"@type":"BreadcrumbList","@id":"https:\/\/www.donadonsdd.com\/pt-pt\/produto\/krd-sanitary\/#breadcrumb","itemListElement":[{"@type":"ListItem","position":1,"name":"HOMEPAGE","item":"https:\/\/www.donadonsdd.com\/pt-pt\/"},{"@type":"ListItem","position":2,"name":"Discos de rutura sanit\u00e1rios KRD &#8211; Prote\u00e7\u00e3o avan\u00e7ada contra press\u00e3o para ind\u00fastrias higi\u00e9nicas"}]},{"@type":"WebSite","@id":"https:\/\/www.donadonsdd.com\/pt-pt\/#website","url":"https:\/\/www.donadonsdd.com\/pt-pt\/","name":"DonadonSDD Srl","description":"","publisher":{"@id":"https:\/\/www.donadonsdd.com\/pt-pt\/#organization"},"potentialAction":[{"@type":"SearchAction","target":{"@type":"EntryPoint","urlTemplate":"https:\/\/www.donadonsdd.com\/pt-pt\/?s={search_term_string}"},"query-input":{"@type":"PropertyValueSpecification","valueRequired":true,"valueName":"search_term_string"}}],"inLanguage":"pt-PT"},{"@type":"Organization","@id":"https:\/\/www.donadonsdd.com\/pt-pt\/#organization","name":"DonadonSDD Srl","url":"https:\/\/www.donadonsdd.com\/pt-pt\/","logo":{"@type":"ImageObject","inLanguage":"pt-PT","@id":"https:\/\/www.donadonsdd.com\/pt-pt\/#\/schema\/logo\/image\/","url":"https:\/\/www.donadonsdd.com\/wp-content\/uploads\/2025\/11\/donadonsdd-logo.png","contentUrl":"https:\/\/www.donadonsdd.com\/wp-content\/uploads\/2025\/11\/donadonsdd-logo.png","width":544,"height":96,"caption":"DonadonSDD Srl"},"image":{"@id":"https:\/\/www.donadonsdd.com\/pt-pt\/#\/schema\/logo\/image\/"}}]}},"toolset-meta":{"toolset-woocommerce-fields":{"_download_limit":{"type":"numeric","raw":""},"_virtual":{"type":"checkbox","raw":""},"_downloadable":{"type":"checkbox","raw":""},"_download_expiry":{"type":"numeric","raw":""},"_download_type":{"type":"radio","raw":""},"_regular_price":{"type":"numeric","raw":""},"_sale_price":{"type":"numeric","raw":""},"_sale_price_dates_from":{"type":"date","raw":"","formatted":null},"_sale_price_dates_to":{"type":"date","raw":"","formatted":null},"_sku":{"type":"textfield","raw":""},"_manage_stock":{"type":"checkbox","raw":""},"_stock_status":{"type":"radio","raw":""},"_stock":{"type":"numeric","raw":""},"_backorders":{"type":"radio","raw":""},"_sold_individually":{"type":"checkbox","raw":""},"_width":{"type":"numeric","raw":""},"_weight":{"type":"numeric","raw":""},"_length":{"type":"numeric","raw":""},"_purchase_note":{"type":"textarea","raw":""}},"infografica":{"operation-ratio":{"type":"textfield","raw":"at\u00e9 95%"},"non-fragmenting":{"type":"textfield","raw":"sim"},"vacumm-resistant":{"type":"textfield","raw":"sim"},"sanitary":{"type":"textfield","raw":"sim"},"liquid":{"type":"textfield","raw":"sim"},"vapor-gas":{"type":"textfield","raw":"sim"},"ferrules":{"type":"textfield","raw":""}},"dettagli-prodotto":{"immagini-prodotto":{"type":"image","raw":["https:\/\/www.donadonsdd.com\/wp-content\/uploads\/2025\/12\/donadon-78_result.webp","https:\/\/www.donadonsdd.com\/wp-content\/uploads\/2025\/12\/donadon-79_result.webp"],"repeatable":[{"raw":"https:\/\/www.donadonsdd.com\/wp-content\/uploads\/2025\/12\/donadon-78_result.webp","attachment_id":6057},{"raw":"https:\/\/www.donadonsdd.com\/wp-content\/uploads\/2025\/12\/donadon-79_result.webp","attachment_id":6058}]},"tabella-specifiche":{"type":"wysiwyg","raw":"MODELO | KRD;\nMATERIAIS | A\u00e7o inoxid\u00e1vel, Liga 201, Liga 400, Liga 600, Liga 625, Liga C276, Tit\u00e2nio;\nMATERIAIS DAS JUNTAS | PTFE;\nDIMENS\u00d5ES | De DN15 (\u00bd polegada) a DN900 (36 polegadas);\nPRESS\u00c3O DE RUPTURA | 0,1 - 8 bar g (dependendo do tamanho e do material);\nKR L | 0,48;\nTOLER\u00c2NCIA | de +\/- 5 % a +\/- 20%;\nTEMPERATURA DE FUNCIONAMENTO | M\u00e1ximo 260\u00b0C (juntas em PTFE);\nFRAGMENTA\u00c7\u00c3O | N\u00ba;\nUTILIZA\u00c7\u00c3O EM COMBINA\u00c7\u00c3O COM PSV | Adequado;\nMARGEM DE FUNCIONAMENTO | 90% - Pode atingir at\u00e9 95% dependendo das condi\u00e7\u00f5es de servi\u00e7o..;\nRESIST\u00caNCIA \u00c0 PRESS\u00c3O DE V\u00c1CUO | Sim, autossuficiente em condi\u00e7\u00f5es de v\u00e1cuo;\nRESIST\u00caNCIA \u00c0 CORROS\u00c3O | Muito bom;\nRevestimentos | Dispon\u00edvel em PTFE e PFA;\nHOLDER | <a href=\"https:\/\/www.donadonsdd.com\/pt-pt\/produto\/htc\/\">HTC<\/a>; \nSENSOR DE RUPTURA | <a href=\"https:\/\/www.donadonsdd.com\/pt-pt\/produtos\/sensores-de-ruptura\/eletrico\/\">El\u00e9trico<\/a>; "}}},"_links":{"self":[{"href":"https:\/\/www.donadonsdd.com\/pt-pt\/wp-json\/wp\/v2\/product\/6055","targetHints":{"allow":["GET"]}}],"collection":[{"href":"https:\/\/www.donadonsdd.com\/pt-pt\/wp-json\/wp\/v2\/product"}],"about":[{"href":"https:\/\/www.donadonsdd.com\/pt-pt\/wp-json\/wp\/v2\/types\/product"}],"wp:featuredmedia":[{"embeddable":true,"href":"https:\/\/www.donadonsdd.com\/pt-pt\/wp-json\/wp\/v2\/media\/10293"}],"wp:attachment":[{"href":"https:\/\/www.donadonsdd.com\/pt-pt\/wp-json\/wp\/v2\/media?parent=6055"}],"wp:term":[{"taxonomy":"categoria_prodotto","embeddable":true,"href":"https:\/\/www.donadonsdd.com\/pt-pt\/wp-json\/wp\/v2\/categoria_prodotto?post=6055"}],"curies":[{"name":"wp","href":"https:\/\/api.w.org\/{rel}","templated":true}]}}