{"id":6060,"date":"2025-12-11T14:10:11","date_gmt":"2025-12-11T13:10:11","guid":{"rendered":"https:\/\/www.donadonsdd.com\/product\/suportes-hip-hrp-garantir-a-maxima-fiabilidade-dos-discos-de-rutura\/"},"modified":"2026-02-28T00:31:57","modified_gmt":"2026-02-27T23:31:57","slug":"hip-hrp","status":"publish","type":"product","link":"https:\/\/www.donadonsdd.com\/pt-pt\/produto\/hip-hrp\/","title":{"rendered":"Suportes HIP\/HRP &#8211; Garantir a m\u00e1xima fiabilidade dos discos de rutura"},"content":{"rendered":"<p>Os suportes HIP\/HRP foram especificamente concebidos para garantir a m\u00e1xima fiabilidade, otimizar o fluxo (devido \u00e0 abertura ideal dos discos de rutura), assegurar a orienta\u00e7\u00e3o adequada no sistema de tubagem, proporcionar uma veda\u00e7\u00e3o estanque e evitar a fragmenta\u00e7\u00e3o dos discos de rutura DonadonSDD.<\/p>\n<p>Normalmente, um suporte de disco de rutura \u00e9 uma unidade de duas pe\u00e7as constitu\u00edda por uma flange de base (entrada) e uma flange de reten\u00e7\u00e3o (sa\u00edda). A face do suporte \u00e9 maquinada para segurar o disco de rutura e forma uma veda\u00e7\u00e3o metal-metal estanque. <\/p>\n<p>Isto evita que o disco de rutura seja danificado e permite cen\u00e1rios de inspe\u00e7\u00e3o ilimitados (remo\u00e7\u00e3o tempor\u00e1ria do disco de rutura para inspe\u00e7\u00e3o visual)<br \/>\nEstes suportes s\u00e3o montados entre flanges e o design pr\u00e9-apertado assegura uma instala\u00e7\u00e3o f\u00e1cil, mesmo em situa\u00e7\u00f5es em que \u00e9 necess\u00e1rio o acesso horizontal \u00e0 tubagem. O objetivo dos designs dos suportes pr\u00e9-torqu\u00edveis \u00e9 permitir que os discos de rutura sejam instalados e depois &#8220;torcidos&#8221; para os n\u00edveis de carga est\u00e1tica recomendados, garantindo a fixa\u00e7\u00e3o adequada do disco de rutura no conjunto. Isto pode ser feito numa bancada de trabalho em vez de no campo, onde as condi\u00e7\u00f5es podem ser menos do que ideais, reduzindo muito a possibilidade de erros de montagem. Uma vez montado, o conjunto do disco de rutura pode ent\u00e3o ser entregue no local e instalado entre<br \/>\nflanges companheiras onde as cargas de bin\u00e1rio adicionais aplicadas s\u00e3o essenciais para a funcionalidade adequada do conjunto. Estes conjuntos tamb\u00e9m podem ser removidos, inspeccionados e substitu\u00eddos durante os programas de manuten\u00e7\u00e3o de rotina e as paragens da f\u00e1brica sem comprometer o desempenho do disco, desde que este n\u00e3o seja removido.    <\/p>\n<h2>Principais carater\u00edsticas e vantagens t\u00e9cnicas<\/h2>\n<ul>\n<li>Os suportes HIP e HRP oferecem vantagens como a instala\u00e7\u00e3o simples, a verifica\u00e7\u00e3o da instala\u00e7\u00e3o correta e a op\u00e7\u00e3o de verifica\u00e7\u00e3o laboratorial e pr\u00e9-montagem com discos de rutura.<\/li>\n<li>Di\u00e2metro interno dimensionado para permitir a abertura total do disco e a transmiss\u00e3o total na \u00e1rea m\u00ednima de descarga.<\/li>\n<li>Di\u00e2metro externo tangente aos parafusos para facilitar a centragem entre flanges.<\/li>\n<li>O design de ranhura dupla fresada evita a instala\u00e7\u00e3o incorrecta dos discos de rutura.<\/li>\n<li>Os suportes HRA protegem a c\u00fapula do disco dos discos de a\u00e7\u00e3o inversa, como os modelos SCR, Y90 e KRD.<\/li>\n<li>As setas de fluxo no suporte e nas etiquetas do disco de rutura confirmam a dire\u00e7\u00e3o correta do fluxo.<\/li>\n<li>O acabamento superficial reduzido entre 125 e 250 micropolegadas (3,2 a 6,3 micr\u00f3metros) est\u00e1 dispon\u00edvel mediante pedido.<\/li>\n<li>Acabamento da face em l\u00edngua\/ranhura (de acordo com a norma DIN EN 1092-1) dispon\u00edvel a pedido<\/li>\n<li>A liga\u00e7\u00e3o de torneira de calibre (1\/4&#8243; ou \u00bd&#8221;) NPT est\u00e1 dispon\u00edvel mediante pedido.<\/li>\n<\/ul>\n<h2>Porqu\u00ea escolher a DonadonSDD?<\/h2>\n<ul>\n<li>Os suportes HIP e HRP permitem uma verifica\u00e7\u00e3o conveniente da instala\u00e7\u00e3o correta, garantindo uma montagem precisa e segura dos discos de rutura.<\/li>\n<li>A pedido, a DonadonSDD pode verificar os porta-discos HIP e HRP e fornec\u00ea-los pr\u00e9-montados com os seus pr\u00f3prios discos de rutura, prontos para serem inseridos diretamente na instala\u00e7\u00e3o.<\/li>\n<li>Os nossos suportes s\u00e3o personaliz\u00e1veis e podem ser fabricados em conformidade com uma vasta gama de normas internacionais de flanges, incluindo, entre outras, a EN 1092-1 (norma europeia), a ASME (Sociedade Americana de Engenheiros Mec\u00e2nicos), a ANSI (Instituto Americano de Normas Nacionais), a BS (normas brit\u00e2nicas), a AS (normas australianas), a SABS (Gabinete de Normas da \u00c1frica do Sul) e a JIS (normas industriais japonesas). Isto assegura que os nossos produtos satisfazem os requisitos diversos e espec\u00edficos dos nossos clientes. <\/li>\n<li>Est\u00e3o dispon\u00edveis op\u00e7\u00f5es de O-ring para oferecer um melhor desempenho em termos de fugas para aplica\u00e7\u00f5es de elevada integridade, como as que envolvem hidrog\u00e9nio ou no dom\u00ednio nuclear.<\/li>\n<li>Dispon\u00edvel numa vasta gama de tamanhos, configura\u00e7\u00f5es e materiais normalizados (a\u00e7o carbono, a\u00e7o inoxid\u00e1vel 316L e 304L, liga 201, liga 400, liga 625, liga C276, etc.).<\/li>\n<li>Est\u00e3o dispon\u00edveis tratamentos especiais, como o revestimento PFA, que oferecem uma excelente resist\u00eancia qu\u00edmica e propriedades antiaderentes.<\/li>\n<li>Os suportes podem ser adaptados para conter toda a(s) p\u00e9tala(s) na abertura do disco, assegurando um desempenho \u00f3timo (recomendado quando instalado diretamente sob v\u00e1lvulas de al\u00edvio).<\/li>\n<\/ul>\n","protected":false},"excerpt":{"rendered":"<p>Os suportes HIP\/HRP foram especificamente concebidos para garantir a m\u00e1xima fiabilidade, otimizar o fluxo (devido \u00e0 abertura ideal dos discos de rutura), assegurar a orienta\u00e7\u00e3o adequada no sistema de tubagem, proporcionar uma veda\u00e7\u00e3o estanque e evitar a fragmenta\u00e7\u00e3o dos discos de rutura DonadonSDD. Normalmente, um suporte de disco de rutura \u00e9 uma unidade de duas [&hellip;]<\/p>\n","protected":false},"featured_media":10297,"menu_order":0,"template":"","meta":{"_acf_changed":false},"categoria_prodotto":[90,79],"class_list":["post-6060","product","type-product","status-publish","has-post-thumbnail","hentry","categoria_prodotto-holders","categoria_prodotto-rupture-discs"],"acf":[],"yoast_head":"<!-- This site is optimized with the Yoast SEO plugin v27.3 - https:\/\/yoast.com\/product\/yoast-seo-wordpress\/ -->\n<title>Suportes de disco de rutura pr\u00e9-apertados para discos de avan\u00e7o e retrocesso - HIP \/ HRP<\/title>\n<meta name=\"description\" content=\"Suportes de discos de rutura pr\u00e9-torcidos de duas pe\u00e7as instalados entre flanges. Concebidos para garantir a orienta\u00e7\u00e3o correta do disco, a abertura total e uma veda\u00e7\u00e3o metal-metal fi\u00e1vel, reduzindo a variabilidade da instala\u00e7\u00e3o.\" \/>\n<meta name=\"robots\" content=\"index, follow, max-snippet:-1, max-image-preview:large, max-video-preview:-1\" \/>\n<link rel=\"canonical\" href=\"https:\/\/www.donadonsdd.com\/pt-pt\/produto\/hip-hrp\/\" \/>\n<meta property=\"og:locale\" content=\"pt_PT\" \/>\n<meta property=\"og:type\" content=\"article\" \/>\n<meta property=\"og:title\" content=\"Suportes de disco de rutura pr\u00e9-apertados para discos de avan\u00e7o e retrocesso - HIP \/ HRP\" \/>\n<meta property=\"og:description\" content=\"Suportes de discos de rutura pr\u00e9-torcidos de duas pe\u00e7as instalados entre flanges. Concebidos para garantir a orienta\u00e7\u00e3o correta do disco, a abertura total e uma veda\u00e7\u00e3o metal-metal fi\u00e1vel, reduzindo a variabilidade da instala\u00e7\u00e3o.\" \/>\n<meta property=\"og:url\" content=\"https:\/\/www.donadonsdd.com\/pt-pt\/produto\/hip-hrp\/\" \/>\n<meta property=\"og:site_name\" content=\"DonadonSDD Srl\" \/>\n<meta property=\"article:modified_time\" content=\"2026-02-27T23:31:57+00:00\" \/>\n<meta property=\"og:image\" content=\"https:\/\/www.donadonsdd.com\/wp-content\/uploads\/2025\/12\/img_143-remove-background.com_.png\" \/>\n\t<meta property=\"og:image:width\" content=\"700\" \/>\n\t<meta property=\"og:image:height\" content=\"466\" \/>\n\t<meta property=\"og:image:type\" content=\"image\/png\" \/>\n<meta name=\"twitter:card\" content=\"summary_large_image\" \/>\n<meta name=\"twitter:label1\" content=\"Tempo estimado de leitura\" \/>\n\t<meta name=\"twitter:data1\" content=\"4 minutos\" \/>\n<script type=\"application\/ld+json\" class=\"yoast-schema-graph\">{\"@context\":\"https:\\\/\\\/schema.org\",\"@graph\":[{\"@type\":\"WebPage\",\"@id\":\"https:\\\/\\\/www.donadonsdd.com\\\/pt-pt\\\/produto\\\/hip-hrp\\\/\",\"url\":\"https:\\\/\\\/www.donadonsdd.com\\\/pt-pt\\\/produto\\\/hip-hrp\\\/\",\"name\":\"Suportes de disco de rutura pr\u00e9-apertados para discos de avan\u00e7o e retrocesso - HIP \\\/ HRP\",\"isPartOf\":{\"@id\":\"https:\\\/\\\/www.donadonsdd.com\\\/pt-pt\\\/#website\"},\"primaryImageOfPage\":{\"@id\":\"https:\\\/\\\/www.donadonsdd.com\\\/pt-pt\\\/produto\\\/hip-hrp\\\/#primaryimage\"},\"image\":{\"@id\":\"https:\\\/\\\/www.donadonsdd.com\\\/pt-pt\\\/produto\\\/hip-hrp\\\/#primaryimage\"},\"thumbnailUrl\":\"https:\\\/\\\/www.donadonsdd.com\\\/wp-content\\\/uploads\\\/2025\\\/12\\\/img_143-remove-background.com_.png\",\"datePublished\":\"2025-12-11T13:10:11+00:00\",\"dateModified\":\"2026-02-27T23:31:57+00:00\",\"description\":\"Suportes de discos de rutura pr\u00e9-torcidos de duas pe\u00e7as instalados entre flanges. Concebidos para garantir a orienta\u00e7\u00e3o correta do disco, a abertura total e uma veda\u00e7\u00e3o metal-metal fi\u00e1vel, reduzindo a variabilidade da instala\u00e7\u00e3o.\",\"breadcrumb\":{\"@id\":\"https:\\\/\\\/www.donadonsdd.com\\\/pt-pt\\\/produto\\\/hip-hrp\\\/#breadcrumb\"},\"inLanguage\":\"pt-PT\",\"potentialAction\":[{\"@type\":\"ReadAction\",\"target\":[\"https:\\\/\\\/www.donadonsdd.com\\\/pt-pt\\\/produto\\\/hip-hrp\\\/\"]}]},{\"@type\":\"ImageObject\",\"inLanguage\":\"pt-PT\",\"@id\":\"https:\\\/\\\/www.donadonsdd.com\\\/pt-pt\\\/produto\\\/hip-hrp\\\/#primaryimage\",\"url\":\"https:\\\/\\\/www.donadonsdd.com\\\/wp-content\\\/uploads\\\/2025\\\/12\\\/img_143-remove-background.com_.png\",\"contentUrl\":\"https:\\\/\\\/www.donadonsdd.com\\\/wp-content\\\/uploads\\\/2025\\\/12\\\/img_143-remove-background.com_.png\",\"width\":700,\"height\":466},{\"@type\":\"BreadcrumbList\",\"@id\":\"https:\\\/\\\/www.donadonsdd.com\\\/pt-pt\\\/produto\\\/hip-hrp\\\/#breadcrumb\",\"itemListElement\":[{\"@type\":\"ListItem\",\"position\":1,\"name\":\"HOMEPAGE\",\"item\":\"https:\\\/\\\/www.donadonsdd.com\\\/pt-pt\\\/\"},{\"@type\":\"ListItem\",\"position\":2,\"name\":\"Suportes HIP\\\/HRP &#8211; Garantir a m\u00e1xima fiabilidade dos discos de rutura\"}]},{\"@type\":\"WebSite\",\"@id\":\"https:\\\/\\\/www.donadonsdd.com\\\/pt-pt\\\/#website\",\"url\":\"https:\\\/\\\/www.donadonsdd.com\\\/pt-pt\\\/\",\"name\":\"DonadonSDD Srl\",\"description\":\"\",\"publisher\":{\"@id\":\"https:\\\/\\\/www.donadonsdd.com\\\/pt-pt\\\/#organization\"},\"potentialAction\":[{\"@type\":\"SearchAction\",\"target\":{\"@type\":\"EntryPoint\",\"urlTemplate\":\"https:\\\/\\\/www.donadonsdd.com\\\/pt-pt\\\/?s={search_term_string}\"},\"query-input\":{\"@type\":\"PropertyValueSpecification\",\"valueRequired\":true,\"valueName\":\"search_term_string\"}}],\"inLanguage\":\"pt-PT\"},{\"@type\":\"Organization\",\"@id\":\"https:\\\/\\\/www.donadonsdd.com\\\/pt-pt\\\/#organization\",\"name\":\"DonadonSDD Srl\",\"url\":\"https:\\\/\\\/www.donadonsdd.com\\\/pt-pt\\\/\",\"logo\":{\"@type\":\"ImageObject\",\"inLanguage\":\"pt-PT\",\"@id\":\"https:\\\/\\\/www.donadonsdd.com\\\/pt-pt\\\/#\\\/schema\\\/logo\\\/image\\\/\",\"url\":\"https:\\\/\\\/www.donadonsdd.com\\\/wp-content\\\/uploads\\\/2025\\\/11\\\/donadonsdd-logo.png\",\"contentUrl\":\"https:\\\/\\\/www.donadonsdd.com\\\/wp-content\\\/uploads\\\/2025\\\/11\\\/donadonsdd-logo.png\",\"width\":544,\"height\":96,\"caption\":\"DonadonSDD Srl\"},\"image\":{\"@id\":\"https:\\\/\\\/www.donadonsdd.com\\\/pt-pt\\\/#\\\/schema\\\/logo\\\/image\\\/\"}}]}<\/script>\n<!-- \/ Yoast SEO plugin. -->","yoast_head_json":{"title":"Suportes de disco de rutura pr\u00e9-apertados para discos de avan\u00e7o e retrocesso - HIP \/ HRP","description":"Suportes de discos de rutura pr\u00e9-torcidos de duas pe\u00e7as instalados entre flanges. Concebidos para garantir a orienta\u00e7\u00e3o correta do disco, a abertura total e uma veda\u00e7\u00e3o metal-metal fi\u00e1vel, reduzindo a variabilidade da instala\u00e7\u00e3o.","robots":{"index":"index","follow":"follow","max-snippet":"max-snippet:-1","max-image-preview":"max-image-preview:large","max-video-preview":"max-video-preview:-1"},"canonical":"https:\/\/www.donadonsdd.com\/pt-pt\/produto\/hip-hrp\/","og_locale":"pt_PT","og_type":"article","og_title":"Suportes de disco de rutura pr\u00e9-apertados para discos de avan\u00e7o e retrocesso - HIP \/ HRP","og_description":"Suportes de discos de rutura pr\u00e9-torcidos de duas pe\u00e7as instalados entre flanges. Concebidos para garantir a orienta\u00e7\u00e3o correta do disco, a abertura total e uma veda\u00e7\u00e3o metal-metal fi\u00e1vel, reduzindo a variabilidade da instala\u00e7\u00e3o.","og_url":"https:\/\/www.donadonsdd.com\/pt-pt\/produto\/hip-hrp\/","og_site_name":"DonadonSDD Srl","article_modified_time":"2026-02-27T23:31:57+00:00","og_image":[{"width":700,"height":466,"url":"https:\/\/www.donadonsdd.com\/wp-content\/uploads\/2025\/12\/img_143-remove-background.com_.png","type":"image\/png"}],"twitter_card":"summary_large_image","twitter_misc":{"Tempo estimado de leitura":"4 minutos"},"schema":{"@context":"https:\/\/schema.org","@graph":[{"@type":"WebPage","@id":"https:\/\/www.donadonsdd.com\/pt-pt\/produto\/hip-hrp\/","url":"https:\/\/www.donadonsdd.com\/pt-pt\/produto\/hip-hrp\/","name":"Suportes de disco de rutura pr\u00e9-apertados para discos de avan\u00e7o e retrocesso - HIP \/ HRP","isPartOf":{"@id":"https:\/\/www.donadonsdd.com\/pt-pt\/#website"},"primaryImageOfPage":{"@id":"https:\/\/www.donadonsdd.com\/pt-pt\/produto\/hip-hrp\/#primaryimage"},"image":{"@id":"https:\/\/www.donadonsdd.com\/pt-pt\/produto\/hip-hrp\/#primaryimage"},"thumbnailUrl":"https:\/\/www.donadonsdd.com\/wp-content\/uploads\/2025\/12\/img_143-remove-background.com_.png","datePublished":"2025-12-11T13:10:11+00:00","dateModified":"2026-02-27T23:31:57+00:00","description":"Suportes de discos de rutura pr\u00e9-torcidos de duas pe\u00e7as instalados entre flanges. Concebidos para garantir a orienta\u00e7\u00e3o correta do disco, a abertura total e uma veda\u00e7\u00e3o metal-metal fi\u00e1vel, reduzindo a variabilidade da instala\u00e7\u00e3o.","breadcrumb":{"@id":"https:\/\/www.donadonsdd.com\/pt-pt\/produto\/hip-hrp\/#breadcrumb"},"inLanguage":"pt-PT","potentialAction":[{"@type":"ReadAction","target":["https:\/\/www.donadonsdd.com\/pt-pt\/produto\/hip-hrp\/"]}]},{"@type":"ImageObject","inLanguage":"pt-PT","@id":"https:\/\/www.donadonsdd.com\/pt-pt\/produto\/hip-hrp\/#primaryimage","url":"https:\/\/www.donadonsdd.com\/wp-content\/uploads\/2025\/12\/img_143-remove-background.com_.png","contentUrl":"https:\/\/www.donadonsdd.com\/wp-content\/uploads\/2025\/12\/img_143-remove-background.com_.png","width":700,"height":466},{"@type":"BreadcrumbList","@id":"https:\/\/www.donadonsdd.com\/pt-pt\/produto\/hip-hrp\/#breadcrumb","itemListElement":[{"@type":"ListItem","position":1,"name":"HOMEPAGE","item":"https:\/\/www.donadonsdd.com\/pt-pt\/"},{"@type":"ListItem","position":2,"name":"Suportes HIP\/HRP &#8211; Garantir a m\u00e1xima fiabilidade dos discos de rutura"}]},{"@type":"WebSite","@id":"https:\/\/www.donadonsdd.com\/pt-pt\/#website","url":"https:\/\/www.donadonsdd.com\/pt-pt\/","name":"DonadonSDD Srl","description":"","publisher":{"@id":"https:\/\/www.donadonsdd.com\/pt-pt\/#organization"},"potentialAction":[{"@type":"SearchAction","target":{"@type":"EntryPoint","urlTemplate":"https:\/\/www.donadonsdd.com\/pt-pt\/?s={search_term_string}"},"query-input":{"@type":"PropertyValueSpecification","valueRequired":true,"valueName":"search_term_string"}}],"inLanguage":"pt-PT"},{"@type":"Organization","@id":"https:\/\/www.donadonsdd.com\/pt-pt\/#organization","name":"DonadonSDD Srl","url":"https:\/\/www.donadonsdd.com\/pt-pt\/","logo":{"@type":"ImageObject","inLanguage":"pt-PT","@id":"https:\/\/www.donadonsdd.com\/pt-pt\/#\/schema\/logo\/image\/","url":"https:\/\/www.donadonsdd.com\/wp-content\/uploads\/2025\/11\/donadonsdd-logo.png","contentUrl":"https:\/\/www.donadonsdd.com\/wp-content\/uploads\/2025\/11\/donadonsdd-logo.png","width":544,"height":96,"caption":"DonadonSDD Srl"},"image":{"@id":"https:\/\/www.donadonsdd.com\/pt-pt\/#\/schema\/logo\/image\/"}}]}},"toolset-meta":{"toolset-woocommerce-fields":{"_download_limit":{"type":"numeric","raw":""},"_virtual":{"type":"checkbox","raw":""},"_downloadable":{"type":"checkbox","raw":""},"_download_expiry":{"type":"numeric","raw":""},"_download_type":{"type":"radio","raw":""},"_regular_price":{"type":"numeric","raw":""},"_sale_price":{"type":"numeric","raw":""},"_sale_price_dates_from":{"type":"date","raw":"","formatted":null},"_sale_price_dates_to":{"type":"date","raw":"","formatted":null},"_sku":{"type":"textfield","raw":""},"_manage_stock":{"type":"checkbox","raw":""},"_stock_status":{"type":"radio","raw":""},"_stock":{"type":"numeric","raw":""},"_backorders":{"type":"radio","raw":""},"_sold_individually":{"type":"checkbox","raw":""},"_width":{"type":"numeric","raw":""},"_weight":{"type":"numeric","raw":""},"_length":{"type":"numeric","raw":""},"_purchase_note":{"type":"textarea","raw":""}},"infografica":{"operation-ratio":{"type":"textfield","raw":""},"non-fragmenting":{"type":"textfield","raw":""},"vacumm-resistant":{"type":"textfield","raw":""},"sanitary":{"type":"textfield","raw":""},"liquid":{"type":"textfield","raw":""},"vapor-gas":{"type":"textfield","raw":""},"ferrules":{"type":"textfield","raw":""}},"dettagli-prodotto":{"immagini-prodotto":{"type":"image","raw":["https:\/\/www.donadonsdd.com\/wp-content\/uploads\/2025\/12\/img_143-remove-background.com_.png","https:\/\/www.donadonsdd.com\/wp-content\/uploads\/2025\/12\/img_144.jpg"],"repeatable":[{"raw":"https:\/\/www.donadonsdd.com\/wp-content\/uploads\/2025\/12\/img_143-remove-background.com_.png","attachment_id":10297},{"raw":"https:\/\/www.donadonsdd.com\/wp-content\/uploads\/2025\/12\/img_144.jpg","attachment_id":8031}]},"tabella-specifiche":{"type":"wysiwyg","raw":"<p class=\"p1\">TIPO | HIP | HRP;\nLISTA DE COMPATIBILIDADES DE DISCOS | <a href=\"https:\/\/www.donadonsdd.com\/pt-pt\/produto\/dcd-composite\/\">DCD<\/a>, <a href=\"https:\/\/www.donadonsdd.com\/pt-pt\/produto\/lpd\/\">LPD<\/a>, <a href=\"https:\/\/www.donadonsdd.com\/pt-pt\/produto\/scd\/\">SCD<\/a>, <a href=\"https:\/\/www.donadonsdd.com\/pt-pt\/produto\/gr\/\">GR<\/a> | <a href=\"https:\/\/www.donadonsdd.com\/pt-pt\/produto\/scr\/\">SCR<\/a>, <a href=\"https:\/\/www.donadonsdd.com\/pt-pt\/produto\/y90\/\">Y90<\/a>, <a href=\"https:\/\/www.donadonsdd.com\/pt-pt\/produto\/krd\/\">KRD<\/a>;\nDIMENS\u00d5ES | De DN15 (\u00bd polegada) a DN1000 (40 polegadas);\nACESS\u00d3RIOS | Bicos, conectores T, v\u00e1lvula de excesso de fluxo, man\u00f3metro;<\/p>"}}},"_links":{"self":[{"href":"https:\/\/www.donadonsdd.com\/pt-pt\/wp-json\/wp\/v2\/product\/6060","targetHints":{"allow":["GET"]}}],"collection":[{"href":"https:\/\/www.donadonsdd.com\/pt-pt\/wp-json\/wp\/v2\/product"}],"about":[{"href":"https:\/\/www.donadonsdd.com\/pt-pt\/wp-json\/wp\/v2\/types\/product"}],"wp:featuredmedia":[{"embeddable":true,"href":"https:\/\/www.donadonsdd.com\/pt-pt\/wp-json\/wp\/v2\/media\/10297"}],"wp:attachment":[{"href":"https:\/\/www.donadonsdd.com\/pt-pt\/wp-json\/wp\/v2\/media?parent=6060"}],"wp:term":[{"taxonomy":"categoria_prodotto","embeddable":true,"href":"https:\/\/www.donadonsdd.com\/pt-pt\/wp-json\/wp\/v2\/categoria_prodotto?post=6060"}],"curies":[{"name":"wp","href":"https:\/\/api.w.org\/{rel}","templated":true}]}}