{"id":6116,"date":"2025-12-11T14:27:01","date_gmt":"2025-12-11T13:27:01","guid":{"rendered":"https:\/\/www.donadonsdd.com\/product\/indicador-de-rutura-ir2a-detecao-de-precisao-para-uma-maior-conformidade-com-a-seguranca\/"},"modified":"2026-02-28T00:10:39","modified_gmt":"2026-02-27T23:10:39","slug":"ir2a","status":"publish","type":"product","link":"https:\/\/www.donadonsdd.com\/pt-pt\/produto\/ir2a\/","title":{"rendered":"Indicador de rutura IR2A &#8211; Dete\u00e7\u00e3o de precis\u00e3o para uma maior conformidade com a seguran\u00e7a"},"content":{"rendered":"<p>O Indicador de Rutura DonadonSDD IR2A \u00e9 um dispositivo simples e eficaz concebido para a dete\u00e7\u00e3o de fracturas nos discos de rutura. Este detetor \u00e9 montado diretamente na parte superior do disco de rutura utilizando um atuador de anel met\u00e1lico geralmente em 316L. Possui um componente ativo composto por uma pista de cobre flex\u00edvel, que \u00e9 encapsulada de forma segura entre duas camadas isolantes de Kapton e \u00e9 fornecida com um cabo de interface. Este cabo pode ser do tipo standard com duas virolas ou equipado com um conetor.   <\/p>\n<p>O cabo indicador de alarme \u00e9 integrado no sistema de seguran\u00e7a da instala\u00e7\u00e3o atrav\u00e9s de uma barreira de seguran\u00e7a intr\u00ednseca, assegurando o cumprimento das especifica\u00e7\u00f5es el\u00e9ctricas do sensor (uma tens\u00e3o m\u00e1xima de 24V DC e uma corrente m\u00e1xima de 50mA) e a classifica\u00e7\u00e3o adequada da zona.<\/p>\n<p>Em caso de rutura do disco, o circuito de cobre do indicador IR2A \u00e9 perturbado, interrompendo o fluxo de corrente. Esta interrup\u00e7\u00e3o sinaliza ao equipamento ligado que o disco de rutura foi efetivamente ativado. <\/p>\n<p>O sensor IR2A est\u00e1 em total conformidade com a Diretiva Europeia 2014\/34\/UE (ATEX), o Instrumento Estatut\u00e1rio 2016 N\u00ba 1107 do Reino Unido (UKCA), CU TR 012 (EAC), e est\u00e1 certificado ao abrigo do esquema IECEx. Esta ades\u00e3o sublinha a sua fiabilidade e seguran\u00e7a para utiliza\u00e7\u00e3o em ambientes perigosos. <\/p>\n<p>A zona de instala\u00e7\u00e3o adequada para o sensor varia consoante o tipo de barreira utilizado:<\/p>\n<p>Para uma barreira Ex ia, \u00e9 adequada para as zonas 0, 20, 1, 21, 2, 22.<br \/>\nPara uma barreira Ex ib, \u00e9 adequada para as zonas 1, 21, 2, 22.<br \/>\nOs procedimentos de instala\u00e7\u00e3o devem estar em conformidade com a norma EN 60079-14 e com a vers\u00e3o mais atual da norma el\u00e9ctrica nacional para garantir a conformidade e a seguran\u00e7a.<\/p>\n","protected":false},"excerpt":{"rendered":"<p>O Indicador de Rutura DonadonSDD IR2A \u00e9 um dispositivo simples e eficaz concebido para a dete\u00e7\u00e3o de fracturas nos discos de rutura. Este detetor \u00e9 montado diretamente na parte superior do disco de rutura utilizando um atuador de anel met\u00e1lico geralmente em 316L. Possui um componente ativo composto por uma pista de cobre flex\u00edvel, que [&hellip;]<\/p>\n","protected":false},"featured_media":10281,"menu_order":0,"template":"","meta":{"_acf_changed":false},"categoria_prodotto":[94,81],"class_list":["post-6116","product","type-product","status-publish","has-post-thumbnail","hentry","categoria_prodotto-electric","categoria_prodotto-rupture-indicators"],"acf":[],"yoast_head":"<!-- This site is optimized with the Yoast SEO plugin v27.3 - https:\/\/yoast.com\/product\/yoast-seo-wordpress\/ -->\n<title>Indicador de disco de rutura el\u00e9ctrica para \u00e1reas perigosas - IR2A<\/title>\n<meta name=\"description\" content=\"Indicador el\u00e9trico de disco de rutura para dete\u00e7\u00e3o da ativa\u00e7\u00e3o do disco de rutura. Montado diretamente no disco, proporcionando uma indica\u00e7\u00e3o imediata do estado, intrinsecamente seguro, com classifica\u00e7\u00e3o IP67, certificado ATEX, IECEx e EAC para instala\u00e7\u00f5es em \u00e1reas perigosas.\" \/>\n<meta name=\"robots\" content=\"index, follow, max-snippet:-1, max-image-preview:large, max-video-preview:-1\" \/>\n<link rel=\"canonical\" href=\"https:\/\/www.donadonsdd.com\/pt-pt\/produto\/ir2a\/\" \/>\n<meta property=\"og:locale\" content=\"pt_PT\" \/>\n<meta property=\"og:type\" content=\"article\" \/>\n<meta property=\"og:title\" content=\"Indicador de disco de rutura el\u00e9ctrica para \u00e1reas perigosas - IR2A\" \/>\n<meta property=\"og:description\" content=\"Indicador el\u00e9trico de disco de rutura para dete\u00e7\u00e3o da ativa\u00e7\u00e3o do disco de rutura. Montado diretamente no disco, proporcionando uma indica\u00e7\u00e3o imediata do estado, intrinsecamente seguro, com classifica\u00e7\u00e3o IP67, certificado ATEX, IECEx e EAC para instala\u00e7\u00f5es em \u00e1reas perigosas.\" \/>\n<meta property=\"og:url\" content=\"https:\/\/www.donadonsdd.com\/pt-pt\/produto\/ir2a\/\" \/>\n<meta property=\"og:site_name\" content=\"DonadonSDD Srl\" \/>\n<meta property=\"article:modified_time\" content=\"2026-02-27T23:10:39+00:00\" \/>\n<meta property=\"og:image\" content=\"https:\/\/www.donadonsdd.com\/wp-content\/uploads\/2025\/12\/donadon-1-1.png\" \/>\n\t<meta property=\"og:image:width\" content=\"1800\" \/>\n\t<meta property=\"og:image:height\" content=\"1200\" \/>\n\t<meta property=\"og:image:type\" content=\"image\/png\" \/>\n<meta name=\"twitter:card\" content=\"summary_large_image\" \/>\n<meta name=\"twitter:label1\" content=\"Tempo estimado de leitura\" \/>\n\t<meta name=\"twitter:data1\" content=\"1 minuto\" \/>\n<script type=\"application\/ld+json\" class=\"yoast-schema-graph\">{\"@context\":\"https:\\\/\\\/schema.org\",\"@graph\":[{\"@type\":\"WebPage\",\"@id\":\"https:\\\/\\\/www.donadonsdd.com\\\/pt-pt\\\/produto\\\/ir2a\\\/\",\"url\":\"https:\\\/\\\/www.donadonsdd.com\\\/pt-pt\\\/produto\\\/ir2a\\\/\",\"name\":\"Indicador de disco de rutura el\u00e9ctrica para \u00e1reas perigosas - IR2A\",\"isPartOf\":{\"@id\":\"https:\\\/\\\/www.donadonsdd.com\\\/pt-pt\\\/#website\"},\"primaryImageOfPage\":{\"@id\":\"https:\\\/\\\/www.donadonsdd.com\\\/pt-pt\\\/produto\\\/ir2a\\\/#primaryimage\"},\"image\":{\"@id\":\"https:\\\/\\\/www.donadonsdd.com\\\/pt-pt\\\/produto\\\/ir2a\\\/#primaryimage\"},\"thumbnailUrl\":\"https:\\\/\\\/www.donadonsdd.com\\\/wp-content\\\/uploads\\\/2025\\\/12\\\/donadon-1-1.png\",\"datePublished\":\"2025-12-11T13:27:01+00:00\",\"dateModified\":\"2026-02-27T23:10:39+00:00\",\"description\":\"Indicador el\u00e9trico de disco de rutura para dete\u00e7\u00e3o da ativa\u00e7\u00e3o do disco de rutura. Montado diretamente no disco, proporcionando uma indica\u00e7\u00e3o imediata do estado, intrinsecamente seguro, com classifica\u00e7\u00e3o IP67, certificado ATEX, IECEx e EAC para instala\u00e7\u00f5es em \u00e1reas perigosas.\",\"breadcrumb\":{\"@id\":\"https:\\\/\\\/www.donadonsdd.com\\\/pt-pt\\\/produto\\\/ir2a\\\/#breadcrumb\"},\"inLanguage\":\"pt-PT\",\"potentialAction\":[{\"@type\":\"ReadAction\",\"target\":[\"https:\\\/\\\/www.donadonsdd.com\\\/pt-pt\\\/produto\\\/ir2a\\\/\"]}]},{\"@type\":\"ImageObject\",\"inLanguage\":\"pt-PT\",\"@id\":\"https:\\\/\\\/www.donadonsdd.com\\\/pt-pt\\\/produto\\\/ir2a\\\/#primaryimage\",\"url\":\"https:\\\/\\\/www.donadonsdd.com\\\/wp-content\\\/uploads\\\/2025\\\/12\\\/donadon-1-1.png\",\"contentUrl\":\"https:\\\/\\\/www.donadonsdd.com\\\/wp-content\\\/uploads\\\/2025\\\/12\\\/donadon-1-1.png\",\"width\":1800,\"height\":1200},{\"@type\":\"BreadcrumbList\",\"@id\":\"https:\\\/\\\/www.donadonsdd.com\\\/pt-pt\\\/produto\\\/ir2a\\\/#breadcrumb\",\"itemListElement\":[{\"@type\":\"ListItem\",\"position\":1,\"name\":\"HOMEPAGE\",\"item\":\"https:\\\/\\\/www.donadonsdd.com\\\/pt-pt\\\/\"},{\"@type\":\"ListItem\",\"position\":2,\"name\":\"Indicador de rutura IR2A &#8211; Dete\u00e7\u00e3o de precis\u00e3o para uma maior conformidade com a seguran\u00e7a\"}]},{\"@type\":\"WebSite\",\"@id\":\"https:\\\/\\\/www.donadonsdd.com\\\/pt-pt\\\/#website\",\"url\":\"https:\\\/\\\/www.donadonsdd.com\\\/pt-pt\\\/\",\"name\":\"DonadonSDD Srl\",\"description\":\"\",\"publisher\":{\"@id\":\"https:\\\/\\\/www.donadonsdd.com\\\/pt-pt\\\/#organization\"},\"potentialAction\":[{\"@type\":\"SearchAction\",\"target\":{\"@type\":\"EntryPoint\",\"urlTemplate\":\"https:\\\/\\\/www.donadonsdd.com\\\/pt-pt\\\/?s={search_term_string}\"},\"query-input\":{\"@type\":\"PropertyValueSpecification\",\"valueRequired\":true,\"valueName\":\"search_term_string\"}}],\"inLanguage\":\"pt-PT\"},{\"@type\":\"Organization\",\"@id\":\"https:\\\/\\\/www.donadonsdd.com\\\/pt-pt\\\/#organization\",\"name\":\"DonadonSDD Srl\",\"url\":\"https:\\\/\\\/www.donadonsdd.com\\\/pt-pt\\\/\",\"logo\":{\"@type\":\"ImageObject\",\"inLanguage\":\"pt-PT\",\"@id\":\"https:\\\/\\\/www.donadonsdd.com\\\/pt-pt\\\/#\\\/schema\\\/logo\\\/image\\\/\",\"url\":\"https:\\\/\\\/www.donadonsdd.com\\\/wp-content\\\/uploads\\\/2025\\\/11\\\/donadonsdd-logo.png\",\"contentUrl\":\"https:\\\/\\\/www.donadonsdd.com\\\/wp-content\\\/uploads\\\/2025\\\/11\\\/donadonsdd-logo.png\",\"width\":544,\"height\":96,\"caption\":\"DonadonSDD Srl\"},\"image\":{\"@id\":\"https:\\\/\\\/www.donadonsdd.com\\\/pt-pt\\\/#\\\/schema\\\/logo\\\/image\\\/\"}}]}<\/script>\n<!-- \/ Yoast SEO plugin. -->","yoast_head_json":{"title":"Indicador de disco de rutura el\u00e9ctrica para \u00e1reas perigosas - IR2A","description":"Indicador el\u00e9trico de disco de rutura para dete\u00e7\u00e3o da ativa\u00e7\u00e3o do disco de rutura. Montado diretamente no disco, proporcionando uma indica\u00e7\u00e3o imediata do estado, intrinsecamente seguro, com classifica\u00e7\u00e3o IP67, certificado ATEX, IECEx e EAC para instala\u00e7\u00f5es em \u00e1reas perigosas.","robots":{"index":"index","follow":"follow","max-snippet":"max-snippet:-1","max-image-preview":"max-image-preview:large","max-video-preview":"max-video-preview:-1"},"canonical":"https:\/\/www.donadonsdd.com\/pt-pt\/produto\/ir2a\/","og_locale":"pt_PT","og_type":"article","og_title":"Indicador de disco de rutura el\u00e9ctrica para \u00e1reas perigosas - IR2A","og_description":"Indicador el\u00e9trico de disco de rutura para dete\u00e7\u00e3o da ativa\u00e7\u00e3o do disco de rutura. Montado diretamente no disco, proporcionando uma indica\u00e7\u00e3o imediata do estado, intrinsecamente seguro, com classifica\u00e7\u00e3o IP67, certificado ATEX, IECEx e EAC para instala\u00e7\u00f5es em \u00e1reas perigosas.","og_url":"https:\/\/www.donadonsdd.com\/pt-pt\/produto\/ir2a\/","og_site_name":"DonadonSDD Srl","article_modified_time":"2026-02-27T23:10:39+00:00","og_image":[{"width":1800,"height":1200,"url":"https:\/\/www.donadonsdd.com\/wp-content\/uploads\/2025\/12\/donadon-1-1.png","type":"image\/png"}],"twitter_card":"summary_large_image","twitter_misc":{"Tempo estimado de leitura":"1 minuto"},"schema":{"@context":"https:\/\/schema.org","@graph":[{"@type":"WebPage","@id":"https:\/\/www.donadonsdd.com\/pt-pt\/produto\/ir2a\/","url":"https:\/\/www.donadonsdd.com\/pt-pt\/produto\/ir2a\/","name":"Indicador de disco de rutura el\u00e9ctrica para \u00e1reas perigosas - IR2A","isPartOf":{"@id":"https:\/\/www.donadonsdd.com\/pt-pt\/#website"},"primaryImageOfPage":{"@id":"https:\/\/www.donadonsdd.com\/pt-pt\/produto\/ir2a\/#primaryimage"},"image":{"@id":"https:\/\/www.donadonsdd.com\/pt-pt\/produto\/ir2a\/#primaryimage"},"thumbnailUrl":"https:\/\/www.donadonsdd.com\/wp-content\/uploads\/2025\/12\/donadon-1-1.png","datePublished":"2025-12-11T13:27:01+00:00","dateModified":"2026-02-27T23:10:39+00:00","description":"Indicador el\u00e9trico de disco de rutura para dete\u00e7\u00e3o da ativa\u00e7\u00e3o do disco de rutura. Montado diretamente no disco, proporcionando uma indica\u00e7\u00e3o imediata do estado, intrinsecamente seguro, com classifica\u00e7\u00e3o IP67, certificado ATEX, IECEx e EAC para instala\u00e7\u00f5es em \u00e1reas perigosas.","breadcrumb":{"@id":"https:\/\/www.donadonsdd.com\/pt-pt\/produto\/ir2a\/#breadcrumb"},"inLanguage":"pt-PT","potentialAction":[{"@type":"ReadAction","target":["https:\/\/www.donadonsdd.com\/pt-pt\/produto\/ir2a\/"]}]},{"@type":"ImageObject","inLanguage":"pt-PT","@id":"https:\/\/www.donadonsdd.com\/pt-pt\/produto\/ir2a\/#primaryimage","url":"https:\/\/www.donadonsdd.com\/wp-content\/uploads\/2025\/12\/donadon-1-1.png","contentUrl":"https:\/\/www.donadonsdd.com\/wp-content\/uploads\/2025\/12\/donadon-1-1.png","width":1800,"height":1200},{"@type":"BreadcrumbList","@id":"https:\/\/www.donadonsdd.com\/pt-pt\/produto\/ir2a\/#breadcrumb","itemListElement":[{"@type":"ListItem","position":1,"name":"HOMEPAGE","item":"https:\/\/www.donadonsdd.com\/pt-pt\/"},{"@type":"ListItem","position":2,"name":"Indicador de rutura IR2A &#8211; Dete\u00e7\u00e3o de precis\u00e3o para uma maior conformidade com a seguran\u00e7a"}]},{"@type":"WebSite","@id":"https:\/\/www.donadonsdd.com\/pt-pt\/#website","url":"https:\/\/www.donadonsdd.com\/pt-pt\/","name":"DonadonSDD Srl","description":"","publisher":{"@id":"https:\/\/www.donadonsdd.com\/pt-pt\/#organization"},"potentialAction":[{"@type":"SearchAction","target":{"@type":"EntryPoint","urlTemplate":"https:\/\/www.donadonsdd.com\/pt-pt\/?s={search_term_string}"},"query-input":{"@type":"PropertyValueSpecification","valueRequired":true,"valueName":"search_term_string"}}],"inLanguage":"pt-PT"},{"@type":"Organization","@id":"https:\/\/www.donadonsdd.com\/pt-pt\/#organization","name":"DonadonSDD Srl","url":"https:\/\/www.donadonsdd.com\/pt-pt\/","logo":{"@type":"ImageObject","inLanguage":"pt-PT","@id":"https:\/\/www.donadonsdd.com\/pt-pt\/#\/schema\/logo\/image\/","url":"https:\/\/www.donadonsdd.com\/wp-content\/uploads\/2025\/11\/donadonsdd-logo.png","contentUrl":"https:\/\/www.donadonsdd.com\/wp-content\/uploads\/2025\/11\/donadonsdd-logo.png","width":544,"height":96,"caption":"DonadonSDD Srl"},"image":{"@id":"https:\/\/www.donadonsdd.com\/pt-pt\/#\/schema\/logo\/image\/"}}]}},"toolset-meta":{"toolset-woocommerce-fields":{"_download_limit":{"type":"numeric","raw":""},"_virtual":{"type":"checkbox","raw":""},"_downloadable":{"type":"checkbox","raw":""},"_download_expiry":{"type":"numeric","raw":""},"_download_type":{"type":"radio","raw":""},"_regular_price":{"type":"numeric","raw":""},"_sale_price":{"type":"numeric","raw":""},"_sale_price_dates_from":{"type":"date","raw":"","formatted":null},"_sale_price_dates_to":{"type":"date","raw":"","formatted":null},"_sku":{"type":"textfield","raw":""},"_manage_stock":{"type":"checkbox","raw":""},"_stock_status":{"type":"radio","raw":""},"_stock":{"type":"numeric","raw":""},"_backorders":{"type":"radio","raw":""},"_sold_individually":{"type":"checkbox","raw":""},"_width":{"type":"numeric","raw":""},"_weight":{"type":"numeric","raw":""},"_length":{"type":"numeric","raw":""},"_purchase_note":{"type":"textarea","raw":""}},"infografica":{"operation-ratio":{"type":"textfield","raw":""},"non-fragmenting":{"type":"textfield","raw":""},"vacumm-resistant":{"type":"textfield","raw":""},"sanitary":{"type":"textfield","raw":""},"liquid":{"type":"textfield","raw":""},"vapor-gas":{"type":"textfield","raw":""},"ferrules":{"type":"textfield","raw":""}},"dettagli-prodotto":{"immagini-prodotto":{"type":"image","raw":["https:\/\/www.donadonsdd.com\/wp-content\/uploads\/2025\/12\/donadon-2_result.webp","https:\/\/www.donadonsdd.com\/wp-content\/uploads\/2025\/12\/donadon-3_result.webp"],"repeatable":[{"raw":"https:\/\/www.donadonsdd.com\/wp-content\/uploads\/2025\/12\/donadon-2_result.webp","attachment_id":8033},{"raw":"https:\/\/www.donadonsdd.com\/wp-content\/uploads\/2025\/12\/donadon-3_result.webp","attachment_id":8034}]},"tabella-specifiche":{"type":"wysiwyg","raw":"===TABLE===\nMODELO | IR2A;\nTEMPERATURA DE FUNCIONAMENTO | Parte ativa: de -196 \u00b0C a 280 \u00b0C \u00a7 Cabo de interface: de -40 \u00b0C a +70 \u00b0C;\nENCAPSULAMENTO DA MEMBRANA | Poliimida (Kapton\u00ae);\nPlaca de circuitos impressos | Cobre;\nCABO | Standard, 2 m - dispon\u00edvel com duas virolas ou com conetor \u00a7 Comprimento m\u00e1ximo 15 m;\nPAR\u00c2METROS EL\u00c9CTRICOS DA FONTE DE ALIMENTA\u00c7\u00c3O (MAX) | Tens\u00e3o: 24 V CC \u00a7 Corrente: 50 mA \u00a7 Pot\u00eancia: 0,3 W \u00a7 Capacidade: 780 pF \u00a7 Indut\u00e2ncia: 7,2 \u00b5H;\nFLUIDO DO PROCESSO | G\u00e1s, l\u00edquido, p\u00f3;\nIP DEGREE | 67;\nCOMPATIBILIDADE COM DISCOS DE RUPTURA | <a href=\"https:\/\/www.donadonsdd.com\/pt-pt\/produto\/dcd-composite\/\">DCD<\/a>, <a href=\"https:\/\/www.donadonsdd.com\/pt-pt\/produto\/dif\/\">DIF<\/a>, <a href=\"https:\/\/www.donadonsdd.com\/pt-pt\/produto\/scd\/\">SCD<\/a>, <a href=\"https:\/\/www.donadonsdd.com\/pt-pt\/produto\/scr\/\">SCR<\/a>, <a href=\"https:\/\/www.donadonsdd.com\/pt-pt\/produto\/y90\/\">Y90<\/a>, <a href=\"https:\/\/www.donadonsdd.com\/pt-pt\/produto\/krd\/\">KRD<\/a>;      \nOP\u00c7\u00d5ES DE CONFIGURA\u00c7\u00c3O DO CABO DE INTERFACE | Cabo terminado com ponteiras duplas \u00a7 Cabo equipado com conetor;\n\n===TEXT===\n<h3>Press\u00e3o m\u00ednima de funcionamento em fun\u00e7\u00e3o do di\u00e2metro:<\/h3>\n===TABLE===\nDN (MM) | 32 | 40 | 50 | 65 | 80 | 100 | 125 | 150 | 200-350 | 400 |  >500;\nNPS (POLEGADAS) | 1 1\/4 | 1 1\/2 | 2 | 2 1\/2 | 3 | 4 | 4 1\/2 | 6 | 8-14 | 16 |  >20;\nPRESS\u00c3O M\u00cdNIMA (BAR G) | 0,3 | 0,2 | 0,07 | 0,06 | 0,05 | 0,04 | 0,03 | 0,02 | 0,015 | 0,01 | 0,005;"}}},"_links":{"self":[{"href":"https:\/\/www.donadonsdd.com\/pt-pt\/wp-json\/wp\/v2\/product\/6116","targetHints":{"allow":["GET"]}}],"collection":[{"href":"https:\/\/www.donadonsdd.com\/pt-pt\/wp-json\/wp\/v2\/product"}],"about":[{"href":"https:\/\/www.donadonsdd.com\/pt-pt\/wp-json\/wp\/v2\/types\/product"}],"wp:featuredmedia":[{"embeddable":true,"href":"https:\/\/www.donadonsdd.com\/pt-pt\/wp-json\/wp\/v2\/media\/10281"}],"wp:attachment":[{"href":"https:\/\/www.donadonsdd.com\/pt-pt\/wp-json\/wp\/v2\/media?parent=6116"}],"wp:term":[{"taxonomy":"categoria_prodotto","embeddable":true,"href":"https:\/\/www.donadonsdd.com\/pt-pt\/wp-json\/wp\/v2\/categoria_prodotto?post=6116"}],"curies":[{"name":"wp","href":"https:\/\/api.w.org\/{rel}","templated":true}]}}