{"id":6123,"date":"2025-12-11T14:22:53","date_gmt":"2025-12-11T13:22:53","guid":{"rendered":"https:\/\/www.donadonsdd.com\/product\/unidades-seladas-su-t-montagem-facil-e-confiavel-de-discos-de-rutura-para-instalacoes-industriais\/"},"modified":"2026-03-01T02:47:14","modified_gmt":"2026-03-01T01:47:14","slug":"sut","status":"publish","type":"product","link":"https:\/\/www.donadonsdd.com\/pt-pt\/produto\/sut\/","title":{"rendered":"Unidades seladas SU\/T &#8211; Montagem f\u00e1cil e confi\u00e1vel de discos de rutura para instala\u00e7\u00f5es industriais"},"content":{"rendered":"<p>As unidades seladas SU\/T da DonadonSDD foram concebidas para tornar a montagem de discos de rutura em instala\u00e7\u00f5es industriais f\u00e1cil e fi\u00e1vel. A DonadonSDD oferece uma extensa linha de dispositivos de disco de rutura concebidos para satisfazer os requisitos de al\u00edvio de press\u00e3o encontrados em muitas ind\u00fastrias de processamento. Quando as aplica\u00e7\u00f5es do cliente exigem uma abordagem espec\u00edfica, a DonadonSDD est\u00e1 pronta para estudar e produzir um produto 100% personalizado.  <\/p>\n<h2>Principais carater\u00edsticas e vantagens t\u00e9cnicas<\/h2>\n<h3>Elevados padr\u00f5es de certifica\u00e7\u00e3o:<\/h3>\n<p>Os nossos discos de rutura s\u00e3o certificados de acordo com as mais elevadas normas internacionais, incluindo PED 2014\/68\/UE (CE STAMP), PER 2016 UK Statutory Instruments 2016 No 1105 (UKCA STAMP) e CU TR 032 (EAC STAMP).<\/p>\n<h3>T\u00e9cnica:<\/h3>\n<p>As unidades reagem \u00e0 sobrepress\u00e3o em poucos milissegundos, proporcionando uma prote\u00e7\u00e3o fi\u00e1vel e eficiente \u00e0s instala\u00e7\u00f5es industriais.<\/p>\n<h3>Liga\u00e7\u00f5es:<\/h3>\n<p>Dispon\u00edvel em v\u00e1rios tamanhos (a partir de 1\/2&#8243;) e liga\u00e7\u00f5es standard (NPT, GAS, BSPP, BSPT, UNF), s\u00e3o tamb\u00e9m poss\u00edveis personaliza\u00e7\u00f5es espec\u00edficas.<\/p>\n<h2>Porqu\u00ea escolher a DonadonSDD?<\/h2>\n<ul>\n<li>As unidades estanques DonadonSDD SU\/T s\u00e3o adequadas para utiliza\u00e7\u00e3o com gases e l\u00edquidos em condi\u00e7\u00f5es c\u00edclicas e pulsantes, proporcionando uma prote\u00e7\u00e3o \u00f3ptima para instala\u00e7\u00f5es industriais.<\/li>\n<li>As unidades reagem \u00e0 sobrepress\u00e3o em poucos milissegundos, proporcionando uma prote\u00e7\u00e3o fi\u00e1vel e eficiente \u00e0s instala\u00e7\u00f5es industriais.<\/li>\n<li>As nossas unidades seladas SU\/T foram concebidas para tornar a montagem do disco de rutura f\u00e1cil e fi\u00e1vel, simplificando o manuseamento e eliminando a necessidade de pessoal especializado.<\/li>\n<\/ul>\n","protected":false},"excerpt":{"rendered":"<p>As unidades seladas SU\/T da DonadonSDD foram concebidas para tornar a montagem de discos de rutura em instala\u00e7\u00f5es industriais f\u00e1cil e fi\u00e1vel. A DonadonSDD oferece uma extensa linha de dispositivos de disco de rutura concebidos para satisfazer os requisitos de al\u00edvio de press\u00e3o encontrados em muitas ind\u00fastrias de processamento. Quando as aplica\u00e7\u00f5es do cliente exigem [&hellip;]<\/p>\n","protected":false},"featured_media":10285,"menu_order":0,"template":"","meta":{"_acf_changed":false},"categoria_prodotto":[79,89],"class_list":["post-6123","product","type-product","status-publish","has-post-thumbnail","hentry","categoria_prodotto-rupture-discs","categoria_prodotto-sealed-unit"],"acf":[],"yoast_head":"<!-- This site is optimized with the Yoast SEO plugin v27.3 - https:\/\/yoast.com\/product\/yoast-seo-wordpress\/ -->\n<title>Unidade de disco de rutura com veda\u00e7\u00e3o roscada (tipo uni\u00e3o\/parafuso) - SU\/T<\/title>\n<meta name=\"description\" content=\"Unidade de disco de rutura roscada pr\u00e9-montada com disco calibrado de f\u00e1brica. Instala\u00e7\u00e3o estanque com liga\u00e7\u00f5es NPT, BSP ou UNF para servi\u00e7o de g\u00e1s e l\u00edquido, certificado PED e EAC.\" \/>\n<meta name=\"robots\" content=\"index, follow, max-snippet:-1, max-image-preview:large, max-video-preview:-1\" \/>\n<link rel=\"canonical\" href=\"https:\/\/www.donadonsdd.com\/pt-pt\/produto\/sut\/\" \/>\n<meta property=\"og:locale\" content=\"pt_PT\" \/>\n<meta property=\"og:type\" content=\"article\" \/>\n<meta property=\"og:title\" content=\"Unidade de disco de rutura com veda\u00e7\u00e3o roscada (tipo uni\u00e3o\/parafuso) - SU\/T\" \/>\n<meta property=\"og:description\" content=\"Unidade de disco de rutura roscada pr\u00e9-montada com disco calibrado de f\u00e1brica. Instala\u00e7\u00e3o estanque com liga\u00e7\u00f5es NPT, BSP ou UNF para servi\u00e7o de g\u00e1s e l\u00edquido, certificado PED e EAC.\" \/>\n<meta property=\"og:url\" content=\"https:\/\/www.donadonsdd.com\/pt-pt\/produto\/sut\/\" \/>\n<meta property=\"og:site_name\" content=\"DonadonSDD Srl\" \/>\n<meta property=\"article:modified_time\" content=\"2026-03-01T01:47:14+00:00\" \/>\n<meta property=\"og:image\" content=\"https:\/\/www.donadonsdd.com\/wp-content\/uploads\/2025\/12\/donadon-104_result-2048x1366-trasp.png\" \/>\n\t<meta property=\"og:image:width\" content=\"1800\" \/>\n\t<meta property=\"og:image:height\" content=\"1201\" \/>\n\t<meta property=\"og:image:type\" content=\"image\/png\" \/>\n<meta name=\"twitter:card\" content=\"summary_large_image\" \/>\n<meta name=\"twitter:label1\" content=\"Tempo estimado de leitura\" \/>\n\t<meta name=\"twitter:data1\" content=\"1 minuto\" \/>\n<script type=\"application\/ld+json\" class=\"yoast-schema-graph\">{\"@context\":\"https:\\\/\\\/schema.org\",\"@graph\":[{\"@type\":\"WebPage\",\"@id\":\"https:\\\/\\\/www.donadonsdd.com\\\/pt-pt\\\/produto\\\/sut\\\/\",\"url\":\"https:\\\/\\\/www.donadonsdd.com\\\/pt-pt\\\/produto\\\/sut\\\/\",\"name\":\"Unidade de disco de rutura com veda\u00e7\u00e3o roscada (tipo uni\u00e3o\\\/parafuso) - SU\\\/T\",\"isPartOf\":{\"@id\":\"https:\\\/\\\/www.donadonsdd.com\\\/pt-pt\\\/#website\"},\"primaryImageOfPage\":{\"@id\":\"https:\\\/\\\/www.donadonsdd.com\\\/pt-pt\\\/produto\\\/sut\\\/#primaryimage\"},\"image\":{\"@id\":\"https:\\\/\\\/www.donadonsdd.com\\\/pt-pt\\\/produto\\\/sut\\\/#primaryimage\"},\"thumbnailUrl\":\"https:\\\/\\\/www.donadonsdd.com\\\/wp-content\\\/uploads\\\/2025\\\/12\\\/donadon-104_result-2048x1366-trasp.png\",\"datePublished\":\"2025-12-11T13:22:53+00:00\",\"dateModified\":\"2026-03-01T01:47:14+00:00\",\"description\":\"Unidade de disco de rutura roscada pr\u00e9-montada com disco calibrado de f\u00e1brica. Instala\u00e7\u00e3o estanque com liga\u00e7\u00f5es NPT, BSP ou UNF para servi\u00e7o de g\u00e1s e l\u00edquido, certificado PED e EAC.\",\"breadcrumb\":{\"@id\":\"https:\\\/\\\/www.donadonsdd.com\\\/pt-pt\\\/produto\\\/sut\\\/#breadcrumb\"},\"inLanguage\":\"pt-PT\",\"potentialAction\":[{\"@type\":\"ReadAction\",\"target\":[\"https:\\\/\\\/www.donadonsdd.com\\\/pt-pt\\\/produto\\\/sut\\\/\"]}]},{\"@type\":\"ImageObject\",\"inLanguage\":\"pt-PT\",\"@id\":\"https:\\\/\\\/www.donadonsdd.com\\\/pt-pt\\\/produto\\\/sut\\\/#primaryimage\",\"url\":\"https:\\\/\\\/www.donadonsdd.com\\\/wp-content\\\/uploads\\\/2025\\\/12\\\/donadon-104_result-2048x1366-trasp.png\",\"contentUrl\":\"https:\\\/\\\/www.donadonsdd.com\\\/wp-content\\\/uploads\\\/2025\\\/12\\\/donadon-104_result-2048x1366-trasp.png\",\"width\":1800,\"height\":1201},{\"@type\":\"BreadcrumbList\",\"@id\":\"https:\\\/\\\/www.donadonsdd.com\\\/pt-pt\\\/produto\\\/sut\\\/#breadcrumb\",\"itemListElement\":[{\"@type\":\"ListItem\",\"position\":1,\"name\":\"HOMEPAGE\",\"item\":\"https:\\\/\\\/www.donadonsdd.com\\\/pt-pt\\\/\"},{\"@type\":\"ListItem\",\"position\":2,\"name\":\"Unidades seladas SU\\\/T &#8211; Montagem f\u00e1cil e confi\u00e1vel de discos de rutura para instala\u00e7\u00f5es industriais\"}]},{\"@type\":\"WebSite\",\"@id\":\"https:\\\/\\\/www.donadonsdd.com\\\/pt-pt\\\/#website\",\"url\":\"https:\\\/\\\/www.donadonsdd.com\\\/pt-pt\\\/\",\"name\":\"DonadonSDD Srl\",\"description\":\"\",\"publisher\":{\"@id\":\"https:\\\/\\\/www.donadonsdd.com\\\/pt-pt\\\/#organization\"},\"potentialAction\":[{\"@type\":\"SearchAction\",\"target\":{\"@type\":\"EntryPoint\",\"urlTemplate\":\"https:\\\/\\\/www.donadonsdd.com\\\/pt-pt\\\/?s={search_term_string}\"},\"query-input\":{\"@type\":\"PropertyValueSpecification\",\"valueRequired\":true,\"valueName\":\"search_term_string\"}}],\"inLanguage\":\"pt-PT\"},{\"@type\":\"Organization\",\"@id\":\"https:\\\/\\\/www.donadonsdd.com\\\/pt-pt\\\/#organization\",\"name\":\"DonadonSDD Srl\",\"url\":\"https:\\\/\\\/www.donadonsdd.com\\\/pt-pt\\\/\",\"logo\":{\"@type\":\"ImageObject\",\"inLanguage\":\"pt-PT\",\"@id\":\"https:\\\/\\\/www.donadonsdd.com\\\/pt-pt\\\/#\\\/schema\\\/logo\\\/image\\\/\",\"url\":\"https:\\\/\\\/www.donadonsdd.com\\\/wp-content\\\/uploads\\\/2025\\\/11\\\/donadonsdd-logo.png\",\"contentUrl\":\"https:\\\/\\\/www.donadonsdd.com\\\/wp-content\\\/uploads\\\/2025\\\/11\\\/donadonsdd-logo.png\",\"width\":544,\"height\":96,\"caption\":\"DonadonSDD Srl\"},\"image\":{\"@id\":\"https:\\\/\\\/www.donadonsdd.com\\\/pt-pt\\\/#\\\/schema\\\/logo\\\/image\\\/\"}}]}<\/script>\n<!-- \/ Yoast SEO plugin. -->","yoast_head_json":{"title":"Unidade de disco de rutura com veda\u00e7\u00e3o roscada (tipo uni\u00e3o\/parafuso) - SU\/T","description":"Unidade de disco de rutura roscada pr\u00e9-montada com disco calibrado de f\u00e1brica. Instala\u00e7\u00e3o estanque com liga\u00e7\u00f5es NPT, BSP ou UNF para servi\u00e7o de g\u00e1s e l\u00edquido, certificado PED e EAC.","robots":{"index":"index","follow":"follow","max-snippet":"max-snippet:-1","max-image-preview":"max-image-preview:large","max-video-preview":"max-video-preview:-1"},"canonical":"https:\/\/www.donadonsdd.com\/pt-pt\/produto\/sut\/","og_locale":"pt_PT","og_type":"article","og_title":"Unidade de disco de rutura com veda\u00e7\u00e3o roscada (tipo uni\u00e3o\/parafuso) - SU\/T","og_description":"Unidade de disco de rutura roscada pr\u00e9-montada com disco calibrado de f\u00e1brica. Instala\u00e7\u00e3o estanque com liga\u00e7\u00f5es NPT, BSP ou UNF para servi\u00e7o de g\u00e1s e l\u00edquido, certificado PED e EAC.","og_url":"https:\/\/www.donadonsdd.com\/pt-pt\/produto\/sut\/","og_site_name":"DonadonSDD Srl","article_modified_time":"2026-03-01T01:47:14+00:00","og_image":[{"width":1800,"height":1201,"url":"https:\/\/www.donadonsdd.com\/wp-content\/uploads\/2025\/12\/donadon-104_result-2048x1366-trasp.png","type":"image\/png"}],"twitter_card":"summary_large_image","twitter_misc":{"Tempo estimado de leitura":"1 minuto"},"schema":{"@context":"https:\/\/schema.org","@graph":[{"@type":"WebPage","@id":"https:\/\/www.donadonsdd.com\/pt-pt\/produto\/sut\/","url":"https:\/\/www.donadonsdd.com\/pt-pt\/produto\/sut\/","name":"Unidade de disco de rutura com veda\u00e7\u00e3o roscada (tipo uni\u00e3o\/parafuso) - SU\/T","isPartOf":{"@id":"https:\/\/www.donadonsdd.com\/pt-pt\/#website"},"primaryImageOfPage":{"@id":"https:\/\/www.donadonsdd.com\/pt-pt\/produto\/sut\/#primaryimage"},"image":{"@id":"https:\/\/www.donadonsdd.com\/pt-pt\/produto\/sut\/#primaryimage"},"thumbnailUrl":"https:\/\/www.donadonsdd.com\/wp-content\/uploads\/2025\/12\/donadon-104_result-2048x1366-trasp.png","datePublished":"2025-12-11T13:22:53+00:00","dateModified":"2026-03-01T01:47:14+00:00","description":"Unidade de disco de rutura roscada pr\u00e9-montada com disco calibrado de f\u00e1brica. Instala\u00e7\u00e3o estanque com liga\u00e7\u00f5es NPT, BSP ou UNF para servi\u00e7o de g\u00e1s e l\u00edquido, certificado PED e EAC.","breadcrumb":{"@id":"https:\/\/www.donadonsdd.com\/pt-pt\/produto\/sut\/#breadcrumb"},"inLanguage":"pt-PT","potentialAction":[{"@type":"ReadAction","target":["https:\/\/www.donadonsdd.com\/pt-pt\/produto\/sut\/"]}]},{"@type":"ImageObject","inLanguage":"pt-PT","@id":"https:\/\/www.donadonsdd.com\/pt-pt\/produto\/sut\/#primaryimage","url":"https:\/\/www.donadonsdd.com\/wp-content\/uploads\/2025\/12\/donadon-104_result-2048x1366-trasp.png","contentUrl":"https:\/\/www.donadonsdd.com\/wp-content\/uploads\/2025\/12\/donadon-104_result-2048x1366-trasp.png","width":1800,"height":1201},{"@type":"BreadcrumbList","@id":"https:\/\/www.donadonsdd.com\/pt-pt\/produto\/sut\/#breadcrumb","itemListElement":[{"@type":"ListItem","position":1,"name":"HOMEPAGE","item":"https:\/\/www.donadonsdd.com\/pt-pt\/"},{"@type":"ListItem","position":2,"name":"Unidades seladas SU\/T &#8211; Montagem f\u00e1cil e confi\u00e1vel de discos de rutura para instala\u00e7\u00f5es industriais"}]},{"@type":"WebSite","@id":"https:\/\/www.donadonsdd.com\/pt-pt\/#website","url":"https:\/\/www.donadonsdd.com\/pt-pt\/","name":"DonadonSDD Srl","description":"","publisher":{"@id":"https:\/\/www.donadonsdd.com\/pt-pt\/#organization"},"potentialAction":[{"@type":"SearchAction","target":{"@type":"EntryPoint","urlTemplate":"https:\/\/www.donadonsdd.com\/pt-pt\/?s={search_term_string}"},"query-input":{"@type":"PropertyValueSpecification","valueRequired":true,"valueName":"search_term_string"}}],"inLanguage":"pt-PT"},{"@type":"Organization","@id":"https:\/\/www.donadonsdd.com\/pt-pt\/#organization","name":"DonadonSDD Srl","url":"https:\/\/www.donadonsdd.com\/pt-pt\/","logo":{"@type":"ImageObject","inLanguage":"pt-PT","@id":"https:\/\/www.donadonsdd.com\/pt-pt\/#\/schema\/logo\/image\/","url":"https:\/\/www.donadonsdd.com\/wp-content\/uploads\/2025\/11\/donadonsdd-logo.png","contentUrl":"https:\/\/www.donadonsdd.com\/wp-content\/uploads\/2025\/11\/donadonsdd-logo.png","width":544,"height":96,"caption":"DonadonSDD Srl"},"image":{"@id":"https:\/\/www.donadonsdd.com\/pt-pt\/#\/schema\/logo\/image\/"}}]}},"toolset-meta":{"toolset-woocommerce-fields":{"_download_limit":{"type":"numeric","raw":""},"_virtual":{"type":"checkbox","raw":""},"_downloadable":{"type":"checkbox","raw":""},"_download_expiry":{"type":"numeric","raw":""},"_download_type":{"type":"radio","raw":""},"_regular_price":{"type":"numeric","raw":""},"_sale_price":{"type":"numeric","raw":""},"_sale_price_dates_from":{"type":"date","raw":"","formatted":null},"_sale_price_dates_to":{"type":"date","raw":"","formatted":null},"_sku":{"type":"textfield","raw":""},"_manage_stock":{"type":"checkbox","raw":""},"_stock_status":{"type":"radio","raw":""},"_stock":{"type":"numeric","raw":""},"_backorders":{"type":"radio","raw":""},"_sold_individually":{"type":"checkbox","raw":""},"_width":{"type":"numeric","raw":""},"_weight":{"type":"numeric","raw":""},"_length":{"type":"numeric","raw":""},"_purchase_note":{"type":"textarea","raw":""}},"infografica":{"operation-ratio":{"type":"textfield","raw":"at\u00e9 80%"},"non-fragmenting":{"type":"textfield","raw":"n\u00e3o"},"vacumm-resistant":{"type":"textfield","raw":"normalmente, n\u00e3o"},"sanitary":{"type":"textfield","raw":"n\u00e3o"},"liquid":{"type":"textfield","raw":"sim"},"vapor-gas":{"type":"textfield","raw":"sim"},"ferrules":{"type":"textfield","raw":""}},"dettagli-prodotto":{"immagini-prodotto":{"type":"image","raw":["https:\/\/www.donadonsdd.com\/wp-content\/uploads\/2025\/12\/donadon-104_result.webp","https:\/\/www.donadonsdd.com\/wp-content\/uploads\/2025\/12\/donadon-105_result.webp","https:\/\/www.donadonsdd.com\/wp-content\/uploads\/2025\/12\/donadon-106_result.webp","https:\/\/www.donadonsdd.com\/wp-content\/uploads\/2025\/12\/donadon-107_result.webp","https:\/\/www.donadonsdd.com\/wp-content\/uploads\/2025\/12\/donadon-108_result.webp","https:\/\/www.donadonsdd.com\/wp-content\/uploads\/2025\/12\/donadon-109_result.webp",""],"repeatable":[{"raw":"https:\/\/www.donadonsdd.com\/wp-content\/uploads\/2025\/12\/donadon-104_result.webp","attachment_id":6087},{"raw":"https:\/\/www.donadonsdd.com\/wp-content\/uploads\/2025\/12\/donadon-105_result.webp","attachment_id":6088},{"raw":"https:\/\/www.donadonsdd.com\/wp-content\/uploads\/2025\/12\/donadon-106_result.webp","attachment_id":1512},{"raw":"https:\/\/www.donadonsdd.com\/wp-content\/uploads\/2025\/12\/donadon-107_result.webp","attachment_id":6090},{"raw":"https:\/\/www.donadonsdd.com\/wp-content\/uploads\/2025\/12\/donadon-108_result.webp","attachment_id":6091},{"raw":"https:\/\/www.donadonsdd.com\/wp-content\/uploads\/2025\/12\/donadon-109_result.webp","attachment_id":6092},{"raw":""}]},"tabella-specifiche":{"type":"wysiwyg","raw":"MODELO | SU\/T;\nMATERIAIS | A\u00e7o inoxid\u00e1vel;\nPRESS\u00c3O DE RUPTURA | 0,3 - 1150 bar g (Dependendo do tamanho e do material);\nTOLER\u00c2NCIA | de +\/- 5 % a +\/- 20%;\nTEMPERATURA DE FUNCIONAMENTO | at\u00e9 500\u00b0C;\nFRAGMENTA\u00c7\u00c3O | Sim (Sem fragmenta\u00e7\u00e3o em execu\u00e7\u00e3o especial);\nMARGEM DE FUNCIONAMENTO | Pode atingir at\u00e9 80% dependendo das condi\u00e7\u00f5es de servi\u00e7o;\nRESIST\u00caNCIA \u00c0 PRESS\u00c3O DE V\u00c1CUO | N\u00e3o (Suporte de v\u00e1cuo em execu\u00e7\u00e3o especial);\nRESIST\u00caNCIA \u00c0 CORROS\u00c3O | Muito Boa;\nINSTALA\u00c7\u00c3O | Instala\u00e7\u00e3o direta;"}}},"_links":{"self":[{"href":"https:\/\/www.donadonsdd.com\/pt-pt\/wp-json\/wp\/v2\/product\/6123","targetHints":{"allow":["GET"]}}],"collection":[{"href":"https:\/\/www.donadonsdd.com\/pt-pt\/wp-json\/wp\/v2\/product"}],"about":[{"href":"https:\/\/www.donadonsdd.com\/pt-pt\/wp-json\/wp\/v2\/types\/product"}],"wp:featuredmedia":[{"embeddable":true,"href":"https:\/\/www.donadonsdd.com\/pt-pt\/wp-json\/wp\/v2\/media\/10285"}],"wp:attachment":[{"href":"https:\/\/www.donadonsdd.com\/pt-pt\/wp-json\/wp\/v2\/media?parent=6123"}],"wp:term":[{"taxonomy":"categoria_prodotto","embeddable":true,"href":"https:\/\/www.donadonsdd.com\/pt-pt\/wp-json\/wp\/v2\/categoria_prodotto?post=6123"}],"curies":[{"name":"wp","href":"https:\/\/api.w.org\/{rel}","templated":true}]}}