{"id":6135,"date":"2025-12-11T16:42:39","date_gmt":"2025-12-11T15:42:39","guid":{"rendered":"https:\/\/www.donadonsdd.com\/product\/indicador-avancado-de-disco-de-rutura-ir2e-garante-a-seguranca-e-a-conformidade\/"},"modified":"2026-03-01T02:42:06","modified_gmt":"2026-03-01T01:42:06","slug":"ir2e","status":"publish","type":"product","link":"https:\/\/www.donadonsdd.com\/pt-pt\/produto\/ir2e\/","title":{"rendered":"Indicador avan\u00e7ado de disco de rutura IR2E &#8211; Garante a seguran\u00e7a e a conformidade"},"content":{"rendered":"<p>O Indicador de Rutura DonadonSDD IR2E \u00e9 um instrumento simples mas eficaz, concebido para a dete\u00e7\u00e3o de fracturas nos discos de rutura. Este detetor \u00e9 estrategicamente instalado entre o lado de descarga do disco ou, quando presente, o suporte, e a flange a jusante do dispositivo de seguran\u00e7a, substituindo efetivamente uma junta convencional. <\/p>\n<p>A montagem do detetor IR2E envolve um atuador composto por v\u00e1rios componentes-chave:<\/p>\n<ul>\n<li>Um anel de metal, normalmente em 316L<\/li>\n<li>Uma membrana perfurada de PTFE<\/li>\n<li>Juntas, que s\u00e3o normalmente feitas de fibra de aramida padr\u00e3o, mas tamb\u00e9m est\u00e3o dispon\u00edveis em op\u00e7\u00f5es de grafite e PTFE.<\/li>\n<\/ul>\n<p>O n\u00facleo do sensor IR2E apresenta uma pista de cobre flex\u00edvel, encapsulada de forma segura entre duas camadas isolantes de Kapton, complementada por um cabo de interface. Este cabo pode ser configurado com virolas duplas padr\u00e3o ou com um conetor especializado. <\/p>\n<p>A liga\u00e7\u00e3o ao sistema de seguran\u00e7a da instala\u00e7\u00e3o \u00e9 efectuada atrav\u00e9s de um cabo indicador de alarme, que \u00e9 ligado atrav\u00e9s de uma barreira de seguran\u00e7a intr\u00ednseca. Esta configura\u00e7\u00e3o respeita as especifica\u00e7\u00f5es el\u00e9ctricas do sensor (com uma tens\u00e3o m\u00e1xima de 24V DC e uma corrente m\u00e1xima de 50mA) e \u00e9 adaptada aos requisitos de classifica\u00e7\u00e3o da zona. <\/p>\n<p>Em caso de rutura do disco, a continuidade do circuito de cobre do indicador IR2E \u00e9 interrompida, parando assim o fluxo de corrente. Esta interrup\u00e7\u00e3o permite que os aparelhos ligados sinalizem eficazmente a ativa\u00e7\u00e3o do disco de rutura. <\/p>\n<p>O sensor IR2E est\u00e1 totalmente em conformidade com a Diretiva Europeia 2014\/34\/UE (ATEX), o Instrumento Estatut\u00e1rio 2016 N\u00ba 1107 do Reino Unido (UKCA), CU TR 012 (EAC), e est\u00e1 certificado ao abrigo do esquema IECEx. Esta ades\u00e3o sublinha a sua fiabilidade e seguran\u00e7a para utiliza\u00e7\u00e3o em ambientes perigosos. <\/p>\n<p>A zona de instala\u00e7\u00e3o do sensor \u00e9 determinada pelo tipo de barreira utilizado:<\/p>\n<ul>\n<li>Para uma barreira Ex ia, a instala\u00e7\u00e3o \u00e9 permitida nas zonas 0, 20, 1, 21, 2, 22.<\/li>\n<li>Para uma barreira Ex ib, a instala\u00e7\u00e3o \u00e9 permitida nas zonas 1, 21, 2, 22.<\/li>\n<\/ul>\n<p>Os procedimentos de instala\u00e7\u00e3o devem estar em conformidade com a norma EN 60079-14 e com as normas el\u00e9ctricas nacionais mais recentes para garantir a seguran\u00e7a e a conformidade.<\/p>\n","protected":false},"excerpt":{"rendered":"<p>O Indicador de Rutura DonadonSDD IR2E \u00e9 um instrumento simples mas eficaz, concebido para a dete\u00e7\u00e3o de fracturas nos discos de rutura. Este detetor \u00e9 estrategicamente instalado entre o lado de descarga do disco ou, quando presente, o suporte, e a flange a jusante do dispositivo de seguran\u00e7a, substituindo efetivamente uma junta convencional. A montagem [&hellip;]<\/p>\n","protected":false},"featured_media":10277,"menu_order":0,"template":"","meta":{"_acf_changed":false},"categoria_prodotto":[94,81],"class_list":["post-6135","product","type-product","status-publish","has-post-thumbnail","hentry","categoria_prodotto-electric","categoria_prodotto-rupture-indicators"],"acf":[],"yoast_head":"<!-- This site is optimized with the Yoast SEO plugin v27.3 - https:\/\/yoast.com\/product\/yoast-seo-wordpress\/ -->\n<title>Indicador de disco de rutura el\u00e9trico para instala\u00e7\u00e3o de flange - IR2E<\/title>\n<meta name=\"description\" content=\"Indicador el\u00e9trico de disco de rutura para dete\u00e7\u00e3o de ativa\u00e7\u00e3o do disco de rutura. Instalado entre o disco de rutura ou o suporte e a flange, proporcionando uma sinaliza\u00e7\u00e3o fi\u00e1vel, intrinsecamente seguro, com classifica\u00e7\u00e3o IP67, certificado ATEX, IECEx e EAC.\" \/>\n<meta name=\"robots\" content=\"index, follow, max-snippet:-1, max-image-preview:large, max-video-preview:-1\" \/>\n<link rel=\"canonical\" href=\"https:\/\/www.donadonsdd.com\/pt-pt\/produto\/ir2e\/\" \/>\n<meta property=\"og:locale\" content=\"pt_PT\" \/>\n<meta property=\"og:type\" content=\"article\" \/>\n<meta property=\"og:title\" content=\"Indicador de disco de rutura el\u00e9trico para instala\u00e7\u00e3o de flange - IR2E\" \/>\n<meta property=\"og:description\" content=\"Indicador el\u00e9trico de disco de rutura para dete\u00e7\u00e3o de ativa\u00e7\u00e3o do disco de rutura. Instalado entre o disco de rutura ou o suporte e a flange, proporcionando uma sinaliza\u00e7\u00e3o fi\u00e1vel, intrinsecamente seguro, com classifica\u00e7\u00e3o IP67, certificado ATEX, IECEx e EAC.\" \/>\n<meta property=\"og:url\" content=\"https:\/\/www.donadonsdd.com\/pt-pt\/produto\/ir2e\/\" \/>\n<meta property=\"og:site_name\" content=\"DonadonSDD Srl\" \/>\n<meta property=\"article:modified_time\" content=\"2026-03-01T01:42:06+00:00\" \/>\n<meta property=\"og:image\" content=\"https:\/\/www.donadonsdd.com\/wp-content\/uploads\/2025\/12\/donadon-37.png\" \/>\n\t<meta property=\"og:image:width\" content=\"1800\" \/>\n\t<meta property=\"og:image:height\" content=\"1200\" \/>\n\t<meta property=\"og:image:type\" content=\"image\/png\" \/>\n<meta name=\"twitter:card\" content=\"summary_large_image\" \/>\n<meta name=\"twitter:label1\" content=\"Tempo estimado de leitura\" \/>\n\t<meta name=\"twitter:data1\" content=\"2 minutos\" \/>\n<script type=\"application\/ld+json\" class=\"yoast-schema-graph\">{\"@context\":\"https:\\\/\\\/schema.org\",\"@graph\":[{\"@type\":\"WebPage\",\"@id\":\"https:\\\/\\\/www.donadonsdd.com\\\/pt-pt\\\/produto\\\/ir2e\\\/\",\"url\":\"https:\\\/\\\/www.donadonsdd.com\\\/pt-pt\\\/produto\\\/ir2e\\\/\",\"name\":\"Indicador de disco de rutura el\u00e9trico para instala\u00e7\u00e3o de flange - IR2E\",\"isPartOf\":{\"@id\":\"https:\\\/\\\/www.donadonsdd.com\\\/pt-pt\\\/#website\"},\"primaryImageOfPage\":{\"@id\":\"https:\\\/\\\/www.donadonsdd.com\\\/pt-pt\\\/produto\\\/ir2e\\\/#primaryimage\"},\"image\":{\"@id\":\"https:\\\/\\\/www.donadonsdd.com\\\/pt-pt\\\/produto\\\/ir2e\\\/#primaryimage\"},\"thumbnailUrl\":\"https:\\\/\\\/www.donadonsdd.com\\\/wp-content\\\/uploads\\\/2025\\\/12\\\/donadon-37.png\",\"datePublished\":\"2025-12-11T15:42:39+00:00\",\"dateModified\":\"2026-03-01T01:42:06+00:00\",\"description\":\"Indicador el\u00e9trico de disco de rutura para dete\u00e7\u00e3o de ativa\u00e7\u00e3o do disco de rutura. Instalado entre o disco de rutura ou o suporte e a flange, proporcionando uma sinaliza\u00e7\u00e3o fi\u00e1vel, intrinsecamente seguro, com classifica\u00e7\u00e3o IP67, certificado ATEX, IECEx e EAC.\",\"breadcrumb\":{\"@id\":\"https:\\\/\\\/www.donadonsdd.com\\\/pt-pt\\\/produto\\\/ir2e\\\/#breadcrumb\"},\"inLanguage\":\"pt-PT\",\"potentialAction\":[{\"@type\":\"ReadAction\",\"target\":[\"https:\\\/\\\/www.donadonsdd.com\\\/pt-pt\\\/produto\\\/ir2e\\\/\"]}]},{\"@type\":\"ImageObject\",\"inLanguage\":\"pt-PT\",\"@id\":\"https:\\\/\\\/www.donadonsdd.com\\\/pt-pt\\\/produto\\\/ir2e\\\/#primaryimage\",\"url\":\"https:\\\/\\\/www.donadonsdd.com\\\/wp-content\\\/uploads\\\/2025\\\/12\\\/donadon-37.png\",\"contentUrl\":\"https:\\\/\\\/www.donadonsdd.com\\\/wp-content\\\/uploads\\\/2025\\\/12\\\/donadon-37.png\",\"width\":1800,\"height\":1200},{\"@type\":\"BreadcrumbList\",\"@id\":\"https:\\\/\\\/www.donadonsdd.com\\\/pt-pt\\\/produto\\\/ir2e\\\/#breadcrumb\",\"itemListElement\":[{\"@type\":\"ListItem\",\"position\":1,\"name\":\"HOMEPAGE\",\"item\":\"https:\\\/\\\/www.donadonsdd.com\\\/pt-pt\\\/\"},{\"@type\":\"ListItem\",\"position\":2,\"name\":\"Indicador avan\u00e7ado de disco de rutura IR2E &#8211; Garante a seguran\u00e7a e a conformidade\"}]},{\"@type\":\"WebSite\",\"@id\":\"https:\\\/\\\/www.donadonsdd.com\\\/pt-pt\\\/#website\",\"url\":\"https:\\\/\\\/www.donadonsdd.com\\\/pt-pt\\\/\",\"name\":\"DonadonSDD Srl\",\"description\":\"\",\"publisher\":{\"@id\":\"https:\\\/\\\/www.donadonsdd.com\\\/pt-pt\\\/#organization\"},\"potentialAction\":[{\"@type\":\"SearchAction\",\"target\":{\"@type\":\"EntryPoint\",\"urlTemplate\":\"https:\\\/\\\/www.donadonsdd.com\\\/pt-pt\\\/?s={search_term_string}\"},\"query-input\":{\"@type\":\"PropertyValueSpecification\",\"valueRequired\":true,\"valueName\":\"search_term_string\"}}],\"inLanguage\":\"pt-PT\"},{\"@type\":\"Organization\",\"@id\":\"https:\\\/\\\/www.donadonsdd.com\\\/pt-pt\\\/#organization\",\"name\":\"DonadonSDD Srl\",\"url\":\"https:\\\/\\\/www.donadonsdd.com\\\/pt-pt\\\/\",\"logo\":{\"@type\":\"ImageObject\",\"inLanguage\":\"pt-PT\",\"@id\":\"https:\\\/\\\/www.donadonsdd.com\\\/pt-pt\\\/#\\\/schema\\\/logo\\\/image\\\/\",\"url\":\"https:\\\/\\\/www.donadonsdd.com\\\/wp-content\\\/uploads\\\/2025\\\/11\\\/donadonsdd-logo.png\",\"contentUrl\":\"https:\\\/\\\/www.donadonsdd.com\\\/wp-content\\\/uploads\\\/2025\\\/11\\\/donadonsdd-logo.png\",\"width\":544,\"height\":96,\"caption\":\"DonadonSDD Srl\"},\"image\":{\"@id\":\"https:\\\/\\\/www.donadonsdd.com\\\/pt-pt\\\/#\\\/schema\\\/logo\\\/image\\\/\"}}]}<\/script>\n<!-- \/ Yoast SEO plugin. -->","yoast_head_json":{"title":"Indicador de disco de rutura el\u00e9trico para instala\u00e7\u00e3o de flange - IR2E","description":"Indicador el\u00e9trico de disco de rutura para dete\u00e7\u00e3o de ativa\u00e7\u00e3o do disco de rutura. Instalado entre o disco de rutura ou o suporte e a flange, proporcionando uma sinaliza\u00e7\u00e3o fi\u00e1vel, intrinsecamente seguro, com classifica\u00e7\u00e3o IP67, certificado ATEX, IECEx e EAC.","robots":{"index":"index","follow":"follow","max-snippet":"max-snippet:-1","max-image-preview":"max-image-preview:large","max-video-preview":"max-video-preview:-1"},"canonical":"https:\/\/www.donadonsdd.com\/pt-pt\/produto\/ir2e\/","og_locale":"pt_PT","og_type":"article","og_title":"Indicador de disco de rutura el\u00e9trico para instala\u00e7\u00e3o de flange - IR2E","og_description":"Indicador el\u00e9trico de disco de rutura para dete\u00e7\u00e3o de ativa\u00e7\u00e3o do disco de rutura. Instalado entre o disco de rutura ou o suporte e a flange, proporcionando uma sinaliza\u00e7\u00e3o fi\u00e1vel, intrinsecamente seguro, com classifica\u00e7\u00e3o IP67, certificado ATEX, IECEx e EAC.","og_url":"https:\/\/www.donadonsdd.com\/pt-pt\/produto\/ir2e\/","og_site_name":"DonadonSDD Srl","article_modified_time":"2026-03-01T01:42:06+00:00","og_image":[{"width":1800,"height":1200,"url":"https:\/\/www.donadonsdd.com\/wp-content\/uploads\/2025\/12\/donadon-37.png","type":"image\/png"}],"twitter_card":"summary_large_image","twitter_misc":{"Tempo estimado de leitura":"2 minutos"},"schema":{"@context":"https:\/\/schema.org","@graph":[{"@type":"WebPage","@id":"https:\/\/www.donadonsdd.com\/pt-pt\/produto\/ir2e\/","url":"https:\/\/www.donadonsdd.com\/pt-pt\/produto\/ir2e\/","name":"Indicador de disco de rutura el\u00e9trico para instala\u00e7\u00e3o de flange - IR2E","isPartOf":{"@id":"https:\/\/www.donadonsdd.com\/pt-pt\/#website"},"primaryImageOfPage":{"@id":"https:\/\/www.donadonsdd.com\/pt-pt\/produto\/ir2e\/#primaryimage"},"image":{"@id":"https:\/\/www.donadonsdd.com\/pt-pt\/produto\/ir2e\/#primaryimage"},"thumbnailUrl":"https:\/\/www.donadonsdd.com\/wp-content\/uploads\/2025\/12\/donadon-37.png","datePublished":"2025-12-11T15:42:39+00:00","dateModified":"2026-03-01T01:42:06+00:00","description":"Indicador el\u00e9trico de disco de rutura para dete\u00e7\u00e3o de ativa\u00e7\u00e3o do disco de rutura. Instalado entre o disco de rutura ou o suporte e a flange, proporcionando uma sinaliza\u00e7\u00e3o fi\u00e1vel, intrinsecamente seguro, com classifica\u00e7\u00e3o IP67, certificado ATEX, IECEx e EAC.","breadcrumb":{"@id":"https:\/\/www.donadonsdd.com\/pt-pt\/produto\/ir2e\/#breadcrumb"},"inLanguage":"pt-PT","potentialAction":[{"@type":"ReadAction","target":["https:\/\/www.donadonsdd.com\/pt-pt\/produto\/ir2e\/"]}]},{"@type":"ImageObject","inLanguage":"pt-PT","@id":"https:\/\/www.donadonsdd.com\/pt-pt\/produto\/ir2e\/#primaryimage","url":"https:\/\/www.donadonsdd.com\/wp-content\/uploads\/2025\/12\/donadon-37.png","contentUrl":"https:\/\/www.donadonsdd.com\/wp-content\/uploads\/2025\/12\/donadon-37.png","width":1800,"height":1200},{"@type":"BreadcrumbList","@id":"https:\/\/www.donadonsdd.com\/pt-pt\/produto\/ir2e\/#breadcrumb","itemListElement":[{"@type":"ListItem","position":1,"name":"HOMEPAGE","item":"https:\/\/www.donadonsdd.com\/pt-pt\/"},{"@type":"ListItem","position":2,"name":"Indicador avan\u00e7ado de disco de rutura IR2E &#8211; Garante a seguran\u00e7a e a conformidade"}]},{"@type":"WebSite","@id":"https:\/\/www.donadonsdd.com\/pt-pt\/#website","url":"https:\/\/www.donadonsdd.com\/pt-pt\/","name":"DonadonSDD Srl","description":"","publisher":{"@id":"https:\/\/www.donadonsdd.com\/pt-pt\/#organization"},"potentialAction":[{"@type":"SearchAction","target":{"@type":"EntryPoint","urlTemplate":"https:\/\/www.donadonsdd.com\/pt-pt\/?s={search_term_string}"},"query-input":{"@type":"PropertyValueSpecification","valueRequired":true,"valueName":"search_term_string"}}],"inLanguage":"pt-PT"},{"@type":"Organization","@id":"https:\/\/www.donadonsdd.com\/pt-pt\/#organization","name":"DonadonSDD Srl","url":"https:\/\/www.donadonsdd.com\/pt-pt\/","logo":{"@type":"ImageObject","inLanguage":"pt-PT","@id":"https:\/\/www.donadonsdd.com\/pt-pt\/#\/schema\/logo\/image\/","url":"https:\/\/www.donadonsdd.com\/wp-content\/uploads\/2025\/11\/donadonsdd-logo.png","contentUrl":"https:\/\/www.donadonsdd.com\/wp-content\/uploads\/2025\/11\/donadonsdd-logo.png","width":544,"height":96,"caption":"DonadonSDD Srl"},"image":{"@id":"https:\/\/www.donadonsdd.com\/pt-pt\/#\/schema\/logo\/image\/"}}]}},"toolset-meta":{"toolset-woocommerce-fields":{"_download_limit":{"type":"numeric","raw":""},"_virtual":{"type":"checkbox","raw":""},"_downloadable":{"type":"checkbox","raw":""},"_download_expiry":{"type":"numeric","raw":""},"_download_type":{"type":"radio","raw":""},"_regular_price":{"type":"numeric","raw":""},"_sale_price":{"type":"numeric","raw":""},"_sale_price_dates_from":{"type":"date","raw":"","formatted":null},"_sale_price_dates_to":{"type":"date","raw":"","formatted":null},"_sku":{"type":"textfield","raw":""},"_manage_stock":{"type":"checkbox","raw":""},"_stock_status":{"type":"radio","raw":""},"_stock":{"type":"numeric","raw":""},"_backorders":{"type":"radio","raw":""},"_sold_individually":{"type":"checkbox","raw":""},"_width":{"type":"numeric","raw":""},"_weight":{"type":"numeric","raw":""},"_length":{"type":"numeric","raw":""},"_purchase_note":{"type":"textarea","raw":""}},"infografica":{"operation-ratio":{"type":"textfield","raw":""},"non-fragmenting":{"type":"textfield","raw":""},"vacumm-resistant":{"type":"textfield","raw":""},"sanitary":{"type":"textfield","raw":""},"liquid":{"type":"textfield","raw":""},"vapor-gas":{"type":"textfield","raw":""},"ferrules":{"type":"textfield","raw":""}},"dettagli-prodotto":{"immagini-prodotto":{"type":"image","raw":["https:\/\/www.donadonsdd.com\/wp-content\/uploads\/2025\/12\/donadon-38_result.webp"],"repeatable":[{"raw":"https:\/\/www.donadonsdd.com\/wp-content\/uploads\/2025\/12\/donadon-38_result.webp","attachment_id":8040}]},"tabella-specifiche":{"type":"wysiwyg","raw":"===TABLE===\nModelo | IR2E;\nTemperatura de funcionamento | Parte ativa: de -196 \u00b0C a 260 \u00b0C \u00a7 Cabo de interface: de -40 \u00b0C a +70 \u00b0C;\nEncapsulamento de membrana | Poliimida (Kapton\u00ae);\nPlaca de circuito impresso | Cobre;\nCabo | Standard, 2 m - dispon\u00edvel com duas virolas ou com conetor \u00a7 Comprimento m\u00e1ximo 15 m;\nPar\u00e2metros el\u00e9ctricos da fonte de alimenta\u00e7\u00e3o (m\u00e1x.) | Tens\u00e3o: 24 V CC \u00a7 Corrente: 50 mA \u00a7 Pot\u00eancia: 0,3 W \u00a7 Capacidade: 780 pF \u00a7 Indut\u00e2ncia: 7,2 \u00b5H;\nFluido do processo | G\u00e1s, l\u00edquido, p\u00f3;\nGrau IP | 67;\nCompatibilidade com discos de suporte \/ rutura | <a href=\"https:\/\/www.donadonsdd.com\/pt-pt\/produto\/hia-hra\/\">HIA<\/a>, <a href=\"https:\/\/www.donadonsdd.com\/pt-pt\/produto\/hia-hra\/\">HRA<\/a>, <a href=\"https:\/\/www.donadonsdd.com\/pt-pt\/produto\/hip-hrp\/\">HIP<\/a>, <a href=\"https:\/\/www.donadonsdd.com\/pt-pt\/produto\/hip-hrp\/\">HRP<\/a> \u00a7 <a href=\"https:\/\/www.donadonsdd.com\/pt-pt\/produto\/dcd-composite\/\">DCD<\/a>, <a href=\"https:\/\/www.donadonsdd.com\/pt-pt\/produto\/dif\/\">DIF<\/a>, <a href=\"https:\/\/www.donadonsdd.com\/pt-pt\/produto\/scd\/\">SCD<\/a>, <a href=\"https:\/\/www.donadonsdd.com\/pt-pt\/produto\/scr\/\">SCR<\/a>, <a href=\"https:\/\/www.donadonsdd.com\/pt-pt\/produto\/y90\/\">Y90<\/a>, <a href=\"https:\/\/www.donadonsdd.com\/pt-pt\/produto\/krd\/\">KRD<\/a>, <a href=\"https:\/\/www.donadonsdd.com\/pt-pt\/produto\/gm\/\">GM<\/a>, <a href=\"https:\/\/www.donadonsdd.com\/pt-pt\/produto\/ga\/\">GA<\/a>, <a href=\"https:\/\/www.donadonsdd.com\/pt-pt\/produto\/gr\/\">GR<\/a>;             \nOp\u00e7\u00f5es de configura\u00e7\u00e3o do cabo de interface | Cabo terminado com ponteiras duplas \u00a7 Cabo equipado com conetor;\n===TEXT===\n<h3>Press\u00e3o m\u00ednima de funcionamento em fun\u00e7\u00e3o do di\u00e2metro<\/h3>\n===TABLE===\nDN (MM) | 32 | 40 | 50 | 65 | 80 | 100 | 125 | 150 | 200-350 | 400 |  >500;\nNPS (POLEGADAS) | 1 1\/4 | 1 1\/2 | 2 | 2 1\/2 | 3 | 4 | 4 1\/2 | 6 | 8-14 | 16 |  >20;\nPRESS\u00c3O M\u00cdNIMA (BAR G) | 0,3 | 0,25 | 0,18 | 0,15 | 0,11 | 0,09 | 0,08 | 0,06 | 0,05 | 0,03 | 0,005;"}}},"_links":{"self":[{"href":"https:\/\/www.donadonsdd.com\/pt-pt\/wp-json\/wp\/v2\/product\/6135","targetHints":{"allow":["GET"]}}],"collection":[{"href":"https:\/\/www.donadonsdd.com\/pt-pt\/wp-json\/wp\/v2\/product"}],"about":[{"href":"https:\/\/www.donadonsdd.com\/pt-pt\/wp-json\/wp\/v2\/types\/product"}],"wp:featuredmedia":[{"embeddable":true,"href":"https:\/\/www.donadonsdd.com\/pt-pt\/wp-json\/wp\/v2\/media\/10277"}],"wp:attachment":[{"href":"https:\/\/www.donadonsdd.com\/pt-pt\/wp-json\/wp\/v2\/media?parent=6135"}],"wp:term":[{"taxonomy":"categoria_prodotto","embeddable":true,"href":"https:\/\/www.donadonsdd.com\/pt-pt\/wp-json\/wp\/v2\/categoria_prodotto?post=6135"}],"curies":[{"name":"wp","href":"https:\/\/api.w.org\/{rel}","templated":true}]}}