{"id":6138,"date":"2025-12-11T15:44:57","date_gmt":"2025-12-11T14:44:57","guid":{"rendered":"https:\/\/www.donadonsdd.com\/product\/indicador-de-rutura-ir2c-detecao-avancada-para-disco-de-rutura-sanitario\/"},"modified":"2026-04-14T17:17:44","modified_gmt":"2026-04-14T15:17:44","slug":"ir2c","status":"publish","type":"product","link":"https:\/\/www.donadonsdd.com\/pt-pt\/produto\/ir2c\/","title":{"rendered":"Indicador de rutura IR2C &#8211; Dete\u00e7\u00e3o avan\u00e7ada para disco de rutura sanit\u00e1rio"},"content":{"rendered":"<p>O indicador de rutura DonadonSDD IR2C \u00e9 um dispositivo simples e eficaz, concebido para a dete\u00e7\u00e3o precisa de fracturas de discos de rutura sanit\u00e1rios. Este indicador est\u00e1 estrategicamente posicionado no lado do dreno, a jusante do encaixe do espa\u00e7ador, para garantir um desempenho \u00f3timo.<\/p>\n<p>O sensor IR2C \u00e9 composto por dois componentes principais:<\/p>\n<ul>\n<li>Elemento ativo constitu\u00eddo por uma calha de cobre flex\u00edvel encapsulada entre duas camadas isolantes de Kapton, associada a uma membrana perfurada de PTFE e a duas juntas de PTFE. Estes componentes foram especificamente concebidos para serem compat\u00edveis com as instala\u00e7\u00f5es de liga\u00e7\u00e3o sanit\u00e1ria.<\/li>\n<li>Um cabo de interface, dispon\u00edvel numa configura\u00e7\u00e3o standard com duas virolas ou numa op\u00e7\u00e3o com um conetor, facilita as liga\u00e7\u00f5es vers\u00e1teis.<\/li>\n<\/ul>\n<p>A liga\u00e7\u00e3o ao sistema de seguran\u00e7a da instala\u00e7\u00e3o \u00e9 efectuada atrav\u00e9s de um cabo indicador de alarme, que \u00e9 ligado atrav\u00e9s de uma barreira de seguran\u00e7a intr\u00ednseca. Esta configura\u00e7\u00e3o respeita as carater\u00edsticas el\u00e9ctricas especificadas do sensor (tens\u00e3o m\u00e1xima de 24V DC e corrente m\u00e1xima de 50mA) e \u00e9 adaptada para cumprir os requisitos de classifica\u00e7\u00e3o de zona.<\/p>\n<p>Em caso de rutura do disco, o circuito de cobre do indicador IR2C \u00e9 interrompido, parando assim o fluxo de corrente. Esta interrup\u00e7\u00e3o permite que os aparelhos ligados sinalizem eficazmente a ativa\u00e7\u00e3o do disco de rutura.<\/p>\n<p>O sensor IR2E est\u00e1 totalmente em conformidade com a Diretiva Europeia 2014\/34\/UE (ATEX), o Instrumento Estatut\u00e1rio 2016 N\u00ba 1107 do Reino Unido (UKCA), CU TR 012 (EAC), e est\u00e1 certificado ao abrigo do esquema IECEx. Esta ades\u00e3o sublinha a sua fiabilidade e seguran\u00e7a para utiliza\u00e7\u00e3o em ambientes perigosos.<\/p>\n<p>A zona de instala\u00e7\u00e3o do sensor \u00e9 determinada pelo tipo de barreira utilizado:<\/p>\n<ul>\n<li>Para uma barreira Ex ia, a instala\u00e7\u00e3o \u00e9 permitida nas zonas 0, 20, 1, 21, 2, 22.<\/li>\n<li>Para uma barreira Ex ib, a instala\u00e7\u00e3o \u00e9 permitida nas zonas 1, 21, 2, 22.<\/li>\n<\/ul>\n<p>Os procedimentos de instala\u00e7\u00e3o devem estar em conformidade com a norma EN 60079-14 e com as normas el\u00e9ctricas nacionais mais recentes para garantir a seguran\u00e7a e a conformidade.<\/p>\n","protected":false},"excerpt":{"rendered":"<p>O indicador de rutura DonadonSDD IR2C \u00e9 um dispositivo simples e eficaz, concebido para a dete\u00e7\u00e3o precisa de fracturas de discos de rutura sanit\u00e1rios. Este indicador est\u00e1 estrategicamente posicionado no lado do dreno, a jusante do encaixe do espa\u00e7ador, para garantir um desempenho \u00f3timo. O sensor IR2C \u00e9 composto por dois componentes principais: Elemento ativo [&hellip;]<\/p>\n","protected":false},"featured_media":6139,"menu_order":0,"template":"","meta":{"_acf_changed":false},"categoria_prodotto":[94,81],"class_list":["post-6138","product","type-product","status-publish","has-post-thumbnail","hentry","categoria_prodotto-electric","categoria_prodotto-rupture-indicators"],"acf":[],"yoast_head":"<!-- This site is optimized with the Yoast SEO plugin v27.3 - https:\/\/yoast.com\/product\/yoast-seo-wordpress\/ -->\n<title>Indicador de rutura IR2C - Dete\u00e7\u00e3o avan\u00e7ada para disco de rutura sanit\u00e1rio - DonadonSDD Srl<\/title>\n<meta name=\"description\" content=\"IR2C \u2013 indicador de ruptura el\u00e9trico DonadonSDD para discos de ruptura sanit\u00e1rios montados em racor espa\u00e7ador. Certificado ATEX, IECEx e UKCA. Zonas perigosas 0 a 22.\" \/>\n<meta name=\"robots\" content=\"index, follow, max-snippet:-1, max-image-preview:large, max-video-preview:-1\" \/>\n<link rel=\"canonical\" href=\"https:\/\/www.donadonsdd.com\/pt-pt\/produto\/ir2c\/\" \/>\n<meta property=\"og:locale\" content=\"pt_PT\" \/>\n<meta property=\"og:type\" content=\"article\" \/>\n<meta property=\"og:title\" content=\"Indicador de rutura IR2C - Dete\u00e7\u00e3o avan\u00e7ada para disco de rutura sanit\u00e1rio - DonadonSDD Srl\" \/>\n<meta property=\"og:description\" content=\"IR2C \u2013 indicador de ruptura el\u00e9trico DonadonSDD para discos de ruptura sanit\u00e1rios montados em racor espa\u00e7ador. Certificado ATEX, IECEx e UKCA. Zonas perigosas 0 a 22.\" \/>\n<meta property=\"og:url\" content=\"https:\/\/www.donadonsdd.com\/pt-pt\/produto\/ir2c\/\" \/>\n<meta property=\"og:site_name\" content=\"DonadonSDD Srl\" \/>\n<meta property=\"article:modified_time\" content=\"2026-04-14T15:17:44+00:00\" \/>\n<meta property=\"og:image\" content=\"https:\/\/www.donadonsdd.com\/wp-content\/uploads\/2025\/12\/donadon-sdd-ir2c-rupture-indicators-e1766346908929.png\" \/>\n\t<meta property=\"og:image:width\" content=\"1089\" \/>\n\t<meta property=\"og:image:height\" content=\"726\" \/>\n\t<meta property=\"og:image:type\" content=\"image\/png\" \/>\n<meta name=\"twitter:card\" content=\"summary_large_image\" \/>\n<meta name=\"twitter:label1\" content=\"Tempo estimado de leitura\" \/>\n\t<meta name=\"twitter:data1\" content=\"4 minutos\" \/>\n<script type=\"application\/ld+json\" class=\"yoast-schema-graph\">{\"@context\":\"https:\\\/\\\/schema.org\",\"@graph\":[{\"@type\":\"WebPage\",\"@id\":\"https:\\\/\\\/www.donadonsdd.com\\\/pt-pt\\\/produto\\\/ir2c\\\/\",\"url\":\"https:\\\/\\\/www.donadonsdd.com\\\/pt-pt\\\/produto\\\/ir2c\\\/\",\"name\":\"Indicador de rutura IR2C - Dete\u00e7\u00e3o avan\u00e7ada para disco de rutura sanit\u00e1rio - DonadonSDD Srl\",\"isPartOf\":{\"@id\":\"https:\\\/\\\/www.donadonsdd.com\\\/pt-pt\\\/#website\"},\"primaryImageOfPage\":{\"@id\":\"https:\\\/\\\/www.donadonsdd.com\\\/pt-pt\\\/produto\\\/ir2c\\\/#primaryimage\"},\"image\":{\"@id\":\"https:\\\/\\\/www.donadonsdd.com\\\/pt-pt\\\/produto\\\/ir2c\\\/#primaryimage\"},\"thumbnailUrl\":\"https:\\\/\\\/www.donadonsdd.com\\\/wp-content\\\/uploads\\\/2025\\\/12\\\/donadon-sdd-ir2c-rupture-indicators-e1766346908929.png\",\"datePublished\":\"2025-12-11T14:44:57+00:00\",\"dateModified\":\"2026-04-14T15:17:44+00:00\",\"description\":\"IR2C \u2013 indicador de ruptura el\u00e9trico DonadonSDD para discos de ruptura sanit\u00e1rios montados em racor espa\u00e7ador. Certificado ATEX, IECEx e UKCA. Zonas perigosas 0 a 22.\",\"breadcrumb\":{\"@id\":\"https:\\\/\\\/www.donadonsdd.com\\\/pt-pt\\\/produto\\\/ir2c\\\/#breadcrumb\"},\"inLanguage\":\"pt-PT\",\"potentialAction\":[{\"@type\":\"ReadAction\",\"target\":[\"https:\\\/\\\/www.donadonsdd.com\\\/pt-pt\\\/produto\\\/ir2c\\\/\"]}]},{\"@type\":\"ImageObject\",\"inLanguage\":\"pt-PT\",\"@id\":\"https:\\\/\\\/www.donadonsdd.com\\\/pt-pt\\\/produto\\\/ir2c\\\/#primaryimage\",\"url\":\"https:\\\/\\\/www.donadonsdd.com\\\/wp-content\\\/uploads\\\/2025\\\/12\\\/donadon-sdd-ir2c-rupture-indicators-e1766346908929.png\",\"contentUrl\":\"https:\\\/\\\/www.donadonsdd.com\\\/wp-content\\\/uploads\\\/2025\\\/12\\\/donadon-sdd-ir2c-rupture-indicators-e1766346908929.png\",\"width\":1089,\"height\":726,\"caption\":\"donadon sdd ir2c rupture indicators\"},{\"@type\":\"BreadcrumbList\",\"@id\":\"https:\\\/\\\/www.donadonsdd.com\\\/pt-pt\\\/produto\\\/ir2c\\\/#breadcrumb\",\"itemListElement\":[{\"@type\":\"ListItem\",\"position\":1,\"name\":\"HOMEPAGE\",\"item\":\"https:\\\/\\\/www.donadonsdd.com\\\/pt-pt\\\/\"},{\"@type\":\"ListItem\",\"position\":2,\"name\":\"Indicador de rutura IR2C &#8211; Dete\u00e7\u00e3o avan\u00e7ada para disco de rutura sanit\u00e1rio\"}]},{\"@type\":\"WebSite\",\"@id\":\"https:\\\/\\\/www.donadonsdd.com\\\/pt-pt\\\/#website\",\"url\":\"https:\\\/\\\/www.donadonsdd.com\\\/pt-pt\\\/\",\"name\":\"DonadonSDD Srl\",\"description\":\"\",\"publisher\":{\"@id\":\"https:\\\/\\\/www.donadonsdd.com\\\/pt-pt\\\/#organization\"},\"potentialAction\":[{\"@type\":\"SearchAction\",\"target\":{\"@type\":\"EntryPoint\",\"urlTemplate\":\"https:\\\/\\\/www.donadonsdd.com\\\/pt-pt\\\/?s={search_term_string}\"},\"query-input\":{\"@type\":\"PropertyValueSpecification\",\"valueRequired\":true,\"valueName\":\"search_term_string\"}}],\"inLanguage\":\"pt-PT\"},{\"@type\":\"Organization\",\"@id\":\"https:\\\/\\\/www.donadonsdd.com\\\/pt-pt\\\/#organization\",\"name\":\"DonadonSDD Srl\",\"url\":\"https:\\\/\\\/www.donadonsdd.com\\\/pt-pt\\\/\",\"logo\":{\"@type\":\"ImageObject\",\"inLanguage\":\"pt-PT\",\"@id\":\"https:\\\/\\\/www.donadonsdd.com\\\/pt-pt\\\/#\\\/schema\\\/logo\\\/image\\\/\",\"url\":\"https:\\\/\\\/www.donadonsdd.com\\\/wp-content\\\/uploads\\\/2025\\\/11\\\/donadonsdd-logo.png\",\"contentUrl\":\"https:\\\/\\\/www.donadonsdd.com\\\/wp-content\\\/uploads\\\/2025\\\/11\\\/donadonsdd-logo.png\",\"width\":544,\"height\":96,\"caption\":\"DonadonSDD Srl\"},\"image\":{\"@id\":\"https:\\\/\\\/www.donadonsdd.com\\\/pt-pt\\\/#\\\/schema\\\/logo\\\/image\\\/\"}}]}<\/script>\n<!-- \/ Yoast SEO plugin. -->","yoast_head_json":{"title":"Indicador de rutura IR2C - Dete\u00e7\u00e3o avan\u00e7ada para disco de rutura sanit\u00e1rio - DonadonSDD Srl","description":"IR2C \u2013 indicador de ruptura el\u00e9trico DonadonSDD para discos de ruptura sanit\u00e1rios montados em racor espa\u00e7ador. Certificado ATEX, IECEx e UKCA. Zonas perigosas 0 a 22.","robots":{"index":"index","follow":"follow","max-snippet":"max-snippet:-1","max-image-preview":"max-image-preview:large","max-video-preview":"max-video-preview:-1"},"canonical":"https:\/\/www.donadonsdd.com\/pt-pt\/produto\/ir2c\/","og_locale":"pt_PT","og_type":"article","og_title":"Indicador de rutura IR2C - Dete\u00e7\u00e3o avan\u00e7ada para disco de rutura sanit\u00e1rio - DonadonSDD Srl","og_description":"IR2C \u2013 indicador de ruptura el\u00e9trico DonadonSDD para discos de ruptura sanit\u00e1rios montados em racor espa\u00e7ador. Certificado ATEX, IECEx e UKCA. Zonas perigosas 0 a 22.","og_url":"https:\/\/www.donadonsdd.com\/pt-pt\/produto\/ir2c\/","og_site_name":"DonadonSDD Srl","article_modified_time":"2026-04-14T15:17:44+00:00","og_image":[{"width":1089,"height":726,"url":"https:\/\/www.donadonsdd.com\/wp-content\/uploads\/2025\/12\/donadon-sdd-ir2c-rupture-indicators-e1766346908929.png","type":"image\/png"}],"twitter_card":"summary_large_image","twitter_misc":{"Tempo estimado de leitura":"4 minutos"},"schema":{"@context":"https:\/\/schema.org","@graph":[{"@type":"WebPage","@id":"https:\/\/www.donadonsdd.com\/pt-pt\/produto\/ir2c\/","url":"https:\/\/www.donadonsdd.com\/pt-pt\/produto\/ir2c\/","name":"Indicador de rutura IR2C - Dete\u00e7\u00e3o avan\u00e7ada para disco de rutura sanit\u00e1rio - DonadonSDD Srl","isPartOf":{"@id":"https:\/\/www.donadonsdd.com\/pt-pt\/#website"},"primaryImageOfPage":{"@id":"https:\/\/www.donadonsdd.com\/pt-pt\/produto\/ir2c\/#primaryimage"},"image":{"@id":"https:\/\/www.donadonsdd.com\/pt-pt\/produto\/ir2c\/#primaryimage"},"thumbnailUrl":"https:\/\/www.donadonsdd.com\/wp-content\/uploads\/2025\/12\/donadon-sdd-ir2c-rupture-indicators-e1766346908929.png","datePublished":"2025-12-11T14:44:57+00:00","dateModified":"2026-04-14T15:17:44+00:00","description":"IR2C \u2013 indicador de ruptura el\u00e9trico DonadonSDD para discos de ruptura sanit\u00e1rios montados em racor espa\u00e7ador. Certificado ATEX, IECEx e UKCA. Zonas perigosas 0 a 22.","breadcrumb":{"@id":"https:\/\/www.donadonsdd.com\/pt-pt\/produto\/ir2c\/#breadcrumb"},"inLanguage":"pt-PT","potentialAction":[{"@type":"ReadAction","target":["https:\/\/www.donadonsdd.com\/pt-pt\/produto\/ir2c\/"]}]},{"@type":"ImageObject","inLanguage":"pt-PT","@id":"https:\/\/www.donadonsdd.com\/pt-pt\/produto\/ir2c\/#primaryimage","url":"https:\/\/www.donadonsdd.com\/wp-content\/uploads\/2025\/12\/donadon-sdd-ir2c-rupture-indicators-e1766346908929.png","contentUrl":"https:\/\/www.donadonsdd.com\/wp-content\/uploads\/2025\/12\/donadon-sdd-ir2c-rupture-indicators-e1766346908929.png","width":1089,"height":726,"caption":"donadon sdd ir2c rupture indicators"},{"@type":"BreadcrumbList","@id":"https:\/\/www.donadonsdd.com\/pt-pt\/produto\/ir2c\/#breadcrumb","itemListElement":[{"@type":"ListItem","position":1,"name":"HOMEPAGE","item":"https:\/\/www.donadonsdd.com\/pt-pt\/"},{"@type":"ListItem","position":2,"name":"Indicador de rutura IR2C &#8211; Dete\u00e7\u00e3o avan\u00e7ada para disco de rutura sanit\u00e1rio"}]},{"@type":"WebSite","@id":"https:\/\/www.donadonsdd.com\/pt-pt\/#website","url":"https:\/\/www.donadonsdd.com\/pt-pt\/","name":"DonadonSDD Srl","description":"","publisher":{"@id":"https:\/\/www.donadonsdd.com\/pt-pt\/#organization"},"potentialAction":[{"@type":"SearchAction","target":{"@type":"EntryPoint","urlTemplate":"https:\/\/www.donadonsdd.com\/pt-pt\/?s={search_term_string}"},"query-input":{"@type":"PropertyValueSpecification","valueRequired":true,"valueName":"search_term_string"}}],"inLanguage":"pt-PT"},{"@type":"Organization","@id":"https:\/\/www.donadonsdd.com\/pt-pt\/#organization","name":"DonadonSDD Srl","url":"https:\/\/www.donadonsdd.com\/pt-pt\/","logo":{"@type":"ImageObject","inLanguage":"pt-PT","@id":"https:\/\/www.donadonsdd.com\/pt-pt\/#\/schema\/logo\/image\/","url":"https:\/\/www.donadonsdd.com\/wp-content\/uploads\/2025\/11\/donadonsdd-logo.png","contentUrl":"https:\/\/www.donadonsdd.com\/wp-content\/uploads\/2025\/11\/donadonsdd-logo.png","width":544,"height":96,"caption":"DonadonSDD Srl"},"image":{"@id":"https:\/\/www.donadonsdd.com\/pt-pt\/#\/schema\/logo\/image\/"}}]}},"toolset-meta":{"toolset-woocommerce-fields":{"_download_limit":{"type":"numeric","raw":""},"_virtual":{"type":"checkbox","raw":""},"_downloadable":{"type":"checkbox","raw":""},"_download_expiry":{"type":"numeric","raw":""},"_download_type":{"type":"radio","raw":""},"_regular_price":{"type":"numeric","raw":""},"_sale_price":{"type":"numeric","raw":""},"_sale_price_dates_from":{"type":"date","raw":"","formatted":null},"_sale_price_dates_to":{"type":"date","raw":"","formatted":null},"_sku":{"type":"textfield","raw":""},"_manage_stock":{"type":"checkbox","raw":""},"_stock_status":{"type":"radio","raw":""},"_stock":{"type":"numeric","raw":""},"_backorders":{"type":"radio","raw":""},"_sold_individually":{"type":"checkbox","raw":""},"_width":{"type":"numeric","raw":""},"_weight":{"type":"numeric","raw":""},"_length":{"type":"numeric","raw":""},"_purchase_note":{"type":"textarea","raw":""}},"infografica":{"operation-ratio":{"type":"textfield","raw":""},"non-fragmenting":{"type":"textfield","raw":""},"vacumm-resistant":{"type":"textfield","raw":""},"sanitary":{"type":"textfield","raw":""},"liquid":{"type":"textfield","raw":""},"vapor-gas":{"type":"textfield","raw":""},"ferrules":{"type":"textfield","raw":""}},"dettagli-prodotto":{"immagini-prodotto":{"type":"image","raw":["https:\/\/www.donadonsdd.com\/wp-content\/uploads\/2025\/12\/donadon-12_result.webp","https:\/\/www.donadonsdd.com\/wp-content\/uploads\/2025\/12\/donadon-13_result.webp","https:\/\/www.donadonsdd.com\/wp-content\/uploads\/2025\/12\/donadon-14_result.webp","https:\/\/www.donadonsdd.com\/wp-content\/uploads\/2025\/12\/donadon-15_result.webp"],"repeatable":[{"raw":"https:\/\/www.donadonsdd.com\/wp-content\/uploads\/2025\/12\/donadon-12_result.webp","attachment_id":6051},{"raw":"https:\/\/www.donadonsdd.com\/wp-content\/uploads\/2025\/12\/donadon-13_result.webp","attachment_id":6118},{"raw":"https:\/\/www.donadonsdd.com\/wp-content\/uploads\/2025\/12\/donadon-14_result.webp","attachment_id":6119},{"raw":"https:\/\/www.donadonsdd.com\/wp-content\/uploads\/2025\/12\/donadon-15_result.webp","attachment_id":6120}]},"tabella-specifiche":{"type":"wysiwyg","raw":"===TABLE===\r\nModelo | IR2C;\r\nTemperatura de funcionamento | Parte ativa: de -196 \u00b0C a 260 \u00b0C \u00a7 Cabo de interface: de -40 \u00b0C a +70 \u00b0C;\r\nEncapsulamento de membrana | Poliimida (Kapton\u00ae);\r\nPlaca de circuito impresso | Cobre;\r\nCabo | Standard, 2 m - dispon\u00edvel com duas virolas ou com conetor \u00a7 Comprimento m\u00e1ximo 15 m;\r\nPar\u00e2metros el\u00e9ctricos da fonte de alimenta\u00e7\u00e3o (m\u00e1x.) | Tens\u00e3o: 24 V CC \u00a7 Corrente: 50 mA \u00a7 Pot\u00eancia: 0,3 W \u00a7 Capacidade: 780 pF \u00a7 Indut\u00e2ncia: 7,2 \u00b5H;\r\nFluido do processo | G\u00e1s, l\u00edquido, p\u00f3;\r\nGrau IP | 67;\r\nCompatibilidade com os suportes \/ discos sanit\u00e1rios | <a href=\"https:\/\/www.donadonsdd.com\/pt-pt\/produto\/htc\/\">HTC<\/a> \u00a7 <a href=\"https:\/\/www.donadonsdd.com\/pt-pt\/produto\/dcd-sanitary\/\">DCD<\/a>, <a href=\"https:\/\/www.donadonsdd.com\/pt-pt\/produto\/scd-sanitary\/\">SCD<\/a>, <a href=\"https:\/\/www.donadonsdd.com\/pt-pt\/produto\/scr-sanitary\/\">SCR<\/a>, <a href=\"https:\/\/www.donadonsdd.com\/pt-pt\/produto\/y90-sanitary\/\">Y90<\/a>, <a href=\"https:\/\/www.donadonsdd.com\/pt-pt\/produto\/krd-sanitary\/\">KRD<\/a>;\r\nOp\u00e7\u00f5es de configura\u00e7\u00e3o do cabo de interface | Cabo terminado com ponteiras duplas \u00a7 Cabo equipado com conetor;\r\n===TEXT===\r\n<h3>Press\u00e3o m\u00ednima de funcionamento em fun\u00e7\u00e3o do di\u00e2metro<\/h3>\r\n===TABLE===\r\nDN (MM) | 32 | 40 | 50 | 65 | 80 | 100 | 125 | 150 | 200;\r\nNPS (POLEGADAS) | 1 1\/4 | 1 1\/2 | 2 | 2 1\/2 | 3 | 4 | 4 1\/2 | 6 | 8-14;\r\nPress\u00e3o m\u00ednima (BAR G) | 0,3 | 0,25 | 0,18 | 0,15 | 0,11 | 0,09 | 0,08 | 0,06 | 0,05;"}}},"_links":{"self":[{"href":"https:\/\/www.donadonsdd.com\/pt-pt\/wp-json\/wp\/v2\/product\/6138","targetHints":{"allow":["GET"]}}],"collection":[{"href":"https:\/\/www.donadonsdd.com\/pt-pt\/wp-json\/wp\/v2\/product"}],"about":[{"href":"https:\/\/www.donadonsdd.com\/pt-pt\/wp-json\/wp\/v2\/types\/product"}],"wp:featuredmedia":[{"embeddable":true,"href":"https:\/\/www.donadonsdd.com\/pt-pt\/wp-json\/wp\/v2\/media\/6139"}],"wp:attachment":[{"href":"https:\/\/www.donadonsdd.com\/pt-pt\/wp-json\/wp\/v2\/media?parent=6138"}],"wp:term":[{"taxonomy":"categoria_prodotto","embeddable":true,"href":"https:\/\/www.donadonsdd.com\/pt-pt\/wp-json\/wp\/v2\/categoria_prodotto?post=6138"}],"curies":[{"name":"wp","href":"https:\/\/api.w.org\/{rel}","templated":true}]}}