{"id":6146,"date":"2025-12-11T16:45:06","date_gmt":"2025-12-11T15:45:06","guid":{"rendered":"https:\/\/www.donadonsdd.com\/product\/indicador-de-rutura-ir2p-detecao-avancada-para-integridade-do-painel-de-ventilacao\/"},"modified":"2026-02-28T00:01:56","modified_gmt":"2026-02-27T23:01:56","slug":"ir2p","status":"publish","type":"product","link":"https:\/\/www.donadonsdd.com\/pt-pt\/produto\/ir2p\/","title":{"rendered":"Indicador de rutura IR2P &#8211; Dete\u00e7\u00e3o avan\u00e7ada para integridade do painel de ventila\u00e7\u00e3o"},"content":{"rendered":"<p>O Indicador de Rutura DonadonSDD IR2P foi concebido como uma ferramenta simples e eficaz para detetar fracturas nos discos de rutura. \u00c9 instalado diretamente no painel de ventila\u00e7\u00e3o durante a constru\u00e7\u00e3o do painel, assegurando uma integra\u00e7\u00e3o perfeita para uma capacidade de dete\u00e7\u00e3o \u00f3ptima. <\/p>\n<h2>Principais carater\u00edsticas e vantagens t\u00e9cnicas<\/h2>\n<h3>Instala\u00e7\u00e3o direta:<\/h3>\n<p>O detetor IR2P foi concebido para montagem direta no painel de ventila\u00e7\u00e3o, facilitando um processo de instala\u00e7\u00e3o simples.<\/p>\n<h3>Mecanismo de dete\u00e7\u00e3o avan\u00e7ado:<\/h3>\n<p>Apresenta uma pista de cobre flex\u00edvel, encapsulada entre duas camadas isolantes de Kapton, e \u00e9 emparelhada com um cabo de interface. Este cabo pode ser configurado com virolas duplas padr\u00e3o ou equipado com um conetor, oferecendo flexibilidade nas op\u00e7\u00f5es de conex\u00e3o.<br \/>\nIntrinsic <\/p>\n<h3>Conformidade com a seguran\u00e7a:<\/h3>\n<p>O cabo indicador de alarme liga-se ao sistema de seguran\u00e7a da instala\u00e7\u00e3o atrav\u00e9s de uma barreira de seguran\u00e7a intr\u00ednseca, assegurando o cumprimento dos requisitos el\u00e9ctricos do sensor (tens\u00e3o m\u00e1xima de 24V DC e corrente m\u00e1xima de 50mA) e a classifica\u00e7\u00e3o adequada da zona.<\/p>\n<h3>Efici\u00eancia operacional:<\/h3>\n<p>Quando ocorre uma rutura no painel, o circuito de cobre do indicador IR2P \u00e9 interrompido, o que, por sua vez, interrompe o fluxo de corrente. Esta interrup\u00e7\u00e3o \u00e9 um sinal para que o equipamento ligado indique a abertura efectiva do disco de rutura, melhorando os protocolos de seguran\u00e7a dentro da instala\u00e7\u00e3o. <\/p>\n<p>O sensor IR2P est\u00e1 em total conformidade com a Diretiva Europeia 2014\/34\/UE (ATEX), o Instrumento Estatut\u00e1rio 2016 N\u00ba 1107 do Reino Unido (UKCA), CU TR 012 (EAC), e est\u00e1 certificado ao abrigo do esquema IECEx. Esta ades\u00e3o sublinha a sua fiabilidade e seguran\u00e7a para utiliza\u00e7\u00e3o em ambientes perigosos. <\/p>\n<p>A zona de instala\u00e7\u00e3o do sensor \u00e9 determinada pelo tipo de barreira utilizado:<\/p>\n<ul>\n<li>Para uma barreira Ex ia, a instala\u00e7\u00e3o \u00e9 permitida nas zonas 0, 20, 1, 21, 2, 22.<\/li>\n<li>Para uma barreira Ex ib, a instala\u00e7\u00e3o \u00e9 permitida nas zonas 1, 21, 2, 22.<\/li>\n<\/ul>\n<p>Os procedimentos de instala\u00e7\u00e3o devem estar em conformidade com a norma EN 60079-14 e com as normas el\u00e9ctricas nacionais mais recentes para garantir a seguran\u00e7a e a conformidade.<\/p>\n","protected":false},"excerpt":{"rendered":"<p>O Indicador de Rutura DonadonSDD IR2P foi concebido como uma ferramenta simples e eficaz para detetar fracturas nos discos de rutura. \u00c9 instalado diretamente no painel de ventila\u00e7\u00e3o durante a constru\u00e7\u00e3o do painel, assegurando uma integra\u00e7\u00e3o perfeita para uma capacidade de dete\u00e7\u00e3o \u00f3ptima. Principais carater\u00edsticas e vantagens t\u00e9cnicas Instala\u00e7\u00e3o direta: O detetor IR2P foi concebido [&hellip;]<\/p>\n","protected":false},"featured_media":10273,"menu_order":0,"template":"","meta":{"_acf_changed":false},"categoria_prodotto":[94,81],"class_list":["post-6146","product","type-product","status-publish","has-post-thumbnail","hentry","categoria_prodotto-electric","categoria_prodotto-rupture-indicators"],"acf":[],"yoast_head":"<!-- This site is optimized with the Yoast SEO plugin v27.3 - https:\/\/yoast.com\/product\/yoast-seo-wordpress\/ -->\n<title>Indicador de disco de rutura el\u00e9ctrica para pain\u00e9is de ventila\u00e7\u00e3o - IR2P<\/title>\n<meta name=\"description\" content=\"Indicador el\u00e9trico de disco de rutura para dete\u00e7\u00e3o de rutura do painel de ventila\u00e7\u00e3o. Integrado diretamente no painel para sinalizar os eventos de abertura, intrinsecamente seguro, com classifica\u00e7\u00e3o IP67, certificado ATEX, IECEx e EAC.\" \/>\n<meta name=\"robots\" content=\"index, follow, max-snippet:-1, max-image-preview:large, max-video-preview:-1\" \/>\n<link rel=\"canonical\" href=\"https:\/\/www.donadonsdd.com\/pt-pt\/produto\/ir2p\/\" \/>\n<meta property=\"og:locale\" content=\"pt_PT\" \/>\n<meta property=\"og:type\" content=\"article\" \/>\n<meta property=\"og:title\" content=\"Indicador de disco de rutura el\u00e9ctrica para pain\u00e9is de ventila\u00e7\u00e3o - IR2P\" \/>\n<meta property=\"og:description\" content=\"Indicador el\u00e9trico de disco de rutura para dete\u00e7\u00e3o de rutura do painel de ventila\u00e7\u00e3o. Integrado diretamente no painel para sinalizar os eventos de abertura, intrinsecamente seguro, com classifica\u00e7\u00e3o IP67, certificado ATEX, IECEx e EAC.\" \/>\n<meta property=\"og:url\" content=\"https:\/\/www.donadonsdd.com\/pt-pt\/produto\/ir2p\/\" \/>\n<meta property=\"og:site_name\" content=\"DonadonSDD Srl\" \/>\n<meta property=\"article:modified_time\" content=\"2026-02-27T23:01:56+00:00\" \/>\n<meta property=\"og:image\" content=\"https:\/\/www.donadonsdd.com\/wp-content\/uploads\/2025\/12\/img_136-remove-background.com_.png\" \/>\n\t<meta property=\"og:image:width\" content=\"700\" \/>\n\t<meta property=\"og:image:height\" content=\"466\" \/>\n\t<meta property=\"og:image:type\" content=\"image\/png\" \/>\n<meta name=\"twitter:card\" content=\"summary_large_image\" \/>\n<meta name=\"twitter:label1\" content=\"Tempo estimado de leitura\" \/>\n\t<meta name=\"twitter:data1\" content=\"2 minutos\" \/>\n<script type=\"application\/ld+json\" class=\"yoast-schema-graph\">{\"@context\":\"https:\\\/\\\/schema.org\",\"@graph\":[{\"@type\":\"WebPage\",\"@id\":\"https:\\\/\\\/www.donadonsdd.com\\\/pt-pt\\\/produto\\\/ir2p\\\/\",\"url\":\"https:\\\/\\\/www.donadonsdd.com\\\/pt-pt\\\/produto\\\/ir2p\\\/\",\"name\":\"Indicador de disco de rutura el\u00e9ctrica para pain\u00e9is de ventila\u00e7\u00e3o - IR2P\",\"isPartOf\":{\"@id\":\"https:\\\/\\\/www.donadonsdd.com\\\/pt-pt\\\/#website\"},\"primaryImageOfPage\":{\"@id\":\"https:\\\/\\\/www.donadonsdd.com\\\/pt-pt\\\/produto\\\/ir2p\\\/#primaryimage\"},\"image\":{\"@id\":\"https:\\\/\\\/www.donadonsdd.com\\\/pt-pt\\\/produto\\\/ir2p\\\/#primaryimage\"},\"thumbnailUrl\":\"https:\\\/\\\/www.donadonsdd.com\\\/wp-content\\\/uploads\\\/2025\\\/12\\\/img_136-remove-background.com_.png\",\"datePublished\":\"2025-12-11T15:45:06+00:00\",\"dateModified\":\"2026-02-27T23:01:56+00:00\",\"description\":\"Indicador el\u00e9trico de disco de rutura para dete\u00e7\u00e3o de rutura do painel de ventila\u00e7\u00e3o. Integrado diretamente no painel para sinalizar os eventos de abertura, intrinsecamente seguro, com classifica\u00e7\u00e3o IP67, certificado ATEX, IECEx e EAC.\",\"breadcrumb\":{\"@id\":\"https:\\\/\\\/www.donadonsdd.com\\\/pt-pt\\\/produto\\\/ir2p\\\/#breadcrumb\"},\"inLanguage\":\"pt-PT\",\"potentialAction\":[{\"@type\":\"ReadAction\",\"target\":[\"https:\\\/\\\/www.donadonsdd.com\\\/pt-pt\\\/produto\\\/ir2p\\\/\"]}]},{\"@type\":\"ImageObject\",\"inLanguage\":\"pt-PT\",\"@id\":\"https:\\\/\\\/www.donadonsdd.com\\\/pt-pt\\\/produto\\\/ir2p\\\/#primaryimage\",\"url\":\"https:\\\/\\\/www.donadonsdd.com\\\/wp-content\\\/uploads\\\/2025\\\/12\\\/img_136-remove-background.com_.png\",\"contentUrl\":\"https:\\\/\\\/www.donadonsdd.com\\\/wp-content\\\/uploads\\\/2025\\\/12\\\/img_136-remove-background.com_.png\",\"width\":700,\"height\":466},{\"@type\":\"BreadcrumbList\",\"@id\":\"https:\\\/\\\/www.donadonsdd.com\\\/pt-pt\\\/produto\\\/ir2p\\\/#breadcrumb\",\"itemListElement\":[{\"@type\":\"ListItem\",\"position\":1,\"name\":\"HOMEPAGE\",\"item\":\"https:\\\/\\\/www.donadonsdd.com\\\/pt-pt\\\/\"},{\"@type\":\"ListItem\",\"position\":2,\"name\":\"Indicador de rutura IR2P &#8211; Dete\u00e7\u00e3o avan\u00e7ada para integridade do painel de ventila\u00e7\u00e3o\"}]},{\"@type\":\"WebSite\",\"@id\":\"https:\\\/\\\/www.donadonsdd.com\\\/pt-pt\\\/#website\",\"url\":\"https:\\\/\\\/www.donadonsdd.com\\\/pt-pt\\\/\",\"name\":\"DonadonSDD Srl\",\"description\":\"\",\"publisher\":{\"@id\":\"https:\\\/\\\/www.donadonsdd.com\\\/pt-pt\\\/#organization\"},\"potentialAction\":[{\"@type\":\"SearchAction\",\"target\":{\"@type\":\"EntryPoint\",\"urlTemplate\":\"https:\\\/\\\/www.donadonsdd.com\\\/pt-pt\\\/?s={search_term_string}\"},\"query-input\":{\"@type\":\"PropertyValueSpecification\",\"valueRequired\":true,\"valueName\":\"search_term_string\"}}],\"inLanguage\":\"pt-PT\"},{\"@type\":\"Organization\",\"@id\":\"https:\\\/\\\/www.donadonsdd.com\\\/pt-pt\\\/#organization\",\"name\":\"DonadonSDD Srl\",\"url\":\"https:\\\/\\\/www.donadonsdd.com\\\/pt-pt\\\/\",\"logo\":{\"@type\":\"ImageObject\",\"inLanguage\":\"pt-PT\",\"@id\":\"https:\\\/\\\/www.donadonsdd.com\\\/pt-pt\\\/#\\\/schema\\\/logo\\\/image\\\/\",\"url\":\"https:\\\/\\\/www.donadonsdd.com\\\/wp-content\\\/uploads\\\/2025\\\/11\\\/donadonsdd-logo.png\",\"contentUrl\":\"https:\\\/\\\/www.donadonsdd.com\\\/wp-content\\\/uploads\\\/2025\\\/11\\\/donadonsdd-logo.png\",\"width\":544,\"height\":96,\"caption\":\"DonadonSDD Srl\"},\"image\":{\"@id\":\"https:\\\/\\\/www.donadonsdd.com\\\/pt-pt\\\/#\\\/schema\\\/logo\\\/image\\\/\"}}]}<\/script>\n<!-- \/ Yoast SEO plugin. -->","yoast_head_json":{"title":"Indicador de disco de rutura el\u00e9ctrica para pain\u00e9is de ventila\u00e7\u00e3o - IR2P","description":"Indicador el\u00e9trico de disco de rutura para dete\u00e7\u00e3o de rutura do painel de ventila\u00e7\u00e3o. Integrado diretamente no painel para sinalizar os eventos de abertura, intrinsecamente seguro, com classifica\u00e7\u00e3o IP67, certificado ATEX, IECEx e EAC.","robots":{"index":"index","follow":"follow","max-snippet":"max-snippet:-1","max-image-preview":"max-image-preview:large","max-video-preview":"max-video-preview:-1"},"canonical":"https:\/\/www.donadonsdd.com\/pt-pt\/produto\/ir2p\/","og_locale":"pt_PT","og_type":"article","og_title":"Indicador de disco de rutura el\u00e9ctrica para pain\u00e9is de ventila\u00e7\u00e3o - IR2P","og_description":"Indicador el\u00e9trico de disco de rutura para dete\u00e7\u00e3o de rutura do painel de ventila\u00e7\u00e3o. Integrado diretamente no painel para sinalizar os eventos de abertura, intrinsecamente seguro, com classifica\u00e7\u00e3o IP67, certificado ATEX, IECEx e EAC.","og_url":"https:\/\/www.donadonsdd.com\/pt-pt\/produto\/ir2p\/","og_site_name":"DonadonSDD Srl","article_modified_time":"2026-02-27T23:01:56+00:00","og_image":[{"width":700,"height":466,"url":"https:\/\/www.donadonsdd.com\/wp-content\/uploads\/2025\/12\/img_136-remove-background.com_.png","type":"image\/png"}],"twitter_card":"summary_large_image","twitter_misc":{"Tempo estimado de leitura":"2 minutos"},"schema":{"@context":"https:\/\/schema.org","@graph":[{"@type":"WebPage","@id":"https:\/\/www.donadonsdd.com\/pt-pt\/produto\/ir2p\/","url":"https:\/\/www.donadonsdd.com\/pt-pt\/produto\/ir2p\/","name":"Indicador de disco de rutura el\u00e9ctrica para pain\u00e9is de ventila\u00e7\u00e3o - IR2P","isPartOf":{"@id":"https:\/\/www.donadonsdd.com\/pt-pt\/#website"},"primaryImageOfPage":{"@id":"https:\/\/www.donadonsdd.com\/pt-pt\/produto\/ir2p\/#primaryimage"},"image":{"@id":"https:\/\/www.donadonsdd.com\/pt-pt\/produto\/ir2p\/#primaryimage"},"thumbnailUrl":"https:\/\/www.donadonsdd.com\/wp-content\/uploads\/2025\/12\/img_136-remove-background.com_.png","datePublished":"2025-12-11T15:45:06+00:00","dateModified":"2026-02-27T23:01:56+00:00","description":"Indicador el\u00e9trico de disco de rutura para dete\u00e7\u00e3o de rutura do painel de ventila\u00e7\u00e3o. Integrado diretamente no painel para sinalizar os eventos de abertura, intrinsecamente seguro, com classifica\u00e7\u00e3o IP67, certificado ATEX, IECEx e EAC.","breadcrumb":{"@id":"https:\/\/www.donadonsdd.com\/pt-pt\/produto\/ir2p\/#breadcrumb"},"inLanguage":"pt-PT","potentialAction":[{"@type":"ReadAction","target":["https:\/\/www.donadonsdd.com\/pt-pt\/produto\/ir2p\/"]}]},{"@type":"ImageObject","inLanguage":"pt-PT","@id":"https:\/\/www.donadonsdd.com\/pt-pt\/produto\/ir2p\/#primaryimage","url":"https:\/\/www.donadonsdd.com\/wp-content\/uploads\/2025\/12\/img_136-remove-background.com_.png","contentUrl":"https:\/\/www.donadonsdd.com\/wp-content\/uploads\/2025\/12\/img_136-remove-background.com_.png","width":700,"height":466},{"@type":"BreadcrumbList","@id":"https:\/\/www.donadonsdd.com\/pt-pt\/produto\/ir2p\/#breadcrumb","itemListElement":[{"@type":"ListItem","position":1,"name":"HOMEPAGE","item":"https:\/\/www.donadonsdd.com\/pt-pt\/"},{"@type":"ListItem","position":2,"name":"Indicador de rutura IR2P &#8211; Dete\u00e7\u00e3o avan\u00e7ada para integridade do painel de ventila\u00e7\u00e3o"}]},{"@type":"WebSite","@id":"https:\/\/www.donadonsdd.com\/pt-pt\/#website","url":"https:\/\/www.donadonsdd.com\/pt-pt\/","name":"DonadonSDD Srl","description":"","publisher":{"@id":"https:\/\/www.donadonsdd.com\/pt-pt\/#organization"},"potentialAction":[{"@type":"SearchAction","target":{"@type":"EntryPoint","urlTemplate":"https:\/\/www.donadonsdd.com\/pt-pt\/?s={search_term_string}"},"query-input":{"@type":"PropertyValueSpecification","valueRequired":true,"valueName":"search_term_string"}}],"inLanguage":"pt-PT"},{"@type":"Organization","@id":"https:\/\/www.donadonsdd.com\/pt-pt\/#organization","name":"DonadonSDD Srl","url":"https:\/\/www.donadonsdd.com\/pt-pt\/","logo":{"@type":"ImageObject","inLanguage":"pt-PT","@id":"https:\/\/www.donadonsdd.com\/pt-pt\/#\/schema\/logo\/image\/","url":"https:\/\/www.donadonsdd.com\/wp-content\/uploads\/2025\/11\/donadonsdd-logo.png","contentUrl":"https:\/\/www.donadonsdd.com\/wp-content\/uploads\/2025\/11\/donadonsdd-logo.png","width":544,"height":96,"caption":"DonadonSDD Srl"},"image":{"@id":"https:\/\/www.donadonsdd.com\/pt-pt\/#\/schema\/logo\/image\/"}}]}},"toolset-meta":{"toolset-woocommerce-fields":{"_download_limit":{"type":"numeric","raw":""},"_virtual":{"type":"checkbox","raw":""},"_downloadable":{"type":"checkbox","raw":""},"_download_expiry":{"type":"numeric","raw":""},"_download_type":{"type":"radio","raw":""},"_regular_price":{"type":"numeric","raw":""},"_sale_price":{"type":"numeric","raw":""},"_sale_price_dates_from":{"type":"date","raw":"","formatted":null},"_sale_price_dates_to":{"type":"date","raw":"","formatted":null},"_sku":{"type":"textfield","raw":""},"_manage_stock":{"type":"checkbox","raw":""},"_stock_status":{"type":"radio","raw":""},"_stock":{"type":"numeric","raw":""},"_backorders":{"type":"radio","raw":""},"_sold_individually":{"type":"checkbox","raw":""},"_width":{"type":"numeric","raw":""},"_weight":{"type":"numeric","raw":""},"_length":{"type":"numeric","raw":""},"_purchase_note":{"type":"textarea","raw":""}},"infografica":{"operation-ratio":{"type":"textfield","raw":""},"non-fragmenting":{"type":"textfield","raw":""},"vacumm-resistant":{"type":"textfield","raw":""},"sanitary":{"type":"textfield","raw":""},"liquid":{"type":"textfield","raw":""},"vapor-gas":{"type":"textfield","raw":""},"ferrules":{"type":"textfield","raw":""}},"dettagli-prodotto":{"immagini-prodotto":{"type":"image","raw":["https:\/\/www.donadonsdd.com\/wp-content\/uploads\/2025\/12\/img_136-remove-background.com_.png"],"repeatable":[{"raw":"https:\/\/www.donadonsdd.com\/wp-content\/uploads\/2025\/12\/img_136-remove-background.com_.png","attachment_id":10273}]},"tabella-specifiche":{"type":"wysiwyg","raw":"===TABLE===\nMODELO | IR2P;\nTEMPERATURA DE FUNCIONAMENTO | Parte ativa: de -196 \u00b0C a 280 \u00b0C \u00a7 Cabo de interface: de -40 \u00b0C a +70 \u00b0C;\nENCAPSULAMENTO DE MEMBRANA | Poliimida (Kapton\u00ae);\nPLACA DE CIRCUITO IMPRESSO | Cobre;\nCABO | Padr\u00e3o, 2 m - dispon\u00edvel com duas virolas ou com conetor \u00a7 Comprimento m\u00e1ximo 15 m;\nPAR\u00c2METROS EL\u00c9TRICOS DA FONTE DE ALIMENTA\u00c7\u00c3O (MAX) | Tens\u00e3o: 24 V CC \u00a7 Corrente: 50 mA \u00a7 Pot\u00eancia: 0.3 W \u00a7 Capacidade: 780 pF \u00a7 Indut\u00e2ncia: 7,2 \u00b5H;\nFLUIDO DO PROCESSO | G\u00e1s, l\u00edquido, p\u00f3;\nGRAU DE IP | 67;\nCOMPATIBILIDADE COM PAIN\u00c9IS DE VENTILA\u00c7\u00c3O | <a href=\"https:\/\/www.donadonsdd.com\/pt-pt\/produto\/psc\/\">PSC<\/a>, <a href=\"https:\/\/www.donadonsdd.com\/pt-pt\/produto\/psr\/\">PSR<\/a>;\nOp\u00e7\u00f5es de configura\u00e7\u00e3o do cabo de interface | Cabo terminado com duas virolas \u00a7 Cabo equipado com conetor;"}}},"_links":{"self":[{"href":"https:\/\/www.donadonsdd.com\/pt-pt\/wp-json\/wp\/v2\/product\/6146","targetHints":{"allow":["GET"]}}],"collection":[{"href":"https:\/\/www.donadonsdd.com\/pt-pt\/wp-json\/wp\/v2\/product"}],"about":[{"href":"https:\/\/www.donadonsdd.com\/pt-pt\/wp-json\/wp\/v2\/types\/product"}],"wp:featuredmedia":[{"embeddable":true,"href":"https:\/\/www.donadonsdd.com\/pt-pt\/wp-json\/wp\/v2\/media\/10273"}],"wp:attachment":[{"href":"https:\/\/www.donadonsdd.com\/pt-pt\/wp-json\/wp\/v2\/media?parent=6146"}],"wp:term":[{"taxonomy":"categoria_prodotto","embeddable":true,"href":"https:\/\/www.donadonsdd.com\/pt-pt\/wp-json\/wp\/v2\/categoria_prodotto?post=6146"}],"curies":[{"name":"wp","href":"https:\/\/api.w.org\/{rel}","templated":true}]}}