{"id":6194,"date":"2025-12-10T15:01:20","date_gmt":"2025-12-10T14:01:20","guid":{"rendered":"https:\/\/www.donadonsdd.com\/product\/discos-de-rutura-scr-para-seguranca-do-sistema-do-condensador-de-vapor\/"},"modified":"2026-03-01T01:26:53","modified_gmt":"2026-03-01T00:26:53","slug":"scr-steam-condenser-system-safety","status":"publish","type":"product","link":"https:\/\/www.donadonsdd.com\/pt-pt\/produto\/scr-steam-condenser-system-safety\/","title":{"rendered":"Discos de rutura SCR para seguran\u00e7a do sistema do condensador de vapor"},"content":{"rendered":"<p>Os discos de rutura de a\u00e7\u00e3o inversa DonadonSDD SCR s\u00e3o dispositivos de seguran\u00e7a essenciais que impedem que varia\u00e7\u00f5es bruscas de press\u00e3o danifiquem as instala\u00e7\u00f5es industriais. Os discos de rutura de a\u00e7\u00e3o inversa t\u00eam uma curvatura convexa que se mant\u00e9m inalterada sob press\u00e3o de funcionamento at\u00e9 ser atingida a press\u00e3o inversa, o que pode garantir uma longa vida \u00fatil. Os discos de rutura DonadonSDD SCR utilizam uma tecnologia de sector avan\u00e7ada e proporcionam um melhor desempenho e fiabilidade para oferecer uma prote\u00e7\u00e3o precisa nas aplica\u00e7\u00f5es de maior risco, tornando os discos de rutura DonadonSDD SCR a melhor escolha para a seguran\u00e7a da sua f\u00e1brica. Os nossos Discos de rutura SCR s\u00e3o especificamente concebidos para proteger os sistemas de condensadores de vapor contra a sobrepress\u00e3o. Os discos apresentam uma conce\u00e7\u00e3o totalmente met\u00e1lica com sec\u00e7\u00f5es de laser microdestacadas que garantem uma elevada fiabilidade, uma toler\u00e2ncia rigorosa e uma maior efici\u00eancia do sistema de v\u00e1cuo. A utiliza\u00e7\u00e3o de uma membrana de veda\u00e7\u00e3o PTFE, que \u00e9 notoriamente perme\u00e1vel, j\u00e1 n\u00e3o \u00e9 necess\u00e1ria.  <\/p>\n<h2>Principais carater\u00edsticas e vantagens t\u00e9cnicas<\/h2>\n<h3><span lang=\"en-US\">Elevados padr\u00f5es de certifica\u00e7\u00e3o:<\/span><\/h3>\n<p><span lang=\"en-US\">Os nossos discos de rutura SCR s\u00e3o certificados de acordo com as mais elevadas normas de seguran\u00e7a, incluindo PED 2014\/68\/UE (CE STAMP), ATEX EX II 2 GD (CE STAMP), PER 2016 UK Statutory Instruments 2016 No 1105 (UKCA STAMP) e CU TR 032 (EAC STAMP).<\/span><\/p>\n<h3><span lang=\"en-US\">Tecnologia avan\u00e7ada:<\/span><\/h3>\n<p><span lang=\"en-US\">Os discos de rutura SCR obtidos com a nossa tecnologia patenteada Laser NS NanoScored s\u00e3o discos de a\u00e7\u00e3o inversa com sec\u00e7\u00f5es calibradas micro-scored que se abrem em p\u00e9talas, reduzindo o risco de descolamento das p\u00e9talas.<\/span><\/p>\n<h3><span lang=\"en-US\">Design vers\u00e1til:<\/span><\/h3>\n<p><span lang=\"en-US\">Concebida para uma instala\u00e7\u00e3o f\u00e1cil no acoplamento flangeado do cliente (ou com an\u00e9is espa\u00e7adores adicionais para se adaptar ao espa\u00e7o existente entre flanges e proporcionar uma instala\u00e7\u00e3o f\u00e1cil) e tem uma longa vida \u00fatil sob press\u00f5es c\u00edclicas e pulsantes.<\/span><\/p>\n<h3><span lang=\"en-US\">Desempenho fi\u00e1vel:<\/span><\/h3>\n<p><span lang=\"en-US\">Resiste a milhares de ciclos sem comprometer a sua fiabilidade, com rela\u00e7\u00f5es at\u00e9 95% entre a press\u00e3o de funcionamento e a press\u00e3o de rutura. A toler\u00e2ncia rigorosa no ponto de rutura garante uma prote\u00e7\u00e3o fi\u00e1vel.<\/span><\/p>\n<h3><span lang=\"en-US\">Rutura r\u00e1pida:<\/span><\/h3>\n<p><span lang=\"en-US\">O disco rompe-se em poucos milissegundos e com abertura total ao longo das linhas de p\u00e9talas de pontua\u00e7\u00e3o no lado a jusante do disco.<\/span><\/p>\n<h3><span lang=\"en-US\">N\u00e3o fragmenta:<\/span><\/h3>\n<p><span lang=\"en-US\">Os discos de rutura DonadonSDD SCR rompem ao longo da linha marcada sem gerar quaisquer fragmentos.<\/span><\/p>\n<h3><span lang=\"en-US\">Resist\u00eancia \u00e0 temperatura:<\/span><\/h3>\n<p><span lang=\"en-US\">ideal para aplica\u00e7\u00f5es com varia\u00e7\u00f5es significativas de temperatura devido \u00e0 reduzida sensibilidade \u00e0s flutua\u00e7\u00f5es de temperatura.<\/span><\/p>\n<h3><span lang=\"en-US\">Resist\u00eancia ao v\u00e1cuo:<\/span><\/h3>\n<p><span lang=\"en-US\">Totalmente resistente ao v\u00e1cuo, proporcionando uma \u00e1rea de ventila\u00e7\u00e3o completa sem necessidade de suporte de v\u00e1cuo.<\/span><\/p>\n<h2>Por que escolher os discos de rutura DonadonSDD SCR?<\/h2>\n<ul>\n<li>Os discos de rutura DonadonSDD SCR s\u00e3o certificados segundo os mais elevados padr\u00f5es de seguran\u00e7a, proporcionando uma prote\u00e7\u00e3o fi\u00e1vel para os sistemas de condensadores de vapor.<\/li>\n<li>A nossa tecnologia patenteada NS NanoScored permite-nos fazer uma micro-pontua\u00e7\u00e3o em qualquer material industrial para obter o melhor disco de rutura poss\u00edvel.<\/li>\n<li>A nossa conce\u00e7\u00e3o totalmente met\u00e1lica com sec\u00e7\u00f5es de laser micro-raspadas assegura uma elevada fiabilidade e uma toler\u00e2ncia rigorosa, melhorando simultaneamente a efici\u00eancia do sistema de v\u00e1cuo.<\/li>\n<li>Os nossos discos de rutura SCR s\u00e3o resistentes ao v\u00e1cuo absoluto e podem ser instalados sem a necessidade de suportes, tornando-os vers\u00e1teis e convenientes para uma variedade de aplica\u00e7\u00f5es.<\/li>\n<\/ul>\n","protected":false},"excerpt":{"rendered":"<p>Os discos de rutura de a\u00e7\u00e3o inversa DonadonSDD SCR s\u00e3o dispositivos de seguran\u00e7a essenciais que impedem que varia\u00e7\u00f5es bruscas de press\u00e3o danifiquem as instala\u00e7\u00f5es industriais. Os discos de rutura de a\u00e7\u00e3o inversa t\u00eam uma curvatura convexa que se mant\u00e9m inalterada sob press\u00e3o de funcionamento at\u00e9 ser atingida a press\u00e3o inversa, o que pode garantir uma [&hellip;]<\/p>\n","protected":false},"featured_media":10328,"menu_order":0,"template":"","meta":{"_acf_changed":false},"categoria_prodotto":[79,91],"class_list":["post-6194","product","type-product","status-publish","has-post-thumbnail","hentry","categoria_prodotto-rupture-discs","categoria_prodotto-special-executions"],"acf":[],"yoast_head":"<!-- This site is optimized with the Yoast SEO plugin v27.3 - https:\/\/yoast.com\/product\/yoast-seo-wordpress\/ -->\n<title>Disco de rutura de a\u00e7\u00e3o inversa do condensador de vapor - SCR<\/title>\n<meta name=\"description\" content=\"Disco de rutura de a\u00e7\u00e3o inversa para prote\u00e7\u00e3o do condensador de vapor. Design totalmente met\u00e1lico para funcionamento a alta temperatura, instala\u00e7\u00e3o entre flanges, resistente ao v\u00e1cuo, r\u00e1cio de funcionamento at\u00e9 95%.\" \/>\n<meta name=\"robots\" content=\"index, follow, max-snippet:-1, max-image-preview:large, max-video-preview:-1\" \/>\n<link rel=\"canonical\" href=\"https:\/\/www.donadonsdd.com\/pt-pt\/produto\/scr-steam-condenser-system-safety\/\" \/>\n<meta property=\"og:locale\" content=\"pt_PT\" \/>\n<meta property=\"og:type\" content=\"article\" \/>\n<meta property=\"og:title\" content=\"Disco de rutura de a\u00e7\u00e3o inversa do condensador de vapor - SCR\" \/>\n<meta property=\"og:description\" content=\"Disco de rutura de a\u00e7\u00e3o inversa para prote\u00e7\u00e3o do condensador de vapor. Design totalmente met\u00e1lico para funcionamento a alta temperatura, instala\u00e7\u00e3o entre flanges, resistente ao v\u00e1cuo, r\u00e1cio de funcionamento at\u00e9 95%.\" \/>\n<meta property=\"og:url\" content=\"https:\/\/www.donadonsdd.com\/pt-pt\/produto\/scr-steam-condenser-system-safety\/\" \/>\n<meta property=\"og:site_name\" content=\"DonadonSDD Srl\" \/>\n<meta property=\"article:modified_time\" content=\"2026-03-01T00:26:53+00:00\" \/>\n<meta property=\"og:image\" content=\"https:\/\/www.donadonsdd.com\/wp-content\/uploads\/2025\/12\/scr-steam.png\" \/>\n\t<meta property=\"og:image:width\" content=\"1582\" \/>\n\t<meta property=\"og:image:height\" content=\"1118\" \/>\n\t<meta property=\"og:image:type\" content=\"image\/png\" \/>\n<meta name=\"twitter:card\" content=\"summary_large_image\" \/>\n<meta name=\"twitter:label1\" content=\"Tempo estimado de leitura\" \/>\n\t<meta name=\"twitter:data1\" content=\"3 minutos\" \/>\n<script type=\"application\/ld+json\" class=\"yoast-schema-graph\">{\"@context\":\"https:\\\/\\\/schema.org\",\"@graph\":[{\"@type\":\"WebPage\",\"@id\":\"https:\\\/\\\/www.donadonsdd.com\\\/pt-pt\\\/produto\\\/scr-steam-condenser-system-safety\\\/\",\"url\":\"https:\\\/\\\/www.donadonsdd.com\\\/pt-pt\\\/produto\\\/scr-steam-condenser-system-safety\\\/\",\"name\":\"Disco de rutura de a\u00e7\u00e3o inversa do condensador de vapor - SCR\",\"isPartOf\":{\"@id\":\"https:\\\/\\\/www.donadonsdd.com\\\/pt-pt\\\/#website\"},\"primaryImageOfPage\":{\"@id\":\"https:\\\/\\\/www.donadonsdd.com\\\/pt-pt\\\/produto\\\/scr-steam-condenser-system-safety\\\/#primaryimage\"},\"image\":{\"@id\":\"https:\\\/\\\/www.donadonsdd.com\\\/pt-pt\\\/produto\\\/scr-steam-condenser-system-safety\\\/#primaryimage\"},\"thumbnailUrl\":\"https:\\\/\\\/www.donadonsdd.com\\\/wp-content\\\/uploads\\\/2025\\\/12\\\/scr-steam.png\",\"datePublished\":\"2025-12-10T14:01:20+00:00\",\"dateModified\":\"2026-03-01T00:26:53+00:00\",\"description\":\"Disco de rutura de a\u00e7\u00e3o inversa para prote\u00e7\u00e3o do condensador de vapor. Design totalmente met\u00e1lico para funcionamento a alta temperatura, instala\u00e7\u00e3o entre flanges, resistente ao v\u00e1cuo, r\u00e1cio de funcionamento at\u00e9 95%.\",\"breadcrumb\":{\"@id\":\"https:\\\/\\\/www.donadonsdd.com\\\/pt-pt\\\/produto\\\/scr-steam-condenser-system-safety\\\/#breadcrumb\"},\"inLanguage\":\"pt-PT\",\"potentialAction\":[{\"@type\":\"ReadAction\",\"target\":[\"https:\\\/\\\/www.donadonsdd.com\\\/pt-pt\\\/produto\\\/scr-steam-condenser-system-safety\\\/\"]}]},{\"@type\":\"ImageObject\",\"inLanguage\":\"pt-PT\",\"@id\":\"https:\\\/\\\/www.donadonsdd.com\\\/pt-pt\\\/produto\\\/scr-steam-condenser-system-safety\\\/#primaryimage\",\"url\":\"https:\\\/\\\/www.donadonsdd.com\\\/wp-content\\\/uploads\\\/2025\\\/12\\\/scr-steam.png\",\"contentUrl\":\"https:\\\/\\\/www.donadonsdd.com\\\/wp-content\\\/uploads\\\/2025\\\/12\\\/scr-steam.png\",\"width\":1582,\"height\":1118},{\"@type\":\"BreadcrumbList\",\"@id\":\"https:\\\/\\\/www.donadonsdd.com\\\/pt-pt\\\/produto\\\/scr-steam-condenser-system-safety\\\/#breadcrumb\",\"itemListElement\":[{\"@type\":\"ListItem\",\"position\":1,\"name\":\"HOMEPAGE\",\"item\":\"https:\\\/\\\/www.donadonsdd.com\\\/pt-pt\\\/\"},{\"@type\":\"ListItem\",\"position\":2,\"name\":\"Discos de rutura SCR para seguran\u00e7a do sistema do condensador de vapor\"}]},{\"@type\":\"WebSite\",\"@id\":\"https:\\\/\\\/www.donadonsdd.com\\\/pt-pt\\\/#website\",\"url\":\"https:\\\/\\\/www.donadonsdd.com\\\/pt-pt\\\/\",\"name\":\"DonadonSDD Srl\",\"description\":\"\",\"publisher\":{\"@id\":\"https:\\\/\\\/www.donadonsdd.com\\\/pt-pt\\\/#organization\"},\"potentialAction\":[{\"@type\":\"SearchAction\",\"target\":{\"@type\":\"EntryPoint\",\"urlTemplate\":\"https:\\\/\\\/www.donadonsdd.com\\\/pt-pt\\\/?s={search_term_string}\"},\"query-input\":{\"@type\":\"PropertyValueSpecification\",\"valueRequired\":true,\"valueName\":\"search_term_string\"}}],\"inLanguage\":\"pt-PT\"},{\"@type\":\"Organization\",\"@id\":\"https:\\\/\\\/www.donadonsdd.com\\\/pt-pt\\\/#organization\",\"name\":\"DonadonSDD Srl\",\"url\":\"https:\\\/\\\/www.donadonsdd.com\\\/pt-pt\\\/\",\"logo\":{\"@type\":\"ImageObject\",\"inLanguage\":\"pt-PT\",\"@id\":\"https:\\\/\\\/www.donadonsdd.com\\\/pt-pt\\\/#\\\/schema\\\/logo\\\/image\\\/\",\"url\":\"https:\\\/\\\/www.donadonsdd.com\\\/wp-content\\\/uploads\\\/2025\\\/11\\\/donadonsdd-logo.png\",\"contentUrl\":\"https:\\\/\\\/www.donadonsdd.com\\\/wp-content\\\/uploads\\\/2025\\\/11\\\/donadonsdd-logo.png\",\"width\":544,\"height\":96,\"caption\":\"DonadonSDD Srl\"},\"image\":{\"@id\":\"https:\\\/\\\/www.donadonsdd.com\\\/pt-pt\\\/#\\\/schema\\\/logo\\\/image\\\/\"}}]}<\/script>\n<!-- \/ Yoast SEO plugin. -->","yoast_head_json":{"title":"Disco de rutura de a\u00e7\u00e3o inversa do condensador de vapor - SCR","description":"Disco de rutura de a\u00e7\u00e3o inversa para prote\u00e7\u00e3o do condensador de vapor. Design totalmente met\u00e1lico para funcionamento a alta temperatura, instala\u00e7\u00e3o entre flanges, resistente ao v\u00e1cuo, r\u00e1cio de funcionamento at\u00e9 95%.","robots":{"index":"index","follow":"follow","max-snippet":"max-snippet:-1","max-image-preview":"max-image-preview:large","max-video-preview":"max-video-preview:-1"},"canonical":"https:\/\/www.donadonsdd.com\/pt-pt\/produto\/scr-steam-condenser-system-safety\/","og_locale":"pt_PT","og_type":"article","og_title":"Disco de rutura de a\u00e7\u00e3o inversa do condensador de vapor - SCR","og_description":"Disco de rutura de a\u00e7\u00e3o inversa para prote\u00e7\u00e3o do condensador de vapor. Design totalmente met\u00e1lico para funcionamento a alta temperatura, instala\u00e7\u00e3o entre flanges, resistente ao v\u00e1cuo, r\u00e1cio de funcionamento at\u00e9 95%.","og_url":"https:\/\/www.donadonsdd.com\/pt-pt\/produto\/scr-steam-condenser-system-safety\/","og_site_name":"DonadonSDD Srl","article_modified_time":"2026-03-01T00:26:53+00:00","og_image":[{"width":1582,"height":1118,"url":"https:\/\/www.donadonsdd.com\/wp-content\/uploads\/2025\/12\/scr-steam.png","type":"image\/png"}],"twitter_card":"summary_large_image","twitter_misc":{"Tempo estimado de leitura":"3 minutos"},"schema":{"@context":"https:\/\/schema.org","@graph":[{"@type":"WebPage","@id":"https:\/\/www.donadonsdd.com\/pt-pt\/produto\/scr-steam-condenser-system-safety\/","url":"https:\/\/www.donadonsdd.com\/pt-pt\/produto\/scr-steam-condenser-system-safety\/","name":"Disco de rutura de a\u00e7\u00e3o inversa do condensador de vapor - SCR","isPartOf":{"@id":"https:\/\/www.donadonsdd.com\/pt-pt\/#website"},"primaryImageOfPage":{"@id":"https:\/\/www.donadonsdd.com\/pt-pt\/produto\/scr-steam-condenser-system-safety\/#primaryimage"},"image":{"@id":"https:\/\/www.donadonsdd.com\/pt-pt\/produto\/scr-steam-condenser-system-safety\/#primaryimage"},"thumbnailUrl":"https:\/\/www.donadonsdd.com\/wp-content\/uploads\/2025\/12\/scr-steam.png","datePublished":"2025-12-10T14:01:20+00:00","dateModified":"2026-03-01T00:26:53+00:00","description":"Disco de rutura de a\u00e7\u00e3o inversa para prote\u00e7\u00e3o do condensador de vapor. Design totalmente met\u00e1lico para funcionamento a alta temperatura, instala\u00e7\u00e3o entre flanges, resistente ao v\u00e1cuo, r\u00e1cio de funcionamento at\u00e9 95%.","breadcrumb":{"@id":"https:\/\/www.donadonsdd.com\/pt-pt\/produto\/scr-steam-condenser-system-safety\/#breadcrumb"},"inLanguage":"pt-PT","potentialAction":[{"@type":"ReadAction","target":["https:\/\/www.donadonsdd.com\/pt-pt\/produto\/scr-steam-condenser-system-safety\/"]}]},{"@type":"ImageObject","inLanguage":"pt-PT","@id":"https:\/\/www.donadonsdd.com\/pt-pt\/produto\/scr-steam-condenser-system-safety\/#primaryimage","url":"https:\/\/www.donadonsdd.com\/wp-content\/uploads\/2025\/12\/scr-steam.png","contentUrl":"https:\/\/www.donadonsdd.com\/wp-content\/uploads\/2025\/12\/scr-steam.png","width":1582,"height":1118},{"@type":"BreadcrumbList","@id":"https:\/\/www.donadonsdd.com\/pt-pt\/produto\/scr-steam-condenser-system-safety\/#breadcrumb","itemListElement":[{"@type":"ListItem","position":1,"name":"HOMEPAGE","item":"https:\/\/www.donadonsdd.com\/pt-pt\/"},{"@type":"ListItem","position":2,"name":"Discos de rutura SCR para seguran\u00e7a do sistema do condensador de vapor"}]},{"@type":"WebSite","@id":"https:\/\/www.donadonsdd.com\/pt-pt\/#website","url":"https:\/\/www.donadonsdd.com\/pt-pt\/","name":"DonadonSDD Srl","description":"","publisher":{"@id":"https:\/\/www.donadonsdd.com\/pt-pt\/#organization"},"potentialAction":[{"@type":"SearchAction","target":{"@type":"EntryPoint","urlTemplate":"https:\/\/www.donadonsdd.com\/pt-pt\/?s={search_term_string}"},"query-input":{"@type":"PropertyValueSpecification","valueRequired":true,"valueName":"search_term_string"}}],"inLanguage":"pt-PT"},{"@type":"Organization","@id":"https:\/\/www.donadonsdd.com\/pt-pt\/#organization","name":"DonadonSDD Srl","url":"https:\/\/www.donadonsdd.com\/pt-pt\/","logo":{"@type":"ImageObject","inLanguage":"pt-PT","@id":"https:\/\/www.donadonsdd.com\/pt-pt\/#\/schema\/logo\/image\/","url":"https:\/\/www.donadonsdd.com\/wp-content\/uploads\/2025\/11\/donadonsdd-logo.png","contentUrl":"https:\/\/www.donadonsdd.com\/wp-content\/uploads\/2025\/11\/donadonsdd-logo.png","width":544,"height":96,"caption":"DonadonSDD Srl"},"image":{"@id":"https:\/\/www.donadonsdd.com\/pt-pt\/#\/schema\/logo\/image\/"}}]}},"toolset-meta":{"toolset-woocommerce-fields":{"_download_limit":{"type":"numeric","raw":""},"_virtual":{"type":"checkbox","raw":""},"_downloadable":{"type":"checkbox","raw":""},"_download_expiry":{"type":"numeric","raw":""},"_download_type":{"type":"radio","raw":""},"_regular_price":{"type":"numeric","raw":""},"_sale_price":{"type":"numeric","raw":""},"_sale_price_dates_from":{"type":"date","raw":"","formatted":null},"_sale_price_dates_to":{"type":"date","raw":"","formatted":null},"_sku":{"type":"textfield","raw":""},"_manage_stock":{"type":"checkbox","raw":""},"_stock_status":{"type":"radio","raw":""},"_stock":{"type":"numeric","raw":""},"_backorders":{"type":"radio","raw":""},"_sold_individually":{"type":"checkbox","raw":""},"_width":{"type":"numeric","raw":""},"_weight":{"type":"numeric","raw":""},"_length":{"type":"numeric","raw":""},"_purchase_note":{"type":"textarea","raw":""}},"infografica":{"operation-ratio":{"type":"textfield","raw":"at\u00e9 95%"},"non-fragmenting":{"type":"textfield","raw":"sim"},"vacumm-resistant":{"type":"textfield","raw":"sim"},"sanitary":{"type":"textfield","raw":"n\u00e3o"},"liquid":{"type":"textfield","raw":""},"vapor-gas":{"type":"textfield","raw":"sim"},"ferrules":{"type":"textfield","raw":""}},"dettagli-prodotto":{"immagini-prodotto":{"type":"image","raw":[""],"repeatable":[{"raw":""}]},"tabella-specifiche":{"type":"wysiwyg","raw":"<p class=\"p1\">MODELO|SCR;\nMATERIAIS|A\u00e7o inoxid\u00e1vel, Liga 201, Liga 400, Liga 600, Liga 625, Liga C276;\nDIMENS\u00d5ES|De DN300 (12 polegadas) a DN900 (36 polegadas);\nPRESS\u00c3O DE RUPTURA|0,5 - 1,5 bar g (dependendo do tamanho e do material);\nTOLER\u00c2NCIA|de +\/- 5 % a +\/- 10%;\nTEMPERATURA DE FUNCIONAMENTO|at\u00e9 600\u00b0C;\nFRAGMENTA\u00c7\u00c3O|N\u00e3o;\nMARGEM DE FUNCIONAMENTO|90% - Pode atingir at\u00e9 95% dependendo das condi\u00e7\u00f5es de servi\u00e7o;\nRESIST\u00caNCIA \u00c0 PRESS\u00c3O DE V\u00c1CUO|Sim, autossustent\u00e1vel em condi\u00e7\u00f5es de v\u00e1cuo;\nRESIST\u00caNCIA \u00c0 CORROS\u00c3O|Muito boa;\nINSTALA\u00c7\u00c3O|Projetado para ser instalado diretamente entre flanges;\nSENSOR DE RUPTURA|<a href=\"https:\/\/www.donadonsdd.com\/pt-pt\/produtos\/sensores-de-ruptura\/eletrico\/\">El\u00e9trico<\/a>;<\/p>"}}},"_links":{"self":[{"href":"https:\/\/www.donadonsdd.com\/pt-pt\/wp-json\/wp\/v2\/product\/6194","targetHints":{"allow":["GET"]}}],"collection":[{"href":"https:\/\/www.donadonsdd.com\/pt-pt\/wp-json\/wp\/v2\/product"}],"about":[{"href":"https:\/\/www.donadonsdd.com\/pt-pt\/wp-json\/wp\/v2\/types\/product"}],"wp:featuredmedia":[{"embeddable":true,"href":"https:\/\/www.donadonsdd.com\/pt-pt\/wp-json\/wp\/v2\/media\/10328"}],"wp:attachment":[{"href":"https:\/\/www.donadonsdd.com\/pt-pt\/wp-json\/wp\/v2\/media?parent=6194"}],"wp:term":[{"taxonomy":"categoria_prodotto","embeddable":true,"href":"https:\/\/www.donadonsdd.com\/pt-pt\/wp-json\/wp\/v2\/categoria_prodotto?post=6194"}],"curies":[{"name":"wp","href":"https:\/\/api.w.org\/{rel}","templated":true}]}}