{"id":6239,"date":"2025-12-10T15:10:11","date_gmt":"2025-12-10T14:10:11","guid":{"rendered":"https:\/\/www.donadonsdd.com\/product\/discos-de-rutura-lpd-solucao-simples-para-protecao-a-baixa-pressao\/"},"modified":"2026-03-01T01:23:00","modified_gmt":"2026-03-01T00:23:00","slug":"lpd","status":"publish","type":"product","link":"https:\/\/www.donadonsdd.com\/pt-pt\/produto\/lpd\/","title":{"rendered":"Discos de rutura LPD &#8211; Solu\u00e7\u00e3o simples para prote\u00e7\u00e3o a baixa press\u00e3o"},"content":{"rendered":"<p>A DonadonSDD oferece discos de rutura LPD que s\u00e3o concebidos para proteger as instala\u00e7\u00f5es industriais de varia\u00e7\u00f5es de press\u00e3o ultra baixas que podem causar danos graves. Os discos de rutura LPD s\u00e3o constitu\u00eddos por 3 ou mais componentes que formam um \u00fanico disco unit\u00e1rio que pode ser instalado ou diretamente entre flanges ou em suportes (dependendo da aplica\u00e7\u00e3o espec\u00edfica); s\u00e3o fornecidos com l\u00e2mina de faca que trava a camada de PTFE em contacto. <\/p>\n<h2>Principais carater\u00edsticas e vantagens t\u00e9cnicas<\/h2>\n<h3><span lang=\"en-US\">Elevados padr\u00f5es de certifica\u00e7\u00e3o:<\/span><\/h3>\n<p><span lang=\"en-US\">Os nossos discos de rutura LPD est\u00e3o certificados de acordo com as normas internacionais mais exigentes, incluindo <\/span><span lang=\"en-GB\">ATEX EX II 2 GD (SELO CE), <\/span><span lang=\"en-US\">PER 2016 UK Statutory Instruments 2016 No 1105 (UKCA STAMP), e CU TR 032 (EAC STAMP).<\/span><\/p>\n<h3><span lang=\"en-US\">T\u00e9cnica:<\/span><\/h3>\n<p><span lang=\"en-US\">Composto por uma pe\u00e7a met\u00e1lica perfurada com ranhuras, uma membrana de veda\u00e7\u00e3o (normalmente em PTFE), uma sec\u00e7\u00e3o de prote\u00e7\u00e3o e um anel de calibra\u00e7\u00e3o com l\u00e2minas para melhorar a rutura da membrana<\/span><\/p>\n<h3><span lang=\"en-US\">Aplica\u00e7\u00f5es:<\/span><\/h3>\n<p><span lang=\"en-US\">Concebida para aplica\u00e7\u00f5es que requerem uma prote\u00e7\u00e3o de press\u00e3o extremamente baixa (positiva ou negativa). Ideal para proteger tanques de processamento e armazenamento, recipientes atmosf\u00e9ricos e silos com baixas press\u00f5es de projeto contra implos\u00e3o ou rutura. <\/span><\/p>\n<h3><span lang=\"en-US\">Carater\u00edsticas:<\/span><\/h3>\n<p><span lang=\"en-US\">Pode ser personalizado para satisfazer uma vasta gama de especifica\u00e7\u00f5es e aplica\u00e7\u00f5es n\u00e3o normalizadas<\/span><\/p>\n<h3><span lang=\"en-US\">Resist\u00eancia ao v\u00e1cuo:<\/span><\/h3>\n<p><span lang=\"en-US\">A pedido, est\u00e3o dispon\u00edveis suportes espec\u00edficos para prote\u00e7\u00e3o contra v\u00e1cuo e contrapress\u00e3o.  <\/span><\/p>\n<h3><span lang=\"en-US\">Op\u00e7\u00e3o de disco de duas vias:<\/span><\/h3>\n<p><span lang=\"en-US\">Protege simultaneamente contra o v\u00e1cuo e a press\u00e3o (mesmo com duas press\u00f5es de regula\u00e7\u00e3o diferentes).<\/span><\/p>\n<h2>Por que escolher os discos de rutura DonadonSDD LPD?<\/h2>\n<ul>\n<li>Os nossos discos de rutura LPD est\u00e3o certificados de acordo com as mais elevadas normas de seguran\u00e7a internacionais, proporcionando uma prote\u00e7\u00e3o fi\u00e1vel \u00e0 sua instala\u00e7\u00e3o industrial.<\/li>\n<li>Os discos s\u00e3o ideais para proteger tanques de processamento e armazenamento, recipientes atmosf\u00e9ricos e silos com baixas press\u00f5es de projeto, evitando a implos\u00e3o ou rutura.<\/li>\n<li>Os discos podem ser personalizados para satisfazer uma vasta gama de especifica\u00e7\u00f5es e aplica\u00e7\u00f5es n\u00e3o normalizadas.<\/li>\n<\/ul>\n","protected":false},"excerpt":{"rendered":"<p>A DonadonSDD oferece discos de rutura LPD que s\u00e3o concebidos para proteger as instala\u00e7\u00f5es industriais de varia\u00e7\u00f5es de press\u00e3o ultra baixas que podem causar danos graves. Os discos de rutura LPD s\u00e3o constitu\u00eddos por 3 ou mais componentes que formam um \u00fanico disco unit\u00e1rio que pode ser instalado ou diretamente entre flanges ou em suportes [&hellip;]<\/p>\n","protected":false},"featured_media":6243,"menu_order":0,"template":"","meta":{"_acf_changed":false},"categoria_prodotto":[87,85,79,98],"class_list":["post-6239","product","type-product","status-publish","has-post-thumbnail","hentry","categoria_prodotto-double-way","categoria_prodotto-forward-acting","categoria_prodotto-rupture-discs","categoria_prodotto-ultra-low-pressure"],"acf":[],"yoast_head":"<!-- This site is optimized with the Yoast SEO plugin v27.3 - https:\/\/yoast.com\/product\/yoast-seo-wordpress\/ -->\n<title>Disco de rutura comp\u00f3sito de press\u00e3o ultrabaixa para biog\u00e1s - LPD<\/title>\n<meta name=\"description\" content=\"Disco de rutura comp\u00f3sito de press\u00e3o ultra baixa para instala\u00e7\u00f5es de biog\u00e1s. Configur\u00e1vel para prote\u00e7\u00e3o contra sobrepress\u00e3o, v\u00e1cuo ou combinada, com design n\u00e3o fragmentado, instala\u00e7\u00e3o direta na flange e suporte de v\u00e1cuo opcional.\" \/>\n<meta name=\"robots\" content=\"index, follow, max-snippet:-1, max-image-preview:large, max-video-preview:-1\" \/>\n<link rel=\"canonical\" href=\"https:\/\/www.donadonsdd.com\/pt-pt\/produto\/lpd\/\" \/>\n<meta property=\"og:locale\" content=\"pt_PT\" \/>\n<meta property=\"og:type\" content=\"article\" \/>\n<meta property=\"og:title\" content=\"Disco de rutura comp\u00f3sito de press\u00e3o ultrabaixa para biog\u00e1s - LPD\" \/>\n<meta property=\"og:description\" content=\"Disco de rutura comp\u00f3sito de press\u00e3o ultra baixa para instala\u00e7\u00f5es de biog\u00e1s. Configur\u00e1vel para prote\u00e7\u00e3o contra sobrepress\u00e3o, v\u00e1cuo ou combinada, com design n\u00e3o fragmentado, instala\u00e7\u00e3o direta na flange e suporte de v\u00e1cuo opcional.\" \/>\n<meta property=\"og:url\" content=\"https:\/\/www.donadonsdd.com\/pt-pt\/produto\/lpd\/\" \/>\n<meta property=\"og:site_name\" content=\"DonadonSDD Srl\" \/>\n<meta property=\"article:modified_time\" content=\"2026-03-01T00:23:00+00:00\" \/>\n<meta property=\"og:image\" content=\"https:\/\/www.donadonsdd.com\/wp-content\/uploads\/2025\/12\/donadon-sdd-lpd-rupture-discs-low-pressure.png\" \/>\n\t<meta property=\"og:image:width\" content=\"1800\" \/>\n\t<meta property=\"og:image:height\" content=\"1200\" \/>\n\t<meta property=\"og:image:type\" content=\"image\/png\" \/>\n<meta name=\"twitter:card\" content=\"summary_large_image\" \/>\n<meta name=\"twitter:label1\" content=\"Tempo estimado de leitura\" \/>\n\t<meta name=\"twitter:data1\" content=\"2 minutos\" \/>\n<script type=\"application\/ld+json\" class=\"yoast-schema-graph\">{\"@context\":\"https:\\\/\\\/schema.org\",\"@graph\":[{\"@type\":\"WebPage\",\"@id\":\"https:\\\/\\\/www.donadonsdd.com\\\/pt-pt\\\/produto\\\/lpd\\\/\",\"url\":\"https:\\\/\\\/www.donadonsdd.com\\\/pt-pt\\\/produto\\\/lpd\\\/\",\"name\":\"Disco de rutura comp\u00f3sito de press\u00e3o ultrabaixa para biog\u00e1s - LPD\",\"isPartOf\":{\"@id\":\"https:\\\/\\\/www.donadonsdd.com\\\/pt-pt\\\/#website\"},\"primaryImageOfPage\":{\"@id\":\"https:\\\/\\\/www.donadonsdd.com\\\/pt-pt\\\/produto\\\/lpd\\\/#primaryimage\"},\"image\":{\"@id\":\"https:\\\/\\\/www.donadonsdd.com\\\/pt-pt\\\/produto\\\/lpd\\\/#primaryimage\"},\"thumbnailUrl\":\"https:\\\/\\\/www.donadonsdd.com\\\/wp-content\\\/uploads\\\/2025\\\/12\\\/donadon-sdd-lpd-rupture-discs-low-pressure.png\",\"datePublished\":\"2025-12-10T14:10:11+00:00\",\"dateModified\":\"2026-03-01T00:23:00+00:00\",\"description\":\"Disco de rutura comp\u00f3sito de press\u00e3o ultra baixa para instala\u00e7\u00f5es de biog\u00e1s. Configur\u00e1vel para prote\u00e7\u00e3o contra sobrepress\u00e3o, v\u00e1cuo ou combinada, com design n\u00e3o fragmentado, instala\u00e7\u00e3o direta na flange e suporte de v\u00e1cuo opcional.\",\"breadcrumb\":{\"@id\":\"https:\\\/\\\/www.donadonsdd.com\\\/pt-pt\\\/produto\\\/lpd\\\/#breadcrumb\"},\"inLanguage\":\"pt-PT\",\"potentialAction\":[{\"@type\":\"ReadAction\",\"target\":[\"https:\\\/\\\/www.donadonsdd.com\\\/pt-pt\\\/produto\\\/lpd\\\/\"]}]},{\"@type\":\"ImageObject\",\"inLanguage\":\"pt-PT\",\"@id\":\"https:\\\/\\\/www.donadonsdd.com\\\/pt-pt\\\/produto\\\/lpd\\\/#primaryimage\",\"url\":\"https:\\\/\\\/www.donadonsdd.com\\\/wp-content\\\/uploads\\\/2025\\\/12\\\/donadon-sdd-lpd-rupture-discs-low-pressure.png\",\"contentUrl\":\"https:\\\/\\\/www.donadonsdd.com\\\/wp-content\\\/uploads\\\/2025\\\/12\\\/donadon-sdd-lpd-rupture-discs-low-pressure.png\",\"width\":1800,\"height\":1200,\"caption\":\"discos de rutura donadon sdd lpd baixa press\u00e3o\"},{\"@type\":\"BreadcrumbList\",\"@id\":\"https:\\\/\\\/www.donadonsdd.com\\\/pt-pt\\\/produto\\\/lpd\\\/#breadcrumb\",\"itemListElement\":[{\"@type\":\"ListItem\",\"position\":1,\"name\":\"HOMEPAGE\",\"item\":\"https:\\\/\\\/www.donadonsdd.com\\\/pt-pt\\\/\"},{\"@type\":\"ListItem\",\"position\":2,\"name\":\"Discos de rutura LPD &#8211; Solu\u00e7\u00e3o simples para prote\u00e7\u00e3o a baixa press\u00e3o\"}]},{\"@type\":\"WebSite\",\"@id\":\"https:\\\/\\\/www.donadonsdd.com\\\/pt-pt\\\/#website\",\"url\":\"https:\\\/\\\/www.donadonsdd.com\\\/pt-pt\\\/\",\"name\":\"DonadonSDD Srl\",\"description\":\"\",\"publisher\":{\"@id\":\"https:\\\/\\\/www.donadonsdd.com\\\/pt-pt\\\/#organization\"},\"potentialAction\":[{\"@type\":\"SearchAction\",\"target\":{\"@type\":\"EntryPoint\",\"urlTemplate\":\"https:\\\/\\\/www.donadonsdd.com\\\/pt-pt\\\/?s={search_term_string}\"},\"query-input\":{\"@type\":\"PropertyValueSpecification\",\"valueRequired\":true,\"valueName\":\"search_term_string\"}}],\"inLanguage\":\"pt-PT\"},{\"@type\":\"Organization\",\"@id\":\"https:\\\/\\\/www.donadonsdd.com\\\/pt-pt\\\/#organization\",\"name\":\"DonadonSDD Srl\",\"url\":\"https:\\\/\\\/www.donadonsdd.com\\\/pt-pt\\\/\",\"logo\":{\"@type\":\"ImageObject\",\"inLanguage\":\"pt-PT\",\"@id\":\"https:\\\/\\\/www.donadonsdd.com\\\/pt-pt\\\/#\\\/schema\\\/logo\\\/image\\\/\",\"url\":\"https:\\\/\\\/www.donadonsdd.com\\\/wp-content\\\/uploads\\\/2025\\\/11\\\/donadonsdd-logo.png\",\"contentUrl\":\"https:\\\/\\\/www.donadonsdd.com\\\/wp-content\\\/uploads\\\/2025\\\/11\\\/donadonsdd-logo.png\",\"width\":544,\"height\":96,\"caption\":\"DonadonSDD Srl\"},\"image\":{\"@id\":\"https:\\\/\\\/www.donadonsdd.com\\\/pt-pt\\\/#\\\/schema\\\/logo\\\/image\\\/\"}}]}<\/script>\n<!-- \/ Yoast SEO plugin. -->","yoast_head_json":{"title":"Disco de rutura comp\u00f3sito de press\u00e3o ultrabaixa para biog\u00e1s - LPD","description":"Disco de rutura comp\u00f3sito de press\u00e3o ultra baixa para instala\u00e7\u00f5es de biog\u00e1s. Configur\u00e1vel para prote\u00e7\u00e3o contra sobrepress\u00e3o, v\u00e1cuo ou combinada, com design n\u00e3o fragmentado, instala\u00e7\u00e3o direta na flange e suporte de v\u00e1cuo opcional.","robots":{"index":"index","follow":"follow","max-snippet":"max-snippet:-1","max-image-preview":"max-image-preview:large","max-video-preview":"max-video-preview:-1"},"canonical":"https:\/\/www.donadonsdd.com\/pt-pt\/produto\/lpd\/","og_locale":"pt_PT","og_type":"article","og_title":"Disco de rutura comp\u00f3sito de press\u00e3o ultrabaixa para biog\u00e1s - LPD","og_description":"Disco de rutura comp\u00f3sito de press\u00e3o ultra baixa para instala\u00e7\u00f5es de biog\u00e1s. Configur\u00e1vel para prote\u00e7\u00e3o contra sobrepress\u00e3o, v\u00e1cuo ou combinada, com design n\u00e3o fragmentado, instala\u00e7\u00e3o direta na flange e suporte de v\u00e1cuo opcional.","og_url":"https:\/\/www.donadonsdd.com\/pt-pt\/produto\/lpd\/","og_site_name":"DonadonSDD Srl","article_modified_time":"2026-03-01T00:23:00+00:00","og_image":[{"width":1800,"height":1200,"url":"https:\/\/www.donadonsdd.com\/wp-content\/uploads\/2025\/12\/donadon-sdd-lpd-rupture-discs-low-pressure.png","type":"image\/png"}],"twitter_card":"summary_large_image","twitter_misc":{"Tempo estimado de leitura":"2 minutos"},"schema":{"@context":"https:\/\/schema.org","@graph":[{"@type":"WebPage","@id":"https:\/\/www.donadonsdd.com\/pt-pt\/produto\/lpd\/","url":"https:\/\/www.donadonsdd.com\/pt-pt\/produto\/lpd\/","name":"Disco de rutura comp\u00f3sito de press\u00e3o ultrabaixa para biog\u00e1s - LPD","isPartOf":{"@id":"https:\/\/www.donadonsdd.com\/pt-pt\/#website"},"primaryImageOfPage":{"@id":"https:\/\/www.donadonsdd.com\/pt-pt\/produto\/lpd\/#primaryimage"},"image":{"@id":"https:\/\/www.donadonsdd.com\/pt-pt\/produto\/lpd\/#primaryimage"},"thumbnailUrl":"https:\/\/www.donadonsdd.com\/wp-content\/uploads\/2025\/12\/donadon-sdd-lpd-rupture-discs-low-pressure.png","datePublished":"2025-12-10T14:10:11+00:00","dateModified":"2026-03-01T00:23:00+00:00","description":"Disco de rutura comp\u00f3sito de press\u00e3o ultra baixa para instala\u00e7\u00f5es de biog\u00e1s. Configur\u00e1vel para prote\u00e7\u00e3o contra sobrepress\u00e3o, v\u00e1cuo ou combinada, com design n\u00e3o fragmentado, instala\u00e7\u00e3o direta na flange e suporte de v\u00e1cuo opcional.","breadcrumb":{"@id":"https:\/\/www.donadonsdd.com\/pt-pt\/produto\/lpd\/#breadcrumb"},"inLanguage":"pt-PT","potentialAction":[{"@type":"ReadAction","target":["https:\/\/www.donadonsdd.com\/pt-pt\/produto\/lpd\/"]}]},{"@type":"ImageObject","inLanguage":"pt-PT","@id":"https:\/\/www.donadonsdd.com\/pt-pt\/produto\/lpd\/#primaryimage","url":"https:\/\/www.donadonsdd.com\/wp-content\/uploads\/2025\/12\/donadon-sdd-lpd-rupture-discs-low-pressure.png","contentUrl":"https:\/\/www.donadonsdd.com\/wp-content\/uploads\/2025\/12\/donadon-sdd-lpd-rupture-discs-low-pressure.png","width":1800,"height":1200,"caption":"discos de rutura donadon sdd lpd baixa press\u00e3o"},{"@type":"BreadcrumbList","@id":"https:\/\/www.donadonsdd.com\/pt-pt\/produto\/lpd\/#breadcrumb","itemListElement":[{"@type":"ListItem","position":1,"name":"HOMEPAGE","item":"https:\/\/www.donadonsdd.com\/pt-pt\/"},{"@type":"ListItem","position":2,"name":"Discos de rutura LPD &#8211; Solu\u00e7\u00e3o simples para prote\u00e7\u00e3o a baixa press\u00e3o"}]},{"@type":"WebSite","@id":"https:\/\/www.donadonsdd.com\/pt-pt\/#website","url":"https:\/\/www.donadonsdd.com\/pt-pt\/","name":"DonadonSDD Srl","description":"","publisher":{"@id":"https:\/\/www.donadonsdd.com\/pt-pt\/#organization"},"potentialAction":[{"@type":"SearchAction","target":{"@type":"EntryPoint","urlTemplate":"https:\/\/www.donadonsdd.com\/pt-pt\/?s={search_term_string}"},"query-input":{"@type":"PropertyValueSpecification","valueRequired":true,"valueName":"search_term_string"}}],"inLanguage":"pt-PT"},{"@type":"Organization","@id":"https:\/\/www.donadonsdd.com\/pt-pt\/#organization","name":"DonadonSDD Srl","url":"https:\/\/www.donadonsdd.com\/pt-pt\/","logo":{"@type":"ImageObject","inLanguage":"pt-PT","@id":"https:\/\/www.donadonsdd.com\/pt-pt\/#\/schema\/logo\/image\/","url":"https:\/\/www.donadonsdd.com\/wp-content\/uploads\/2025\/11\/donadonsdd-logo.png","contentUrl":"https:\/\/www.donadonsdd.com\/wp-content\/uploads\/2025\/11\/donadonsdd-logo.png","width":544,"height":96,"caption":"DonadonSDD Srl"},"image":{"@id":"https:\/\/www.donadonsdd.com\/pt-pt\/#\/schema\/logo\/image\/"}}]}},"toolset-meta":{"toolset-woocommerce-fields":{"_download_limit":{"type":"numeric","raw":""},"_virtual":{"type":"checkbox","raw":""},"_downloadable":{"type":"checkbox","raw":""},"_download_expiry":{"type":"numeric","raw":""},"_download_type":{"type":"radio","raw":""},"_regular_price":{"type":"numeric","raw":""},"_sale_price":{"type":"numeric","raw":""},"_sale_price_dates_from":{"type":"date","raw":"","formatted":null},"_sale_price_dates_to":{"type":"date","raw":"","formatted":null},"_sku":{"type":"textfield","raw":""},"_manage_stock":{"type":"checkbox","raw":""},"_stock_status":{"type":"radio","raw":""},"_stock":{"type":"numeric","raw":""},"_backorders":{"type":"radio","raw":""},"_sold_individually":{"type":"checkbox","raw":""},"_width":{"type":"numeric","raw":""},"_weight":{"type":"numeric","raw":""},"_length":{"type":"numeric","raw":""},"_purchase_note":{"type":"textarea","raw":""}},"infografica":{"operation-ratio":{"type":"textfield","raw":"at\u00e9 60%"},"non-fragmenting":{"type":"textfield","raw":"sim (apenas membrana)"},"vacumm-resistant":{"type":"textfield","raw":"sim, suporte de v\u00e1cuo necess\u00e1rio"},"sanitary":{"type":"textfield","raw":"n\u00e3o"},"liquid":{"type":"textfield","raw":"sim"},"vapor-gas":{"type":"textfield","raw":"sim"},"ferrules":{"type":"textfield","raw":""}},"dettagli-prodotto":{"immagini-prodotto":{"type":"image","raw":["https:\/\/www.donadonsdd.com\/wp-content\/uploads\/2025\/12\/donadon-16_result.webp","https:\/\/www.donadonsdd.com\/wp-content\/uploads\/2025\/12\/donadon-17_result.webp","https:\/\/www.donadonsdd.com\/wp-content\/uploads\/2025\/12\/donadon-18_result.webp"],"repeatable":[{"raw":"https:\/\/www.donadonsdd.com\/wp-content\/uploads\/2025\/12\/donadon-16_result.webp","attachment_id":6240},{"raw":"https:\/\/www.donadonsdd.com\/wp-content\/uploads\/2025\/12\/donadon-17_result.webp","attachment_id":1404},{"raw":"https:\/\/www.donadonsdd.com\/wp-content\/uploads\/2025\/12\/donadon-18_result.webp","attachment_id":6242}]},"tabella-specifiche":{"type":"wysiwyg","raw":"<p class=\"p1\">MATERIAIS|A\u00e7o inoxid\u00e1vel, Liga 201, Liga 400, Liga 600, Liga 625, Liga C276, Tit\u00e2nio;\nMEMBRANA DE VEDA\u00c7\u00c3O|Dispon\u00edvel em PTFE ou PFA;\nDIMENS\u00d5ES|De DN50 (2 polegadas) a DN300 (12 polegadas);\nPRESS\u00c3O DE RUPTURA|0,005 - 0,5 bar g (dependendo do tamanho e do material);\nTOLER\u00c2NCIA|de +\/- 20 % a +\/- 40%;\nTEMPERATURA DE FUNCIONAMENTO|m\u00e1x 260\u00b0C (membrana em PTFE ou PFA);\nFRAGMENTA\u00c7\u00c3O|N\u00e3o (apenas membrana);\nUTILIZA\u00c7\u00c3O EM COMBINA\u00c7\u00c3O COM PSV|Adequado;\nMARGEM DE FUNCIONAMENTO|Pode atingir at\u00e9 60% dependendo das condi\u00e7\u00f5es de servi\u00e7o..;\nRESIST\u00caNCIA \u00c0 PRESS\u00c3O DE V\u00c1CUO|Sim, suporte de v\u00e1cuo necess\u00e1rio;\nOP\u00c7\u00c3O DOUBLE WAY DISC|Dispon\u00edvel, mesmo com duas press\u00f5es de regula\u00e7\u00e3o diferentes;\nRESIST\u00caNCIA \u00c0 CORROS\u00c3O|Muito bom;\nRevestimentos|Dispon\u00edveis em PTFE e PFA;\nINSTALA\u00c7\u00c3O|Diretamente entre flanges ou adequado para suportes <a href=\"https:\/\/www.donadonsdd.com\/pt-pt\/produto\/hia-hra\/\">HIA<\/a>, <a href=\"https:\/\/www.donadonsdd.com\/pt-pt\/produto\/hip-hrp\/\">HIP<\/a>, <a href=\"https:\/\/www.donadonsdd.com\/pt-pt\/produto\/hif-hrf\/\">HIF<\/a>;   \nSENSOR DE RUPTURA| <a href=\"https:\/\/www.donadonsdd.com\/pt-pt\/produtos\/sensores-de-ruptura\/indutivo\/\">Indutivo<\/a>, <a href=\"https:\/\/www.donadonsdd.com\/pt-pt\/produtos\/sensores-de-ruptura\/fibra-otica\/\">\u00f3tico<\/a>; <\/p>"}}},"_links":{"self":[{"href":"https:\/\/www.donadonsdd.com\/pt-pt\/wp-json\/wp\/v2\/product\/6239","targetHints":{"allow":["GET"]}}],"collection":[{"href":"https:\/\/www.donadonsdd.com\/pt-pt\/wp-json\/wp\/v2\/product"}],"about":[{"href":"https:\/\/www.donadonsdd.com\/pt-pt\/wp-json\/wp\/v2\/types\/product"}],"wp:featuredmedia":[{"embeddable":true,"href":"https:\/\/www.donadonsdd.com\/pt-pt\/wp-json\/wp\/v2\/media\/6243"}],"wp:attachment":[{"href":"https:\/\/www.donadonsdd.com\/pt-pt\/wp-json\/wp\/v2\/media?parent=6239"}],"wp:term":[{"taxonomy":"categoria_prodotto","embeddable":true,"href":"https:\/\/www.donadonsdd.com\/pt-pt\/wp-json\/wp\/v2\/categoria_prodotto?post=6239"}],"curies":[{"name":"wp","href":"https:\/\/api.w.org\/{rel}","templated":true}]}}