{"id":6272,"date":"2025-12-10T15:15:56","date_gmt":"2025-12-10T14:15:56","guid":{"rendered":"https:\/\/www.donadonsdd.com\/product\/discos-de-rutura-gm-dispositivos-de-seguranca-com-material-de-grafite-de-alta-pureza\/"},"modified":"2026-03-01T01:18:07","modified_gmt":"2026-03-01T00:18:07","slug":"gm","status":"publish","type":"product","link":"https:\/\/www.donadonsdd.com\/pt-pt\/produto\/gm\/","title":{"rendered":"Discos de rutura GM &#8211; Dispositivos de seguran\u00e7a com material de grafite de alta pureza"},"content":{"rendered":"<p>A DonadonSDD oferece os discos de rutura GM que s\u00e3o concebidos para proteger as instala\u00e7\u00f5es industriais onde s\u00e3o processados fluidos particularmente agressivos de varia\u00e7\u00f5es bruscas de press\u00e3o que podem causar danos graves.<br \/>\nOs discos de rutura GM podem ser montados diretamente entre flanges e s\u00e3o fabricados em grafite de alt\u00edssima pureza, impregnado com resinas fen\u00f3licas para garantir uma perfeita n\u00e3o-permeabilidade.<br \/>\nOs discos de rutura de grafite, pela sua natureza, fragmentam-se ao rebentar.<\/p>\n<h2>Principais carater\u00edsticas e vantagens t\u00e9cnicas<\/h2>\n<h3>Elevados padr\u00f5es de certifica\u00e7\u00e3o:<\/h3>\n<p>Os nossos discos de rutura s\u00e3o certificados de acordo com as mais elevadas normas internacionais, incluindo PED 2014\/68\/UE (CE STAMP), PER 2016 UK Statutory Instruments 2016 No 1105 (UKCA STAMP) e CU TR 032 (EAC STAMP).<\/p>\n<h3>Resist\u00eancia \u00e0 temperatura:<\/h3>\n<p>Resiste a temperaturas at\u00e9 200\u00b0C.<\/p>\n<h3>Resist\u00eancia ao v\u00e1cuo:<\/h3>\n<p>\u00c9 necess\u00e1rio um suporte de v\u00e1cuo para press\u00f5es de rutura inferiores a 1,7 bar g.<\/p>\n<h3>Carater\u00edsticas:<\/h3>\n<p>Abertura com fragmenta\u00e7\u00e3o; resistente a fluidos agressivos (tamb\u00e9m pode ser protegida com uma membrana de PTFE) e baixa press\u00e3o de rebentamento; sensibilidade \u00e0s varia\u00e7\u00f5es de temperatura.<\/p>\n<h2>Porqu\u00ea escolher a DonadonSDD?<\/h2>\n<ul>\n<li>Os nossos discos de rutura GM s\u00e3o certificados de acordo com as mais elevadas normas de seguran\u00e7a internacionais, proporcionando uma prote\u00e7\u00e3o fi\u00e1vel \u00e0 sua instala\u00e7\u00e3o industrial.<\/li>\n<li>Os discos s\u00e3o resistentes a fluidos agressivos e t\u00eam uma baixa sensibilidade da press\u00e3o de rebentamento \u00e0s varia\u00e7\u00f5es de temperatura, garantindo uma seguran\u00e7a \u00f3ptima em ambientes agressivos.<\/li>\n<li>F\u00e1cil instala\u00e7\u00e3o: pode ser diretamente inserido entre flanges<\/li>\n<\/ul>\n","protected":false},"excerpt":{"rendered":"<p>A DonadonSDD oferece os discos de rutura GM que s\u00e3o concebidos para proteger as instala\u00e7\u00f5es industriais onde s\u00e3o processados fluidos particularmente agressivos de varia\u00e7\u00f5es bruscas de press\u00e3o que podem causar danos graves. Os discos de rutura GM podem ser montados diretamente entre flanges e s\u00e3o fabricados em grafite de alt\u00edssima pureza, impregnado com resinas fen\u00f3licas [&hellip;]<\/p>\n","protected":false},"featured_media":6277,"menu_order":0,"template":"","meta":{"_acf_changed":false},"categoria_prodotto":[88,79],"class_list":["post-6272","product","type-product","status-publish","has-post-thumbnail","hentry","categoria_prodotto-graphite","categoria_prodotto-rupture-discs"],"acf":[],"yoast_head":"<!-- This site is optimized with the Yoast SEO plugin v27.3 - https:\/\/yoast.com\/product\/yoast-seo-wordpress\/ -->\n<title>Disco de rutura de grafite entre flanges - GM<\/title>\n<meta name=\"description\" content=\"Disco de rutura em grafite para fluidos agressivos e servi\u00e7o corrosivo. Elevada resist\u00eancia qu\u00edmica e baixa sensibilidade \u00e0 temperatura, adequado para meios gasosos e l\u00edquidos, r\u00e1cio de funcionamento at\u00e9 75%, certificado PED.\" \/>\n<meta name=\"robots\" content=\"index, follow, max-snippet:-1, max-image-preview:large, max-video-preview:-1\" \/>\n<link rel=\"canonical\" href=\"https:\/\/www.donadonsdd.com\/pt-pt\/produto\/gm\/\" \/>\n<meta property=\"og:locale\" content=\"pt_PT\" \/>\n<meta property=\"og:type\" content=\"article\" \/>\n<meta property=\"og:title\" content=\"Disco de rutura de grafite entre flanges - GM\" \/>\n<meta property=\"og:description\" content=\"Disco de rutura em grafite para fluidos agressivos e servi\u00e7o corrosivo. Elevada resist\u00eancia qu\u00edmica e baixa sensibilidade \u00e0 temperatura, adequado para meios gasosos e l\u00edquidos, r\u00e1cio de funcionamento at\u00e9 75%, certificado PED.\" \/>\n<meta property=\"og:url\" content=\"https:\/\/www.donadonsdd.com\/pt-pt\/produto\/gm\/\" \/>\n<meta property=\"og:site_name\" content=\"DonadonSDD Srl\" \/>\n<meta property=\"article:modified_time\" content=\"2026-03-01T00:18:07+00:00\" \/>\n<meta property=\"og:image\" content=\"https:\/\/www.donadonsdd.com\/wp-content\/uploads\/2025\/12\/donadon-95.png\" \/>\n\t<meta property=\"og:image:width\" content=\"1800\" \/>\n\t<meta property=\"og:image:height\" content=\"1199\" \/>\n\t<meta property=\"og:image:type\" content=\"image\/png\" \/>\n<meta name=\"twitter:card\" content=\"summary_large_image\" \/>\n<meta name=\"twitter:label1\" content=\"Tempo estimado de leitura\" \/>\n\t<meta name=\"twitter:data1\" content=\"1 minuto\" \/>\n<script type=\"application\/ld+json\" class=\"yoast-schema-graph\">{\"@context\":\"https:\\\/\\\/schema.org\",\"@graph\":[{\"@type\":\"WebPage\",\"@id\":\"https:\\\/\\\/www.donadonsdd.com\\\/pt-pt\\\/produto\\\/gm\\\/\",\"url\":\"https:\\\/\\\/www.donadonsdd.com\\\/pt-pt\\\/produto\\\/gm\\\/\",\"name\":\"Disco de rutura de grafite entre flanges - GM\",\"isPartOf\":{\"@id\":\"https:\\\/\\\/www.donadonsdd.com\\\/pt-pt\\\/#website\"},\"primaryImageOfPage\":{\"@id\":\"https:\\\/\\\/www.donadonsdd.com\\\/pt-pt\\\/produto\\\/gm\\\/#primaryimage\"},\"image\":{\"@id\":\"https:\\\/\\\/www.donadonsdd.com\\\/pt-pt\\\/produto\\\/gm\\\/#primaryimage\"},\"thumbnailUrl\":\"https:\\\/\\\/www.donadonsdd.com\\\/wp-content\\\/uploads\\\/2025\\\/12\\\/donadon-95.png\",\"datePublished\":\"2025-12-10T14:15:56+00:00\",\"dateModified\":\"2026-03-01T00:18:07+00:00\",\"description\":\"Disco de rutura em grafite para fluidos agressivos e servi\u00e7o corrosivo. Elevada resist\u00eancia qu\u00edmica e baixa sensibilidade \u00e0 temperatura, adequado para meios gasosos e l\u00edquidos, r\u00e1cio de funcionamento at\u00e9 75%, certificado PED.\",\"breadcrumb\":{\"@id\":\"https:\\\/\\\/www.donadonsdd.com\\\/pt-pt\\\/produto\\\/gm\\\/#breadcrumb\"},\"inLanguage\":\"pt-PT\",\"potentialAction\":[{\"@type\":\"ReadAction\",\"target\":[\"https:\\\/\\\/www.donadonsdd.com\\\/pt-pt\\\/produto\\\/gm\\\/\"]}]},{\"@type\":\"ImageObject\",\"inLanguage\":\"pt-PT\",\"@id\":\"https:\\\/\\\/www.donadonsdd.com\\\/pt-pt\\\/produto\\\/gm\\\/#primaryimage\",\"url\":\"https:\\\/\\\/www.donadonsdd.com\\\/wp-content\\\/uploads\\\/2025\\\/12\\\/donadon-95.png\",\"contentUrl\":\"https:\\\/\\\/www.donadonsdd.com\\\/wp-content\\\/uploads\\\/2025\\\/12\\\/donadon-95.png\",\"width\":1800,\"height\":1199},{\"@type\":\"BreadcrumbList\",\"@id\":\"https:\\\/\\\/www.donadonsdd.com\\\/pt-pt\\\/produto\\\/gm\\\/#breadcrumb\",\"itemListElement\":[{\"@type\":\"ListItem\",\"position\":1,\"name\":\"HOMEPAGE\",\"item\":\"https:\\\/\\\/www.donadonsdd.com\\\/pt-pt\\\/\"},{\"@type\":\"ListItem\",\"position\":2,\"name\":\"Discos de rutura GM &#8211; Dispositivos de seguran\u00e7a com material de grafite de alta pureza\"}]},{\"@type\":\"WebSite\",\"@id\":\"https:\\\/\\\/www.donadonsdd.com\\\/pt-pt\\\/#website\",\"url\":\"https:\\\/\\\/www.donadonsdd.com\\\/pt-pt\\\/\",\"name\":\"DonadonSDD Srl\",\"description\":\"\",\"publisher\":{\"@id\":\"https:\\\/\\\/www.donadonsdd.com\\\/pt-pt\\\/#organization\"},\"potentialAction\":[{\"@type\":\"SearchAction\",\"target\":{\"@type\":\"EntryPoint\",\"urlTemplate\":\"https:\\\/\\\/www.donadonsdd.com\\\/pt-pt\\\/?s={search_term_string}\"},\"query-input\":{\"@type\":\"PropertyValueSpecification\",\"valueRequired\":true,\"valueName\":\"search_term_string\"}}],\"inLanguage\":\"pt-PT\"},{\"@type\":\"Organization\",\"@id\":\"https:\\\/\\\/www.donadonsdd.com\\\/pt-pt\\\/#organization\",\"name\":\"DonadonSDD Srl\",\"url\":\"https:\\\/\\\/www.donadonsdd.com\\\/pt-pt\\\/\",\"logo\":{\"@type\":\"ImageObject\",\"inLanguage\":\"pt-PT\",\"@id\":\"https:\\\/\\\/www.donadonsdd.com\\\/pt-pt\\\/#\\\/schema\\\/logo\\\/image\\\/\",\"url\":\"https:\\\/\\\/www.donadonsdd.com\\\/wp-content\\\/uploads\\\/2025\\\/11\\\/donadonsdd-logo.png\",\"contentUrl\":\"https:\\\/\\\/www.donadonsdd.com\\\/wp-content\\\/uploads\\\/2025\\\/11\\\/donadonsdd-logo.png\",\"width\":544,\"height\":96,\"caption\":\"DonadonSDD Srl\"},\"image\":{\"@id\":\"https:\\\/\\\/www.donadonsdd.com\\\/pt-pt\\\/#\\\/schema\\\/logo\\\/image\\\/\"}}]}<\/script>\n<!-- \/ Yoast SEO plugin. -->","yoast_head_json":{"title":"Disco de rutura de grafite entre flanges - GM","description":"Disco de rutura em grafite para fluidos agressivos e servi\u00e7o corrosivo. Elevada resist\u00eancia qu\u00edmica e baixa sensibilidade \u00e0 temperatura, adequado para meios gasosos e l\u00edquidos, r\u00e1cio de funcionamento at\u00e9 75%, certificado PED.","robots":{"index":"index","follow":"follow","max-snippet":"max-snippet:-1","max-image-preview":"max-image-preview:large","max-video-preview":"max-video-preview:-1"},"canonical":"https:\/\/www.donadonsdd.com\/pt-pt\/produto\/gm\/","og_locale":"pt_PT","og_type":"article","og_title":"Disco de rutura de grafite entre flanges - GM","og_description":"Disco de rutura em grafite para fluidos agressivos e servi\u00e7o corrosivo. Elevada resist\u00eancia qu\u00edmica e baixa sensibilidade \u00e0 temperatura, adequado para meios gasosos e l\u00edquidos, r\u00e1cio de funcionamento at\u00e9 75%, certificado PED.","og_url":"https:\/\/www.donadonsdd.com\/pt-pt\/produto\/gm\/","og_site_name":"DonadonSDD Srl","article_modified_time":"2026-03-01T00:18:07+00:00","og_image":[{"width":1800,"height":1199,"url":"https:\/\/www.donadonsdd.com\/wp-content\/uploads\/2025\/12\/donadon-95.png","type":"image\/png"}],"twitter_card":"summary_large_image","twitter_misc":{"Tempo estimado de leitura":"1 minuto"},"schema":{"@context":"https:\/\/schema.org","@graph":[{"@type":"WebPage","@id":"https:\/\/www.donadonsdd.com\/pt-pt\/produto\/gm\/","url":"https:\/\/www.donadonsdd.com\/pt-pt\/produto\/gm\/","name":"Disco de rutura de grafite entre flanges - GM","isPartOf":{"@id":"https:\/\/www.donadonsdd.com\/pt-pt\/#website"},"primaryImageOfPage":{"@id":"https:\/\/www.donadonsdd.com\/pt-pt\/produto\/gm\/#primaryimage"},"image":{"@id":"https:\/\/www.donadonsdd.com\/pt-pt\/produto\/gm\/#primaryimage"},"thumbnailUrl":"https:\/\/www.donadonsdd.com\/wp-content\/uploads\/2025\/12\/donadon-95.png","datePublished":"2025-12-10T14:15:56+00:00","dateModified":"2026-03-01T00:18:07+00:00","description":"Disco de rutura em grafite para fluidos agressivos e servi\u00e7o corrosivo. Elevada resist\u00eancia qu\u00edmica e baixa sensibilidade \u00e0 temperatura, adequado para meios gasosos e l\u00edquidos, r\u00e1cio de funcionamento at\u00e9 75%, certificado PED.","breadcrumb":{"@id":"https:\/\/www.donadonsdd.com\/pt-pt\/produto\/gm\/#breadcrumb"},"inLanguage":"pt-PT","potentialAction":[{"@type":"ReadAction","target":["https:\/\/www.donadonsdd.com\/pt-pt\/produto\/gm\/"]}]},{"@type":"ImageObject","inLanguage":"pt-PT","@id":"https:\/\/www.donadonsdd.com\/pt-pt\/produto\/gm\/#primaryimage","url":"https:\/\/www.donadonsdd.com\/wp-content\/uploads\/2025\/12\/donadon-95.png","contentUrl":"https:\/\/www.donadonsdd.com\/wp-content\/uploads\/2025\/12\/donadon-95.png","width":1800,"height":1199},{"@type":"BreadcrumbList","@id":"https:\/\/www.donadonsdd.com\/pt-pt\/produto\/gm\/#breadcrumb","itemListElement":[{"@type":"ListItem","position":1,"name":"HOMEPAGE","item":"https:\/\/www.donadonsdd.com\/pt-pt\/"},{"@type":"ListItem","position":2,"name":"Discos de rutura GM &#8211; Dispositivos de seguran\u00e7a com material de grafite de alta pureza"}]},{"@type":"WebSite","@id":"https:\/\/www.donadonsdd.com\/pt-pt\/#website","url":"https:\/\/www.donadonsdd.com\/pt-pt\/","name":"DonadonSDD Srl","description":"","publisher":{"@id":"https:\/\/www.donadonsdd.com\/pt-pt\/#organization"},"potentialAction":[{"@type":"SearchAction","target":{"@type":"EntryPoint","urlTemplate":"https:\/\/www.donadonsdd.com\/pt-pt\/?s={search_term_string}"},"query-input":{"@type":"PropertyValueSpecification","valueRequired":true,"valueName":"search_term_string"}}],"inLanguage":"pt-PT"},{"@type":"Organization","@id":"https:\/\/www.donadonsdd.com\/pt-pt\/#organization","name":"DonadonSDD Srl","url":"https:\/\/www.donadonsdd.com\/pt-pt\/","logo":{"@type":"ImageObject","inLanguage":"pt-PT","@id":"https:\/\/www.donadonsdd.com\/pt-pt\/#\/schema\/logo\/image\/","url":"https:\/\/www.donadonsdd.com\/wp-content\/uploads\/2025\/11\/donadonsdd-logo.png","contentUrl":"https:\/\/www.donadonsdd.com\/wp-content\/uploads\/2025\/11\/donadonsdd-logo.png","width":544,"height":96,"caption":"DonadonSDD Srl"},"image":{"@id":"https:\/\/www.donadonsdd.com\/pt-pt\/#\/schema\/logo\/image\/"}}]}},"toolset-meta":{"toolset-woocommerce-fields":{"_download_limit":{"type":"numeric","raw":""},"_virtual":{"type":"checkbox","raw":""},"_downloadable":{"type":"checkbox","raw":""},"_download_expiry":{"type":"numeric","raw":""},"_download_type":{"type":"radio","raw":""},"_regular_price":{"type":"numeric","raw":""},"_sale_price":{"type":"numeric","raw":""},"_sale_price_dates_from":{"type":"date","raw":"","formatted":null},"_sale_price_dates_to":{"type":"date","raw":"","formatted":null},"_sku":{"type":"textfield","raw":""},"_manage_stock":{"type":"checkbox","raw":""},"_stock_status":{"type":"radio","raw":""},"_stock":{"type":"numeric","raw":""},"_backorders":{"type":"radio","raw":""},"_sold_individually":{"type":"checkbox","raw":""},"_width":{"type":"numeric","raw":""},"_weight":{"type":"numeric","raw":""},"_length":{"type":"numeric","raw":""},"_purchase_note":{"type":"textarea","raw":""}},"infografica":{"operation-ratio":{"type":"textfield","raw":"at\u00e9 75%"},"non-fragmenting":{"type":"textfield","raw":"n\u00e3o"},"vacumm-resistant":{"type":"textfield","raw":"sim, Suporte de v\u00e1cuo necess\u00e1rio para press\u00e3o inferior a 1,7 bar g"},"sanitary":{"type":"textfield","raw":"n\u00e3o"},"liquid":{"type":"textfield","raw":"sim"},"vapor-gas":{"type":"textfield","raw":"sim"},"ferrules":{"type":"textfield","raw":""}},"dettagli-prodotto":{"immagini-prodotto":{"type":"image","raw":["https:\/\/www.donadonsdd.com\/wp-content\/uploads\/2025\/12\/donadon-95_result.webp","https:\/\/www.donadonsdd.com\/wp-content\/uploads\/2025\/12\/donadon-96_result.webp","https:\/\/www.donadonsdd.com\/wp-content\/uploads\/2025\/12\/donadon-97_result.webp"],"repeatable":[{"raw":"https:\/\/www.donadonsdd.com\/wp-content\/uploads\/2025\/12\/donadon-95_result.webp","attachment_id":6274},{"raw":"https:\/\/www.donadonsdd.com\/wp-content\/uploads\/2025\/12\/donadon-96_result.webp","attachment_id":6275},{"raw":"https:\/\/www.donadonsdd.com\/wp-content\/uploads\/2025\/12\/donadon-97_result.webp","attachment_id":6276}]},"tabella-specifiche":{"type":"wysiwyg","raw":"<p class=\"p1\">Modelo | GM;\nMateriais | Grafite;\nDimens\u00f5es | De DN25 (1 polegada) a DN300 (12 polegadas);\nPress\u00e3o de rutura | 0,1 - 15 bar g (Dependendo do tamanho e do material);\nToler\u00e2ncia | de +\/- 10% a +\/- 20%;\nTemperatura de funcionamento | m\u00e1x. 200\u00b0C;\nFragmenta\u00e7\u00e3o | Sim;\nUtiliza\u00e7\u00e3o em combina\u00e7\u00e3o com PSV | N\u00e3o;\nMargem de funcionamento | Pode atingir at\u00e9 75%, dependendo das condi\u00e7\u00f5es de servi\u00e7o;\nResist\u00eancia \u00e0 press\u00e3o de v\u00e1cuo | Sim, suporte de v\u00e1cuo necess\u00e1rio para press\u00e3o inferior a 1,7 bar g;\nResist\u00eancia \u00e0 corros\u00e3o | Muito boa;\nRevestimentos | Dispon\u00edveis em PTFE e PFA;\nSuporte | Pronto para ser instalado diretamente entre flanges;\nSensor de rutura | <a href=\"https:\/\/www.donadonsdd.com\/pt-pt\/produtos\/sensores-de-ruptura\/eletrico\/\">El\u00e9trico<\/a>;<\/p>"}}},"_links":{"self":[{"href":"https:\/\/www.donadonsdd.com\/pt-pt\/wp-json\/wp\/v2\/product\/6272","targetHints":{"allow":["GET"]}}],"collection":[{"href":"https:\/\/www.donadonsdd.com\/pt-pt\/wp-json\/wp\/v2\/product"}],"about":[{"href":"https:\/\/www.donadonsdd.com\/pt-pt\/wp-json\/wp\/v2\/types\/product"}],"wp:featuredmedia":[{"embeddable":true,"href":"https:\/\/www.donadonsdd.com\/pt-pt\/wp-json\/wp\/v2\/media\/6277"}],"wp:attachment":[{"href":"https:\/\/www.donadonsdd.com\/pt-pt\/wp-json\/wp\/v2\/media?parent=6272"}],"wp:term":[{"taxonomy":"categoria_prodotto","embeddable":true,"href":"https:\/\/www.donadonsdd.com\/pt-pt\/wp-json\/wp\/v2\/categoria_prodotto?post=6272"}],"curies":[{"name":"wp","href":"https:\/\/api.w.org\/{rel}","templated":true}]}}