{"id":6290,"date":"2025-12-10T16:09:24","date_gmt":"2025-12-10T15:09:24","guid":{"rendered":"https:\/\/www.donadonsdd.com\/product\/suportes-hia-hra-garantir-a-maxima-fiabilidade-dos-discos-de-rutura\/"},"modified":"2026-02-28T01:05:48","modified_gmt":"2026-02-28T00:05:48","slug":"hia-hra","status":"publish","type":"product","link":"https:\/\/www.donadonsdd.com\/pt-pt\/produto\/hia-hra\/","title":{"rendered":"Suportes HIA\/HRA &#8211; Garantir a m\u00e1xima fiabilidade dos discos de rutura"},"content":{"rendered":"<p>Os suportes HIA\/HRA s\u00e3o especificamente concebidos para garantir a m\u00e1xima fiabilidade, otimizar o fluxo (devido \u00e0 abertura ideal dos discos de rutura), assegurar a orienta\u00e7\u00e3o adequada no sistema de tubagem, proporcionar uma veda\u00e7\u00e3o estanque e evitar a fragmenta\u00e7\u00e3o do disco de rutura DonadonSDD.<br \/>\nNormalmente, um suporte de disco de rutura \u00e9 uma unidade de duas pe\u00e7as que consiste numa flange de base (entrada) e numa flange de reten\u00e7\u00e3o (sa\u00edda). A face do suporte \u00e9 maquinada para segurar o disco de rutura e forma uma veda\u00e7\u00e3o metal-metal estanque.<br \/>\nIsto evita que o disco de rutura seja danificado e permite cen\u00e1rios de inspe\u00e7\u00e3o ilimitados (remo\u00e7\u00e3o tempor\u00e1ria do disco de rutura para inspe\u00e7\u00e3o visual). <\/p>\n<p>Estes suportes s\u00e3o montados entre flanges e oferecem v\u00e1rias carater\u00edsticas para um desempenho \u00f3timo.<\/p>\n<h2>Principais carater\u00edsticas e vantagens t\u00e9cnicas<\/h2>\n<ul>\n<li>Di\u00e2metro interno dimensionado para permitir a abertura total do disco e a transmiss\u00e3o total na \u00e1rea m\u00ednima de descarga.<\/li>\n<li>Di\u00e2metro externo tangente aos parafusos para facilitar a centragem entre flanges.<\/li>\n<li>O design de ranhura dupla fresada evita a instala\u00e7\u00e3o incorrecta dos discos de rutura.<\/li>\n<li>Os suportes HRA protegem a c\u00fapula do disco dos discos de a\u00e7\u00e3o inversa, como os modelos SCR, Y90 e KRD.<\/li>\n<li>Inclui dois clipes laterais de montagem em a\u00e7o inoxid\u00e1vel para facilitar o manuseamento.<\/li>\n<li>As setas de fluxo no suporte e nas etiquetas do disco de rutura confirmam a dire\u00e7\u00e3o correta do fluxo.<\/li>\n<li>O acabamento superficial reduzido entre 125 e 250 micropolegadas (3,2 a 6,3 micr\u00f3metros) est\u00e1 dispon\u00edvel mediante pedido.<\/li>\n<li>Acabamento da face em l\u00edngua\/ranhura (de acordo com a norma DIN EN 1092-1) dispon\u00edvel a pedido<\/li>\n<li>A liga\u00e7\u00e3o de torneira de calibre (1\/4&#8243; ou \u00bd&#8221;) NPT est\u00e1 dispon\u00edvel mediante pedido.<\/li>\n<\/ul>\n<h2>Porqu\u00ea escolher a DonadonSDD?<\/h2>\n<ul>\n<li>Os nossos suportes s\u00e3o personaliz\u00e1veis e podem ser fabricados em conformidade com uma vasta gama de normas internacionais de flanges, incluindo, entre outras, a EN 1092-1 (norma europeia), a ASME (Sociedade Americana de Engenheiros Mec\u00e2nicos), a ANSI (Instituto Americano de Normas Nacionais), a BS (normas brit\u00e2nicas), a AS (normas australianas), a SABS (Gabinete de Normas da \u00c1frica do Sul) e a JIS (normas industriais japonesas). Isto assegura que os nossos produtos satisfazem os requisitos diversos e espec\u00edficos dos nossos clientes. <\/li>\n<li>Os suportes podem ser adaptados para conter toda a(s) p\u00e9tala(s) na abertura do disco, assegurando um desempenho \u00f3timo (recomendado quando instalado diretamente sob v\u00e1lvulas de al\u00edvio).<\/li>\n<li>Est\u00e3o dispon\u00edveis op\u00e7\u00f5es de O-ring para oferecer um melhor desempenho em termos de fugas para aplica\u00e7\u00f5es de elevada integridade, como as que envolvem hidrog\u00e9nio ou no dom\u00ednio nuclear.<\/li>\n<li>Dispon\u00edvel numa vasta gama de tamanhos, configura\u00e7\u00f5es e materiais normalizados (a\u00e7o carbono, a\u00e7o inoxid\u00e1vel 316L e 304, liga 201, liga 400, liga 625, liga C276, etc.).<\/li>\n<li>Est\u00e3o dispon\u00edveis tratamentos especiais, como o revestimento PFA, que oferecem uma excelente resist\u00eancia qu\u00edmica e propriedades antiaderentes.<\/li>\n<\/ul>\n","protected":false},"excerpt":{"rendered":"<p>Os suportes HIA\/HRA s\u00e3o especificamente concebidos para garantir a m\u00e1xima fiabilidade, otimizar o fluxo (devido \u00e0 abertura ideal dos discos de rutura), assegurar a orienta\u00e7\u00e3o adequada no sistema de tubagem, proporcionar uma veda\u00e7\u00e3o estanque e evitar a fragmenta\u00e7\u00e3o do disco de rutura DonadonSDD. Normalmente, um suporte de disco de rutura \u00e9 uma unidade de duas [&hellip;]<\/p>\n","protected":false},"featured_media":10320,"menu_order":0,"template":"","meta":{"_acf_changed":false},"categoria_prodotto":[90,79],"class_list":["post-6290","product","type-product","status-publish","has-post-thumbnail","hentry","categoria_prodotto-holders","categoria_prodotto-rupture-discs"],"acf":[],"yoast_head":"<!-- This site is optimized with the Yoast SEO plugin v27.3 - https:\/\/yoast.com\/product\/yoast-seo-wordpress\/ -->\n<title>Suportes de discos de rutura para discos de avan\u00e7o e retrocesso - HIA \/ HRA<\/title>\n<meta name=\"description\" content=\"Suportes de discos de rutura de duas pe\u00e7as instalados entre flanges. Concebidos para discos de rutura de a\u00e7\u00e3o direta e inversa, asseguram um posicionamento correto, um desempenho de abertura total e uma veda\u00e7\u00e3o fi\u00e1vel sem afetar a funcionalidade do disco.\" \/>\n<meta name=\"robots\" content=\"index, follow, max-snippet:-1, max-image-preview:large, max-video-preview:-1\" \/>\n<link rel=\"canonical\" href=\"https:\/\/www.donadonsdd.com\/pt-pt\/produto\/hia-hra\/\" \/>\n<meta property=\"og:locale\" content=\"pt_PT\" \/>\n<meta property=\"og:type\" content=\"article\" \/>\n<meta property=\"og:title\" content=\"Suportes de discos de rutura para discos de avan\u00e7o e retrocesso - HIA \/ HRA\" \/>\n<meta property=\"og:description\" content=\"Suportes de discos de rutura de duas pe\u00e7as instalados entre flanges. Concebidos para discos de rutura de a\u00e7\u00e3o direta e inversa, asseguram um posicionamento correto, um desempenho de abertura total e uma veda\u00e7\u00e3o fi\u00e1vel sem afetar a funcionalidade do disco.\" \/>\n<meta property=\"og:url\" content=\"https:\/\/www.donadonsdd.com\/pt-pt\/produto\/hia-hra\/\" \/>\n<meta property=\"og:site_name\" content=\"DonadonSDD Srl\" \/>\n<meta property=\"article:modified_time\" content=\"2026-02-28T00:05:48+00:00\" \/>\n<meta property=\"og:image\" content=\"https:\/\/www.donadonsdd.com\/wp-content\/uploads\/2025\/12\/donadon-128.png\" \/>\n\t<meta property=\"og:image:width\" content=\"1800\" \/>\n\t<meta property=\"og:image:height\" content=\"1200\" \/>\n\t<meta property=\"og:image:type\" content=\"image\/png\" \/>\n<meta name=\"twitter:card\" content=\"summary_large_image\" \/>\n<meta name=\"twitter:label1\" content=\"Tempo estimado de leitura\" \/>\n\t<meta name=\"twitter:data1\" content=\"3 minutos\" \/>\n<script type=\"application\/ld+json\" class=\"yoast-schema-graph\">{\"@context\":\"https:\\\/\\\/schema.org\",\"@graph\":[{\"@type\":\"WebPage\",\"@id\":\"https:\\\/\\\/www.donadonsdd.com\\\/pt-pt\\\/produto\\\/hia-hra\\\/\",\"url\":\"https:\\\/\\\/www.donadonsdd.com\\\/pt-pt\\\/produto\\\/hia-hra\\\/\",\"name\":\"Suportes de discos de rutura para discos de avan\u00e7o e retrocesso - HIA \\\/ HRA\",\"isPartOf\":{\"@id\":\"https:\\\/\\\/www.donadonsdd.com\\\/pt-pt\\\/#website\"},\"primaryImageOfPage\":{\"@id\":\"https:\\\/\\\/www.donadonsdd.com\\\/pt-pt\\\/produto\\\/hia-hra\\\/#primaryimage\"},\"image\":{\"@id\":\"https:\\\/\\\/www.donadonsdd.com\\\/pt-pt\\\/produto\\\/hia-hra\\\/#primaryimage\"},\"thumbnailUrl\":\"https:\\\/\\\/www.donadonsdd.com\\\/wp-content\\\/uploads\\\/2025\\\/12\\\/donadon-128.png\",\"datePublished\":\"2025-12-10T15:09:24+00:00\",\"dateModified\":\"2026-02-28T00:05:48+00:00\",\"description\":\"Suportes de discos de rutura de duas pe\u00e7as instalados entre flanges. Concebidos para discos de rutura de a\u00e7\u00e3o direta e inversa, asseguram um posicionamento correto, um desempenho de abertura total e uma veda\u00e7\u00e3o fi\u00e1vel sem afetar a funcionalidade do disco.\",\"breadcrumb\":{\"@id\":\"https:\\\/\\\/www.donadonsdd.com\\\/pt-pt\\\/produto\\\/hia-hra\\\/#breadcrumb\"},\"inLanguage\":\"pt-PT\",\"potentialAction\":[{\"@type\":\"ReadAction\",\"target\":[\"https:\\\/\\\/www.donadonsdd.com\\\/pt-pt\\\/produto\\\/hia-hra\\\/\"]}]},{\"@type\":\"ImageObject\",\"inLanguage\":\"pt-PT\",\"@id\":\"https:\\\/\\\/www.donadonsdd.com\\\/pt-pt\\\/produto\\\/hia-hra\\\/#primaryimage\",\"url\":\"https:\\\/\\\/www.donadonsdd.com\\\/wp-content\\\/uploads\\\/2025\\\/12\\\/donadon-128.png\",\"contentUrl\":\"https:\\\/\\\/www.donadonsdd.com\\\/wp-content\\\/uploads\\\/2025\\\/12\\\/donadon-128.png\",\"width\":1800,\"height\":1200},{\"@type\":\"BreadcrumbList\",\"@id\":\"https:\\\/\\\/www.donadonsdd.com\\\/pt-pt\\\/produto\\\/hia-hra\\\/#breadcrumb\",\"itemListElement\":[{\"@type\":\"ListItem\",\"position\":1,\"name\":\"HOMEPAGE\",\"item\":\"https:\\\/\\\/www.donadonsdd.com\\\/pt-pt\\\/\"},{\"@type\":\"ListItem\",\"position\":2,\"name\":\"Suportes HIA\\\/HRA &#8211; Garantir a m\u00e1xima fiabilidade dos discos de rutura\"}]},{\"@type\":\"WebSite\",\"@id\":\"https:\\\/\\\/www.donadonsdd.com\\\/pt-pt\\\/#website\",\"url\":\"https:\\\/\\\/www.donadonsdd.com\\\/pt-pt\\\/\",\"name\":\"DonadonSDD Srl\",\"description\":\"\",\"publisher\":{\"@id\":\"https:\\\/\\\/www.donadonsdd.com\\\/pt-pt\\\/#organization\"},\"potentialAction\":[{\"@type\":\"SearchAction\",\"target\":{\"@type\":\"EntryPoint\",\"urlTemplate\":\"https:\\\/\\\/www.donadonsdd.com\\\/pt-pt\\\/?s={search_term_string}\"},\"query-input\":{\"@type\":\"PropertyValueSpecification\",\"valueRequired\":true,\"valueName\":\"search_term_string\"}}],\"inLanguage\":\"pt-PT\"},{\"@type\":\"Organization\",\"@id\":\"https:\\\/\\\/www.donadonsdd.com\\\/pt-pt\\\/#organization\",\"name\":\"DonadonSDD Srl\",\"url\":\"https:\\\/\\\/www.donadonsdd.com\\\/pt-pt\\\/\",\"logo\":{\"@type\":\"ImageObject\",\"inLanguage\":\"pt-PT\",\"@id\":\"https:\\\/\\\/www.donadonsdd.com\\\/pt-pt\\\/#\\\/schema\\\/logo\\\/image\\\/\",\"url\":\"https:\\\/\\\/www.donadonsdd.com\\\/wp-content\\\/uploads\\\/2025\\\/11\\\/donadonsdd-logo.png\",\"contentUrl\":\"https:\\\/\\\/www.donadonsdd.com\\\/wp-content\\\/uploads\\\/2025\\\/11\\\/donadonsdd-logo.png\",\"width\":544,\"height\":96,\"caption\":\"DonadonSDD Srl\"},\"image\":{\"@id\":\"https:\\\/\\\/www.donadonsdd.com\\\/pt-pt\\\/#\\\/schema\\\/logo\\\/image\\\/\"}}]}<\/script>\n<!-- \/ Yoast SEO plugin. -->","yoast_head_json":{"title":"Suportes de discos de rutura para discos de avan\u00e7o e retrocesso - HIA \/ HRA","description":"Suportes de discos de rutura de duas pe\u00e7as instalados entre flanges. Concebidos para discos de rutura de a\u00e7\u00e3o direta e inversa, asseguram um posicionamento correto, um desempenho de abertura total e uma veda\u00e7\u00e3o fi\u00e1vel sem afetar a funcionalidade do disco.","robots":{"index":"index","follow":"follow","max-snippet":"max-snippet:-1","max-image-preview":"max-image-preview:large","max-video-preview":"max-video-preview:-1"},"canonical":"https:\/\/www.donadonsdd.com\/pt-pt\/produto\/hia-hra\/","og_locale":"pt_PT","og_type":"article","og_title":"Suportes de discos de rutura para discos de avan\u00e7o e retrocesso - HIA \/ HRA","og_description":"Suportes de discos de rutura de duas pe\u00e7as instalados entre flanges. Concebidos para discos de rutura de a\u00e7\u00e3o direta e inversa, asseguram um posicionamento correto, um desempenho de abertura total e uma veda\u00e7\u00e3o fi\u00e1vel sem afetar a funcionalidade do disco.","og_url":"https:\/\/www.donadonsdd.com\/pt-pt\/produto\/hia-hra\/","og_site_name":"DonadonSDD Srl","article_modified_time":"2026-02-28T00:05:48+00:00","og_image":[{"width":1800,"height":1200,"url":"https:\/\/www.donadonsdd.com\/wp-content\/uploads\/2025\/12\/donadon-128.png","type":"image\/png"}],"twitter_card":"summary_large_image","twitter_misc":{"Tempo estimado de leitura":"3 minutos"},"schema":{"@context":"https:\/\/schema.org","@graph":[{"@type":"WebPage","@id":"https:\/\/www.donadonsdd.com\/pt-pt\/produto\/hia-hra\/","url":"https:\/\/www.donadonsdd.com\/pt-pt\/produto\/hia-hra\/","name":"Suportes de discos de rutura para discos de avan\u00e7o e retrocesso - HIA \/ HRA","isPartOf":{"@id":"https:\/\/www.donadonsdd.com\/pt-pt\/#website"},"primaryImageOfPage":{"@id":"https:\/\/www.donadonsdd.com\/pt-pt\/produto\/hia-hra\/#primaryimage"},"image":{"@id":"https:\/\/www.donadonsdd.com\/pt-pt\/produto\/hia-hra\/#primaryimage"},"thumbnailUrl":"https:\/\/www.donadonsdd.com\/wp-content\/uploads\/2025\/12\/donadon-128.png","datePublished":"2025-12-10T15:09:24+00:00","dateModified":"2026-02-28T00:05:48+00:00","description":"Suportes de discos de rutura de duas pe\u00e7as instalados entre flanges. Concebidos para discos de rutura de a\u00e7\u00e3o direta e inversa, asseguram um posicionamento correto, um desempenho de abertura total e uma veda\u00e7\u00e3o fi\u00e1vel sem afetar a funcionalidade do disco.","breadcrumb":{"@id":"https:\/\/www.donadonsdd.com\/pt-pt\/produto\/hia-hra\/#breadcrumb"},"inLanguage":"pt-PT","potentialAction":[{"@type":"ReadAction","target":["https:\/\/www.donadonsdd.com\/pt-pt\/produto\/hia-hra\/"]}]},{"@type":"ImageObject","inLanguage":"pt-PT","@id":"https:\/\/www.donadonsdd.com\/pt-pt\/produto\/hia-hra\/#primaryimage","url":"https:\/\/www.donadonsdd.com\/wp-content\/uploads\/2025\/12\/donadon-128.png","contentUrl":"https:\/\/www.donadonsdd.com\/wp-content\/uploads\/2025\/12\/donadon-128.png","width":1800,"height":1200},{"@type":"BreadcrumbList","@id":"https:\/\/www.donadonsdd.com\/pt-pt\/produto\/hia-hra\/#breadcrumb","itemListElement":[{"@type":"ListItem","position":1,"name":"HOMEPAGE","item":"https:\/\/www.donadonsdd.com\/pt-pt\/"},{"@type":"ListItem","position":2,"name":"Suportes HIA\/HRA &#8211; Garantir a m\u00e1xima fiabilidade dos discos de rutura"}]},{"@type":"WebSite","@id":"https:\/\/www.donadonsdd.com\/pt-pt\/#website","url":"https:\/\/www.donadonsdd.com\/pt-pt\/","name":"DonadonSDD Srl","description":"","publisher":{"@id":"https:\/\/www.donadonsdd.com\/pt-pt\/#organization"},"potentialAction":[{"@type":"SearchAction","target":{"@type":"EntryPoint","urlTemplate":"https:\/\/www.donadonsdd.com\/pt-pt\/?s={search_term_string}"},"query-input":{"@type":"PropertyValueSpecification","valueRequired":true,"valueName":"search_term_string"}}],"inLanguage":"pt-PT"},{"@type":"Organization","@id":"https:\/\/www.donadonsdd.com\/pt-pt\/#organization","name":"DonadonSDD Srl","url":"https:\/\/www.donadonsdd.com\/pt-pt\/","logo":{"@type":"ImageObject","inLanguage":"pt-PT","@id":"https:\/\/www.donadonsdd.com\/pt-pt\/#\/schema\/logo\/image\/","url":"https:\/\/www.donadonsdd.com\/wp-content\/uploads\/2025\/11\/donadonsdd-logo.png","contentUrl":"https:\/\/www.donadonsdd.com\/wp-content\/uploads\/2025\/11\/donadonsdd-logo.png","width":544,"height":96,"caption":"DonadonSDD Srl"},"image":{"@id":"https:\/\/www.donadonsdd.com\/pt-pt\/#\/schema\/logo\/image\/"}}]}},"toolset-meta":{"toolset-woocommerce-fields":{"_download_limit":{"type":"numeric","raw":""},"_virtual":{"type":"checkbox","raw":""},"_downloadable":{"type":"checkbox","raw":""},"_download_expiry":{"type":"numeric","raw":""},"_download_type":{"type":"radio","raw":""},"_regular_price":{"type":"numeric","raw":""},"_sale_price":{"type":"numeric","raw":""},"_sale_price_dates_from":{"type":"date","raw":"","formatted":null},"_sale_price_dates_to":{"type":"date","raw":"","formatted":null},"_sku":{"type":"textfield","raw":""},"_manage_stock":{"type":"checkbox","raw":""},"_stock_status":{"type":"radio","raw":""},"_stock":{"type":"numeric","raw":""},"_backorders":{"type":"radio","raw":""},"_sold_individually":{"type":"checkbox","raw":""},"_width":{"type":"numeric","raw":""},"_weight":{"type":"numeric","raw":""},"_length":{"type":"numeric","raw":""},"_purchase_note":{"type":"textarea","raw":""}},"infografica":{"operation-ratio":{"type":"textfield","raw":""},"non-fragmenting":{"type":"textfield","raw":""},"vacumm-resistant":{"type":"textfield","raw":""},"sanitary":{"type":"textfield","raw":""},"liquid":{"type":"textfield","raw":""},"vapor-gas":{"type":"textfield","raw":""},"ferrules":{"type":"textfield","raw":""}},"dettagli-prodotto":{"immagini-prodotto":{"type":"image","raw":["https:\/\/www.donadonsdd.com\/wp-content\/uploads\/2025\/12\/donadon-126_result.webp","https:\/\/www.donadonsdd.com\/wp-content\/uploads\/2025\/12\/donadon-127_result.webp","https:\/\/www.donadonsdd.com\/wp-content\/uploads\/2025\/12\/donadon-128_result.webp","https:\/\/www.donadonsdd.com\/wp-content\/uploads\/2025\/12\/donadon-129_result.webp","https:\/\/www.donadonsdd.com\/wp-content\/uploads\/2025\/12\/donadon-130_result.webp","https:\/\/www.donadonsdd.com\/wp-content\/uploads\/2025\/12\/donadon-131_result.webp"],"repeatable":[{"raw":"https:\/\/www.donadonsdd.com\/wp-content\/uploads\/2025\/12\/donadon-126_result.webp","attachment_id":6292},{"raw":"https:\/\/www.donadonsdd.com\/wp-content\/uploads\/2025\/12\/donadon-127_result.webp","attachment_id":6293},{"raw":"https:\/\/www.donadonsdd.com\/wp-content\/uploads\/2025\/12\/donadon-128_result.webp","attachment_id":6294},{"raw":"https:\/\/www.donadonsdd.com\/wp-content\/uploads\/2025\/12\/donadon-129_result.webp","attachment_id":6295},{"raw":"https:\/\/www.donadonsdd.com\/wp-content\/uploads\/2025\/12\/donadon-130_result.webp","attachment_id":6297},{"raw":"https:\/\/www.donadonsdd.com\/wp-content\/uploads\/2025\/12\/donadon-131_result.webp","attachment_id":1463}]},"tabella-specifiche":{"type":"wysiwyg","raw":"<p class=\"p1\">Tipo | HIA | HRA;\nLista de Compatibilidades de Discos | <a href=\"https:\/\/www.donadonsdd.com\/pt-pt\/produto\/dcd-composite\/\">DCD<\/a>, <a href=\"https:\/\/www.donadonsdd.com\/pt-pt\/produto\/lpd\/\">LPD<\/a>, <a href=\"https:\/\/www.donadonsdd.com\/pt-pt\/produto\/scd\/\">SCD<\/a>, <a href=\"https:\/\/www.donadonsdd.com\/pt-pt\/produto\/gr\/\">GR<\/a> | <a href=\"https:\/\/www.donadonsdd.com\/pt-pt\/produto\/scr\/\">SCR<\/a>, <a href=\"https:\/\/www.donadonsdd.com\/pt-pt\/produto\/y90\/\">Y90<\/a>, <a href=\"https:\/\/www.donadonsdd.com\/pt-pt\/produto\/krd\/\">KRD<\/a>;\nDimens\u00f5es | De DN15 (\u00bd polegada) a DN1000 (40 polegadas);\nAcess\u00f3rios | Bicos, conectores T, v\u00e1lvula de excesso de fluxo, man\u00f3metro;<\/p>"}}},"_links":{"self":[{"href":"https:\/\/www.donadonsdd.com\/pt-pt\/wp-json\/wp\/v2\/product\/6290","targetHints":{"allow":["GET"]}}],"collection":[{"href":"https:\/\/www.donadonsdd.com\/pt-pt\/wp-json\/wp\/v2\/product"}],"about":[{"href":"https:\/\/www.donadonsdd.com\/pt-pt\/wp-json\/wp\/v2\/types\/product"}],"wp:featuredmedia":[{"embeddable":true,"href":"https:\/\/www.donadonsdd.com\/pt-pt\/wp-json\/wp\/v2\/media\/10320"}],"wp:attachment":[{"href":"https:\/\/www.donadonsdd.com\/pt-pt\/wp-json\/wp\/v2\/media?parent=6290"}],"wp:term":[{"taxonomy":"categoria_prodotto","embeddable":true,"href":"https:\/\/www.donadonsdd.com\/pt-pt\/wp-json\/wp\/v2\/categoria_prodotto?post=6290"}],"curies":[{"name":"wp","href":"https:\/\/api.w.org\/{rel}","templated":true}]}}