{"id":6304,"date":"2025-12-10T15:24:45","date_gmt":"2025-12-10T14:24:45","guid":{"rendered":"https:\/\/www.donadonsdd.com\/product\/suportes-de-discos-gr-solucao-de-montagem-fiavel-para-discos-de-grafite-substituiveis-gr\/"},"modified":"2026-03-03T15:47:41","modified_gmt":"2026-03-03T14:47:41","slug":"gr-2","status":"publish","type":"product","link":"https:\/\/www.donadonsdd.com\/pt-pt\/produto\/gr-2\/","title":{"rendered":"Suportes de discos GR &#8211; Solu\u00e7\u00e3o de montagem fi\u00e1vel para discos de grafite substitu\u00edveis GR"},"content":{"rendered":"<p>Os suportes GR s\u00e3o meticulosamente concebidos para garantir a m\u00e1xima fiabilidade dos discos de rutura DonadonSDD. Os nossos suportes GR, especificamente concebidos para a montagem de discos de grafite substitu\u00edveis GR, proporcionam uma solu\u00e7\u00e3o de montagem segura e eficiente para aplica\u00e7\u00f5es industriais. <\/p>\n<h2>Principais carater\u00edsticas e vantagens t\u00e9cnicas<\/h2>\n<ul>\n<li>Di\u00e2metro interno dimensionado para permitir a abertura total do disco e a transmiss\u00e3o total na \u00e1rea m\u00ednima de descarga.<\/li>\n<li>Di\u00e2metro externo tangente aos parafusos para facilitar a centragem entre flanges.<\/li>\n<li>Completo com vedantes de grafite para um desempenho de veda\u00e7\u00e3o eficaz<\/li>\n<li>As setas de fluxo no suporte e nas etiquetas do disco de rutura confirmam a dire\u00e7\u00e3o correta do fluxo.<\/li>\n<\/ul>\n<h2>Porqu\u00ea escolher a DonadonSDD?<\/h2>\n<ul>\n<li>As duas pe\u00e7as de grafite flangeadas proporcionam durabilidade e resist\u00eancia a fluidos agressivos, garantindo longevidade e desempenho em aplica\u00e7\u00f5es industriais exigentes.<\/li>\n<li>Os suportes de discos DonadonSDD GR foram concebidos para serem f\u00e1ceis de instalar, facilitando a montagem eficiente e sem complica\u00e7\u00f5es dos discos.<\/li>\n<\/ul>\n","protected":false},"excerpt":{"rendered":"<p>Os suportes GR s\u00e3o meticulosamente concebidos para garantir a m\u00e1xima fiabilidade dos discos de rutura DonadonSDD. Os nossos suportes GR, especificamente concebidos para a montagem de discos de grafite substitu\u00edveis GR, proporcionam uma solu\u00e7\u00e3o de montagem segura e eficiente para aplica\u00e7\u00f5es industriais. Principais carater\u00edsticas e vantagens t\u00e9cnicas Di\u00e2metro interno dimensionado para permitir a abertura total [&hellip;]<\/p>\n","protected":false},"featured_media":10324,"menu_order":0,"template":"","meta":{"_acf_changed":false},"categoria_prodotto":[90,79],"class_list":["post-6304","product","type-product","status-publish","has-post-thumbnail","hentry","categoria_prodotto-holders","categoria_prodotto-rupture-discs"],"acf":[],"yoast_head":"<!-- This site is optimized with the Yoast SEO plugin v27.3 - https:\/\/yoast.com\/product\/yoast-seo-wordpress\/ -->\n<title>Suportes de discos de rutura em grafite - GR<\/title>\n<meta name=\"description\" content=\"Suportes de discos de rutura de grafite concebidos para discos de rutura de grafite substitu\u00edveis GR. Instalados entre flanges, asseguram uma abertura total, uma centragem correta e uma veda\u00e7\u00e3o fi\u00e1vel para meios industriais agressivos.\" \/>\n<meta name=\"robots\" content=\"index, follow, max-snippet:-1, max-image-preview:large, max-video-preview:-1\" \/>\n<link rel=\"canonical\" href=\"https:\/\/www.donadonsdd.com\/pt-pt\/produto\/gr-2\/\" \/>\n<meta property=\"og:locale\" content=\"pt_PT\" \/>\n<meta property=\"og:type\" content=\"article\" \/>\n<meta property=\"og:title\" content=\"Suportes de discos de rutura em grafite - GR\" \/>\n<meta property=\"og:description\" content=\"Suportes de discos de rutura de grafite concebidos para discos de rutura de grafite substitu\u00edveis GR. Instalados entre flanges, asseguram uma abertura total, uma centragem correta e uma veda\u00e7\u00e3o fi\u00e1vel para meios industriais agressivos.\" \/>\n<meta property=\"og:url\" content=\"https:\/\/www.donadonsdd.com\/pt-pt\/produto\/gr-2\/\" \/>\n<meta property=\"og:site_name\" content=\"DonadonSDD Srl\" \/>\n<meta property=\"article:modified_time\" content=\"2026-03-03T14:47:41+00:00\" \/>\n<meta property=\"og:image\" content=\"https:\/\/www.donadonsdd.com\/wp-content\/uploads\/2025\/12\/donadon-118.png\" \/>\n\t<meta property=\"og:image:width\" content=\"1800\" \/>\n\t<meta property=\"og:image:height\" content=\"1200\" \/>\n\t<meta property=\"og:image:type\" content=\"image\/png\" \/>\n<meta name=\"twitter:card\" content=\"summary_large_image\" \/>\n<meta name=\"twitter:label1\" content=\"Tempo estimado de leitura\" \/>\n\t<meta name=\"twitter:data1\" content=\"1 minuto\" \/>\n<script type=\"application\/ld+json\" class=\"yoast-schema-graph\">{\"@context\":\"https:\\\/\\\/schema.org\",\"@graph\":[{\"@type\":\"WebPage\",\"@id\":\"https:\\\/\\\/www.donadonsdd.com\\\/pt-pt\\\/produto\\\/gr-2\\\/\",\"url\":\"https:\\\/\\\/www.donadonsdd.com\\\/pt-pt\\\/produto\\\/gr-2\\\/\",\"name\":\"Suportes de discos de rutura em grafite - GR\",\"isPartOf\":{\"@id\":\"https:\\\/\\\/www.donadonsdd.com\\\/pt-pt\\\/#website\"},\"primaryImageOfPage\":{\"@id\":\"https:\\\/\\\/www.donadonsdd.com\\\/pt-pt\\\/produto\\\/gr-2\\\/#primaryimage\"},\"image\":{\"@id\":\"https:\\\/\\\/www.donadonsdd.com\\\/pt-pt\\\/produto\\\/gr-2\\\/#primaryimage\"},\"thumbnailUrl\":\"https:\\\/\\\/www.donadonsdd.com\\\/wp-content\\\/uploads\\\/2025\\\/12\\\/donadon-118.png\",\"datePublished\":\"2025-12-10T14:24:45+00:00\",\"dateModified\":\"2026-03-03T14:47:41+00:00\",\"description\":\"Suportes de discos de rutura de grafite concebidos para discos de rutura de grafite substitu\u00edveis GR. Instalados entre flanges, asseguram uma abertura total, uma centragem correta e uma veda\u00e7\u00e3o fi\u00e1vel para meios industriais agressivos.\",\"breadcrumb\":{\"@id\":\"https:\\\/\\\/www.donadonsdd.com\\\/pt-pt\\\/produto\\\/gr-2\\\/#breadcrumb\"},\"inLanguage\":\"pt-PT\",\"potentialAction\":[{\"@type\":\"ReadAction\",\"target\":[\"https:\\\/\\\/www.donadonsdd.com\\\/pt-pt\\\/produto\\\/gr-2\\\/\"]}]},{\"@type\":\"ImageObject\",\"inLanguage\":\"pt-PT\",\"@id\":\"https:\\\/\\\/www.donadonsdd.com\\\/pt-pt\\\/produto\\\/gr-2\\\/#primaryimage\",\"url\":\"https:\\\/\\\/www.donadonsdd.com\\\/wp-content\\\/uploads\\\/2025\\\/12\\\/donadon-118.png\",\"contentUrl\":\"https:\\\/\\\/www.donadonsdd.com\\\/wp-content\\\/uploads\\\/2025\\\/12\\\/donadon-118.png\",\"width\":1800,\"height\":1200},{\"@type\":\"BreadcrumbList\",\"@id\":\"https:\\\/\\\/www.donadonsdd.com\\\/pt-pt\\\/produto\\\/gr-2\\\/#breadcrumb\",\"itemListElement\":[{\"@type\":\"ListItem\",\"position\":1,\"name\":\"HOMEPAGE\",\"item\":\"https:\\\/\\\/www.donadonsdd.com\\\/pt-pt\\\/\"},{\"@type\":\"ListItem\",\"position\":2,\"name\":\"Suportes de discos GR &#8211; Solu\u00e7\u00e3o de montagem fi\u00e1vel para discos de grafite substitu\u00edveis GR\"}]},{\"@type\":\"WebSite\",\"@id\":\"https:\\\/\\\/www.donadonsdd.com\\\/pt-pt\\\/#website\",\"url\":\"https:\\\/\\\/www.donadonsdd.com\\\/pt-pt\\\/\",\"name\":\"DonadonSDD Srl\",\"description\":\"\",\"publisher\":{\"@id\":\"https:\\\/\\\/www.donadonsdd.com\\\/pt-pt\\\/#organization\"},\"potentialAction\":[{\"@type\":\"SearchAction\",\"target\":{\"@type\":\"EntryPoint\",\"urlTemplate\":\"https:\\\/\\\/www.donadonsdd.com\\\/pt-pt\\\/?s={search_term_string}\"},\"query-input\":{\"@type\":\"PropertyValueSpecification\",\"valueRequired\":true,\"valueName\":\"search_term_string\"}}],\"inLanguage\":\"pt-PT\"},{\"@type\":\"Organization\",\"@id\":\"https:\\\/\\\/www.donadonsdd.com\\\/pt-pt\\\/#organization\",\"name\":\"DonadonSDD Srl\",\"url\":\"https:\\\/\\\/www.donadonsdd.com\\\/pt-pt\\\/\",\"logo\":{\"@type\":\"ImageObject\",\"inLanguage\":\"pt-PT\",\"@id\":\"https:\\\/\\\/www.donadonsdd.com\\\/pt-pt\\\/#\\\/schema\\\/logo\\\/image\\\/\",\"url\":\"https:\\\/\\\/www.donadonsdd.com\\\/wp-content\\\/uploads\\\/2025\\\/11\\\/donadonsdd-logo.png\",\"contentUrl\":\"https:\\\/\\\/www.donadonsdd.com\\\/wp-content\\\/uploads\\\/2025\\\/11\\\/donadonsdd-logo.png\",\"width\":544,\"height\":96,\"caption\":\"DonadonSDD Srl\"},\"image\":{\"@id\":\"https:\\\/\\\/www.donadonsdd.com\\\/pt-pt\\\/#\\\/schema\\\/logo\\\/image\\\/\"}}]}<\/script>\n<!-- \/ Yoast SEO plugin. -->","yoast_head_json":{"title":"Suportes de discos de rutura em grafite - GR","description":"Suportes de discos de rutura de grafite concebidos para discos de rutura de grafite substitu\u00edveis GR. Instalados entre flanges, asseguram uma abertura total, uma centragem correta e uma veda\u00e7\u00e3o fi\u00e1vel para meios industriais agressivos.","robots":{"index":"index","follow":"follow","max-snippet":"max-snippet:-1","max-image-preview":"max-image-preview:large","max-video-preview":"max-video-preview:-1"},"canonical":"https:\/\/www.donadonsdd.com\/pt-pt\/produto\/gr-2\/","og_locale":"pt_PT","og_type":"article","og_title":"Suportes de discos de rutura em grafite - GR","og_description":"Suportes de discos de rutura de grafite concebidos para discos de rutura de grafite substitu\u00edveis GR. Instalados entre flanges, asseguram uma abertura total, uma centragem correta e uma veda\u00e7\u00e3o fi\u00e1vel para meios industriais agressivos.","og_url":"https:\/\/www.donadonsdd.com\/pt-pt\/produto\/gr-2\/","og_site_name":"DonadonSDD Srl","article_modified_time":"2026-03-03T14:47:41+00:00","og_image":[{"width":1800,"height":1200,"url":"https:\/\/www.donadonsdd.com\/wp-content\/uploads\/2025\/12\/donadon-118.png","type":"image\/png"}],"twitter_card":"summary_large_image","twitter_misc":{"Tempo estimado de leitura":"1 minuto"},"schema":{"@context":"https:\/\/schema.org","@graph":[{"@type":"WebPage","@id":"https:\/\/www.donadonsdd.com\/pt-pt\/produto\/gr-2\/","url":"https:\/\/www.donadonsdd.com\/pt-pt\/produto\/gr-2\/","name":"Suportes de discos de rutura em grafite - GR","isPartOf":{"@id":"https:\/\/www.donadonsdd.com\/pt-pt\/#website"},"primaryImageOfPage":{"@id":"https:\/\/www.donadonsdd.com\/pt-pt\/produto\/gr-2\/#primaryimage"},"image":{"@id":"https:\/\/www.donadonsdd.com\/pt-pt\/produto\/gr-2\/#primaryimage"},"thumbnailUrl":"https:\/\/www.donadonsdd.com\/wp-content\/uploads\/2025\/12\/donadon-118.png","datePublished":"2025-12-10T14:24:45+00:00","dateModified":"2026-03-03T14:47:41+00:00","description":"Suportes de discos de rutura de grafite concebidos para discos de rutura de grafite substitu\u00edveis GR. Instalados entre flanges, asseguram uma abertura total, uma centragem correta e uma veda\u00e7\u00e3o fi\u00e1vel para meios industriais agressivos.","breadcrumb":{"@id":"https:\/\/www.donadonsdd.com\/pt-pt\/produto\/gr-2\/#breadcrumb"},"inLanguage":"pt-PT","potentialAction":[{"@type":"ReadAction","target":["https:\/\/www.donadonsdd.com\/pt-pt\/produto\/gr-2\/"]}]},{"@type":"ImageObject","inLanguage":"pt-PT","@id":"https:\/\/www.donadonsdd.com\/pt-pt\/produto\/gr-2\/#primaryimage","url":"https:\/\/www.donadonsdd.com\/wp-content\/uploads\/2025\/12\/donadon-118.png","contentUrl":"https:\/\/www.donadonsdd.com\/wp-content\/uploads\/2025\/12\/donadon-118.png","width":1800,"height":1200},{"@type":"BreadcrumbList","@id":"https:\/\/www.donadonsdd.com\/pt-pt\/produto\/gr-2\/#breadcrumb","itemListElement":[{"@type":"ListItem","position":1,"name":"HOMEPAGE","item":"https:\/\/www.donadonsdd.com\/pt-pt\/"},{"@type":"ListItem","position":2,"name":"Suportes de discos GR &#8211; Solu\u00e7\u00e3o de montagem fi\u00e1vel para discos de grafite substitu\u00edveis GR"}]},{"@type":"WebSite","@id":"https:\/\/www.donadonsdd.com\/pt-pt\/#website","url":"https:\/\/www.donadonsdd.com\/pt-pt\/","name":"DonadonSDD Srl","description":"","publisher":{"@id":"https:\/\/www.donadonsdd.com\/pt-pt\/#organization"},"potentialAction":[{"@type":"SearchAction","target":{"@type":"EntryPoint","urlTemplate":"https:\/\/www.donadonsdd.com\/pt-pt\/?s={search_term_string}"},"query-input":{"@type":"PropertyValueSpecification","valueRequired":true,"valueName":"search_term_string"}}],"inLanguage":"pt-PT"},{"@type":"Organization","@id":"https:\/\/www.donadonsdd.com\/pt-pt\/#organization","name":"DonadonSDD Srl","url":"https:\/\/www.donadonsdd.com\/pt-pt\/","logo":{"@type":"ImageObject","inLanguage":"pt-PT","@id":"https:\/\/www.donadonsdd.com\/pt-pt\/#\/schema\/logo\/image\/","url":"https:\/\/www.donadonsdd.com\/wp-content\/uploads\/2025\/11\/donadonsdd-logo.png","contentUrl":"https:\/\/www.donadonsdd.com\/wp-content\/uploads\/2025\/11\/donadonsdd-logo.png","width":544,"height":96,"caption":"DonadonSDD Srl"},"image":{"@id":"https:\/\/www.donadonsdd.com\/pt-pt\/#\/schema\/logo\/image\/"}}]}},"toolset-meta":{"toolset-woocommerce-fields":{"_download_limit":{"type":"numeric","raw":""},"_virtual":{"type":"checkbox","raw":""},"_downloadable":{"type":"checkbox","raw":""},"_download_expiry":{"type":"numeric","raw":""},"_download_type":{"type":"radio","raw":""},"_regular_price":{"type":"numeric","raw":""},"_sale_price":{"type":"numeric","raw":""},"_sale_price_dates_from":{"type":"date","raw":"","formatted":null},"_sale_price_dates_to":{"type":"date","raw":"","formatted":null},"_sku":{"type":"textfield","raw":""},"_manage_stock":{"type":"checkbox","raw":""},"_stock_status":{"type":"radio","raw":""},"_stock":{"type":"numeric","raw":""},"_backorders":{"type":"radio","raw":""},"_sold_individually":{"type":"checkbox","raw":""},"_width":{"type":"numeric","raw":""},"_weight":{"type":"numeric","raw":""},"_length":{"type":"numeric","raw":""},"_purchase_note":{"type":"textarea","raw":""}},"infografica":{"operation-ratio":{"type":"textfield","raw":""},"non-fragmenting":{"type":"textfield","raw":""},"vacumm-resistant":{"type":"textfield","raw":""},"sanitary":{"type":"textfield","raw":""},"liquid":{"type":"textfield","raw":""},"vapor-gas":{"type":"textfield","raw":""},"ferrules":{"type":"textfield","raw":""}},"dettagli-prodotto":{"immagini-prodotto":{"type":"image","raw":["https:\/\/www.donadonsdd.com\/wp-content\/uploads\/2025\/12\/donadon-117_result.webp","https:\/\/www.donadonsdd.com\/wp-content\/uploads\/2025\/12\/donadon-118_result.webp","https:\/\/www.donadonsdd.com\/wp-content\/uploads\/2025\/12\/donadon-119_result.webp","https:\/\/www.donadonsdd.com\/wp-content\/uploads\/2025\/12\/donadon-120_result.webp"],"repeatable":[{"raw":"https:\/\/www.donadonsdd.com\/wp-content\/uploads\/2025\/12\/donadon-117_result.webp","attachment_id":6306},{"raw":"https:\/\/www.donadonsdd.com\/wp-content\/uploads\/2025\/12\/donadon-118_result.webp","attachment_id":6307},{"raw":"https:\/\/www.donadonsdd.com\/wp-content\/uploads\/2025\/12\/donadon-119_result.webp","attachment_id":6309},{"raw":"https:\/\/www.donadonsdd.com\/wp-content\/uploads\/2025\/12\/donadon-120_result.webp","attachment_id":6311}]},"tabella-specifiche":{"type":"wysiwyg","raw":"<p class=\"p1\">TIPO | GR;\nLISTA DE COMPATIBILIDADE DE DISCOS | <a href=\"https:\/\/www.donadonsdd.com\/product\/gr\/\">GR<\/a>;\nDIMENS\u00d5ES | De DN25 (1 polegada) a DN200 (8 polegadas);<\/p>"}}},"_links":{"self":[{"href":"https:\/\/www.donadonsdd.com\/pt-pt\/wp-json\/wp\/v2\/product\/6304","targetHints":{"allow":["GET"]}}],"collection":[{"href":"https:\/\/www.donadonsdd.com\/pt-pt\/wp-json\/wp\/v2\/product"}],"about":[{"href":"https:\/\/www.donadonsdd.com\/pt-pt\/wp-json\/wp\/v2\/types\/product"}],"wp:featuredmedia":[{"embeddable":true,"href":"https:\/\/www.donadonsdd.com\/pt-pt\/wp-json\/wp\/v2\/media\/10324"}],"wp:attachment":[{"href":"https:\/\/www.donadonsdd.com\/pt-pt\/wp-json\/wp\/v2\/media?parent=6304"}],"wp:term":[{"taxonomy":"categoria_prodotto","embeddable":true,"href":"https:\/\/www.donadonsdd.com\/pt-pt\/wp-json\/wp\/v2\/categoria_prodotto?post=6304"}],"curies":[{"name":"wp","href":"https:\/\/api.w.org\/{rel}","templated":true}]}}