{"id":6340,"date":"2025-12-11T13:47:42","date_gmt":"2025-12-11T12:47:42","guid":{"rendered":"https:\/\/www.donadonsdd.com\/product\/suportes-clamp-htc-solucoes-higienicas-para-as-industrias-farmaceutica-e-alimentar\/"},"modified":"2026-03-01T02:57:10","modified_gmt":"2026-03-01T01:57:10","slug":"htc","status":"publish","type":"product","link":"https:\/\/www.donadonsdd.com\/pt-pt\/produto\/htc\/","title":{"rendered":"Suportes Clamp HTC &#8211; Solu\u00e7\u00f5es higi\u00e9nicas para as ind\u00fastrias farmac\u00eautica e alimentar"},"content":{"rendered":"<p>Os suportes sanit\u00e1rios ou de grampo standard da HTC s\u00e3o especificamente concebidos para aplica\u00e7\u00f5es farmac\u00eauticas ou alimentares. Estes suportes proporcionam elevados padr\u00f5es de higiene e s\u00e3o adequados para ind\u00fastrias como a alimentar, a dos lactic\u00ednios, a dos cosm\u00e9ticos e a farmac\u00eautica. S\u00e3o normalmente utilizados em processos C.I.P. (Clean-In-Place) e S.I.P. (Sterilize-In-Place) devido \u00e0 sua f\u00e1cil instala\u00e7\u00e3o e manuten\u00e7\u00e3o.  <\/p>\n<h2>Principais carater\u00edsticas e vantagens t\u00e9cnicas<\/h2>\n<ul>\n<li>A constru\u00e7\u00e3o em a\u00e7o inoxid\u00e1vel (AISI 316) assegura a resist\u00eancia \u00e0 corros\u00e3o e a durabilidade.<\/li>\n<li>Acabamento interno de alta precis\u00e3o com uma rugosidade (Ra) inferior a 0,6 \u03bcm, minimizando a contamina\u00e7\u00e3o por part\u00edculas.<\/li>\n<li>O design de baixa turbul\u00eancia e baixa perda de press\u00e3o optimiza a efici\u00eancia do processo.<\/li>\n<li>Os suportes de discos de pin\u00e7as est\u00e3o dispon\u00edveis em v\u00e1rios tamanhos, de 1&#8243; a 6&#8243;, e s\u00e3o compostos por pin\u00e7as e casquilhos para uma instala\u00e7\u00e3o segura.<\/li>\n<\/ul>\n<p>Para aplica\u00e7\u00f5es que exijam padr\u00f5es de higiene ainda mais elevados e que evitem &#8220;pernas mortas&#8221; nas tomadas de bra\u00e7adeiras padr\u00e3o, oferecemos liga\u00e7\u00f5es de design compacto mediante pedido. Este modelo especial apresenta um acabamento de Ra&lt;0,5 \u03bcm ou superior. Ao utilizar estes suportes, o vedante da abra\u00e7adeira instalado fica nivelado dentro da parede do tanque, eliminando quaisquer \u00e1reas de estagna\u00e7\u00e3o e assegurando um fluxo suave de fluidos. As conex\u00f5es de design compacto est\u00e3o dispon\u00edveis em a\u00e7o inoxid\u00e1vel (AISI 316L) e s\u00e3o oferecidas em tamanhos que variam de 1&#8243; a 4&#8243;.   <\/p>\n","protected":false},"excerpt":{"rendered":"<p>Os suportes sanit\u00e1rios ou de grampo standard da HTC s\u00e3o especificamente concebidos para aplica\u00e7\u00f5es farmac\u00eauticas ou alimentares. Estes suportes proporcionam elevados padr\u00f5es de higiene e s\u00e3o adequados para ind\u00fastrias como a alimentar, a dos lactic\u00ednios, a dos cosm\u00e9ticos e a farmac\u00eautica. S\u00e3o normalmente utilizados em processos C.I.P. (Clean-In-Place) e S.I.P. (Sterilize-In-Place) devido \u00e0 sua f\u00e1cil [&hellip;]<\/p>\n","protected":false},"featured_media":10316,"menu_order":0,"template":"","meta":{"_acf_changed":false},"categoria_prodotto":[90,79],"class_list":["post-6340","product","type-product","status-publish","has-post-thumbnail","hentry","categoria_prodotto-holders","categoria_prodotto-rupture-discs"],"acf":[],"yoast_head":"<!-- This site is optimized with the Yoast SEO plugin v27.3 - https:\/\/yoast.com\/product\/yoast-seo-wordpress\/ -->\n<title>Suportes de discos de rutura de bra\u00e7adeira sanit\u00e1ria para a ind\u00fastria farmac\u00eautica e alimentar - HTC<\/title>\n<meta name=\"description\" content=\"Suportes de discos de rutura de pin\u00e7a sanit\u00e1ria para aplica\u00e7\u00f5es farmac\u00eauticas, alimentares e de lactic\u00ednios. Concebidos com acabamento de superf\u00edcie Ra \u2264 0,6 \u03bcm, compat\u00edveis com CIP e SIP, fabricados em a\u00e7o inoxid\u00e1vel 316 para uma limpeza f\u00e1cil e montagem higi\u00e9nica, adequados para discos de rutura de a\u00e7\u00e3o direta e inversa.\" \/>\n<meta name=\"robots\" content=\"index, follow, max-snippet:-1, max-image-preview:large, max-video-preview:-1\" \/>\n<link rel=\"canonical\" href=\"https:\/\/www.donadonsdd.com\/pt-pt\/produto\/htc\/\" \/>\n<meta property=\"og:locale\" content=\"pt_PT\" \/>\n<meta property=\"og:type\" content=\"article\" \/>\n<meta property=\"og:title\" content=\"Suportes de discos de rutura de bra\u00e7adeira sanit\u00e1ria para a ind\u00fastria farmac\u00eautica e alimentar - HTC\" \/>\n<meta property=\"og:description\" content=\"Suportes de discos de rutura de pin\u00e7a sanit\u00e1ria para aplica\u00e7\u00f5es farmac\u00eauticas, alimentares e de lactic\u00ednios. Concebidos com acabamento de superf\u00edcie Ra \u2264 0,6 \u03bcm, compat\u00edveis com CIP e SIP, fabricados em a\u00e7o inoxid\u00e1vel 316 para uma limpeza f\u00e1cil e montagem higi\u00e9nica, adequados para discos de rutura de a\u00e7\u00e3o direta e inversa.\" \/>\n<meta property=\"og:url\" content=\"https:\/\/www.donadonsdd.com\/pt-pt\/produto\/htc\/\" \/>\n<meta property=\"og:site_name\" content=\"DonadonSDD Srl\" \/>\n<meta property=\"article:modified_time\" content=\"2026-03-01T01:57:10+00:00\" \/>\n<meta property=\"og:image\" content=\"https:\/\/www.donadonsdd.com\/wp-content\/uploads\/2025\/12\/img_124-remove-background.com_.png\" \/>\n\t<meta property=\"og:image:width\" content=\"700\" \/>\n\t<meta property=\"og:image:height\" content=\"466\" \/>\n\t<meta property=\"og:image:type\" content=\"image\/png\" \/>\n<meta name=\"twitter:card\" content=\"summary_large_image\" \/>\n<meta name=\"twitter:label1\" content=\"Tempo estimado de leitura\" \/>\n\t<meta name=\"twitter:data1\" content=\"1 minuto\" \/>\n<script type=\"application\/ld+json\" class=\"yoast-schema-graph\">{\"@context\":\"https:\\\/\\\/schema.org\",\"@graph\":[{\"@type\":\"WebPage\",\"@id\":\"https:\\\/\\\/www.donadonsdd.com\\\/pt-pt\\\/produto\\\/htc\\\/\",\"url\":\"https:\\\/\\\/www.donadonsdd.com\\\/pt-pt\\\/produto\\\/htc\\\/\",\"name\":\"Suportes de discos de rutura de bra\u00e7adeira sanit\u00e1ria para a ind\u00fastria farmac\u00eautica e alimentar - HTC\",\"isPartOf\":{\"@id\":\"https:\\\/\\\/www.donadonsdd.com\\\/pt-pt\\\/#website\"},\"primaryImageOfPage\":{\"@id\":\"https:\\\/\\\/www.donadonsdd.com\\\/pt-pt\\\/produto\\\/htc\\\/#primaryimage\"},\"image\":{\"@id\":\"https:\\\/\\\/www.donadonsdd.com\\\/pt-pt\\\/produto\\\/htc\\\/#primaryimage\"},\"thumbnailUrl\":\"https:\\\/\\\/www.donadonsdd.com\\\/wp-content\\\/uploads\\\/2025\\\/12\\\/img_124-remove-background.com_.png\",\"datePublished\":\"2025-12-11T12:47:42+00:00\",\"dateModified\":\"2026-03-01T01:57:10+00:00\",\"description\":\"Suportes de discos de rutura de pin\u00e7a sanit\u00e1ria para aplica\u00e7\u00f5es farmac\u00eauticas, alimentares e de lactic\u00ednios. Concebidos com acabamento de superf\u00edcie Ra \u2264 0,6 \u03bcm, compat\u00edveis com CIP e SIP, fabricados em a\u00e7o inoxid\u00e1vel 316 para uma limpeza f\u00e1cil e montagem higi\u00e9nica, adequados para discos de rutura de a\u00e7\u00e3o direta e inversa.\",\"breadcrumb\":{\"@id\":\"https:\\\/\\\/www.donadonsdd.com\\\/pt-pt\\\/produto\\\/htc\\\/#breadcrumb\"},\"inLanguage\":\"pt-PT\",\"potentialAction\":[{\"@type\":\"ReadAction\",\"target\":[\"https:\\\/\\\/www.donadonsdd.com\\\/pt-pt\\\/produto\\\/htc\\\/\"]}]},{\"@type\":\"ImageObject\",\"inLanguage\":\"pt-PT\",\"@id\":\"https:\\\/\\\/www.donadonsdd.com\\\/pt-pt\\\/produto\\\/htc\\\/#primaryimage\",\"url\":\"https:\\\/\\\/www.donadonsdd.com\\\/wp-content\\\/uploads\\\/2025\\\/12\\\/img_124-remove-background.com_.png\",\"contentUrl\":\"https:\\\/\\\/www.donadonsdd.com\\\/wp-content\\\/uploads\\\/2025\\\/12\\\/img_124-remove-background.com_.png\",\"width\":700,\"height\":466},{\"@type\":\"BreadcrumbList\",\"@id\":\"https:\\\/\\\/www.donadonsdd.com\\\/pt-pt\\\/produto\\\/htc\\\/#breadcrumb\",\"itemListElement\":[{\"@type\":\"ListItem\",\"position\":1,\"name\":\"HOMEPAGE\",\"item\":\"https:\\\/\\\/www.donadonsdd.com\\\/pt-pt\\\/\"},{\"@type\":\"ListItem\",\"position\":2,\"name\":\"Suportes Clamp HTC &#8211; Solu\u00e7\u00f5es higi\u00e9nicas para as ind\u00fastrias farmac\u00eautica e alimentar\"}]},{\"@type\":\"WebSite\",\"@id\":\"https:\\\/\\\/www.donadonsdd.com\\\/pt-pt\\\/#website\",\"url\":\"https:\\\/\\\/www.donadonsdd.com\\\/pt-pt\\\/\",\"name\":\"DonadonSDD Srl\",\"description\":\"\",\"publisher\":{\"@id\":\"https:\\\/\\\/www.donadonsdd.com\\\/pt-pt\\\/#organization\"},\"potentialAction\":[{\"@type\":\"SearchAction\",\"target\":{\"@type\":\"EntryPoint\",\"urlTemplate\":\"https:\\\/\\\/www.donadonsdd.com\\\/pt-pt\\\/?s={search_term_string}\"},\"query-input\":{\"@type\":\"PropertyValueSpecification\",\"valueRequired\":true,\"valueName\":\"search_term_string\"}}],\"inLanguage\":\"pt-PT\"},{\"@type\":\"Organization\",\"@id\":\"https:\\\/\\\/www.donadonsdd.com\\\/pt-pt\\\/#organization\",\"name\":\"DonadonSDD Srl\",\"url\":\"https:\\\/\\\/www.donadonsdd.com\\\/pt-pt\\\/\",\"logo\":{\"@type\":\"ImageObject\",\"inLanguage\":\"pt-PT\",\"@id\":\"https:\\\/\\\/www.donadonsdd.com\\\/pt-pt\\\/#\\\/schema\\\/logo\\\/image\\\/\",\"url\":\"https:\\\/\\\/www.donadonsdd.com\\\/wp-content\\\/uploads\\\/2025\\\/11\\\/donadonsdd-logo.png\",\"contentUrl\":\"https:\\\/\\\/www.donadonsdd.com\\\/wp-content\\\/uploads\\\/2025\\\/11\\\/donadonsdd-logo.png\",\"width\":544,\"height\":96,\"caption\":\"DonadonSDD Srl\"},\"image\":{\"@id\":\"https:\\\/\\\/www.donadonsdd.com\\\/pt-pt\\\/#\\\/schema\\\/logo\\\/image\\\/\"}}]}<\/script>\n<!-- \/ Yoast SEO plugin. -->","yoast_head_json":{"title":"Suportes de discos de rutura de bra\u00e7adeira sanit\u00e1ria para a ind\u00fastria farmac\u00eautica e alimentar - HTC","description":"Suportes de discos de rutura de pin\u00e7a sanit\u00e1ria para aplica\u00e7\u00f5es farmac\u00eauticas, alimentares e de lactic\u00ednios. Concebidos com acabamento de superf\u00edcie Ra \u2264 0,6 \u03bcm, compat\u00edveis com CIP e SIP, fabricados em a\u00e7o inoxid\u00e1vel 316 para uma limpeza f\u00e1cil e montagem higi\u00e9nica, adequados para discos de rutura de a\u00e7\u00e3o direta e inversa.","robots":{"index":"index","follow":"follow","max-snippet":"max-snippet:-1","max-image-preview":"max-image-preview:large","max-video-preview":"max-video-preview:-1"},"canonical":"https:\/\/www.donadonsdd.com\/pt-pt\/produto\/htc\/","og_locale":"pt_PT","og_type":"article","og_title":"Suportes de discos de rutura de bra\u00e7adeira sanit\u00e1ria para a ind\u00fastria farmac\u00eautica e alimentar - HTC","og_description":"Suportes de discos de rutura de pin\u00e7a sanit\u00e1ria para aplica\u00e7\u00f5es farmac\u00eauticas, alimentares e de lactic\u00ednios. Concebidos com acabamento de superf\u00edcie Ra \u2264 0,6 \u03bcm, compat\u00edveis com CIP e SIP, fabricados em a\u00e7o inoxid\u00e1vel 316 para uma limpeza f\u00e1cil e montagem higi\u00e9nica, adequados para discos de rutura de a\u00e7\u00e3o direta e inversa.","og_url":"https:\/\/www.donadonsdd.com\/pt-pt\/produto\/htc\/","og_site_name":"DonadonSDD Srl","article_modified_time":"2026-03-01T01:57:10+00:00","og_image":[{"width":700,"height":466,"url":"https:\/\/www.donadonsdd.com\/wp-content\/uploads\/2025\/12\/img_124-remove-background.com_.png","type":"image\/png"}],"twitter_card":"summary_large_image","twitter_misc":{"Tempo estimado de leitura":"1 minuto"},"schema":{"@context":"https:\/\/schema.org","@graph":[{"@type":"WebPage","@id":"https:\/\/www.donadonsdd.com\/pt-pt\/produto\/htc\/","url":"https:\/\/www.donadonsdd.com\/pt-pt\/produto\/htc\/","name":"Suportes de discos de rutura de bra\u00e7adeira sanit\u00e1ria para a ind\u00fastria farmac\u00eautica e alimentar - HTC","isPartOf":{"@id":"https:\/\/www.donadonsdd.com\/pt-pt\/#website"},"primaryImageOfPage":{"@id":"https:\/\/www.donadonsdd.com\/pt-pt\/produto\/htc\/#primaryimage"},"image":{"@id":"https:\/\/www.donadonsdd.com\/pt-pt\/produto\/htc\/#primaryimage"},"thumbnailUrl":"https:\/\/www.donadonsdd.com\/wp-content\/uploads\/2025\/12\/img_124-remove-background.com_.png","datePublished":"2025-12-11T12:47:42+00:00","dateModified":"2026-03-01T01:57:10+00:00","description":"Suportes de discos de rutura de pin\u00e7a sanit\u00e1ria para aplica\u00e7\u00f5es farmac\u00eauticas, alimentares e de lactic\u00ednios. Concebidos com acabamento de superf\u00edcie Ra \u2264 0,6 \u03bcm, compat\u00edveis com CIP e SIP, fabricados em a\u00e7o inoxid\u00e1vel 316 para uma limpeza f\u00e1cil e montagem higi\u00e9nica, adequados para discos de rutura de a\u00e7\u00e3o direta e inversa.","breadcrumb":{"@id":"https:\/\/www.donadonsdd.com\/pt-pt\/produto\/htc\/#breadcrumb"},"inLanguage":"pt-PT","potentialAction":[{"@type":"ReadAction","target":["https:\/\/www.donadonsdd.com\/pt-pt\/produto\/htc\/"]}]},{"@type":"ImageObject","inLanguage":"pt-PT","@id":"https:\/\/www.donadonsdd.com\/pt-pt\/produto\/htc\/#primaryimage","url":"https:\/\/www.donadonsdd.com\/wp-content\/uploads\/2025\/12\/img_124-remove-background.com_.png","contentUrl":"https:\/\/www.donadonsdd.com\/wp-content\/uploads\/2025\/12\/img_124-remove-background.com_.png","width":700,"height":466},{"@type":"BreadcrumbList","@id":"https:\/\/www.donadonsdd.com\/pt-pt\/produto\/htc\/#breadcrumb","itemListElement":[{"@type":"ListItem","position":1,"name":"HOMEPAGE","item":"https:\/\/www.donadonsdd.com\/pt-pt\/"},{"@type":"ListItem","position":2,"name":"Suportes Clamp HTC &#8211; Solu\u00e7\u00f5es higi\u00e9nicas para as ind\u00fastrias farmac\u00eautica e alimentar"}]},{"@type":"WebSite","@id":"https:\/\/www.donadonsdd.com\/pt-pt\/#website","url":"https:\/\/www.donadonsdd.com\/pt-pt\/","name":"DonadonSDD Srl","description":"","publisher":{"@id":"https:\/\/www.donadonsdd.com\/pt-pt\/#organization"},"potentialAction":[{"@type":"SearchAction","target":{"@type":"EntryPoint","urlTemplate":"https:\/\/www.donadonsdd.com\/pt-pt\/?s={search_term_string}"},"query-input":{"@type":"PropertyValueSpecification","valueRequired":true,"valueName":"search_term_string"}}],"inLanguage":"pt-PT"},{"@type":"Organization","@id":"https:\/\/www.donadonsdd.com\/pt-pt\/#organization","name":"DonadonSDD Srl","url":"https:\/\/www.donadonsdd.com\/pt-pt\/","logo":{"@type":"ImageObject","inLanguage":"pt-PT","@id":"https:\/\/www.donadonsdd.com\/pt-pt\/#\/schema\/logo\/image\/","url":"https:\/\/www.donadonsdd.com\/wp-content\/uploads\/2025\/11\/donadonsdd-logo.png","contentUrl":"https:\/\/www.donadonsdd.com\/wp-content\/uploads\/2025\/11\/donadonsdd-logo.png","width":544,"height":96,"caption":"DonadonSDD Srl"},"image":{"@id":"https:\/\/www.donadonsdd.com\/pt-pt\/#\/schema\/logo\/image\/"}}]}},"toolset-meta":{"toolset-woocommerce-fields":{"_download_limit":{"type":"numeric","raw":""},"_virtual":{"type":"checkbox","raw":""},"_downloadable":{"type":"checkbox","raw":""},"_download_expiry":{"type":"numeric","raw":""},"_download_type":{"type":"radio","raw":""},"_regular_price":{"type":"numeric","raw":""},"_sale_price":{"type":"numeric","raw":""},"_sale_price_dates_from":{"type":"date","raw":"","formatted":null},"_sale_price_dates_to":{"type":"date","raw":"","formatted":null},"_sku":{"type":"textfield","raw":""},"_manage_stock":{"type":"checkbox","raw":""},"_stock_status":{"type":"radio","raw":""},"_stock":{"type":"numeric","raw":""},"_backorders":{"type":"radio","raw":""},"_sold_individually":{"type":"checkbox","raw":""},"_width":{"type":"numeric","raw":""},"_weight":{"type":"numeric","raw":""},"_length":{"type":"numeric","raw":""},"_purchase_note":{"type":"textarea","raw":""}},"infografica":{"operation-ratio":{"type":"textfield","raw":""},"non-fragmenting":{"type":"textfield","raw":""},"vacumm-resistant":{"type":"textfield","raw":""},"sanitary":{"type":"textfield","raw":""},"liquid":{"type":"textfield","raw":""},"vapor-gas":{"type":"textfield","raw":""},"ferrules":{"type":"textfield","raw":""}},"dettagli-prodotto":{"immagini-prodotto":{"type":"image","raw":["https:\/\/www.donadonsdd.com\/wp-content\/uploads\/2025\/12\/img_123.jpg"],"repeatable":[{"raw":"https:\/\/www.donadonsdd.com\/wp-content\/uploads\/2025\/12\/img_123.jpg","attachment_id":8017}]},"tabella-specifiche":{"type":"wysiwyg","raw":"<p class=\"p1\">Tipo | HTC;\nLista de compatibilidade de discos | <a href=\"https:\/\/www.donadonsdd.com\/pt-pt\/produto\/dcd-sanitary\/\">DCD<\/a>, <a href=\"https:\/\/www.donadonsdd.com\/pt-pt\/produto\/scd-sanitary\/\">SCD<\/a>, <a href=\"https:\/\/www.donadonsdd.com\/pt-pt\/produto\/scr-sanitary\/\">SCR<\/a>, <a href=\"https:\/\/www.donadonsdd.com\/pt-pt\/produto\/y90-sanitary\/\">Y90<\/a>, <a href=\"https:\/\/www.donadonsdd.com\/pt-pt\/produto\/krd-sanitary\/\">KRD<\/a>;\nDimens\u00f5es | De DN25 (1 polegada) a DN150 (6 polegadas);<\/p>"}}},"_links":{"self":[{"href":"https:\/\/www.donadonsdd.com\/pt-pt\/wp-json\/wp\/v2\/product\/6340","targetHints":{"allow":["GET"]}}],"collection":[{"href":"https:\/\/www.donadonsdd.com\/pt-pt\/wp-json\/wp\/v2\/product"}],"about":[{"href":"https:\/\/www.donadonsdd.com\/pt-pt\/wp-json\/wp\/v2\/types\/product"}],"wp:featuredmedia":[{"embeddable":true,"href":"https:\/\/www.donadonsdd.com\/pt-pt\/wp-json\/wp\/v2\/media\/10316"}],"wp:attachment":[{"href":"https:\/\/www.donadonsdd.com\/pt-pt\/wp-json\/wp\/v2\/media?parent=6340"}],"wp:term":[{"taxonomy":"categoria_prodotto","embeddable":true,"href":"https:\/\/www.donadonsdd.com\/pt-pt\/wp-json\/wp\/v2\/categoria_prodotto?post=6340"}],"curies":[{"name":"wp","href":"https:\/\/api.w.org\/{rel}","templated":true}]}}