{"id":6368,"date":"2025-12-11T13:57:49","date_gmt":"2025-12-11T12:57:49","guid":{"rendered":"https:\/\/www.donadonsdd.com\/product\/discos-de-rutura-compostos-dcd-protecao-contra-a-pressao-para-industrias-higienicas\/"},"modified":"2026-02-28T00:39:12","modified_gmt":"2026-02-27T23:39:12","slug":"dcd-sanitary","status":"publish","type":"product","link":"https:\/\/www.donadonsdd.com\/pt-pt\/produto\/dcd-sanitary\/","title":{"rendered":"Discos de rutura compostos DCD &#8211; Prote\u00e7\u00e3o contra a press\u00e3o para ind\u00fastrias higi\u00e9nicas"},"content":{"rendered":"<p>A DonadonSDD oferece discos de rutura compostos DCD de alta qualidade que s\u00e3o concebidos para proteger as ind\u00fastrias higi\u00e9nicas de varia\u00e7\u00f5es s\u00fabitas de press\u00e3o que podem causar danos graves. Os discos de rutura DCD s\u00e3o constitu\u00eddos por 3 ou mais componentes que formam um \u00fanico disco unit\u00e1rio a ser inserido em ferrolhos\/grampos sanit\u00e1rios padr\u00e3o. Est\u00e3o dispon\u00edveis numa grande variedade de execu\u00e7\u00f5es para cobrir a maioria dos requisitos da ind\u00fastria.  <\/p>\n<h2>Principais carater\u00edsticas e vantagens t\u00e9cnicas<\/h2>\n<p><strong>Elevados padr\u00f5es de certifica\u00e7\u00e3o:<\/strong><\/p>\n<p>Os discos DCD est\u00e3o certificados de acordo com as normas internacionais mais exigentes, incluindo PED 2014\/68\/UE (CE STAMP), ATEX EX II 2 GD (CE STAMP), PER 2016 UK Statutory (UKCA STAMP), CU TR 032 (EAC STAMP).<\/p>\n<h3>T\u00e9cnica:<\/h3>\n<p>Constitu\u00eddo por uma parte met\u00e1lica perfurada com ranhuras, uma membrana de veda\u00e7\u00e3o (geralmente em PTFE, mas dispon\u00edvel em v\u00e1rios materiais) e uma sec\u00e7\u00e3o de prote\u00e7\u00e3o.<\/p>\n<h3>Aplica\u00e7\u00f5es:<\/h3>\n<p>Ideal para condi\u00e7\u00f5es est\u00e1ticas de g\u00e1s e l\u00edquido, baixa press\u00e3o e aplica\u00e7\u00f5es ass\u00e9pticas.<\/p>\n<h3>N\u00e3o fragmenta:<\/h3>\n<p>Responde \u00e0 sobrepress\u00e3o com uma abertura total r\u00e1pida sem fragmenta\u00e7\u00e3o das camadas met\u00e1licas.<\/p>\n<h3>Resist\u00eancia ao v\u00e1cuo:<\/h3>\n<p>A pedido, est\u00e3o dispon\u00edveis suportes espec\u00edficos para prote\u00e7\u00e3o contra v\u00e1cuo e contrapress\u00e3o.<\/p>\n<h3>Op\u00e7\u00e3o de disco de duas vias:<\/h3>\n<p>Protege simultaneamente contra o v\u00e1cuo e a press\u00e3o (mesmo com duas press\u00f5es de regula\u00e7\u00e3o diferentes).<\/p>\n<h3><span lang=\"en-US\">Aplica\u00e7\u00f5es:<\/span><\/h3>\n<p>Concebida para aplica\u00e7\u00f5es C.O.P. (Clean-Out-Of-Place)<\/p>\n<h3><span lang=\"en-US\">Juntas certificadas pela FDA:<\/span><\/h3>\n<p>Os discos de rutura compostos DonadonSDD podem ser utilizados com juntas de PTFE que cumprem os mais elevados regulamentos internacionais, incluindo a FDA e USP classe VI, e Eu 10\/2011. Estas juntas facilitam a instala\u00e7\u00e3o em acess\u00f3rios Clamp (sanit\u00e1rios, Tri-Clamp, Liga\u00e7\u00e3o de Tanque). <\/p>\n<h2>Porqu\u00ea escolher a DonadonSDD?<\/h2>\n<ul>\n<li>A DonadonSDD oferece discos de rutura de alta qualidade que cumprem as mais rigorosas normas internacionais de seguran\u00e7a.<\/li>\n<li>Os nossos discos de rutura DCD s\u00e3o adequados para uma vasta gama de aplica\u00e7\u00f5es, incluindo condi\u00e7\u00f5es est\u00e1ticas de g\u00e1s e l\u00edquido, baixa press\u00e3o, ass\u00e9pticas e aplica\u00e7\u00f5es C.O.P.<\/li>\n<li>Os discos s\u00e3o concebidos para reagir rapidamente \u00e0 sobrepress\u00e3o, evitando danos nas instala\u00e7\u00f5es industriais.<\/li>\n<li>Os discos de rutura compostos DonadonSDD podem proteger simultaneamente contra o v\u00e1cuo e a press\u00e3o, o que os torna mais vers\u00e1teis do que muitos outros tipos de discos de rutura.<\/li>\n<li>Utilizamos juntas de PTFE certificadas de acordo com os mais elevados regulamentos internacionais, facilitando a instala\u00e7\u00e3o.<\/li>\n<\/ul>\n","protected":false},"excerpt":{"rendered":"<p>A DonadonSDD oferece discos de rutura compostos DCD de alta qualidade que s\u00e3o concebidos para proteger as ind\u00fastrias higi\u00e9nicas de varia\u00e7\u00f5es s\u00fabitas de press\u00e3o que podem causar danos graves. Os discos de rutura DCD s\u00e3o constitu\u00eddos por 3 ou mais componentes que formam um \u00fanico disco unit\u00e1rio a ser inserido em ferrolhos\/grampos sanit\u00e1rios padr\u00e3o. Est\u00e3o [&hellip;]<\/p>\n","protected":false},"featured_media":10308,"menu_order":0,"template":"","meta":{"_acf_changed":false},"categoria_prodotto":[85,79,84],"class_list":["post-6368","product","type-product","status-publish","has-post-thumbnail","hentry","categoria_prodotto-forward-acting","categoria_prodotto-rupture-discs","categoria_prodotto-sanitary"],"acf":[],"yoast_head":"<!-- This site is optimized with the Yoast SEO plugin v27.3 - https:\/\/yoast.com\/product\/yoast-seo-wordpress\/ -->\n<title>Disco de rutura composto sanit\u00e1rio - DCD<\/title>\n<meta name=\"description\" content=\"Disco de rutura composto sanit\u00e1rio para servi\u00e7o ass\u00e9tico de baixa press\u00e3o. Dispon\u00edvel em configura\u00e7\u00f5es de simples ou duplo efeito para prote\u00e7\u00e3o contra sobrepress\u00e3o, v\u00e1cuo ou combinada, com certifica\u00e7\u00e3o PED e ATEX.\" \/>\n<meta name=\"robots\" content=\"index, follow, max-snippet:-1, max-image-preview:large, max-video-preview:-1\" \/>\n<link rel=\"canonical\" href=\"https:\/\/www.donadonsdd.com\/pt-pt\/produto\/dcd-sanitary\/\" \/>\n<meta property=\"og:locale\" content=\"pt_PT\" \/>\n<meta property=\"og:type\" content=\"article\" \/>\n<meta property=\"og:title\" content=\"Disco de rutura composto sanit\u00e1rio - DCD\" \/>\n<meta property=\"og:description\" content=\"Disco de rutura composto sanit\u00e1rio para servi\u00e7o ass\u00e9tico de baixa press\u00e3o. Dispon\u00edvel em configura\u00e7\u00f5es de simples ou duplo efeito para prote\u00e7\u00e3o contra sobrepress\u00e3o, v\u00e1cuo ou combinada, com certifica\u00e7\u00e3o PED e ATEX.\" \/>\n<meta property=\"og:url\" content=\"https:\/\/www.donadonsdd.com\/pt-pt\/produto\/dcd-sanitary\/\" \/>\n<meta property=\"og:site_name\" content=\"DonadonSDD Srl\" \/>\n<meta property=\"article:modified_time\" content=\"2026-02-27T23:39:12+00:00\" \/>\n<meta property=\"og:image\" content=\"https:\/\/www.donadonsdd.com\/wp-content\/uploads\/2025\/12\/donadon-55-1.png\" \/>\n\t<meta property=\"og:image:width\" content=\"1800\" \/>\n\t<meta property=\"og:image:height\" content=\"1199\" \/>\n\t<meta property=\"og:image:type\" content=\"image\/png\" \/>\n<meta name=\"twitter:card\" content=\"summary_large_image\" \/>\n<meta name=\"twitter:label1\" content=\"Tempo estimado de leitura\" \/>\n\t<meta name=\"twitter:data1\" content=\"2 minutos\" \/>\n<script type=\"application\/ld+json\" class=\"yoast-schema-graph\">{\"@context\":\"https:\\\/\\\/schema.org\",\"@graph\":[{\"@type\":\"WebPage\",\"@id\":\"https:\\\/\\\/www.donadonsdd.com\\\/pt-pt\\\/produto\\\/dcd-sanitary\\\/\",\"url\":\"https:\\\/\\\/www.donadonsdd.com\\\/pt-pt\\\/produto\\\/dcd-sanitary\\\/\",\"name\":\"Disco de rutura composto sanit\u00e1rio - DCD\",\"isPartOf\":{\"@id\":\"https:\\\/\\\/www.donadonsdd.com\\\/pt-pt\\\/#website\"},\"primaryImageOfPage\":{\"@id\":\"https:\\\/\\\/www.donadonsdd.com\\\/pt-pt\\\/produto\\\/dcd-sanitary\\\/#primaryimage\"},\"image\":{\"@id\":\"https:\\\/\\\/www.donadonsdd.com\\\/pt-pt\\\/produto\\\/dcd-sanitary\\\/#primaryimage\"},\"thumbnailUrl\":\"https:\\\/\\\/www.donadonsdd.com\\\/wp-content\\\/uploads\\\/2025\\\/12\\\/donadon-55-1.png\",\"datePublished\":\"2025-12-11T12:57:49+00:00\",\"dateModified\":\"2026-02-27T23:39:12+00:00\",\"description\":\"Disco de rutura composto sanit\u00e1rio para servi\u00e7o ass\u00e9tico de baixa press\u00e3o. Dispon\u00edvel em configura\u00e7\u00f5es de simples ou duplo efeito para prote\u00e7\u00e3o contra sobrepress\u00e3o, v\u00e1cuo ou combinada, com certifica\u00e7\u00e3o PED e ATEX.\",\"breadcrumb\":{\"@id\":\"https:\\\/\\\/www.donadonsdd.com\\\/pt-pt\\\/produto\\\/dcd-sanitary\\\/#breadcrumb\"},\"inLanguage\":\"pt-PT\",\"potentialAction\":[{\"@type\":\"ReadAction\",\"target\":[\"https:\\\/\\\/www.donadonsdd.com\\\/pt-pt\\\/produto\\\/dcd-sanitary\\\/\"]}]},{\"@type\":\"ImageObject\",\"inLanguage\":\"pt-PT\",\"@id\":\"https:\\\/\\\/www.donadonsdd.com\\\/pt-pt\\\/produto\\\/dcd-sanitary\\\/#primaryimage\",\"url\":\"https:\\\/\\\/www.donadonsdd.com\\\/wp-content\\\/uploads\\\/2025\\\/12\\\/donadon-55-1.png\",\"contentUrl\":\"https:\\\/\\\/www.donadonsdd.com\\\/wp-content\\\/uploads\\\/2025\\\/12\\\/donadon-55-1.png\",\"width\":1800,\"height\":1199},{\"@type\":\"BreadcrumbList\",\"@id\":\"https:\\\/\\\/www.donadonsdd.com\\\/pt-pt\\\/produto\\\/dcd-sanitary\\\/#breadcrumb\",\"itemListElement\":[{\"@type\":\"ListItem\",\"position\":1,\"name\":\"HOMEPAGE\",\"item\":\"https:\\\/\\\/www.donadonsdd.com\\\/pt-pt\\\/\"},{\"@type\":\"ListItem\",\"position\":2,\"name\":\"Discos de rutura compostos DCD &#8211; Prote\u00e7\u00e3o contra a press\u00e3o para ind\u00fastrias higi\u00e9nicas\"}]},{\"@type\":\"WebSite\",\"@id\":\"https:\\\/\\\/www.donadonsdd.com\\\/pt-pt\\\/#website\",\"url\":\"https:\\\/\\\/www.donadonsdd.com\\\/pt-pt\\\/\",\"name\":\"DonadonSDD Srl\",\"description\":\"\",\"publisher\":{\"@id\":\"https:\\\/\\\/www.donadonsdd.com\\\/pt-pt\\\/#organization\"},\"potentialAction\":[{\"@type\":\"SearchAction\",\"target\":{\"@type\":\"EntryPoint\",\"urlTemplate\":\"https:\\\/\\\/www.donadonsdd.com\\\/pt-pt\\\/?s={search_term_string}\"},\"query-input\":{\"@type\":\"PropertyValueSpecification\",\"valueRequired\":true,\"valueName\":\"search_term_string\"}}],\"inLanguage\":\"pt-PT\"},{\"@type\":\"Organization\",\"@id\":\"https:\\\/\\\/www.donadonsdd.com\\\/pt-pt\\\/#organization\",\"name\":\"DonadonSDD Srl\",\"url\":\"https:\\\/\\\/www.donadonsdd.com\\\/pt-pt\\\/\",\"logo\":{\"@type\":\"ImageObject\",\"inLanguage\":\"pt-PT\",\"@id\":\"https:\\\/\\\/www.donadonsdd.com\\\/pt-pt\\\/#\\\/schema\\\/logo\\\/image\\\/\",\"url\":\"https:\\\/\\\/www.donadonsdd.com\\\/wp-content\\\/uploads\\\/2025\\\/11\\\/donadonsdd-logo.png\",\"contentUrl\":\"https:\\\/\\\/www.donadonsdd.com\\\/wp-content\\\/uploads\\\/2025\\\/11\\\/donadonsdd-logo.png\",\"width\":544,\"height\":96,\"caption\":\"DonadonSDD Srl\"},\"image\":{\"@id\":\"https:\\\/\\\/www.donadonsdd.com\\\/pt-pt\\\/#\\\/schema\\\/logo\\\/image\\\/\"}}]}<\/script>\n<!-- \/ Yoast SEO plugin. -->","yoast_head_json":{"title":"Disco de rutura composto sanit\u00e1rio - DCD","description":"Disco de rutura composto sanit\u00e1rio para servi\u00e7o ass\u00e9tico de baixa press\u00e3o. Dispon\u00edvel em configura\u00e7\u00f5es de simples ou duplo efeito para prote\u00e7\u00e3o contra sobrepress\u00e3o, v\u00e1cuo ou combinada, com certifica\u00e7\u00e3o PED e ATEX.","robots":{"index":"index","follow":"follow","max-snippet":"max-snippet:-1","max-image-preview":"max-image-preview:large","max-video-preview":"max-video-preview:-1"},"canonical":"https:\/\/www.donadonsdd.com\/pt-pt\/produto\/dcd-sanitary\/","og_locale":"pt_PT","og_type":"article","og_title":"Disco de rutura composto sanit\u00e1rio - DCD","og_description":"Disco de rutura composto sanit\u00e1rio para servi\u00e7o ass\u00e9tico de baixa press\u00e3o. Dispon\u00edvel em configura\u00e7\u00f5es de simples ou duplo efeito para prote\u00e7\u00e3o contra sobrepress\u00e3o, v\u00e1cuo ou combinada, com certifica\u00e7\u00e3o PED e ATEX.","og_url":"https:\/\/www.donadonsdd.com\/pt-pt\/produto\/dcd-sanitary\/","og_site_name":"DonadonSDD Srl","article_modified_time":"2026-02-27T23:39:12+00:00","og_image":[{"width":1800,"height":1199,"url":"https:\/\/www.donadonsdd.com\/wp-content\/uploads\/2025\/12\/donadon-55-1.png","type":"image\/png"}],"twitter_card":"summary_large_image","twitter_misc":{"Tempo estimado de leitura":"2 minutos"},"schema":{"@context":"https:\/\/schema.org","@graph":[{"@type":"WebPage","@id":"https:\/\/www.donadonsdd.com\/pt-pt\/produto\/dcd-sanitary\/","url":"https:\/\/www.donadonsdd.com\/pt-pt\/produto\/dcd-sanitary\/","name":"Disco de rutura composto sanit\u00e1rio - DCD","isPartOf":{"@id":"https:\/\/www.donadonsdd.com\/pt-pt\/#website"},"primaryImageOfPage":{"@id":"https:\/\/www.donadonsdd.com\/pt-pt\/produto\/dcd-sanitary\/#primaryimage"},"image":{"@id":"https:\/\/www.donadonsdd.com\/pt-pt\/produto\/dcd-sanitary\/#primaryimage"},"thumbnailUrl":"https:\/\/www.donadonsdd.com\/wp-content\/uploads\/2025\/12\/donadon-55-1.png","datePublished":"2025-12-11T12:57:49+00:00","dateModified":"2026-02-27T23:39:12+00:00","description":"Disco de rutura composto sanit\u00e1rio para servi\u00e7o ass\u00e9tico de baixa press\u00e3o. Dispon\u00edvel em configura\u00e7\u00f5es de simples ou duplo efeito para prote\u00e7\u00e3o contra sobrepress\u00e3o, v\u00e1cuo ou combinada, com certifica\u00e7\u00e3o PED e ATEX.","breadcrumb":{"@id":"https:\/\/www.donadonsdd.com\/pt-pt\/produto\/dcd-sanitary\/#breadcrumb"},"inLanguage":"pt-PT","potentialAction":[{"@type":"ReadAction","target":["https:\/\/www.donadonsdd.com\/pt-pt\/produto\/dcd-sanitary\/"]}]},{"@type":"ImageObject","inLanguage":"pt-PT","@id":"https:\/\/www.donadonsdd.com\/pt-pt\/produto\/dcd-sanitary\/#primaryimage","url":"https:\/\/www.donadonsdd.com\/wp-content\/uploads\/2025\/12\/donadon-55-1.png","contentUrl":"https:\/\/www.donadonsdd.com\/wp-content\/uploads\/2025\/12\/donadon-55-1.png","width":1800,"height":1199},{"@type":"BreadcrumbList","@id":"https:\/\/www.donadonsdd.com\/pt-pt\/produto\/dcd-sanitary\/#breadcrumb","itemListElement":[{"@type":"ListItem","position":1,"name":"HOMEPAGE","item":"https:\/\/www.donadonsdd.com\/pt-pt\/"},{"@type":"ListItem","position":2,"name":"Discos de rutura compostos DCD &#8211; Prote\u00e7\u00e3o contra a press\u00e3o para ind\u00fastrias higi\u00e9nicas"}]},{"@type":"WebSite","@id":"https:\/\/www.donadonsdd.com\/pt-pt\/#website","url":"https:\/\/www.donadonsdd.com\/pt-pt\/","name":"DonadonSDD Srl","description":"","publisher":{"@id":"https:\/\/www.donadonsdd.com\/pt-pt\/#organization"},"potentialAction":[{"@type":"SearchAction","target":{"@type":"EntryPoint","urlTemplate":"https:\/\/www.donadonsdd.com\/pt-pt\/?s={search_term_string}"},"query-input":{"@type":"PropertyValueSpecification","valueRequired":true,"valueName":"search_term_string"}}],"inLanguage":"pt-PT"},{"@type":"Organization","@id":"https:\/\/www.donadonsdd.com\/pt-pt\/#organization","name":"DonadonSDD Srl","url":"https:\/\/www.donadonsdd.com\/pt-pt\/","logo":{"@type":"ImageObject","inLanguage":"pt-PT","@id":"https:\/\/www.donadonsdd.com\/pt-pt\/#\/schema\/logo\/image\/","url":"https:\/\/www.donadonsdd.com\/wp-content\/uploads\/2025\/11\/donadonsdd-logo.png","contentUrl":"https:\/\/www.donadonsdd.com\/wp-content\/uploads\/2025\/11\/donadonsdd-logo.png","width":544,"height":96,"caption":"DonadonSDD Srl"},"image":{"@id":"https:\/\/www.donadonsdd.com\/pt-pt\/#\/schema\/logo\/image\/"}}]}},"toolset-meta":{"toolset-woocommerce-fields":{"_download_limit":{"type":"numeric","raw":""},"_virtual":{"type":"checkbox","raw":""},"_downloadable":{"type":"checkbox","raw":""},"_download_expiry":{"type":"numeric","raw":""},"_download_type":{"type":"radio","raw":""},"_regular_price":{"type":"numeric","raw":""},"_sale_price":{"type":"numeric","raw":""},"_sale_price_dates_from":{"type":"date","raw":"","formatted":null},"_sale_price_dates_to":{"type":"date","raw":"","formatted":null},"_sku":{"type":"textfield","raw":""},"_manage_stock":{"type":"checkbox","raw":""},"_stock_status":{"type":"radio","raw":""},"_stock":{"type":"numeric","raw":""},"_backorders":{"type":"radio","raw":""},"_sold_individually":{"type":"checkbox","raw":""},"_width":{"type":"numeric","raw":""},"_weight":{"type":"numeric","raw":""},"_length":{"type":"numeric","raw":""},"_purchase_note":{"type":"textarea","raw":""}},"infografica":{"operation-ratio":{"type":"textfield","raw":"at\u00e9 80%"},"non-fragmenting":{"type":"textfield","raw":"sim (apenas membrana)"},"vacumm-resistant":{"type":"textfield","raw":"sim, suporte de v\u00e1cuo necess\u00e1rio"},"sanitary":{"type":"textfield","raw":"sim"},"liquid":{"type":"textfield","raw":"sim"},"vapor-gas":{"type":"textfield","raw":"sim"},"ferrules":{"type":"textfield","raw":""}},"dettagli-prodotto":{"immagini-prodotto":{"type":"image","raw":["https:\/\/www.donadonsdd.com\/wp-content\/uploads\/2025\/12\/donadon-55.png"],"repeatable":[{"raw":"https:\/\/www.donadonsdd.com\/wp-content\/uploads\/2025\/12\/donadon-55.png","attachment_id":1971}]},"tabella-specifiche":{"type":"wysiwyg","raw":"MODELO | DCD;\nMATERIAIS | A\u00e7o inoxid\u00e1vel, Liga 201, Liga 400, Liga 600, Liga 625, Liga C276, Tit\u00e2nio;\nMEMBRANA DE VEDA\u00c7\u00c3O | Dispon\u00edvel em PTFE ou PFA;\nDIMENS\u00d5ES | De DN15 (1\/2 polegada) a DN200 (8 polegadas);\nPRESS\u00c3O DE RUPTURA | 0,1 - 7 bar g (dependendo do tamanho e do material);\nTOLER\u00c2NCIA | de +\/- 5 % a +\/- 20%;\nTEMPERATURA DE FUNCIONAMENTO | m\u00e1x. 260\u00b0C (membrana em PTFE ou PFA);\nFRAGMENTA\u00c7\u00c3O | N\u00e3o (apenas membrana);\nUTILIZA\u00c7\u00c3O EM COMBINA\u00c7\u00c3O COM PSV | Adequado;\nMARGEM DE FUNCIONAMENTO | Pode atingir at\u00e9 80% dependendo das condi\u00e7\u00f5es de servi\u00e7o..;\nRESIST\u00caNCIA \u00c0 PRESS\u00c3O DE V\u00c1CUO | Sim, suporte de v\u00e1cuo necess\u00e1rio;\nOP\u00c7\u00c3O DOUBLE WAY DISC | Dispon\u00edvel, mesmo com duas press\u00f5es de regula\u00e7\u00e3o diferentes;\nRESIST\u00caNCIA \u00c0 CORROS\u00c3O | Muito bom;\nRevestimentos | Dispon\u00edvel em PTFE e PFA;\nHOLDER | <a href=\"https:\/\/www.donadonsdd.com\/pt-pt\/produto\/htc\/\">HTC<\/a>; \nSENSOR DE RUPTURA | <a href=\"https:\/\/www.donadonsdd.com\/pt-pt\/produtos\/sensores-de-ruptura\/eletrico\/\">El\u00e9trico<\/a>; "}}},"_links":{"self":[{"href":"https:\/\/www.donadonsdd.com\/pt-pt\/wp-json\/wp\/v2\/product\/6368","targetHints":{"allow":["GET"]}}],"collection":[{"href":"https:\/\/www.donadonsdd.com\/pt-pt\/wp-json\/wp\/v2\/product"}],"about":[{"href":"https:\/\/www.donadonsdd.com\/pt-pt\/wp-json\/wp\/v2\/types\/product"}],"wp:featuredmedia":[{"embeddable":true,"href":"https:\/\/www.donadonsdd.com\/pt-pt\/wp-json\/wp\/v2\/media\/10308"}],"wp:attachment":[{"href":"https:\/\/www.donadonsdd.com\/pt-pt\/wp-json\/wp\/v2\/media?parent=6368"}],"wp:term":[{"taxonomy":"categoria_prodotto","embeddable":true,"href":"https:\/\/www.donadonsdd.com\/pt-pt\/wp-json\/wp\/v2\/categoria_prodotto?post=6368"}],"curies":[{"name":"wp","href":"https:\/\/api.w.org\/{rel}","templated":true}]}}