{"id":6372,"date":"2025-12-11T13:51:20","date_gmt":"2025-12-11T12:51:20","guid":{"rendered":"https:\/\/www.donadonsdd.com\/product\/discos-de-rutura-dcd-dispositivos-de-seguranca-de-alta-qualidade-para-instalacoes-industriais\/"},"modified":"2026-03-01T02:56:19","modified_gmt":"2026-03-01T01:56:19","slug":"dcd-composite","status":"publish","type":"product","link":"https:\/\/www.donadonsdd.com\/pt-pt\/produto\/dcd-composite\/","title":{"rendered":"Discos de rutura DCD &#8211; Dispositivos de seguran\u00e7a de alta qualidade para instala\u00e7\u00f5es industriais"},"content":{"rendered":"<p>DonadonSDD oferece discos de rutura DCD que s\u00e3o concebidos para proteger as instala\u00e7\u00f5es industriais de varia\u00e7\u00f5es bruscas de press\u00e3o que podem causar danos graves. Os discos de rutura DCD s\u00e3o constitu\u00eddos por 3 ou mais componentes que formam um \u00fanico disco unit\u00e1rio a ser inserido num suporte espec\u00edfico. Est\u00e3o dispon\u00edveis numa grande variedade de execu\u00e7\u00f5es para cobrir a maioria dos requisitos da ind\u00fastria.  <\/p>\n<h2>Principais carater\u00edsticas e vantagens t\u00e9cnicas<\/h2>\n<p><strong>Elevados padr\u00f5es de certifica\u00e7\u00e3o:<\/strong><\/p>\n<p>Os nossos discos de rutura DCD est\u00e3o certificados de acordo com as normas internacionais mais exigentes, incluindo PED 2014\/68\/UE (CE STAMP), ATEX EX II 2 GD (CE STAMP), PER 2016 UK Statutory (UKCA STAMP), CU TR 032 (EAC STAMP)<\/p>\n<h3>T\u00e9cnica:<\/h3>\n<p>Composto por uma parte met\u00e1lica perfurada com ranhuras, uma membrana de veda\u00e7\u00e3o (geralmente em PTFE ou PFA, mas dispon\u00edvel em v\u00e1rios materiais met\u00e1licos ou n\u00e3o met\u00e1licos) e uma sec\u00e7\u00e3o de prote\u00e7\u00e3o<\/p>\n<h3>Aplica\u00e7\u00f5es:<\/h3>\n<p>Ideal para utiliza\u00e7\u00e3o com g\u00e1s e l\u00edquidos em condi\u00e7\u00f5es est\u00e1ticas e de baixa press\u00e3o<\/p>\n<h3>N\u00e3o fragmenta:<\/h3>\n<p>Reage a uma press\u00e3o excessiva com abertura total em milissegundos sem fragmenta\u00e7\u00e3o das camadas met\u00e1licas (adequado para prote\u00e7\u00e3o de v\u00e1lvulas)<\/p>\n<h3>Resist\u00eancia ao v\u00e1cuo:<\/h3>\n<p>A pedido, est\u00e3o dispon\u00edveis suportes espec\u00edficos para prote\u00e7\u00e3o contra v\u00e1cuo e contrapress\u00e3o.<\/p>\n<h3>Op\u00e7\u00e3o de disco de duas vias:<\/h3>\n<p>Protege simultaneamente contra v\u00e1cuo e press\u00e3o (mesmo com duas press\u00f5es de regula\u00e7\u00e3o diferentes)<\/p>\n<h2>Porqu\u00ea escolher a DonadonSDD?<\/h2>\n<ul>\n<li>Os nossos discos de rutura DCD est\u00e3o certificados de acordo com as mais elevadas normas de seguran\u00e7a internacionais, proporcionando uma prote\u00e7\u00e3o fi\u00e1vel \u00e0 sua instala\u00e7\u00e3o industrial.<\/li>\n<li>Os discos de rutura DonadonSDD DCD s\u00e3o ideais para utiliza\u00e7\u00e3o com g\u00e1s e l\u00edquidos em condi\u00e7\u00f5es est\u00e1ticas e de baixa press\u00e3o, o que os torna altamente vers\u00e1teis.<\/li>\n<li>Os discos respondem rapidamente a uma press\u00e3o excessiva, evitando danos na tua planta.<\/li>\n<\/ul>\n","protected":false},"excerpt":{"rendered":"<p>DonadonSDD oferece discos de rutura DCD que s\u00e3o concebidos para proteger as instala\u00e7\u00f5es industriais de varia\u00e7\u00f5es bruscas de press\u00e3o que podem causar danos graves. Os discos de rutura DCD s\u00e3o constitu\u00eddos por 3 ou mais componentes que formam um \u00fanico disco unit\u00e1rio a ser inserido num suporte espec\u00edfico. Est\u00e3o dispon\u00edveis numa grande variedade de execu\u00e7\u00f5es [&hellip;]<\/p>\n","protected":false},"featured_media":10312,"menu_order":0,"template":"","meta":{"_acf_changed":false},"categoria_prodotto":[85,79],"class_list":["post-6372","product","type-product","status-publish","has-post-thumbnail","hentry","categoria_prodotto-forward-acting","categoria_prodotto-rupture-discs"],"acf":[],"yoast_head":"<!-- This site is optimized with the Yoast SEO plugin v27.3 - https:\/\/yoast.com\/product\/yoast-seo-wordpress\/ -->\n<title>Disco de rutura composto - DCD<\/title>\n<meta name=\"description\" content=\"Disco de rutura composto para servi\u00e7o de g\u00e1s e l\u00edquido a baixa press\u00e3o. Dispon\u00edvel em configura\u00e7\u00f5es de simples ou duplo efeito para prote\u00e7\u00e3o contra sobrepress\u00e3o, v\u00e1cuo ou combinada, suporte de v\u00e1cuo opcional, r\u00e1cio de funcionamento at\u00e9 80%, certificado PED e ATEX.\" \/>\n<meta name=\"robots\" content=\"index, follow, max-snippet:-1, max-image-preview:large, max-video-preview:-1\" \/>\n<link rel=\"canonical\" href=\"https:\/\/www.donadonsdd.com\/pt-pt\/produto\/dcd-composite\/\" \/>\n<meta property=\"og:locale\" content=\"pt_PT\" \/>\n<meta property=\"og:type\" content=\"article\" \/>\n<meta property=\"og:title\" content=\"Disco de rutura composto - DCD\" \/>\n<meta property=\"og:description\" content=\"Disco de rutura composto para servi\u00e7o de g\u00e1s e l\u00edquido a baixa press\u00e3o. Dispon\u00edvel em configura\u00e7\u00f5es de simples ou duplo efeito para prote\u00e7\u00e3o contra sobrepress\u00e3o, v\u00e1cuo ou combinada, suporte de v\u00e1cuo opcional, r\u00e1cio de funcionamento at\u00e9 80%, certificado PED e ATEX.\" \/>\n<meta property=\"og:url\" content=\"https:\/\/www.donadonsdd.com\/pt-pt\/produto\/dcd-composite\/\" \/>\n<meta property=\"og:site_name\" content=\"DonadonSDD Srl\" \/>\n<meta property=\"article:modified_time\" content=\"2026-03-01T01:56:19+00:00\" \/>\n<meta property=\"og:image\" content=\"https:\/\/www.donadonsdd.com\/wp-content\/uploads\/2025\/12\/donadon-50.png\" \/>\n\t<meta property=\"og:image:width\" content=\"1800\" \/>\n\t<meta property=\"og:image:height\" content=\"1200\" \/>\n\t<meta property=\"og:image:type\" content=\"image\/png\" \/>\n<meta name=\"twitter:card\" content=\"summary_large_image\" \/>\n<meta name=\"twitter:label1\" content=\"Tempo estimado de leitura\" \/>\n\t<meta name=\"twitter:data1\" content=\"2 minutos\" \/>\n<script type=\"application\/ld+json\" class=\"yoast-schema-graph\">{\"@context\":\"https:\\\/\\\/schema.org\",\"@graph\":[{\"@type\":\"WebPage\",\"@id\":\"https:\\\/\\\/www.donadonsdd.com\\\/pt-pt\\\/produto\\\/dcd-composite\\\/\",\"url\":\"https:\\\/\\\/www.donadonsdd.com\\\/pt-pt\\\/produto\\\/dcd-composite\\\/\",\"name\":\"Disco de rutura composto - DCD\",\"isPartOf\":{\"@id\":\"https:\\\/\\\/www.donadonsdd.com\\\/pt-pt\\\/#website\"},\"primaryImageOfPage\":{\"@id\":\"https:\\\/\\\/www.donadonsdd.com\\\/pt-pt\\\/produto\\\/dcd-composite\\\/#primaryimage\"},\"image\":{\"@id\":\"https:\\\/\\\/www.donadonsdd.com\\\/pt-pt\\\/produto\\\/dcd-composite\\\/#primaryimage\"},\"thumbnailUrl\":\"https:\\\/\\\/www.donadonsdd.com\\\/wp-content\\\/uploads\\\/2025\\\/12\\\/donadon-50.png\",\"datePublished\":\"2025-12-11T12:51:20+00:00\",\"dateModified\":\"2026-03-01T01:56:19+00:00\",\"description\":\"Disco de rutura composto para servi\u00e7o de g\u00e1s e l\u00edquido a baixa press\u00e3o. Dispon\u00edvel em configura\u00e7\u00f5es de simples ou duplo efeito para prote\u00e7\u00e3o contra sobrepress\u00e3o, v\u00e1cuo ou combinada, suporte de v\u00e1cuo opcional, r\u00e1cio de funcionamento at\u00e9 80%, certificado PED e ATEX.\",\"breadcrumb\":{\"@id\":\"https:\\\/\\\/www.donadonsdd.com\\\/pt-pt\\\/produto\\\/dcd-composite\\\/#breadcrumb\"},\"inLanguage\":\"pt-PT\",\"potentialAction\":[{\"@type\":\"ReadAction\",\"target\":[\"https:\\\/\\\/www.donadonsdd.com\\\/pt-pt\\\/produto\\\/dcd-composite\\\/\"]}]},{\"@type\":\"ImageObject\",\"inLanguage\":\"pt-PT\",\"@id\":\"https:\\\/\\\/www.donadonsdd.com\\\/pt-pt\\\/produto\\\/dcd-composite\\\/#primaryimage\",\"url\":\"https:\\\/\\\/www.donadonsdd.com\\\/wp-content\\\/uploads\\\/2025\\\/12\\\/donadon-50.png\",\"contentUrl\":\"https:\\\/\\\/www.donadonsdd.com\\\/wp-content\\\/uploads\\\/2025\\\/12\\\/donadon-50.png\",\"width\":1800,\"height\":1200},{\"@type\":\"BreadcrumbList\",\"@id\":\"https:\\\/\\\/www.donadonsdd.com\\\/pt-pt\\\/produto\\\/dcd-composite\\\/#breadcrumb\",\"itemListElement\":[{\"@type\":\"ListItem\",\"position\":1,\"name\":\"HOMEPAGE\",\"item\":\"https:\\\/\\\/www.donadonsdd.com\\\/pt-pt\\\/\"},{\"@type\":\"ListItem\",\"position\":2,\"name\":\"Discos de rutura DCD &#8211; Dispositivos de seguran\u00e7a de alta qualidade para instala\u00e7\u00f5es industriais\"}]},{\"@type\":\"WebSite\",\"@id\":\"https:\\\/\\\/www.donadonsdd.com\\\/pt-pt\\\/#website\",\"url\":\"https:\\\/\\\/www.donadonsdd.com\\\/pt-pt\\\/\",\"name\":\"DonadonSDD Srl\",\"description\":\"\",\"publisher\":{\"@id\":\"https:\\\/\\\/www.donadonsdd.com\\\/pt-pt\\\/#organization\"},\"potentialAction\":[{\"@type\":\"SearchAction\",\"target\":{\"@type\":\"EntryPoint\",\"urlTemplate\":\"https:\\\/\\\/www.donadonsdd.com\\\/pt-pt\\\/?s={search_term_string}\"},\"query-input\":{\"@type\":\"PropertyValueSpecification\",\"valueRequired\":true,\"valueName\":\"search_term_string\"}}],\"inLanguage\":\"pt-PT\"},{\"@type\":\"Organization\",\"@id\":\"https:\\\/\\\/www.donadonsdd.com\\\/pt-pt\\\/#organization\",\"name\":\"DonadonSDD Srl\",\"url\":\"https:\\\/\\\/www.donadonsdd.com\\\/pt-pt\\\/\",\"logo\":{\"@type\":\"ImageObject\",\"inLanguage\":\"pt-PT\",\"@id\":\"https:\\\/\\\/www.donadonsdd.com\\\/pt-pt\\\/#\\\/schema\\\/logo\\\/image\\\/\",\"url\":\"https:\\\/\\\/www.donadonsdd.com\\\/wp-content\\\/uploads\\\/2025\\\/11\\\/donadonsdd-logo.png\",\"contentUrl\":\"https:\\\/\\\/www.donadonsdd.com\\\/wp-content\\\/uploads\\\/2025\\\/11\\\/donadonsdd-logo.png\",\"width\":544,\"height\":96,\"caption\":\"DonadonSDD Srl\"},\"image\":{\"@id\":\"https:\\\/\\\/www.donadonsdd.com\\\/pt-pt\\\/#\\\/schema\\\/logo\\\/image\\\/\"}}]}<\/script>\n<!-- \/ Yoast SEO plugin. -->","yoast_head_json":{"title":"Disco de rutura composto - DCD","description":"Disco de rutura composto para servi\u00e7o de g\u00e1s e l\u00edquido a baixa press\u00e3o. Dispon\u00edvel em configura\u00e7\u00f5es de simples ou duplo efeito para prote\u00e7\u00e3o contra sobrepress\u00e3o, v\u00e1cuo ou combinada, suporte de v\u00e1cuo opcional, r\u00e1cio de funcionamento at\u00e9 80%, certificado PED e ATEX.","robots":{"index":"index","follow":"follow","max-snippet":"max-snippet:-1","max-image-preview":"max-image-preview:large","max-video-preview":"max-video-preview:-1"},"canonical":"https:\/\/www.donadonsdd.com\/pt-pt\/produto\/dcd-composite\/","og_locale":"pt_PT","og_type":"article","og_title":"Disco de rutura composto - DCD","og_description":"Disco de rutura composto para servi\u00e7o de g\u00e1s e l\u00edquido a baixa press\u00e3o. Dispon\u00edvel em configura\u00e7\u00f5es de simples ou duplo efeito para prote\u00e7\u00e3o contra sobrepress\u00e3o, v\u00e1cuo ou combinada, suporte de v\u00e1cuo opcional, r\u00e1cio de funcionamento at\u00e9 80%, certificado PED e ATEX.","og_url":"https:\/\/www.donadonsdd.com\/pt-pt\/produto\/dcd-composite\/","og_site_name":"DonadonSDD Srl","article_modified_time":"2026-03-01T01:56:19+00:00","og_image":[{"width":1800,"height":1200,"url":"https:\/\/www.donadonsdd.com\/wp-content\/uploads\/2025\/12\/donadon-50.png","type":"image\/png"}],"twitter_card":"summary_large_image","twitter_misc":{"Tempo estimado de leitura":"2 minutos"},"schema":{"@context":"https:\/\/schema.org","@graph":[{"@type":"WebPage","@id":"https:\/\/www.donadonsdd.com\/pt-pt\/produto\/dcd-composite\/","url":"https:\/\/www.donadonsdd.com\/pt-pt\/produto\/dcd-composite\/","name":"Disco de rutura composto - DCD","isPartOf":{"@id":"https:\/\/www.donadonsdd.com\/pt-pt\/#website"},"primaryImageOfPage":{"@id":"https:\/\/www.donadonsdd.com\/pt-pt\/produto\/dcd-composite\/#primaryimage"},"image":{"@id":"https:\/\/www.donadonsdd.com\/pt-pt\/produto\/dcd-composite\/#primaryimage"},"thumbnailUrl":"https:\/\/www.donadonsdd.com\/wp-content\/uploads\/2025\/12\/donadon-50.png","datePublished":"2025-12-11T12:51:20+00:00","dateModified":"2026-03-01T01:56:19+00:00","description":"Disco de rutura composto para servi\u00e7o de g\u00e1s e l\u00edquido a baixa press\u00e3o. Dispon\u00edvel em configura\u00e7\u00f5es de simples ou duplo efeito para prote\u00e7\u00e3o contra sobrepress\u00e3o, v\u00e1cuo ou combinada, suporte de v\u00e1cuo opcional, r\u00e1cio de funcionamento at\u00e9 80%, certificado PED e ATEX.","breadcrumb":{"@id":"https:\/\/www.donadonsdd.com\/pt-pt\/produto\/dcd-composite\/#breadcrumb"},"inLanguage":"pt-PT","potentialAction":[{"@type":"ReadAction","target":["https:\/\/www.donadonsdd.com\/pt-pt\/produto\/dcd-composite\/"]}]},{"@type":"ImageObject","inLanguage":"pt-PT","@id":"https:\/\/www.donadonsdd.com\/pt-pt\/produto\/dcd-composite\/#primaryimage","url":"https:\/\/www.donadonsdd.com\/wp-content\/uploads\/2025\/12\/donadon-50.png","contentUrl":"https:\/\/www.donadonsdd.com\/wp-content\/uploads\/2025\/12\/donadon-50.png","width":1800,"height":1200},{"@type":"BreadcrumbList","@id":"https:\/\/www.donadonsdd.com\/pt-pt\/produto\/dcd-composite\/#breadcrumb","itemListElement":[{"@type":"ListItem","position":1,"name":"HOMEPAGE","item":"https:\/\/www.donadonsdd.com\/pt-pt\/"},{"@type":"ListItem","position":2,"name":"Discos de rutura DCD &#8211; Dispositivos de seguran\u00e7a de alta qualidade para instala\u00e7\u00f5es industriais"}]},{"@type":"WebSite","@id":"https:\/\/www.donadonsdd.com\/pt-pt\/#website","url":"https:\/\/www.donadonsdd.com\/pt-pt\/","name":"DonadonSDD Srl","description":"","publisher":{"@id":"https:\/\/www.donadonsdd.com\/pt-pt\/#organization"},"potentialAction":[{"@type":"SearchAction","target":{"@type":"EntryPoint","urlTemplate":"https:\/\/www.donadonsdd.com\/pt-pt\/?s={search_term_string}"},"query-input":{"@type":"PropertyValueSpecification","valueRequired":true,"valueName":"search_term_string"}}],"inLanguage":"pt-PT"},{"@type":"Organization","@id":"https:\/\/www.donadonsdd.com\/pt-pt\/#organization","name":"DonadonSDD Srl","url":"https:\/\/www.donadonsdd.com\/pt-pt\/","logo":{"@type":"ImageObject","inLanguage":"pt-PT","@id":"https:\/\/www.donadonsdd.com\/pt-pt\/#\/schema\/logo\/image\/","url":"https:\/\/www.donadonsdd.com\/wp-content\/uploads\/2025\/11\/donadonsdd-logo.png","contentUrl":"https:\/\/www.donadonsdd.com\/wp-content\/uploads\/2025\/11\/donadonsdd-logo.png","width":544,"height":96,"caption":"DonadonSDD Srl"},"image":{"@id":"https:\/\/www.donadonsdd.com\/pt-pt\/#\/schema\/logo\/image\/"}}]}},"toolset-meta":{"toolset-woocommerce-fields":{"_download_limit":{"type":"numeric","raw":""},"_virtual":{"type":"checkbox","raw":""},"_downloadable":{"type":"checkbox","raw":""},"_download_expiry":{"type":"numeric","raw":""},"_download_type":{"type":"radio","raw":""},"_regular_price":{"type":"numeric","raw":""},"_sale_price":{"type":"numeric","raw":""},"_sale_price_dates_from":{"type":"date","raw":"","formatted":null},"_sale_price_dates_to":{"type":"date","raw":"","formatted":null},"_sku":{"type":"textfield","raw":""},"_manage_stock":{"type":"checkbox","raw":""},"_stock_status":{"type":"radio","raw":""},"_stock":{"type":"numeric","raw":""},"_backorders":{"type":"radio","raw":""},"_sold_individually":{"type":"checkbox","raw":""},"_width":{"type":"numeric","raw":""},"_weight":{"type":"numeric","raw":""},"_length":{"type":"numeric","raw":""},"_purchase_note":{"type":"textarea","raw":""}},"infografica":{"operation-ratio":{"type":"textfield","raw":"at\u00e9 80%"},"non-fragmenting":{"type":"textfield","raw":"sim (apenas membrana)"},"vacumm-resistant":{"type":"textfield","raw":"sim, suporte de v\u00e1cuo necess\u00e1rio"},"sanitary":{"type":"textfield","raw":"n\u00e3o"},"liquid":{"type":"textfield","raw":"sim"},"vapor-gas":{"type":"textfield","raw":"sim"},"ferrules":{"type":"textfield","raw":""}},"dettagli-prodotto":{"immagini-prodotto":{"type":"image","raw":["https:\/\/www.donadonsdd.com\/wp-content\/uploads\/2025\/12\/donadon-50_result.webp","https:\/\/www.donadonsdd.com\/wp-content\/uploads\/2025\/12\/donadon-51_result.webp"],"repeatable":[{"raw":"https:\/\/www.donadonsdd.com\/wp-content\/uploads\/2025\/12\/donadon-50_result.webp","attachment_id":6376},{"raw":"https:\/\/www.donadonsdd.com\/wp-content\/uploads\/2025\/12\/donadon-51_result.webp","attachment_id":6377}]},"tabella-specifiche":{"type":"wysiwyg","raw":"<p class=\"p1\">MODELO | DCD;\nMATERIAIS | A\u00e7o inoxid\u00e1vel, Liga 201, Liga 400, Liga 600, Liga 625, Liga C276, Tit\u00e2nio;\nMEMBRANA DE VEDA\u00c7\u00c3O | Dispon\u00edvel em PTFE ou PFA;\nDIMENS\u00d5ES | De DN25 (1 polegada) a DN1000 (40 polegadas);\nPRESS\u00c3O DE RUPTURA | 0,01 - 100 bar g (dependendo do tamanho e do material);\nTOLER\u00c2NCIA | de +\/- 5 % a +\/- 40%;\nTEMPERATURA DE FUNCIONAMENTO | m\u00e1x. 260\u00b0C (membrana em PTFE ou PFA);\nFRAGMENTA\u00c7\u00c3O | N\u00e3o (apenas membrana);\nUTILIZA\u00c7\u00c3O EM COMBINA\u00c7\u00c3O COM PSV | Adequado;\nMARGEM DE FUNCIONAMENTO | Pode atingir at\u00e9 80% dependendo das condi\u00e7\u00f5es de servi\u00e7o..;\nRESIST\u00caNCIA \u00c0 PRESS\u00c3O DE V\u00c1CUO | Sim, suporte de v\u00e1cuo necess\u00e1rio;\nOP\u00c7\u00c3O DOUBLE WAY DISC | Dispon\u00edvel, mesmo com duas press\u00f5es de regula\u00e7\u00e3o diferentes;\nRESIST\u00caNCIA \u00c0 CORROS\u00c3O | Muito bom;\nRevestimentos | Dispon\u00edvel em PTFE e PFA;\nSEGURA| <a href=\"https:\/\/www.donadonsdd.com\/pt-pt\/produto\/hia-hra\/\">HIA<\/a>, <a href=\"https:\/\/www.donadonsdd.com\/pt-pt\/produto\/hip-hrp\/\">HIP<\/a>, <a href=\"https:\/\/www.donadonsdd.com\/pt-pt\/produto\/hif-hrf\/\">HIF<\/a>;   \nSENSOR DE RUPTURA | <a href=\"https:\/\/www.donadonsdd.com\/pt-pt\/produtos\/sensores-de-ruptura\/eletrico\/\">El\u00e9trico<\/a>, <a href=\"https:\/\/www.donadonsdd.com\/pt-pt\/produtos\/sensores-de-ruptura\/magnetico\/\">Magn\u00e9tico<\/a>, <a href=\"https:\/\/www.donadonsdd.com\/pt-pt\/produtos\/sensores-de-ruptura\/indutivo\/\">Indutivo<\/a>, <a href=\"https:\/\/www.donadonsdd.com\/pt-pt\/produtos\/sensores-de-ruptura\/fibra-otica\/\">\u00d3tico<\/a>;    <\/p>"}}},"_links":{"self":[{"href":"https:\/\/www.donadonsdd.com\/pt-pt\/wp-json\/wp\/v2\/product\/6372","targetHints":{"allow":["GET"]}}],"collection":[{"href":"https:\/\/www.donadonsdd.com\/pt-pt\/wp-json\/wp\/v2\/product"}],"about":[{"href":"https:\/\/www.donadonsdd.com\/pt-pt\/wp-json\/wp\/v2\/types\/product"}],"wp:featuredmedia":[{"embeddable":true,"href":"https:\/\/www.donadonsdd.com\/pt-pt\/wp-json\/wp\/v2\/media\/10312"}],"wp:attachment":[{"href":"https:\/\/www.donadonsdd.com\/pt-pt\/wp-json\/wp\/v2\/media?parent=6372"}],"wp:term":[{"taxonomy":"categoria_prodotto","embeddable":true,"href":"https:\/\/www.donadonsdd.com\/pt-pt\/wp-json\/wp\/v2\/categoria_prodotto?post=6372"}],"curies":[{"name":"wp","href":"https:\/\/api.w.org\/{rel}","templated":true}]}}