{"id":6394,"date":"2025-12-08T00:34:00","date_gmt":"2025-12-07T23:34:00","guid":{"rendered":"https:\/\/www.donadonsdd.com\/product\/discos-de-rutura-ga-dispositivos-de-seguranca-com-material-de-grafite-de-alta-pureza\/"},"modified":"2026-03-01T02:14:36","modified_gmt":"2026-03-01T01:14:36","slug":"ga","status":"publish","type":"product","link":"https:\/\/www.donadonsdd.com\/pt-pt\/produto\/ga\/","title":{"rendered":"Discos de rutura GA &#8211; Dispositivos de seguran\u00e7a com material de grafite de alta pureza"},"content":{"rendered":"<p>A DonadonSDD prop\u00f5e discos de rutura GA concebidos para proteger as instala\u00e7\u00f5es industriais onde se processam fluidos particularmente agressivos de varia\u00e7\u00f5es bruscas de press\u00e3o que podem causar danos graves.<br \/>\nOs discos de rutura GA podem ser montados diretamente entre as flanges e s\u00e3o fabricados em grafite puro, impregnado com resinas fen\u00f3licas para garantir uma perfeita n\u00e3o permeabilidade. Devido \u00e0 sua natureza, os discos de rutura de grafite fragmentam-se quando rebentam. <\/p>\n<h2>Principais carater\u00edsticas e vantagens t\u00e9cnicas<\/h2>\n<h3>Elevados padr\u00f5es de certifica\u00e7\u00e3o:<\/h3>\n<p>Os nossos discos de rutura s\u00e3o certificados de acordo com as mais elevadas normas internacionais, incluindo PED 2014\/68\/UE (CE STAMP), PER 2016 UK Statutory Instruments 2016 No 1105 (UKCA STAMP) e CU TR 032 (EAC STAMP).<\/p>\n<h3>T\u00e9cnica:<\/h3>\n<p>Montado num anel de a\u00e7o inoxid\u00e1vel, combina a resist\u00eancia mec\u00e2nica de um suporte de a\u00e7o com as carater\u00edsticas dos discos de grafite.<\/p>\n<h3>Instala\u00e7\u00e3o f\u00e1cil:<\/h3>\n<p>Pode ser inserido diretamente entre flanges.<\/p>\n<h3>Carater\u00edsticas:<\/h3>\n<p>A abertura \u00e9 total, mas com fragmenta\u00e7\u00e3o; resistente a fluidos agressivos (pode ser protegida com uma membrana de PTFE ou PFA) e baixa press\u00e3o de rutura; sens\u00edvel a varia\u00e7\u00f5es de temperatura.<\/p>\n<h2>Porqu\u00ea escolher a DonadonSDD?<\/h2>\n<ul>\n<li>Os nossos discos de rutura GA s\u00e3o certificados de acordo com as mais elevadas normas de seguran\u00e7a internacionais, proporcionando uma prote\u00e7\u00e3o fi\u00e1vel \u00e0 sua instala\u00e7\u00e3o industrial.<\/li>\n<li>Os discos de rutura DonadonSDD GA s\u00e3o feitos de grafite puro, o que os torna adequados para v\u00e1rias aplica\u00e7\u00f5es.<\/li>\n<li>Os discos de rutura DonadonSDD GA podem ser suportados por auto-v\u00e1cuo a press\u00f5es de ajuste superiores a 1,7 bar g, oferecendo maior comodidade e facilidade de utiliza\u00e7\u00e3o.<\/li>\n<\/ul>\n","protected":false},"excerpt":{"rendered":"<p>A DonadonSDD prop\u00f5e discos de rutura GA concebidos para proteger as instala\u00e7\u00f5es industriais onde se processam fluidos particularmente agressivos de varia\u00e7\u00f5es bruscas de press\u00e3o que podem causar danos graves. Os discos de rutura GA podem ser montados diretamente entre as flanges e s\u00e3o fabricados em grafite puro, impregnado com resinas fen\u00f3licas para garantir uma perfeita [&hellip;]<\/p>\n","protected":false},"featured_media":6396,"menu_order":0,"template":"","meta":{"_acf_changed":false},"categoria_prodotto":[88,79],"class_list":["post-6394","product","type-product","status-publish","has-post-thumbnail","hentry","categoria_prodotto-graphite","categoria_prodotto-rupture-discs"],"acf":[],"yoast_head":"<!-- This site is optimized with the Yoast SEO plugin v27.3 - https:\/\/yoast.com\/product\/yoast-seo-wordpress\/ -->\n<title>Disco de rutura de grafite entre flanges - GA<\/title>\n<meta name=\"description\" content=\"Disco de rutura em grafite para meios agressivos e corrosivos. Disco de grafite puro com anel de a\u00e7o, instala\u00e7\u00e3o direta por flange, adequado para servi\u00e7o de g\u00e1s e l\u00edquido, certificado PED e EAC.\" \/>\n<meta name=\"robots\" content=\"index, follow, max-snippet:-1, max-image-preview:large, max-video-preview:-1\" \/>\n<link rel=\"canonical\" href=\"https:\/\/www.donadonsdd.com\/pt-pt\/produto\/ga\/\" \/>\n<meta property=\"og:locale\" content=\"pt_PT\" \/>\n<meta property=\"og:type\" content=\"article\" \/>\n<meta property=\"og:title\" content=\"Disco de rutura de grafite entre flanges - GA\" \/>\n<meta property=\"og:description\" content=\"Disco de rutura em grafite para meios agressivos e corrosivos. Disco de grafite puro com anel de a\u00e7o, instala\u00e7\u00e3o direta por flange, adequado para servi\u00e7o de g\u00e1s e l\u00edquido, certificado PED e EAC.\" \/>\n<meta property=\"og:url\" content=\"https:\/\/www.donadonsdd.com\/pt-pt\/produto\/ga\/\" \/>\n<meta property=\"og:site_name\" content=\"DonadonSDD Srl\" \/>\n<meta property=\"article:modified_time\" content=\"2026-03-01T01:14:36+00:00\" \/>\n<meta property=\"og:image\" content=\"https:\/\/www.donadonsdd.com\/wp-content\/uploads\/2025\/12\/donadon-98.png\" \/>\n\t<meta property=\"og:image:width\" content=\"1800\" \/>\n\t<meta property=\"og:image:height\" content=\"1200\" \/>\n\t<meta property=\"og:image:type\" content=\"image\/png\" \/>\n<meta name=\"twitter:card\" content=\"summary_large_image\" \/>\n<meta name=\"twitter:label1\" content=\"Tempo estimado de leitura\" \/>\n\t<meta name=\"twitter:data1\" content=\"1 minuto\" \/>\n<script type=\"application\/ld+json\" class=\"yoast-schema-graph\">{\"@context\":\"https:\\\/\\\/schema.org\",\"@graph\":[{\"@type\":\"WebPage\",\"@id\":\"https:\\\/\\\/www.donadonsdd.com\\\/pt-pt\\\/produto\\\/ga\\\/\",\"url\":\"https:\\\/\\\/www.donadonsdd.com\\\/pt-pt\\\/produto\\\/ga\\\/\",\"name\":\"Disco de rutura de grafite entre flanges - GA\",\"isPartOf\":{\"@id\":\"https:\\\/\\\/www.donadonsdd.com\\\/pt-pt\\\/#website\"},\"primaryImageOfPage\":{\"@id\":\"https:\\\/\\\/www.donadonsdd.com\\\/pt-pt\\\/produto\\\/ga\\\/#primaryimage\"},\"image\":{\"@id\":\"https:\\\/\\\/www.donadonsdd.com\\\/pt-pt\\\/produto\\\/ga\\\/#primaryimage\"},\"thumbnailUrl\":\"https:\\\/\\\/www.donadonsdd.com\\\/wp-content\\\/uploads\\\/2025\\\/12\\\/donadon-98.png\",\"datePublished\":\"2025-12-07T23:34:00+00:00\",\"dateModified\":\"2026-03-01T01:14:36+00:00\",\"description\":\"Disco de rutura em grafite para meios agressivos e corrosivos. Disco de grafite puro com anel de a\u00e7o, instala\u00e7\u00e3o direta por flange, adequado para servi\u00e7o de g\u00e1s e l\u00edquido, certificado PED e EAC.\",\"breadcrumb\":{\"@id\":\"https:\\\/\\\/www.donadonsdd.com\\\/pt-pt\\\/produto\\\/ga\\\/#breadcrumb\"},\"inLanguage\":\"pt-PT\",\"potentialAction\":[{\"@type\":\"ReadAction\",\"target\":[\"https:\\\/\\\/www.donadonsdd.com\\\/pt-pt\\\/produto\\\/ga\\\/\"]}]},{\"@type\":\"ImageObject\",\"inLanguage\":\"pt-PT\",\"@id\":\"https:\\\/\\\/www.donadonsdd.com\\\/pt-pt\\\/produto\\\/ga\\\/#primaryimage\",\"url\":\"https:\\\/\\\/www.donadonsdd.com\\\/wp-content\\\/uploads\\\/2025\\\/12\\\/donadon-98.png\",\"contentUrl\":\"https:\\\/\\\/www.donadonsdd.com\\\/wp-content\\\/uploads\\\/2025\\\/12\\\/donadon-98.png\",\"width\":1800,\"height\":1200},{\"@type\":\"BreadcrumbList\",\"@id\":\"https:\\\/\\\/www.donadonsdd.com\\\/pt-pt\\\/produto\\\/ga\\\/#breadcrumb\",\"itemListElement\":[{\"@type\":\"ListItem\",\"position\":1,\"name\":\"HOMEPAGE\",\"item\":\"https:\\\/\\\/www.donadonsdd.com\\\/pt-pt\\\/\"},{\"@type\":\"ListItem\",\"position\":2,\"name\":\"Discos de rutura GA &#8211; Dispositivos de seguran\u00e7a com material de grafite de alta pureza\"}]},{\"@type\":\"WebSite\",\"@id\":\"https:\\\/\\\/www.donadonsdd.com\\\/pt-pt\\\/#website\",\"url\":\"https:\\\/\\\/www.donadonsdd.com\\\/pt-pt\\\/\",\"name\":\"DonadonSDD Srl\",\"description\":\"\",\"publisher\":{\"@id\":\"https:\\\/\\\/www.donadonsdd.com\\\/pt-pt\\\/#organization\"},\"potentialAction\":[{\"@type\":\"SearchAction\",\"target\":{\"@type\":\"EntryPoint\",\"urlTemplate\":\"https:\\\/\\\/www.donadonsdd.com\\\/pt-pt\\\/?s={search_term_string}\"},\"query-input\":{\"@type\":\"PropertyValueSpecification\",\"valueRequired\":true,\"valueName\":\"search_term_string\"}}],\"inLanguage\":\"pt-PT\"},{\"@type\":\"Organization\",\"@id\":\"https:\\\/\\\/www.donadonsdd.com\\\/pt-pt\\\/#organization\",\"name\":\"DonadonSDD Srl\",\"url\":\"https:\\\/\\\/www.donadonsdd.com\\\/pt-pt\\\/\",\"logo\":{\"@type\":\"ImageObject\",\"inLanguage\":\"pt-PT\",\"@id\":\"https:\\\/\\\/www.donadonsdd.com\\\/pt-pt\\\/#\\\/schema\\\/logo\\\/image\\\/\",\"url\":\"https:\\\/\\\/www.donadonsdd.com\\\/wp-content\\\/uploads\\\/2025\\\/11\\\/donadonsdd-logo.png\",\"contentUrl\":\"https:\\\/\\\/www.donadonsdd.com\\\/wp-content\\\/uploads\\\/2025\\\/11\\\/donadonsdd-logo.png\",\"width\":544,\"height\":96,\"caption\":\"DonadonSDD Srl\"},\"image\":{\"@id\":\"https:\\\/\\\/www.donadonsdd.com\\\/pt-pt\\\/#\\\/schema\\\/logo\\\/image\\\/\"}}]}<\/script>\n<!-- \/ Yoast SEO plugin. -->","yoast_head_json":{"title":"Disco de rutura de grafite entre flanges - GA","description":"Disco de rutura em grafite para meios agressivos e corrosivos. Disco de grafite puro com anel de a\u00e7o, instala\u00e7\u00e3o direta por flange, adequado para servi\u00e7o de g\u00e1s e l\u00edquido, certificado PED e EAC.","robots":{"index":"index","follow":"follow","max-snippet":"max-snippet:-1","max-image-preview":"max-image-preview:large","max-video-preview":"max-video-preview:-1"},"canonical":"https:\/\/www.donadonsdd.com\/pt-pt\/produto\/ga\/","og_locale":"pt_PT","og_type":"article","og_title":"Disco de rutura de grafite entre flanges - GA","og_description":"Disco de rutura em grafite para meios agressivos e corrosivos. Disco de grafite puro com anel de a\u00e7o, instala\u00e7\u00e3o direta por flange, adequado para servi\u00e7o de g\u00e1s e l\u00edquido, certificado PED e EAC.","og_url":"https:\/\/www.donadonsdd.com\/pt-pt\/produto\/ga\/","og_site_name":"DonadonSDD Srl","article_modified_time":"2026-03-01T01:14:36+00:00","og_image":[{"width":1800,"height":1200,"url":"https:\/\/www.donadonsdd.com\/wp-content\/uploads\/2025\/12\/donadon-98.png","type":"image\/png"}],"twitter_card":"summary_large_image","twitter_misc":{"Tempo estimado de leitura":"1 minuto"},"schema":{"@context":"https:\/\/schema.org","@graph":[{"@type":"WebPage","@id":"https:\/\/www.donadonsdd.com\/pt-pt\/produto\/ga\/","url":"https:\/\/www.donadonsdd.com\/pt-pt\/produto\/ga\/","name":"Disco de rutura de grafite entre flanges - GA","isPartOf":{"@id":"https:\/\/www.donadonsdd.com\/pt-pt\/#website"},"primaryImageOfPage":{"@id":"https:\/\/www.donadonsdd.com\/pt-pt\/produto\/ga\/#primaryimage"},"image":{"@id":"https:\/\/www.donadonsdd.com\/pt-pt\/produto\/ga\/#primaryimage"},"thumbnailUrl":"https:\/\/www.donadonsdd.com\/wp-content\/uploads\/2025\/12\/donadon-98.png","datePublished":"2025-12-07T23:34:00+00:00","dateModified":"2026-03-01T01:14:36+00:00","description":"Disco de rutura em grafite para meios agressivos e corrosivos. Disco de grafite puro com anel de a\u00e7o, instala\u00e7\u00e3o direta por flange, adequado para servi\u00e7o de g\u00e1s e l\u00edquido, certificado PED e EAC.","breadcrumb":{"@id":"https:\/\/www.donadonsdd.com\/pt-pt\/produto\/ga\/#breadcrumb"},"inLanguage":"pt-PT","potentialAction":[{"@type":"ReadAction","target":["https:\/\/www.donadonsdd.com\/pt-pt\/produto\/ga\/"]}]},{"@type":"ImageObject","inLanguage":"pt-PT","@id":"https:\/\/www.donadonsdd.com\/pt-pt\/produto\/ga\/#primaryimage","url":"https:\/\/www.donadonsdd.com\/wp-content\/uploads\/2025\/12\/donadon-98.png","contentUrl":"https:\/\/www.donadonsdd.com\/wp-content\/uploads\/2025\/12\/donadon-98.png","width":1800,"height":1200},{"@type":"BreadcrumbList","@id":"https:\/\/www.donadonsdd.com\/pt-pt\/produto\/ga\/#breadcrumb","itemListElement":[{"@type":"ListItem","position":1,"name":"HOMEPAGE","item":"https:\/\/www.donadonsdd.com\/pt-pt\/"},{"@type":"ListItem","position":2,"name":"Discos de rutura GA &#8211; Dispositivos de seguran\u00e7a com material de grafite de alta pureza"}]},{"@type":"WebSite","@id":"https:\/\/www.donadonsdd.com\/pt-pt\/#website","url":"https:\/\/www.donadonsdd.com\/pt-pt\/","name":"DonadonSDD Srl","description":"","publisher":{"@id":"https:\/\/www.donadonsdd.com\/pt-pt\/#organization"},"potentialAction":[{"@type":"SearchAction","target":{"@type":"EntryPoint","urlTemplate":"https:\/\/www.donadonsdd.com\/pt-pt\/?s={search_term_string}"},"query-input":{"@type":"PropertyValueSpecification","valueRequired":true,"valueName":"search_term_string"}}],"inLanguage":"pt-PT"},{"@type":"Organization","@id":"https:\/\/www.donadonsdd.com\/pt-pt\/#organization","name":"DonadonSDD Srl","url":"https:\/\/www.donadonsdd.com\/pt-pt\/","logo":{"@type":"ImageObject","inLanguage":"pt-PT","@id":"https:\/\/www.donadonsdd.com\/pt-pt\/#\/schema\/logo\/image\/","url":"https:\/\/www.donadonsdd.com\/wp-content\/uploads\/2025\/11\/donadonsdd-logo.png","contentUrl":"https:\/\/www.donadonsdd.com\/wp-content\/uploads\/2025\/11\/donadonsdd-logo.png","width":544,"height":96,"caption":"DonadonSDD Srl"},"image":{"@id":"https:\/\/www.donadonsdd.com\/pt-pt\/#\/schema\/logo\/image\/"}}]}},"toolset-meta":{"toolset-woocommerce-fields":{"_download_limit":{"type":"numeric","raw":""},"_virtual":{"type":"checkbox","raw":""},"_downloadable":{"type":"checkbox","raw":""},"_download_expiry":{"type":"numeric","raw":""},"_download_type":{"type":"radio","raw":""},"_regular_price":{"type":"numeric","raw":""},"_sale_price":{"type":"numeric","raw":""},"_sale_price_dates_from":{"type":"date","raw":"","formatted":null},"_sale_price_dates_to":{"type":"date","raw":"","formatted":null},"_sku":{"type":"textfield","raw":""},"_manage_stock":{"type":"checkbox","raw":""},"_stock_status":{"type":"radio","raw":""},"_stock":{"type":"numeric","raw":""},"_backorders":{"type":"radio","raw":""},"_sold_individually":{"type":"checkbox","raw":""},"_width":{"type":"numeric","raw":""},"_weight":{"type":"numeric","raw":""},"_length":{"type":"numeric","raw":""},"_purchase_note":{"type":"textarea","raw":""}},"infografica":{"operation-ratio":{"type":"textfield","raw":"at\u00e9 75%"},"non-fragmenting":{"type":"textfield","raw":"n\u00e3o"},"vacumm-resistant":{"type":"textfield","raw":"Apenas para press\u00f5es superiores a 1,7 bar g."},"sanitary":{"type":"textfield","raw":"n\u00e3o"},"liquid":{"type":"textfield","raw":"sim"},"vapor-gas":{"type":"textfield","raw":"sim"},"ferrules":{"type":"textfield","raw":""}},"dettagli-prodotto":{"immagini-prodotto":{"type":"image","raw":["https:\/\/www.donadonsdd.com\/wp-content\/uploads\/2025\/12\/donadon-100_result.webp"],"repeatable":[{"raw":"https:\/\/www.donadonsdd.com\/wp-content\/uploads\/2025\/12\/donadon-100_result.webp","attachment_id":8002}]},"tabella-specifiche":{"type":"wysiwyg","raw":"<p class=\"p1\">MODELO|GA;\nMATERIAIS|Grafite e a\u00e7o inoxid\u00e1vel;\nDIMENS\u00d5ES|De DN25 (1 polegada) a DN300 (12 polegadas);\nPRESS\u00c3O DE RUPTURA|0.1 - 15 bar g (dependendo do tamanho e do material);\nTOLER\u00c2NCIA|de +\/- 10 % a +\/- 20%;\nTEMPERATURA DE FUNCIONAMENTO|m\u00e1x 200\u00b0C;\nFRAGMENTA\u00c7\u00c3O|Sim;\nUTILIZA\u00c7\u00c3O EM COMBINA\u00c7\u00c3O COM PSV|N\u00e3o;\nMARGEM DE FUNCIONAMENTO|Pode atingir at\u00e9 75% dependendo das condi\u00e7\u00f5es de servi\u00e7o;\nRESIST\u00caNCIA \u00c0 PRESS\u00c3O DE V\u00c1CUO|Somente para press\u00f5es superiores a 1,7 bar g.;\nRESIST\u00caNCIA \u00c0 CORROS\u00c3O|Muito boa;\nREVESTIMENTOS|Dispon\u00edveis em PTFE e PFA;\nSUPORTE|Pronto para ser instalado diretamente entre flanges;\nSENSOR DE RUPTURA|<a href=\"https:\/\/www.donadonsdd.com\/pt-pt\/produtos\/sensores-de-ruptura\/eletrico\/\">Electrico<\/a>;<\/p>"}}},"_links":{"self":[{"href":"https:\/\/www.donadonsdd.com\/pt-pt\/wp-json\/wp\/v2\/product\/6394","targetHints":{"allow":["GET"]}}],"collection":[{"href":"https:\/\/www.donadonsdd.com\/pt-pt\/wp-json\/wp\/v2\/product"}],"about":[{"href":"https:\/\/www.donadonsdd.com\/pt-pt\/wp-json\/wp\/v2\/types\/product"}],"wp:featuredmedia":[{"embeddable":true,"href":"https:\/\/www.donadonsdd.com\/pt-pt\/wp-json\/wp\/v2\/media\/6396"}],"wp:attachment":[{"href":"https:\/\/www.donadonsdd.com\/pt-pt\/wp-json\/wp\/v2\/media?parent=6394"}],"wp:term":[{"taxonomy":"categoria_prodotto","embeddable":true,"href":"https:\/\/www.donadonsdd.com\/pt-pt\/wp-json\/wp\/v2\/categoria_prodotto?post=6394"}],"curies":[{"name":"wp","href":"https:\/\/api.w.org\/{rel}","templated":true}]}}