{"id":6402,"date":"2025-11-23T00:42:04","date_gmt":"2025-11-22T23:42:04","guid":{"rendered":"https:\/\/www.donadonsdd.com\/product\/discos-de-rutura-krd-protecao-fiavel-para-instalacoes-industriais\/"},"modified":"2026-03-01T02:17:25","modified_gmt":"2026-03-01T01:17:25","slug":"krd","status":"publish","type":"product","link":"https:\/\/www.donadonsdd.com\/pt-pt\/produto\/krd\/","title":{"rendered":"Discos de rutura KRD &#8211; Prote\u00e7\u00e3o fi\u00e1vel para instala\u00e7\u00f5es industriais"},"content":{"rendered":"<p>Os discos de rutura de a\u00e7\u00e3o inversa KRD da DonadonSDD s\u00e3o dispositivos de seguran\u00e7a cr\u00edticos que protegem a sua instala\u00e7\u00e3o industrial, impedindo a acumula\u00e7\u00e3o s\u00fabita de press\u00e3o.<br \/>\nOs discos de rutura de a\u00e7\u00e3o inversa t\u00eam uma curvatura convexa que se mant\u00e9m inalterada sob press\u00e3o de funcionamento at\u00e9 ser atingida a press\u00e3o inversa, o que pode garantir uma longa vida \u00fatil.<br \/>\nOs discos de rutura DonadonSDD KRD incorporam tecnologia de ponta do sector e proporcionam uma prote\u00e7\u00e3o fi\u00e1vel e precisa nas aplica\u00e7\u00f5es mais exigentes, tornando os discos de rutura DonadonSDD KRD a melhor escolha para a seguran\u00e7a da sua instala\u00e7\u00e3o.<br \/>\nO seu design espec\u00edfico torna o KRD ideal para oferecer prote\u00e7\u00e3o contra a press\u00e3o a equipamentos onde esteja presente fluido totalmente l\u00edquido.<\/p>\n<h2>Principais carater\u00edsticas e vantagens t\u00e9cnicas<\/h2>\n<h3>Elevados padr\u00f5es de certifica\u00e7\u00e3o:<\/h3>\n<p>Os nossos discos KRD obtiveram as mais altas certi\ufb01ca\u00e7\u00f5es, incluindo ASME XIII (UD STAMP), PED 2014\/68\/UE (CE STAMP), PER 2016 UK Statutory Instruments 2016 No 1105 (UKCA STAMP), CU TR 032 (EAC STAMP).<\/p>\n<h3>Tecnologia avan\u00e7ada:<\/h3>\n<p>Os discos de rutura KRD obtidos atrav\u00e9s da nossa tecnologia patenteada Laser NS Nanoscored s\u00e3o discos de a\u00e7\u00e3o inversa com sec\u00e7\u00f5es calibradas micro-scored que se abrem \u00e0 volta da circunfer\u00eancia, reduzindo o risco de descolamento das p\u00e9talas.<\/p>\n<h3>Desempenho fi\u00e1vel:<\/h3>\n<p>Resiste a milhares de ciclos sem comprometer a sua fiabilidade, com rela\u00e7\u00f5es at\u00e9 95% entre a press\u00e3o de funcionamento e a press\u00e3o de rutura.<\/p>\n<h3>Rutura r\u00e1pida:<\/h3>\n<p>O disco rompe-se em poucos milissegundos e com abertura total ao longo de uma linha circunferencial marcada no lado a jusante do disco.<\/p>\n<h3>Design vers\u00e1til:<\/h3>\n<p>Adequado para a presen\u00e7a de 100% de l\u00edquido, ciclos e condi\u00e7\u00f5es de pulsa\u00e7\u00e3o sem reduzir as margens de seguran\u00e7a.<\/p>\n<h3>Isolamento das v\u00e1lvulas de seguran\u00e7a de press\u00e3o \/ N\u00e3o fragmenta\u00e7\u00e3o:<\/h3>\n<p>Ideal para o isolamento de PSV devido a rupturas ao longo da linha marcada sem gerar quaisquer fragmentos.<\/p>\n<h3>Resistente \u00e0 corros\u00e3o:<\/h3>\n<p>Vasta gama de materiais e op\u00e7\u00f5es de espessura; revestimento em PTFE dispon\u00edvel para maior prote\u00e7\u00e3o.<\/p>\n<h3>Resist\u00eancia a altas temperaturas:<\/h3>\n<p>ideal para aplica\u00e7\u00f5es com varia\u00e7\u00f5es significativas de temperatura devido \u00e0 sensibilidade reduzida \u00e0s flutua\u00e7\u00f5es de temperatura<\/p>\n<h3>Resist\u00eancia a alta press\u00e3o\/v\u00e1cuo:<\/h3>\n<p>N\u00e3o necessita de suporte de v\u00e1cuo, evitando restri\u00e7\u00f5es na \u00e1rea de descarga; capaz de resistir a altas contrapress\u00f5es. Veda\u00e7\u00e3o O-Ring dispon\u00edvel para reduzir as emiss\u00f5es fugitivas <\/p>\n<h3>Carater\u00edsticas:<\/h3>\n<ul>\n<li>Gama de fabrico = ZERO (inclu\u00eddo com ASME)<\/li>\n<li>Toler\u00e2ncia de rutura \/ desempenho = +\/- 5%<\/li>\n<li>Krl (perda de carga por velocidade ASME-Certi\ufb01cada) = 0,48, uma das mais baixas do mercado<\/li>\n<li>Pode ser utilizado em configura\u00e7\u00f5es de disco duplo<\/li>\n<\/ul>\n<h2>Por que escolher os discos de rutura DonadonSDD KRD?<\/h2>\n<ul>\n<li><span lang=\"en-US\">Certificado de acordo com as normas mais exigentes da ind\u00fastria para uma seguran\u00e7a m\u00e1xima.<\/span><\/li>\n<li><span lang=\"en-US\">Gama de fabrico = ZERO (inclu\u00eddo com ASME)<\/span><\/li>\n<li><span lang=\"en-US\">Krl (perda de carga por velocidade certificada pela ASME) = 0,48, uma das mais baixas do mercado<\/span><\/li>\n<li><span lang=\"en-US\">Pode ser utilizado em configura\u00e7\u00f5es de suporte de disco duplo.  <\/span><\/li>\n<li><span lang=\"en-US\">O compromisso com a resist\u00eancia \u00e0 corros\u00e3o e \u00e0 alta press\u00e3o garante longevidade e fiabilidade.<\/span><\/li>\n<\/ul>\n","protected":false},"excerpt":{"rendered":"<p>Os discos de rutura de a\u00e7\u00e3o inversa KRD da DonadonSDD s\u00e3o dispositivos de seguran\u00e7a cr\u00edticos que protegem a sua instala\u00e7\u00e3o industrial, impedindo a acumula\u00e7\u00e3o s\u00fabita de press\u00e3o. Os discos de rutura de a\u00e7\u00e3o inversa t\u00eam uma curvatura convexa que se mant\u00e9m inalterada sob press\u00e3o de funcionamento at\u00e9 ser atingida a press\u00e3o inversa, o que pode [&hellip;]<\/p>\n","protected":false},"featured_media":10356,"menu_order":0,"template":"","meta":{"_acf_changed":false},"categoria_prodotto":[99,83,86,79],"class_list":["post-6402","product","type-product","status-publish","has-post-thumbnail","hentry","categoria_prodotto-asme-approved","categoria_prodotto-ns-nanoscored","categoria_prodotto-reverse-acting","categoria_prodotto-rupture-discs"],"acf":[],"yoast_head":"<!-- This site is optimized with the Yoast SEO plugin v27.3 - https:\/\/yoast.com\/product\/yoast-seo-wordpress\/ -->\n<title>Disco de rutura de a\u00e7\u00e3o inversa - KRD<\/title>\n<meta name=\"description\" content=\"Disco de rutura de a\u00e7\u00e3o inversa para processos industriais e servi\u00e7o de l\u00edquidos. Design n\u00e3o fragmentado com elevada resist\u00eancia a ciclos numa vasta gama de press\u00f5es, r\u00e1cio de funcionamento at\u00e9 95%, em conformidade com ASME e PED, certificado ATEX.\" \/>\n<meta name=\"robots\" content=\"index, follow, max-snippet:-1, max-image-preview:large, max-video-preview:-1\" \/>\n<link rel=\"canonical\" href=\"https:\/\/www.donadonsdd.com\/pt-pt\/produto\/krd\/\" \/>\n<meta property=\"og:locale\" content=\"pt_PT\" \/>\n<meta property=\"og:type\" content=\"article\" \/>\n<meta property=\"og:title\" content=\"Disco de rutura de a\u00e7\u00e3o inversa - KRD\" \/>\n<meta property=\"og:description\" content=\"Disco de rutura de a\u00e7\u00e3o inversa para processos industriais e servi\u00e7o de l\u00edquidos. Design n\u00e3o fragmentado com elevada resist\u00eancia a ciclos numa vasta gama de press\u00f5es, r\u00e1cio de funcionamento at\u00e9 95%, em conformidade com ASME e PED, certificado ATEX.\" \/>\n<meta property=\"og:url\" content=\"https:\/\/www.donadonsdd.com\/pt-pt\/produto\/krd\/\" \/>\n<meta property=\"og:site_name\" content=\"DonadonSDD Srl\" \/>\n<meta property=\"article:modified_time\" content=\"2026-03-01T01:17:25+00:00\" \/>\n<meta property=\"og:image\" content=\"https:\/\/www.donadonsdd.com\/wp-content\/uploads\/2025\/11\/donadon-76.png\" \/>\n\t<meta property=\"og:image:width\" content=\"1800\" \/>\n\t<meta property=\"og:image:height\" content=\"1200\" \/>\n\t<meta property=\"og:image:type\" content=\"image\/png\" \/>\n<meta name=\"twitter:card\" content=\"summary_large_image\" \/>\n<meta name=\"twitter:label1\" content=\"Tempo estimado de leitura\" \/>\n\t<meta name=\"twitter:data1\" content=\"3 minutos\" \/>\n<script type=\"application\/ld+json\" class=\"yoast-schema-graph\">{\"@context\":\"https:\\\/\\\/schema.org\",\"@graph\":[{\"@type\":\"WebPage\",\"@id\":\"https:\\\/\\\/www.donadonsdd.com\\\/pt-pt\\\/produto\\\/krd\\\/\",\"url\":\"https:\\\/\\\/www.donadonsdd.com\\\/pt-pt\\\/produto\\\/krd\\\/\",\"name\":\"Disco de rutura de a\u00e7\u00e3o inversa - KRD\",\"isPartOf\":{\"@id\":\"https:\\\/\\\/www.donadonsdd.com\\\/pt-pt\\\/#website\"},\"primaryImageOfPage\":{\"@id\":\"https:\\\/\\\/www.donadonsdd.com\\\/pt-pt\\\/produto\\\/krd\\\/#primaryimage\"},\"image\":{\"@id\":\"https:\\\/\\\/www.donadonsdd.com\\\/pt-pt\\\/produto\\\/krd\\\/#primaryimage\"},\"thumbnailUrl\":\"https:\\\/\\\/www.donadonsdd.com\\\/wp-content\\\/uploads\\\/2025\\\/11\\\/donadon-76.png\",\"datePublished\":\"2025-11-22T23:42:04+00:00\",\"dateModified\":\"2026-03-01T01:17:25+00:00\",\"description\":\"Disco de rutura de a\u00e7\u00e3o inversa para processos industriais e servi\u00e7o de l\u00edquidos. Design n\u00e3o fragmentado com elevada resist\u00eancia a ciclos numa vasta gama de press\u00f5es, r\u00e1cio de funcionamento at\u00e9 95%, em conformidade com ASME e PED, certificado ATEX.\",\"breadcrumb\":{\"@id\":\"https:\\\/\\\/www.donadonsdd.com\\\/pt-pt\\\/produto\\\/krd\\\/#breadcrumb\"},\"inLanguage\":\"pt-PT\",\"potentialAction\":[{\"@type\":\"ReadAction\",\"target\":[\"https:\\\/\\\/www.donadonsdd.com\\\/pt-pt\\\/produto\\\/krd\\\/\"]}]},{\"@type\":\"ImageObject\",\"inLanguage\":\"pt-PT\",\"@id\":\"https:\\\/\\\/www.donadonsdd.com\\\/pt-pt\\\/produto\\\/krd\\\/#primaryimage\",\"url\":\"https:\\\/\\\/www.donadonsdd.com\\\/wp-content\\\/uploads\\\/2025\\\/11\\\/donadon-76.png\",\"contentUrl\":\"https:\\\/\\\/www.donadonsdd.com\\\/wp-content\\\/uploads\\\/2025\\\/11\\\/donadon-76.png\",\"width\":1800,\"height\":1200},{\"@type\":\"BreadcrumbList\",\"@id\":\"https:\\\/\\\/www.donadonsdd.com\\\/pt-pt\\\/produto\\\/krd\\\/#breadcrumb\",\"itemListElement\":[{\"@type\":\"ListItem\",\"position\":1,\"name\":\"HOMEPAGE\",\"item\":\"https:\\\/\\\/www.donadonsdd.com\\\/pt-pt\\\/\"},{\"@type\":\"ListItem\",\"position\":2,\"name\":\"Discos de rutura KRD &#8211; Prote\u00e7\u00e3o fi\u00e1vel para instala\u00e7\u00f5es industriais\"}]},{\"@type\":\"WebSite\",\"@id\":\"https:\\\/\\\/www.donadonsdd.com\\\/pt-pt\\\/#website\",\"url\":\"https:\\\/\\\/www.donadonsdd.com\\\/pt-pt\\\/\",\"name\":\"DonadonSDD Srl\",\"description\":\"\",\"publisher\":{\"@id\":\"https:\\\/\\\/www.donadonsdd.com\\\/pt-pt\\\/#organization\"},\"potentialAction\":[{\"@type\":\"SearchAction\",\"target\":{\"@type\":\"EntryPoint\",\"urlTemplate\":\"https:\\\/\\\/www.donadonsdd.com\\\/pt-pt\\\/?s={search_term_string}\"},\"query-input\":{\"@type\":\"PropertyValueSpecification\",\"valueRequired\":true,\"valueName\":\"search_term_string\"}}],\"inLanguage\":\"pt-PT\"},{\"@type\":\"Organization\",\"@id\":\"https:\\\/\\\/www.donadonsdd.com\\\/pt-pt\\\/#organization\",\"name\":\"DonadonSDD Srl\",\"url\":\"https:\\\/\\\/www.donadonsdd.com\\\/pt-pt\\\/\",\"logo\":{\"@type\":\"ImageObject\",\"inLanguage\":\"pt-PT\",\"@id\":\"https:\\\/\\\/www.donadonsdd.com\\\/pt-pt\\\/#\\\/schema\\\/logo\\\/image\\\/\",\"url\":\"https:\\\/\\\/www.donadonsdd.com\\\/wp-content\\\/uploads\\\/2025\\\/11\\\/donadonsdd-logo.png\",\"contentUrl\":\"https:\\\/\\\/www.donadonsdd.com\\\/wp-content\\\/uploads\\\/2025\\\/11\\\/donadonsdd-logo.png\",\"width\":544,\"height\":96,\"caption\":\"DonadonSDD Srl\"},\"image\":{\"@id\":\"https:\\\/\\\/www.donadonsdd.com\\\/pt-pt\\\/#\\\/schema\\\/logo\\\/image\\\/\"}}]}<\/script>\n<!-- \/ Yoast SEO plugin. -->","yoast_head_json":{"title":"Disco de rutura de a\u00e7\u00e3o inversa - KRD","description":"Disco de rutura de a\u00e7\u00e3o inversa para processos industriais e servi\u00e7o de l\u00edquidos. Design n\u00e3o fragmentado com elevada resist\u00eancia a ciclos numa vasta gama de press\u00f5es, r\u00e1cio de funcionamento at\u00e9 95%, em conformidade com ASME e PED, certificado ATEX.","robots":{"index":"index","follow":"follow","max-snippet":"max-snippet:-1","max-image-preview":"max-image-preview:large","max-video-preview":"max-video-preview:-1"},"canonical":"https:\/\/www.donadonsdd.com\/pt-pt\/produto\/krd\/","og_locale":"pt_PT","og_type":"article","og_title":"Disco de rutura de a\u00e7\u00e3o inversa - KRD","og_description":"Disco de rutura de a\u00e7\u00e3o inversa para processos industriais e servi\u00e7o de l\u00edquidos. Design n\u00e3o fragmentado com elevada resist\u00eancia a ciclos numa vasta gama de press\u00f5es, r\u00e1cio de funcionamento at\u00e9 95%, em conformidade com ASME e PED, certificado ATEX.","og_url":"https:\/\/www.donadonsdd.com\/pt-pt\/produto\/krd\/","og_site_name":"DonadonSDD Srl","article_modified_time":"2026-03-01T01:17:25+00:00","og_image":[{"width":1800,"height":1200,"url":"https:\/\/www.donadonsdd.com\/wp-content\/uploads\/2025\/11\/donadon-76.png","type":"image\/png"}],"twitter_card":"summary_large_image","twitter_misc":{"Tempo estimado de leitura":"3 minutos"},"schema":{"@context":"https:\/\/schema.org","@graph":[{"@type":"WebPage","@id":"https:\/\/www.donadonsdd.com\/pt-pt\/produto\/krd\/","url":"https:\/\/www.donadonsdd.com\/pt-pt\/produto\/krd\/","name":"Disco de rutura de a\u00e7\u00e3o inversa - KRD","isPartOf":{"@id":"https:\/\/www.donadonsdd.com\/pt-pt\/#website"},"primaryImageOfPage":{"@id":"https:\/\/www.donadonsdd.com\/pt-pt\/produto\/krd\/#primaryimage"},"image":{"@id":"https:\/\/www.donadonsdd.com\/pt-pt\/produto\/krd\/#primaryimage"},"thumbnailUrl":"https:\/\/www.donadonsdd.com\/wp-content\/uploads\/2025\/11\/donadon-76.png","datePublished":"2025-11-22T23:42:04+00:00","dateModified":"2026-03-01T01:17:25+00:00","description":"Disco de rutura de a\u00e7\u00e3o inversa para processos industriais e servi\u00e7o de l\u00edquidos. Design n\u00e3o fragmentado com elevada resist\u00eancia a ciclos numa vasta gama de press\u00f5es, r\u00e1cio de funcionamento at\u00e9 95%, em conformidade com ASME e PED, certificado ATEX.","breadcrumb":{"@id":"https:\/\/www.donadonsdd.com\/pt-pt\/produto\/krd\/#breadcrumb"},"inLanguage":"pt-PT","potentialAction":[{"@type":"ReadAction","target":["https:\/\/www.donadonsdd.com\/pt-pt\/produto\/krd\/"]}]},{"@type":"ImageObject","inLanguage":"pt-PT","@id":"https:\/\/www.donadonsdd.com\/pt-pt\/produto\/krd\/#primaryimage","url":"https:\/\/www.donadonsdd.com\/wp-content\/uploads\/2025\/11\/donadon-76.png","contentUrl":"https:\/\/www.donadonsdd.com\/wp-content\/uploads\/2025\/11\/donadon-76.png","width":1800,"height":1200},{"@type":"BreadcrumbList","@id":"https:\/\/www.donadonsdd.com\/pt-pt\/produto\/krd\/#breadcrumb","itemListElement":[{"@type":"ListItem","position":1,"name":"HOMEPAGE","item":"https:\/\/www.donadonsdd.com\/pt-pt\/"},{"@type":"ListItem","position":2,"name":"Discos de rutura KRD &#8211; Prote\u00e7\u00e3o fi\u00e1vel para instala\u00e7\u00f5es industriais"}]},{"@type":"WebSite","@id":"https:\/\/www.donadonsdd.com\/pt-pt\/#website","url":"https:\/\/www.donadonsdd.com\/pt-pt\/","name":"DonadonSDD Srl","description":"","publisher":{"@id":"https:\/\/www.donadonsdd.com\/pt-pt\/#organization"},"potentialAction":[{"@type":"SearchAction","target":{"@type":"EntryPoint","urlTemplate":"https:\/\/www.donadonsdd.com\/pt-pt\/?s={search_term_string}"},"query-input":{"@type":"PropertyValueSpecification","valueRequired":true,"valueName":"search_term_string"}}],"inLanguage":"pt-PT"},{"@type":"Organization","@id":"https:\/\/www.donadonsdd.com\/pt-pt\/#organization","name":"DonadonSDD Srl","url":"https:\/\/www.donadonsdd.com\/pt-pt\/","logo":{"@type":"ImageObject","inLanguage":"pt-PT","@id":"https:\/\/www.donadonsdd.com\/pt-pt\/#\/schema\/logo\/image\/","url":"https:\/\/www.donadonsdd.com\/wp-content\/uploads\/2025\/11\/donadonsdd-logo.png","contentUrl":"https:\/\/www.donadonsdd.com\/wp-content\/uploads\/2025\/11\/donadonsdd-logo.png","width":544,"height":96,"caption":"DonadonSDD Srl"},"image":{"@id":"https:\/\/www.donadonsdd.com\/pt-pt\/#\/schema\/logo\/image\/"}}]}},"toolset-meta":{"toolset-woocommerce-fields":{"_download_limit":{"type":"numeric","raw":""},"_virtual":{"type":"checkbox","raw":""},"_downloadable":{"type":"checkbox","raw":""},"_download_expiry":{"type":"numeric","raw":""},"_download_type":{"type":"radio","raw":""},"_regular_price":{"type":"numeric","raw":""},"_sale_price":{"type":"numeric","raw":""},"_sale_price_dates_from":{"type":"date","raw":"","formatted":null},"_sale_price_dates_to":{"type":"date","raw":"","formatted":null},"_sku":{"type":"textfield","raw":""},"_manage_stock":{"type":"checkbox","raw":""},"_stock_status":{"type":"radio","raw":""},"_stock":{"type":"numeric","raw":""},"_backorders":{"type":"radio","raw":""},"_sold_individually":{"type":"checkbox","raw":""},"_width":{"type":"numeric","raw":""},"_weight":{"type":"numeric","raw":""},"_length":{"type":"numeric","raw":""},"_purchase_note":{"type":"textarea","raw":""}},"infografica":{"operation-ratio":{"type":"textfield","raw":"at\u00e9 95%"},"non-fragmenting":{"type":"textfield","raw":"sim"},"vacumm-resistant":{"type":"textfield","raw":"sim"},"sanitary":{"type":"textfield","raw":"n\u00e3o"},"liquid":{"type":"textfield","raw":"sim"},"vapor-gas":{"type":"textfield","raw":"sim"},"ferrules":{"type":"textfield","raw":""}},"dettagli-prodotto":{"immagini-prodotto":{"type":"image","raw":["https:\/\/www.donadonsdd.com\/wp-content\/uploads\/2025\/11\/donadon-76_result.webp","https:\/\/www.donadonsdd.com\/wp-content\/uploads\/2025\/11\/donadon-77_result.webp"],"repeatable":[{"raw":"https:\/\/www.donadonsdd.com\/wp-content\/uploads\/2025\/11\/donadon-76_result.webp","attachment_id":885},{"raw":"https:\/\/www.donadonsdd.com\/wp-content\/uploads\/2025\/11\/donadon-77_result.webp","attachment_id":6404}]},"tabella-specifiche":{"type":"wysiwyg","raw":"<p class=\"p1\">MODEL|KRD;\nMATERIAIS|A\u00e7o inoxid\u00e1vel, Liga 201, Liga 400, Liga 600, Liga 625, Liga C276, Tit\u00e2nio;\nDIMENS\u00d5ES|DN 1\/2\"(15) - DN 36\"(900);\nPRESS\u00c3O DE RUPTURA|0,1 - 137 bar g (dependendo do tamanho e do material);\nKR L|0,48;\nTOLER\u00c2NCIA|de +\/- 5 % a +\/- 20%;\nTEMPERATURA DE FUNCIONAMENTO|De - 196\u00b0C at\u00e9 600\u00b0C;\nFRAGMENTA\u00c7\u00c3O|N\u00e3o;\nUTILIZA\u00c7\u00c3O EM COMBINA\u00c7\u00c3O COM PSV|Adequado;\nMARGEM DE FUNCIONAMENTO|90% - Pode atingir at\u00e9 95% dependendo das condi\u00e7\u00f5es de servi\u00e7o..;\nRESIST\u00caNCIA \u00c0 PRESS\u00c3O DE V\u00c1CUO|Sim, autossustent\u00e1vel em condi\u00e7\u00f5es de v\u00e1cuo;\nRESIST\u00caNCIA \u00c0 CORROS\u00c3O|Muito bom;\nRevestimentos|Dispon\u00edveis em PTFE e PFA;\nTITULAR| <a href=\"https:\/\/www.donadonsdd.com\/pt-pt\/produto\/hia-hra\/\">HRA<\/a>, <a href=\"https:\/\/www.donadonsdd.com\/pt-pt\/produto\/hip-hrp\/\">HRP<\/a>, <a href=\"https:\/\/www.donadonsdd.com\/pt-pt\/produto\/hif-hrf\/\">HRF<\/a>;  \nSENSOR DE RUPTURA| <a href=\"https:\/\/www.donadonsdd.com\/pt-pt\/produtos\/sensores-de-ruptura\/eletrico\/\">El\u00e9trico<\/a>, <a href=\"https:\/\/www.donadonsdd.com\/pt-pt\/produtos\/sensores-de-ruptura\/magnetico\/\">Magn\u00e9tico<\/a>, <a href=\"https:\/\/www.donadonsdd.com\/pt-pt\/produtos\/sensores-de-ruptura\/indutivo\/\">Indutivo<\/a>;  <\/p>"}}},"_links":{"self":[{"href":"https:\/\/www.donadonsdd.com\/pt-pt\/wp-json\/wp\/v2\/product\/6402","targetHints":{"allow":["GET"]}}],"collection":[{"href":"https:\/\/www.donadonsdd.com\/pt-pt\/wp-json\/wp\/v2\/product"}],"about":[{"href":"https:\/\/www.donadonsdd.com\/pt-pt\/wp-json\/wp\/v2\/types\/product"}],"wp:featuredmedia":[{"embeddable":true,"href":"https:\/\/www.donadonsdd.com\/pt-pt\/wp-json\/wp\/v2\/media\/10356"}],"wp:attachment":[{"href":"https:\/\/www.donadonsdd.com\/pt-pt\/wp-json\/wp\/v2\/media?parent=6402"}],"wp:term":[{"taxonomy":"categoria_prodotto","embeddable":true,"href":"https:\/\/www.donadonsdd.com\/pt-pt\/wp-json\/wp\/v2\/categoria_prodotto?post=6402"}],"curies":[{"name":"wp","href":"https:\/\/api.w.org\/{rel}","templated":true}]}}