{"id":6457,"date":"2025-12-08T01:15:20","date_gmt":"2025-12-08T00:15:20","guid":{"rendered":"https:\/\/www.donadonsdd.com\/product\/discos-de-rutura-y90-protecao-fiavel-contra-a-pressao-para-instalacoes-industriais\/"},"modified":"2026-03-01T02:07:53","modified_gmt":"2026-03-01T01:07:53","slug":"y90","status":"publish","type":"product","link":"https:\/\/www.donadonsdd.com\/pt-pt\/produto\/y90\/","title":{"rendered":"Discos de rutura Y90 &#8211; Prote\u00e7\u00e3o fi\u00e1vel contra a press\u00e3o para instala\u00e7\u00f5es industriais"},"content":{"rendered":"<p>Os discos de rutura de a\u00e7\u00e3o inversa DonadonSDD Y90 s\u00e3o dispositivos de seguran\u00e7a especificamente concebidos para serem ajustados a uma press\u00e3o de rutura muito baixa, para evitar que varia\u00e7\u00f5es s\u00fabitas de press\u00e3o danifiquem as instala\u00e7\u00f5es industriais.<br \/>\nOs discos de rutura de a\u00e7\u00e3o inversa t\u00eam uma curvatura convexa que se mant\u00e9m inalterada sob press\u00e3o de funcionamento at\u00e9 ser atingida a press\u00e3o inversa, o que pode garantir uma longa vida \u00fatil.<br \/>\nOs discos de rutura DonadonSDD Y90 utilizam uma tecnologia setorial avan\u00e7ada e proporcionam uma prote\u00e7\u00e3o fi\u00e1vel e precisa nas aplica\u00e7\u00f5es mais exigentes, tornando os discos de rutura DonadonSDD Y90 a melhor escolha para a seguran\u00e7a das suas instala\u00e7\u00f5es.<\/p>\n<h2>Principais carater\u00edsticas e vantagens t\u00e9cnicas<\/h2>\n<h3>Elevados padr\u00f5es de certifica\u00e7\u00e3o:<\/h3>\n<p>Os nossos discos de rutura Y90 obtiveram as mais altas certifica\u00e7\u00f5es, incluindo PED 2014\/68\/UE (CE STAMP), ATEX EX II 2 GD (CE STAMP), PER 2016 UK Statutory Instruments 2016 No 1105 (UKCA STAMP) e CU TR 032 (EAC STAMP).<\/p>\n<h3>Tecnologia avan\u00e7ada:<\/h3>\n<p>Os discos de rutura Y90 obtidos com a nossa tecnologia patenteada Laser NS NanoScored s\u00e3o discos de a\u00e7\u00e3o inversa com abertura de sec\u00e7\u00e3o calibrada e microescavada em toda a circunfer\u00eancia, reduzindo o risco de descolamento das p\u00e9talas.<\/p>\n<h3>Desempenho fi\u00e1vel:<\/h3>\n<p>Resiste a milhares de ciclos sem comprometer a sua fiabilidade, com rela\u00e7\u00f5es at\u00e9 95% entre a press\u00e3o de funcionamento e a press\u00e3o de rutura<\/p>\n<h3>Rutura r\u00e1pida:<\/h3>\n<p>Mesmo que estejam regulados a uma press\u00e3o muito baixa, os discos rompem em poucos milissegundos e com abertura total ao longo de uma linha circunferencial marcada no lado a jusante do disco.<\/p>\n<h3>Design vers\u00e1til:<\/h3>\n<p>Adequado para utiliza\u00e7\u00e3o com g\u00e1s e l\u00edquidos (com a presen\u00e7a de um volume m\u00ednimo de vapor livre), condi\u00e7\u00f5es c\u00edclicas e pulsantes sem reduzir as margens de seguran\u00e7a.<\/p>\n<h3>Isolamento das v\u00e1lvulas de seguran\u00e7a de press\u00e3o \/ N\u00e3o fragmenta\u00e7\u00e3o:<\/h3>\n<p>\u00datil para o isolamento de v\u00e1lvulas de seguran\u00e7a de press\u00e3o devido a rupturas ao longo da linha de marca\u00e7\u00e3o sem gerar quaisquer fragmentos.<\/p>\n<h3>Vasta gama de materiais e op\u00e7\u00f5es de espessura:<\/h3>\n<p>Revestimento de PTFE ou PFA (aprovado pela FDA) dispon\u00edvel para prote\u00e7\u00e3o adicional.<\/p>\n<h3>Resist\u00eancia \u00e0 temperatura:<\/h3>\n<p>Ideal para aplica\u00e7\u00f5es com varia\u00e7\u00f5es significativas de temperatura devido \u00e0 sensibilidade reduzida \u00e0s flutua\u00e7\u00f5es de temperatura.<\/p>\n<h3>Resist\u00eancia a alta press\u00e3o\/v\u00e1cuo:<\/h3>\n<p>N\u00e3o necessita de suporte de v\u00e1cuo, evitando restri\u00e7\u00f5es na \u00e1rea de descarga; capaz de resistir a altas contrapress\u00f5es. Veda\u00e7\u00e3o O-Ring dispon\u00edvel nos suportes para reduzir as emiss\u00f5es fugitivas.<\/p>\n<h2>Por que escolher os discos de rutura DonadonSDD Y90?<\/h2>\n<ul>\n<li>  Certificado de acordo com os mais elevados padr\u00f5es da ind\u00fastria para m\u00e1xima seguran\u00e7a.<\/li>\n<li>A gama de baixa press\u00e3o de rutura torna o Y90 ideal para oferecer limita\u00e7\u00e3o de press\u00e3o a equipamentos em que n\u00e3o \u00e9 exigida a conformidade com a legisla\u00e7\u00e3o relativa a equipamentos sob press\u00e3o.<\/li>\n<li>A tecnologia avan\u00e7ada e o desempenho fi\u00e1vel garantem uma prote\u00e7\u00e3o precisa e fi\u00e1vel da press\u00e3o.<\/li>\n<li>O seu design vers\u00e1til torna-os adequados para uma vasta gama de aplica\u00e7\u00f5es e condi\u00e7\u00f5es.<\/li>\n<\/ul>\n","protected":false},"excerpt":{"rendered":"<p>Os discos de rutura de a\u00e7\u00e3o inversa DonadonSDD Y90 s\u00e3o dispositivos de seguran\u00e7a especificamente concebidos para serem ajustados a uma press\u00e3o de rutura muito baixa, para evitar que varia\u00e7\u00f5es s\u00fabitas de press\u00e3o danifiquem as instala\u00e7\u00f5es industriais. Os discos de rutura de a\u00e7\u00e3o inversa t\u00eam uma curvatura convexa que se mant\u00e9m inalterada sob press\u00e3o de funcionamento [&hellip;]<\/p>\n","protected":false},"featured_media":10352,"menu_order":0,"template":"","meta":{"_acf_changed":false},"categoria_prodotto":[83,86,79],"class_list":["post-6457","product","type-product","status-publish","has-post-thumbnail","hentry","categoria_prodotto-ns-nanoscored","categoria_prodotto-reverse-acting","categoria_prodotto-rupture-discs"],"acf":[],"yoast_head":"<!-- This site is optimized with the Yoast SEO plugin v27.3 - https:\/\/yoast.com\/product\/yoast-seo-wordpress\/ -->\n<title>Disco de rutura de encurvadura inversa - Y90<\/title>\n<meta name=\"description\" content=\"Disco de rutura de a\u00e7\u00e3o inversa para aplica\u00e7\u00f5es industriais e ciclos de press\u00e3o. Elevada precis\u00e3o de rutura e longa vida \u00fatil, concebido para press\u00f5es de rutura muito baixas, r\u00e1cio de funcionamento at\u00e9 95%, certificado PED e ATEX.\" \/>\n<meta name=\"robots\" content=\"index, follow, max-snippet:-1, max-image-preview:large, max-video-preview:-1\" \/>\n<link rel=\"canonical\" href=\"https:\/\/www.donadonsdd.com\/pt-pt\/produto\/y90\/\" \/>\n<meta property=\"og:locale\" content=\"pt_PT\" \/>\n<meta property=\"og:type\" content=\"article\" \/>\n<meta property=\"og:title\" content=\"Disco de rutura de encurvadura inversa - Y90\" \/>\n<meta property=\"og:description\" content=\"Disco de rutura de a\u00e7\u00e3o inversa para aplica\u00e7\u00f5es industriais e ciclos de press\u00e3o. Elevada precis\u00e3o de rutura e longa vida \u00fatil, concebido para press\u00f5es de rutura muito baixas, r\u00e1cio de funcionamento at\u00e9 95%, certificado PED e ATEX.\" \/>\n<meta property=\"og:url\" content=\"https:\/\/www.donadonsdd.com\/pt-pt\/produto\/y90\/\" \/>\n<meta property=\"og:site_name\" content=\"DonadonSDD Srl\" \/>\n<meta property=\"article:modified_time\" content=\"2026-03-01T01:07:53+00:00\" \/>\n<meta property=\"og:image\" content=\"https:\/\/www.donadonsdd.com\/wp-content\/uploads\/2025\/12\/donadon-67.png\" \/>\n\t<meta property=\"og:image:width\" content=\"1800\" \/>\n\t<meta property=\"og:image:height\" content=\"1200\" \/>\n\t<meta property=\"og:image:type\" content=\"image\/png\" \/>\n<meta name=\"twitter:card\" content=\"summary_large_image\" \/>\n<meta name=\"twitter:label1\" content=\"Tempo estimado de leitura\" \/>\n\t<meta name=\"twitter:data1\" content=\"3 minutos\" \/>\n<script type=\"application\/ld+json\" class=\"yoast-schema-graph\">{\"@context\":\"https:\\\/\\\/schema.org\",\"@graph\":[{\"@type\":\"WebPage\",\"@id\":\"https:\\\/\\\/www.donadonsdd.com\\\/pt-pt\\\/produto\\\/y90\\\/\",\"url\":\"https:\\\/\\\/www.donadonsdd.com\\\/pt-pt\\\/produto\\\/y90\\\/\",\"name\":\"Disco de rutura de encurvadura inversa - Y90\",\"isPartOf\":{\"@id\":\"https:\\\/\\\/www.donadonsdd.com\\\/pt-pt\\\/#website\"},\"primaryImageOfPage\":{\"@id\":\"https:\\\/\\\/www.donadonsdd.com\\\/pt-pt\\\/produto\\\/y90\\\/#primaryimage\"},\"image\":{\"@id\":\"https:\\\/\\\/www.donadonsdd.com\\\/pt-pt\\\/produto\\\/y90\\\/#primaryimage\"},\"thumbnailUrl\":\"https:\\\/\\\/www.donadonsdd.com\\\/wp-content\\\/uploads\\\/2025\\\/12\\\/donadon-67.png\",\"datePublished\":\"2025-12-08T00:15:20+00:00\",\"dateModified\":\"2026-03-01T01:07:53+00:00\",\"description\":\"Disco de rutura de a\u00e7\u00e3o inversa para aplica\u00e7\u00f5es industriais e ciclos de press\u00e3o. Elevada precis\u00e3o de rutura e longa vida \u00fatil, concebido para press\u00f5es de rutura muito baixas, r\u00e1cio de funcionamento at\u00e9 95%, certificado PED e ATEX.\",\"breadcrumb\":{\"@id\":\"https:\\\/\\\/www.donadonsdd.com\\\/pt-pt\\\/produto\\\/y90\\\/#breadcrumb\"},\"inLanguage\":\"pt-PT\",\"potentialAction\":[{\"@type\":\"ReadAction\",\"target\":[\"https:\\\/\\\/www.donadonsdd.com\\\/pt-pt\\\/produto\\\/y90\\\/\"]}]},{\"@type\":\"ImageObject\",\"inLanguage\":\"pt-PT\",\"@id\":\"https:\\\/\\\/www.donadonsdd.com\\\/pt-pt\\\/produto\\\/y90\\\/#primaryimage\",\"url\":\"https:\\\/\\\/www.donadonsdd.com\\\/wp-content\\\/uploads\\\/2025\\\/12\\\/donadon-67.png\",\"contentUrl\":\"https:\\\/\\\/www.donadonsdd.com\\\/wp-content\\\/uploads\\\/2025\\\/12\\\/donadon-67.png\",\"width\":1800,\"height\":1200},{\"@type\":\"BreadcrumbList\",\"@id\":\"https:\\\/\\\/www.donadonsdd.com\\\/pt-pt\\\/produto\\\/y90\\\/#breadcrumb\",\"itemListElement\":[{\"@type\":\"ListItem\",\"position\":1,\"name\":\"HOMEPAGE\",\"item\":\"https:\\\/\\\/www.donadonsdd.com\\\/pt-pt\\\/\"},{\"@type\":\"ListItem\",\"position\":2,\"name\":\"Discos de rutura Y90 &#8211; Prote\u00e7\u00e3o fi\u00e1vel contra a press\u00e3o para instala\u00e7\u00f5es industriais\"}]},{\"@type\":\"WebSite\",\"@id\":\"https:\\\/\\\/www.donadonsdd.com\\\/pt-pt\\\/#website\",\"url\":\"https:\\\/\\\/www.donadonsdd.com\\\/pt-pt\\\/\",\"name\":\"DonadonSDD Srl\",\"description\":\"\",\"publisher\":{\"@id\":\"https:\\\/\\\/www.donadonsdd.com\\\/pt-pt\\\/#organization\"},\"potentialAction\":[{\"@type\":\"SearchAction\",\"target\":{\"@type\":\"EntryPoint\",\"urlTemplate\":\"https:\\\/\\\/www.donadonsdd.com\\\/pt-pt\\\/?s={search_term_string}\"},\"query-input\":{\"@type\":\"PropertyValueSpecification\",\"valueRequired\":true,\"valueName\":\"search_term_string\"}}],\"inLanguage\":\"pt-PT\"},{\"@type\":\"Organization\",\"@id\":\"https:\\\/\\\/www.donadonsdd.com\\\/pt-pt\\\/#organization\",\"name\":\"DonadonSDD Srl\",\"url\":\"https:\\\/\\\/www.donadonsdd.com\\\/pt-pt\\\/\",\"logo\":{\"@type\":\"ImageObject\",\"inLanguage\":\"pt-PT\",\"@id\":\"https:\\\/\\\/www.donadonsdd.com\\\/pt-pt\\\/#\\\/schema\\\/logo\\\/image\\\/\",\"url\":\"https:\\\/\\\/www.donadonsdd.com\\\/wp-content\\\/uploads\\\/2025\\\/11\\\/donadonsdd-logo.png\",\"contentUrl\":\"https:\\\/\\\/www.donadonsdd.com\\\/wp-content\\\/uploads\\\/2025\\\/11\\\/donadonsdd-logo.png\",\"width\":544,\"height\":96,\"caption\":\"DonadonSDD Srl\"},\"image\":{\"@id\":\"https:\\\/\\\/www.donadonsdd.com\\\/pt-pt\\\/#\\\/schema\\\/logo\\\/image\\\/\"}}]}<\/script>\n<!-- \/ Yoast SEO plugin. -->","yoast_head_json":{"title":"Disco de rutura de encurvadura inversa - Y90","description":"Disco de rutura de a\u00e7\u00e3o inversa para aplica\u00e7\u00f5es industriais e ciclos de press\u00e3o. Elevada precis\u00e3o de rutura e longa vida \u00fatil, concebido para press\u00f5es de rutura muito baixas, r\u00e1cio de funcionamento at\u00e9 95%, certificado PED e ATEX.","robots":{"index":"index","follow":"follow","max-snippet":"max-snippet:-1","max-image-preview":"max-image-preview:large","max-video-preview":"max-video-preview:-1"},"canonical":"https:\/\/www.donadonsdd.com\/pt-pt\/produto\/y90\/","og_locale":"pt_PT","og_type":"article","og_title":"Disco de rutura de encurvadura inversa - Y90","og_description":"Disco de rutura de a\u00e7\u00e3o inversa para aplica\u00e7\u00f5es industriais e ciclos de press\u00e3o. Elevada precis\u00e3o de rutura e longa vida \u00fatil, concebido para press\u00f5es de rutura muito baixas, r\u00e1cio de funcionamento at\u00e9 95%, certificado PED e ATEX.","og_url":"https:\/\/www.donadonsdd.com\/pt-pt\/produto\/y90\/","og_site_name":"DonadonSDD Srl","article_modified_time":"2026-03-01T01:07:53+00:00","og_image":[{"width":1800,"height":1200,"url":"https:\/\/www.donadonsdd.com\/wp-content\/uploads\/2025\/12\/donadon-67.png","type":"image\/png"}],"twitter_card":"summary_large_image","twitter_misc":{"Tempo estimado de leitura":"3 minutos"},"schema":{"@context":"https:\/\/schema.org","@graph":[{"@type":"WebPage","@id":"https:\/\/www.donadonsdd.com\/pt-pt\/produto\/y90\/","url":"https:\/\/www.donadonsdd.com\/pt-pt\/produto\/y90\/","name":"Disco de rutura de encurvadura inversa - Y90","isPartOf":{"@id":"https:\/\/www.donadonsdd.com\/pt-pt\/#website"},"primaryImageOfPage":{"@id":"https:\/\/www.donadonsdd.com\/pt-pt\/produto\/y90\/#primaryimage"},"image":{"@id":"https:\/\/www.donadonsdd.com\/pt-pt\/produto\/y90\/#primaryimage"},"thumbnailUrl":"https:\/\/www.donadonsdd.com\/wp-content\/uploads\/2025\/12\/donadon-67.png","datePublished":"2025-12-08T00:15:20+00:00","dateModified":"2026-03-01T01:07:53+00:00","description":"Disco de rutura de a\u00e7\u00e3o inversa para aplica\u00e7\u00f5es industriais e ciclos de press\u00e3o. Elevada precis\u00e3o de rutura e longa vida \u00fatil, concebido para press\u00f5es de rutura muito baixas, r\u00e1cio de funcionamento at\u00e9 95%, certificado PED e ATEX.","breadcrumb":{"@id":"https:\/\/www.donadonsdd.com\/pt-pt\/produto\/y90\/#breadcrumb"},"inLanguage":"pt-PT","potentialAction":[{"@type":"ReadAction","target":["https:\/\/www.donadonsdd.com\/pt-pt\/produto\/y90\/"]}]},{"@type":"ImageObject","inLanguage":"pt-PT","@id":"https:\/\/www.donadonsdd.com\/pt-pt\/produto\/y90\/#primaryimage","url":"https:\/\/www.donadonsdd.com\/wp-content\/uploads\/2025\/12\/donadon-67.png","contentUrl":"https:\/\/www.donadonsdd.com\/wp-content\/uploads\/2025\/12\/donadon-67.png","width":1800,"height":1200},{"@type":"BreadcrumbList","@id":"https:\/\/www.donadonsdd.com\/pt-pt\/produto\/y90\/#breadcrumb","itemListElement":[{"@type":"ListItem","position":1,"name":"HOMEPAGE","item":"https:\/\/www.donadonsdd.com\/pt-pt\/"},{"@type":"ListItem","position":2,"name":"Discos de rutura Y90 &#8211; Prote\u00e7\u00e3o fi\u00e1vel contra a press\u00e3o para instala\u00e7\u00f5es industriais"}]},{"@type":"WebSite","@id":"https:\/\/www.donadonsdd.com\/pt-pt\/#website","url":"https:\/\/www.donadonsdd.com\/pt-pt\/","name":"DonadonSDD Srl","description":"","publisher":{"@id":"https:\/\/www.donadonsdd.com\/pt-pt\/#organization"},"potentialAction":[{"@type":"SearchAction","target":{"@type":"EntryPoint","urlTemplate":"https:\/\/www.donadonsdd.com\/pt-pt\/?s={search_term_string}"},"query-input":{"@type":"PropertyValueSpecification","valueRequired":true,"valueName":"search_term_string"}}],"inLanguage":"pt-PT"},{"@type":"Organization","@id":"https:\/\/www.donadonsdd.com\/pt-pt\/#organization","name":"DonadonSDD Srl","url":"https:\/\/www.donadonsdd.com\/pt-pt\/","logo":{"@type":"ImageObject","inLanguage":"pt-PT","@id":"https:\/\/www.donadonsdd.com\/pt-pt\/#\/schema\/logo\/image\/","url":"https:\/\/www.donadonsdd.com\/wp-content\/uploads\/2025\/11\/donadonsdd-logo.png","contentUrl":"https:\/\/www.donadonsdd.com\/wp-content\/uploads\/2025\/11\/donadonsdd-logo.png","width":544,"height":96,"caption":"DonadonSDD Srl"},"image":{"@id":"https:\/\/www.donadonsdd.com\/pt-pt\/#\/schema\/logo\/image\/"}}]}},"toolset-meta":{"toolset-woocommerce-fields":{"_download_limit":{"type":"numeric","raw":""},"_virtual":{"type":"checkbox","raw":""},"_downloadable":{"type":"checkbox","raw":""},"_download_expiry":{"type":"numeric","raw":""},"_download_type":{"type":"radio","raw":""},"_regular_price":{"type":"numeric","raw":""},"_sale_price":{"type":"numeric","raw":""},"_sale_price_dates_from":{"type":"date","raw":"","formatted":null},"_sale_price_dates_to":{"type":"date","raw":"","formatted":null},"_sku":{"type":"textfield","raw":""},"_manage_stock":{"type":"checkbox","raw":""},"_stock_status":{"type":"radio","raw":""},"_stock":{"type":"numeric","raw":""},"_backorders":{"type":"radio","raw":""},"_sold_individually":{"type":"checkbox","raw":""},"_width":{"type":"numeric","raw":""},"_weight":{"type":"numeric","raw":""},"_length":{"type":"numeric","raw":""},"_purchase_note":{"type":"textarea","raw":""}},"infografica":{"operation-ratio":{"type":"textfield","raw":"at\u00e9 95%"},"non-fragmenting":{"type":"textfield","raw":"sim"},"vacumm-resistant":{"type":"textfield","raw":"sim"},"sanitary":{"type":"textfield","raw":"n\u00e3o"},"liquid":{"type":"textfield","raw":"sim, com a presen\u00e7a de um volume m\u00ednimo de vapor livre"},"vapor-gas":{"type":"textfield","raw":"sim"},"ferrules":{"type":"textfield","raw":""}},"dettagli-prodotto":{"immagini-prodotto":{"type":"image","raw":["https:\/\/www.donadonsdd.com\/wp-content\/uploads\/2025\/12\/donadon-67_result.webp","https:\/\/www.donadonsdd.com\/wp-content\/uploads\/2025\/12\/donadon-66_result.webp"],"repeatable":[{"raw":"https:\/\/www.donadonsdd.com\/wp-content\/uploads\/2025\/12\/donadon-67_result.webp","attachment_id":6459},{"raw":"https:\/\/www.donadonsdd.com\/wp-content\/uploads\/2025\/12\/donadon-66_result.webp","attachment_id":6458}]},"tabella-specifiche":{"type":"wysiwyg","raw":"<p class=\"p1\">MODELO|Y90;\nMATERIAIS|A\u00e7o inoxid\u00e1vel, Liga 201, Liga 400, Liga 600, Liga 625, Liga C276, Tit\u00e2nio;\nDIMENS\u00d5ES|Desde DN15 (\u00bd polegada) at\u00e9 DN900 (36 polegadas);\nPRESS\u00c3O DE RUPTURA|0,1 - 80 bar g (dependendo do tamanho e do material);\nTOLER\u00c2NCIA|de +\/- 5 % a +\/- 20%;\nTEMPERATURA DE FUNCIONAMENTO|De - 196\u00b0C at\u00e9 600\u00b0C;\nFRAGMENTA\u00c7\u00c3O|N\u00e3o;\nUTILIZA\u00c7\u00c3O EM COMBINA\u00c7\u00c3O COM PSV|Adequado;\nMARGEM DE FUNCIONAMENTO|90% - Pode atingir at\u00e9 95% dependendo das condi\u00e7\u00f5es de servi\u00e7o..;\nRESIST\u00caNCIA \u00c0 PRESS\u00c3O DE V\u00c1CUO|Sim, autossustent\u00e1vel em condi\u00e7\u00f5es de v\u00e1cuo;\nRESIST\u00caNCIA \u00c0 CORROS\u00c3O|Muito bom;\nRevestimentos|Dispon\u00edveis em PTFE e PFA;\nTITULAR| <a href=\"https:\/\/www.donadonsdd.com\/pt-pt\/produto\/hia-hra\/\">HRA<\/a>, <a href=\"https:\/\/www.donadonsdd.com\/pt-pt\/produto\/hip-hrp\/\">HRP<\/a>, <a href=\"https:\/\/www.donadonsdd.com\/pt-pt\/produto\/hif-hrf\/\">HRF<\/a>;  \nSENSOR DE RUPTURA| <a href=\"https:\/\/www.donadonsdd.com\/pt-pt\/produtos\/sensores-de-ruptura\/eletrico\/\">El\u00e9trico<\/a>, <a href=\"https:\/\/www.donadonsdd.com\/pt-pt\/produtos\/sensores-de-ruptura\/magnetico\/\">Magn\u00e9tico<\/a>, <a href=\"https:\/\/www.donadonsdd.com\/pt-pt\/produtos\/sensores-de-ruptura\/indutivo\/\">Indutivo<\/a>;  <\/p>"}}},"_links":{"self":[{"href":"https:\/\/www.donadonsdd.com\/pt-pt\/wp-json\/wp\/v2\/product\/6457","targetHints":{"allow":["GET"]}}],"collection":[{"href":"https:\/\/www.donadonsdd.com\/pt-pt\/wp-json\/wp\/v2\/product"}],"about":[{"href":"https:\/\/www.donadonsdd.com\/pt-pt\/wp-json\/wp\/v2\/types\/product"}],"wp:featuredmedia":[{"embeddable":true,"href":"https:\/\/www.donadonsdd.com\/pt-pt\/wp-json\/wp\/v2\/media\/10352"}],"wp:attachment":[{"href":"https:\/\/www.donadonsdd.com\/pt-pt\/wp-json\/wp\/v2\/media?parent=6457"}],"wp:term":[{"taxonomy":"categoria_prodotto","embeddable":true,"href":"https:\/\/www.donadonsdd.com\/pt-pt\/wp-json\/wp\/v2\/categoria_prodotto?post=6457"}],"curies":[{"name":"wp","href":"https:\/\/api.w.org\/{rel}","templated":true}]}}