{"id":6470,"date":"2025-12-10T00:25:58","date_gmt":"2025-12-09T23:25:58","guid":{"rendered":"https:\/\/www.donadonsdd.com\/product\/discos-de-rutura-sanitarios-scr-protecao-avancada-contra-pressao-para-industrias-higienicas\/"},"modified":"2026-02-28T00:23:18","modified_gmt":"2026-02-27T23:23:18","slug":"scr-sanitary","status":"publish","type":"product","link":"https:\/\/www.donadonsdd.com\/pt-pt\/produto\/scr-sanitary\/","title":{"rendered":"Discos de rutura sanit\u00e1rios SCR &#8211; Prote\u00e7\u00e3o avan\u00e7ada contra press\u00e3o para ind\u00fastrias higi\u00e9nicas"},"content":{"rendered":"<p>Os discos de rutura de a\u00e7\u00e3o inversa SCR da DonadonSDD s\u00e3o dispositivos de seguran\u00e7a essenciais que evitam que varia\u00e7\u00f5es bruscas de press\u00e3o danifiquem as instala\u00e7\u00f5es industriais.<br \/>\nOs discos de rutura de a\u00e7\u00e3o inversa t\u00eam uma curvatura convexa que se mant\u00e9m inalterada sob press\u00e3o de funcionamento at\u00e9 ser atingida a press\u00e3o inversa, o que pode garantir uma longa vida \u00fatil.<br \/>\nOs discos de rutura SCR da DonadonSDD utilizam tecnologia avan\u00e7ada do sector e proporcionam um melhor desempenho e fiabilidade para oferecer uma prote\u00e7\u00e3o precisa nas aplica\u00e7\u00f5es de maior risco, tornando os discos de rutura SCR da DonadonSDD a melhor escolha para a seguran\u00e7a da sua instala\u00e7\u00e3o.<\/p>\n<h2>Principais carater\u00edsticas e vantagens t\u00e9cnicas<\/h2>\n<h3>Aplica\u00e7\u00f5es higi\u00e9nicas:<\/h3>\n<p>Concebida para cumprir as normas de alta qualidade exigidas pela 3-A SSI, GMP e MOCA para garantir a sa\u00fade p\u00fablica atrav\u00e9s de equipamento higi\u00e9nico.<\/p>\n<h3>Superf\u00edcie lisa:<\/h3>\n<p>Acabamento superficial liso (0,2&lt;Ra&lt;0,4 m\u00edcron) torna-o particularmente adequado para tratamentos C.I.P. e S.I.P. para manter as condi\u00e7\u00f5es ass\u00e9pticas.<\/p>\n<h3>Juntas certificadas pela FDA:<\/h3>\n<p>Juntas de PTFE certificadas em conformidade com as normas FDA e USP classe VI, 3-A, e Eu 10\/2011 para f\u00e1cil instala\u00e7\u00e3o em acess\u00f3rios Clamp (sanit\u00e1rios, Tri-Clamp, Tank Connection).<\/p>\n<h3>Elevados padr\u00f5es de certifica\u00e7\u00e3o:<\/h3>\n<p>Os nossos discos SCR s\u00e3o certificados de acordo com as normas mais exigentes, incluindo ASME XIII (UD STAMP), PED 2014\/68\/UE (CE STAMP), ATEX EX II 2 GD (CE STAMP), PER 2016 UK Statutory Instruments 2016 No 1105 (UKCA STAMP), CU TR 032 (EAC STAMP).<\/p>\n<h3>Tecnologia avan\u00e7ada:<\/h3>\n<p>Os discos de rutura SCR obtidos com a nossa tecnologia patenteada Laser NS NanoScored s\u00e3o discos de a\u00e7\u00e3o inversa com sec\u00e7\u00f5es calibradas micro-scored que se abrem em p\u00e9talas, reduzindo o risco de descolamento das p\u00e9talas.<\/p>\n<h3>Vasta gama de materiais e op\u00e7\u00f5es de espessura:<\/h3>\n<p>Revestimento de PTFE ou PFA (aprovado pela FDA) dispon\u00edvel para prote\u00e7\u00e3o adicional.<\/p>\n<h3>Desempenho fi\u00e1vel:<\/h3>\n<p>Resiste a milhares de ciclos sem comprometer a sua fiabilidade, com rela\u00e7\u00f5es at\u00e9 95% entre a press\u00e3o de funcionamento e a press\u00e3o de rutura.<\/p>\n<h3>Rutura R\u00e1pida N\u00e3o Fragmentada:<\/h3>\n<p>O disco abre-se completamente em alguns milissegundos ao longo de linhas de p\u00e9talas marcadas no lado a jusante do disco, evitando assim a forma\u00e7\u00e3o de fragmenta\u00e7\u00e3o.<\/p>\n<h3>Design vers\u00e1til:<\/h3>\n<p>Adequado tanto para alta como para baixa press\u00e3o de rutura; pode ser utilizado com g\u00e1s e l\u00edquidos (com a presen\u00e7a de um volume m\u00ednimo de vapor livre), em condi\u00e7\u00f5es c\u00edclicas e pulsantes, sem redu\u00e7\u00e3o das margens de seguran\u00e7a.<\/p>\n<h3>Resistente a alta press\u00e3o\/v\u00e1cuo:<\/h3>\n<p>N\u00e3o necessita de suporte de v\u00e1cuo, evitando restri\u00e7\u00f5es na \u00e1rea de descarga; capaz de resistir a altas contrapress\u00f5es.<\/p>\n<h2>Por que escolher os discos de rutura DonadonSDD SCR?<\/h2>\n<ul>\n<li>Certificado de acordo com os mais elevados padr\u00f5es, garantindo um desempenho e fiabilidade de topo.<\/li>\n<li>Design de \u00faltima gera\u00e7\u00e3o: Particularmente adequado para as ind\u00fastrias Farmac\u00eautica, Alimentar e Biotecnol\u00f3gica, e representa o que h\u00e1 de mais avan\u00e7ado para estes sectores.<\/li>\n<li>Fabricado com materiais de alta qualidade para uma maior durabilidade e condi\u00e7\u00f5es ass\u00e9pticas.<\/li>\n<li>Instala\u00e7\u00e3o f\u00e1cil com juntas de PTFE certificadas.<\/li>\n<li>Krg (perda de carga por velocidade certificada pela ASME) = 0,48, uma das mais baixas do mercado.<\/li>\n<\/ul>\n","protected":false},"excerpt":{"rendered":"<p>Os discos de rutura de a\u00e7\u00e3o inversa SCR da DonadonSDD s\u00e3o dispositivos de seguran\u00e7a essenciais que evitam que varia\u00e7\u00f5es bruscas de press\u00e3o danifiquem as instala\u00e7\u00f5es industriais. Os discos de rutura de a\u00e7\u00e3o inversa t\u00eam uma curvatura convexa que se mant\u00e9m inalterada sob press\u00e3o de funcionamento at\u00e9 ser atingida a press\u00e3o inversa, o que pode garantir [&hellip;]<\/p>\n","protected":false},"featured_media":6475,"menu_order":0,"template":"","meta":{"_acf_changed":false},"categoria_prodotto":[86,79,84],"class_list":["post-6470","product","type-product","status-publish","has-post-thumbnail","hentry","categoria_prodotto-reverse-acting","categoria_prodotto-rupture-discs","categoria_prodotto-sanitary"],"acf":[],"yoast_head":"<!-- This site is optimized with the Yoast SEO plugin v27.3 - https:\/\/yoast.com\/product\/yoast-seo-wordpress\/ -->\n<title>Disco de rutura de encurvadura inversa sanit\u00e1rio - SCR<\/title>\n<meta name=\"description\" content=\"Disco de rutura sanit\u00e1rio de a\u00e7\u00e3o inversa para processos higi\u00e9nicos. Press\u00e3o de rutura fi\u00e1vel e elevada resist\u00eancia a ciclos, em conformidade com ASME e PED, certificado 3-A, fabricado segundo processos controlados por GMP e utilizando materiais em conformidade com os requisitos MOCA.\" \/>\n<meta name=\"robots\" content=\"index, follow, max-snippet:-1, max-image-preview:large, max-video-preview:-1\" \/>\n<link rel=\"canonical\" href=\"https:\/\/www.donadonsdd.com\/pt-pt\/produto\/scr-sanitary\/\" \/>\n<meta property=\"og:locale\" content=\"pt_PT\" \/>\n<meta property=\"og:type\" content=\"article\" \/>\n<meta property=\"og:title\" content=\"Disco de rutura de encurvadura inversa sanit\u00e1rio - SCR\" \/>\n<meta property=\"og:description\" content=\"Disco de rutura sanit\u00e1rio de a\u00e7\u00e3o inversa para processos higi\u00e9nicos. Press\u00e3o de rutura fi\u00e1vel e elevada resist\u00eancia a ciclos, em conformidade com ASME e PED, certificado 3-A, fabricado segundo processos controlados por GMP e utilizando materiais em conformidade com os requisitos MOCA.\" \/>\n<meta property=\"og:url\" content=\"https:\/\/www.donadonsdd.com\/pt-pt\/produto\/scr-sanitary\/\" \/>\n<meta property=\"og:site_name\" content=\"DonadonSDD Srl\" \/>\n<meta property=\"article:modified_time\" content=\"2026-02-27T23:23:18+00:00\" \/>\n<meta property=\"og:image\" content=\"https:\/\/www.donadonsdd.com\/wp-content\/uploads\/2025\/12\/donadon-4-e1766346878480.png\" \/>\n\t<meta property=\"og:image:width\" content=\"1218\" \/>\n\t<meta property=\"og:image:height\" content=\"812\" \/>\n\t<meta property=\"og:image:type\" content=\"image\/png\" \/>\n<meta name=\"twitter:card\" content=\"summary_large_image\" \/>\n<meta name=\"twitter:label1\" content=\"Tempo estimado de leitura\" \/>\n\t<meta name=\"twitter:data1\" content=\"3 minutos\" \/>\n<script type=\"application\/ld+json\" class=\"yoast-schema-graph\">{\"@context\":\"https:\\\/\\\/schema.org\",\"@graph\":[{\"@type\":\"WebPage\",\"@id\":\"https:\\\/\\\/www.donadonsdd.com\\\/pt-pt\\\/produto\\\/scr-sanitary\\\/\",\"url\":\"https:\\\/\\\/www.donadonsdd.com\\\/pt-pt\\\/produto\\\/scr-sanitary\\\/\",\"name\":\"Disco de rutura de encurvadura inversa sanit\u00e1rio - SCR\",\"isPartOf\":{\"@id\":\"https:\\\/\\\/www.donadonsdd.com\\\/pt-pt\\\/#website\"},\"primaryImageOfPage\":{\"@id\":\"https:\\\/\\\/www.donadonsdd.com\\\/pt-pt\\\/produto\\\/scr-sanitary\\\/#primaryimage\"},\"image\":{\"@id\":\"https:\\\/\\\/www.donadonsdd.com\\\/pt-pt\\\/produto\\\/scr-sanitary\\\/#primaryimage\"},\"thumbnailUrl\":\"https:\\\/\\\/www.donadonsdd.com\\\/wp-content\\\/uploads\\\/2025\\\/12\\\/donadon-4-e1766346878480.png\",\"datePublished\":\"2025-12-09T23:25:58+00:00\",\"dateModified\":\"2026-02-27T23:23:18+00:00\",\"description\":\"Disco de rutura sanit\u00e1rio de a\u00e7\u00e3o inversa para processos higi\u00e9nicos. Press\u00e3o de rutura fi\u00e1vel e elevada resist\u00eancia a ciclos, em conformidade com ASME e PED, certificado 3-A, fabricado segundo processos controlados por GMP e utilizando materiais em conformidade com os requisitos MOCA.\",\"breadcrumb\":{\"@id\":\"https:\\\/\\\/www.donadonsdd.com\\\/pt-pt\\\/produto\\\/scr-sanitary\\\/#breadcrumb\"},\"inLanguage\":\"pt-PT\",\"potentialAction\":[{\"@type\":\"ReadAction\",\"target\":[\"https:\\\/\\\/www.donadonsdd.com\\\/pt-pt\\\/produto\\\/scr-sanitary\\\/\"]}]},{\"@type\":\"ImageObject\",\"inLanguage\":\"pt-PT\",\"@id\":\"https:\\\/\\\/www.donadonsdd.com\\\/pt-pt\\\/produto\\\/scr-sanitary\\\/#primaryimage\",\"url\":\"https:\\\/\\\/www.donadonsdd.com\\\/wp-content\\\/uploads\\\/2025\\\/12\\\/donadon-4-e1766346878480.png\",\"contentUrl\":\"https:\\\/\\\/www.donadonsdd.com\\\/wp-content\\\/uploads\\\/2025\\\/12\\\/donadon-4-e1766346878480.png\",\"width\":1218,\"height\":812},{\"@type\":\"BreadcrumbList\",\"@id\":\"https:\\\/\\\/www.donadonsdd.com\\\/pt-pt\\\/produto\\\/scr-sanitary\\\/#breadcrumb\",\"itemListElement\":[{\"@type\":\"ListItem\",\"position\":1,\"name\":\"HOMEPAGE\",\"item\":\"https:\\\/\\\/www.donadonsdd.com\\\/pt-pt\\\/\"},{\"@type\":\"ListItem\",\"position\":2,\"name\":\"Discos de rutura sanit\u00e1rios SCR &#8211; Prote\u00e7\u00e3o avan\u00e7ada contra press\u00e3o para ind\u00fastrias higi\u00e9nicas\"}]},{\"@type\":\"WebSite\",\"@id\":\"https:\\\/\\\/www.donadonsdd.com\\\/pt-pt\\\/#website\",\"url\":\"https:\\\/\\\/www.donadonsdd.com\\\/pt-pt\\\/\",\"name\":\"DonadonSDD Srl\",\"description\":\"\",\"publisher\":{\"@id\":\"https:\\\/\\\/www.donadonsdd.com\\\/pt-pt\\\/#organization\"},\"potentialAction\":[{\"@type\":\"SearchAction\",\"target\":{\"@type\":\"EntryPoint\",\"urlTemplate\":\"https:\\\/\\\/www.donadonsdd.com\\\/pt-pt\\\/?s={search_term_string}\"},\"query-input\":{\"@type\":\"PropertyValueSpecification\",\"valueRequired\":true,\"valueName\":\"search_term_string\"}}],\"inLanguage\":\"pt-PT\"},{\"@type\":\"Organization\",\"@id\":\"https:\\\/\\\/www.donadonsdd.com\\\/pt-pt\\\/#organization\",\"name\":\"DonadonSDD Srl\",\"url\":\"https:\\\/\\\/www.donadonsdd.com\\\/pt-pt\\\/\",\"logo\":{\"@type\":\"ImageObject\",\"inLanguage\":\"pt-PT\",\"@id\":\"https:\\\/\\\/www.donadonsdd.com\\\/pt-pt\\\/#\\\/schema\\\/logo\\\/image\\\/\",\"url\":\"https:\\\/\\\/www.donadonsdd.com\\\/wp-content\\\/uploads\\\/2025\\\/11\\\/donadonsdd-logo.png\",\"contentUrl\":\"https:\\\/\\\/www.donadonsdd.com\\\/wp-content\\\/uploads\\\/2025\\\/11\\\/donadonsdd-logo.png\",\"width\":544,\"height\":96,\"caption\":\"DonadonSDD Srl\"},\"image\":{\"@id\":\"https:\\\/\\\/www.donadonsdd.com\\\/pt-pt\\\/#\\\/schema\\\/logo\\\/image\\\/\"}}]}<\/script>\n<!-- \/ Yoast SEO plugin. -->","yoast_head_json":{"title":"Disco de rutura de encurvadura inversa sanit\u00e1rio - SCR","description":"Disco de rutura sanit\u00e1rio de a\u00e7\u00e3o inversa para processos higi\u00e9nicos. Press\u00e3o de rutura fi\u00e1vel e elevada resist\u00eancia a ciclos, em conformidade com ASME e PED, certificado 3-A, fabricado segundo processos controlados por GMP e utilizando materiais em conformidade com os requisitos MOCA.","robots":{"index":"index","follow":"follow","max-snippet":"max-snippet:-1","max-image-preview":"max-image-preview:large","max-video-preview":"max-video-preview:-1"},"canonical":"https:\/\/www.donadonsdd.com\/pt-pt\/produto\/scr-sanitary\/","og_locale":"pt_PT","og_type":"article","og_title":"Disco de rutura de encurvadura inversa sanit\u00e1rio - SCR","og_description":"Disco de rutura sanit\u00e1rio de a\u00e7\u00e3o inversa para processos higi\u00e9nicos. Press\u00e3o de rutura fi\u00e1vel e elevada resist\u00eancia a ciclos, em conformidade com ASME e PED, certificado 3-A, fabricado segundo processos controlados por GMP e utilizando materiais em conformidade com os requisitos MOCA.","og_url":"https:\/\/www.donadonsdd.com\/pt-pt\/produto\/scr-sanitary\/","og_site_name":"DonadonSDD Srl","article_modified_time":"2026-02-27T23:23:18+00:00","og_image":[{"width":1218,"height":812,"url":"https:\/\/www.donadonsdd.com\/wp-content\/uploads\/2025\/12\/donadon-4-e1766346878480.png","type":"image\/png"}],"twitter_card":"summary_large_image","twitter_misc":{"Tempo estimado de leitura":"3 minutos"},"schema":{"@context":"https:\/\/schema.org","@graph":[{"@type":"WebPage","@id":"https:\/\/www.donadonsdd.com\/pt-pt\/produto\/scr-sanitary\/","url":"https:\/\/www.donadonsdd.com\/pt-pt\/produto\/scr-sanitary\/","name":"Disco de rutura de encurvadura inversa sanit\u00e1rio - SCR","isPartOf":{"@id":"https:\/\/www.donadonsdd.com\/pt-pt\/#website"},"primaryImageOfPage":{"@id":"https:\/\/www.donadonsdd.com\/pt-pt\/produto\/scr-sanitary\/#primaryimage"},"image":{"@id":"https:\/\/www.donadonsdd.com\/pt-pt\/produto\/scr-sanitary\/#primaryimage"},"thumbnailUrl":"https:\/\/www.donadonsdd.com\/wp-content\/uploads\/2025\/12\/donadon-4-e1766346878480.png","datePublished":"2025-12-09T23:25:58+00:00","dateModified":"2026-02-27T23:23:18+00:00","description":"Disco de rutura sanit\u00e1rio de a\u00e7\u00e3o inversa para processos higi\u00e9nicos. Press\u00e3o de rutura fi\u00e1vel e elevada resist\u00eancia a ciclos, em conformidade com ASME e PED, certificado 3-A, fabricado segundo processos controlados por GMP e utilizando materiais em conformidade com os requisitos MOCA.","breadcrumb":{"@id":"https:\/\/www.donadonsdd.com\/pt-pt\/produto\/scr-sanitary\/#breadcrumb"},"inLanguage":"pt-PT","potentialAction":[{"@type":"ReadAction","target":["https:\/\/www.donadonsdd.com\/pt-pt\/produto\/scr-sanitary\/"]}]},{"@type":"ImageObject","inLanguage":"pt-PT","@id":"https:\/\/www.donadonsdd.com\/pt-pt\/produto\/scr-sanitary\/#primaryimage","url":"https:\/\/www.donadonsdd.com\/wp-content\/uploads\/2025\/12\/donadon-4-e1766346878480.png","contentUrl":"https:\/\/www.donadonsdd.com\/wp-content\/uploads\/2025\/12\/donadon-4-e1766346878480.png","width":1218,"height":812},{"@type":"BreadcrumbList","@id":"https:\/\/www.donadonsdd.com\/pt-pt\/produto\/scr-sanitary\/#breadcrumb","itemListElement":[{"@type":"ListItem","position":1,"name":"HOMEPAGE","item":"https:\/\/www.donadonsdd.com\/pt-pt\/"},{"@type":"ListItem","position":2,"name":"Discos de rutura sanit\u00e1rios SCR &#8211; Prote\u00e7\u00e3o avan\u00e7ada contra press\u00e3o para ind\u00fastrias higi\u00e9nicas"}]},{"@type":"WebSite","@id":"https:\/\/www.donadonsdd.com\/pt-pt\/#website","url":"https:\/\/www.donadonsdd.com\/pt-pt\/","name":"DonadonSDD Srl","description":"","publisher":{"@id":"https:\/\/www.donadonsdd.com\/pt-pt\/#organization"},"potentialAction":[{"@type":"SearchAction","target":{"@type":"EntryPoint","urlTemplate":"https:\/\/www.donadonsdd.com\/pt-pt\/?s={search_term_string}"},"query-input":{"@type":"PropertyValueSpecification","valueRequired":true,"valueName":"search_term_string"}}],"inLanguage":"pt-PT"},{"@type":"Organization","@id":"https:\/\/www.donadonsdd.com\/pt-pt\/#organization","name":"DonadonSDD Srl","url":"https:\/\/www.donadonsdd.com\/pt-pt\/","logo":{"@type":"ImageObject","inLanguage":"pt-PT","@id":"https:\/\/www.donadonsdd.com\/pt-pt\/#\/schema\/logo\/image\/","url":"https:\/\/www.donadonsdd.com\/wp-content\/uploads\/2025\/11\/donadonsdd-logo.png","contentUrl":"https:\/\/www.donadonsdd.com\/wp-content\/uploads\/2025\/11\/donadonsdd-logo.png","width":544,"height":96,"caption":"DonadonSDD Srl"},"image":{"@id":"https:\/\/www.donadonsdd.com\/pt-pt\/#\/schema\/logo\/image\/"}}]}},"toolset-meta":{"toolset-woocommerce-fields":{"_download_limit":{"type":"numeric","raw":""},"_virtual":{"type":"checkbox","raw":""},"_downloadable":{"type":"checkbox","raw":""},"_download_expiry":{"type":"numeric","raw":""},"_download_type":{"type":"radio","raw":""},"_regular_price":{"type":"numeric","raw":""},"_sale_price":{"type":"numeric","raw":""},"_sale_price_dates_from":{"type":"date","raw":"","formatted":null},"_sale_price_dates_to":{"type":"date","raw":"","formatted":null},"_sku":{"type":"textfield","raw":""},"_manage_stock":{"type":"checkbox","raw":""},"_stock_status":{"type":"radio","raw":""},"_stock":{"type":"numeric","raw":""},"_backorders":{"type":"radio","raw":""},"_sold_individually":{"type":"checkbox","raw":""},"_width":{"type":"numeric","raw":""},"_weight":{"type":"numeric","raw":""},"_length":{"type":"numeric","raw":""},"_purchase_note":{"type":"textarea","raw":""}},"infografica":{"operation-ratio":{"type":"textfield","raw":"at\u00e9 95%"},"non-fragmenting":{"type":"textfield","raw":"sim"},"vacumm-resistant":{"type":"textfield","raw":"sim"},"sanitary":{"type":"textfield","raw":"sim"},"liquid":{"type":"textfield","raw":"sim, com a presen\u00e7a de um volume m\u00ednimo de vapor livre"},"vapor-gas":{"type":"textfield","raw":"sim"},"ferrules":{"type":"textfield","raw":""}},"dettagli-prodotto":{"immagini-prodotto":{"type":"image","raw":["https:\/\/www.donadonsdd.com\/wp-content\/uploads\/2025\/12\/donadon-4_result.webp","https:\/\/www.donadonsdd.com\/wp-content\/uploads\/2025\/12\/donadon-6_result-1.webp"],"repeatable":[{"raw":"https:\/\/www.donadonsdd.com\/wp-content\/uploads\/2025\/12\/donadon-4_result.webp","attachment_id":6477},{"raw":"https:\/\/www.donadonsdd.com\/wp-content\/uploads\/2025\/12\/donadon-6_result-1.webp","attachment_id":6478}]},"tabella-specifiche":{"type":"wysiwyg","raw":"<p class=\"p1\">MODEL|SCR;\nMATERIAIS|A\u00e7o inoxid\u00e1vel, Liga 201, Liga 400, Liga 600, Liga 625, Liga C276, Tit\u00e2nio;\nMATERIAIS DAS JUNTAS|PTFE;\nDIMENS\u00d5ES|De DN25 (1 polegada) a DN150 (6 polegadas);\nPRESS\u00c3O DE RUPTURA|0,4 - 8 bar g (dependendo do tamanho e do material);\nKR G|0.48;\nTOLER\u00c2NCIA|de +\/- 5 % a +\/- 20%;\nTEMPERATURA DE FUNCIONAMENTO|M\u00e1x 260\u00b0C (juntas em PTFE);\nFRAGMENTA\u00c7\u00c3O|N\u00e3o;\nUTILIZA\u00c7\u00c3O EM COMBINA\u00c7\u00c3O COM PSV|Adequado;\nMARGEM DE FUNCIONAMENTO|90% - Pode atingir at\u00e9 95% dependendo das condi\u00e7\u00f5es de servi\u00e7o..;\nRESIST\u00caNCIA \u00c0 PRESS\u00c3O DE V\u00c1CUO|Sim, autossustent\u00e1vel em condi\u00e7\u00f5es de v\u00e1cuo;\nRESIST\u00caNCIA \u00c0 CORROS\u00c3O|Muito bom;\nRevestimentos|Dispon\u00edveis em PTFE e PFA;\nHOLDER| <a href=\"https:\/\/www.donadonsdd.com\/pt-pt\/produto\/htc\/\">HTC<\/a>;\nSENSOR DE RUPTURA| <a href=\"https:\/\/www.donadonsdd.com\/pt-pt\/produtos\/sensores-de-ruptura\/eletrico\/\">El\u00e9trico<\/a>;<\/p>"}}},"_links":{"self":[{"href":"https:\/\/www.donadonsdd.com\/pt-pt\/wp-json\/wp\/v2\/product\/6470","targetHints":{"allow":["GET"]}}],"collection":[{"href":"https:\/\/www.donadonsdd.com\/pt-pt\/wp-json\/wp\/v2\/product"}],"about":[{"href":"https:\/\/www.donadonsdd.com\/pt-pt\/wp-json\/wp\/v2\/types\/product"}],"wp:featuredmedia":[{"embeddable":true,"href":"https:\/\/www.donadonsdd.com\/pt-pt\/wp-json\/wp\/v2\/media\/6475"}],"wp:attachment":[{"href":"https:\/\/www.donadonsdd.com\/pt-pt\/wp-json\/wp\/v2\/media?parent=6470"}],"wp:term":[{"taxonomy":"categoria_prodotto","embeddable":true,"href":"https:\/\/www.donadonsdd.com\/pt-pt\/wp-json\/wp\/v2\/categoria_prodotto?post=6470"}],"curies":[{"name":"wp","href":"https:\/\/api.w.org\/{rel}","templated":true}]}}