{"id":6479,"date":"2025-12-09T11:46:02","date_gmt":"2025-12-09T10:46:02","guid":{"rendered":"https:\/\/www.donadonsdd.com\/product\/discos-de-rutura-tcd-dispositivos-de-seguranca-fiaveis-para-camioes-cisterna\/"},"modified":"2026-03-01T02:01:45","modified_gmt":"2026-03-01T01:01:45","slug":"tcd","status":"publish","type":"product","link":"https:\/\/www.donadonsdd.com\/pt-pt\/produto\/tcd\/","title":{"rendered":"Discos de rutura TCD &#8211; Dispositivos de seguran\u00e7a fi\u00e1veis para cami\u00f5es cisterna"},"content":{"rendered":"<p>Os discos de rutura de a\u00e7\u00e3o inversa KRD da DonadonSDD s\u00e3o dispositivos de seguran\u00e7a cr\u00edticos que protegem a sua instala\u00e7\u00e3o industrial, impedindo a acumula\u00e7\u00e3o s\u00fabita de press\u00e3o.<br \/>\nOs discos de rutura de a\u00e7\u00e3o inversa t\u00eam uma curvatura convexa que se mant\u00e9m inalterada sob press\u00e3o de funcionamento at\u00e9 ser atingida a press\u00e3o inversa, o que pode garantir uma longa vida \u00fatil.<br \/>\nOs discos de rutura DonadonSDD KRD incorporam tecnologia de ponta do sector e proporcionam uma prote\u00e7\u00e3o fi\u00e1vel e precisa nas aplica\u00e7\u00f5es mais exigentes, tornando os discos de rutura DonadonSDD KRD a melhor escolha para a seguran\u00e7a da sua instala\u00e7\u00e3o.<br \/>\nO seu design espec\u00edfico torna o KRD ideal para oferecer prote\u00e7\u00e3o contra a press\u00e3o a equipamentos onde esteja presente fluido totalmente l\u00edquido.<\/p>\n<h2>Principais carater\u00edsticas e vantagens t\u00e9cnicas<\/h2>\n<h3>Elevados padr\u00f5es de certifica\u00e7\u00e3o:<\/h3>\n<p>Os nossos discos de rutura TCD est\u00e3o certificados de acordo com as mais elevadas normas internacionais, incluindo PED 2014\/68\/UE (CE STAMP), ATEX EX II 2 GD (CE STAMP), PER 2016 UK Statutory Instruments 2016 No 1105 (UKCA STAMP) e CU TR 032 (EAC STAMP).<\/p>\n<h3>T\u00e9cnica:<\/h3>\n<p>Composto por uma parte met\u00e1lica perfurada com ranhuras, uma membrana de veda\u00e7\u00e3o (normalmente em PTFE ou PFA), uma sec\u00e7\u00e3o de prote\u00e7\u00e3o e um anel de calibra\u00e7\u00e3o.<\/p>\n<h3>Aplica\u00e7\u00f5es:<\/h3>\n<p>Concebido para ser montado em cami\u00f5es-cisterna rodovi\u00e1rios ou ferrovi\u00e1rios que contenham l\u00edquidos e g\u00e1s em condi\u00e7\u00f5es est\u00e1ticas, c\u00edclicas e pulsantes.<\/p>\n<h3>N\u00e3o fragmenta:<\/h3>\n<p>Responde a uma press\u00e3o excessiva com abertura total em milissegundos sem fragmenta\u00e7\u00e3o das camadas met\u00e1licas.<\/p>\n<h2>Por que escolher os discos de rutura TCD DonadonSDD?<\/h2>\n<ul>\n<li>  Os discos de rutura DonadonSDD TCD s\u00e3o especificamente concebidos para serem montados em cami\u00f5es-cisterna contendo l\u00edquidos e g\u00e1s em condi\u00e7\u00f5es est\u00e1ticas, c\u00edclicas e pulsantes, o que os torna altamente vers\u00e1teis.<\/li>\n<li>Os discos reagem rapidamente a uma press\u00e3o excessiva, evitando danos no teu cami\u00e3o-cisterna.<\/li>\n<li>Resist\u00eancia ao v\u00e1cuo: podem ser fornecidos suportes adicionais para prote\u00e7\u00e3o contra v\u00e1cuo ou contrapress\u00e3o.<\/li>\n<\/ul>\n","protected":false},"excerpt":{"rendered":"<p>Os discos de rutura de a\u00e7\u00e3o inversa KRD da DonadonSDD s\u00e3o dispositivos de seguran\u00e7a cr\u00edticos que protegem a sua instala\u00e7\u00e3o industrial, impedindo a acumula\u00e7\u00e3o s\u00fabita de press\u00e3o. Os discos de rutura de a\u00e7\u00e3o inversa t\u00eam uma curvatura convexa que se mant\u00e9m inalterada sob press\u00e3o de funcionamento at\u00e9 ser atingida a press\u00e3o inversa, o que pode [&hellip;]<\/p>\n","protected":false},"featured_media":10344,"menu_order":0,"template":"","meta":{"_acf_changed":false},"categoria_prodotto":[85,79],"class_list":["post-6479","product","type-product","status-publish","has-post-thumbnail","hentry","categoria_prodotto-forward-acting","categoria_prodotto-rupture-discs"],"acf":[],"yoast_head":"<!-- This site is optimized with the Yoast SEO plugin v27.3 - https:\/\/yoast.com\/product\/yoast-seo-wordpress\/ -->\n<title>Disco de rutura composto para carros-tanque e caminh\u00f5es-tanque - TCD<\/title>\n<meta name=\"description\" content=\"Disco de rutura comp\u00f3sito para aplica\u00e7\u00f5es de transporte rodovi\u00e1rio e ferrovi\u00e1rio. Adequado para vag\u00f5es-cisterna, vag\u00f5es ferrovi\u00e1rios e cami\u00f5es-cisterna, concebido para servi\u00e7o c\u00edclico em servi\u00e7o de g\u00e1s e l\u00edquidos.\" \/>\n<meta name=\"robots\" content=\"index, follow, max-snippet:-1, max-image-preview:large, max-video-preview:-1\" \/>\n<link rel=\"canonical\" href=\"https:\/\/www.donadonsdd.com\/pt-pt\/produto\/tcd\/\" \/>\n<meta property=\"og:locale\" content=\"pt_PT\" \/>\n<meta property=\"og:type\" content=\"article\" \/>\n<meta property=\"og:title\" content=\"Disco de rutura composto para carros-tanque e caminh\u00f5es-tanque - TCD\" \/>\n<meta property=\"og:description\" content=\"Disco de rutura comp\u00f3sito para aplica\u00e7\u00f5es de transporte rodovi\u00e1rio e ferrovi\u00e1rio. Adequado para vag\u00f5es-cisterna, vag\u00f5es ferrovi\u00e1rios e cami\u00f5es-cisterna, concebido para servi\u00e7o c\u00edclico em servi\u00e7o de g\u00e1s e l\u00edquidos.\" \/>\n<meta property=\"og:url\" content=\"https:\/\/www.donadonsdd.com\/pt-pt\/produto\/tcd\/\" \/>\n<meta property=\"og:site_name\" content=\"DonadonSDD Srl\" \/>\n<meta property=\"article:modified_time\" content=\"2026-03-01T01:01:45+00:00\" \/>\n<meta property=\"og:image\" content=\"https:\/\/www.donadonsdd.com\/wp-content\/uploads\/2025\/12\/donadon-74.png\" \/>\n\t<meta property=\"og:image:width\" content=\"1800\" \/>\n\t<meta property=\"og:image:height\" content=\"1201\" \/>\n\t<meta property=\"og:image:type\" content=\"image\/png\" \/>\n<meta name=\"twitter:card\" content=\"summary_large_image\" \/>\n<meta name=\"twitter:label1\" content=\"Tempo estimado de leitura\" \/>\n\t<meta name=\"twitter:data1\" content=\"2 minutos\" \/>\n<script type=\"application\/ld+json\" class=\"yoast-schema-graph\">{\"@context\":\"https:\\\/\\\/schema.org\",\"@graph\":[{\"@type\":\"WebPage\",\"@id\":\"https:\\\/\\\/www.donadonsdd.com\\\/pt-pt\\\/produto\\\/tcd\\\/\",\"url\":\"https:\\\/\\\/www.donadonsdd.com\\\/pt-pt\\\/produto\\\/tcd\\\/\",\"name\":\"Disco de rutura composto para carros-tanque e caminh\u00f5es-tanque - TCD\",\"isPartOf\":{\"@id\":\"https:\\\/\\\/www.donadonsdd.com\\\/pt-pt\\\/#website\"},\"primaryImageOfPage\":{\"@id\":\"https:\\\/\\\/www.donadonsdd.com\\\/pt-pt\\\/produto\\\/tcd\\\/#primaryimage\"},\"image\":{\"@id\":\"https:\\\/\\\/www.donadonsdd.com\\\/pt-pt\\\/produto\\\/tcd\\\/#primaryimage\"},\"thumbnailUrl\":\"https:\\\/\\\/www.donadonsdd.com\\\/wp-content\\\/uploads\\\/2025\\\/12\\\/donadon-74.png\",\"datePublished\":\"2025-12-09T10:46:02+00:00\",\"dateModified\":\"2026-03-01T01:01:45+00:00\",\"description\":\"Disco de rutura comp\u00f3sito para aplica\u00e7\u00f5es de transporte rodovi\u00e1rio e ferrovi\u00e1rio. Adequado para vag\u00f5es-cisterna, vag\u00f5es ferrovi\u00e1rios e cami\u00f5es-cisterna, concebido para servi\u00e7o c\u00edclico em servi\u00e7o de g\u00e1s e l\u00edquidos.\",\"breadcrumb\":{\"@id\":\"https:\\\/\\\/www.donadonsdd.com\\\/pt-pt\\\/produto\\\/tcd\\\/#breadcrumb\"},\"inLanguage\":\"pt-PT\",\"potentialAction\":[{\"@type\":\"ReadAction\",\"target\":[\"https:\\\/\\\/www.donadonsdd.com\\\/pt-pt\\\/produto\\\/tcd\\\/\"]}]},{\"@type\":\"ImageObject\",\"inLanguage\":\"pt-PT\",\"@id\":\"https:\\\/\\\/www.donadonsdd.com\\\/pt-pt\\\/produto\\\/tcd\\\/#primaryimage\",\"url\":\"https:\\\/\\\/www.donadonsdd.com\\\/wp-content\\\/uploads\\\/2025\\\/12\\\/donadon-74.png\",\"contentUrl\":\"https:\\\/\\\/www.donadonsdd.com\\\/wp-content\\\/uploads\\\/2025\\\/12\\\/donadon-74.png\",\"width\":1800,\"height\":1201},{\"@type\":\"BreadcrumbList\",\"@id\":\"https:\\\/\\\/www.donadonsdd.com\\\/pt-pt\\\/produto\\\/tcd\\\/#breadcrumb\",\"itemListElement\":[{\"@type\":\"ListItem\",\"position\":1,\"name\":\"HOMEPAGE\",\"item\":\"https:\\\/\\\/www.donadonsdd.com\\\/pt-pt\\\/\"},{\"@type\":\"ListItem\",\"position\":2,\"name\":\"Discos de rutura TCD &#8211; Dispositivos de seguran\u00e7a fi\u00e1veis para cami\u00f5es cisterna\"}]},{\"@type\":\"WebSite\",\"@id\":\"https:\\\/\\\/www.donadonsdd.com\\\/pt-pt\\\/#website\",\"url\":\"https:\\\/\\\/www.donadonsdd.com\\\/pt-pt\\\/\",\"name\":\"DonadonSDD Srl\",\"description\":\"\",\"publisher\":{\"@id\":\"https:\\\/\\\/www.donadonsdd.com\\\/pt-pt\\\/#organization\"},\"potentialAction\":[{\"@type\":\"SearchAction\",\"target\":{\"@type\":\"EntryPoint\",\"urlTemplate\":\"https:\\\/\\\/www.donadonsdd.com\\\/pt-pt\\\/?s={search_term_string}\"},\"query-input\":{\"@type\":\"PropertyValueSpecification\",\"valueRequired\":true,\"valueName\":\"search_term_string\"}}],\"inLanguage\":\"pt-PT\"},{\"@type\":\"Organization\",\"@id\":\"https:\\\/\\\/www.donadonsdd.com\\\/pt-pt\\\/#organization\",\"name\":\"DonadonSDD Srl\",\"url\":\"https:\\\/\\\/www.donadonsdd.com\\\/pt-pt\\\/\",\"logo\":{\"@type\":\"ImageObject\",\"inLanguage\":\"pt-PT\",\"@id\":\"https:\\\/\\\/www.donadonsdd.com\\\/pt-pt\\\/#\\\/schema\\\/logo\\\/image\\\/\",\"url\":\"https:\\\/\\\/www.donadonsdd.com\\\/wp-content\\\/uploads\\\/2025\\\/11\\\/donadonsdd-logo.png\",\"contentUrl\":\"https:\\\/\\\/www.donadonsdd.com\\\/wp-content\\\/uploads\\\/2025\\\/11\\\/donadonsdd-logo.png\",\"width\":544,\"height\":96,\"caption\":\"DonadonSDD Srl\"},\"image\":{\"@id\":\"https:\\\/\\\/www.donadonsdd.com\\\/pt-pt\\\/#\\\/schema\\\/logo\\\/image\\\/\"}}]}<\/script>\n<!-- \/ Yoast SEO plugin. -->","yoast_head_json":{"title":"Disco de rutura composto para carros-tanque e caminh\u00f5es-tanque - TCD","description":"Disco de rutura comp\u00f3sito para aplica\u00e7\u00f5es de transporte rodovi\u00e1rio e ferrovi\u00e1rio. Adequado para vag\u00f5es-cisterna, vag\u00f5es ferrovi\u00e1rios e cami\u00f5es-cisterna, concebido para servi\u00e7o c\u00edclico em servi\u00e7o de g\u00e1s e l\u00edquidos.","robots":{"index":"index","follow":"follow","max-snippet":"max-snippet:-1","max-image-preview":"max-image-preview:large","max-video-preview":"max-video-preview:-1"},"canonical":"https:\/\/www.donadonsdd.com\/pt-pt\/produto\/tcd\/","og_locale":"pt_PT","og_type":"article","og_title":"Disco de rutura composto para carros-tanque e caminh\u00f5es-tanque - TCD","og_description":"Disco de rutura comp\u00f3sito para aplica\u00e7\u00f5es de transporte rodovi\u00e1rio e ferrovi\u00e1rio. Adequado para vag\u00f5es-cisterna, vag\u00f5es ferrovi\u00e1rios e cami\u00f5es-cisterna, concebido para servi\u00e7o c\u00edclico em servi\u00e7o de g\u00e1s e l\u00edquidos.","og_url":"https:\/\/www.donadonsdd.com\/pt-pt\/produto\/tcd\/","og_site_name":"DonadonSDD Srl","article_modified_time":"2026-03-01T01:01:45+00:00","og_image":[{"width":1800,"height":1201,"url":"https:\/\/www.donadonsdd.com\/wp-content\/uploads\/2025\/12\/donadon-74.png","type":"image\/png"}],"twitter_card":"summary_large_image","twitter_misc":{"Tempo estimado de leitura":"2 minutos"},"schema":{"@context":"https:\/\/schema.org","@graph":[{"@type":"WebPage","@id":"https:\/\/www.donadonsdd.com\/pt-pt\/produto\/tcd\/","url":"https:\/\/www.donadonsdd.com\/pt-pt\/produto\/tcd\/","name":"Disco de rutura composto para carros-tanque e caminh\u00f5es-tanque - TCD","isPartOf":{"@id":"https:\/\/www.donadonsdd.com\/pt-pt\/#website"},"primaryImageOfPage":{"@id":"https:\/\/www.donadonsdd.com\/pt-pt\/produto\/tcd\/#primaryimage"},"image":{"@id":"https:\/\/www.donadonsdd.com\/pt-pt\/produto\/tcd\/#primaryimage"},"thumbnailUrl":"https:\/\/www.donadonsdd.com\/wp-content\/uploads\/2025\/12\/donadon-74.png","datePublished":"2025-12-09T10:46:02+00:00","dateModified":"2026-03-01T01:01:45+00:00","description":"Disco de rutura comp\u00f3sito para aplica\u00e7\u00f5es de transporte rodovi\u00e1rio e ferrovi\u00e1rio. Adequado para vag\u00f5es-cisterna, vag\u00f5es ferrovi\u00e1rios e cami\u00f5es-cisterna, concebido para servi\u00e7o c\u00edclico em servi\u00e7o de g\u00e1s e l\u00edquidos.","breadcrumb":{"@id":"https:\/\/www.donadonsdd.com\/pt-pt\/produto\/tcd\/#breadcrumb"},"inLanguage":"pt-PT","potentialAction":[{"@type":"ReadAction","target":["https:\/\/www.donadonsdd.com\/pt-pt\/produto\/tcd\/"]}]},{"@type":"ImageObject","inLanguage":"pt-PT","@id":"https:\/\/www.donadonsdd.com\/pt-pt\/produto\/tcd\/#primaryimage","url":"https:\/\/www.donadonsdd.com\/wp-content\/uploads\/2025\/12\/donadon-74.png","contentUrl":"https:\/\/www.donadonsdd.com\/wp-content\/uploads\/2025\/12\/donadon-74.png","width":1800,"height":1201},{"@type":"BreadcrumbList","@id":"https:\/\/www.donadonsdd.com\/pt-pt\/produto\/tcd\/#breadcrumb","itemListElement":[{"@type":"ListItem","position":1,"name":"HOMEPAGE","item":"https:\/\/www.donadonsdd.com\/pt-pt\/"},{"@type":"ListItem","position":2,"name":"Discos de rutura TCD &#8211; Dispositivos de seguran\u00e7a fi\u00e1veis para cami\u00f5es cisterna"}]},{"@type":"WebSite","@id":"https:\/\/www.donadonsdd.com\/pt-pt\/#website","url":"https:\/\/www.donadonsdd.com\/pt-pt\/","name":"DonadonSDD Srl","description":"","publisher":{"@id":"https:\/\/www.donadonsdd.com\/pt-pt\/#organization"},"potentialAction":[{"@type":"SearchAction","target":{"@type":"EntryPoint","urlTemplate":"https:\/\/www.donadonsdd.com\/pt-pt\/?s={search_term_string}"},"query-input":{"@type":"PropertyValueSpecification","valueRequired":true,"valueName":"search_term_string"}}],"inLanguage":"pt-PT"},{"@type":"Organization","@id":"https:\/\/www.donadonsdd.com\/pt-pt\/#organization","name":"DonadonSDD Srl","url":"https:\/\/www.donadonsdd.com\/pt-pt\/","logo":{"@type":"ImageObject","inLanguage":"pt-PT","@id":"https:\/\/www.donadonsdd.com\/pt-pt\/#\/schema\/logo\/image\/","url":"https:\/\/www.donadonsdd.com\/wp-content\/uploads\/2025\/11\/donadonsdd-logo.png","contentUrl":"https:\/\/www.donadonsdd.com\/wp-content\/uploads\/2025\/11\/donadonsdd-logo.png","width":544,"height":96,"caption":"DonadonSDD Srl"},"image":{"@id":"https:\/\/www.donadonsdd.com\/pt-pt\/#\/schema\/logo\/image\/"}}]}},"toolset-meta":{"toolset-woocommerce-fields":{"_download_limit":{"type":"numeric","raw":""},"_virtual":{"type":"checkbox","raw":""},"_downloadable":{"type":"checkbox","raw":""},"_download_expiry":{"type":"numeric","raw":""},"_download_type":{"type":"radio","raw":""},"_regular_price":{"type":"numeric","raw":""},"_sale_price":{"type":"numeric","raw":""},"_sale_price_dates_from":{"type":"date","raw":"","formatted":null},"_sale_price_dates_to":{"type":"date","raw":"","formatted":null},"_sku":{"type":"textfield","raw":""},"_manage_stock":{"type":"checkbox","raw":""},"_stock_status":{"type":"radio","raw":""},"_stock":{"type":"numeric","raw":""},"_backorders":{"type":"radio","raw":""},"_sold_individually":{"type":"checkbox","raw":""},"_width":{"type":"numeric","raw":""},"_weight":{"type":"numeric","raw":""},"_length":{"type":"numeric","raw":""},"_purchase_note":{"type":"textarea","raw":""}},"infografica":{"operation-ratio":{"type":"textfield","raw":"at\u00e9 80%"},"non-fragmenting":{"type":"textfield","raw":"sim (apenas membrana)"},"vacumm-resistant":{"type":"textfield","raw":"sim, suporte de v\u00e1cuo necess\u00e1rio"},"sanitary":{"type":"textfield","raw":"n\u00e3o"},"liquid":{"type":"textfield","raw":"sim"},"vapor-gas":{"type":"textfield","raw":"sim"},"ferrules":{"type":"textfield","raw":""}},"dettagli-prodotto":{"immagini-prodotto":{"type":"image","raw":["https:\/\/www.donadonsdd.com\/wp-content\/uploads\/2025\/12\/donadon-74_result.webp","https:\/\/www.donadonsdd.com\/wp-content\/uploads\/2025\/12\/donadon-75_result.webp"],"repeatable":[{"raw":"https:\/\/www.donadonsdd.com\/wp-content\/uploads\/2025\/12\/donadon-74_result.webp","attachment_id":6481},{"raw":"https:\/\/www.donadonsdd.com\/wp-content\/uploads\/2025\/12\/donadon-75_result.webp","attachment_id":6482}]},"tabella-specifiche":{"type":"wysiwyg","raw":"<p class=\"p1\">MODEL|TCD;\nMATERIAIS|A\u00e7o inoxid\u00e1vel;\nMEMBRANA DE VEDA\u00c7\u00c3O|Dispon\u00edvel em PTFE ou PFA;\nDIMENS\u00d5ES|De DN50 (2 polegadas) a DN80 (3 polegadas);\nPRESS\u00c3O DE RUPTURA|0,45 - 8 bar g (dependendo do tamanho e do material);\nTOLER\u00c2NCIA|de +\/- 5 % a +\/- 10%;\nTEMPERATURA DE FUNCIONAMENTO|m\u00e1x 260\u00b0C (membrana em PTFE ou PFA);\nFRAGMENTA\u00c7\u00c3O|N\u00e3o (apenas membrana);\nMARGEM DE FUNCIONAMENTO|Pode atingir at\u00e9 80% dependendo das condi\u00e7\u00f5es de servi\u00e7o..;\nRESIST\u00caNCIA \u00c0 PRESS\u00c3O DE V\u00c1CUO|Sim, suporte de v\u00e1cuo necess\u00e1rio;\nRESIST\u00caNCIA \u00c0 CORROS\u00c3O|Muito bom;\nRevestimentos|Dispon\u00edveis em PTFE e PFA;\nINSTALA\u00c7\u00c3O|Diretamente entre flanges;\nSENSOR DE RUPTURA|<a href=\"https:\/\/www.donadonsdd.com\/pt-pt\/produtos\/sensores-de-ruptura\/eletrico\/\">El\u00e9trico<\/a>, <a href=\"https:\/\/www.donadonsdd.com\/pt-pt\/produtos\/sensores-de-ruptura\/magnetico\/\">Magn\u00e9tico<\/a>, <a href=\"https:\/\/www.donadonsdd.com\/pt-pt\/produtos\/sensores-de-ruptura\/indutivo\/\">Indutivo<\/a>, <a href=\"https:\/\/www.donadonsdd.com\/pt-pt\/produtos\/sensores-de-ruptura\/fibra-otica\/\">\u00d3tica<\/a>;<\/p>"}}},"_links":{"self":[{"href":"https:\/\/www.donadonsdd.com\/pt-pt\/wp-json\/wp\/v2\/product\/6479","targetHints":{"allow":["GET"]}}],"collection":[{"href":"https:\/\/www.donadonsdd.com\/pt-pt\/wp-json\/wp\/v2\/product"}],"about":[{"href":"https:\/\/www.donadonsdd.com\/pt-pt\/wp-json\/wp\/v2\/types\/product"}],"wp:featuredmedia":[{"embeddable":true,"href":"https:\/\/www.donadonsdd.com\/pt-pt\/wp-json\/wp\/v2\/media\/10344"}],"wp:attachment":[{"href":"https:\/\/www.donadonsdd.com\/pt-pt\/wp-json\/wp\/v2\/media?parent=6479"}],"wp:term":[{"taxonomy":"categoria_prodotto","embeddable":true,"href":"https:\/\/www.donadonsdd.com\/pt-pt\/wp-json\/wp\/v2\/categoria_prodotto?post=6479"}],"curies":[{"name":"wp","href":"https:\/\/api.w.org\/{rel}","templated":true}]}}